{"id":4723,"date":"2020-10-13T13:21:44","date_gmt":"2020-10-13T10:21:44","guid":{"rendered":"https:\/\/radis.ee\/verkaufsbedingungenaa\/"},"modified":"2021-01-12T15:09:57","modified_gmt":"2021-01-12T13:09:57","slug":"verkaufsbedingungenaa","status":"publish","type":"page","link":"https:\/\/radis.ee\/de\/verkaufsbedingungenaa\/","title":{"rendered":"Verkaufsbedingungenaa"},"content":{"rendered":"<p>Eigent\u00fcmer des Webshops RADIS.EE (im Folgenden Webshop) ist die Radis O\u00dc (der Registercode 12019984), mit Sitz in 13522 Tallinn, Vaalu 10, Estland.<\/p>\n<h2>G\u00fcltigkeit des Kaufvertrags, Informationen zu Waren und Preisen<\/h2>\n<p>Die Verkaufsbedingungen gelten beim Kauf von Waren im Webshop. Die Preise der Ware im Webshop sind bei den Produkten angegeben. Die Preise sind in Euro angegeben. Bestellt der Kunde auch eine Lieferung, kommt zum Preis eine Geb\u00fchr f\u00fcr die Lieferung hinzu, welche vom Standort des Kunden und von der Art der Zustellung abh\u00e4ngig ist. Die Liefergeb\u00fchr wird dem Kunden beim Abschluss der Bestellung angezeigt. Angaben zur Ware finden sich im Webshop unmittelbar bei der Ware.<\/p>\n<h2>Ausf\u00fchrung der Bestellung<\/h2>\n<p>Zur Bestellung von Ware sind die gew\u00fcnschten Produkte im Einkaufskorb abzulegen. Zum Abschluss der Bestellung sind die Pflichtfelder auszuf\u00fcllen und falls gew\u00fcnscht die geeignete Zustellungsart anzugeben &#8211; Kreditkarte oder Paypal. Die Zahlungsmethoden werden von Maksekeskus AS bereitgestellt. Danach wird am Bildschirm die H\u00f6he der zu zahlenden Summe angezeigt, welche dann \u00fcber Onlinebanking oder eine andere Zahlungsweise bezahlt werden kann. Der Vertrag tritt mit Eingang der zu zahlenden Summe auf dem Konto des Webshops in Kraft. Kann die bestellte Ware mangels Verf\u00fcgbarkeit oder aus einem anderen Grund nicht geliefert werden, wird der Kunde bei erster Gelegenheit davon in Kenntnis gesetzt und das gezahlte Geld (einschlie\u00dflich der Liefergeb\u00fchr) unverz\u00fcglich, jedoch nicht sp\u00e4ter als 14 Tage nach Absenden der Benachrichtigung zur\u00fcckerstattet.<\/p>\n<h2>Lieferung<\/h2>\n<p>Die Ware wird in alle europ\u00e4ischen L\u00e4nder geliefert mit Dachser. Die Kosten f\u00fcr die Lieferung der Ware tr\u00e4gt der K\u00e4ufer und entsprechende Preisinformationen sind bei den Angaben zur Lieferweise ersichtlich. Die Bestellungen werden ausgef\u00fchrt und die Sendungen erreichen den K\u00e4ufer im Normalfall innerhalb von 4 Wochen nach Inkrafttreten des Kaufvertrages. Der Kurier ruft Sie immer vorher an, um die Versandzeit zu vereinbaren.<\/p>\n<p>Radis-M\u00f6bel werden in flachen Verpackungsboxen von der vertrauensw\u00fcrdigen Lieferfirma Dachser direkt an Ihre Haust\u00fcr geliefert.<\/p>\n<h2>Widerrufsrecht<\/h2>\n<p>Verbraucher haben ein vierzehnt\u00e4giges Widerrufsrecht.<\/p>\n<p><strong>Widerrufsrecht<\/strong><\/p>\n<p>Sie haben das Recht, binnen vierzehn Tagen ohne Angabe von Gr\u00fcnden diesen Vertrag zu widerrufen.<\/p>\n<p>Die Widerrufsfrist betr\u00e4gt vierzehn Tage ab dem Tag, an dem Sie oder ein von Ihnen benannter Dritter, der nicht der Bef\u00f6rderer ist, die letzte Ware in Besitz genommen haben bzw. hat.<\/p>\n<p>Um Ihr Widerrufsrecht auszu\u00fcben, m\u00fcssen Sie uns (Radis O\u00dc, Vaalu 10, Tallinn, 13522, Estland, info@radis.ee,\u00a0 +372 5558 5656) mittels einer eindeutigen Erkl\u00e4rung (z. B. ein mit der Post versandter Brief, Telefax oder E-Mail) \u00fcber Ihren Entschluss, diesen Vertrag zu widerrufen, informieren. Sie k\u00f6nnen daf\u00fcr das beigef\u00fcgte Muster-Widerrufsformular verwenden, das jedoch nicht vorgeschrieben ist.<\/p>\n<p>Zur Wahrung der Widerrufsfrist reicht es aus, dass Sie die Mitteilung \u00fcber die Aus\u00fcbung des Widerrufsrechts vor Ablauf der Widerrufsfrist absenden.<\/p>\n<p><strong>Folgen des Widerrufs<\/strong><\/p>\n<p>Wenn Sie diesen Vertrag widerrufen, haben wir Ihnen alle Zahlungen, die wir von Ihnen erhalten haben, einschlie\u00dflich der Lieferkosten (mit Ausnahme der zus\u00e4tzlichen Kosten, die sich daraus ergeben, dass Sie eine andere Art der Lieferung als die von uns angebotene, g\u00fcnstigste Standardlieferung gew\u00e4hlt haben), unverz\u00fcglich und sp\u00e4testens binnen vierzehn Tagen ab dem Tag zur\u00fcckzuzahlen, an dem die Mitteilung \u00fcber Ihren Widerruf dieses Vertrags bei uns eingegangen ist. F\u00fcr diese R\u00fcckzahlung verwenden wir dasselbe Zahlungsmittel, das Sie bei der urspr\u00fcnglichen Transaktion eingesetzt haben, es sei denn, mit Ihnen wurde ausdr\u00fccklich etwas anderes vereinbart; in keinem Fall werden Ihnen wegen dieser R\u00fcckzahlung Entgelte berechnet. Wir k\u00f6nnen die R\u00fcckzahlung verweigern, bis wir die Waren wieder zur\u00fcckerhalten haben oder bis Sie den Nachweis erbracht haben, dass Sie die Waren zur\u00fcckgesandt haben, je nachdem, welches der fr\u00fchere Zeitpunkt ist.<\/p>\n<p>Sie haben die Waren unverz\u00fcglich und in jedem Fall sp\u00e4testens binnen vierzehn Tagen ab dem Tag, an dem Sie uns \u00fcber den Widerruf dieses Vertrags unterrichten, an uns zur\u00fcckzusenden oder zu \u00fcbergeben. Die Frist ist gewahrt, wenn Sie die Waren vor Ablauf der Frist von vierzehn Tagen absenden. Wir tragen die Kosten der R\u00fccksendung der Waren. Sie m\u00fcssen f\u00fcr einen etwaigen Wertverlust der Waren nur aufkommen, wenn dieser Wertverlust auf einen zur Pr\u00fcfung der Beschaffenheit, Eigenschaften und Funktionsweise der Waren nicht notwendigen Umgang mit ihnen zur\u00fcckzuf\u00fchren ist.<\/p>\n<p>Das Widerrufsrecht besteht nicht bei den folgenden Vertr\u00e4gen:<br \/>\nVertr\u00e4ge zur Lieferung versiegelter Waren, die aus Gr\u00fcnden des Gesundheitsschutzes oder der Hygiene nicht zur R\u00fcckgabe geeignet sind, wenn ihre Versiegelung nach der Lieferung entfernt wurde.<\/p>\n<h2>Recht auf Reklamation<\/h2>\n<p>Der Webshop ist verantwortlich, falls die dem K\u00e4ufer verkaufte Ware nicht den Vertragsbedingungen entspricht oder M\u00e4ngel aufweist, welche bereits bei \u00dcbergabe der Ware vorhanden waren und die innerhalb von zwei Jahren ab \u00dcbergabe der Ware an den K\u00e4ufer zutage treten. Innerhalb von sechs Monaten nach \u00dcbergabe der Ware an den K\u00e4ufer wir davon ausgegangen, dass der Mangel bereits zum Zeitpunkt der \u00dcbergabe bestand. Diese Voraussetzung zu widerlegen f\u00e4llt unter die Pflichten des Webshops. Der K\u00e4ufer hat das Recht bei Auftreten eines Mangels sich sp\u00e4testens im Laufe von zwei Monaten per E-Mail unter der Adresse info@radis.ee oder telefonisch unter +37255585656 an den Webshop zu wenden.<\/p>\n<p>Der Webshop tr\u00e4gt keine Verantwortung f\u00fcr M\u00e4ngel, welche nach \u00dcbergabe der Ware an den K\u00e4ufer entstehen. Zeigt die im Webshop erworbene Ware M\u00e4ngel, f\u00fcr die der Webshop verantwortlich ist, so repariert oder ersetzt der Webshop die mangelhafte Ware. Ist die Ware nicht zu reparieren oder zu ersetzen, so erstattet der Webshop dem K\u00e4ufer s\u00e4mtliche mit dem Kaufvertrag verbundenen Kosten. Der Webshop antwortet dem K\u00e4ufer auf dessen Reklamation schriftlich oder in einer schriftlich reproduzierbaren Form innerhalb von 15 Tagen.<\/p>\n<h2>Direktmarketing und Verarbeitung pers\u00f6nlicher Daten<\/h2>\n<p>Der Webshop verwendet die seitens des K\u00e4ufers eingegebenen pers\u00f6nlichen Daten (darunter Name, Telefonnummer, Adresse, E-Mail-Adresse, Bankverbindung) ausschlie\u00dflich zur Bearbeitung der Bestellung und zur Lieferung der Ware an den Kunden. Der Webshop leitet pers\u00f6nliche Daten an das Transportunternehmen weiter, um eine Auslieferung der Ware zu erm\u00f6glichen.<\/p>\n<p>Der Webshop sendet dem K\u00e4ufer Newsletter und Angebote an dessen E-Mail-Adresse nur, falls dieser den Wunsch dazu ge\u00e4u\u00dfert hat, indem er auf der Internetseite seine E-Mail-Adresse angegeben und seinen Wunsch nach Erhalt von Direktsendungen mitgeteilt hat. Der K\u00e4ufer hat jederzeit das Recht auf Angebote und Newsletter an seine E-Mail-Adresse zu verzichten, indem er dies per E-Mail mitteilt oder die in den Angebote enthaltenden E-Mails befindlichen Anweisungen befolgt.<\/p>\n<h2>Schlichtungen<\/h2>\n<p>Hat der K\u00e4ufer Reklamationen gegen\u00fcber dem Webshop, so sind diese per E-Mail an die Adresse info@radis.ee oder telefonisch \u00fcber +37255585656 mitzuteilen. K\u00f6nnen K\u00e4ufer und Webshop Streitigkeiten nicht durch \u00dcbereinkunft l\u00f6sen, so hat der K\u00e4ufer das Recht sich an die Verbraucherschutzkommission zu wenden.<\/p>\n<p>Die Verfahrensbedingungen sind <a href=\"http:\/\/www.komisjon.ee\/\" target=\"_blank\" rel=\"noopener noreferrer\">hier<\/a> einzusehen, an gleicher Stelle kann auch ein Antrag gestellt werden. In die Zust\u00e4ndigkeit der Verbraucherschutzkommission fallen Streitigkeiten, welche sich aus dem zwischen K\u00e4ufer und Webshop geschlossenen Vertrag ergeben. Die Durchsicht einer Beschwerde des K\u00e4ufers ist kostenlos. Der K\u00e4ufer kann sich ebenso an <a href=\"http:\/\/ec.europa.eu\/consumers\/odr\/\" target=\"_blank\" rel=\"noopener noreferrer\">das Portal zur Online-Streitbeilegung<\/a> der Europ\u00e4ischen Union wenden.<\/p>\n","protected":false},"excerpt":{"rendered":"<p>Eigent\u00fcmer des Webshops RADIS.EE (im Folgenden Webshop) ist die Radis O\u00dc (der Registercode 12019984), mit Sitz in 13522 Tallinn, Vaalu 10, Estland. G\u00fcltigkeit des Kaufvertrags, Informationen zu Waren und Preisen Die Verkaufsbedingungen gelten beim Kauf von Waren im Webshop. Die Preise der Ware im Webshop sind bei den Produkten angegeben. Die Preise sind in Euro&#8230;<\/p>\n","protected":false},"author":1,"featured_media":0,"parent":0,"menu_order":0,"comment_status":"closed","ping_status":"closed","template":"","meta":{"_acf_changed":false,"footnotes":""},"class_list":["post-4723","page","type-page","status-publish","hentry"],"acf":[],"yoast_head":"<!-- This site is optimized with the Yoast SEO plugin v27.4 - https:\/\/yoast.com\/product\/yoast-seo-wordpress\/ -->\n<title>Verkaufsbedingungenaa - Radis<\/title>\n<meta name=\"robots\" content=\"index, follow, max-snippet:-1, max-image-preview:large, max-video-preview:-1\" \/>\n<link rel=\"canonical\" href=\"https:\/\/radis.ee\/de\/verkaufsbedingungenaa\/\" \/>\n<meta property=\"og:locale\" content=\"de_DE\" \/>\n<meta property=\"og:type\" content=\"article\" \/>\n<meta property=\"og:title\" content=\"Verkaufsbedingungenaa - Radis\" \/>\n<meta property=\"og:description\" content=\"Eigent\u00fcmer des Webshops RADIS.EE (im Folgenden Webshop) ist die Radis O\u00dc (der Registercode 12019984), mit Sitz in 13522 Tallinn, Vaalu 10, Estland. G\u00fcltigkeit des Kaufvertrags, Informationen zu Waren und Preisen Die Verkaufsbedingungen gelten beim Kauf von Waren im Webshop. Die Preise der Ware im Webshop sind bei den Produkten angegeben. Die Preise sind in Euro...\" \/>\n<meta property=\"og:url\" content=\"https:\/\/radis.ee\/de\/verkaufsbedingungenaa\/\" \/>\n<meta property=\"og:site_name\" content=\"Radis\" \/>\n<meta property=\"article:publisher\" content=\"https:\/\/www.facebook.com\/radisfurniture\/\" \/>\n<meta property=\"article:modified_time\" content=\"2021-01-12T13:09:57+00:00\" \/>\n<meta name=\"twitter:card\" content=\"summary_large_image\" \/>\n<meta name=\"twitter:label1\" content=\"Gesch\u00e4tzte Lesezeit\" \/>\n\t<meta name=\"twitter:data1\" content=\"6\u00a0Minuten\" \/>\n<script type=\"application\/ld+json\" class=\"yoast-schema-graph\">{\"@context\":\"https:\\\/\\\/schema.org\",\"@graph\":[{\"@type\":\"WebPage\",\"@id\":\"https:\\\/\\\/radis.ee\\\/de\\\/verkaufsbedingungenaa\\\/\",\"url\":\"https:\\\/\\\/radis.ee\\\/de\\\/verkaufsbedingungenaa\\\/\",\"name\":\"Verkaufsbedingungenaa - Radis\",\"isPartOf\":{\"@id\":\"https:\\\/\\\/radis.ee\\\/#website\"},\"datePublished\":\"2020-10-13T10:21:44+00:00\",\"dateModified\":\"2021-01-12T13:09:57+00:00\",\"breadcrumb\":{\"@id\":\"https:\\\/\\\/radis.ee\\\/de\\\/verkaufsbedingungenaa\\\/#breadcrumb\"},\"inLanguage\":\"de\",\"potentialAction\":[{\"@type\":\"ReadAction\",\"target\":[\"https:\\\/\\\/radis.ee\\\/de\\\/verkaufsbedingungenaa\\\/\"]}]},{\"@type\":\"BreadcrumbList\",\"@id\":\"https:\\\/\\\/radis.ee\\\/de\\\/verkaufsbedingungenaa\\\/#breadcrumb\",\"itemListElement\":[{\"@type\":\"ListItem\",\"position\":1,\"name\":\"Home\",\"item\":\"https:\\\/\\\/radis.ee\\\/\"},{\"@type\":\"ListItem\",\"position\":2,\"name\":\"Verkaufsbedingungenaa\"}]},{\"@type\":\"WebSite\",\"@id\":\"https:\\\/\\\/radis.ee\\\/#website\",\"url\":\"https:\\\/\\\/radis.ee\\\/\",\"name\":\"Radis\",\"description\":\"Nordic design furniture, environmentally friendly and sustainable.\",\"publisher\":{\"@id\":\"https:\\\/\\\/radis.ee\\\/#organization\"},\"potentialAction\":[{\"@type\":\"SearchAction\",\"target\":{\"@type\":\"EntryPoint\",\"urlTemplate\":\"https:\\\/\\\/radis.ee\\\/?s={search_term_string}\"},\"query-input\":{\"@type\":\"PropertyValueSpecification\",\"valueRequired\":true,\"valueName\":\"search_term_string\"}}],\"inLanguage\":\"de\"},{\"@type\":\"Organization\",\"@id\":\"https:\\\/\\\/radis.ee\\\/#organization\",\"name\":\"Radis O\u00dc\",\"url\":\"https:\\\/\\\/radis.ee\\\/\",\"logo\":{\"@type\":\"ImageObject\",\"inLanguage\":\"de\",\"@id\":\"https:\\\/\\\/radis.ee\\\/#\\\/schema\\\/logo\\\/image\\\/\",\"url\":\"https:\\\/\\\/radis.ee\\\/wp-content\\\/uploads\\\/2020\\\/10\\\/Radis-logo.png\",\"contentUrl\":\"https:\\\/\\\/radis.ee\\\/wp-content\\\/uploads\\\/2020\\\/10\\\/Radis-logo.png\",\"width\":300,\"height\":63,\"caption\":\"Radis O\u00dc\"},\"image\":{\"@id\":\"https:\\\/\\\/radis.ee\\\/#\\\/schema\\\/logo\\\/image\\\/\"},\"sameAs\":[\"https:\\\/\\\/www.facebook.com\\\/radisfurniture\\\/\"]}]}<\/script>\n<!-- \/ Yoast SEO plugin. -->","yoast_head_json":{"title":"Verkaufsbedingungenaa - Radis","robots":{"index":"index","follow":"follow","max-snippet":"max-snippet:-1","max-image-preview":"max-image-preview:large","max-video-preview":"max-video-preview:-1"},"canonical":"https:\/\/radis.ee\/de\/verkaufsbedingungenaa\/","og_locale":"de_DE","og_type":"article","og_title":"Verkaufsbedingungenaa - Radis","og_description":"Eigent\u00fcmer des Webshops RADIS.EE (im Folgenden Webshop) ist die Radis O\u00dc (der Registercode 12019984), mit Sitz in 13522 Tallinn, Vaalu 10, Estland. G\u00fcltigkeit des Kaufvertrags, Informationen zu Waren und Preisen Die Verkaufsbedingungen gelten beim Kauf von Waren im Webshop. Die Preise der Ware im Webshop sind bei den Produkten angegeben. Die Preise sind in Euro...","og_url":"https:\/\/radis.ee\/de\/verkaufsbedingungenaa\/","og_site_name":"Radis","article_publisher":"https:\/\/www.facebook.com\/radisfurniture\/","article_modified_time":"2021-01-12T13:09:57+00:00","twitter_card":"summary_large_image","twitter_misc":{"Gesch\u00e4tzte Lesezeit":"6\u00a0Minuten"},"schema":{"@context":"https:\/\/schema.org","@graph":[{"@type":"WebPage","@id":"https:\/\/radis.ee\/de\/verkaufsbedingungenaa\/","url":"https:\/\/radis.ee\/de\/verkaufsbedingungenaa\/","name":"Verkaufsbedingungenaa - Radis","isPartOf":{"@id":"https:\/\/radis.ee\/#website"},"datePublished":"2020-10-13T10:21:44+00:00","dateModified":"2021-01-12T13:09:57+00:00","breadcrumb":{"@id":"https:\/\/radis.ee\/de\/verkaufsbedingungenaa\/#breadcrumb"},"inLanguage":"de","potentialAction":[{"@type":"ReadAction","target":["https:\/\/radis.ee\/de\/verkaufsbedingungenaa\/"]}]},{"@type":"BreadcrumbList","@id":"https:\/\/radis.ee\/de\/verkaufsbedingungenaa\/#breadcrumb","itemListElement":[{"@type":"ListItem","position":1,"name":"Home","item":"https:\/\/radis.ee\/"},{"@type":"ListItem","position":2,"name":"Verkaufsbedingungenaa"}]},{"@type":"WebSite","@id":"https:\/\/radis.ee\/#website","url":"https:\/\/radis.ee\/","name":"Radis","description":"Nordic design furniture, environmentally friendly and sustainable.","publisher":{"@id":"https:\/\/radis.ee\/#organization"},"potentialAction":[{"@type":"SearchAction","target":{"@type":"EntryPoint","urlTemplate":"https:\/\/radis.ee\/?s={search_term_string}"},"query-input":{"@type":"PropertyValueSpecification","valueRequired":true,"valueName":"search_term_string"}}],"inLanguage":"de"},{"@type":"Organization","@id":"https:\/\/radis.ee\/#organization","name":"Radis O\u00dc","url":"https:\/\/radis.ee\/","logo":{"@type":"ImageObject","inLanguage":"de","@id":"https:\/\/radis.ee\/#\/schema\/logo\/image\/","url":"https:\/\/radis.ee\/wp-content\/uploads\/2020\/10\/Radis-logo.png","contentUrl":"https:\/\/radis.ee\/wp-content\/uploads\/2020\/10\/Radis-logo.png","width":300,"height":63,"caption":"Radis O\u00dc"},"image":{"@id":"https:\/\/radis.ee\/#\/schema\/logo\/image\/"},"sameAs":["https:\/\/www.facebook.com\/radisfurniture\/"]}]}},"_links":{"self":[{"href":"https:\/\/radis.ee\/de\/wp-json\/wp\/v2\/pages\/4723","targetHints":{"allow":["GET"]}}],"collection":[{"href":"https:\/\/radis.ee\/de\/wp-json\/wp\/v2\/pages"}],"about":[{"href":"https:\/\/radis.ee\/de\/wp-json\/wp\/v2\/types\/page"}],"author":[{"embeddable":true,"href":"https:\/\/radis.ee\/de\/wp-json\/wp\/v2\/users\/1"}],"replies":[{"embeddable":true,"href":"https:\/\/radis.ee\/de\/wp-json\/wp\/v2\/comments?post=4723"}],"version-history":[{"count":0,"href":"https:\/\/radis.ee\/de\/wp-json\/wp\/v2\/pages\/4723\/revisions"}],"wp:attachment":[{"href":"https:\/\/radis.ee\/de\/wp-json\/wp\/v2\/media?parent=4723"}],"curies":[{"name":"wp","href":"https:\/\/api.w.org\/{rel}","templated":true}]}}