{"id":5011,"date":"2020-10-15T16:56:27","date_gmt":"2020-10-15T13:56:27","guid":{"rendered":"https:\/\/radis.ee\/versand-und-lieferung\/"},"modified":"2021-01-06T12:23:20","modified_gmt":"2021-01-06T10:23:20","slug":"versand-und-lieferung","status":"publish","type":"page","link":"https:\/\/radis.ee\/de\/versand-und-lieferung\/","title":{"rendered":"Versand und Lieferung"},"content":{"rendered":"<h2>1. Wie viel kostet der Versand?<\/h2>\n<p>In Europa ist der Versand absolut kostenlos. Wenn Sie sich in einem anderen Land befinden, wenden Sie sich bitte an den Kundendienst, um einen Kostenvoranschlag f\u00fcr den Versand zu erhalten.<\/p>\n<h2>2. Wie werden Radis M\u00f6bel geliefert?<\/h2>\n<p>Radis-M\u00f6bel werden in flachen Verpackungsboxen von der vertrauensw\u00fcrdigen Lieferfirma Dachser direkt an Ihre Haust\u00fcr geliefert.<\/p>\n<h2>3. In welche L\u00e4nder bieten wir kostenlosen Versand an?<\/h2>\n<p>Wir bieten kostenlosen Versand nach: \u00d6sterreich, Belgien, Bulgarien, Kroatien, Tschechien, D\u00e4nemark, Estland, Finnland, Frankreich, Deutschland, Griechenland, Ungarn, Irland, Italien, Lettland, Litauen, Luxemburg, den Niederlanden, Norwegen, Polen, Portugal, Rum\u00e4nien , Slowakei, Slowenien, Spanien, Schweden, Schweiz und Vereinigtes K\u00f6nigreich.<\/p>\n<p>Wir k\u00f6nnen auch weltweit versenden und unterbreiten Ihnen gerne ein Angebot f\u00fcr den Versand in Ihr Land.<\/p>\n<h2>4. Wie lange dauert die Lieferung?<\/h2>\n<p>Die Lieferzeit f\u00fcr Radis-M\u00f6bel betr\u00e4gt bis zu 4 Wochen. Dies h\u00e4ngt jedoch von unserer Produktionskapazit\u00e4t und dem Lagerbestand ab.<\/p>\n<h2>5.\u00a0Woher wissen Sie, wann Ihre Bestellung geliefert wird?<\/h2>\n<p>Wir werden Sie per E-Mail benachrichtigen, wenn wir Ihre bestellten M\u00f6bel aus unserer Fabrik geliefert haben. Wir senden auch den Tracking-Link, damit Sie den Status der Lieferung \u00fcberpr\u00fcfen k\u00f6nnen. Die Reederei ruft Sie auch vorher an, um die Lieferzeit zu vereinbaren.<\/p>\n","protected":false},"excerpt":{"rendered":"<p>1. Wie viel kostet der Versand? In Europa ist der Versand absolut kostenlos. Wenn Sie sich in einem anderen Land befinden, wenden Sie sich bitte an den Kundendienst, um einen Kostenvoranschlag f\u00fcr den Versand zu erhalten. 2. Wie werden Radis M\u00f6bel geliefert? Radis-M\u00f6bel werden in flachen Verpackungsboxen von der vertrauensw\u00fcrdigen Lieferfirma Dachser direkt an Ihre&#8230;<\/p>\n","protected":false},"author":1,"featured_media":0,"parent":0,"menu_order":0,"comment_status":"closed","ping_status":"closed","template":"","meta":{"_acf_changed":false,"footnotes":""},"class_list":["post-5011","page","type-page","status-publish","hentry"],"acf":[],"yoast_head":"<!-- This site is optimized with the Yoast SEO plugin v27.4 - https:\/\/yoast.com\/product\/yoast-seo-wordpress\/ -->\n<title>Versand und Lieferung - Radis<\/title>\n<meta name=\"robots\" content=\"index, follow, max-snippet:-1, max-image-preview:large, max-video-preview:-1\" \/>\n<link rel=\"canonical\" href=\"https:\/\/radis.ee\/de\/versand-und-lieferung\/\" \/>\n<meta property=\"og:locale\" content=\"de_DE\" \/>\n<meta property=\"og:type\" content=\"article\" \/>\n<meta property=\"og:title\" content=\"Versand und Lieferung - Radis\" \/>\n<meta property=\"og:description\" content=\"1. Wie viel kostet der Versand? In Europa ist der Versand absolut kostenlos. Wenn Sie sich in einem anderen Land befinden, wenden Sie sich bitte an den Kundendienst, um einen Kostenvoranschlag f\u00fcr den Versand zu erhalten. 2. Wie werden Radis M\u00f6bel geliefert? Radis-M\u00f6bel werden in flachen Verpackungsboxen von der vertrauensw\u00fcrdigen Lieferfirma Dachser direkt an Ihre...\" \/>\n<meta property=\"og:url\" content=\"https:\/\/radis.ee\/de\/versand-und-lieferung\/\" \/>\n<meta property=\"og:site_name\" content=\"Radis\" \/>\n<meta property=\"article:publisher\" content=\"https:\/\/www.facebook.com\/radisfurniture\/\" \/>\n<meta property=\"article:modified_time\" content=\"2021-01-06T10:23:20+00:00\" \/>\n<meta name=\"twitter:card\" content=\"summary_large_image\" \/>\n<meta name=\"twitter:label1\" content=\"Gesch\u00e4tzte Lesezeit\" \/>\n\t<meta name=\"twitter:data1\" content=\"1\u00a0Minute\" \/>\n<script type=\"application\/ld+json\" class=\"yoast-schema-graph\">{\"@context\":\"https:\\\/\\\/schema.org\",\"@graph\":[{\"@type\":\"WebPage\",\"@id\":\"https:\\\/\\\/radis.ee\\\/de\\\/versand-und-lieferung\\\/\",\"url\":\"https:\\\/\\\/radis.ee\\\/de\\\/versand-und-lieferung\\\/\",\"name\":\"Versand und Lieferung - Radis\",\"isPartOf\":{\"@id\":\"https:\\\/\\\/radis.ee\\\/#website\"},\"datePublished\":\"2020-10-15T13:56:27+00:00\",\"dateModified\":\"2021-01-06T10:23:20+00:00\",\"breadcrumb\":{\"@id\":\"https:\\\/\\\/radis.ee\\\/de\\\/versand-und-lieferung\\\/#breadcrumb\"},\"inLanguage\":\"de\",\"potentialAction\":[{\"@type\":\"ReadAction\",\"target\":[\"https:\\\/\\\/radis.ee\\\/de\\\/versand-und-lieferung\\\/\"]}]},{\"@type\":\"BreadcrumbList\",\"@id\":\"https:\\\/\\\/radis.ee\\\/de\\\/versand-und-lieferung\\\/#breadcrumb\",\"itemListElement\":[{\"@type\":\"ListItem\",\"position\":1,\"name\":\"Home\",\"item\":\"https:\\\/\\\/radis.ee\\\/\"},{\"@type\":\"ListItem\",\"position\":2,\"name\":\"Versand und Lieferung\"}]},{\"@type\":\"WebSite\",\"@id\":\"https:\\\/\\\/radis.ee\\\/#website\",\"url\":\"https:\\\/\\\/radis.ee\\\/\",\"name\":\"Radis\",\"description\":\"Nordic design furniture, environmentally friendly and sustainable.\",\"publisher\":{\"@id\":\"https:\\\/\\\/radis.ee\\\/#organization\"},\"potentialAction\":[{\"@type\":\"SearchAction\",\"target\":{\"@type\":\"EntryPoint\",\"urlTemplate\":\"https:\\\/\\\/radis.ee\\\/?s={search_term_string}\"},\"query-input\":{\"@type\":\"PropertyValueSpecification\",\"valueRequired\":true,\"valueName\":\"search_term_string\"}}],\"inLanguage\":\"de\"},{\"@type\":\"Organization\",\"@id\":\"https:\\\/\\\/radis.ee\\\/#organization\",\"name\":\"Radis O\u00dc\",\"url\":\"https:\\\/\\\/radis.ee\\\/\",\"logo\":{\"@type\":\"ImageObject\",\"inLanguage\":\"de\",\"@id\":\"https:\\\/\\\/radis.ee\\\/#\\\/schema\\\/logo\\\/image\\\/\",\"url\":\"https:\\\/\\\/radis.ee\\\/wp-content\\\/uploads\\\/2020\\\/10\\\/Radis-logo.png\",\"contentUrl\":\"https:\\\/\\\/radis.ee\\\/wp-content\\\/uploads\\\/2020\\\/10\\\/Radis-logo.png\",\"width\":300,\"height\":63,\"caption\":\"Radis O\u00dc\"},\"image\":{\"@id\":\"https:\\\/\\\/radis.ee\\\/#\\\/schema\\\/logo\\\/image\\\/\"},\"sameAs\":[\"https:\\\/\\\/www.facebook.com\\\/radisfurniture\\\/\"]}]}<\/script>\n<!-- \/ Yoast SEO plugin. -->","yoast_head_json":{"title":"Versand und Lieferung - Radis","robots":{"index":"index","follow":"follow","max-snippet":"max-snippet:-1","max-image-preview":"max-image-preview:large","max-video-preview":"max-video-preview:-1"},"canonical":"https:\/\/radis.ee\/de\/versand-und-lieferung\/","og_locale":"de_DE","og_type":"article","og_title":"Versand und Lieferung - Radis","og_description":"1. Wie viel kostet der Versand? In Europa ist der Versand absolut kostenlos. Wenn Sie sich in einem anderen Land befinden, wenden Sie sich bitte an den Kundendienst, um einen Kostenvoranschlag f\u00fcr den Versand zu erhalten. 2. Wie werden Radis M\u00f6bel geliefert? Radis-M\u00f6bel werden in flachen Verpackungsboxen von der vertrauensw\u00fcrdigen Lieferfirma Dachser direkt an Ihre...","og_url":"https:\/\/radis.ee\/de\/versand-und-lieferung\/","og_site_name":"Radis","article_publisher":"https:\/\/www.facebook.com\/radisfurniture\/","article_modified_time":"2021-01-06T10:23:20+00:00","twitter_card":"summary_large_image","twitter_misc":{"Gesch\u00e4tzte Lesezeit":"1\u00a0Minute"},"schema":{"@context":"https:\/\/schema.org","@graph":[{"@type":"WebPage","@id":"https:\/\/radis.ee\/de\/versand-und-lieferung\/","url":"https:\/\/radis.ee\/de\/versand-und-lieferung\/","name":"Versand und Lieferung - Radis","isPartOf":{"@id":"https:\/\/radis.ee\/#website"},"datePublished":"2020-10-15T13:56:27+00:00","dateModified":"2021-01-06T10:23:20+00:00","breadcrumb":{"@id":"https:\/\/radis.ee\/de\/versand-und-lieferung\/#breadcrumb"},"inLanguage":"de","potentialAction":[{"@type":"ReadAction","target":["https:\/\/radis.ee\/de\/versand-und-lieferung\/"]}]},{"@type":"BreadcrumbList","@id":"https:\/\/radis.ee\/de\/versand-und-lieferung\/#breadcrumb","itemListElement":[{"@type":"ListItem","position":1,"name":"Home","item":"https:\/\/radis.ee\/"},{"@type":"ListItem","position":2,"name":"Versand und Lieferung"}]},{"@type":"WebSite","@id":"https:\/\/radis.ee\/#website","url":"https:\/\/radis.ee\/","name":"Radis","description":"Nordic design furniture, environmentally friendly and sustainable.","publisher":{"@id":"https:\/\/radis.ee\/#organization"},"potentialAction":[{"@type":"SearchAction","target":{"@type":"EntryPoint","urlTemplate":"https:\/\/radis.ee\/?s={search_term_string}"},"query-input":{"@type":"PropertyValueSpecification","valueRequired":true,"valueName":"search_term_string"}}],"inLanguage":"de"},{"@type":"Organization","@id":"https:\/\/radis.ee\/#organization","name":"Radis O\u00dc","url":"https:\/\/radis.ee\/","logo":{"@type":"ImageObject","inLanguage":"de","@id":"https:\/\/radis.ee\/#\/schema\/logo\/image\/","url":"https:\/\/radis.ee\/wp-content\/uploads\/2020\/10\/Radis-logo.png","contentUrl":"https:\/\/radis.ee\/wp-content\/uploads\/2020\/10\/Radis-logo.png","width":300,"height":63,"caption":"Radis O\u00dc"},"image":{"@id":"https:\/\/radis.ee\/#\/schema\/logo\/image\/"},"sameAs":["https:\/\/www.facebook.com\/radisfurniture\/"]}]}},"_links":{"self":[{"href":"https:\/\/radis.ee\/de\/wp-json\/wp\/v2\/pages\/5011","targetHints":{"allow":["GET"]}}],"collection":[{"href":"https:\/\/radis.ee\/de\/wp-json\/wp\/v2\/pages"}],"about":[{"href":"https:\/\/radis.ee\/de\/wp-json\/wp\/v2\/types\/page"}],"author":[{"embeddable":true,"href":"https:\/\/radis.ee\/de\/wp-json\/wp\/v2\/users\/1"}],"replies":[{"embeddable":true,"href":"https:\/\/radis.ee\/de\/wp-json\/wp\/v2\/comments?post=5011"}],"version-history":[{"count":0,"href":"https:\/\/radis.ee\/de\/wp-json\/wp\/v2\/pages\/5011\/revisions"}],"wp:attachment":[{"href":"https:\/\/radis.ee\/de\/wp-json\/wp\/v2\/media?parent=5011"}],"curies":[{"name":"wp","href":"https:\/\/api.w.org\/{rel}","templated":true}]}}