{"id":5026,"date":"2020-10-16T23:55:38","date_gmt":"2020-10-16T20:55:38","guid":{"rendered":"https:\/\/radis.ee\/datenschutz-bestimmungen\/"},"modified":"2021-01-12T14:59:47","modified_gmt":"2021-01-12T12:59:47","slug":"datenschutz-bestimmungen","status":"publish","type":"page","link":"https:\/\/radis.ee\/de\/datenschutz-bestimmungen\/","title":{"rendered":"Datenschutz-Bestimmungen"},"content":{"rendered":"<h2>1. Allgemeine Bestimmungen<\/h2>\n<p>1.1. Diese Datenschutzrichtlinie regelt die Grunds\u00e4tze f\u00fcr die Erhebung, Verarbeitung und Speicherung personenbezogener Daten. Personenbezogene Daten werden von Radis O\u00dc, dem Verantwortlichen f\u00fcr die personenbezogenen Daten, verarbeitet und gespeichert. Sie k\u00f6nnen uns unter info@radis.ee kontaktieren.<\/p>\n<p>1.2. F\u00fcr die Zwecke dieser Datenschutzrichtlinie bedeutet eine betroffene Person den Kunden oder eine andere nat\u00fcrliche Person, deren personenbezogene Daten vom f\u00fcr die Verarbeitung Verantwortlichen verarbeitet werden.<\/p>\n<p>1.3. F\u00fcr die Zwecke dieser Datenschutzrichtlinie bedeutet ein Kunde jeden, der Waren oder Dienstleistungen auf der Website des Controllers kauft.<\/p>\n<p>1.4. Der f\u00fcr die Verarbeitung Verantwortliche beachtet die gesetzlich festgelegten Grunds\u00e4tze f\u00fcr die Verarbeitung personenbezogener Daten und verarbeitet personenbezogene Daten unter anderem auf rechtm\u00e4\u00dfige, faire und sichere Weise. Der f\u00fcr die Verarbeitung Verantwortliche kann erkl\u00e4ren, dass personenbezogene Daten gem\u00e4\u00df den gesetzlichen Bestimmungen verarbeitet wurden.<\/p>\n<h2>2. Erhebung, Verarbeitung und Speicherung personenbezogener Daten<\/h2>\n<p>2.1. Die vom f\u00fcr die Verarbeitung Verantwortlichen gesammelten, verarbeiteten und gespeicherten personenbezogenen Daten wurden elektronisch erfasst, haupts\u00e4chlich \u00fcber die Website und per E-Mail.<\/p>\n<p>2.2. Durch die Weitergabe ihrer personenbezogenen Daten gew\u00e4hrt die betroffene Person dem f\u00fcr die Verarbeitung Verantwortlichen das Recht, die personenbezogenen Daten, die die betroffene Person beim Kauf von Waren direkt oder indirekt mit dem f\u00fcr die Verarbeitung Verantwortlichen teilt, zu dem in der Datenschutzrichtlinie festgelegten Zweck zu sammeln, zu arrangieren, zu verwenden und zu verwalten oder Dienstleistungen auf der Website.<\/p>\n<p>2.3. Die betroffene Person haftet f\u00fcr die Richtigkeit, Richtigkeit und Integrit\u00e4t der von ihr \u00fcbermittelten Daten. Die \u00dcbermittlung wissentlich falscher Daten gilt als Versto\u00df gegen die Datenschutzbestimmungen. Die betroffene Person ist verpflichtet, den f\u00fcr die Verarbeitung Verantwortlichen unverz\u00fcglich \u00fcber \u00c4nderungen der \u00fcbermittelten Daten zu informieren.<\/p>\n<p>2.4. Der f\u00fcr die Verarbeitung Verantwortliche haftet nicht f\u00fcr Sch\u00e4den oder Verluste, die der betroffenen Person oder Dritten durch die \u00dcbermittlung falscher Daten durch die betroffene Person entstehen.<\/p>\n<h2>3. Verarbeitung personenbezogener Daten von Kunden<\/h2>\n<p>3.1. Der f\u00fcr die Verarbeitung Verantwortliche kann die folgenden personenbezogenen Daten der betroffenen Person verarbeiten:<\/p>\n<ul>\n<li>Vor- und Nachname;<\/li>\n<li>Geburtsdatum;<\/li>\n<li>Telefonnummer;<\/li>\n<li>E-Mail-Addresse;<\/li>\n<li>Lieferadresse;<\/li>\n<li>Kontonummer;<\/li>\n<li>Angaben zur Zahlungskarte;<\/li>\n<\/ul>\n<p>3.2. Dar\u00fcber hinaus hat der f\u00fcr die Verarbeitung Verantwortliche das Recht, Daten \u00fcber den Kunden zu sammeln, die in \u00f6ffentlichen Registern verf\u00fcgbar sind.<\/p>\n<p>3.3. Rechtsgrundlage f\u00fcr die Verarbeitung personenbezogener Daten Die Punkte (a), (b), (c) und (f) von Artikel 6 Absatz 1 der Allgemeinen Datenschutzverordnung:<\/p>\n<p>a) die betroffene Person hat der Verarbeitung ihrer personenbezogenen Daten f\u00fcr einen oder mehrere bestimmte Zwecke zugestimmt.<\/p>\n<p>b) die Verarbeitung ist erforderlich, um einen Vertrag zu erf\u00fcllen, an dem die betroffene Person beteiligt ist, oder um auf Antrag der betroffenen Person vor Abschluss eines Vertrags Schritte zu unternehmen;<\/p>\n<p>c) die Verarbeitung ist erforderlich, um einer gesetzlichen Verpflichtung nachzukommen, der der f\u00fcr die Verarbeitung Verantwortliche unterliegt;<\/p>\n<p>f) die Verarbeitung ist zum Zwecke der berechtigten Interessen des f\u00fcr die Verarbeitung Verantwortlichen oder eines Dritten erforderlich, es sei denn, diese Interessen werden durch die Interessen oder Grundrechte und -freiheiten der betroffenen Person au\u00dfer Kraft gesetzt, die den Schutz personenbezogener Daten erfordern, insbesondere wenn Die betroffene Person ist ein Kind.<\/p>\n<p>3.4. Verarbeitung personenbezogener Daten zum Zweck der Verarbeitung:<\/p>\n<ul>\n<li>Zweck der Verarbeitung &#8211; Sicherheit und Schutz<br \/>\nDie maximale Speicherdauer personenbezogener Daten &#8211; gem\u00e4\u00df den gesetzlichen Bestimmungen<\/li>\n<li>Zweck der Bearbeitung &#8211; die Bearbeitung von Bestellungen<br \/>\nMaximale Speicherdauer personenbezogener Daten &#8211; 4 Jahre<\/li>\n<li>Zweck der Verarbeitung &#8211; Sicherstellung des Funktionierens von Online-Shop-Diensten maximale Speicherdauer personenbezogener Daten &#8211; 4 Jahre<\/li>\n<li>Verarbeitungszweck &#8211; Kundenmanagement<br \/>\nMaximale Speicherdauer personenbezogener Daten &#8211; 4 Jahre<\/li>\n<li>Zweck der Verarbeitung &#8211; finanzielle Aktivit\u00e4ten, Buchhaltung<br \/>\nMaximale Speicherdauer personenbezogener Daten &#8211; gem\u00e4\u00df den gesetzlichen Bestimmungen<\/li>\n<li>Verarbeitungszweck &#8211; VermarktungMaximale Speicherdauer personenbezogener Daten &#8211; 1 Jahr<\/li>\n<\/ul>\n<p>3.5. Der f\u00fcr die Verarbeitung Verantwortliche hat das Recht, personenbezogene Daten von Kunden an Dritte weiterzugeben, z. B. Verarbeiter, Buchhalter, Transport- und Kurierunternehmen sowie Unternehmen, die Transferdienste anbieten. Der Verantwortliche ist f\u00fcr die Verarbeitung personenbezogener Daten verantwortlich. Der f\u00fcr die Verarbeitung Verantwortliche \u00fcbermittelt die f\u00fcr Zahlungen erforderlichen personenbezogenen Daten an den Verarbeiter, Maksekeskus AS.<\/p>\n<p>3.6. Der f\u00fcr die Verarbeitung Verantwortliche verarbeitet und speichert personenbezogene Daten der betroffenen Person, indem er die organisatorischen und technischen Ma\u00dfnahmen umsetzt, um sicherzustellen, dass die personenbezogenen Daten vor versehentlicher oder rechtswidriger Zerst\u00f6rung, \u00c4nderung, Offenlegung und sonstiger rechtswidriger Verarbeitung gesch\u00fctzt sind.<\/p>\n<p>3.7. Der Controller speichert die Daten der betroffenen Personen je nach Verarbeitungszweck, jedoch nicht l\u00e4nger als 4 Jahre.<\/p>\n<h2>4. Rechte der betroffenen Person<\/h2>\n<p>4.1. Die betroffene Person hat das Recht, Zugang zu ihren personenbezogenen Daten zu erhalten und diese zu pr\u00fcfen.<\/p>\n<p>4.2. Die betroffene Person hat das Recht, Informationen \u00fcber die Verarbeitung ihrer personenbezogenen Daten zu erhalten.<\/p>\n<p>4.3. Die betroffene Person hat das Recht, fehlerhafte Daten zu \u00e4ndern oder zu korrigieren.<\/p>\n<p>4.4. Wenn der f\u00fcr die Verarbeitung Verantwortliche personenbezogene Daten der betroffenen Person auf der Grundlage der von dieser erteilten Einwilligung verarbeitet, hat die betroffene Person das Recht, ihre Einwilligung jederzeit zu widerrufen.<\/p>\n<p>4.5. Zur Aus\u00fcbung ihrer Rechte kann sich die betroffene Person unter info@radis.ee an den Kundensupport des Online-Shops wenden.<\/p>\n<p>4.6. Um ihre Rechte zu sch\u00fctzen, kann die betroffene Person eine Beschwerde bei der Datenschutzinspektion einreichen.<\/p>\n<h2>5.E-Mail-Werbung mit Anmeldung zum Newsletter<\/h2>\n<p>5.1 Wenn Sie sich zu unserem Newsletter anmel- den, verwenden wir die hierf\u00fcr erforderlichen oder gesondert von Ihnen mitgeteilten Daten, um Ihnen regelm\u00e4\u00dfig unseren E-Mail-Newslet- ter aufgrund Ihrer Einwilligung gem\u00e4\u00df Art. 6 Abs. 1 S. 1 lit. a DSGVO zuzusenden.<\/p>\n<p>5.2 Die Abmeldung vom Newsletter ist jederzeit m\u00f6glich und kann entweder durch eine Nach- richt an die unten beschriebene Kontaktm\u00f6g- lichkeit oder \u00fcber einen daf\u00fcr vorgesehenen Link im Newsletter erfolgen. Nach Abmeldung l\u00f6schen wir Ihre E-Mail-Adresse, soweit Sie nicht ausdr\u00fccklich in eine weitere Nutzung Ih- rer Daten eingewilligt haben oder wir uns eine dar\u00fcber hinausgehende Datenverwendung vorbehalten, die gesetzlich erlaubt ist und \u00fcber die wir Sie in dieser Erkl\u00e4rung informieren.<\/p>\n<h2>6. Schlussbestimmungen<\/h2>\n<p>6.1. Diese Datenschutzbestimmungen wurden in \u00dcbereinstimmung mit der Verordnung (EU) 2016\/679 des Europ\u00e4ischen Parlaments und des Rates zum Schutz nat\u00fcrlicher Personen bei der Verarbeitung personenbezogener Daten und zum freien Datenverkehr erstellt. und Aufhebung der Richtlinie 95\/46 \/ EG (Allgemeine Datenschutzverordnung), des Datenschutzgesetzes der Republik Estland und der Rechtsvorschriften der Republik Estland und der Europ\u00e4ischen Union.<\/p>\n<p>6.2. Der f\u00fcr die Verarbeitung Verantwortliche hat das Recht, die Datenschutzbestimmungen ganz oder teilweise zu \u00e4ndern und die betroffenen Personen \u00fcber https:\/\/radisfurniture.com\/ \u00fcber die \u00c4nderungen zu informieren.<\/p>\n","protected":false},"excerpt":{"rendered":"<p>1. Allgemeine Bestimmungen 1.1. Diese Datenschutzrichtlinie regelt die Grunds\u00e4tze f\u00fcr die Erhebung, Verarbeitung und Speicherung personenbezogener Daten. Personenbezogene Daten werden von Radis O\u00dc, dem Verantwortlichen f\u00fcr die personenbezogenen Daten, verarbeitet und gespeichert. Sie k\u00f6nnen uns unter info@radis.ee kontaktieren. 1.2. F\u00fcr die Zwecke dieser Datenschutzrichtlinie bedeutet eine betroffene Person den Kunden oder eine andere nat\u00fcrliche Person,&#8230;<\/p>\n","protected":false},"author":1,"featured_media":0,"parent":0,"menu_order":0,"comment_status":"closed","ping_status":"closed","template":"","meta":{"_acf_changed":false,"footnotes":""},"class_list":["post-5026","page","type-page","status-publish","hentry"],"acf":[],"yoast_head":"<!-- This site is optimized with the Yoast SEO plugin v27.3 - https:\/\/yoast.com\/product\/yoast-seo-wordpress\/ -->\n<title>Datenschutz-Bestimmungen - Radis<\/title>\n<meta name=\"robots\" content=\"index, follow, max-snippet:-1, max-image-preview:large, max-video-preview:-1\" \/>\n<link rel=\"canonical\" href=\"https:\/\/radis.ee\/de\/datenschutz-bestimmungen\/\" \/>\n<meta property=\"og:locale\" content=\"de_DE\" \/>\n<meta property=\"og:type\" content=\"article\" \/>\n<meta property=\"og:title\" content=\"Datenschutz-Bestimmungen - Radis\" \/>\n<meta property=\"og:description\" content=\"1. Allgemeine Bestimmungen 1.1. Diese Datenschutzrichtlinie regelt die Grunds\u00e4tze f\u00fcr die Erhebung, Verarbeitung und Speicherung personenbezogener Daten. Personenbezogene Daten werden von Radis O\u00dc, dem Verantwortlichen f\u00fcr die personenbezogenen Daten, verarbeitet und gespeichert. Sie k\u00f6nnen uns unter info@radis.ee kontaktieren. 1.2. F\u00fcr die Zwecke dieser Datenschutzrichtlinie bedeutet eine betroffene Person den Kunden oder eine andere nat\u00fcrliche Person,...\" \/>\n<meta property=\"og:url\" content=\"https:\/\/radis.ee\/de\/datenschutz-bestimmungen\/\" \/>\n<meta property=\"og:site_name\" content=\"Radis\" \/>\n<meta property=\"article:publisher\" content=\"https:\/\/www.facebook.com\/radisfurniture\/\" \/>\n<meta property=\"article:modified_time\" content=\"2021-01-12T12:59:47+00:00\" \/>\n<meta name=\"twitter:card\" content=\"summary_large_image\" \/>\n<meta name=\"twitter:label1\" content=\"Gesch\u00e4tzte Lesezeit\" \/>\n\t<meta name=\"twitter:data1\" content=\"5\u00a0Minuten\" \/>\n<script type=\"application\/ld+json\" class=\"yoast-schema-graph\">{\"@context\":\"https:\\\/\\\/schema.org\",\"@graph\":[{\"@type\":\"WebPage\",\"@id\":\"https:\\\/\\\/radis.ee\\\/de\\\/datenschutz-bestimmungen\\\/\",\"url\":\"https:\\\/\\\/radis.ee\\\/de\\\/datenschutz-bestimmungen\\\/\",\"name\":\"Datenschutz-Bestimmungen - Radis\",\"isPartOf\":{\"@id\":\"https:\\\/\\\/radis.ee\\\/#website\"},\"datePublished\":\"2020-10-16T20:55:38+00:00\",\"dateModified\":\"2021-01-12T12:59:47+00:00\",\"breadcrumb\":{\"@id\":\"https:\\\/\\\/radis.ee\\\/de\\\/datenschutz-bestimmungen\\\/#breadcrumb\"},\"inLanguage\":\"de\",\"potentialAction\":[{\"@type\":\"ReadAction\",\"target\":[\"https:\\\/\\\/radis.ee\\\/de\\\/datenschutz-bestimmungen\\\/\"]}]},{\"@type\":\"BreadcrumbList\",\"@id\":\"https:\\\/\\\/radis.ee\\\/de\\\/datenschutz-bestimmungen\\\/#breadcrumb\",\"itemListElement\":[{\"@type\":\"ListItem\",\"position\":1,\"name\":\"Home\",\"item\":\"https:\\\/\\\/radis.ee\\\/\"},{\"@type\":\"ListItem\",\"position\":2,\"name\":\"Datenschutz-Bestimmungen\"}]},{\"@type\":\"WebSite\",\"@id\":\"https:\\\/\\\/radis.ee\\\/#website\",\"url\":\"https:\\\/\\\/radis.ee\\\/\",\"name\":\"Radis\",\"description\":\"Nordic design furniture, environmentally friendly and sustainable.\",\"publisher\":{\"@id\":\"https:\\\/\\\/radis.ee\\\/#organization\"},\"potentialAction\":[{\"@type\":\"SearchAction\",\"target\":{\"@type\":\"EntryPoint\",\"urlTemplate\":\"https:\\\/\\\/radis.ee\\\/?s={search_term_string}\"},\"query-input\":{\"@type\":\"PropertyValueSpecification\",\"valueRequired\":true,\"valueName\":\"search_term_string\"}}],\"inLanguage\":\"de\"},{\"@type\":\"Organization\",\"@id\":\"https:\\\/\\\/radis.ee\\\/#organization\",\"name\":\"Radis O\u00dc\",\"url\":\"https:\\\/\\\/radis.ee\\\/\",\"logo\":{\"@type\":\"ImageObject\",\"inLanguage\":\"de\",\"@id\":\"https:\\\/\\\/radis.ee\\\/#\\\/schema\\\/logo\\\/image\\\/\",\"url\":\"https:\\\/\\\/radis.ee\\\/wp-content\\\/uploads\\\/2020\\\/10\\\/Radis-logo.png\",\"contentUrl\":\"https:\\\/\\\/radis.ee\\\/wp-content\\\/uploads\\\/2020\\\/10\\\/Radis-logo.png\",\"width\":300,\"height\":63,\"caption\":\"Radis O\u00dc\"},\"image\":{\"@id\":\"https:\\\/\\\/radis.ee\\\/#\\\/schema\\\/logo\\\/image\\\/\"},\"sameAs\":[\"https:\\\/\\\/www.facebook.com\\\/radisfurniture\\\/\"]}]}<\/script>\n<!-- \/ Yoast SEO plugin. -->","yoast_head_json":{"title":"Datenschutz-Bestimmungen - Radis","robots":{"index":"index","follow":"follow","max-snippet":"max-snippet:-1","max-image-preview":"max-image-preview:large","max-video-preview":"max-video-preview:-1"},"canonical":"https:\/\/radis.ee\/de\/datenschutz-bestimmungen\/","og_locale":"de_DE","og_type":"article","og_title":"Datenschutz-Bestimmungen - Radis","og_description":"1. Allgemeine Bestimmungen 1.1. Diese Datenschutzrichtlinie regelt die Grunds\u00e4tze f\u00fcr die Erhebung, Verarbeitung und Speicherung personenbezogener Daten. Personenbezogene Daten werden von Radis O\u00dc, dem Verantwortlichen f\u00fcr die personenbezogenen Daten, verarbeitet und gespeichert. Sie k\u00f6nnen uns unter info@radis.ee kontaktieren. 1.2. F\u00fcr die Zwecke dieser Datenschutzrichtlinie bedeutet eine betroffene Person den Kunden oder eine andere nat\u00fcrliche Person,...","og_url":"https:\/\/radis.ee\/de\/datenschutz-bestimmungen\/","og_site_name":"Radis","article_publisher":"https:\/\/www.facebook.com\/radisfurniture\/","article_modified_time":"2021-01-12T12:59:47+00:00","twitter_card":"summary_large_image","twitter_misc":{"Gesch\u00e4tzte Lesezeit":"5\u00a0Minuten"},"schema":{"@context":"https:\/\/schema.org","@graph":[{"@type":"WebPage","@id":"https:\/\/radis.ee\/de\/datenschutz-bestimmungen\/","url":"https:\/\/radis.ee\/de\/datenschutz-bestimmungen\/","name":"Datenschutz-Bestimmungen - Radis","isPartOf":{"@id":"https:\/\/radis.ee\/#website"},"datePublished":"2020-10-16T20:55:38+00:00","dateModified":"2021-01-12T12:59:47+00:00","breadcrumb":{"@id":"https:\/\/radis.ee\/de\/datenschutz-bestimmungen\/#breadcrumb"},"inLanguage":"de","potentialAction":[{"@type":"ReadAction","target":["https:\/\/radis.ee\/de\/datenschutz-bestimmungen\/"]}]},{"@type":"BreadcrumbList","@id":"https:\/\/radis.ee\/de\/datenschutz-bestimmungen\/#breadcrumb","itemListElement":[{"@type":"ListItem","position":1,"name":"Home","item":"https:\/\/radis.ee\/"},{"@type":"ListItem","position":2,"name":"Datenschutz-Bestimmungen"}]},{"@type":"WebSite","@id":"https:\/\/radis.ee\/#website","url":"https:\/\/radis.ee\/","name":"Radis","description":"Nordic design furniture, environmentally friendly and sustainable.","publisher":{"@id":"https:\/\/radis.ee\/#organization"},"potentialAction":[{"@type":"SearchAction","target":{"@type":"EntryPoint","urlTemplate":"https:\/\/radis.ee\/?s={search_term_string}"},"query-input":{"@type":"PropertyValueSpecification","valueRequired":true,"valueName":"search_term_string"}}],"inLanguage":"de"},{"@type":"Organization","@id":"https:\/\/radis.ee\/#organization","name":"Radis O\u00dc","url":"https:\/\/radis.ee\/","logo":{"@type":"ImageObject","inLanguage":"de","@id":"https:\/\/radis.ee\/#\/schema\/logo\/image\/","url":"https:\/\/radis.ee\/wp-content\/uploads\/2020\/10\/Radis-logo.png","contentUrl":"https:\/\/radis.ee\/wp-content\/uploads\/2020\/10\/Radis-logo.png","width":300,"height":63,"caption":"Radis O\u00dc"},"image":{"@id":"https:\/\/radis.ee\/#\/schema\/logo\/image\/"},"sameAs":["https:\/\/www.facebook.com\/radisfurniture\/"]}]}},"_links":{"self":[{"href":"https:\/\/radis.ee\/de\/wp-json\/wp\/v2\/pages\/5026","targetHints":{"allow":["GET"]}}],"collection":[{"href":"https:\/\/radis.ee\/de\/wp-json\/wp\/v2\/pages"}],"about":[{"href":"https:\/\/radis.ee\/de\/wp-json\/wp\/v2\/types\/page"}],"author":[{"embeddable":true,"href":"https:\/\/radis.ee\/de\/wp-json\/wp\/v2\/users\/1"}],"replies":[{"embeddable":true,"href":"https:\/\/radis.ee\/de\/wp-json\/wp\/v2\/comments?post=5026"}],"version-history":[{"count":0,"href":"https:\/\/radis.ee\/de\/wp-json\/wp\/v2\/pages\/5026\/revisions"}],"wp:attachment":[{"href":"https:\/\/radis.ee\/de\/wp-json\/wp\/v2\/media?parent=5026"}],"curies":[{"name":"wp","href":"https:\/\/api.w.org\/{rel}","templated":true}]}}