{"id":5028,"date":"2020-10-16T23:57:56","date_gmt":"2020-10-16T20:57:56","guid":{"rendered":"https:\/\/radis.ee\/haeufig-gestellte-fragen\/"},"modified":"2020-10-16T23:57:57","modified_gmt":"2020-10-16T20:57:57","slug":"haeufig-gestellte-fragen","status":"publish","type":"page","link":"https:\/\/radis.ee\/de\/haeufig-gestellte-fragen\/","title":{"rendered":"H\u00e4ufig gestellte Fragen"},"content":{"rendered":"<section class=\"l-section wpb_row us_custom_6494a965 height_medium\"><div class=\"l-section-h i-cf\"><div class=\"g-cols vc_row via_flex valign_top type_default stacking_default\"><div class=\"vc_col-sm-12 wpb_column vc_column_container\"><div class=\"vc_column-inner\"><div class=\"wpb_wrapper\"><div class=\"w-tabs style_default switch_click accordion remove_indents\" style=\"--sections-title-size:inherit\"><div class=\"w-tabs-sections titles-align_none icon_plus cpos_right\"><div class=\"w-tabs-section active\" id=\"k5d7\"><button class=\"w-tabs-section-header active\" aria-controls=\"content-k5d7\" aria-expanded=\"true\"><h3 class=\"w-tabs-section-title\">Welches Material verwenden wir?<\/h3><div class=\"w-tabs-section-control\"><\/div><\/button><div  class=\"w-tabs-section-content\" id=\"content-k5d7\"><div class=\"w-tabs-section-content-h i-cf\"><div class=\"wpb_text_column\"><div class=\"wpb_wrapper\"><p>Wir beziehen Holz, vorgefertigte Komponenten und andere Materialien von Partnern, die wir kennen und denen wir vertrauen. Dies stellt sicher, dass alles, was wir in unsere M\u00f6bel stecken, unseren Standards f\u00fcr Sch\u00f6nheit und Leistung entspricht und sowohl die Menschen, die sie hergestellt haben, als auch die Umgebung, die sie geschaffen hat, respektiert.<\/p>\n<p>Alle Radis-M\u00f6bel bestehen aus nat\u00fcrlichem Birkensperrholz, ebenfalls mit Eichenfurnier versehen und mit \u00d6lwachs versehen. Wir verwenden auch HPL-beschichtetes Sperrholz (Hochdrucklaminat). Das gesamte von uns verwendete Sperrholz ist CARB2 (frei von Formaldehyd), FSC-zertifiziert und wird von vertrauensw\u00fcrdigen Partnern aus Finnland, Belgien und Estland bezogen.<\/p>\n<p>Indem wir unsere M\u00f6bel nur aus nachhaltigen Rohstoffen herstellen, reduzieren und begrenzen wir die Umweltauswirkungen der gesamten Lieferkette.<\/p>\n<\/div><\/div><\/div><\/div><\/div><div class=\"w-tabs-section\" id=\"h66c\"><button class=\"w-tabs-section-header\" aria-controls=\"content-h66c\" aria-expanded=\"false\"><h3 class=\"w-tabs-section-title\">Welche \u00d6lwachse verwenden wir?<\/h3><div class=\"w-tabs-section-control\"><\/div><\/button><div  class=\"w-tabs-section-content\" id=\"content-h66c\"><div class=\"w-tabs-section-content-h i-cf\"><div class=\"wpb_text_column\"><div class=\"wpb_wrapper\"><p>Wir verwenden get\u00f6nte deutsche Wachse von Osmo und UK Treatex, die nach modernsten Produktionsmethoden hergestellt werden. Sie gew\u00e4hrleisten den bestm\u00f6glichen Schutz Ihrer M\u00f6bel, sind umweltfreundlich und f\u00fcr alle Holzoberfl\u00e4chen geeignet. Das Wachs besteht aus nat\u00fcrlichen Inhaltsstoffen, die das Holz atmen lassen und seine nat\u00fcrliche Sch\u00f6nheit bewahren. Mit \u00d6lwachs behandelte Oberfl\u00e4chen sind besonders stark und haltbar und weisen Wasser und Schmutz ab. Das Wachs besteht aus nat\u00fcrlichen Pflanzen\u00f6len und Wachsen wie Jojoba, Lein- und Sonnenblumen\u00f6l, Bienenwachs, Candelilla und Carnaubawachs. Es enth\u00e4lt keine Biozide und Konservierungsstoffe, was bedeutet, dass es physiologisch unbedenklich ist und sogar zur Behandlung von Spielzeug verwendet werden kann.<\/p>\n<\/div><\/div><\/div><\/div><\/div><div class=\"w-tabs-section\" id=\"r6df\"><button class=\"w-tabs-section-header\" aria-controls=\"content-r6df\" aria-expanded=\"false\"><h3 class=\"w-tabs-section-title\">Wo werden Radis-M\u00f6bel hergestellt?<\/h3><div class=\"w-tabs-section-control\"><\/div><\/button><div  class=\"w-tabs-section-content\" id=\"content-r6df\"><div class=\"w-tabs-section-content-h i-cf\"><div class=\"wpb_text_column\"><div class=\"wpb_wrapper\"><p>Alle unsere Produkte werden in unserem Werk in Tallinn, Estland, Nordeuropa hergestellt.<\/p>\n<\/div><\/div><\/div><\/div><\/div><div class=\"w-tabs-section\" id=\"z74c\"><button class=\"w-tabs-section-header\" aria-controls=\"content-z74c\" aria-expanded=\"false\"><h3 class=\"w-tabs-section-title\">Wie pflegen Sie Ihre M\u00f6bel?<\/h3><div class=\"w-tabs-section-control\"><\/div><\/button><div  class=\"w-tabs-section-content\" id=\"content-z74c\"><div class=\"w-tabs-section-content-h i-cf\"><div class=\"wpb_text_column\"><div class=\"wpb_wrapper\"><p>W\u00e4hrend die Oberfl\u00e4che Flecken von Wein, Bier, Cola, Kaffee, Tee, Saft, Milch und anderen Fl\u00fcssigkeiten enth\u00e4lt, k\u00f6nnen diese spurlos entfernt werden. Sollte eine Verj\u00fcngung der Oberfl\u00e4che erforderlich sein, kann dies leicht durch Reinigen und Zur\u00fcckziehen der Oberfl\u00e4che mit \u00d6lwachs erfolgen. Holzfurnier sollte nur mit einem feuchten Tuch in Richtung der Maserung gereinigt und unmittelbar danach mit einem fusselfreien Tuch getrocknet werden. Versch\u00fcttete Fl\u00fcssigkeiten sollten schnell entfernt werden, um Fleckenbildung zu vermeiden. Verwenden Sie keine M\u00f6belpolitur. Stellen Sie keine hei\u00dfen Gegenst\u00e4nde auf die M\u00f6bel, da dies zu Verf\u00e4rbungen f\u00fchren kann.<\/p>\n<\/div><\/div><\/div><\/div><\/div><div class=\"w-tabs-section\" id=\"n7ba\"><button class=\"w-tabs-section-header\" aria-controls=\"content-n7ba\" aria-expanded=\"false\"><h3 class=\"w-tabs-section-title\">Wie montiere ich die M\u00f6bel?<\/h3><div class=\"w-tabs-section-control\"><\/div><\/button><div  class=\"w-tabs-section-content\" id=\"content-n7ba\"><div class=\"w-tabs-section-content-h i-cf\"><div class=\"wpb_text_column\"><div class=\"wpb_wrapper\"><p>Die Montageanleitung ist jedem Produkt beigef\u00fcgt. Die Montage selbst ist sehr einfach und Sie ben\u00f6tigen nur einen Kreuzschlitzschraubendreher. Sollten Sie sp\u00e4ter Ihre M\u00f6bel zerlegen m\u00fcssen, m\u00fcssen Sie nur die Montageanleitung r\u00fcckw\u00e4rts ausf\u00fchren.<\/p>\n<\/div><\/div><\/div><\/div><\/div><div class=\"w-tabs-section\" id=\"s81c\"><button class=\"w-tabs-section-header\" aria-controls=\"content-s81c\" aria-expanded=\"false\"><h3 class=\"w-tabs-section-title\">Sollten Sie Ihre M\u00f6bel an einer Wand befestigen?<\/h3><div class=\"w-tabs-section-control\"><\/div><\/button><div  class=\"w-tabs-section-content\" id=\"content-s81c\"><div class=\"w-tabs-section-content-h i-cf\"><div class=\"wpb_text_column\"><div class=\"wpb_wrapper\"><p>Ja, wir empfehlen, ein M\u00f6belst\u00fcck an einer Wand zu befestigen, wenn es h\u00f6her als 100 cm ist. Wir bieten Ihnen die richtige Anzahl an Wandhalterungen mit M\u00f6belschrauben.<\/p>\n<\/div><\/div><\/div><\/div><\/div><div class=\"w-tabs-section\" id=\"t87a\"><button class=\"w-tabs-section-header\" aria-controls=\"content-t87a\" aria-expanded=\"false\"><h3 class=\"w-tabs-section-title\">Wer entwirft Radis M\u00f6bel?<\/h3><div class=\"w-tabs-section-control\"><\/div><\/button><div  class=\"w-tabs-section-content\" id=\"content-t87a\"><div class=\"w-tabs-section-content-h i-cf\"><div class=\"wpb_text_column\"><div class=\"wpb_wrapper\"><p>Die meisten M\u00f6bel wurden von unserem hauseigenen Team unter der Leitung von Raul Abner entworfen. Wir arbeiten jedoch auch mit anderen Designern zusammen, die nat\u00fcrliche Materialien und minimalistische M\u00f6bel lieben.<\/p>\n<\/div><\/div><\/div><\/div><\/div><div class=\"w-tabs-section\" id=\"e8d7\"><button class=\"w-tabs-section-header\" aria-controls=\"content-e8d7\" aria-expanded=\"false\"><h3 class=\"w-tabs-section-title\">Wird Radis neue Produkte ver\u00f6ffentlichen?<\/h3><div class=\"w-tabs-section-control\"><\/div><\/button><div  class=\"w-tabs-section-content\" id=\"content-e8d7\"><div class=\"w-tabs-section-content-h i-cf\"><div class=\"wpb_text_column\"><div class=\"wpb_wrapper\"><p>Sicher! Wir arbeiten st\u00e4ndig an neuen Ideen und Designs. Melden Sie sich f\u00fcr unseren Newsletter an, um vor allen anderen davon zu erfahren!<\/p>\n<\/div><\/div><\/div><\/div><\/div><div class=\"w-tabs-section\" id=\"e935\"><button class=\"w-tabs-section-header\" aria-controls=\"content-e935\" aria-expanded=\"false\"><h3 class=\"w-tabs-section-title\">Welche Zahlungsm\u00f6glichkeiten gibt es?<\/h3><div class=\"w-tabs-section-control\"><\/div><\/button><div  class=\"w-tabs-section-content\" id=\"content-e935\"><div class=\"w-tabs-section-content-h i-cf\"><div class=\"wpb_text_column\"><div class=\"wpb_wrapper\"><p>Sie k\u00f6nnen wahlweise per Vorkasse, Bankeinzug, Klarna, Kreditkarte (Visa \/ Mastercard), Paypal.<\/p>\n<\/div><\/div><\/div><\/div><\/div><div class=\"w-tabs-section\" id=\"t995\"><button class=\"w-tabs-section-header\" aria-controls=\"content-t995\" aria-expanded=\"false\"><h3 class=\"w-tabs-section-title\">Kommt Radis M\u00f6bel mit einer Garantie?<\/h3><div class=\"w-tabs-section-control\"><\/div><\/button><div  class=\"w-tabs-section-content\" id=\"content-t995\"><div class=\"w-tabs-section-content-h i-cf\"><div class=\"wpb_text_column\"><div class=\"wpb_wrapper\"><p>Wir fertigen jede M\u00f6beleinheit aus hochwertigen Materialien, die dem harten t\u00e4glichen Gebrauch standhalten. Au\u00dferdem geben wir eine solide 2-Jahres-Garantie. Weitere Informationen finden Sie in unseren Nutzungsbedingungen.<\/p>\n<\/div><\/div><\/div><\/div><\/div><div class=\"w-tabs-section\" id=\"y9f6\"><button class=\"w-tabs-section-header\" aria-controls=\"content-y9f6\" aria-expanded=\"false\"><h3 class=\"w-tabs-section-title\">K\u00f6nnen Sie Ihr Produkt zur\u00fcckgeben?<\/h3><div class=\"w-tabs-section-control\"><\/div><\/button><div  class=\"w-tabs-section-content\" id=\"content-y9f6\"><div class=\"w-tabs-section-content-h i-cf\"><div class=\"wpb_text_column\"><div class=\"wpb_wrapper\"><p>Wir sind sicher, dass Sie mit Ihren M\u00f6beln zufrieden sein werden, bieten jedoch weiterhin ein 100-t\u00e4giges R\u00fcckgaberecht f\u00fcr den Fall, dass Sie nicht zufrieden sind &#8211; mit kostenlosem R\u00fcckversand innerhalb der EU. Um eine R\u00fccksendung zu t\u00e4tigen, kontaktieren Sie uns einfach und wir werden die Abholung arrangieren. Sobald Ihr Paket bei uns eingeht, erhalten Sie eine korrigierte Rechnung und die R\u00fcckerstattung erfolgt innerhalb von 14 Tagen. Weitere Informationen finden Sie in unseren Nutzungsbedingungen.<\/p>\n<\/div><\/div><\/div><\/div><\/div><div class=\"w-tabs-section\" id=\"ya54\"><button class=\"w-tabs-section-header\" aria-controls=\"content-ya54\" aria-expanded=\"false\"><h3 class=\"w-tabs-section-title\">Was tun, wenn Ihre M\u00f6bel besch\u00e4digt ankommen?<\/h3><div class=\"w-tabs-section-control\"><\/div><\/button><div  class=\"w-tabs-section-content\" id=\"content-ya54\"><div class=\"w-tabs-section-content-h i-cf\"><div class=\"wpb_text_column\"><div class=\"wpb_wrapper\"><p>Wir verwenden gut gesch\u00fctzte Verpackungen und schwere Verpackungen befinden sich auf einer kleinen Palette, um Besch\u00e4digungen zu vermeiden. Unser Versandpartner Dachser ist auch f\u00fcr uns ein vertrauensw\u00fcrdiger Partner. \u00dcberpr\u00fcfen Sie jedoch jedes Mal, wenn Sie eine Sendung von uns erhalten, das Paket, bevor Sie den Kurierdienst unterschreiben. Sollten Sie einen Schaden bemerken, kontaktieren Sie uns bitte, um einen Anspruch geltend zu machen. Wir ben\u00f6tigen ein Bild der besch\u00e4digten M\u00f6beleinheit. Wir arbeiten hart daran, Ihnen so schnell wie m\u00f6glich, normalerweise in einer Woche, ein neues M\u00f6belst\u00fcck zu schicken.<\/p>\n<\/div><\/div><\/div><\/div><\/div><div class=\"w-tabs-section\" id=\"raaf\"><button class=\"w-tabs-section-header\" aria-controls=\"content-raaf\" aria-expanded=\"false\"><h3 class=\"w-tabs-section-title\">Wie viel kostet der Versand?<\/h3><div class=\"w-tabs-section-control\"><\/div><\/button><div  class=\"w-tabs-section-content\" id=\"content-raaf\"><div class=\"w-tabs-section-content-h i-cf\"><div class=\"wpb_text_column\"><div class=\"wpb_wrapper\"><p>In Europa ist der Versand absolut kostenlos. Wenn Sie sich in einem anderen Land befinden, wenden Sie sich bitte an den Kundendienst, um einen Kostenvoranschlag f\u00fcr den Versand zu erhalten.<\/p>\n<\/div><\/div><\/div><\/div><\/div><div class=\"w-tabs-section\" id=\"hb0b\"><button class=\"w-tabs-section-header\" aria-controls=\"content-hb0b\" aria-expanded=\"false\"><h3 class=\"w-tabs-section-title\">Wie werden Radis M\u00f6bel geliefert?<\/h3><div class=\"w-tabs-section-control\"><\/div><\/button><div  class=\"w-tabs-section-content\" id=\"content-hb0b\"><div class=\"w-tabs-section-content-h i-cf\"><div class=\"wpb_text_column\"><div class=\"wpb_wrapper\"><p>Radis-M\u00f6bel werden in flachen Verpackungsboxen von der vertrauensw\u00fcrdigen Lieferfirma Dachser direkt an Ihre Haust\u00fcr geliefert.<\/p>\n<\/div><\/div><\/div><\/div><\/div><\/div><\/div>\n<\/div><\/div><\/div><\/div><\/div><\/section>\n","protected":false},"excerpt":{"rendered":"Welches Material verwenden wir?Wir beziehen Holz, vorgefertigte Komponenten und andere Materialien von Partnern, die wir kennen und denen wir vertrauen. Dies stellt sicher, dass alles, was wir in unsere M\u00f6bel stecken, unseren Standards f\u00fcr Sch\u00f6nheit und Leistung entspricht und sowohl die Menschen, die sie hergestellt haben, als auch die Umgebung, die sie geschaffen hat, respektiert....","protected":false},"author":1,"featured_media":0,"parent":0,"menu_order":0,"comment_status":"closed","ping_status":"closed","template":"","meta":{"_acf_changed":false,"footnotes":""},"class_list":["post-5028","page","type-page","status-publish","hentry"],"acf":[],"yoast_head":"<!-- This site is optimized with the Yoast SEO plugin v27.4 - https:\/\/yoast.com\/product\/yoast-seo-wordpress\/ -->\n<title>H\u00e4ufig gestellte Fragen - Radis<\/title>\n<meta name=\"robots\" content=\"index, follow, max-snippet:-1, max-image-preview:large, max-video-preview:-1\" \/>\n<link rel=\"canonical\" href=\"https:\/\/radis.ee\/de\/haeufig-gestellte-fragen\/\" \/>\n<meta property=\"og:locale\" content=\"de_DE\" \/>\n<meta property=\"og:type\" content=\"article\" \/>\n<meta property=\"og:title\" content=\"H\u00e4ufig gestellte Fragen - Radis\" \/>\n<meta property=\"og:url\" content=\"https:\/\/radis.ee\/de\/haeufig-gestellte-fragen\/\" \/>\n<meta property=\"og:site_name\" content=\"Radis\" \/>\n<meta property=\"article:publisher\" content=\"https:\/\/www.facebook.com\/radisfurniture\/\" \/>\n<meta property=\"article:modified_time\" content=\"2020-10-16T20:57:57+00:00\" \/>\n<meta name=\"twitter:card\" content=\"summary_large_image\" \/>\n<script type=\"application\/ld+json\" class=\"yoast-schema-graph\">{\"@context\":\"https:\\\/\\\/schema.org\",\"@graph\":[{\"@type\":\"WebPage\",\"@id\":\"https:\\\/\\\/radis.ee\\\/de\\\/haeufig-gestellte-fragen\\\/\",\"url\":\"https:\\\/\\\/radis.ee\\\/de\\\/haeufig-gestellte-fragen\\\/\",\"name\":\"H\u00e4ufig gestellte Fragen - Radis\",\"isPartOf\":{\"@id\":\"https:\\\/\\\/radis.ee\\\/#website\"},\"datePublished\":\"2020-10-16T20:57:56+00:00\",\"dateModified\":\"2020-10-16T20:57:57+00:00\",\"breadcrumb\":{\"@id\":\"https:\\\/\\\/radis.ee\\\/de\\\/haeufig-gestellte-fragen\\\/#breadcrumb\"},\"inLanguage\":\"de\",\"potentialAction\":[{\"@type\":\"ReadAction\",\"target\":[\"https:\\\/\\\/radis.ee\\\/de\\\/haeufig-gestellte-fragen\\\/\"]}]},{\"@type\":\"BreadcrumbList\",\"@id\":\"https:\\\/\\\/radis.ee\\\/de\\\/haeufig-gestellte-fragen\\\/#breadcrumb\",\"itemListElement\":[{\"@type\":\"ListItem\",\"position\":1,\"name\":\"Home\",\"item\":\"https:\\\/\\\/radis.ee\\\/\"},{\"@type\":\"ListItem\",\"position\":2,\"name\":\"H\u00e4ufig gestellte Fragen\"}]},{\"@type\":\"WebSite\",\"@id\":\"https:\\\/\\\/radis.ee\\\/#website\",\"url\":\"https:\\\/\\\/radis.ee\\\/\",\"name\":\"Radis\",\"description\":\"Nordic design furniture, environmentally friendly and sustainable.\",\"publisher\":{\"@id\":\"https:\\\/\\\/radis.ee\\\/#organization\"},\"potentialAction\":[{\"@type\":\"SearchAction\",\"target\":{\"@type\":\"EntryPoint\",\"urlTemplate\":\"https:\\\/\\\/radis.ee\\\/?s={search_term_string}\"},\"query-input\":{\"@type\":\"PropertyValueSpecification\",\"valueRequired\":true,\"valueName\":\"search_term_string\"}}],\"inLanguage\":\"de\"},{\"@type\":\"Organization\",\"@id\":\"https:\\\/\\\/radis.ee\\\/#organization\",\"name\":\"Radis O\u00dc\",\"url\":\"https:\\\/\\\/radis.ee\\\/\",\"logo\":{\"@type\":\"ImageObject\",\"inLanguage\":\"de\",\"@id\":\"https:\\\/\\\/radis.ee\\\/#\\\/schema\\\/logo\\\/image\\\/\",\"url\":\"https:\\\/\\\/radis.ee\\\/wp-content\\\/uploads\\\/2020\\\/10\\\/Radis-logo.png\",\"contentUrl\":\"https:\\\/\\\/radis.ee\\\/wp-content\\\/uploads\\\/2020\\\/10\\\/Radis-logo.png\",\"width\":300,\"height\":63,\"caption\":\"Radis O\u00dc\"},\"image\":{\"@id\":\"https:\\\/\\\/radis.ee\\\/#\\\/schema\\\/logo\\\/image\\\/\"},\"sameAs\":[\"https:\\\/\\\/www.facebook.com\\\/radisfurniture\\\/\"]}]}<\/script>\n<!-- \/ Yoast SEO plugin. -->","yoast_head_json":{"title":"H\u00e4ufig gestellte Fragen - Radis","robots":{"index":"index","follow":"follow","max-snippet":"max-snippet:-1","max-image-preview":"max-image-preview:large","max-video-preview":"max-video-preview:-1"},"canonical":"https:\/\/radis.ee\/de\/haeufig-gestellte-fragen\/","og_locale":"de_DE","og_type":"article","og_title":"H\u00e4ufig gestellte Fragen - Radis","og_url":"https:\/\/radis.ee\/de\/haeufig-gestellte-fragen\/","og_site_name":"Radis","article_publisher":"https:\/\/www.facebook.com\/radisfurniture\/","article_modified_time":"2020-10-16T20:57:57+00:00","twitter_card":"summary_large_image","schema":{"@context":"https:\/\/schema.org","@graph":[{"@type":"WebPage","@id":"https:\/\/radis.ee\/de\/haeufig-gestellte-fragen\/","url":"https:\/\/radis.ee\/de\/haeufig-gestellte-fragen\/","name":"H\u00e4ufig gestellte Fragen - Radis","isPartOf":{"@id":"https:\/\/radis.ee\/#website"},"datePublished":"2020-10-16T20:57:56+00:00","dateModified":"2020-10-16T20:57:57+00:00","breadcrumb":{"@id":"https:\/\/radis.ee\/de\/haeufig-gestellte-fragen\/#breadcrumb"},"inLanguage":"de","potentialAction":[{"@type":"ReadAction","target":["https:\/\/radis.ee\/de\/haeufig-gestellte-fragen\/"]}]},{"@type":"BreadcrumbList","@id":"https:\/\/radis.ee\/de\/haeufig-gestellte-fragen\/#breadcrumb","itemListElement":[{"@type":"ListItem","position":1,"name":"Home","item":"https:\/\/radis.ee\/"},{"@type":"ListItem","position":2,"name":"H\u00e4ufig gestellte Fragen"}]},{"@type":"WebSite","@id":"https:\/\/radis.ee\/#website","url":"https:\/\/radis.ee\/","name":"Radis","description":"Nordic design furniture, environmentally friendly and sustainable.","publisher":{"@id":"https:\/\/radis.ee\/#organization"},"potentialAction":[{"@type":"SearchAction","target":{"@type":"EntryPoint","urlTemplate":"https:\/\/radis.ee\/?s={search_term_string}"},"query-input":{"@type":"PropertyValueSpecification","valueRequired":true,"valueName":"search_term_string"}}],"inLanguage":"de"},{"@type":"Organization","@id":"https:\/\/radis.ee\/#organization","name":"Radis O\u00dc","url":"https:\/\/radis.ee\/","logo":{"@type":"ImageObject","inLanguage":"de","@id":"https:\/\/radis.ee\/#\/schema\/logo\/image\/","url":"https:\/\/radis.ee\/wp-content\/uploads\/2020\/10\/Radis-logo.png","contentUrl":"https:\/\/radis.ee\/wp-content\/uploads\/2020\/10\/Radis-logo.png","width":300,"height":63,"caption":"Radis O\u00dc"},"image":{"@id":"https:\/\/radis.ee\/#\/schema\/logo\/image\/"},"sameAs":["https:\/\/www.facebook.com\/radisfurniture\/"]}]}},"_links":{"self":[{"href":"https:\/\/radis.ee\/de\/wp-json\/wp\/v2\/pages\/5028","targetHints":{"allow":["GET"]}}],"collection":[{"href":"https:\/\/radis.ee\/de\/wp-json\/wp\/v2\/pages"}],"about":[{"href":"https:\/\/radis.ee\/de\/wp-json\/wp\/v2\/types\/page"}],"author":[{"embeddable":true,"href":"https:\/\/radis.ee\/de\/wp-json\/wp\/v2\/users\/1"}],"replies":[{"embeddable":true,"href":"https:\/\/radis.ee\/de\/wp-json\/wp\/v2\/comments?post=5028"}],"version-history":[{"count":0,"href":"https:\/\/radis.ee\/de\/wp-json\/wp\/v2\/pages\/5028\/revisions"}],"wp:attachment":[{"href":"https:\/\/radis.ee\/de\/wp-json\/wp\/v2\/media?parent=5028"}],"curies":[{"name":"wp","href":"https:\/\/api.w.org\/{rel}","templated":true}]}}