{"id":5029,"date":"2020-10-17T00:13:26","date_gmt":"2020-10-16T21:13:26","guid":{"rendered":"https:\/\/radis.ee\/ueber-uns\/ethik\/"},"modified":"2025-06-02T14:32:54","modified_gmt":"2025-06-02T11:32:54","slug":"ethik","status":"publish","type":"page","link":"https:\/\/radis.ee\/de\/ueber-uns\/ethik\/","title":{"rendered":"Ethik"},"content":{"rendered":"<section class=\"l-section wpb_row height_medium\"><div class=\"l-section-h i-cf\"><div class=\"g-cols vc_row via_flex valign_top type_default stacking_default\"><div class=\"vc_col-sm-6 wpb_column vc_column_container\"><div class=\"vc_column-inner\"><div class=\"wpb_wrapper\"><div class=\"wpb_text_column\"><div class=\"wpb_wrapper\"><h1>Elegantes nordisches Design zu Ihren Diensten<\/h1>\n<\/div><\/div><\/div><\/div><\/div><div class=\"vc_col-sm-6 wpb_column vc_column_container\"><div class=\"vc_column-inner\"><div class=\"wpb_wrapper\"><div class=\"wpb_text_column\"><div class=\"wpb_wrapper\"><h3>F\u00fcr die Ewigkeit gebaut<\/h3>\n<p>Wir haben \u00fcber ein Jahrzehnt Erfahrung in der Herstellung und halten uns an ein einfaches Versprechen: Qualit\u00e4tsm\u00f6bel so zu entwerfen und herzustellen, wie Sie heute leben. Und jeden Tag danach.<\/p>\n<h3>Mission &amp; Vision<\/h3>\n<p>Radis erweitert den sauberen Raum um Sie herum. Wir verwenden durchdachtes Design und nat\u00fcrliche gesunde Materialien. Radis m\u00f6chte ein Leuchtfeuer mit einem gro\u00dfen Herzen und einem kleinen \u00f6kologischen Fu\u00dfabdruck sein.<\/p>\n<\/div><\/div><\/div><\/div><\/div><\/div><\/div><\/section><section class=\"l-section wpb_row gallery-grid height_medium\"><div class=\"l-section-h i-cf\"><div class=\"g-cols vc_row via_flex valign_top type_default stacking_default\"><div class=\"vc_col-sm-12 wpb_column vc_column_container\"><div class=\"vc_column-inner\"><div class=\"wpb_wrapper\"><div class=\"w-image align_none\"><div class=\"w-image-h\"><img decoding=\"async\" width=\"1650\" height=\"455\" src=\"https:\/\/radis.ee\/wp-content\/uploads\/2020\/10\/Kakumae-forest-estonia.jpg\" class=\"attachment-full size-full\" alt=\"\" loading=\"lazy\" srcset=\"https:\/\/radis.ee\/wp-content\/uploads\/2020\/10\/Kakumae-forest-estonia.jpg 1650w, https:\/\/radis.ee\/wp-content\/uploads\/2020\/10\/Kakumae-forest-estonia-300x83.jpg 300w, https:\/\/radis.ee\/wp-content\/uploads\/2020\/10\/Kakumae-forest-estonia-1024x282.jpg 1024w, https:\/\/radis.ee\/wp-content\/uploads\/2020\/10\/Kakumae-forest-estonia-600x165.jpg 600w, https:\/\/radis.ee\/wp-content\/uploads\/2020\/10\/Kakumae-forest-estonia-36x10.jpg 36w\" sizes=\"auto, (max-width: 1650px) 100vw, 1650px\" \/><\/div><\/div><\/div><\/div><\/div><\/div><\/div><\/section><section class=\"l-section wpb_row height_medium\" id=\"materials\"><div class=\"l-section-h i-cf\"><div class=\"g-cols vc_row via_flex valign_top type_default stacking_default\"><div class=\"vc_col-sm-6 wpb_column vc_column_container\"><div class=\"vc_column-inner\"><div class=\"wpb_wrapper\"><div class=\"wpb_text_column\"><div class=\"wpb_wrapper\"><h2>Umweltfreundliche Qualit\u00e4tsmaterialien und keine Abfallhaltung<\/h2>\n<\/div><\/div><\/div><\/div><\/div><div class=\"vc_col-sm-6 wpb_column vc_column_container\"><div class=\"vc_column-inner\"><div class=\"wpb_wrapper\"><div class=\"wpb_text_column\"><div class=\"wpb_wrapper\"><p>Unsere Materialien sind natur- und menschenfreundlich. Wir bewahren die Natur und vermeiden die Bildung von R\u00fcckst\u00e4nden w\u00e4hrend der Produktion. Hergestellt aus Birkenfurnier, einem nat\u00fcrlichen, zur\u00fcckhaltenden und dennoch robusten Material. Immer mit einem \u00f6kologisch sauberen \u00d6lwachs fertig.<\/p>\n<p>&nbsp;<\/p>\n<\/div><\/div><\/div><\/div><\/div><\/div><\/div><\/section><section class=\"l-section wpb_row height_medium\" id=\"climate-neutral\"><div class=\"l-section-h i-cf\"><div class=\"g-cols vc_row via_flex valign_top type_default stacking_default\"><div class=\"vc_col-sm-6 wpb_column vc_column_container\"><div class=\"vc_column-inner\"><div class=\"wpb_wrapper\"><div class=\"wpb_text_column\"><div class=\"wpb_wrapper\"><h2>Wir sind waldpositiv<\/h2>\n<p>Umwelt und Natur sind unser h\u00f6chstes Gut. Die Speicherung und Wartung sollte sich in jeder Kaufentscheidung widerspiegeln, die wir treffen.<\/p>\n<p>Um in seinem Betrieb klimaneutral zu sein, kooperiert Radis mit der Initiative \u201eMake it Neutral\u201c. Das bedeutet, dass wir f\u00fcr jedes verkaufte Produkt einen Baum pflanzen.<\/p>\n<p>F\u00fcr Sie kostenfrei. Lassen Sie uns gemeinsam unser wertvollstes gemeinsames Gut \u2013 die Natur \u2013 pflegen und wertsch\u00e4tzen. Heute, morgen und immer.<\/p>\n<\/div><\/div><\/div><\/div><\/div><div class=\"vc_col-sm-6 wpb_column vc_column_container\"><div class=\"vc_column-inner\"><div class=\"wpb_wrapper\"><div class=\"w-image align_none\"><div class=\"w-image-h\"><img decoding=\"async\" width=\"1000\" height=\"1000\" src=\"https:\/\/radis.ee\/wp-content\/uploads\/2022\/04\/Radis-ENG-facebook-post-1200x1200-1.png\" class=\"attachment-full size-full\" alt=\"\" loading=\"lazy\" srcset=\"https:\/\/radis.ee\/wp-content\/uploads\/2022\/04\/Radis-ENG-facebook-post-1200x1200-1.png 1000w, https:\/\/radis.ee\/wp-content\/uploads\/2022\/04\/Radis-ENG-facebook-post-1200x1200-1-300x300.png 300w, https:\/\/radis.ee\/wp-content\/uploads\/2022\/04\/Radis-ENG-facebook-post-1200x1200-1-150x150.png 150w, https:\/\/radis.ee\/wp-content\/uploads\/2022\/04\/Radis-ENG-facebook-post-1200x1200-1-450x450.png 450w, https:\/\/radis.ee\/wp-content\/uploads\/2022\/04\/Radis-ENG-facebook-post-1200x1200-1-600x600.png 600w, https:\/\/radis.ee\/wp-content\/uploads\/2022\/04\/Radis-ENG-facebook-post-1200x1200-1-60x60.png 60w\" sizes=\"auto, (max-width: 1000px) 100vw, 1000px\" \/><\/div><\/div><\/div><\/div><\/div><\/div><\/div><\/section><section class=\"l-section wpb_row height_medium\"><div class=\"l-section-h i-cf\"><div class=\"g-cols vc_row via_flex valign_top type_default stacking_default\"><div class=\"vc_col-sm-12 wpb_column vc_column_container\"><div class=\"vc_column-inner\"><div class=\"wpb_wrapper\"><div class=\"wpb_text_column us_custom_437d713f\"><div class=\"wpb_wrapper\"><h2>Materialien &amp; Pflege<\/h2>\n<\/div><\/div><div class=\"g-cols wpb_row us_custom_437d713f via_flex valign_top type_default stacking_default\"><div class=\"vc_col-sm-6 wpb_column vc_column_container\"><div class=\"vc_column-inner\"><div class=\"wpb_wrapper\"><div class=\"wpb_text_column us_custom_1825fdfe\"><div class=\"wpb_wrapper\"><h3>Baltisches Birkensperrholz<\/h3>\n<p>Alle unsere M\u00f6bel sind aus nat\u00fcrlichem baltischem Birkensperrholz gefertigt, ebenfalls Eichenfurnier, das mit \u00d6lwachs veredelt ist. Wir verwenden auch mit finnischem Koskisen HPL (Hochdrucklaminat) beschichtetes Sperrholz, das eine sehr haltbare und starke Oberfl\u00e4che aufweist.<\/p>\n<p>Das gesamte von uns verwendete Sperrholz ist CARB2 (frei von Formaldehyd), FSC-zertifiziert und wird von vertrauensw\u00fcrdigen Partnern aus Finnland, Lettland, Belgien und Estland bezogen. Wir beziehen Holz, vorgefertigte Komponenten und andere Materialien von Partnern, die wir kennen und denen wir vertrauen. Dies stellt sicher, dass alles, was wir in unsere M\u00f6bel stecken, unseren Standards f\u00fcr Sch\u00f6nheit, Leistung und Respekt f\u00fcr die Menschen und die Umwelt entspricht, die sie geschaffen haben. Indem wir unsere M\u00f6bel nur aus nachhaltigen Rohstoffen herstellen, reduzieren und begrenzen wir die Umweltauswirkungen der gesamten Lieferkette.<\/p>\n<\/div><\/div><\/div><\/div><\/div><div class=\"vc_col-sm-6 wpb_column vc_column_container\"><div class=\"vc_column-inner\"><div class=\"wpb_wrapper\"><div class=\"w-image align_none\"><div class=\"w-image-h\"><img decoding=\"async\" width=\"3559\" height=\"2430\" src=\"https:\/\/radis.ee\/wp-content\/uploads\/2020\/10\/Radis_production_2-scaled.jpg\" class=\"attachment-full size-full\" alt=\"\" loading=\"lazy\" \/><\/div><\/div><\/div><\/div><\/div><\/div><div class=\"g-cols wpb_row us_custom_437d713f via_flex valign_top type_default stacking_default\"><div class=\"vc_col-sm-6 wpb_column vc_column_container\"><div class=\"vc_column-inner\"><div class=\"wpb_wrapper\"><div class=\"wpb_text_column us_custom_1825fdfe\"><div class=\"wpb_wrapper\"><h3>Nat\u00fcrliche \u00d6lwachse<\/h3>\n<p>Wir verwenden get\u00f6nte Wachse von deutschen Osmo, die nach modernsten Produktionsmethoden hergestellt werden. Sie gew\u00e4hrleisten den bestm\u00f6glichen Schutz Ihrer M\u00f6bel, sind umweltfreundlich und f\u00fcr alle Holzoberfl\u00e4chen geeignet. Das Wachs besteht aus nat\u00fcrlichen Inhaltsstoffen, die das Holz atmen lassen und seine nat\u00fcrliche Sch\u00f6nheit bewahren. Mit \u00d6lwachs behandelte Oberfl\u00e4chen sind besonders stark und haltbar und weisen Wasser und Schmutz ab.<\/p>\n<p>Das Wachs besteht aus nat\u00fcrlichen Pflanzen\u00f6len und Wachsen wie Jojoba, Lein- und Sonnenblumen\u00f6l, Bienenwachs, Candelilla und Carnaubawachs. Es enth\u00e4lt keine Biozide und Konservierungsstoffe, was bedeutet, dass es physiologisch unbedenklich ist und sogar zur Behandlung von Spielzeug verwendet werden kann.<\/p>\n<\/div><\/div><\/div><\/div><\/div><div class=\"vc_col-sm-6 wpb_column vc_column_container\"><div class=\"vc_column-inner\"><div class=\"wpb_wrapper\"><div class=\"w-image align_none\"><div class=\"w-image-h\"><img decoding=\"async\" width=\"1200\" height=\"1600\" src=\"https:\/\/radis.ee\/wp-content\/uploads\/2025\/06\/RADIS_furniture_oilwax_tone_samples.jpg\" class=\"attachment-full size-full\" alt=\"\" loading=\"lazy\" srcset=\"https:\/\/radis.ee\/wp-content\/uploads\/2025\/06\/RADIS_furniture_oilwax_tone_samples.jpg 1200w, https:\/\/radis.ee\/wp-content\/uploads\/2025\/06\/RADIS_furniture_oilwax_tone_samples-225x300.jpg 225w, https:\/\/radis.ee\/wp-content\/uploads\/2025\/06\/RADIS_furniture_oilwax_tone_samples-768x1024.jpg 768w, https:\/\/radis.ee\/wp-content\/uploads\/2025\/06\/RADIS_furniture_oilwax_tone_samples-600x800.jpg 600w, https:\/\/radis.ee\/wp-content\/uploads\/2025\/06\/RADIS_furniture_oilwax_tone_samples-45x60.jpg 45w\" sizes=\"auto, (max-width: 1200px) 100vw, 1200px\" \/><\/div><\/div><\/div><\/div><\/div><\/div><div class=\"g-cols wpb_row us_custom_437d713f via_flex valign_top type_default stacking_default\"><div class=\"vc_col-sm-6 wpb_column vc_column_container\"><div class=\"vc_column-inner\"><div class=\"wpb_wrapper\"><div class=\"wpb_text_column us_custom_1825fdfe\"><div class=\"wpb_wrapper\"><h3>Reinigung<\/h3>\n<p>Holzfurnier sollte nur mit einem feuchten Tuch in Richtung der Maserung gereinigt und unmittelbar danach mit einem fusselfreien Tuch getrocknet werden. Versch\u00fcttete Fl\u00fcssigkeiten sollten schnell entfernt werden, um Fleckenbildung zu vermeiden. Verwenden Sie keine M\u00f6belpolitur. Stellen Sie keine hei\u00dfen Gegenst\u00e4nde auf die M\u00f6bel, da dies zu Verf\u00e4rbungen f\u00fchren kann.<\/p>\n<p>W\u00e4hrend die Oberfl\u00e4che Flecken von Wein, Bier, Cola, Kaffee, Tee, Saft, Milch und anderen Fl\u00fcssigkeiten enth\u00e4lt, k\u00f6nnen diese spurlos entfernt werden. Sollte eine Verj\u00fcngung der Oberfl\u00e4che erforderlich sein, kann dies leicht durch Reinigen und Zur\u00fcckziehen der Oberfl\u00e4che mit \u00d6lwachs erfolgen.<\/p>\n<\/div><\/div><\/div><\/div><\/div><div class=\"vc_col-sm-6 wpb_column vc_column_container\"><div class=\"vc_column-inner\"><div class=\"wpb_wrapper\"><div class=\"w-image align_none\"><div class=\"w-image-h\"><img decoding=\"async\" width=\"1000\" height=\"683\" src=\"https:\/\/radis.ee\/wp-content\/uploads\/2022\/04\/Radis-shelf-LIFT-oak-veneered-plywood-close-up.jpg\" class=\"attachment-large size-large\" alt=\"\" loading=\"lazy\" srcset=\"https:\/\/radis.ee\/wp-content\/uploads\/2022\/04\/Radis-shelf-LIFT-oak-veneered-plywood-close-up.jpg 1000w, https:\/\/radis.ee\/wp-content\/uploads\/2022\/04\/Radis-shelf-LIFT-oak-veneered-plywood-close-up-300x205.jpg 300w, https:\/\/radis.ee\/wp-content\/uploads\/2022\/04\/Radis-shelf-LIFT-oak-veneered-plywood-close-up-600x410.jpg 600w, https:\/\/radis.ee\/wp-content\/uploads\/2022\/04\/Radis-shelf-LIFT-oak-veneered-plywood-close-up-60x41.jpg 60w\" sizes=\"auto, (max-width: 1000px) 100vw, 1000px\" \/><\/div><\/div><\/div><\/div><\/div><\/div><\/div><\/div><\/div><\/div><\/div><\/section><section class=\"l-section wpb_row height_medium\"><div class=\"l-section-h i-cf\"><div class=\"g-cols vc_row via_flex valign_top type_default stacking_default\"><div class=\"vc_col-sm-12 wpb_column vc_column_container\"><div class=\"vc_column-inner\"><div class=\"wpb_wrapper\"><div class=\"g-cols wpb_row via_flex valign_top type_default stacking_default\"><div class=\"vc_col-sm-6 wpb_column vc_column_container\"><div class=\"vc_column-inner\"><div class=\"wpb_wrapper\"><div class=\"wpb_text_column\"><div class=\"wpb_wrapper\"><h2>Zertifikate<\/h2>\n<\/div><\/div><\/div><\/div><\/div><div class=\"vc_col-sm-6 wpb_column vc_column_container\"><div class=\"vc_column-inner\"><div class=\"wpb_wrapper\"><div class=\"wpb_text_column\"><div class=\"wpb_wrapper\"><p>Unsere Materialien sind natur- und menschenfreundlich. Wir bewahren die Natur und vermeiden die Bildung von R\u00fcckst\u00e4nden w\u00e4hrend der Produktion. Hergestellt aus Birkenfurnier, einem nat\u00fcrlichen, zur\u00fcckhaltenden und dennoch robusten Material. Immer mit einem \u00f6kologisch sauberen \u00d6lwachs fertig.<\/p>\n<p>&nbsp;<\/p>\n<\/div><\/div><\/div><\/div><\/div><\/div><div class=\"g-cols wpb_row certificates-section via_flex valign_top type_default stacking_default\"><div class=\"vc_col-sm-3 wpb_column vc_column_container\"><div class=\"vc_column-inner\"><div class=\"wpb_wrapper\"><div class=\"wpb_text_column\"><div class=\"wpb_wrapper\"><h3>Osmo \u00d6lwachse FSC-Zertifikat<\/h3>\n<\/div><\/div><div class=\"w-image align_none\"><div class=\"w-image-h\"><img decoding=\"async\" width=\"595\" height=\"842\" src=\"https:\/\/radis.ee\/wp-content\/uploads\/2022\/01\/Osmo-Zertifikat-FSC-Radis-1.jpg\" class=\"attachment-full size-full\" alt=\"\" loading=\"lazy\" srcset=\"https:\/\/radis.ee\/wp-content\/uploads\/2022\/01\/Osmo-Zertifikat-FSC-Radis-1.jpg 595w, https:\/\/radis.ee\/wp-content\/uploads\/2022\/01\/Osmo-Zertifikat-FSC-Radis-1-212x300.jpg 212w, https:\/\/radis.ee\/wp-content\/uploads\/2022\/01\/Osmo-Zertifikat-FSC-Radis-1-42x60.jpg 42w\" sizes=\"auto, (max-width: 595px) 100vw, 595px\" \/><\/div><\/div><\/div><\/div><\/div><div class=\"vc_col-sm-3 wpb_column vc_column_container\"><div class=\"vc_column-inner\"><div class=\"wpb_wrapper\"><div class=\"wpb_text_column\"><div class=\"wpb_wrapper\"><h3>Koskisen Sperrholz CARB2 Zertifikat<\/h3>\n<\/div><\/div><div class=\"w-image align_none\"><div class=\"w-image-h\"><img decoding=\"async\" width=\"595\" height=\"842\" src=\"https:\/\/radis.ee\/wp-content\/uploads\/2022\/01\/EPA-TSCA-CARB-ULEF-Certificate-for-interior-glued-plywood.jpg\" class=\"attachment-full size-full\" alt=\"\" loading=\"lazy\" srcset=\"https:\/\/radis.ee\/wp-content\/uploads\/2022\/01\/EPA-TSCA-CARB-ULEF-Certificate-for-interior-glued-plywood.jpg 595w, https:\/\/radis.ee\/wp-content\/uploads\/2022\/01\/EPA-TSCA-CARB-ULEF-Certificate-for-interior-glued-plywood-212x300.jpg 212w, https:\/\/radis.ee\/wp-content\/uploads\/2022\/01\/EPA-TSCA-CARB-ULEF-Certificate-for-interior-glued-plywood-42x60.jpg 42w\" sizes=\"auto, (max-width: 595px) 100vw, 595px\" \/><\/div><\/div><\/div><\/div><\/div><div class=\"vc_col-sm-3 wpb_column vc_column_container\"><div class=\"vc_column-inner\"><div class=\"wpb_wrapper\"><div class=\"wpb_text_column\"><div class=\"wpb_wrapper\"><h3>Koskisen Sperrholz FSC-Zertifikat<\/h3>\n<\/div><\/div><div class=\"w-image align_none\"><div class=\"w-image-h\"><img decoding=\"async\" width=\"595\" height=\"841\" src=\"https:\/\/radis.ee\/wp-content\/uploads\/2022\/01\/Koskisen-FSC-sertifikaatti-EN.jpg\" class=\"attachment-full size-full\" alt=\"\" loading=\"lazy\" srcset=\"https:\/\/radis.ee\/wp-content\/uploads\/2022\/01\/Koskisen-FSC-sertifikaatti-EN.jpg 595w, https:\/\/radis.ee\/wp-content\/uploads\/2022\/01\/Koskisen-FSC-sertifikaatti-EN-212x300.jpg 212w, https:\/\/radis.ee\/wp-content\/uploads\/2022\/01\/Koskisen-FSC-sertifikaatti-EN-42x60.jpg 42w\" sizes=\"auto, (max-width: 595px) 100vw, 595px\" \/><\/div><\/div><\/div><\/div><\/div><div class=\"vc_col-sm-3 wpb_column vc_column_container\"><div class=\"vc_column-inner\"><div class=\"wpb_wrapper\"><div class=\"wpb_text_column\"><div class=\"wpb_wrapper\"><h3>Makeitneutrales Partnerschaftszertifikat<\/h3>\n<\/div><\/div><div class=\"w-image align_none\"><div class=\"w-image-h\"><img decoding=\"async\" width=\"400\" height=\"563\" src=\"https:\/\/radis.ee\/wp-content\/uploads\/2022\/04\/Makeitnatural-sertifikaat.jpg\" class=\"attachment-full size-full\" alt=\"\" loading=\"lazy\" srcset=\"https:\/\/radis.ee\/wp-content\/uploads\/2022\/04\/Makeitnatural-sertifikaat.jpg 400w, https:\/\/radis.ee\/wp-content\/uploads\/2022\/04\/Makeitnatural-sertifikaat-213x300.jpg 213w, https:\/\/radis.ee\/wp-content\/uploads\/2022\/04\/Makeitnatural-sertifikaat-43x60.jpg 43w\" sizes=\"auto, (max-width: 400px) 100vw, 400px\" \/><\/div><\/div><\/div><\/div><\/div><\/div><\/div><\/div><\/div><\/div><\/div><\/section>\n","protected":false},"excerpt":{"rendered":"Elegantes nordisches Design zu Ihren Diensten F\u00fcr die Ewigkeit gebaut Wir haben \u00fcber ein Jahrzehnt Erfahrung in der Herstellung und halten uns an ein einfaches Versprechen: Qualit\u00e4tsm\u00f6bel so zu entwerfen und herzustellen, wie Sie heute leben. Und jeden Tag danach. Mission &amp; Vision Radis erweitert den sauberen Raum um Sie herum. Wir verwenden durchdachtes Design...","protected":false},"author":1,"featured_media":0,"parent":5027,"menu_order":0,"comment_status":"closed","ping_status":"closed","template":"","meta":{"_acf_changed":false,"footnotes":""},"class_list":["post-5029","page","type-page","status-publish","hentry"],"acf":[],"yoast_head":"<!-- This site is optimized with the Yoast SEO plugin v27.3 - https:\/\/yoast.com\/product\/yoast-seo-wordpress\/ -->\n<title>Ethik - Radis<\/title>\n<meta name=\"robots\" content=\"index, follow, max-snippet:-1, max-image-preview:large, max-video-preview:-1\" \/>\n<link rel=\"canonical\" href=\"https:\/\/radis.ee\/meist\/meie-pohimotted\/\" \/>\n<meta property=\"og:locale\" content=\"de_DE\" \/>\n<meta property=\"og:type\" content=\"article\" \/>\n<meta property=\"og:title\" content=\"Ethik - Radis\" \/>\n<meta property=\"og:url\" content=\"https:\/\/radis.ee\/meist\/meie-pohimotted\/\" \/>\n<meta property=\"og:site_name\" content=\"Radis\" \/>\n<meta property=\"article:publisher\" content=\"https:\/\/www.facebook.com\/radisfurniture\/\" \/>\n<meta property=\"article:modified_time\" content=\"2025-06-02T11:32:54+00:00\" \/>\n<meta name=\"twitter:card\" content=\"summary_large_image\" \/>\n<meta name=\"twitter:label1\" content=\"Gesch\u00e4tzte Lesezeit\" \/>\n\t<meta name=\"twitter:data1\" content=\"6\u00a0Minuten\" \/>\n<script type=\"application\/ld+json\" class=\"yoast-schema-graph\">{\"@context\":\"https:\\\/\\\/schema.org\",\"@graph\":[{\"@type\":\"WebPage\",\"@id\":\"https:\\\/\\\/radis.ee\\\/meist\\\/meie-pohimotted\\\/\",\"url\":\"https:\\\/\\\/radis.ee\\\/meist\\\/meie-pohimotted\\\/\",\"name\":\"Ethik - Radis\",\"isPartOf\":{\"@id\":\"https:\\\/\\\/radis.ee\\\/#website\"},\"datePublished\":\"2020-10-16T21:13:26+00:00\",\"dateModified\":\"2025-06-02T11:32:54+00:00\",\"breadcrumb\":{\"@id\":\"https:\\\/\\\/radis.ee\\\/meist\\\/meie-pohimotted\\\/#breadcrumb\"},\"inLanguage\":\"de\",\"potentialAction\":[{\"@type\":\"ReadAction\",\"target\":[\"https:\\\/\\\/radis.ee\\\/meist\\\/meie-pohimotted\\\/\"]}]},{\"@type\":\"BreadcrumbList\",\"@id\":\"https:\\\/\\\/radis.ee\\\/meist\\\/meie-pohimotted\\\/#breadcrumb\",\"itemListElement\":[{\"@type\":\"ListItem\",\"position\":1,\"name\":\"Home\",\"item\":\"https:\\\/\\\/radis.ee\\\/\"},{\"@type\":\"ListItem\",\"position\":2,\"name\":\"\u00dcber uns\",\"item\":\"https:\\\/\\\/radis.ee\\\/meist\\\/\"},{\"@type\":\"ListItem\",\"position\":3,\"name\":\"Ethik\"}]},{\"@type\":\"WebSite\",\"@id\":\"https:\\\/\\\/radis.ee\\\/#website\",\"url\":\"https:\\\/\\\/radis.ee\\\/\",\"name\":\"Radis\",\"description\":\"Nordic design furniture, environmentally friendly and sustainable.\",\"publisher\":{\"@id\":\"https:\\\/\\\/radis.ee\\\/#organization\"},\"potentialAction\":[{\"@type\":\"SearchAction\",\"target\":{\"@type\":\"EntryPoint\",\"urlTemplate\":\"https:\\\/\\\/radis.ee\\\/?s={search_term_string}\"},\"query-input\":{\"@type\":\"PropertyValueSpecification\",\"valueRequired\":true,\"valueName\":\"search_term_string\"}}],\"inLanguage\":\"de\"},{\"@type\":\"Organization\",\"@id\":\"https:\\\/\\\/radis.ee\\\/#organization\",\"name\":\"Radis O\u00dc\",\"url\":\"https:\\\/\\\/radis.ee\\\/\",\"logo\":{\"@type\":\"ImageObject\",\"inLanguage\":\"de\",\"@id\":\"https:\\\/\\\/radis.ee\\\/#\\\/schema\\\/logo\\\/image\\\/\",\"url\":\"https:\\\/\\\/radis.ee\\\/wp-content\\\/uploads\\\/2020\\\/10\\\/Radis-logo.png\",\"contentUrl\":\"https:\\\/\\\/radis.ee\\\/wp-content\\\/uploads\\\/2020\\\/10\\\/Radis-logo.png\",\"width\":300,\"height\":63,\"caption\":\"Radis O\u00dc\"},\"image\":{\"@id\":\"https:\\\/\\\/radis.ee\\\/#\\\/schema\\\/logo\\\/image\\\/\"},\"sameAs\":[\"https:\\\/\\\/www.facebook.com\\\/radisfurniture\\\/\"]}]}<\/script>\n<!-- \/ Yoast SEO plugin. -->","yoast_head_json":{"title":"Ethik - Radis","robots":{"index":"index","follow":"follow","max-snippet":"max-snippet:-1","max-image-preview":"max-image-preview:large","max-video-preview":"max-video-preview:-1"},"canonical":"https:\/\/radis.ee\/meist\/meie-pohimotted\/","og_locale":"de_DE","og_type":"article","og_title":"Ethik - Radis","og_url":"https:\/\/radis.ee\/meist\/meie-pohimotted\/","og_site_name":"Radis","article_publisher":"https:\/\/www.facebook.com\/radisfurniture\/","article_modified_time":"2025-06-02T11:32:54+00:00","twitter_card":"summary_large_image","twitter_misc":{"Gesch\u00e4tzte Lesezeit":"6\u00a0Minuten"},"schema":{"@context":"https:\/\/schema.org","@graph":[{"@type":"WebPage","@id":"https:\/\/radis.ee\/meist\/meie-pohimotted\/","url":"https:\/\/radis.ee\/meist\/meie-pohimotted\/","name":"Ethik - Radis","isPartOf":{"@id":"https:\/\/radis.ee\/#website"},"datePublished":"2020-10-16T21:13:26+00:00","dateModified":"2025-06-02T11:32:54+00:00","breadcrumb":{"@id":"https:\/\/radis.ee\/meist\/meie-pohimotted\/#breadcrumb"},"inLanguage":"de","potentialAction":[{"@type":"ReadAction","target":["https:\/\/radis.ee\/meist\/meie-pohimotted\/"]}]},{"@type":"BreadcrumbList","@id":"https:\/\/radis.ee\/meist\/meie-pohimotted\/#breadcrumb","itemListElement":[{"@type":"ListItem","position":1,"name":"Home","item":"https:\/\/radis.ee\/"},{"@type":"ListItem","position":2,"name":"\u00dcber uns","item":"https:\/\/radis.ee\/meist\/"},{"@type":"ListItem","position":3,"name":"Ethik"}]},{"@type":"WebSite","@id":"https:\/\/radis.ee\/#website","url":"https:\/\/radis.ee\/","name":"Radis","description":"Nordic design furniture, environmentally friendly and sustainable.","publisher":{"@id":"https:\/\/radis.ee\/#organization"},"potentialAction":[{"@type":"SearchAction","target":{"@type":"EntryPoint","urlTemplate":"https:\/\/radis.ee\/?s={search_term_string}"},"query-input":{"@type":"PropertyValueSpecification","valueRequired":true,"valueName":"search_term_string"}}],"inLanguage":"de"},{"@type":"Organization","@id":"https:\/\/radis.ee\/#organization","name":"Radis O\u00dc","url":"https:\/\/radis.ee\/","logo":{"@type":"ImageObject","inLanguage":"de","@id":"https:\/\/radis.ee\/#\/schema\/logo\/image\/","url":"https:\/\/radis.ee\/wp-content\/uploads\/2020\/10\/Radis-logo.png","contentUrl":"https:\/\/radis.ee\/wp-content\/uploads\/2020\/10\/Radis-logo.png","width":300,"height":63,"caption":"Radis O\u00dc"},"image":{"@id":"https:\/\/radis.ee\/#\/schema\/logo\/image\/"},"sameAs":["https:\/\/www.facebook.com\/radisfurniture\/"]}]}},"_links":{"self":[{"href":"https:\/\/radis.ee\/de\/wp-json\/wp\/v2\/pages\/5029","targetHints":{"allow":["GET"]}}],"collection":[{"href":"https:\/\/radis.ee\/de\/wp-json\/wp\/v2\/pages"}],"about":[{"href":"https:\/\/radis.ee\/de\/wp-json\/wp\/v2\/types\/page"}],"author":[{"embeddable":true,"href":"https:\/\/radis.ee\/de\/wp-json\/wp\/v2\/users\/1"}],"replies":[{"embeddable":true,"href":"https:\/\/radis.ee\/de\/wp-json\/wp\/v2\/comments?post=5029"}],"version-history":[{"count":0,"href":"https:\/\/radis.ee\/de\/wp-json\/wp\/v2\/pages\/5029\/revisions"}],"up":[{"embeddable":true,"href":"https:\/\/radis.ee\/de\/wp-json\/wp\/v2\/pages\/5027"}],"wp:attachment":[{"href":"https:\/\/radis.ee\/de\/wp-json\/wp\/v2\/media?parent=5029"}],"curies":[{"name":"wp","href":"https:\/\/api.w.org\/{rel}","templated":true}]}}