{"id":5341,"date":"2020-10-19T01:44:01","date_gmt":"2020-10-18T22:44:01","guid":{"rendered":"https:\/\/radis.ee\/kollektionen\/"},"modified":"2026-03-24T18:14:51","modified_gmt":"2026-03-24T16:14:51","slug":"kollektionen","status":"publish","type":"page","link":"https:\/\/radis.ee\/de\/kollektionen\/","title":{"rendered":"Kollektionen"},"content":{"rendered":"<section class=\"l-section wpb_row collection-grid height_medium\"><div class=\"l-section-h i-cf\"><div class=\"g-cols vc_row via_flex valign_top type_default stacking_default\"><div class=\"vc_col-sm-12 wpb_column vc_column_container\"><div class=\"vc_column-inner\"><div class=\"wpb_wrapper\"><div class=\"w-grid us_post_list apply_url_params type_grid layout_5340 cols_2 preload_style_spinner\" id=\"us_post_list_y8e4\" style=\"--columns:2;--gap:1.5rem;\"><style>@media (max-width:600px){#us_post_list_y8e4{--columns:1!important}}.layout_5340 .w-grid-item-h{}.layout_5340 .usg_post_image_1{padding-left:3rem!important;padding-bottom:3rem!important;padding-right:3rem!important}.layout_5340 .usg_post_title_1{font-weight:300!important;font-size:2.75rem!important;margin-top:3rem!important;margin-bottom:2rem!important}.layout_5340 .usg_post_content_1{font-size:1.12rem!important;margin-bottom:2rem!important}<\/style><div class=\"w-grid-list\">\t<article class=\"w-grid-item size_1x1 post-4702 us_portfolio type-us_portfolio status-publish has-post-thumbnail hentry\" data-id=\"4702\">\r\n\t\t<div class=\"w-grid-item-h\">\r\n\t\t\t\t\t\t<div class=\"w-post-elm post_image usg_post_image_1 stretched\"><a href=\"https:\/\/radis.ee\/de\/collection\/retro-ist-das-neue-schwarz-retro-sorgt-fuer-stimmung-huh\/\" aria-label=\"Retro ist das neue Schwarz, Retro sorgt f\u00fcr Stimmung &#8211; HUH\"><img loading=\"lazy\" decoding=\"async\" width=\"2560\" height=\"1706\" src=\"https:\/\/radis.ee\/wp-content\/uploads\/2020\/10\/RA0566-Radis-wardrobe-HUH-3-doors-horizontal-handles-Light-Oak-doors-white-film-drawers-pebble-grey-in-interior-2-PRINT-scaled.jpg\" class=\"attachment-full size-full wp-post-image\" alt=\"RADIS wardrobe HUH 3 doors horizontal handles Light Oak drawers Pebble Grey\" srcset=\"https:\/\/radis.ee\/wp-content\/uploads\/2020\/10\/RA0566-Radis-wardrobe-HUH-3-doors-horizontal-handles-Light-Oak-doors-white-film-drawers-pebble-grey-in-interior-2-PRINT-scaled.jpg 2560w, https:\/\/radis.ee\/wp-content\/uploads\/2020\/10\/RA0566-Radis-wardrobe-HUH-3-doors-horizontal-handles-Light-Oak-doors-white-film-drawers-pebble-grey-in-interior-2-PRINT-300x200.jpg 300w, https:\/\/radis.ee\/wp-content\/uploads\/2020\/10\/RA0566-Radis-wardrobe-HUH-3-doors-horizontal-handles-Light-Oak-doors-white-film-drawers-pebble-grey-in-interior-2-PRINT-1024x683.jpg 1024w, https:\/\/radis.ee\/wp-content\/uploads\/2020\/10\/RA0566-Radis-wardrobe-HUH-3-doors-horizontal-handles-Light-Oak-doors-white-film-drawers-pebble-grey-in-interior-2-PRINT-600x400.jpg 600w, https:\/\/radis.ee\/wp-content\/uploads\/2020\/10\/RA0566-Radis-wardrobe-HUH-3-doors-horizontal-handles-Light-Oak-doors-white-film-drawers-pebble-grey-in-interior-2-PRINT-60x40.jpg 60w\" sizes=\"auto, (max-width: 2560px) 100vw, 2560px\" \/><\/a><\/div><h2 class=\"w-post-elm post_title usg_post_title_1 entry-title color_link_inherit\"><a href=\"https:\/\/radis.ee\/de\/collection\/retro-ist-das-neue-schwarz-retro-sorgt-fuer-stimmung-huh\/\">Retro ist das neue Schwarz, Retro sorgt f\u00fcr Stimmung &#8211; HUH<\/a><\/h2><div class=\"w-post-elm post_content usg_post_content_1\">Flache F\u00fc\u00dfe in breiterer Ausf\u00fchrung sind das Besondere an dieser Kollektion.\u00a0Es ist wieder 1975. Die Menschen haben Zeit, um B\u00fccher zu lesen und nachzudenken\u2026\u00a0Schreibtisch, Nachttisch, Multimediatisch, Esstisch \u2013 nehmen Sie&hellip;<\/div><a class=\"w-btn us-btn-style_1 usg_btn_1\" href=\"https:\/\/radis.ee\/de\/collection\/retro-ist-das-neue-schwarz-retro-sorgt-fuer-stimmung-huh\/\"><span class=\"w-btn-label\">Sammlung erkunden<\/span><\/a>\t\t<\/div>\r\n\t\t\t<\/article>\r\n\t<article class=\"w-grid-item size_1x1 post-4691 us_portfolio type-us_portfolio status-publish has-post-thumbnail hentry\" data-id=\"4691\">\r\n\t\t<div class=\"w-grid-item-h\">\r\n\t\t\t\t\t\t<div class=\"w-post-elm post_image usg_post_image_1 stretched\"><a href=\"https:\/\/radis.ee\/de\/collection\/kombineeri-kappe-ja-riiuleid-pix\/\" aria-label=\"Kombinieren Sie Schr\u00e4nke und Regale &#8211; PIX\"><img loading=\"lazy\" decoding=\"async\" width=\"1870\" height=\"1026\" src=\"https:\/\/radis.ee\/wp-content\/uploads\/2020\/09\/Radis-collection-PIX-with-PIX4x5.jpg\" class=\"attachment-full size-full wp-post-image\" alt=\"COLLECTION PIX\" srcset=\"https:\/\/radis.ee\/wp-content\/uploads\/2020\/09\/Radis-collection-PIX-with-PIX4x5.jpg 1870w, https:\/\/radis.ee\/wp-content\/uploads\/2020\/09\/Radis-collection-PIX-with-PIX4x5-300x165.jpg 300w, https:\/\/radis.ee\/wp-content\/uploads\/2020\/09\/Radis-collection-PIX-with-PIX4x5-1024x562.jpg 1024w, https:\/\/radis.ee\/wp-content\/uploads\/2020\/09\/Radis-collection-PIX-with-PIX4x5-600x329.jpg 600w, https:\/\/radis.ee\/wp-content\/uploads\/2020\/09\/Radis-collection-PIX-with-PIX4x5-36x20.jpg 36w\" sizes=\"auto, (max-width: 1870px) 100vw, 1870px\" \/><\/a><\/div><h2 class=\"w-post-elm post_title usg_post_title_1 entry-title color_link_inherit\"><a href=\"https:\/\/radis.ee\/de\/collection\/kombineeri-kappe-ja-riiuleid-pix\/\">Kombinieren Sie Schr\u00e4nke und Regale &#8211; PIX<\/a><\/h2><div class=\"w-post-elm post_content usg_post_content_1\">Sie entscheiden, was zu zeigen und was zu verstecken ist. Ein Spiel mit Pixeln, deren unterschiedliche Kombinationen ins B\u00fcro genauso passen wie ins Kinderzimmer. Wie viele Pixel f\u00fcr Sie, und&hellip;<\/div><a class=\"w-btn us-btn-style_1 usg_btn_1\" href=\"https:\/\/radis.ee\/de\/collection\/kombineeri-kappe-ja-riiuleid-pix\/\"><span class=\"w-btn-label\">Sammlung erkunden<\/span><\/a>\t\t<\/div>\r\n\t\t\t<\/article>\r\n\t<article class=\"w-grid-item size_1x1 post-4697 us_portfolio type-us_portfolio status-publish has-post-thumbnail hentry\" data-id=\"4697\">\r\n\t\t<div class=\"w-grid-item-h\">\r\n\t\t\t\t\t\t<div class=\"w-post-elm post_image usg_post_image_1 stretched\"><a href=\"https:\/\/radis.ee\/de\/collection\/elegant-und-zeitlos-noble\/\" aria-label=\"Elegant und zeitlos &#8211; NOBLE\"><img loading=\"lazy\" decoding=\"async\" width=\"1902\" height=\"1902\" src=\"https:\/\/radis.ee\/wp-content\/uploads\/2022\/02\/RADIS_TV-stand_NOBLE_200cm_Oak_veneered_plywood_doors_Black_stain_doors_open.jpg\" class=\"attachment-full size-full wp-post-image\" alt=\"RADIS TV-stand NOBLE 200 cm Oak veneered\" srcset=\"https:\/\/radis.ee\/wp-content\/uploads\/2022\/02\/RADIS_TV-stand_NOBLE_200cm_Oak_veneered_plywood_doors_Black_stain_doors_open.jpg 1902w, https:\/\/radis.ee\/wp-content\/uploads\/2022\/02\/RADIS_TV-stand_NOBLE_200cm_Oak_veneered_plywood_doors_Black_stain_doors_open-300x300.jpg 300w, https:\/\/radis.ee\/wp-content\/uploads\/2022\/02\/RADIS_TV-stand_NOBLE_200cm_Oak_veneered_plywood_doors_Black_stain_doors_open-1024x1024.jpg 1024w, https:\/\/radis.ee\/wp-content\/uploads\/2022\/02\/RADIS_TV-stand_NOBLE_200cm_Oak_veneered_plywood_doors_Black_stain_doors_open-150x150.jpg 150w, https:\/\/radis.ee\/wp-content\/uploads\/2022\/02\/RADIS_TV-stand_NOBLE_200cm_Oak_veneered_plywood_doors_Black_stain_doors_open-450x450.jpg 450w, https:\/\/radis.ee\/wp-content\/uploads\/2022\/02\/RADIS_TV-stand_NOBLE_200cm_Oak_veneered_plywood_doors_Black_stain_doors_open-600x600.jpg 600w, https:\/\/radis.ee\/wp-content\/uploads\/2022\/02\/RADIS_TV-stand_NOBLE_200cm_Oak_veneered_plywood_doors_Black_stain_doors_open-60x60.jpg 60w\" sizes=\"auto, (max-width: 1902px) 100vw, 1902px\" \/><\/a><\/div><h2 class=\"w-post-elm post_title usg_post_title_1 entry-title color_link_inherit\"><a href=\"https:\/\/radis.ee\/de\/collection\/elegant-und-zeitlos-noble\/\">Elegant und zeitlos &#8211; NOBLE<\/a><\/h2><div class=\"w-post-elm post_content usg_post_content_1\">Unsere Noble-Serie ist aus Eichenfurnier gefertigt. Das ist klassisch auf moderne Weise.<\/div><a class=\"w-btn us-btn-style_1 usg_btn_1\" href=\"https:\/\/radis.ee\/de\/collection\/elegant-und-zeitlos-noble\/\"><span class=\"w-btn-label\">Sammlung erkunden<\/span><\/a>\t\t<\/div>\r\n\t\t\t<\/article>\r\n\t<article class=\"w-grid-item size_1x1 post-4715 us_portfolio type-us_portfolio status-publish has-post-thumbnail hentry\" data-id=\"4715\">\r\n\t\t<div class=\"w-grid-item-h\">\r\n\t\t\t\t\t\t<div class=\"w-post-elm post_image usg_post_image_1 stretched\"><a href=\"https:\/\/radis.ee\/de\/collection\/arbeitsplatz-zu-hause-hausbuero\/\" aria-label=\"Arbeitsplatz zu Hause &#8211; HAUSB\u00dcRO\"><img loading=\"lazy\" decoding=\"async\" width=\"2560\" height=\"1440\" src=\"https:\/\/radis.ee\/wp-content\/uploads\/2020\/10\/RA0639-Radis-shelf-LIFT-small-oak-veneered.jpg\" class=\"attachment-full size-full wp-post-image\" alt=\"\" srcset=\"https:\/\/radis.ee\/wp-content\/uploads\/2020\/10\/RA0639-Radis-shelf-LIFT-small-oak-veneered.jpg 2560w, https:\/\/radis.ee\/wp-content\/uploads\/2020\/10\/RA0639-Radis-shelf-LIFT-small-oak-veneered-300x169.jpg 300w, https:\/\/radis.ee\/wp-content\/uploads\/2020\/10\/RA0639-Radis-shelf-LIFT-small-oak-veneered-1024x576.jpg 1024w, https:\/\/radis.ee\/wp-content\/uploads\/2020\/10\/RA0639-Radis-shelf-LIFT-small-oak-veneered-600x338.jpg 600w, https:\/\/radis.ee\/wp-content\/uploads\/2020\/10\/RA0639-Radis-shelf-LIFT-small-oak-veneered-36x20.jpg 36w\" sizes=\"auto, (max-width: 2560px) 100vw, 2560px\" \/><\/a><\/div><h2 class=\"w-post-elm post_title usg_post_title_1 entry-title color_link_inherit\"><a href=\"https:\/\/radis.ee\/de\/collection\/arbeitsplatz-zu-hause-hausbuero\/\">Arbeitsplatz zu Hause &#8211; HAUSB\u00dcRO<\/a><\/h2><div class=\"w-post-elm post_content usg_post_content_1\">Vor kurzem wurde im B\u00fcro gearbeitet &#8211; jetzt ist der Arbeitsplatz Teil unseres Wohnraums. Im Moment scheint sich fast alles zu \u00e4ndern &#8211; aber manchmal kann man mit ein wenig&hellip;<\/div><a class=\"w-btn us-btn-style_1 usg_btn_1\" href=\"https:\/\/radis.ee\/de\/collection\/arbeitsplatz-zu-hause-hausbuero\/\"><span class=\"w-btn-label\">Sammlung erkunden<\/span><\/a>\t\t<\/div>\r\n\t\t\t<\/article>\r\n\t<article class=\"w-grid-item size_1x1 post-4706 us_portfolio type-us_portfolio status-publish has-post-thumbnail hentry\" data-id=\"4706\">\r\n\t\t<div class=\"w-grid-item-h\">\r\n\t\t\t\t\t\t<div class=\"w-post-elm post_image usg_post_image_1 stretched\"><a href=\"https:\/\/radis.ee\/de\/collection\/eine-frische-herangehensweise-an-die-klassiker-boxy\/\" aria-label=\"Eine frische Herangehensweise an die Klassiker &#8211; BOXY\"><img loading=\"lazy\" decoding=\"async\" width=\"475\" height=\"432\" src=\"https:\/\/radis.ee\/wp-content\/uploads\/2020\/07\/RADIS_shelf_BOXY_M_Oak_veneere_interior.jpg\" class=\"attachment-full size-full wp-post-image\" alt=\"RADIS shelf BOXY M Oak veneered interior\" srcset=\"https:\/\/radis.ee\/wp-content\/uploads\/2020\/07\/RADIS_shelf_BOXY_M_Oak_veneere_interior.jpg 475w, https:\/\/radis.ee\/wp-content\/uploads\/2020\/07\/RADIS_shelf_BOXY_M_Oak_veneere_interior-300x273.jpg 300w, https:\/\/radis.ee\/wp-content\/uploads\/2020\/07\/RADIS_shelf_BOXY_M_Oak_veneere_interior-60x55.jpg 60w\" sizes=\"auto, (max-width: 475px) 100vw, 475px\" \/><\/a><\/div><h2 class=\"w-post-elm post_title usg_post_title_1 entry-title color_link_inherit\"><a href=\"https:\/\/radis.ee\/de\/collection\/eine-frische-herangehensweise-an-die-klassiker-boxy\/\">Eine frische Herangehensweise an die Klassiker &#8211; BOXY<\/a><\/h2><div class=\"w-post-elm post_content usg_post_content_1\">Es ist eine frische Version des Klassikers Birkensperrholzm\u00f6bel. Jeder Artikel ist funktional unter Ber\u00fccksichtigung der praktische, allt\u00e4gliche Anforderungen an M\u00f6bel. Das Design ist aber zeitlos Jeder Gegenstand hat immer noch&hellip;<\/div><a class=\"w-btn us-btn-style_1 usg_btn_1\" href=\"https:\/\/radis.ee\/de\/collection\/eine-frische-herangehensweise-an-die-klassiker-boxy\/\"><span class=\"w-btn-label\">Sammlung erkunden<\/span><\/a>\t\t<\/div>\r\n\t\t\t<\/article>\r\n\t<article class=\"w-grid-item size_1x1 post-17197 us_portfolio type-us_portfolio status-publish has-post-thumbnail hentry\" data-id=\"17197\">\r\n\t\t<div class=\"w-grid-item-h\">\r\n\t\t\t\t\t\t<div class=\"w-post-elm post_image usg_post_image_1 stretched\"><a href=\"https:\/\/radis.ee\/de\/collection\/moistatuslikud-mustrid-romb\/\" aria-label=\"R\u00e4tselhafte Muster &#8211; ROMB\"><img loading=\"lazy\" decoding=\"async\" width=\"2500\" height=\"1666\" src=\"https:\/\/radis.ee\/wp-content\/uploads\/2020\/10\/RADIS_sideboard_TV-stand_ROMB_White_CPL.jpg\" class=\"attachment-full size-full wp-post-image\" alt=\"RADIS tv-stand sideboard ROMB White CPL plywood\" srcset=\"https:\/\/radis.ee\/wp-content\/uploads\/2020\/10\/RADIS_sideboard_TV-stand_ROMB_White_CPL.jpg 2500w, https:\/\/radis.ee\/wp-content\/uploads\/2020\/10\/RADIS_sideboard_TV-stand_ROMB_White_CPL-300x200.jpg 300w, https:\/\/radis.ee\/wp-content\/uploads\/2020\/10\/RADIS_sideboard_TV-stand_ROMB_White_CPL-1024x682.jpg 1024w, https:\/\/radis.ee\/wp-content\/uploads\/2020\/10\/RADIS_sideboard_TV-stand_ROMB_White_CPL-600x400.jpg 600w, https:\/\/radis.ee\/wp-content\/uploads\/2020\/10\/RADIS_sideboard_TV-stand_ROMB_White_CPL-60x40.jpg 60w\" sizes=\"auto, (max-width: 2500px) 100vw, 2500px\" \/><\/a><\/div><h2 class=\"w-post-elm post_title usg_post_title_1 entry-title color_link_inherit\"><a href=\"https:\/\/radis.ee\/de\/collection\/moistatuslikud-mustrid-romb\/\">R\u00e4tselhafte Muster &#8211; ROMB<\/a><\/h2><div class=\"w-post-elm post_content usg_post_content_1\">Viele Menschen wissen das nicht, aber der Sch\u00f6nheit eines Schrankes sind gewisse Grenzen gesetzt. So kann eine Kommode nicht sch\u00f6ner sein als die von ROMB. Ist es nicht offensichtlich? Nur&hellip;<\/div><a class=\"w-btn us-btn-style_1 usg_btn_1\" href=\"https:\/\/radis.ee\/de\/collection\/moistatuslikud-mustrid-romb\/\"><span class=\"w-btn-label\">Sammlung erkunden<\/span><\/a>\t\t<\/div>\r\n\t\t\t<\/article>\r\n<\/div><div class=\"g-loadmore hidden\"><div class=\"g-preloader type_1\"><div><\/div><\/div><\/div><div class=\"w-grid-list-json hidden\" onclick='return {&quot;max_num_pages&quot;:0,&quot;paginationBase&quot;:&quot;page&quot;,&quot;pagination&quot;:&quot;none&quot;,&quot;paged&quot;:1,&quot;ajaxData&quot;:{&quot;action&quot;:&quot;us_ajax_post_list&quot;,&quot;meta_type&quot;:&quot;post&quot;,&quot;object_id&quot;:0,&quot;template_vars&quot;:{&quot;shortcode_base&quot;:&quot;us_post_list&quot;,&quot;paged&quot;:1,&quot;max_num_pages&quot;:0,&quot;no_results&quot;:false,&quot;us_post_content_design_css&quot;:[],&quot;found_posts&quot;:0,&quot;per_page&quot;:10,&quot;items_count&quot;:6,&quot;orderby_random_seed&quot;:null,&quot;source&quot;:&quot;all&quot;,&quot;custom_field_name&quot;:&quot;&quot;,&quot;ids&quot;:&quot;&quot;,&quot;post_type&quot;:&quot;us_portfolio&quot;,&quot;attachment_ids&quot;:null,&quot;include_post_thumbnail&quot;:0,&quot;post_author&quot;:&quot;any&quot;,&quot;post_author_ids&quot;:&quot;&quot;,&quot;apply_url_params&quot;:&quot;1&quot;,&quot;ignore_sticky_posts&quot;:&quot;0&quot;,&quot;exclude_children&quot;:0,&quot;exclude_current_post&quot;:1,&quot;exclude_prev_posts&quot;:&quot;1&quot;,&quot;exclude_past_events&quot;:&quot;1&quot;,&quot;enable_items_offset&quot;:0,&quot;items_offset&quot;:&quot;1&quot;,&quot;tax_query_relation&quot;:&quot;none&quot;,&quot;tax_query&quot;:[{&quot;operator&quot;:&quot;IN&quot;,&quot;taxonomy&quot;:&quot;category&quot;,&quot;terms&quot;:&quot;&quot;,&quot;include_children&quot;:0}],&quot;meta_query_relation&quot;:&quot;none&quot;,&quot;meta_query&quot;:[{&quot;key&quot;:&quot;custom_field_name&quot;,&quot;compare&quot;:&quot;=&quot;,&quot;value&quot;:&quot;&quot;}],&quot;orderby&quot;:&quot;date&quot;,&quot;orderby_custom_field&quot;:&quot;&quot;,&quot;orderby_custom_type&quot;:0,&quot;order_invert&quot;:&quot;1&quot;,&quot;show_all&quot;:0,&quot;quantity&quot;:&quot;10&quot;,&quot;posts_per_archive_page&quot;:0,&quot;no_items_action&quot;:&quot;message&quot;,&quot;no_items_message&quot;:&quot;Es wurden keine Ergebnisse gefunden.&quot;,&quot;no_items_page_block&quot;:&quot;&quot;,&quot;pagination&quot;:&quot;none&quot;,&quot;pagination_style&quot;:&quot;&quot;,&quot;pagination_btn_text&quot;:&quot;Mehr laden&quot;,&quot;pagination_btn_size&quot;:&quot;&quot;,&quot;pagination_btn_style&quot;:&quot;1&quot;,&quot;pagination_btn_fullwidth&quot;:0,&quot;items_layout&quot;:&quot;5340&quot;,&quot;type&quot;:&quot;grid&quot;,&quot;items_valign&quot;:0,&quot;ignore_items_size&quot;:0,&quot;columns&quot;:&quot;2&quot;,&quot;items_gap&quot;:&quot;1.5rem&quot;,&quot;load_animation&quot;:&quot;none&quot;,&quot;items_preload_style&quot;:&quot;spinner&quot;,&quot;img_size&quot;:&quot;default&quot;,&quot;title_size&quot;:&quot;&quot;,&quot;items_ratio&quot;:&quot;default&quot;,&quot;items_ratio_width&quot;:&quot;21&quot;,&quot;items_ratio_height&quot;:&quot;9&quot;,&quot;overriding_link&quot;:&quot;{\\&quot;url\\&quot;:\\&quot;\\&quot;}&quot;,&quot;popup_page_template&quot;:&quot;0&quot;,&quot;popup_width&quot;:&quot;&quot;,&quot;popup_arrows&quot;:1,&quot;breakpoint_1_width&quot;:&quot;1281px&quot;,&quot;breakpoint_1_cols&quot;:&quot;3&quot;,&quot;breakpoint_1_quantity&quot;:&quot;&quot;,&quot;breakpoint_1_gap&quot;:&quot;&quot;,&quot;breakpoint_2_width&quot;:&quot;1025px&quot;,&quot;breakpoint_2_cols&quot;:&quot;2&quot;,&quot;breakpoint_2_quantity&quot;:&quot;&quot;,&quot;breakpoint_2_gap&quot;:&quot;&quot;,&quot;breakpoint_3_width&quot;:&quot;601px&quot;,&quot;breakpoint_3_cols&quot;:&quot;1&quot;,&quot;breakpoint_3_quantity&quot;:&quot;&quot;,&quot;breakpoint_3_gap&quot;:&quot;&quot;,&quot;conditions_operator&quot;:&quot;always&quot;,&quot;conditions&quot;:[],&quot;css&quot;:null,&quot;el_class&quot;:&quot;&quot;,&quot;el_id&quot;:&quot;&quot;,&quot;enable_custom_html_atts&quot;:0,&quot;custom_html_atts&quot;:null,&quot;hide_on_states&quot;:&quot;&quot;,&quot;hide_for_sticky&quot;:0,&quot;hide_for_not_sticky&quot;:0,&quot;hide_below&quot;:&quot;0px&quot;,&quot;hide_above&quot;:&quot;0px&quot;,&quot;classes&quot;:&quot;&quot;},&quot;found_posts&quot;:0,&quot;per_page&quot;:10,&quot;list_filters&quot;:&quot;[]&quot;},&quot;facetedFilter&quot;:{&quot;query_args_unfiltered&quot;:&quot;{\\&quot;ignore_sticky_posts\\&quot;:false,\\&quot;post__not_in\\&quot;:[],\\&quot;tax_query\\&quot;:[],\\&quot;meta_query\\&quot;:[],\\&quot;posts_per_page\\&quot;:10,\\&quot;paged\\&quot;:1,\\&quot;apply_list_url_params\\&quot;:true,\\&quot;post_type\\&quot;:[\\&quot;us_portfolio\\&quot;],\\&quot;no_found_rows\\&quot;:true,\\&quot;post_status\\&quot;:\\&quot;publish\\&quot;}&quot;}}'><\/div><\/div><\/div><\/div><\/div><\/div><\/div><\/section>\n","protected":false},"excerpt":{"rendered":"Viele Menschen wissen das nicht, aber der Sch\u00f6nheit eines Schrankes sind gewisse Grenzen gesetzt. So kann eine Kommode nicht sch\u00f6ner sein als die von ROMB. Ist es nicht offensichtlich? Nur Sie k\u00f6nnen hinter diese r\u00e4tselhaften T\u00fcren sehen. %TV-Schrank ROMB599.00&euro; %Anrichte ROMB 4&#215;2799.00&euro; %Anrichte ROMB 2&#215;4599.00&euro; \u2013 799.00&euro;Preisspanne: 599.00&euro; bis 799.00&euro; %Anrichte ROMB 4&#215;41199.00&euro; \u2013 1399.00&euro;Preisspanne:...","protected":false},"author":1,"featured_media":0,"parent":0,"menu_order":0,"comment_status":"closed","ping_status":"closed","template":"","meta":{"_acf_changed":false,"footnotes":""},"class_list":["post-5341","page","type-page","status-publish","hentry"],"acf":[],"yoast_head":"<!-- This site is optimized with the Yoast SEO plugin v27.4 - https:\/\/yoast.com\/product\/yoast-seo-wordpress\/ -->\n<title>Kollektionen - Radis<\/title>\n<meta name=\"robots\" content=\"index, follow, max-snippet:-1, max-image-preview:large, max-video-preview:-1\" \/>\n<link rel=\"canonical\" href=\"https:\/\/radis.ee\/kollektsioonid\/\" \/>\n<meta property=\"og:locale\" content=\"de_DE\" \/>\n<meta property=\"og:type\" content=\"article\" \/>\n<meta property=\"og:title\" content=\"Kollektionen - Radis\" \/>\n<meta property=\"og:url\" content=\"https:\/\/radis.ee\/kollektsioonid\/\" \/>\n<meta property=\"og:site_name\" content=\"Radis\" \/>\n<meta property=\"article:publisher\" content=\"https:\/\/www.facebook.com\/radisfurniture\/\" \/>\n<meta property=\"article:modified_time\" content=\"2026-03-24T16:14:51+00:00\" \/>\n<meta name=\"twitter:card\" content=\"summary_large_image\" \/>\n<script type=\"application\/ld+json\" class=\"yoast-schema-graph\">{\"@context\":\"https:\\\/\\\/schema.org\",\"@graph\":[{\"@type\":\"WebPage\",\"@id\":\"https:\\\/\\\/radis.ee\\\/kollektsioonid\\\/\",\"url\":\"https:\\\/\\\/radis.ee\\\/kollektsioonid\\\/\",\"name\":\"Kollektionen - Radis\",\"isPartOf\":{\"@id\":\"https:\\\/\\\/radis.ee\\\/#website\"},\"datePublished\":\"2020-10-18T22:44:01+00:00\",\"dateModified\":\"2026-03-24T16:14:51+00:00\",\"breadcrumb\":{\"@id\":\"https:\\\/\\\/radis.ee\\\/kollektsioonid\\\/#breadcrumb\"},\"inLanguage\":\"de\",\"potentialAction\":[{\"@type\":\"ReadAction\",\"target\":[\"https:\\\/\\\/radis.ee\\\/kollektsioonid\\\/\"]}]},{\"@type\":\"BreadcrumbList\",\"@id\":\"https:\\\/\\\/radis.ee\\\/kollektsioonid\\\/#breadcrumb\",\"itemListElement\":[{\"@type\":\"ListItem\",\"position\":1,\"name\":\"Home\",\"item\":\"https:\\\/\\\/radis.ee\\\/\"},{\"@type\":\"ListItem\",\"position\":2,\"name\":\"Kollektionen\"}]},{\"@type\":\"WebSite\",\"@id\":\"https:\\\/\\\/radis.ee\\\/#website\",\"url\":\"https:\\\/\\\/radis.ee\\\/\",\"name\":\"Radis\",\"description\":\"Nordic design furniture, environmentally friendly and sustainable.\",\"publisher\":{\"@id\":\"https:\\\/\\\/radis.ee\\\/#organization\"},\"potentialAction\":[{\"@type\":\"SearchAction\",\"target\":{\"@type\":\"EntryPoint\",\"urlTemplate\":\"https:\\\/\\\/radis.ee\\\/?s={search_term_string}\"},\"query-input\":{\"@type\":\"PropertyValueSpecification\",\"valueRequired\":true,\"valueName\":\"search_term_string\"}}],\"inLanguage\":\"de\"},{\"@type\":\"Organization\",\"@id\":\"https:\\\/\\\/radis.ee\\\/#organization\",\"name\":\"Radis O\u00dc\",\"url\":\"https:\\\/\\\/radis.ee\\\/\",\"logo\":{\"@type\":\"ImageObject\",\"inLanguage\":\"de\",\"@id\":\"https:\\\/\\\/radis.ee\\\/#\\\/schema\\\/logo\\\/image\\\/\",\"url\":\"https:\\\/\\\/radis.ee\\\/wp-content\\\/uploads\\\/2020\\\/10\\\/Radis-logo.png\",\"contentUrl\":\"https:\\\/\\\/radis.ee\\\/wp-content\\\/uploads\\\/2020\\\/10\\\/Radis-logo.png\",\"width\":300,\"height\":63,\"caption\":\"Radis O\u00dc\"},\"image\":{\"@id\":\"https:\\\/\\\/radis.ee\\\/#\\\/schema\\\/logo\\\/image\\\/\"},\"sameAs\":[\"https:\\\/\\\/www.facebook.com\\\/radisfurniture\\\/\"]}]}<\/script>\n<!-- \/ Yoast SEO plugin. -->","yoast_head_json":{"title":"Kollektionen - Radis","robots":{"index":"index","follow":"follow","max-snippet":"max-snippet:-1","max-image-preview":"max-image-preview:large","max-video-preview":"max-video-preview:-1"},"canonical":"https:\/\/radis.ee\/kollektsioonid\/","og_locale":"de_DE","og_type":"article","og_title":"Kollektionen - Radis","og_url":"https:\/\/radis.ee\/kollektsioonid\/","og_site_name":"Radis","article_publisher":"https:\/\/www.facebook.com\/radisfurniture\/","article_modified_time":"2026-03-24T16:14:51+00:00","twitter_card":"summary_large_image","schema":{"@context":"https:\/\/schema.org","@graph":[{"@type":"WebPage","@id":"https:\/\/radis.ee\/kollektsioonid\/","url":"https:\/\/radis.ee\/kollektsioonid\/","name":"Kollektionen - Radis","isPartOf":{"@id":"https:\/\/radis.ee\/#website"},"datePublished":"2020-10-18T22:44:01+00:00","dateModified":"2026-03-24T16:14:51+00:00","breadcrumb":{"@id":"https:\/\/radis.ee\/kollektsioonid\/#breadcrumb"},"inLanguage":"de","potentialAction":[{"@type":"ReadAction","target":["https:\/\/radis.ee\/kollektsioonid\/"]}]},{"@type":"BreadcrumbList","@id":"https:\/\/radis.ee\/kollektsioonid\/#breadcrumb","itemListElement":[{"@type":"ListItem","position":1,"name":"Home","item":"https:\/\/radis.ee\/"},{"@type":"ListItem","position":2,"name":"Kollektionen"}]},{"@type":"WebSite","@id":"https:\/\/radis.ee\/#website","url":"https:\/\/radis.ee\/","name":"Radis","description":"Nordic design furniture, environmentally friendly and sustainable.","publisher":{"@id":"https:\/\/radis.ee\/#organization"},"potentialAction":[{"@type":"SearchAction","target":{"@type":"EntryPoint","urlTemplate":"https:\/\/radis.ee\/?s={search_term_string}"},"query-input":{"@type":"PropertyValueSpecification","valueRequired":true,"valueName":"search_term_string"}}],"inLanguage":"de"},{"@type":"Organization","@id":"https:\/\/radis.ee\/#organization","name":"Radis O\u00dc","url":"https:\/\/radis.ee\/","logo":{"@type":"ImageObject","inLanguage":"de","@id":"https:\/\/radis.ee\/#\/schema\/logo\/image\/","url":"https:\/\/radis.ee\/wp-content\/uploads\/2020\/10\/Radis-logo.png","contentUrl":"https:\/\/radis.ee\/wp-content\/uploads\/2020\/10\/Radis-logo.png","width":300,"height":63,"caption":"Radis O\u00dc"},"image":{"@id":"https:\/\/radis.ee\/#\/schema\/logo\/image\/"},"sameAs":["https:\/\/www.facebook.com\/radisfurniture\/"]}]}},"_links":{"self":[{"href":"https:\/\/radis.ee\/de\/wp-json\/wp\/v2\/pages\/5341","targetHints":{"allow":["GET"]}}],"collection":[{"href":"https:\/\/radis.ee\/de\/wp-json\/wp\/v2\/pages"}],"about":[{"href":"https:\/\/radis.ee\/de\/wp-json\/wp\/v2\/types\/page"}],"author":[{"embeddable":true,"href":"https:\/\/radis.ee\/de\/wp-json\/wp\/v2\/users\/1"}],"replies":[{"embeddable":true,"href":"https:\/\/radis.ee\/de\/wp-json\/wp\/v2\/comments?post=5341"}],"version-history":[{"count":0,"href":"https:\/\/radis.ee\/de\/wp-json\/wp\/v2\/pages\/5341\/revisions"}],"wp:attachment":[{"href":"https:\/\/radis.ee\/de\/wp-json\/wp\/v2\/media?parent=5341"}],"curies":[{"name":"wp","href":"https:\/\/api.w.org\/{rel}","templated":true}]}}