{"id":10768,"date":"2020-10-08T20:45:05","date_gmt":"2021-10-28T17:45:05","guid":{"rendered":"https:\/\/radis.ee\/anrichte-boxy-2x2\/"},"modified":"2024-01-30T21:43:31","modified_gmt":"2024-01-30T19:43:31","slug":"anrichte-boxy-2x2","status":"publish","type":"product","link":"https:\/\/radis.ee\/de\/anrichte-boxy-2x2\/","title":{"rendered":"Anrichte BOXY 2&#215;2"},"content":{"rendered":"<p>Wie ein guter Undercover-Agent ist BOXY wie ein Cham\u00e4leon, das sich \u00fcberall anpasst.<\/p>\n<p>Unabh\u00e4ngig von Ihrer Raumgr\u00f6\u00dfe, wie klein oder gro\u00df die Ecke ist, die Sie f\u00fcllen m\u00f6chten \u2013 das Sideboard BOXY passt.<\/p>\n<p>Es kommt in 6 verschiedenen Gr\u00f6\u00dfen und Abwechslungen. Es f\u00fcgt sich in jeden Raum ein und verleiht ihm dennoch mehr Charakter. Es ist praktisch und gleichzeitig \u00e4sthetisch.<\/p>\n<p>Die Innenh\u00f6he und der Abstand der Regale betragen 33 cm und eignen sich daher auch f\u00fcr das B\u00fcro zur Aufnahme von Ordnern.<\/p>\n<p>Aus Birkensperrholz, \u00f6lgewachst, auch wei\u00dfes HPL auf Sperrholz. Push2open-T\u00fcrscharniere, die sich durch Druck \u00f6ffnen und schlie\u00dfen lassen. 8 cm hoher Sockel unter dem Sideboard, der zu verschiedenen Bodenlatten passt.<\/p>\n","protected":false},"excerpt":{"rendered":"<p>Wie ein guter Undercover-Agent ist BOXY wie ein Cham\u00e4leon, das sich \u00fcberall anpasst. Unabh\u00e4ngig von Ihrer Raumgr\u00f6\u00dfe, wie klein oder gro\u00df die Ecke ist, die Sie f\u00fcllen m\u00f6chten \u2013 das Sideboard BOXY passt. Es kommt in 6 verschiedenen Gr\u00f6\u00dfen und Abwechslungen. Es f\u00fcgt sich in jeden Raum ein und verleiht ihm dennoch mehr Charakter. Es&#8230;<\/p>\n","protected":false},"featured_media":10758,"comment_status":"open","ping_status":"closed","template":"","meta":{"_acf_changed":false},"product_brand":[],"product_cat":[17],"product_tag":[],"class_list":{"0":"post-10768","1":"product","2":"type-product","3":"status-publish","4":"has-post-thumbnail","6":"product_cat-kummutid","8":"first","9":"instock","10":"taxable","11":"shipping-taxable","12":"purchasable","13":"product-type-variable","14":"has-default-attributes"},"acf":[],"yoast_head":"<!-- This site is optimized with the Yoast SEO plugin v27.3 - https:\/\/yoast.com\/product\/yoast-seo-wordpress\/ -->\n<title>Anrichte BOXY 2x2 - Radis<\/title>\n<meta name=\"robots\" content=\"index, follow, max-snippet:-1, max-image-preview:large, max-video-preview:-1\" \/>\n<link rel=\"canonical\" href=\"https:\/\/radis.ee\/kummut-boxy-2x2\/\" \/>\n<meta property=\"og:locale\" content=\"de_DE\" \/>\n<meta property=\"og:type\" content=\"article\" \/>\n<meta property=\"og:title\" content=\"Anrichte BOXY 2x2 - Radis\" \/>\n<meta property=\"og:description\" content=\"Wie ein guter Undercover-Agent ist BOXY wie ein Cham\u00e4leon, das sich \u00fcberall anpasst. Unabh\u00e4ngig von Ihrer Raumgr\u00f6\u00dfe, wie klein oder gro\u00df die Ecke ist, die Sie f\u00fcllen m\u00f6chten \u2013 das Sideboard BOXY passt. Es kommt in 6 verschiedenen Gr\u00f6\u00dfen und Abwechslungen. Es f\u00fcgt sich in jeden Raum ein und verleiht ihm dennoch mehr Charakter. Es...\" \/>\n<meta property=\"og:url\" content=\"https:\/\/radis.ee\/kummut-boxy-2x2\/\" \/>\n<meta property=\"og:site_name\" content=\"Radis\" \/>\n<meta property=\"article:publisher\" content=\"https:\/\/www.facebook.com\/radisfurniture\/\" \/>\n<meta property=\"article:modified_time\" content=\"2024-01-30T19:43:31+00:00\" \/>\n<meta property=\"og:image\" content=\"https:\/\/radis.ee\/wp-content\/uploads\/2021\/10\/Radis_sideboard_BOXY_2x2_white_film_plywood-scaled.jpg\" \/>\n\t<meta property=\"og:image:width\" content=\"2560\" \/>\n\t<meta property=\"og:image:height\" content=\"1599\" \/>\n\t<meta property=\"og:image:type\" content=\"image\/jpeg\" \/>\n<meta name=\"twitter:card\" content=\"summary_large_image\" \/>\n<meta name=\"twitter:label1\" content=\"Gesch\u00e4tzte Lesezeit\" \/>\n\t<meta name=\"twitter:data1\" content=\"1\u00a0Minute\" \/>\n<script type=\"application\/ld+json\" class=\"yoast-schema-graph\">{\"@context\":\"https:\\\/\\\/schema.org\",\"@graph\":[{\"@type\":\"WebPage\",\"@id\":\"https:\\\/\\\/radis.ee\\\/kummut-boxy-2x2\\\/\",\"url\":\"https:\\\/\\\/radis.ee\\\/kummut-boxy-2x2\\\/\",\"name\":\"Anrichte BOXY 2x2 - Radis\",\"isPartOf\":{\"@id\":\"https:\\\/\\\/radis.ee\\\/#website\"},\"primaryImageOfPage\":{\"@id\":\"https:\\\/\\\/radis.ee\\\/kummut-boxy-2x2\\\/#primaryimage\"},\"image\":{\"@id\":\"https:\\\/\\\/radis.ee\\\/kummut-boxy-2x2\\\/#primaryimage\"},\"thumbnailUrl\":\"https:\\\/\\\/radis.ee\\\/wp-content\\\/uploads\\\/2021\\\/10\\\/Radis_sideboard_BOXY_2x2_white_film_plywood-scaled.jpg\",\"datePublished\":\"2021-10-28T17:45:05+00:00\",\"dateModified\":\"2024-01-30T19:43:31+00:00\",\"breadcrumb\":{\"@id\":\"https:\\\/\\\/radis.ee\\\/kummut-boxy-2x2\\\/#breadcrumb\"},\"inLanguage\":\"de\",\"potentialAction\":[{\"@type\":\"ReadAction\",\"target\":[\"https:\\\/\\\/radis.ee\\\/kummut-boxy-2x2\\\/\"]}]},{\"@type\":\"ImageObject\",\"inLanguage\":\"de\",\"@id\":\"https:\\\/\\\/radis.ee\\\/kummut-boxy-2x2\\\/#primaryimage\",\"url\":\"https:\\\/\\\/radis.ee\\\/wp-content\\\/uploads\\\/2021\\\/10\\\/Radis_sideboard_BOXY_2x2_white_film_plywood-scaled.jpg\",\"contentUrl\":\"https:\\\/\\\/radis.ee\\\/wp-content\\\/uploads\\\/2021\\\/10\\\/Radis_sideboard_BOXY_2x2_white_film_plywood-scaled.jpg\",\"width\":2560,\"height\":1599,\"caption\":\"RADIS_sideboard_BOXY2x2_white_film_plywood\"},{\"@type\":\"BreadcrumbList\",\"@id\":\"https:\\\/\\\/radis.ee\\\/kummut-boxy-2x2\\\/#breadcrumb\",\"itemListElement\":[{\"@type\":\"ListItem\",\"position\":1,\"name\":\"Home\",\"item\":\"https:\\\/\\\/radis.ee\\\/\"},{\"@type\":\"ListItem\",\"position\":2,\"name\":\"Produkte\",\"item\":\"https:\\\/\\\/radis.ee\\\/de\\\/produkte\\\/\"},{\"@type\":\"ListItem\",\"position\":3,\"name\":\"Anrichte BOXY 2&#215;2\"}]},{\"@type\":\"WebSite\",\"@id\":\"https:\\\/\\\/radis.ee\\\/#website\",\"url\":\"https:\\\/\\\/radis.ee\\\/\",\"name\":\"Radis\",\"description\":\"Nordic design furniture, environmentally friendly and sustainable.\",\"publisher\":{\"@id\":\"https:\\\/\\\/radis.ee\\\/#organization\"},\"potentialAction\":[{\"@type\":\"SearchAction\",\"target\":{\"@type\":\"EntryPoint\",\"urlTemplate\":\"https:\\\/\\\/radis.ee\\\/?s={search_term_string}\"},\"query-input\":{\"@type\":\"PropertyValueSpecification\",\"valueRequired\":true,\"valueName\":\"search_term_string\"}}],\"inLanguage\":\"de\"},{\"@type\":\"Organization\",\"@id\":\"https:\\\/\\\/radis.ee\\\/#organization\",\"name\":\"Radis O\u00dc\",\"url\":\"https:\\\/\\\/radis.ee\\\/\",\"logo\":{\"@type\":\"ImageObject\",\"inLanguage\":\"de\",\"@id\":\"https:\\\/\\\/radis.ee\\\/#\\\/schema\\\/logo\\\/image\\\/\",\"url\":\"https:\\\/\\\/radis.ee\\\/wp-content\\\/uploads\\\/2020\\\/10\\\/Radis-logo.png\",\"contentUrl\":\"https:\\\/\\\/radis.ee\\\/wp-content\\\/uploads\\\/2020\\\/10\\\/Radis-logo.png\",\"width\":300,\"height\":63,\"caption\":\"Radis O\u00dc\"},\"image\":{\"@id\":\"https:\\\/\\\/radis.ee\\\/#\\\/schema\\\/logo\\\/image\\\/\"},\"sameAs\":[\"https:\\\/\\\/www.facebook.com\\\/radisfurniture\\\/\"]}]}<\/script>\n<!-- \/ Yoast SEO plugin. -->","yoast_head_json":{"title":"Anrichte BOXY 2x2 - Radis","robots":{"index":"index","follow":"follow","max-snippet":"max-snippet:-1","max-image-preview":"max-image-preview:large","max-video-preview":"max-video-preview:-1"},"canonical":"https:\/\/radis.ee\/kummut-boxy-2x2\/","og_locale":"de_DE","og_type":"article","og_title":"Anrichte BOXY 2x2 - Radis","og_description":"Wie ein guter Undercover-Agent ist BOXY wie ein Cham\u00e4leon, das sich \u00fcberall anpasst. Unabh\u00e4ngig von Ihrer Raumgr\u00f6\u00dfe, wie klein oder gro\u00df die Ecke ist, die Sie f\u00fcllen m\u00f6chten \u2013 das Sideboard BOXY passt. Es kommt in 6 verschiedenen Gr\u00f6\u00dfen und Abwechslungen. Es f\u00fcgt sich in jeden Raum ein und verleiht ihm dennoch mehr Charakter. Es...","og_url":"https:\/\/radis.ee\/kummut-boxy-2x2\/","og_site_name":"Radis","article_publisher":"https:\/\/www.facebook.com\/radisfurniture\/","article_modified_time":"2024-01-30T19:43:31+00:00","og_image":[{"width":2560,"height":1599,"url":"https:\/\/radis.ee\/wp-content\/uploads\/2021\/10\/Radis_sideboard_BOXY_2x2_white_film_plywood-scaled.jpg","type":"image\/jpeg"}],"twitter_card":"summary_large_image","twitter_misc":{"Gesch\u00e4tzte Lesezeit":"1\u00a0Minute"},"schema":{"@context":"https:\/\/schema.org","@graph":[{"@type":"WebPage","@id":"https:\/\/radis.ee\/kummut-boxy-2x2\/","url":"https:\/\/radis.ee\/kummut-boxy-2x2\/","name":"Anrichte BOXY 2x2 - Radis","isPartOf":{"@id":"https:\/\/radis.ee\/#website"},"primaryImageOfPage":{"@id":"https:\/\/radis.ee\/kummut-boxy-2x2\/#primaryimage"},"image":{"@id":"https:\/\/radis.ee\/kummut-boxy-2x2\/#primaryimage"},"thumbnailUrl":"https:\/\/radis.ee\/wp-content\/uploads\/2021\/10\/Radis_sideboard_BOXY_2x2_white_film_plywood-scaled.jpg","datePublished":"2021-10-28T17:45:05+00:00","dateModified":"2024-01-30T19:43:31+00:00","breadcrumb":{"@id":"https:\/\/radis.ee\/kummut-boxy-2x2\/#breadcrumb"},"inLanguage":"de","potentialAction":[{"@type":"ReadAction","target":["https:\/\/radis.ee\/kummut-boxy-2x2\/"]}]},{"@type":"ImageObject","inLanguage":"de","@id":"https:\/\/radis.ee\/kummut-boxy-2x2\/#primaryimage","url":"https:\/\/radis.ee\/wp-content\/uploads\/2021\/10\/Radis_sideboard_BOXY_2x2_white_film_plywood-scaled.jpg","contentUrl":"https:\/\/radis.ee\/wp-content\/uploads\/2021\/10\/Radis_sideboard_BOXY_2x2_white_film_plywood-scaled.jpg","width":2560,"height":1599,"caption":"RADIS_sideboard_BOXY2x2_white_film_plywood"},{"@type":"BreadcrumbList","@id":"https:\/\/radis.ee\/kummut-boxy-2x2\/#breadcrumb","itemListElement":[{"@type":"ListItem","position":1,"name":"Home","item":"https:\/\/radis.ee\/"},{"@type":"ListItem","position":2,"name":"Produkte","item":"https:\/\/radis.ee\/de\/produkte\/"},{"@type":"ListItem","position":3,"name":"Anrichte BOXY 2&#215;2"}]},{"@type":"WebSite","@id":"https:\/\/radis.ee\/#website","url":"https:\/\/radis.ee\/","name":"Radis","description":"Nordic design furniture, environmentally friendly and sustainable.","publisher":{"@id":"https:\/\/radis.ee\/#organization"},"potentialAction":[{"@type":"SearchAction","target":{"@type":"EntryPoint","urlTemplate":"https:\/\/radis.ee\/?s={search_term_string}"},"query-input":{"@type":"PropertyValueSpecification","valueRequired":true,"valueName":"search_term_string"}}],"inLanguage":"de"},{"@type":"Organization","@id":"https:\/\/radis.ee\/#organization","name":"Radis O\u00dc","url":"https:\/\/radis.ee\/","logo":{"@type":"ImageObject","inLanguage":"de","@id":"https:\/\/radis.ee\/#\/schema\/logo\/image\/","url":"https:\/\/radis.ee\/wp-content\/uploads\/2020\/10\/Radis-logo.png","contentUrl":"https:\/\/radis.ee\/wp-content\/uploads\/2020\/10\/Radis-logo.png","width":300,"height":63,"caption":"Radis O\u00dc"},"image":{"@id":"https:\/\/radis.ee\/#\/schema\/logo\/image\/"},"sameAs":["https:\/\/www.facebook.com\/radisfurniture\/"]}]}},"_links":{"self":[{"href":"https:\/\/radis.ee\/de\/wp-json\/wp\/v2\/product\/10768","targetHints":{"allow":["GET"]}}],"collection":[{"href":"https:\/\/radis.ee\/de\/wp-json\/wp\/v2\/product"}],"about":[{"href":"https:\/\/radis.ee\/de\/wp-json\/wp\/v2\/types\/product"}],"replies":[{"embeddable":true,"href":"https:\/\/radis.ee\/de\/wp-json\/wp\/v2\/comments?post=10768"}],"wp:featuredmedia":[{"embeddable":true,"href":"https:\/\/radis.ee\/de\/wp-json\/wp\/v2\/media\/10758"}],"wp:attachment":[{"href":"https:\/\/radis.ee\/de\/wp-json\/wp\/v2\/media?parent=10768"}],"wp:term":[{"taxonomy":"product_brand","embeddable":true,"href":"https:\/\/radis.ee\/de\/wp-json\/wp\/v2\/product_brand?post=10768"},{"taxonomy":"product_cat","embeddable":true,"href":"https:\/\/radis.ee\/de\/wp-json\/wp\/v2\/product_cat?post=10768"},{"taxonomy":"product_tag","embeddable":true,"href":"https:\/\/radis.ee\/de\/wp-json\/wp\/v2\/product_tag?post=10768"}],"curies":[{"name":"wp","href":"https:\/\/api.w.org\/{rel}","templated":true}]}}