{"id":11547,"date":"2022-01-02T10:27:37","date_gmt":"2022-01-02T08:27:37","guid":{"rendered":"https:\/\/radis.ee\/?post_type=product&#038;p=11547"},"modified":"2024-01-30T22:57:20","modified_gmt":"2024-01-30T20:57:20","slug":"anrichte-maze-4x2","status":"publish","type":"product","link":"https:\/\/radis.ee\/de\/anrichte-maze-4x2\/","title":{"rendered":"Anrichte MAZE 4&#215;2"},"content":{"rendered":"<p>MAZE Sideboard ist ein \u00e4u\u00dferst anpassungsf\u00e4higer Helfer in jedem Wohnzimmer, Studio, Arbeitsplatz oder Kinderzimmer. Seine schlichte Form macht ihn ideal f\u00fcr viele Orte und die Tatsache, dass Sie sich je nach Lagerbedarf und Raumma\u00dfen zwischen verschiedenen Gr\u00f6\u00dfen entscheiden k\u00f6nnen, macht ihn noch besser.<\/p>\n<p>Sanft schlie\u00dfende Scharniere und hochwertiges, haltbares Birkensperrholz sorgen daf\u00fcr, dass MAZE nicht um die Ecke schneidet. Wenn Sie es mit nach Hause nehmen, wird es jahrelang bleiben.<\/p>\n<p>Die innere Regalh\u00f6he betr\u00e4gt 33 cm, innere Differenz 67 cm, also auch f\u00fcr B\u00fcromappen geeignet.<\/p>\n<p>Hergestellt aus Birkensperrholz, auch Eiche furniert, \u00f6lgewachst oder wei\u00dfem Koskisen-HPL. T\u00fcrscharniere sanft schlie\u00dfen. Ein 8 cm hoher Sockel, der gut zu allen Sockelleisten passt.<\/p>\n","protected":false},"excerpt":{"rendered":"<p>MAZE Sideboard ist ein \u00e4u\u00dferst anpassungsf\u00e4higer Helfer in jedem Wohnzimmer, Studio, Arbeitsplatz oder Kinderzimmer. Seine schlichte Form macht ihn ideal f\u00fcr viele Orte und die Tatsache, dass Sie sich je nach Lagerbedarf und Raumma\u00dfen zwischen verschiedenen Gr\u00f6\u00dfen entscheiden k\u00f6nnen, macht ihn noch besser. Sanft schlie\u00dfende Scharniere und hochwertiges, haltbares Birkensperrholz sorgen daf\u00fcr, dass MAZE nicht&#8230;<\/p>\n","protected":false},"featured_media":11837,"comment_status":"open","ping_status":"closed","template":"","meta":{"_acf_changed":false},"product_brand":[],"product_cat":[17],"product_tag":[],"class_list":{"0":"post-11547","1":"product","2":"type-product","3":"status-publish","4":"has-post-thumbnail","6":"product_cat-kummutid","8":"first","9":"instock","10":"taxable","11":"shipping-taxable","12":"purchasable","13":"product-type-variable","14":"has-default-attributes"},"acf":[],"yoast_head":"<!-- This site is optimized with the Yoast SEO plugin v27.3 - https:\/\/yoast.com\/product\/yoast-seo-wordpress\/ -->\n<title>Anrichte MAZE 4x2 - Radis<\/title>\n<meta name=\"robots\" content=\"index, follow, max-snippet:-1, max-image-preview:large, max-video-preview:-1\" \/>\n<link rel=\"canonical\" href=\"https:\/\/radis.ee\/de\/anrichte-maze-4x2\/\" \/>\n<meta property=\"og:locale\" content=\"de_DE\" \/>\n<meta property=\"og:type\" content=\"article\" \/>\n<meta property=\"og:title\" content=\"Anrichte MAZE 4x2 - Radis\" \/>\n<meta property=\"og:description\" content=\"MAZE Sideboard ist ein \u00e4u\u00dferst anpassungsf\u00e4higer Helfer in jedem Wohnzimmer, Studio, Arbeitsplatz oder Kinderzimmer. Seine schlichte Form macht ihn ideal f\u00fcr viele Orte und die Tatsache, dass Sie sich je nach Lagerbedarf und Raumma\u00dfen zwischen verschiedenen Gr\u00f6\u00dfen entscheiden k\u00f6nnen, macht ihn noch besser. Sanft schlie\u00dfende Scharniere und hochwertiges, haltbares Birkensperrholz sorgen daf\u00fcr, dass MAZE nicht...\" \/>\n<meta property=\"og:url\" content=\"https:\/\/radis.ee\/de\/anrichte-maze-4x2\/\" \/>\n<meta property=\"og:site_name\" content=\"Radis\" \/>\n<meta property=\"article:publisher\" content=\"https:\/\/www.facebook.com\/radisfurniture\/\" \/>\n<meta property=\"article:modified_time\" content=\"2024-01-30T20:57:20+00:00\" \/>\n<meta property=\"og:image\" content=\"https:\/\/radis.ee\/wp-content\/uploads\/2021\/12\/RADIS_sideboards_MAZE_4x2_Pebble_Grey_plywood-scaled.jpg\" \/>\n\t<meta property=\"og:image:width\" content=\"2560\" \/>\n\t<meta property=\"og:image:height\" content=\"1920\" \/>\n\t<meta property=\"og:image:type\" content=\"image\/jpeg\" \/>\n<meta name=\"twitter:card\" content=\"summary_large_image\" \/>\n<meta name=\"twitter:label1\" content=\"Gesch\u00e4tzte Lesezeit\" \/>\n\t<meta name=\"twitter:data1\" content=\"1\u00a0Minute\" \/>\n<script type=\"application\/ld+json\" class=\"yoast-schema-graph\">{\"@context\":\"https:\\\/\\\/schema.org\",\"@graph\":[{\"@type\":\"WebPage\",\"@id\":\"https:\\\/\\\/radis.ee\\\/de\\\/anrichte-maze-4x2\\\/\",\"url\":\"https:\\\/\\\/radis.ee\\\/de\\\/anrichte-maze-4x2\\\/\",\"name\":\"Anrichte MAZE 4x2 - Radis\",\"isPartOf\":{\"@id\":\"https:\\\/\\\/radis.ee\\\/#website\"},\"primaryImageOfPage\":{\"@id\":\"https:\\\/\\\/radis.ee\\\/de\\\/anrichte-maze-4x2\\\/#primaryimage\"},\"image\":{\"@id\":\"https:\\\/\\\/radis.ee\\\/de\\\/anrichte-maze-4x2\\\/#primaryimage\"},\"thumbnailUrl\":\"https:\\\/\\\/radis.ee\\\/wp-content\\\/uploads\\\/2021\\\/12\\\/RADIS_sideboards_MAZE_4x2_Pebble_Grey_plywood-scaled.jpg\",\"datePublished\":\"2022-01-02T08:27:37+00:00\",\"dateModified\":\"2024-01-30T20:57:20+00:00\",\"breadcrumb\":{\"@id\":\"https:\\\/\\\/radis.ee\\\/de\\\/anrichte-maze-4x2\\\/#breadcrumb\"},\"inLanguage\":\"de\",\"potentialAction\":[{\"@type\":\"ReadAction\",\"target\":[\"https:\\\/\\\/radis.ee\\\/de\\\/anrichte-maze-4x2\\\/\"]}]},{\"@type\":\"ImageObject\",\"inLanguage\":\"de\",\"@id\":\"https:\\\/\\\/radis.ee\\\/de\\\/anrichte-maze-4x2\\\/#primaryimage\",\"url\":\"https:\\\/\\\/radis.ee\\\/wp-content\\\/uploads\\\/2021\\\/12\\\/RADIS_sideboards_MAZE_4x2_Pebble_Grey_plywood-scaled.jpg\",\"contentUrl\":\"https:\\\/\\\/radis.ee\\\/wp-content\\\/uploads\\\/2021\\\/12\\\/RADIS_sideboards_MAZE_4x2_Pebble_Grey_plywood-scaled.jpg\",\"width\":2560,\"height\":1920,\"caption\":\"RADIS sideboard MAZE 4X2\"},{\"@type\":\"BreadcrumbList\",\"@id\":\"https:\\\/\\\/radis.ee\\\/de\\\/anrichte-maze-4x2\\\/#breadcrumb\",\"itemListElement\":[{\"@type\":\"ListItem\",\"position\":1,\"name\":\"Home\",\"item\":\"https:\\\/\\\/radis.ee\\\/\"},{\"@type\":\"ListItem\",\"position\":2,\"name\":\"Produkte\",\"item\":\"https:\\\/\\\/radis.ee\\\/de\\\/produkte\\\/\"},{\"@type\":\"ListItem\",\"position\":3,\"name\":\"Anrichte MAZE 4&#215;2\"}]},{\"@type\":\"WebSite\",\"@id\":\"https:\\\/\\\/radis.ee\\\/#website\",\"url\":\"https:\\\/\\\/radis.ee\\\/\",\"name\":\"Radis\",\"description\":\"Nordic design furniture, environmentally friendly and sustainable.\",\"publisher\":{\"@id\":\"https:\\\/\\\/radis.ee\\\/#organization\"},\"potentialAction\":[{\"@type\":\"SearchAction\",\"target\":{\"@type\":\"EntryPoint\",\"urlTemplate\":\"https:\\\/\\\/radis.ee\\\/?s={search_term_string}\"},\"query-input\":{\"@type\":\"PropertyValueSpecification\",\"valueRequired\":true,\"valueName\":\"search_term_string\"}}],\"inLanguage\":\"de\"},{\"@type\":\"Organization\",\"@id\":\"https:\\\/\\\/radis.ee\\\/#organization\",\"name\":\"Radis O\u00dc\",\"url\":\"https:\\\/\\\/radis.ee\\\/\",\"logo\":{\"@type\":\"ImageObject\",\"inLanguage\":\"de\",\"@id\":\"https:\\\/\\\/radis.ee\\\/#\\\/schema\\\/logo\\\/image\\\/\",\"url\":\"https:\\\/\\\/radis.ee\\\/wp-content\\\/uploads\\\/2020\\\/10\\\/Radis-logo.png\",\"contentUrl\":\"https:\\\/\\\/radis.ee\\\/wp-content\\\/uploads\\\/2020\\\/10\\\/Radis-logo.png\",\"width\":300,\"height\":63,\"caption\":\"Radis O\u00dc\"},\"image\":{\"@id\":\"https:\\\/\\\/radis.ee\\\/#\\\/schema\\\/logo\\\/image\\\/\"},\"sameAs\":[\"https:\\\/\\\/www.facebook.com\\\/radisfurniture\\\/\"]}]}<\/script>\n<!-- \/ Yoast SEO plugin. -->","yoast_head_json":{"title":"Anrichte MAZE 4x2 - Radis","robots":{"index":"index","follow":"follow","max-snippet":"max-snippet:-1","max-image-preview":"max-image-preview:large","max-video-preview":"max-video-preview:-1"},"canonical":"https:\/\/radis.ee\/de\/anrichte-maze-4x2\/","og_locale":"de_DE","og_type":"article","og_title":"Anrichte MAZE 4x2 - Radis","og_description":"MAZE Sideboard ist ein \u00e4u\u00dferst anpassungsf\u00e4higer Helfer in jedem Wohnzimmer, Studio, Arbeitsplatz oder Kinderzimmer. Seine schlichte Form macht ihn ideal f\u00fcr viele Orte und die Tatsache, dass Sie sich je nach Lagerbedarf und Raumma\u00dfen zwischen verschiedenen Gr\u00f6\u00dfen entscheiden k\u00f6nnen, macht ihn noch besser. Sanft schlie\u00dfende Scharniere und hochwertiges, haltbares Birkensperrholz sorgen daf\u00fcr, dass MAZE nicht...","og_url":"https:\/\/radis.ee\/de\/anrichte-maze-4x2\/","og_site_name":"Radis","article_publisher":"https:\/\/www.facebook.com\/radisfurniture\/","article_modified_time":"2024-01-30T20:57:20+00:00","og_image":[{"width":2560,"height":1920,"url":"https:\/\/radis.ee\/wp-content\/uploads\/2021\/12\/RADIS_sideboards_MAZE_4x2_Pebble_Grey_plywood-scaled.jpg","type":"image\/jpeg"}],"twitter_card":"summary_large_image","twitter_misc":{"Gesch\u00e4tzte Lesezeit":"1\u00a0Minute"},"schema":{"@context":"https:\/\/schema.org","@graph":[{"@type":"WebPage","@id":"https:\/\/radis.ee\/de\/anrichte-maze-4x2\/","url":"https:\/\/radis.ee\/de\/anrichte-maze-4x2\/","name":"Anrichte MAZE 4x2 - Radis","isPartOf":{"@id":"https:\/\/radis.ee\/#website"},"primaryImageOfPage":{"@id":"https:\/\/radis.ee\/de\/anrichte-maze-4x2\/#primaryimage"},"image":{"@id":"https:\/\/radis.ee\/de\/anrichte-maze-4x2\/#primaryimage"},"thumbnailUrl":"https:\/\/radis.ee\/wp-content\/uploads\/2021\/12\/RADIS_sideboards_MAZE_4x2_Pebble_Grey_plywood-scaled.jpg","datePublished":"2022-01-02T08:27:37+00:00","dateModified":"2024-01-30T20:57:20+00:00","breadcrumb":{"@id":"https:\/\/radis.ee\/de\/anrichte-maze-4x2\/#breadcrumb"},"inLanguage":"de","potentialAction":[{"@type":"ReadAction","target":["https:\/\/radis.ee\/de\/anrichte-maze-4x2\/"]}]},{"@type":"ImageObject","inLanguage":"de","@id":"https:\/\/radis.ee\/de\/anrichte-maze-4x2\/#primaryimage","url":"https:\/\/radis.ee\/wp-content\/uploads\/2021\/12\/RADIS_sideboards_MAZE_4x2_Pebble_Grey_plywood-scaled.jpg","contentUrl":"https:\/\/radis.ee\/wp-content\/uploads\/2021\/12\/RADIS_sideboards_MAZE_4x2_Pebble_Grey_plywood-scaled.jpg","width":2560,"height":1920,"caption":"RADIS sideboard MAZE 4X2"},{"@type":"BreadcrumbList","@id":"https:\/\/radis.ee\/de\/anrichte-maze-4x2\/#breadcrumb","itemListElement":[{"@type":"ListItem","position":1,"name":"Home","item":"https:\/\/radis.ee\/"},{"@type":"ListItem","position":2,"name":"Produkte","item":"https:\/\/radis.ee\/de\/produkte\/"},{"@type":"ListItem","position":3,"name":"Anrichte MAZE 4&#215;2"}]},{"@type":"WebSite","@id":"https:\/\/radis.ee\/#website","url":"https:\/\/radis.ee\/","name":"Radis","description":"Nordic design furniture, environmentally friendly and sustainable.","publisher":{"@id":"https:\/\/radis.ee\/#organization"},"potentialAction":[{"@type":"SearchAction","target":{"@type":"EntryPoint","urlTemplate":"https:\/\/radis.ee\/?s={search_term_string}"},"query-input":{"@type":"PropertyValueSpecification","valueRequired":true,"valueName":"search_term_string"}}],"inLanguage":"de"},{"@type":"Organization","@id":"https:\/\/radis.ee\/#organization","name":"Radis O\u00dc","url":"https:\/\/radis.ee\/","logo":{"@type":"ImageObject","inLanguage":"de","@id":"https:\/\/radis.ee\/#\/schema\/logo\/image\/","url":"https:\/\/radis.ee\/wp-content\/uploads\/2020\/10\/Radis-logo.png","contentUrl":"https:\/\/radis.ee\/wp-content\/uploads\/2020\/10\/Radis-logo.png","width":300,"height":63,"caption":"Radis O\u00dc"},"image":{"@id":"https:\/\/radis.ee\/#\/schema\/logo\/image\/"},"sameAs":["https:\/\/www.facebook.com\/radisfurniture\/"]}]}},"_links":{"self":[{"href":"https:\/\/radis.ee\/de\/wp-json\/wp\/v2\/product\/11547","targetHints":{"allow":["GET"]}}],"collection":[{"href":"https:\/\/radis.ee\/de\/wp-json\/wp\/v2\/product"}],"about":[{"href":"https:\/\/radis.ee\/de\/wp-json\/wp\/v2\/types\/product"}],"replies":[{"embeddable":true,"href":"https:\/\/radis.ee\/de\/wp-json\/wp\/v2\/comments?post=11547"}],"wp:featuredmedia":[{"embeddable":true,"href":"https:\/\/radis.ee\/de\/wp-json\/wp\/v2\/media\/11837"}],"wp:attachment":[{"href":"https:\/\/radis.ee\/de\/wp-json\/wp\/v2\/media?parent=11547"}],"wp:term":[{"taxonomy":"product_brand","embeddable":true,"href":"https:\/\/radis.ee\/de\/wp-json\/wp\/v2\/product_brand?post=11547"},{"taxonomy":"product_cat","embeddable":true,"href":"https:\/\/radis.ee\/de\/wp-json\/wp\/v2\/product_cat?post=11547"},{"taxonomy":"product_tag","embeddable":true,"href":"https:\/\/radis.ee\/de\/wp-json\/wp\/v2\/product_tag?post=11547"}],"curies":[{"name":"wp","href":"https:\/\/api.w.org\/{rel}","templated":true}]}}