{"id":11613,"date":"2021-12-08T11:43:15","date_gmt":"2021-12-08T09:43:15","guid":{"rendered":"https:\/\/radis.ee\/?post_type=product&#038;p=11613"},"modified":"2024-01-31T21:23:09","modified_gmt":"2024-01-31T19:23:09","slug":"tv-schrank-maze","status":"publish","type":"product","link":"https:\/\/radis.ee\/de\/tv-schrank-maze\/","title":{"rendered":"TV-Schrank MAZE"},"content":{"rendered":"<p>MAZE\u00a0TV-St\u00e4nder ist aus strapazierf\u00e4higem Birkensperrholz gefertigt. Es hat sanft schlie\u00dfende T\u00fcren, um Ihren ruhigen gem\u00fctlichen Abend zu Hause nicht zu st\u00f6ren. Interessante diagonale Details verleihen ihm genug Charakter, um aufzufallen, aber die einfache Form macht ihn f\u00fcr viele verschiedene Interieurs und Stile geeignet.<\/p>\n<p>Wie bei allen RADIS TV-St\u00e4ndern lassen sich in den darunter liegenden Schr\u00e4nken Snacks, B\u00fccher, Fernbedienungen und andere Unordnung leicht unsichtbar verstauen und schaffen so einen aufger\u00e4umten Gesamteindruck. Erh\u00e4ltlich in Eichenfurnier oder wei\u00dfem Farbton.<\/p>\n<p>Die Innenh\u00f6he des Schranks betr\u00e4gt 33 cm, innen befinden sich h\u00f6henverstellbare Regale.<\/p>\n<p>Hergestellt aus Birkensperrholz, \u00f6lgewachst, au\u00dferdem Eiche furniert und wei\u00dfem Koskisen-HPL. T\u00fcrscharniere mit Soft-Close-Funktion.<\/p>\n","protected":false},"excerpt":{"rendered":"<p>MAZE\u00a0TV-St\u00e4nder ist aus strapazierf\u00e4higem Birkensperrholz gefertigt. Es hat sanft schlie\u00dfende T\u00fcren, um Ihren ruhigen gem\u00fctlichen Abend zu Hause nicht zu st\u00f6ren. Interessante diagonale Details verleihen ihm genug Charakter, um aufzufallen, aber die einfache Form macht ihn f\u00fcr viele verschiedene Interieurs und Stile geeignet. Wie bei allen RADIS TV-St\u00e4ndern lassen sich in den darunter liegenden Schr\u00e4nken&#8230;<\/p>\n","protected":false},"featured_media":15350,"comment_status":"open","ping_status":"closed","template":"","meta":{"_acf_changed":false},"product_brand":[],"product_cat":[112],"product_tag":[],"class_list":{"0":"post-11613","1":"product","2":"type-product","3":"status-publish","4":"has-post-thumbnail","6":"product_cat-tv-alused","8":"first","9":"instock","10":"taxable","11":"shipping-taxable","12":"purchasable","13":"product-type-variable","14":"has-default-attributes"},"acf":[],"yoast_head":"<!-- This site is optimized with the Yoast SEO plugin v27.4 - https:\/\/yoast.com\/product\/yoast-seo-wordpress\/ -->\n<title>TV-Schrank MAZE - Radis<\/title>\n<meta name=\"robots\" content=\"index, follow, max-snippet:-1, max-image-preview:large, max-video-preview:-1\" \/>\n<link rel=\"canonical\" href=\"https:\/\/radis.ee\/de\/tv-schrank-maze\/\" \/>\n<meta property=\"og:locale\" content=\"de_DE\" \/>\n<meta property=\"og:type\" content=\"article\" \/>\n<meta property=\"og:title\" content=\"TV-Schrank MAZE - Radis\" \/>\n<meta property=\"og:description\" content=\"MAZE\u00a0TV-St\u00e4nder ist aus strapazierf\u00e4higem Birkensperrholz gefertigt. Es hat sanft schlie\u00dfende T\u00fcren, um Ihren ruhigen gem\u00fctlichen Abend zu Hause nicht zu st\u00f6ren. Interessante diagonale Details verleihen ihm genug Charakter, um aufzufallen, aber die einfache Form macht ihn f\u00fcr viele verschiedene Interieurs und Stile geeignet. Wie bei allen RADIS TV-St\u00e4ndern lassen sich in den darunter liegenden Schr\u00e4nken...\" \/>\n<meta property=\"og:url\" content=\"https:\/\/radis.ee\/de\/tv-schrank-maze\/\" \/>\n<meta property=\"og:site_name\" content=\"Radis\" \/>\n<meta property=\"article:publisher\" content=\"https:\/\/www.facebook.com\/radisfurniture\/\" \/>\n<meta property=\"article:modified_time\" content=\"2024-01-31T19:23:09+00:00\" \/>\n<meta property=\"og:image\" content=\"https:\/\/radis.ee\/wp-content\/uploads\/2021\/12\/RADIS_TVstand_MAZE_Light_Oak_2-scaled.jpg\" \/>\n\t<meta property=\"og:image:width\" content=\"2166\" \/>\n\t<meta property=\"og:image:height\" content=\"2560\" \/>\n\t<meta property=\"og:image:type\" content=\"image\/jpeg\" \/>\n<meta name=\"twitter:card\" content=\"summary_large_image\" \/>\n<meta name=\"twitter:label1\" content=\"Gesch\u00e4tzte Lesezeit\" \/>\n\t<meta name=\"twitter:data1\" content=\"1\u00a0Minute\" \/>\n<script type=\"application\/ld+json\" class=\"yoast-schema-graph\">{\"@context\":\"https:\\\/\\\/schema.org\",\"@graph\":[{\"@type\":\"WebPage\",\"@id\":\"https:\\\/\\\/radis.ee\\\/de\\\/tv-schrank-maze\\\/\",\"url\":\"https:\\\/\\\/radis.ee\\\/de\\\/tv-schrank-maze\\\/\",\"name\":\"TV-Schrank MAZE - Radis\",\"isPartOf\":{\"@id\":\"https:\\\/\\\/radis.ee\\\/#website\"},\"primaryImageOfPage\":{\"@id\":\"https:\\\/\\\/radis.ee\\\/de\\\/tv-schrank-maze\\\/#primaryimage\"},\"image\":{\"@id\":\"https:\\\/\\\/radis.ee\\\/de\\\/tv-schrank-maze\\\/#primaryimage\"},\"thumbnailUrl\":\"https:\\\/\\\/radis.ee\\\/wp-content\\\/uploads\\\/2021\\\/12\\\/RADIS_TVstand_MAZE_Light_Oak_2-scaled.jpg\",\"datePublished\":\"2021-12-08T09:43:15+00:00\",\"dateModified\":\"2024-01-31T19:23:09+00:00\",\"breadcrumb\":{\"@id\":\"https:\\\/\\\/radis.ee\\\/de\\\/tv-schrank-maze\\\/#breadcrumb\"},\"inLanguage\":\"de\",\"potentialAction\":[{\"@type\":\"ReadAction\",\"target\":[\"https:\\\/\\\/radis.ee\\\/de\\\/tv-schrank-maze\\\/\"]}]},{\"@type\":\"ImageObject\",\"inLanguage\":\"de\",\"@id\":\"https:\\\/\\\/radis.ee\\\/de\\\/tv-schrank-maze\\\/#primaryimage\",\"url\":\"https:\\\/\\\/radis.ee\\\/wp-content\\\/uploads\\\/2021\\\/12\\\/RADIS_TVstand_MAZE_Light_Oak_2-scaled.jpg\",\"contentUrl\":\"https:\\\/\\\/radis.ee\\\/wp-content\\\/uploads\\\/2021\\\/12\\\/RADIS_TVstand_MAZE_Light_Oak_2-scaled.jpg\",\"width\":2166,\"height\":2560,\"caption\":\"RADIS TV-stand MAZE Light Oak lywood\"},{\"@type\":\"BreadcrumbList\",\"@id\":\"https:\\\/\\\/radis.ee\\\/de\\\/tv-schrank-maze\\\/#breadcrumb\",\"itemListElement\":[{\"@type\":\"ListItem\",\"position\":1,\"name\":\"Home\",\"item\":\"https:\\\/\\\/radis.ee\\\/\"},{\"@type\":\"ListItem\",\"position\":2,\"name\":\"Produkte\",\"item\":\"https:\\\/\\\/radis.ee\\\/de\\\/produkte\\\/\"},{\"@type\":\"ListItem\",\"position\":3,\"name\":\"TV-Schrank MAZE\"}]},{\"@type\":\"WebSite\",\"@id\":\"https:\\\/\\\/radis.ee\\\/#website\",\"url\":\"https:\\\/\\\/radis.ee\\\/\",\"name\":\"Radis\",\"description\":\"Nordic design furniture, environmentally friendly and sustainable.\",\"publisher\":{\"@id\":\"https:\\\/\\\/radis.ee\\\/#organization\"},\"potentialAction\":[{\"@type\":\"SearchAction\",\"target\":{\"@type\":\"EntryPoint\",\"urlTemplate\":\"https:\\\/\\\/radis.ee\\\/?s={search_term_string}\"},\"query-input\":{\"@type\":\"PropertyValueSpecification\",\"valueRequired\":true,\"valueName\":\"search_term_string\"}}],\"inLanguage\":\"de\"},{\"@type\":\"Organization\",\"@id\":\"https:\\\/\\\/radis.ee\\\/#organization\",\"name\":\"Radis O\u00dc\",\"url\":\"https:\\\/\\\/radis.ee\\\/\",\"logo\":{\"@type\":\"ImageObject\",\"inLanguage\":\"de\",\"@id\":\"https:\\\/\\\/radis.ee\\\/#\\\/schema\\\/logo\\\/image\\\/\",\"url\":\"https:\\\/\\\/radis.ee\\\/wp-content\\\/uploads\\\/2020\\\/10\\\/Radis-logo.png\",\"contentUrl\":\"https:\\\/\\\/radis.ee\\\/wp-content\\\/uploads\\\/2020\\\/10\\\/Radis-logo.png\",\"width\":300,\"height\":63,\"caption\":\"Radis O\u00dc\"},\"image\":{\"@id\":\"https:\\\/\\\/radis.ee\\\/#\\\/schema\\\/logo\\\/image\\\/\"},\"sameAs\":[\"https:\\\/\\\/www.facebook.com\\\/radisfurniture\\\/\"]}]}<\/script>\n<!-- \/ Yoast SEO plugin. -->","yoast_head_json":{"title":"TV-Schrank MAZE - Radis","robots":{"index":"index","follow":"follow","max-snippet":"max-snippet:-1","max-image-preview":"max-image-preview:large","max-video-preview":"max-video-preview:-1"},"canonical":"https:\/\/radis.ee\/de\/tv-schrank-maze\/","og_locale":"de_DE","og_type":"article","og_title":"TV-Schrank MAZE - Radis","og_description":"MAZE\u00a0TV-St\u00e4nder ist aus strapazierf\u00e4higem Birkensperrholz gefertigt. Es hat sanft schlie\u00dfende T\u00fcren, um Ihren ruhigen gem\u00fctlichen Abend zu Hause nicht zu st\u00f6ren. Interessante diagonale Details verleihen ihm genug Charakter, um aufzufallen, aber die einfache Form macht ihn f\u00fcr viele verschiedene Interieurs und Stile geeignet. Wie bei allen RADIS TV-St\u00e4ndern lassen sich in den darunter liegenden Schr\u00e4nken...","og_url":"https:\/\/radis.ee\/de\/tv-schrank-maze\/","og_site_name":"Radis","article_publisher":"https:\/\/www.facebook.com\/radisfurniture\/","article_modified_time":"2024-01-31T19:23:09+00:00","og_image":[{"width":2166,"height":2560,"url":"https:\/\/radis.ee\/wp-content\/uploads\/2021\/12\/RADIS_TVstand_MAZE_Light_Oak_2-scaled.jpg","type":"image\/jpeg"}],"twitter_card":"summary_large_image","twitter_misc":{"Gesch\u00e4tzte Lesezeit":"1\u00a0Minute"},"schema":{"@context":"https:\/\/schema.org","@graph":[{"@type":"WebPage","@id":"https:\/\/radis.ee\/de\/tv-schrank-maze\/","url":"https:\/\/radis.ee\/de\/tv-schrank-maze\/","name":"TV-Schrank MAZE - Radis","isPartOf":{"@id":"https:\/\/radis.ee\/#website"},"primaryImageOfPage":{"@id":"https:\/\/radis.ee\/de\/tv-schrank-maze\/#primaryimage"},"image":{"@id":"https:\/\/radis.ee\/de\/tv-schrank-maze\/#primaryimage"},"thumbnailUrl":"https:\/\/radis.ee\/wp-content\/uploads\/2021\/12\/RADIS_TVstand_MAZE_Light_Oak_2-scaled.jpg","datePublished":"2021-12-08T09:43:15+00:00","dateModified":"2024-01-31T19:23:09+00:00","breadcrumb":{"@id":"https:\/\/radis.ee\/de\/tv-schrank-maze\/#breadcrumb"},"inLanguage":"de","potentialAction":[{"@type":"ReadAction","target":["https:\/\/radis.ee\/de\/tv-schrank-maze\/"]}]},{"@type":"ImageObject","inLanguage":"de","@id":"https:\/\/radis.ee\/de\/tv-schrank-maze\/#primaryimage","url":"https:\/\/radis.ee\/wp-content\/uploads\/2021\/12\/RADIS_TVstand_MAZE_Light_Oak_2-scaled.jpg","contentUrl":"https:\/\/radis.ee\/wp-content\/uploads\/2021\/12\/RADIS_TVstand_MAZE_Light_Oak_2-scaled.jpg","width":2166,"height":2560,"caption":"RADIS TV-stand MAZE Light Oak lywood"},{"@type":"BreadcrumbList","@id":"https:\/\/radis.ee\/de\/tv-schrank-maze\/#breadcrumb","itemListElement":[{"@type":"ListItem","position":1,"name":"Home","item":"https:\/\/radis.ee\/"},{"@type":"ListItem","position":2,"name":"Produkte","item":"https:\/\/radis.ee\/de\/produkte\/"},{"@type":"ListItem","position":3,"name":"TV-Schrank MAZE"}]},{"@type":"WebSite","@id":"https:\/\/radis.ee\/#website","url":"https:\/\/radis.ee\/","name":"Radis","description":"Nordic design furniture, environmentally friendly and sustainable.","publisher":{"@id":"https:\/\/radis.ee\/#organization"},"potentialAction":[{"@type":"SearchAction","target":{"@type":"EntryPoint","urlTemplate":"https:\/\/radis.ee\/?s={search_term_string}"},"query-input":{"@type":"PropertyValueSpecification","valueRequired":true,"valueName":"search_term_string"}}],"inLanguage":"de"},{"@type":"Organization","@id":"https:\/\/radis.ee\/#organization","name":"Radis O\u00dc","url":"https:\/\/radis.ee\/","logo":{"@type":"ImageObject","inLanguage":"de","@id":"https:\/\/radis.ee\/#\/schema\/logo\/image\/","url":"https:\/\/radis.ee\/wp-content\/uploads\/2020\/10\/Radis-logo.png","contentUrl":"https:\/\/radis.ee\/wp-content\/uploads\/2020\/10\/Radis-logo.png","width":300,"height":63,"caption":"Radis O\u00dc"},"image":{"@id":"https:\/\/radis.ee\/#\/schema\/logo\/image\/"},"sameAs":["https:\/\/www.facebook.com\/radisfurniture\/"]}]}},"_links":{"self":[{"href":"https:\/\/radis.ee\/de\/wp-json\/wp\/v2\/product\/11613","targetHints":{"allow":["GET"]}}],"collection":[{"href":"https:\/\/radis.ee\/de\/wp-json\/wp\/v2\/product"}],"about":[{"href":"https:\/\/radis.ee\/de\/wp-json\/wp\/v2\/types\/product"}],"replies":[{"embeddable":true,"href":"https:\/\/radis.ee\/de\/wp-json\/wp\/v2\/comments?post=11613"}],"wp:featuredmedia":[{"embeddable":true,"href":"https:\/\/radis.ee\/de\/wp-json\/wp\/v2\/media\/15350"}],"wp:attachment":[{"href":"https:\/\/radis.ee\/de\/wp-json\/wp\/v2\/media?parent=11613"}],"wp:term":[{"taxonomy":"product_brand","embeddable":true,"href":"https:\/\/radis.ee\/de\/wp-json\/wp\/v2\/product_brand?post=11613"},{"taxonomy":"product_cat","embeddable":true,"href":"https:\/\/radis.ee\/de\/wp-json\/wp\/v2\/product_cat?post=11613"},{"taxonomy":"product_tag","embeddable":true,"href":"https:\/\/radis.ee\/de\/wp-json\/wp\/v2\/product_tag?post=11613"}],"curies":[{"name":"wp","href":"https:\/\/api.w.org\/{rel}","templated":true}]}}