{"id":12381,"date":"2021-12-26T22:11:28","date_gmt":"2021-12-27T20:11:29","guid":{"rendered":"https:\/\/radis.ee\/?post_type=product&#038;p=12381"},"modified":"2024-01-31T21:15:43","modified_gmt":"2024-01-31T19:15:43","slug":"anrichte-loxi-4x4","status":"publish","type":"product","link":"https:\/\/radis.ee\/de\/anrichte-loxi-4x4\/","title":{"rendered":"Anrichte LOXI 4&#215;4"},"content":{"rendered":"<p>Das LOXI Sideboard hat ein lustiges Element, das es von allen anderen Sideboards auf dem Markt abhebt. Die T\u00fcren haben einen fluchtenden Schnitt, der je nach Farbgebung entweder ein interessantes geometrisches Detail oder auch eine kontrastreiche Optik erzeugt.<\/p>\n<p>Hinter den T\u00fcren ist gen\u00fcgend Stauraum. LOXI ist ein lustiges Sideboard, das es leicht macht, jedem Raum einen Hauch von Farbe zu verleihen.<\/p>\n<p>Die innere Regalh\u00f6he betr\u00e4gt 33 cm, die Innenbreite 67 cm, also auch f\u00fcr B\u00fcroordner geeignet. Oder passend f\u00fcr Ihre Lieblingsschallplatten.<\/p>\n<p>Aus Birkensperrholz, \u00f6lgewachst, zus\u00e4tzlich Eiche furniert und HPL-beschichtet. Soft-Close-T\u00fcrscharniere. Ein 8 cm hoher Sockel, der gut zu allen Sockelleisten passt.<\/p>\n","protected":false},"excerpt":{"rendered":"<p>Das LOXI Sideboard hat ein lustiges Element, das es von allen anderen Sideboards auf dem Markt abhebt. Die T\u00fcren haben einen fluchtenden Schnitt, der je nach Farbgebung entweder ein interessantes geometrisches Detail oder auch eine kontrastreiche Optik erzeugt. Hinter den T\u00fcren ist gen\u00fcgend Stauraum. LOXI ist ein lustiges Sideboard, das es leicht macht, jedem Raum&#8230;<\/p>\n","protected":false},"featured_media":11819,"comment_status":"open","ping_status":"closed","template":"","meta":{"_acf_changed":false},"product_brand":[],"product_cat":[17],"product_tag":[],"class_list":{"0":"post-12381","1":"product","2":"type-product","3":"status-publish","4":"has-post-thumbnail","6":"product_cat-kummutid","8":"first","9":"instock","10":"sale","11":"taxable","12":"shipping-taxable","13":"purchasable","14":"product-type-variable","15":"has-default-attributes"},"acf":[],"yoast_head":"<!-- This site is optimized with the Yoast SEO plugin v27.3 - https:\/\/yoast.com\/product\/yoast-seo-wordpress\/ -->\n<title>Anrichte LOXI 4x4 - Radis<\/title>\n<meta name=\"robots\" content=\"index, follow, max-snippet:-1, max-image-preview:large, max-video-preview:-1\" \/>\n<link rel=\"canonical\" href=\"https:\/\/radis.ee\/kummut-loxi-4x4\/\" \/>\n<meta property=\"og:locale\" content=\"de_DE\" \/>\n<meta property=\"og:type\" content=\"article\" \/>\n<meta property=\"og:title\" content=\"Anrichte LOXI 4x4 - Radis\" \/>\n<meta property=\"og:description\" content=\"Das LOXI Sideboard hat ein lustiges Element, das es von allen anderen Sideboards auf dem Markt abhebt. Die T\u00fcren haben einen fluchtenden Schnitt, der je nach Farbgebung entweder ein interessantes geometrisches Detail oder auch eine kontrastreiche Optik erzeugt. Hinter den T\u00fcren ist gen\u00fcgend Stauraum. LOXI ist ein lustiges Sideboard, das es leicht macht, jedem Raum...\" \/>\n<meta property=\"og:url\" content=\"https:\/\/radis.ee\/kummut-loxi-4x4\/\" \/>\n<meta property=\"og:site_name\" content=\"Radis\" \/>\n<meta property=\"article:publisher\" content=\"https:\/\/www.facebook.com\/radisfurniture\/\" \/>\n<meta property=\"article:modified_time\" content=\"2024-01-31T19:15:43+00:00\" \/>\n<meta property=\"og:image\" content=\"https:\/\/radis.ee\/wp-content\/uploads\/2021\/12\/RADIS_sideboards_LOXI_4x4_Pebble_Grey_Light_Oak_plywood-scaled.jpg\" \/>\n\t<meta property=\"og:image:width\" content=\"2560\" \/>\n\t<meta property=\"og:image:height\" content=\"1811\" \/>\n\t<meta property=\"og:image:type\" content=\"image\/jpeg\" \/>\n<meta name=\"twitter:card\" content=\"summary_large_image\" \/>\n<meta name=\"twitter:label1\" content=\"Gesch\u00e4tzte Lesezeit\" \/>\n\t<meta name=\"twitter:data1\" content=\"1\u00a0Minute\" \/>\n<script type=\"application\/ld+json\" class=\"yoast-schema-graph\">{\"@context\":\"https:\\\/\\\/schema.org\",\"@graph\":[{\"@type\":\"WebPage\",\"@id\":\"https:\\\/\\\/radis.ee\\\/kummut-loxi-4x4\\\/\",\"url\":\"https:\\\/\\\/radis.ee\\\/kummut-loxi-4x4\\\/\",\"name\":\"Anrichte LOXI 4x4 - Radis\",\"isPartOf\":{\"@id\":\"https:\\\/\\\/radis.ee\\\/#website\"},\"primaryImageOfPage\":{\"@id\":\"https:\\\/\\\/radis.ee\\\/kummut-loxi-4x4\\\/#primaryimage\"},\"image\":{\"@id\":\"https:\\\/\\\/radis.ee\\\/kummut-loxi-4x4\\\/#primaryimage\"},\"thumbnailUrl\":\"https:\\\/\\\/radis.ee\\\/wp-content\\\/uploads\\\/2021\\\/12\\\/RADIS_sideboards_LOXI_4x4_Pebble_Grey_Light_Oak_plywood-scaled.jpg\",\"datePublished\":\"2021-12-27T20:11:29+00:00\",\"dateModified\":\"2024-01-31T19:15:43+00:00\",\"breadcrumb\":{\"@id\":\"https:\\\/\\\/radis.ee\\\/kummut-loxi-4x4\\\/#breadcrumb\"},\"inLanguage\":\"de\",\"potentialAction\":[{\"@type\":\"ReadAction\",\"target\":[\"https:\\\/\\\/radis.ee\\\/kummut-loxi-4x4\\\/\"]}]},{\"@type\":\"ImageObject\",\"inLanguage\":\"de\",\"@id\":\"https:\\\/\\\/radis.ee\\\/kummut-loxi-4x4\\\/#primaryimage\",\"url\":\"https:\\\/\\\/radis.ee\\\/wp-content\\\/uploads\\\/2021\\\/12\\\/RADIS_sideboards_LOXI_4x4_Pebble_Grey_Light_Oak_plywood-scaled.jpg\",\"contentUrl\":\"https:\\\/\\\/radis.ee\\\/wp-content\\\/uploads\\\/2021\\\/12\\\/RADIS_sideboards_LOXI_4x4_Pebble_Grey_Light_Oak_plywood-scaled.jpg\",\"width\":2560,\"height\":1811,\"caption\":\"RADIS sideboard LOXI 4X4 PEBBLE GREY\"},{\"@type\":\"BreadcrumbList\",\"@id\":\"https:\\\/\\\/radis.ee\\\/kummut-loxi-4x4\\\/#breadcrumb\",\"itemListElement\":[{\"@type\":\"ListItem\",\"position\":1,\"name\":\"Home\",\"item\":\"https:\\\/\\\/radis.ee\\\/\"},{\"@type\":\"ListItem\",\"position\":2,\"name\":\"Produkte\",\"item\":\"https:\\\/\\\/radis.ee\\\/de\\\/produkte\\\/\"},{\"@type\":\"ListItem\",\"position\":3,\"name\":\"Anrichte LOXI 4&#215;4\"}]},{\"@type\":\"WebSite\",\"@id\":\"https:\\\/\\\/radis.ee\\\/#website\",\"url\":\"https:\\\/\\\/radis.ee\\\/\",\"name\":\"Radis\",\"description\":\"Nordic design furniture, environmentally friendly and sustainable.\",\"publisher\":{\"@id\":\"https:\\\/\\\/radis.ee\\\/#organization\"},\"potentialAction\":[{\"@type\":\"SearchAction\",\"target\":{\"@type\":\"EntryPoint\",\"urlTemplate\":\"https:\\\/\\\/radis.ee\\\/?s={search_term_string}\"},\"query-input\":{\"@type\":\"PropertyValueSpecification\",\"valueRequired\":true,\"valueName\":\"search_term_string\"}}],\"inLanguage\":\"de\"},{\"@type\":\"Organization\",\"@id\":\"https:\\\/\\\/radis.ee\\\/#organization\",\"name\":\"Radis O\u00dc\",\"url\":\"https:\\\/\\\/radis.ee\\\/\",\"logo\":{\"@type\":\"ImageObject\",\"inLanguage\":\"de\",\"@id\":\"https:\\\/\\\/radis.ee\\\/#\\\/schema\\\/logo\\\/image\\\/\",\"url\":\"https:\\\/\\\/radis.ee\\\/wp-content\\\/uploads\\\/2020\\\/10\\\/Radis-logo.png\",\"contentUrl\":\"https:\\\/\\\/radis.ee\\\/wp-content\\\/uploads\\\/2020\\\/10\\\/Radis-logo.png\",\"width\":300,\"height\":63,\"caption\":\"Radis O\u00dc\"},\"image\":{\"@id\":\"https:\\\/\\\/radis.ee\\\/#\\\/schema\\\/logo\\\/image\\\/\"},\"sameAs\":[\"https:\\\/\\\/www.facebook.com\\\/radisfurniture\\\/\"]}]}<\/script>\n<!-- \/ Yoast SEO plugin. -->","yoast_head_json":{"title":"Anrichte LOXI 4x4 - Radis","robots":{"index":"index","follow":"follow","max-snippet":"max-snippet:-1","max-image-preview":"max-image-preview:large","max-video-preview":"max-video-preview:-1"},"canonical":"https:\/\/radis.ee\/kummut-loxi-4x4\/","og_locale":"de_DE","og_type":"article","og_title":"Anrichte LOXI 4x4 - Radis","og_description":"Das LOXI Sideboard hat ein lustiges Element, das es von allen anderen Sideboards auf dem Markt abhebt. Die T\u00fcren haben einen fluchtenden Schnitt, der je nach Farbgebung entweder ein interessantes geometrisches Detail oder auch eine kontrastreiche Optik erzeugt. Hinter den T\u00fcren ist gen\u00fcgend Stauraum. LOXI ist ein lustiges Sideboard, das es leicht macht, jedem Raum...","og_url":"https:\/\/radis.ee\/kummut-loxi-4x4\/","og_site_name":"Radis","article_publisher":"https:\/\/www.facebook.com\/radisfurniture\/","article_modified_time":"2024-01-31T19:15:43+00:00","og_image":[{"width":2560,"height":1811,"url":"https:\/\/radis.ee\/wp-content\/uploads\/2021\/12\/RADIS_sideboards_LOXI_4x4_Pebble_Grey_Light_Oak_plywood-scaled.jpg","type":"image\/jpeg"}],"twitter_card":"summary_large_image","twitter_misc":{"Gesch\u00e4tzte Lesezeit":"1\u00a0Minute"},"schema":{"@context":"https:\/\/schema.org","@graph":[{"@type":"WebPage","@id":"https:\/\/radis.ee\/kummut-loxi-4x4\/","url":"https:\/\/radis.ee\/kummut-loxi-4x4\/","name":"Anrichte LOXI 4x4 - Radis","isPartOf":{"@id":"https:\/\/radis.ee\/#website"},"primaryImageOfPage":{"@id":"https:\/\/radis.ee\/kummut-loxi-4x4\/#primaryimage"},"image":{"@id":"https:\/\/radis.ee\/kummut-loxi-4x4\/#primaryimage"},"thumbnailUrl":"https:\/\/radis.ee\/wp-content\/uploads\/2021\/12\/RADIS_sideboards_LOXI_4x4_Pebble_Grey_Light_Oak_plywood-scaled.jpg","datePublished":"2021-12-27T20:11:29+00:00","dateModified":"2024-01-31T19:15:43+00:00","breadcrumb":{"@id":"https:\/\/radis.ee\/kummut-loxi-4x4\/#breadcrumb"},"inLanguage":"de","potentialAction":[{"@type":"ReadAction","target":["https:\/\/radis.ee\/kummut-loxi-4x4\/"]}]},{"@type":"ImageObject","inLanguage":"de","@id":"https:\/\/radis.ee\/kummut-loxi-4x4\/#primaryimage","url":"https:\/\/radis.ee\/wp-content\/uploads\/2021\/12\/RADIS_sideboards_LOXI_4x4_Pebble_Grey_Light_Oak_plywood-scaled.jpg","contentUrl":"https:\/\/radis.ee\/wp-content\/uploads\/2021\/12\/RADIS_sideboards_LOXI_4x4_Pebble_Grey_Light_Oak_plywood-scaled.jpg","width":2560,"height":1811,"caption":"RADIS sideboard LOXI 4X4 PEBBLE GREY"},{"@type":"BreadcrumbList","@id":"https:\/\/radis.ee\/kummut-loxi-4x4\/#breadcrumb","itemListElement":[{"@type":"ListItem","position":1,"name":"Home","item":"https:\/\/radis.ee\/"},{"@type":"ListItem","position":2,"name":"Produkte","item":"https:\/\/radis.ee\/de\/produkte\/"},{"@type":"ListItem","position":3,"name":"Anrichte LOXI 4&#215;4"}]},{"@type":"WebSite","@id":"https:\/\/radis.ee\/#website","url":"https:\/\/radis.ee\/","name":"Radis","description":"Nordic design furniture, environmentally friendly and sustainable.","publisher":{"@id":"https:\/\/radis.ee\/#organization"},"potentialAction":[{"@type":"SearchAction","target":{"@type":"EntryPoint","urlTemplate":"https:\/\/radis.ee\/?s={search_term_string}"},"query-input":{"@type":"PropertyValueSpecification","valueRequired":true,"valueName":"search_term_string"}}],"inLanguage":"de"},{"@type":"Organization","@id":"https:\/\/radis.ee\/#organization","name":"Radis O\u00dc","url":"https:\/\/radis.ee\/","logo":{"@type":"ImageObject","inLanguage":"de","@id":"https:\/\/radis.ee\/#\/schema\/logo\/image\/","url":"https:\/\/radis.ee\/wp-content\/uploads\/2020\/10\/Radis-logo.png","contentUrl":"https:\/\/radis.ee\/wp-content\/uploads\/2020\/10\/Radis-logo.png","width":300,"height":63,"caption":"Radis O\u00dc"},"image":{"@id":"https:\/\/radis.ee\/#\/schema\/logo\/image\/"},"sameAs":["https:\/\/www.facebook.com\/radisfurniture\/"]}]}},"_links":{"self":[{"href":"https:\/\/radis.ee\/de\/wp-json\/wp\/v2\/product\/12381","targetHints":{"allow":["GET"]}}],"collection":[{"href":"https:\/\/radis.ee\/de\/wp-json\/wp\/v2\/product"}],"about":[{"href":"https:\/\/radis.ee\/de\/wp-json\/wp\/v2\/types\/product"}],"replies":[{"embeddable":true,"href":"https:\/\/radis.ee\/de\/wp-json\/wp\/v2\/comments?post=12381"}],"wp:featuredmedia":[{"embeddable":true,"href":"https:\/\/radis.ee\/de\/wp-json\/wp\/v2\/media\/11819"}],"wp:attachment":[{"href":"https:\/\/radis.ee\/de\/wp-json\/wp\/v2\/media?parent=12381"}],"wp:term":[{"taxonomy":"product_brand","embeddable":true,"href":"https:\/\/radis.ee\/de\/wp-json\/wp\/v2\/product_brand?post=12381"},{"taxonomy":"product_cat","embeddable":true,"href":"https:\/\/radis.ee\/de\/wp-json\/wp\/v2\/product_cat?post=12381"},{"taxonomy":"product_tag","embeddable":true,"href":"https:\/\/radis.ee\/de\/wp-json\/wp\/v2\/product_tag?post=12381"}],"curies":[{"name":"wp","href":"https:\/\/api.w.org\/{rel}","templated":true}]}}