{"id":13410,"date":"2022-10-06T19:22:44","date_gmt":"2022-10-06T16:22:44","guid":{"rendered":"https:\/\/radis.ee\/?post_type=product&#038;p=13410"},"modified":"2025-11-21T00:27:12","modified_gmt":"2025-11-20T22:27:12","slug":"runder-esstisch-man","status":"publish","type":"product","link":"https:\/\/radis.ee\/de\/runder-esstisch-man\/","title":{"rendered":"Runder Esstisch MAN"},"content":{"rendered":"<p>Der runde Esstisch MAN ist bereit f\u00fcr weltver\u00e4ndernde Dinner-Gespr\u00e4che, Gourmetgerichte und auch fr\u00f6hliche Sonntagsmahlzeiten mit Ihrer Familie. Dieser Tisch ist aus hochwertigem Sperrholz gefertigt und mit seidenmattem Hochdrucklaminat (HPL) oder Eichenfurnier bedeckt, das f\u00fcr W\u00e4rme und Haltbarkeit sorgt.<\/p>\n<p>Der runde Esstisch MAN hat entweder schwarze, konische Metallbeine oder schlanke Beine aus Birkenholz, das je nach Geschmack entweder schwarz oder hell-eichenfarben sein kann.<\/p>\n<p>Die edle Oberfl\u00e4che wirkt in jedem Interieur gediegen. Der runde Tisch MAN ist eine gute Erg\u00e4nzung f\u00fcr Ihr Wohnzimmer, l\u00e4sst sich aber genauso gut in eine B\u00fcroumgebung integrieren. Der MAN Esstisch wird Ihr Zuhause zu einem neuen Herzen machen, um das Sie jahrelang neue Erinnerungen mit Ihren Lieben schaffen.<\/p>\n","protected":false},"excerpt":{"rendered":"<p>Der runde Esstisch MAN ist bereit f\u00fcr weltver\u00e4ndernde Dinner-Gespr\u00e4che, Gourmetgerichte und auch fr\u00f6hliche Sonntagsmahlzeiten mit Ihrer Familie. Dieser Tisch ist aus hochwertigem Sperrholz gefertigt und mit seidenmattem Hochdrucklaminat (HPL) oder Eichenfurnier bedeckt, das f\u00fcr W\u00e4rme und Haltbarkeit sorgt. Der runde Esstisch MAN hat entweder schwarze, konische Metallbeine oder schlanke Beine aus Birkenholz, das je nach&#8230;<\/p>\n","protected":false},"featured_media":30580,"comment_status":"open","ping_status":"closed","template":"","meta":{"_acf_changed":false},"product_brand":[],"product_cat":[111],"product_tag":[],"class_list":{"0":"post-13410","1":"product","2":"type-product","3":"status-publish","4":"has-post-thumbnail","6":"product_cat-lauad","8":"first","9":"instock","10":"taxable","11":"shipping-taxable","12":"purchasable","13":"product-type-variable","14":"has-default-attributes"},"acf":[],"yoast_head":"<!-- This site is optimized with the Yoast SEO plugin v27.4 - https:\/\/yoast.com\/product\/yoast-seo-wordpress\/ -->\n<title>Runder Esstisch MAN - Radis<\/title>\n<meta name=\"robots\" content=\"index, follow, max-snippet:-1, max-image-preview:large, max-video-preview:-1\" \/>\n<link rel=\"canonical\" href=\"https:\/\/radis.ee\/de\/runder-esstisch-man\/\" \/>\n<meta property=\"og:locale\" content=\"de_DE\" \/>\n<meta property=\"og:type\" content=\"article\" \/>\n<meta property=\"og:title\" content=\"Runder Esstisch MAN - Radis\" \/>\n<meta property=\"og:description\" content=\"Der runde Esstisch MAN ist bereit f\u00fcr weltver\u00e4ndernde Dinner-Gespr\u00e4che, Gourmetgerichte und auch fr\u00f6hliche Sonntagsmahlzeiten mit Ihrer Familie. Dieser Tisch ist aus hochwertigem Sperrholz gefertigt und mit seidenmattem Hochdrucklaminat (HPL) oder Eichenfurnier bedeckt, das f\u00fcr W\u00e4rme und Haltbarkeit sorgt. Der runde Esstisch MAN hat entweder schwarze, konische Metallbeine oder schlanke Beine aus Birkenholz, das je nach...\" \/>\n<meta property=\"og:url\" content=\"https:\/\/radis.ee\/de\/runder-esstisch-man\/\" \/>\n<meta property=\"og:site_name\" content=\"Radis\" \/>\n<meta property=\"article:publisher\" content=\"https:\/\/www.facebook.com\/radisfurniture\/\" \/>\n<meta property=\"article:modified_time\" content=\"2025-11-20T22:27:12+00:00\" \/>\n<meta property=\"og:image\" content=\"https:\/\/radis.ee\/wp-content\/uploads\/2022\/10\/Radis_Furniture_round_dining_table_MAN_Oak_veneered_plywood_conical-metal-legs_white_background.webp\" \/>\n\t<meta property=\"og:image:width\" content=\"682\" \/>\n\t<meta property=\"og:image:height\" content=\"736\" \/>\n\t<meta property=\"og:image:type\" content=\"image\/webp\" \/>\n<meta name=\"twitter:card\" content=\"summary_large_image\" \/>\n<meta name=\"twitter:label1\" content=\"Gesch\u00e4tzte Lesezeit\" \/>\n\t<meta name=\"twitter:data1\" content=\"1\u00a0Minute\" \/>\n<script type=\"application\/ld+json\" class=\"yoast-schema-graph\">{\"@context\":\"https:\\\/\\\/schema.org\",\"@graph\":[{\"@type\":\"WebPage\",\"@id\":\"https:\\\/\\\/radis.ee\\\/de\\\/runder-esstisch-man\\\/\",\"url\":\"https:\\\/\\\/radis.ee\\\/de\\\/runder-esstisch-man\\\/\",\"name\":\"Runder Esstisch MAN - Radis\",\"isPartOf\":{\"@id\":\"https:\\\/\\\/radis.ee\\\/#website\"},\"primaryImageOfPage\":{\"@id\":\"https:\\\/\\\/radis.ee\\\/de\\\/runder-esstisch-man\\\/#primaryimage\"},\"image\":{\"@id\":\"https:\\\/\\\/radis.ee\\\/de\\\/runder-esstisch-man\\\/#primaryimage\"},\"thumbnailUrl\":\"https:\\\/\\\/radis.ee\\\/wp-content\\\/uploads\\\/2022\\\/10\\\/Radis_Furniture_round_dining_table_MAN_Oak_veneered_plywood_conical-metal-legs_white_background.webp\",\"datePublished\":\"2022-10-06T16:22:44+00:00\",\"dateModified\":\"2025-11-20T22:27:12+00:00\",\"breadcrumb\":{\"@id\":\"https:\\\/\\\/radis.ee\\\/de\\\/runder-esstisch-man\\\/#breadcrumb\"},\"inLanguage\":\"de\",\"potentialAction\":[{\"@type\":\"ReadAction\",\"target\":[\"https:\\\/\\\/radis.ee\\\/de\\\/runder-esstisch-man\\\/\"]}]},{\"@type\":\"ImageObject\",\"inLanguage\":\"de\",\"@id\":\"https:\\\/\\\/radis.ee\\\/de\\\/runder-esstisch-man\\\/#primaryimage\",\"url\":\"https:\\\/\\\/radis.ee\\\/wp-content\\\/uploads\\\/2022\\\/10\\\/Radis_Furniture_round_dining_table_MAN_Oak_veneered_plywood_conical-metal-legs_white_background.webp\",\"contentUrl\":\"https:\\\/\\\/radis.ee\\\/wp-content\\\/uploads\\\/2022\\\/10\\\/Radis_Furniture_round_dining_table_MAN_Oak_veneered_plywood_conical-metal-legs_white_background.webp\",\"width\":682,\"height\":736,\"caption\":\"adis Furniture round dining table MAN Oak veneered plywood conical metal legs\"},{\"@type\":\"BreadcrumbList\",\"@id\":\"https:\\\/\\\/radis.ee\\\/de\\\/runder-esstisch-man\\\/#breadcrumb\",\"itemListElement\":[{\"@type\":\"ListItem\",\"position\":1,\"name\":\"Home\",\"item\":\"https:\\\/\\\/radis.ee\\\/\"},{\"@type\":\"ListItem\",\"position\":2,\"name\":\"Produkte\",\"item\":\"https:\\\/\\\/radis.ee\\\/de\\\/produkte\\\/\"},{\"@type\":\"ListItem\",\"position\":3,\"name\":\"Runder Esstisch MAN\"}]},{\"@type\":\"WebSite\",\"@id\":\"https:\\\/\\\/radis.ee\\\/#website\",\"url\":\"https:\\\/\\\/radis.ee\\\/\",\"name\":\"Radis\",\"description\":\"Nordic design furniture, environmentally friendly and sustainable.\",\"publisher\":{\"@id\":\"https:\\\/\\\/radis.ee\\\/#organization\"},\"potentialAction\":[{\"@type\":\"SearchAction\",\"target\":{\"@type\":\"EntryPoint\",\"urlTemplate\":\"https:\\\/\\\/radis.ee\\\/?s={search_term_string}\"},\"query-input\":{\"@type\":\"PropertyValueSpecification\",\"valueRequired\":true,\"valueName\":\"search_term_string\"}}],\"inLanguage\":\"de\"},{\"@type\":\"Organization\",\"@id\":\"https:\\\/\\\/radis.ee\\\/#organization\",\"name\":\"Radis O\u00dc\",\"url\":\"https:\\\/\\\/radis.ee\\\/\",\"logo\":{\"@type\":\"ImageObject\",\"inLanguage\":\"de\",\"@id\":\"https:\\\/\\\/radis.ee\\\/#\\\/schema\\\/logo\\\/image\\\/\",\"url\":\"https:\\\/\\\/radis.ee\\\/wp-content\\\/uploads\\\/2020\\\/10\\\/Radis-logo.png\",\"contentUrl\":\"https:\\\/\\\/radis.ee\\\/wp-content\\\/uploads\\\/2020\\\/10\\\/Radis-logo.png\",\"width\":300,\"height\":63,\"caption\":\"Radis O\u00dc\"},\"image\":{\"@id\":\"https:\\\/\\\/radis.ee\\\/#\\\/schema\\\/logo\\\/image\\\/\"},\"sameAs\":[\"https:\\\/\\\/www.facebook.com\\\/radisfurniture\\\/\"]}]}<\/script>\n<!-- \/ Yoast SEO plugin. -->","yoast_head_json":{"title":"Runder Esstisch MAN - Radis","robots":{"index":"index","follow":"follow","max-snippet":"max-snippet:-1","max-image-preview":"max-image-preview:large","max-video-preview":"max-video-preview:-1"},"canonical":"https:\/\/radis.ee\/de\/runder-esstisch-man\/","og_locale":"de_DE","og_type":"article","og_title":"Runder Esstisch MAN - Radis","og_description":"Der runde Esstisch MAN ist bereit f\u00fcr weltver\u00e4ndernde Dinner-Gespr\u00e4che, Gourmetgerichte und auch fr\u00f6hliche Sonntagsmahlzeiten mit Ihrer Familie. Dieser Tisch ist aus hochwertigem Sperrholz gefertigt und mit seidenmattem Hochdrucklaminat (HPL) oder Eichenfurnier bedeckt, das f\u00fcr W\u00e4rme und Haltbarkeit sorgt. Der runde Esstisch MAN hat entweder schwarze, konische Metallbeine oder schlanke Beine aus Birkenholz, das je nach...","og_url":"https:\/\/radis.ee\/de\/runder-esstisch-man\/","og_site_name":"Radis","article_publisher":"https:\/\/www.facebook.com\/radisfurniture\/","article_modified_time":"2025-11-20T22:27:12+00:00","og_image":[{"width":682,"height":736,"url":"https:\/\/radis.ee\/wp-content\/uploads\/2022\/10\/Radis_Furniture_round_dining_table_MAN_Oak_veneered_plywood_conical-metal-legs_white_background.webp","type":"image\/webp"}],"twitter_card":"summary_large_image","twitter_misc":{"Gesch\u00e4tzte Lesezeit":"1\u00a0Minute"},"schema":{"@context":"https:\/\/schema.org","@graph":[{"@type":"WebPage","@id":"https:\/\/radis.ee\/de\/runder-esstisch-man\/","url":"https:\/\/radis.ee\/de\/runder-esstisch-man\/","name":"Runder Esstisch MAN - Radis","isPartOf":{"@id":"https:\/\/radis.ee\/#website"},"primaryImageOfPage":{"@id":"https:\/\/radis.ee\/de\/runder-esstisch-man\/#primaryimage"},"image":{"@id":"https:\/\/radis.ee\/de\/runder-esstisch-man\/#primaryimage"},"thumbnailUrl":"https:\/\/radis.ee\/wp-content\/uploads\/2022\/10\/Radis_Furniture_round_dining_table_MAN_Oak_veneered_plywood_conical-metal-legs_white_background.webp","datePublished":"2022-10-06T16:22:44+00:00","dateModified":"2025-11-20T22:27:12+00:00","breadcrumb":{"@id":"https:\/\/radis.ee\/de\/runder-esstisch-man\/#breadcrumb"},"inLanguage":"de","potentialAction":[{"@type":"ReadAction","target":["https:\/\/radis.ee\/de\/runder-esstisch-man\/"]}]},{"@type":"ImageObject","inLanguage":"de","@id":"https:\/\/radis.ee\/de\/runder-esstisch-man\/#primaryimage","url":"https:\/\/radis.ee\/wp-content\/uploads\/2022\/10\/Radis_Furniture_round_dining_table_MAN_Oak_veneered_plywood_conical-metal-legs_white_background.webp","contentUrl":"https:\/\/radis.ee\/wp-content\/uploads\/2022\/10\/Radis_Furniture_round_dining_table_MAN_Oak_veneered_plywood_conical-metal-legs_white_background.webp","width":682,"height":736,"caption":"adis Furniture round dining table MAN Oak veneered plywood conical metal legs"},{"@type":"BreadcrumbList","@id":"https:\/\/radis.ee\/de\/runder-esstisch-man\/#breadcrumb","itemListElement":[{"@type":"ListItem","position":1,"name":"Home","item":"https:\/\/radis.ee\/"},{"@type":"ListItem","position":2,"name":"Produkte","item":"https:\/\/radis.ee\/de\/produkte\/"},{"@type":"ListItem","position":3,"name":"Runder Esstisch MAN"}]},{"@type":"WebSite","@id":"https:\/\/radis.ee\/#website","url":"https:\/\/radis.ee\/","name":"Radis","description":"Nordic design furniture, environmentally friendly and sustainable.","publisher":{"@id":"https:\/\/radis.ee\/#organization"},"potentialAction":[{"@type":"SearchAction","target":{"@type":"EntryPoint","urlTemplate":"https:\/\/radis.ee\/?s={search_term_string}"},"query-input":{"@type":"PropertyValueSpecification","valueRequired":true,"valueName":"search_term_string"}}],"inLanguage":"de"},{"@type":"Organization","@id":"https:\/\/radis.ee\/#organization","name":"Radis O\u00dc","url":"https:\/\/radis.ee\/","logo":{"@type":"ImageObject","inLanguage":"de","@id":"https:\/\/radis.ee\/#\/schema\/logo\/image\/","url":"https:\/\/radis.ee\/wp-content\/uploads\/2020\/10\/Radis-logo.png","contentUrl":"https:\/\/radis.ee\/wp-content\/uploads\/2020\/10\/Radis-logo.png","width":300,"height":63,"caption":"Radis O\u00dc"},"image":{"@id":"https:\/\/radis.ee\/#\/schema\/logo\/image\/"},"sameAs":["https:\/\/www.facebook.com\/radisfurniture\/"]}]}},"_links":{"self":[{"href":"https:\/\/radis.ee\/de\/wp-json\/wp\/v2\/product\/13410","targetHints":{"allow":["GET"]}}],"collection":[{"href":"https:\/\/radis.ee\/de\/wp-json\/wp\/v2\/product"}],"about":[{"href":"https:\/\/radis.ee\/de\/wp-json\/wp\/v2\/types\/product"}],"replies":[{"embeddable":true,"href":"https:\/\/radis.ee\/de\/wp-json\/wp\/v2\/comments?post=13410"}],"wp:featuredmedia":[{"embeddable":true,"href":"https:\/\/radis.ee\/de\/wp-json\/wp\/v2\/media\/30580"}],"wp:attachment":[{"href":"https:\/\/radis.ee\/de\/wp-json\/wp\/v2\/media?parent=13410"}],"wp:term":[{"taxonomy":"product_brand","embeddable":true,"href":"https:\/\/radis.ee\/de\/wp-json\/wp\/v2\/product_brand?post=13410"},{"taxonomy":"product_cat","embeddable":true,"href":"https:\/\/radis.ee\/de\/wp-json\/wp\/v2\/product_cat?post=13410"},{"taxonomy":"product_tag","embeddable":true,"href":"https:\/\/radis.ee\/de\/wp-json\/wp\/v2\/product_tag?post=13410"}],"curies":[{"name":"wp","href":"https:\/\/api.w.org\/{rel}","templated":true}]}}