{"id":14453,"date":"2018-02-02T16:21:02","date_gmt":"2022-02-02T20:39:06","guid":{"rendered":"https:\/\/radis.ee\/?post_type=product&#038;p=14453"},"modified":"2022-04-19T11:11:32","modified_gmt":"2022-04-19T08:11:32","slug":"materialmuster","status":"publish","type":"product","link":"https:\/\/radis.ee\/de\/materialmuster\/","title":{"rendered":"Materialmuster"},"content":{"rendered":"<p>Wir m\u00f6chten, dass jedes Radis-Produkt Freude in Ihr Zuhause bringt und sich perfekt in das Interieur einf\u00fcgt. Wir wissen, dass es manchmal schwierig sein kann, sich f\u00fcr die richtige Abschlussfarbe zu entscheiden. Um die Auswahl zu vereinfachen, k\u00f6nnen Sie jetzt ein Set Produktmuster bestellen. Hier finden Sie sieben verschiedene Oberfl\u00e4chen zur Auswahl. Die Muster geben Ihnen auch die M\u00f6glichkeit, ein Gef\u00fchl f\u00fcr die Materialien zu bekommen.<\/p>\n<p>Wir hoffen, dass dieses Produktmuster-Kit Ihnen hilft, Ihrem idealen Zuhause einen Schritt n\u00e4her zu kommen.<\/p>\n","protected":false},"excerpt":{"rendered":"<p>Wir m\u00f6chten, dass jedes Radis-Produkt Freude in Ihr Zuhause bringt und sich perfekt in das Interieur einf\u00fcgt. Wir wissen, dass es manchmal schwierig sein kann, sich f\u00fcr die richtige Abschlussfarbe zu entscheiden. Um die Auswahl zu vereinfachen, k\u00f6nnen Sie jetzt ein Set Produktmuster bestellen. Hier finden Sie sieben verschiedene Oberfl\u00e4chen zur Auswahl. Die Muster geben&#8230;<\/p>\n","protected":false},"featured_media":4978,"comment_status":"open","ping_status":"closed","template":"","meta":{"_acf_changed":false},"product_brand":[],"product_cat":[34],"product_tag":[],"class_list":{"0":"post-14453","1":"product","2":"type-product","3":"status-publish","4":"has-post-thumbnail","6":"product_cat-aksessuaarid","8":"first","9":"instock","10":"taxable","11":"shipping-taxable","12":"purchasable","13":"product-type-simple"},"acf":[],"yoast_head":"<!-- This site is optimized with the Yoast SEO plugin v27.4 - https:\/\/yoast.com\/product\/yoast-seo-wordpress\/ -->\n<title>Materialmuster - Radis<\/title>\n<meta name=\"robots\" content=\"index, follow, max-snippet:-1, max-image-preview:large, max-video-preview:-1\" \/>\n<link rel=\"canonical\" href=\"https:\/\/radis.ee\/tooninaidised\/\" \/>\n<meta property=\"og:locale\" content=\"de_DE\" \/>\n<meta property=\"og:type\" content=\"article\" \/>\n<meta property=\"og:title\" content=\"Materialmuster - Radis\" \/>\n<meta property=\"og:description\" content=\"Wir m\u00f6chten, dass jedes Radis-Produkt Freude in Ihr Zuhause bringt und sich perfekt in das Interieur einf\u00fcgt. Wir wissen, dass es manchmal schwierig sein kann, sich f\u00fcr die richtige Abschlussfarbe zu entscheiden. Um die Auswahl zu vereinfachen, k\u00f6nnen Sie jetzt ein Set Produktmuster bestellen. Hier finden Sie sieben verschiedene Oberfl\u00e4chen zur Auswahl. Die Muster geben...\" \/>\n<meta property=\"og:url\" content=\"https:\/\/radis.ee\/tooninaidised\/\" \/>\n<meta property=\"og:site_name\" content=\"Radis\" \/>\n<meta property=\"article:publisher\" content=\"https:\/\/www.facebook.com\/radisfurniture\/\" \/>\n<meta property=\"article:modified_time\" content=\"2022-04-19T08:11:32+00:00\" \/>\n<meta property=\"og:image\" content=\"https:\/\/radis.ee\/wp-content\/uploads\/2020\/10\/RADIS_PLYWOOD_OILWAX_OPTIONS_3_sr.jpg\" \/>\n\t<meta property=\"og:image:width\" content=\"1091\" \/>\n\t<meta property=\"og:image:height\" content=\"950\" \/>\n\t<meta property=\"og:image:type\" content=\"image\/jpeg\" \/>\n<meta name=\"twitter:card\" content=\"summary_large_image\" \/>\n<script type=\"application\/ld+json\" class=\"yoast-schema-graph\">{\"@context\":\"https:\\\/\\\/schema.org\",\"@graph\":[{\"@type\":\"WebPage\",\"@id\":\"https:\\\/\\\/radis.ee\\\/tooninaidised\\\/\",\"url\":\"https:\\\/\\\/radis.ee\\\/tooninaidised\\\/\",\"name\":\"Materialmuster - Radis\",\"isPartOf\":{\"@id\":\"https:\\\/\\\/radis.ee\\\/#website\"},\"primaryImageOfPage\":{\"@id\":\"https:\\\/\\\/radis.ee\\\/tooninaidised\\\/#primaryimage\"},\"image\":{\"@id\":\"https:\\\/\\\/radis.ee\\\/tooninaidised\\\/#primaryimage\"},\"thumbnailUrl\":\"https:\\\/\\\/radis.ee\\\/wp-content\\\/uploads\\\/2020\\\/10\\\/RADIS_PLYWOOD_OILWAX_OPTIONS_3_sr.jpg\",\"datePublished\":\"2022-02-02T20:39:06+00:00\",\"dateModified\":\"2022-04-19T08:11:32+00:00\",\"breadcrumb\":{\"@id\":\"https:\\\/\\\/radis.ee\\\/tooninaidised\\\/#breadcrumb\"},\"inLanguage\":\"de\",\"potentialAction\":[{\"@type\":\"ReadAction\",\"target\":[\"https:\\\/\\\/radis.ee\\\/tooninaidised\\\/\"]}]},{\"@type\":\"ImageObject\",\"inLanguage\":\"de\",\"@id\":\"https:\\\/\\\/radis.ee\\\/tooninaidised\\\/#primaryimage\",\"url\":\"https:\\\/\\\/radis.ee\\\/wp-content\\\/uploads\\\/2020\\\/10\\\/RADIS_PLYWOOD_OILWAX_OPTIONS_3_sr.jpg\",\"contentUrl\":\"https:\\\/\\\/radis.ee\\\/wp-content\\\/uploads\\\/2020\\\/10\\\/RADIS_PLYWOOD_OILWAX_OPTIONS_3_sr.jpg\",\"width\":1091,\"height\":950,\"caption\":\"RADIS PLYWOOD OILWAX OPTIONS\"},{\"@type\":\"BreadcrumbList\",\"@id\":\"https:\\\/\\\/radis.ee\\\/tooninaidised\\\/#breadcrumb\",\"itemListElement\":[{\"@type\":\"ListItem\",\"position\":1,\"name\":\"Home\",\"item\":\"https:\\\/\\\/radis.ee\\\/\"},{\"@type\":\"ListItem\",\"position\":2,\"name\":\"Produkte\",\"item\":\"https:\\\/\\\/radis.ee\\\/de\\\/produkte\\\/\"},{\"@type\":\"ListItem\",\"position\":3,\"name\":\"Materialmuster\"}]},{\"@type\":\"WebSite\",\"@id\":\"https:\\\/\\\/radis.ee\\\/#website\",\"url\":\"https:\\\/\\\/radis.ee\\\/\",\"name\":\"Radis\",\"description\":\"Nordic design furniture, environmentally friendly and sustainable.\",\"publisher\":{\"@id\":\"https:\\\/\\\/radis.ee\\\/#organization\"},\"potentialAction\":[{\"@type\":\"SearchAction\",\"target\":{\"@type\":\"EntryPoint\",\"urlTemplate\":\"https:\\\/\\\/radis.ee\\\/?s={search_term_string}\"},\"query-input\":{\"@type\":\"PropertyValueSpecification\",\"valueRequired\":true,\"valueName\":\"search_term_string\"}}],\"inLanguage\":\"de\"},{\"@type\":\"Organization\",\"@id\":\"https:\\\/\\\/radis.ee\\\/#organization\",\"name\":\"Radis O\u00dc\",\"url\":\"https:\\\/\\\/radis.ee\\\/\",\"logo\":{\"@type\":\"ImageObject\",\"inLanguage\":\"de\",\"@id\":\"https:\\\/\\\/radis.ee\\\/#\\\/schema\\\/logo\\\/image\\\/\",\"url\":\"https:\\\/\\\/radis.ee\\\/wp-content\\\/uploads\\\/2020\\\/10\\\/Radis-logo.png\",\"contentUrl\":\"https:\\\/\\\/radis.ee\\\/wp-content\\\/uploads\\\/2020\\\/10\\\/Radis-logo.png\",\"width\":300,\"height\":63,\"caption\":\"Radis O\u00dc\"},\"image\":{\"@id\":\"https:\\\/\\\/radis.ee\\\/#\\\/schema\\\/logo\\\/image\\\/\"},\"sameAs\":[\"https:\\\/\\\/www.facebook.com\\\/radisfurniture\\\/\"]}]}<\/script>\n<!-- \/ Yoast SEO plugin. -->","yoast_head_json":{"title":"Materialmuster - Radis","robots":{"index":"index","follow":"follow","max-snippet":"max-snippet:-1","max-image-preview":"max-image-preview:large","max-video-preview":"max-video-preview:-1"},"canonical":"https:\/\/radis.ee\/tooninaidised\/","og_locale":"de_DE","og_type":"article","og_title":"Materialmuster - Radis","og_description":"Wir m\u00f6chten, dass jedes Radis-Produkt Freude in Ihr Zuhause bringt und sich perfekt in das Interieur einf\u00fcgt. Wir wissen, dass es manchmal schwierig sein kann, sich f\u00fcr die richtige Abschlussfarbe zu entscheiden. Um die Auswahl zu vereinfachen, k\u00f6nnen Sie jetzt ein Set Produktmuster bestellen. Hier finden Sie sieben verschiedene Oberfl\u00e4chen zur Auswahl. Die Muster geben...","og_url":"https:\/\/radis.ee\/tooninaidised\/","og_site_name":"Radis","article_publisher":"https:\/\/www.facebook.com\/radisfurniture\/","article_modified_time":"2022-04-19T08:11:32+00:00","og_image":[{"width":1091,"height":950,"url":"https:\/\/radis.ee\/wp-content\/uploads\/2020\/10\/RADIS_PLYWOOD_OILWAX_OPTIONS_3_sr.jpg","type":"image\/jpeg"}],"twitter_card":"summary_large_image","schema":{"@context":"https:\/\/schema.org","@graph":[{"@type":"WebPage","@id":"https:\/\/radis.ee\/tooninaidised\/","url":"https:\/\/radis.ee\/tooninaidised\/","name":"Materialmuster - Radis","isPartOf":{"@id":"https:\/\/radis.ee\/#website"},"primaryImageOfPage":{"@id":"https:\/\/radis.ee\/tooninaidised\/#primaryimage"},"image":{"@id":"https:\/\/radis.ee\/tooninaidised\/#primaryimage"},"thumbnailUrl":"https:\/\/radis.ee\/wp-content\/uploads\/2020\/10\/RADIS_PLYWOOD_OILWAX_OPTIONS_3_sr.jpg","datePublished":"2022-02-02T20:39:06+00:00","dateModified":"2022-04-19T08:11:32+00:00","breadcrumb":{"@id":"https:\/\/radis.ee\/tooninaidised\/#breadcrumb"},"inLanguage":"de","potentialAction":[{"@type":"ReadAction","target":["https:\/\/radis.ee\/tooninaidised\/"]}]},{"@type":"ImageObject","inLanguage":"de","@id":"https:\/\/radis.ee\/tooninaidised\/#primaryimage","url":"https:\/\/radis.ee\/wp-content\/uploads\/2020\/10\/RADIS_PLYWOOD_OILWAX_OPTIONS_3_sr.jpg","contentUrl":"https:\/\/radis.ee\/wp-content\/uploads\/2020\/10\/RADIS_PLYWOOD_OILWAX_OPTIONS_3_sr.jpg","width":1091,"height":950,"caption":"RADIS PLYWOOD OILWAX OPTIONS"},{"@type":"BreadcrumbList","@id":"https:\/\/radis.ee\/tooninaidised\/#breadcrumb","itemListElement":[{"@type":"ListItem","position":1,"name":"Home","item":"https:\/\/radis.ee\/"},{"@type":"ListItem","position":2,"name":"Produkte","item":"https:\/\/radis.ee\/de\/produkte\/"},{"@type":"ListItem","position":3,"name":"Materialmuster"}]},{"@type":"WebSite","@id":"https:\/\/radis.ee\/#website","url":"https:\/\/radis.ee\/","name":"Radis","description":"Nordic design furniture, environmentally friendly and sustainable.","publisher":{"@id":"https:\/\/radis.ee\/#organization"},"potentialAction":[{"@type":"SearchAction","target":{"@type":"EntryPoint","urlTemplate":"https:\/\/radis.ee\/?s={search_term_string}"},"query-input":{"@type":"PropertyValueSpecification","valueRequired":true,"valueName":"search_term_string"}}],"inLanguage":"de"},{"@type":"Organization","@id":"https:\/\/radis.ee\/#organization","name":"Radis O\u00dc","url":"https:\/\/radis.ee\/","logo":{"@type":"ImageObject","inLanguage":"de","@id":"https:\/\/radis.ee\/#\/schema\/logo\/image\/","url":"https:\/\/radis.ee\/wp-content\/uploads\/2020\/10\/Radis-logo.png","contentUrl":"https:\/\/radis.ee\/wp-content\/uploads\/2020\/10\/Radis-logo.png","width":300,"height":63,"caption":"Radis O\u00dc"},"image":{"@id":"https:\/\/radis.ee\/#\/schema\/logo\/image\/"},"sameAs":["https:\/\/www.facebook.com\/radisfurniture\/"]}]}},"_links":{"self":[{"href":"https:\/\/radis.ee\/de\/wp-json\/wp\/v2\/product\/14453","targetHints":{"allow":["GET"]}}],"collection":[{"href":"https:\/\/radis.ee\/de\/wp-json\/wp\/v2\/product"}],"about":[{"href":"https:\/\/radis.ee\/de\/wp-json\/wp\/v2\/types\/product"}],"replies":[{"embeddable":true,"href":"https:\/\/radis.ee\/de\/wp-json\/wp\/v2\/comments?post=14453"}],"wp:featuredmedia":[{"embeddable":true,"href":"https:\/\/radis.ee\/de\/wp-json\/wp\/v2\/media\/4978"}],"wp:attachment":[{"href":"https:\/\/radis.ee\/de\/wp-json\/wp\/v2\/media?parent=14453"}],"wp:term":[{"taxonomy":"product_brand","embeddable":true,"href":"https:\/\/radis.ee\/de\/wp-json\/wp\/v2\/product_brand?post=14453"},{"taxonomy":"product_cat","embeddable":true,"href":"https:\/\/radis.ee\/de\/wp-json\/wp\/v2\/product_cat?post=14453"},{"taxonomy":"product_tag","embeddable":true,"href":"https:\/\/radis.ee\/de\/wp-json\/wp\/v2\/product_tag?post=14453"}],"curies":[{"name":"wp","href":"https:\/\/api.w.org\/{rel}","templated":true}]}}