{"id":14941,"date":"2020-10-09T00:41:05","date_gmt":"2020-10-08T21:41:05","guid":{"rendered":"https:\/\/radis.ee\/?post_type=product&#038;p=14941"},"modified":"2022-05-19T13:31:27","modified_gmt":"2022-05-19T10:31:27","slug":"anrichte-romb-stacked","status":"publish","type":"product","link":"https:\/\/radis.ee\/de\/anrichte-romb-stacked\/","title":{"rendered":"Anrichte ROMB Stacked"},"content":{"rendered":"<p>Viele wissen das nicht, aber tats\u00e4chlich sind der Sch\u00f6nheit der Kommode einige Grenzen gesetzt. Sch\u00f6ner als diese Kommode zum Beispiel ist nicht mehr erlaubt. Sie k\u00f6nnen sogar sehen! Nur Sie k\u00f6nnen hinter den mysteri\u00f6sen T\u00fcrmustern sehen.<\/p>\n<p>Das Sideboard hat 4 Etagen mit 8 T\u00fcren. Hinter den T\u00fcren ist die Innenh\u00f6he 33 cm, Breite 67 cm, also auch f\u00fcrs B\u00fcro geeignet um Ordner unterzubringen. Aus hochwertigem Birkensperrholz, \u00f6lgewachstem oder CPL-Sperrholz, Push2open-T\u00fcrscharniere, die auf Druck \u00f6ffnen und schlie\u00dfen.<\/p>\n<p>Das Muster auf den T\u00fcren ist eingraviert. Der Sockel ist 8 cm hoch, was zu verschiedenen Sockelleisten passt.<\/p>\n","protected":false},"excerpt":{"rendered":"<p>Viele wissen das nicht, aber tats\u00e4chlich sind der Sch\u00f6nheit der Kommode einige Grenzen gesetzt. Sch\u00f6ner als diese Kommode zum Beispiel ist nicht mehr erlaubt. Sie k\u00f6nnen sogar sehen! Nur Sie k\u00f6nnen hinter den mysteri\u00f6sen T\u00fcrmustern sehen. Das Sideboard hat 4 Etagen mit 8 T\u00fcren. Hinter den T\u00fcren ist die Innenh\u00f6he 33 cm, Breite 67 cm,&#8230;<\/p>\n","protected":false},"featured_media":16427,"comment_status":"open","ping_status":"closed","template":"","meta":{"_acf_changed":false},"product_brand":[],"product_cat":[17],"product_tag":[],"class_list":{"0":"post-14941","1":"product","2":"type-product","3":"status-publish","4":"has-post-thumbnail","6":"product_cat-kummutid","8":"first","9":"instock","10":"sale","11":"taxable","12":"shipping-taxable","13":"purchasable","14":"product-type-variable","15":"has-default-attributes"},"acf":[],"yoast_head":"<!-- This site is optimized with the Yoast SEO plugin v27.3 - https:\/\/yoast.com\/product\/yoast-seo-wordpress\/ -->\n<title>Anrichte ROMB Stacked - Radis<\/title>\n<meta name=\"robots\" content=\"index, follow, max-snippet:-1, max-image-preview:large, max-video-preview:-1\" \/>\n<link rel=\"canonical\" href=\"https:\/\/radis.ee\/de\/anrichte-romb-stacked\/\" \/>\n<meta property=\"og:locale\" content=\"de_DE\" \/>\n<meta property=\"og:type\" content=\"article\" \/>\n<meta property=\"og:title\" content=\"Anrichte ROMB Stacked - Radis\" \/>\n<meta property=\"og:description\" content=\"Viele wissen das nicht, aber tats\u00e4chlich sind der Sch\u00f6nheit der Kommode einige Grenzen gesetzt. Sch\u00f6ner als diese Kommode zum Beispiel ist nicht mehr erlaubt. Sie k\u00f6nnen sogar sehen! Nur Sie k\u00f6nnen hinter den mysteri\u00f6sen T\u00fcrmustern sehen. Das Sideboard hat 4 Etagen mit 8 T\u00fcren. Hinter den T\u00fcren ist die Innenh\u00f6he 33 cm, Breite 67 cm,...\" \/>\n<meta property=\"og:url\" content=\"https:\/\/radis.ee\/de\/anrichte-romb-stacked\/\" \/>\n<meta property=\"og:site_name\" content=\"Radis\" \/>\n<meta property=\"article:publisher\" content=\"https:\/\/www.facebook.com\/radisfurniture\/\" \/>\n<meta property=\"article:modified_time\" content=\"2022-05-19T10:31:27+00:00\" \/>\n<meta property=\"og:image\" content=\"https:\/\/radis.ee\/wp-content\/uploads\/2020\/10\/RADIS_sideboard_ROMB_Stacked_Light_Oak_doors_White_CPL_plywood_white_background-scaled.jpg\" \/>\n\t<meta property=\"og:image:width\" content=\"2560\" \/>\n\t<meta property=\"og:image:height\" content=\"2150\" \/>\n\t<meta property=\"og:image:type\" content=\"image\/jpeg\" \/>\n<meta name=\"twitter:card\" content=\"summary_large_image\" \/>\n<meta name=\"twitter:label1\" content=\"Gesch\u00e4tzte Lesezeit\" \/>\n\t<meta name=\"twitter:data1\" content=\"1\u00a0Minute\" \/>\n<script type=\"application\/ld+json\" class=\"yoast-schema-graph\">{\"@context\":\"https:\\\/\\\/schema.org\",\"@graph\":[{\"@type\":\"WebPage\",\"@id\":\"https:\\\/\\\/radis.ee\\\/de\\\/anrichte-romb-stacked\\\/\",\"url\":\"https:\\\/\\\/radis.ee\\\/de\\\/anrichte-romb-stacked\\\/\",\"name\":\"Anrichte ROMB Stacked - Radis\",\"isPartOf\":{\"@id\":\"https:\\\/\\\/radis.ee\\\/#website\"},\"primaryImageOfPage\":{\"@id\":\"https:\\\/\\\/radis.ee\\\/de\\\/anrichte-romb-stacked\\\/#primaryimage\"},\"image\":{\"@id\":\"https:\\\/\\\/radis.ee\\\/de\\\/anrichte-romb-stacked\\\/#primaryimage\"},\"thumbnailUrl\":\"https:\\\/\\\/radis.ee\\\/wp-content\\\/uploads\\\/2020\\\/10\\\/RADIS_sideboard_ROMB_Stacked_Light_Oak_doors_White_CPL_plywood_white_background-scaled.jpg\",\"datePublished\":\"2020-10-08T21:41:05+00:00\",\"dateModified\":\"2022-05-19T10:31:27+00:00\",\"breadcrumb\":{\"@id\":\"https:\\\/\\\/radis.ee\\\/de\\\/anrichte-romb-stacked\\\/#breadcrumb\"},\"inLanguage\":\"de\",\"potentialAction\":[{\"@type\":\"ReadAction\",\"target\":[\"https:\\\/\\\/radis.ee\\\/de\\\/anrichte-romb-stacked\\\/\"]}]},{\"@type\":\"ImageObject\",\"inLanguage\":\"de\",\"@id\":\"https:\\\/\\\/radis.ee\\\/de\\\/anrichte-romb-stacked\\\/#primaryimage\",\"url\":\"https:\\\/\\\/radis.ee\\\/wp-content\\\/uploads\\\/2020\\\/10\\\/RADIS_sideboard_ROMB_Stacked_Light_Oak_doors_White_CPL_plywood_white_background-scaled.jpg\",\"contentUrl\":\"https:\\\/\\\/radis.ee\\\/wp-content\\\/uploads\\\/2020\\\/10\\\/RADIS_sideboard_ROMB_Stacked_Light_Oak_doors_White_CPL_plywood_white_background-scaled.jpg\",\"width\":2560,\"height\":2150,\"caption\":\"RADIS sideboard ROMB Stacked natural birch plywood doors white Koskisen CPL\"},{\"@type\":\"BreadcrumbList\",\"@id\":\"https:\\\/\\\/radis.ee\\\/de\\\/anrichte-romb-stacked\\\/#breadcrumb\",\"itemListElement\":[{\"@type\":\"ListItem\",\"position\":1,\"name\":\"Home\",\"item\":\"https:\\\/\\\/radis.ee\\\/\"},{\"@type\":\"ListItem\",\"position\":2,\"name\":\"Produkte\",\"item\":\"https:\\\/\\\/radis.ee\\\/de\\\/produkte\\\/\"},{\"@type\":\"ListItem\",\"position\":3,\"name\":\"Anrichte ROMB Stacked\"}]},{\"@type\":\"WebSite\",\"@id\":\"https:\\\/\\\/radis.ee\\\/#website\",\"url\":\"https:\\\/\\\/radis.ee\\\/\",\"name\":\"Radis\",\"description\":\"Nordic design furniture, environmentally friendly and sustainable.\",\"publisher\":{\"@id\":\"https:\\\/\\\/radis.ee\\\/#organization\"},\"potentialAction\":[{\"@type\":\"SearchAction\",\"target\":{\"@type\":\"EntryPoint\",\"urlTemplate\":\"https:\\\/\\\/radis.ee\\\/?s={search_term_string}\"},\"query-input\":{\"@type\":\"PropertyValueSpecification\",\"valueRequired\":true,\"valueName\":\"search_term_string\"}}],\"inLanguage\":\"de\"},{\"@type\":\"Organization\",\"@id\":\"https:\\\/\\\/radis.ee\\\/#organization\",\"name\":\"Radis O\u00dc\",\"url\":\"https:\\\/\\\/radis.ee\\\/\",\"logo\":{\"@type\":\"ImageObject\",\"inLanguage\":\"de\",\"@id\":\"https:\\\/\\\/radis.ee\\\/#\\\/schema\\\/logo\\\/image\\\/\",\"url\":\"https:\\\/\\\/radis.ee\\\/wp-content\\\/uploads\\\/2020\\\/10\\\/Radis-logo.png\",\"contentUrl\":\"https:\\\/\\\/radis.ee\\\/wp-content\\\/uploads\\\/2020\\\/10\\\/Radis-logo.png\",\"width\":300,\"height\":63,\"caption\":\"Radis O\u00dc\"},\"image\":{\"@id\":\"https:\\\/\\\/radis.ee\\\/#\\\/schema\\\/logo\\\/image\\\/\"},\"sameAs\":[\"https:\\\/\\\/www.facebook.com\\\/radisfurniture\\\/\"]}]}<\/script>\n<!-- \/ Yoast SEO plugin. -->","yoast_head_json":{"title":"Anrichte ROMB Stacked - Radis","robots":{"index":"index","follow":"follow","max-snippet":"max-snippet:-1","max-image-preview":"max-image-preview:large","max-video-preview":"max-video-preview:-1"},"canonical":"https:\/\/radis.ee\/de\/anrichte-romb-stacked\/","og_locale":"de_DE","og_type":"article","og_title":"Anrichte ROMB Stacked - Radis","og_description":"Viele wissen das nicht, aber tats\u00e4chlich sind der Sch\u00f6nheit der Kommode einige Grenzen gesetzt. Sch\u00f6ner als diese Kommode zum Beispiel ist nicht mehr erlaubt. Sie k\u00f6nnen sogar sehen! Nur Sie k\u00f6nnen hinter den mysteri\u00f6sen T\u00fcrmustern sehen. Das Sideboard hat 4 Etagen mit 8 T\u00fcren. Hinter den T\u00fcren ist die Innenh\u00f6he 33 cm, Breite 67 cm,...","og_url":"https:\/\/radis.ee\/de\/anrichte-romb-stacked\/","og_site_name":"Radis","article_publisher":"https:\/\/www.facebook.com\/radisfurniture\/","article_modified_time":"2022-05-19T10:31:27+00:00","og_image":[{"width":2560,"height":2150,"url":"https:\/\/radis.ee\/wp-content\/uploads\/2020\/10\/RADIS_sideboard_ROMB_Stacked_Light_Oak_doors_White_CPL_plywood_white_background-scaled.jpg","type":"image\/jpeg"}],"twitter_card":"summary_large_image","twitter_misc":{"Gesch\u00e4tzte Lesezeit":"1\u00a0Minute"},"schema":{"@context":"https:\/\/schema.org","@graph":[{"@type":"WebPage","@id":"https:\/\/radis.ee\/de\/anrichte-romb-stacked\/","url":"https:\/\/radis.ee\/de\/anrichte-romb-stacked\/","name":"Anrichte ROMB Stacked - Radis","isPartOf":{"@id":"https:\/\/radis.ee\/#website"},"primaryImageOfPage":{"@id":"https:\/\/radis.ee\/de\/anrichte-romb-stacked\/#primaryimage"},"image":{"@id":"https:\/\/radis.ee\/de\/anrichte-romb-stacked\/#primaryimage"},"thumbnailUrl":"https:\/\/radis.ee\/wp-content\/uploads\/2020\/10\/RADIS_sideboard_ROMB_Stacked_Light_Oak_doors_White_CPL_plywood_white_background-scaled.jpg","datePublished":"2020-10-08T21:41:05+00:00","dateModified":"2022-05-19T10:31:27+00:00","breadcrumb":{"@id":"https:\/\/radis.ee\/de\/anrichte-romb-stacked\/#breadcrumb"},"inLanguage":"de","potentialAction":[{"@type":"ReadAction","target":["https:\/\/radis.ee\/de\/anrichte-romb-stacked\/"]}]},{"@type":"ImageObject","inLanguage":"de","@id":"https:\/\/radis.ee\/de\/anrichte-romb-stacked\/#primaryimage","url":"https:\/\/radis.ee\/wp-content\/uploads\/2020\/10\/RADIS_sideboard_ROMB_Stacked_Light_Oak_doors_White_CPL_plywood_white_background-scaled.jpg","contentUrl":"https:\/\/radis.ee\/wp-content\/uploads\/2020\/10\/RADIS_sideboard_ROMB_Stacked_Light_Oak_doors_White_CPL_plywood_white_background-scaled.jpg","width":2560,"height":2150,"caption":"RADIS sideboard ROMB Stacked natural birch plywood doors white Koskisen CPL"},{"@type":"BreadcrumbList","@id":"https:\/\/radis.ee\/de\/anrichte-romb-stacked\/#breadcrumb","itemListElement":[{"@type":"ListItem","position":1,"name":"Home","item":"https:\/\/radis.ee\/"},{"@type":"ListItem","position":2,"name":"Produkte","item":"https:\/\/radis.ee\/de\/produkte\/"},{"@type":"ListItem","position":3,"name":"Anrichte ROMB Stacked"}]},{"@type":"WebSite","@id":"https:\/\/radis.ee\/#website","url":"https:\/\/radis.ee\/","name":"Radis","description":"Nordic design furniture, environmentally friendly and sustainable.","publisher":{"@id":"https:\/\/radis.ee\/#organization"},"potentialAction":[{"@type":"SearchAction","target":{"@type":"EntryPoint","urlTemplate":"https:\/\/radis.ee\/?s={search_term_string}"},"query-input":{"@type":"PropertyValueSpecification","valueRequired":true,"valueName":"search_term_string"}}],"inLanguage":"de"},{"@type":"Organization","@id":"https:\/\/radis.ee\/#organization","name":"Radis O\u00dc","url":"https:\/\/radis.ee\/","logo":{"@type":"ImageObject","inLanguage":"de","@id":"https:\/\/radis.ee\/#\/schema\/logo\/image\/","url":"https:\/\/radis.ee\/wp-content\/uploads\/2020\/10\/Radis-logo.png","contentUrl":"https:\/\/radis.ee\/wp-content\/uploads\/2020\/10\/Radis-logo.png","width":300,"height":63,"caption":"Radis O\u00dc"},"image":{"@id":"https:\/\/radis.ee\/#\/schema\/logo\/image\/"},"sameAs":["https:\/\/www.facebook.com\/radisfurniture\/"]}]}},"_links":{"self":[{"href":"https:\/\/radis.ee\/de\/wp-json\/wp\/v2\/product\/14941","targetHints":{"allow":["GET"]}}],"collection":[{"href":"https:\/\/radis.ee\/de\/wp-json\/wp\/v2\/product"}],"about":[{"href":"https:\/\/radis.ee\/de\/wp-json\/wp\/v2\/types\/product"}],"replies":[{"embeddable":true,"href":"https:\/\/radis.ee\/de\/wp-json\/wp\/v2\/comments?post=14941"}],"wp:featuredmedia":[{"embeddable":true,"href":"https:\/\/radis.ee\/de\/wp-json\/wp\/v2\/media\/16427"}],"wp:attachment":[{"href":"https:\/\/radis.ee\/de\/wp-json\/wp\/v2\/media?parent=14941"}],"wp:term":[{"taxonomy":"product_brand","embeddable":true,"href":"https:\/\/radis.ee\/de\/wp-json\/wp\/v2\/product_brand?post=14941"},{"taxonomy":"product_cat","embeddable":true,"href":"https:\/\/radis.ee\/de\/wp-json\/wp\/v2\/product_cat?post=14941"},{"taxonomy":"product_tag","embeddable":true,"href":"https:\/\/radis.ee\/de\/wp-json\/wp\/v2\/product_tag?post=14941"}],"curies":[{"name":"wp","href":"https:\/\/api.w.org\/{rel}","templated":true}]}}