{"id":15226,"date":"2020-06-10T18:08:13","date_gmt":"2020-06-10T15:08:13","guid":{"rendered":"https:\/\/radis.ee\/?post_type=product&#038;p=15226"},"modified":"2025-12-21T13:31:55","modified_gmt":"2025-12-21T11:31:55","slug":"kleiderschrank-huh-1-tur","status":"publish","type":"product","link":"https:\/\/radis.ee\/de\/kleiderschrank-huh-1-tur\/","title":{"rendered":"Schmal Kleiderschrank HUH 1 T\u00fcr"},"content":{"rendered":"<p>Es ist gut, einen ger\u00e4umigen Kleiderschrank zu haben, aber manchmal ist es noch wichtiger, eine L\u00f6sung f\u00fcr ein kleineres Schlafzimmer zu finden. HUH Kleiderschrank mit einer T\u00fcr ist genau das. Da es ordentlich und klein ist, nimmt es nicht zu viel Platz ein, passt aber trotzdem gut zu allem.<\/p>\n<p>Dieser Schrank bringt Ordnung in Ihre Garderobe, indem er Kleider, Anz\u00fcge und M\u00e4ntel verschlingt. In die Schubladen passen W\u00e4sche, Socken und Schlipse.<\/p>\n<p>Hinter der T\u00fcr befinden sich 3 verstellbare Einlegeb\u00f6den und darunter 2 gro\u00dfe Schubladen.<\/p>\n<p>Schmal schrank auf Beinen aus Birkensperrholz, ge\u00f6lt. Soft-Close H\u00e4fele T\u00fcrscharniere und verdeckte Schubkastenschienen. T\u00fcr Koskisen wei\u00df HPL auf Schichtholz, innen H\u00e4fele Metallst\u00e4be halten lange T\u00fcren gerade. Sie k\u00f6nnen zwischen zwei Griffdesigns w\u00e4hlen.<\/p>\n<p>Kollektion HUH wurde f\u00fcr den estnischen Designpreis Bruno 2014 nominiert.<\/p>\n","protected":false},"excerpt":{"rendered":"<p>Es ist gut, einen ger\u00e4umigen Kleiderschrank zu haben, aber manchmal ist es noch wichtiger, eine L\u00f6sung f\u00fcr ein kleineres Schlafzimmer zu finden. HUH Kleiderschrank mit einer T\u00fcr ist genau das. Da es ordentlich und klein ist, nimmt es nicht zu viel Platz ein, passt aber trotzdem gut zu allem. Dieser Schrank bringt Ordnung in Ihre&#8230;<\/p>\n","protected":false},"featured_media":15318,"comment_status":"open","ping_status":"closed","template":"","meta":{"_acf_changed":false},"product_brand":[],"product_cat":[110],"product_tag":[],"class_list":{"0":"post-15226","1":"product","2":"type-product","3":"status-publish","4":"has-post-thumbnail","6":"product_cat-riidekapid","8":"first","9":"instock","10":"taxable","11":"shipping-taxable","12":"purchasable","13":"product-type-variable","14":"has-default-attributes"},"acf":[],"yoast_head":"<!-- This site is optimized with the Yoast SEO plugin v27.3 - https:\/\/yoast.com\/product\/yoast-seo-wordpress\/ -->\n<title>Schmal Kleiderschrank HUH 1 T\u00fcr - Radis<\/title>\n<meta name=\"robots\" content=\"index, follow, max-snippet:-1, max-image-preview:large, max-video-preview:-1\" \/>\n<link rel=\"canonical\" href=\"https:\/\/radis.ee\/de\/kleiderschrank-huh-1-tur\/\" \/>\n<meta property=\"og:locale\" content=\"de_DE\" \/>\n<meta property=\"og:type\" content=\"article\" \/>\n<meta property=\"og:title\" content=\"Schmal Kleiderschrank HUH 1 T\u00fcr - Radis\" \/>\n<meta property=\"og:description\" content=\"Es ist gut, einen ger\u00e4umigen Kleiderschrank zu haben, aber manchmal ist es noch wichtiger, eine L\u00f6sung f\u00fcr ein kleineres Schlafzimmer zu finden. HUH Kleiderschrank mit einer T\u00fcr ist genau das. Da es ordentlich und klein ist, nimmt es nicht zu viel Platz ein, passt aber trotzdem gut zu allem. Dieser Schrank bringt Ordnung in Ihre...\" \/>\n<meta property=\"og:url\" content=\"https:\/\/radis.ee\/de\/kleiderschrank-huh-1-tur\/\" \/>\n<meta property=\"og:site_name\" content=\"Radis\" \/>\n<meta property=\"article:publisher\" content=\"https:\/\/www.facebook.com\/radisfurniture\/\" \/>\n<meta property=\"article:modified_time\" content=\"2025-12-21T11:31:55+00:00\" \/>\n<meta property=\"og:image\" content=\"https:\/\/radis.ee\/wp-content\/uploads\/2020\/06\/RADIS_wardrobe_HUH_1_door_-Light_Oak_doors_White_CPL_plywood_vertical_handles-scaled.jpg\" \/>\n\t<meta property=\"og:image:width\" content=\"2166\" \/>\n\t<meta property=\"og:image:height\" content=\"2560\" \/>\n\t<meta property=\"og:image:type\" content=\"image\/jpeg\" \/>\n<meta name=\"twitter:card\" content=\"summary_large_image\" \/>\n<meta name=\"twitter:label1\" content=\"Gesch\u00e4tzte Lesezeit\" \/>\n\t<meta name=\"twitter:data1\" content=\"1\u00a0Minute\" \/>\n<script type=\"application\/ld+json\" class=\"yoast-schema-graph\">{\"@context\":\"https:\\\/\\\/schema.org\",\"@graph\":[{\"@type\":\"WebPage\",\"@id\":\"https:\\\/\\\/radis.ee\\\/de\\\/kleiderschrank-huh-1-tur\\\/\",\"url\":\"https:\\\/\\\/radis.ee\\\/de\\\/kleiderschrank-huh-1-tur\\\/\",\"name\":\"Schmal Kleiderschrank HUH 1 T\u00fcr - Radis\",\"isPartOf\":{\"@id\":\"https:\\\/\\\/radis.ee\\\/#website\"},\"primaryImageOfPage\":{\"@id\":\"https:\\\/\\\/radis.ee\\\/de\\\/kleiderschrank-huh-1-tur\\\/#primaryimage\"},\"image\":{\"@id\":\"https:\\\/\\\/radis.ee\\\/de\\\/kleiderschrank-huh-1-tur\\\/#primaryimage\"},\"thumbnailUrl\":\"https:\\\/\\\/radis.ee\\\/wp-content\\\/uploads\\\/2020\\\/06\\\/RADIS_wardrobe_HUH_1_door_-Light_Oak_doors_White_CPL_plywood_vertical_handles-scaled.jpg\",\"datePublished\":\"2020-06-10T15:08:13+00:00\",\"dateModified\":\"2025-12-21T11:31:55+00:00\",\"breadcrumb\":{\"@id\":\"https:\\\/\\\/radis.ee\\\/de\\\/kleiderschrank-huh-1-tur\\\/#breadcrumb\"},\"inLanguage\":\"de\",\"potentialAction\":[{\"@type\":\"ReadAction\",\"target\":[\"https:\\\/\\\/radis.ee\\\/de\\\/kleiderschrank-huh-1-tur\\\/\"]}]},{\"@type\":\"ImageObject\",\"inLanguage\":\"de\",\"@id\":\"https:\\\/\\\/radis.ee\\\/de\\\/kleiderschrank-huh-1-tur\\\/#primaryimage\",\"url\":\"https:\\\/\\\/radis.ee\\\/wp-content\\\/uploads\\\/2020\\\/06\\\/RADIS_wardrobe_HUH_1_door_-Light_Oak_doors_White_CPL_plywood_vertical_handles-scaled.jpg\",\"contentUrl\":\"https:\\\/\\\/radis.ee\\\/wp-content\\\/uploads\\\/2020\\\/06\\\/RADIS_wardrobe_HUH_1_door_-Light_Oak_doors_White_CPL_plywood_vertical_handles-scaled.jpg\",\"width\":2166,\"height\":2560,\"caption\":\"RADIS wardrobe HUH 1 door Light Oak\"},{\"@type\":\"BreadcrumbList\",\"@id\":\"https:\\\/\\\/radis.ee\\\/de\\\/kleiderschrank-huh-1-tur\\\/#breadcrumb\",\"itemListElement\":[{\"@type\":\"ListItem\",\"position\":1,\"name\":\"Home\",\"item\":\"https:\\\/\\\/radis.ee\\\/\"},{\"@type\":\"ListItem\",\"position\":2,\"name\":\"Produkte\",\"item\":\"https:\\\/\\\/radis.ee\\\/de\\\/produkte\\\/\"},{\"@type\":\"ListItem\",\"position\":3,\"name\":\"Schmal Kleiderschrank HUH 1 T\u00fcr\"}]},{\"@type\":\"WebSite\",\"@id\":\"https:\\\/\\\/radis.ee\\\/#website\",\"url\":\"https:\\\/\\\/radis.ee\\\/\",\"name\":\"Radis\",\"description\":\"Nordic design furniture, environmentally friendly and sustainable.\",\"publisher\":{\"@id\":\"https:\\\/\\\/radis.ee\\\/#organization\"},\"potentialAction\":[{\"@type\":\"SearchAction\",\"target\":{\"@type\":\"EntryPoint\",\"urlTemplate\":\"https:\\\/\\\/radis.ee\\\/?s={search_term_string}\"},\"query-input\":{\"@type\":\"PropertyValueSpecification\",\"valueRequired\":true,\"valueName\":\"search_term_string\"}}],\"inLanguage\":\"de\"},{\"@type\":\"Organization\",\"@id\":\"https:\\\/\\\/radis.ee\\\/#organization\",\"name\":\"Radis O\u00dc\",\"url\":\"https:\\\/\\\/radis.ee\\\/\",\"logo\":{\"@type\":\"ImageObject\",\"inLanguage\":\"de\",\"@id\":\"https:\\\/\\\/radis.ee\\\/#\\\/schema\\\/logo\\\/image\\\/\",\"url\":\"https:\\\/\\\/radis.ee\\\/wp-content\\\/uploads\\\/2020\\\/10\\\/Radis-logo.png\",\"contentUrl\":\"https:\\\/\\\/radis.ee\\\/wp-content\\\/uploads\\\/2020\\\/10\\\/Radis-logo.png\",\"width\":300,\"height\":63,\"caption\":\"Radis O\u00dc\"},\"image\":{\"@id\":\"https:\\\/\\\/radis.ee\\\/#\\\/schema\\\/logo\\\/image\\\/\"},\"sameAs\":[\"https:\\\/\\\/www.facebook.com\\\/radisfurniture\\\/\"]}]}<\/script>\n<!-- \/ Yoast SEO plugin. -->","yoast_head_json":{"title":"Schmal Kleiderschrank HUH 1 T\u00fcr - Radis","robots":{"index":"index","follow":"follow","max-snippet":"max-snippet:-1","max-image-preview":"max-image-preview:large","max-video-preview":"max-video-preview:-1"},"canonical":"https:\/\/radis.ee\/de\/kleiderschrank-huh-1-tur\/","og_locale":"de_DE","og_type":"article","og_title":"Schmal Kleiderschrank HUH 1 T\u00fcr - Radis","og_description":"Es ist gut, einen ger\u00e4umigen Kleiderschrank zu haben, aber manchmal ist es noch wichtiger, eine L\u00f6sung f\u00fcr ein kleineres Schlafzimmer zu finden. HUH Kleiderschrank mit einer T\u00fcr ist genau das. Da es ordentlich und klein ist, nimmt es nicht zu viel Platz ein, passt aber trotzdem gut zu allem. Dieser Schrank bringt Ordnung in Ihre...","og_url":"https:\/\/radis.ee\/de\/kleiderschrank-huh-1-tur\/","og_site_name":"Radis","article_publisher":"https:\/\/www.facebook.com\/radisfurniture\/","article_modified_time":"2025-12-21T11:31:55+00:00","og_image":[{"width":2166,"height":2560,"url":"https:\/\/radis.ee\/wp-content\/uploads\/2020\/06\/RADIS_wardrobe_HUH_1_door_-Light_Oak_doors_White_CPL_plywood_vertical_handles-scaled.jpg","type":"image\/jpeg"}],"twitter_card":"summary_large_image","twitter_misc":{"Gesch\u00e4tzte Lesezeit":"1\u00a0Minute"},"schema":{"@context":"https:\/\/schema.org","@graph":[{"@type":"WebPage","@id":"https:\/\/radis.ee\/de\/kleiderschrank-huh-1-tur\/","url":"https:\/\/radis.ee\/de\/kleiderschrank-huh-1-tur\/","name":"Schmal Kleiderschrank HUH 1 T\u00fcr - Radis","isPartOf":{"@id":"https:\/\/radis.ee\/#website"},"primaryImageOfPage":{"@id":"https:\/\/radis.ee\/de\/kleiderschrank-huh-1-tur\/#primaryimage"},"image":{"@id":"https:\/\/radis.ee\/de\/kleiderschrank-huh-1-tur\/#primaryimage"},"thumbnailUrl":"https:\/\/radis.ee\/wp-content\/uploads\/2020\/06\/RADIS_wardrobe_HUH_1_door_-Light_Oak_doors_White_CPL_plywood_vertical_handles-scaled.jpg","datePublished":"2020-06-10T15:08:13+00:00","dateModified":"2025-12-21T11:31:55+00:00","breadcrumb":{"@id":"https:\/\/radis.ee\/de\/kleiderschrank-huh-1-tur\/#breadcrumb"},"inLanguage":"de","potentialAction":[{"@type":"ReadAction","target":["https:\/\/radis.ee\/de\/kleiderschrank-huh-1-tur\/"]}]},{"@type":"ImageObject","inLanguage":"de","@id":"https:\/\/radis.ee\/de\/kleiderschrank-huh-1-tur\/#primaryimage","url":"https:\/\/radis.ee\/wp-content\/uploads\/2020\/06\/RADIS_wardrobe_HUH_1_door_-Light_Oak_doors_White_CPL_plywood_vertical_handles-scaled.jpg","contentUrl":"https:\/\/radis.ee\/wp-content\/uploads\/2020\/06\/RADIS_wardrobe_HUH_1_door_-Light_Oak_doors_White_CPL_plywood_vertical_handles-scaled.jpg","width":2166,"height":2560,"caption":"RADIS wardrobe HUH 1 door Light Oak"},{"@type":"BreadcrumbList","@id":"https:\/\/radis.ee\/de\/kleiderschrank-huh-1-tur\/#breadcrumb","itemListElement":[{"@type":"ListItem","position":1,"name":"Home","item":"https:\/\/radis.ee\/"},{"@type":"ListItem","position":2,"name":"Produkte","item":"https:\/\/radis.ee\/de\/produkte\/"},{"@type":"ListItem","position":3,"name":"Schmal Kleiderschrank HUH 1 T\u00fcr"}]},{"@type":"WebSite","@id":"https:\/\/radis.ee\/#website","url":"https:\/\/radis.ee\/","name":"Radis","description":"Nordic design furniture, environmentally friendly and sustainable.","publisher":{"@id":"https:\/\/radis.ee\/#organization"},"potentialAction":[{"@type":"SearchAction","target":{"@type":"EntryPoint","urlTemplate":"https:\/\/radis.ee\/?s={search_term_string}"},"query-input":{"@type":"PropertyValueSpecification","valueRequired":true,"valueName":"search_term_string"}}],"inLanguage":"de"},{"@type":"Organization","@id":"https:\/\/radis.ee\/#organization","name":"Radis O\u00dc","url":"https:\/\/radis.ee\/","logo":{"@type":"ImageObject","inLanguage":"de","@id":"https:\/\/radis.ee\/#\/schema\/logo\/image\/","url":"https:\/\/radis.ee\/wp-content\/uploads\/2020\/10\/Radis-logo.png","contentUrl":"https:\/\/radis.ee\/wp-content\/uploads\/2020\/10\/Radis-logo.png","width":300,"height":63,"caption":"Radis O\u00dc"},"image":{"@id":"https:\/\/radis.ee\/#\/schema\/logo\/image\/"},"sameAs":["https:\/\/www.facebook.com\/radisfurniture\/"]}]}},"_links":{"self":[{"href":"https:\/\/radis.ee\/de\/wp-json\/wp\/v2\/product\/15226","targetHints":{"allow":["GET"]}}],"collection":[{"href":"https:\/\/radis.ee\/de\/wp-json\/wp\/v2\/product"}],"about":[{"href":"https:\/\/radis.ee\/de\/wp-json\/wp\/v2\/types\/product"}],"replies":[{"embeddable":true,"href":"https:\/\/radis.ee\/de\/wp-json\/wp\/v2\/comments?post=15226"}],"wp:featuredmedia":[{"embeddable":true,"href":"https:\/\/radis.ee\/de\/wp-json\/wp\/v2\/media\/15318"}],"wp:attachment":[{"href":"https:\/\/radis.ee\/de\/wp-json\/wp\/v2\/media?parent=15226"}],"wp:term":[{"taxonomy":"product_brand","embeddable":true,"href":"https:\/\/radis.ee\/de\/wp-json\/wp\/v2\/product_brand?post=15226"},{"taxonomy":"product_cat","embeddable":true,"href":"https:\/\/radis.ee\/de\/wp-json\/wp\/v2\/product_cat?post=15226"},{"taxonomy":"product_tag","embeddable":true,"href":"https:\/\/radis.ee\/de\/wp-json\/wp\/v2\/product_tag?post=15226"}],"curies":[{"name":"wp","href":"https:\/\/api.w.org\/{rel}","templated":true}]}}