{"id":15858,"date":"2023-06-30T09:29:55","date_gmt":"2023-06-30T06:29:55","guid":{"rendered":"https:\/\/radis.ee\/?post_type=product&#038;p=15858"},"modified":"2024-02-12T21:48:50","modified_gmt":"2024-02-12T19:48:50","slug":"regal-grid","status":"publish","type":"product","link":"https:\/\/radis.ee\/de\/regal-grid\/","title":{"rendered":"Regal GRID"},"content":{"rendered":"<p>Symmetrie hat etwas so Entspannendes, nicht wahr? GRID ist ein Regal mit nahezu perfekter Symmetrie und Ausgewogenheit.<\/p>\n<p>GRID ist in in verschiedenen Gr\u00f6\u00dfen erh\u00e4ltlich, wodurch es sowohl f\u00fcr kleinere R\u00e4ume als auch f\u00fcr ger\u00e4umigere Wohnungen geeignet ist. Sie k\u00f6nnen es als Raumteiler verwenden, als B\u00fccherregal, um Ihrem Wohnzimmer Gem\u00fctlichkeit zu verleihen, um Ihre Schallplatten oder alle notwendigen Dokumente in Ihrem B\u00fcro aufzubewahren. Die Regalabmessungen betragen 33 x 33 cm, sodass alle Ordner gut hineinpassen. Um etwas Charakter hinzuzuf\u00fcgen, ist eines der Regale schmaler gehalten.<\/p>\n<p>Erh\u00e4ltlich in folgenden Abmessungen:<\/p>\n<ul>\n<li>3 \u00d7 6 &#8211; H\u00f6he 95 cm, Breite 191 cm<\/li>\n<li>6 \u00d7 3 &#8211; H\u00f6he 200 cm, Breite 88 cm<\/li>\n<li>6 \u00d7 4 &#8211; H\u00f6he 200 cm, Breite 123 cm<\/li>\n<li>6 \u00d7 6 &#8211; H\u00f6he 200 cm, Breite 191 cm<\/li>\n<li>7 \u00d7 5 &#8211; H\u00f6he 222 cm, Breite 144 cm<\/li>\n<li>8 \u00d7 5 &#8211; H\u00f6he 257 cm, Breite 144 cm<\/li>\n<li>8 \u00d7 8 &#8211; H\u00f6he 257 cm, Breite 249 cm<\/li>\n<\/ul>\n<p>GRID besteht aus umweltfreundlichem laminiertem Sperrholz von Koskisen HPL, Sperrholz mit Eichenfurnier und Forescolor-Valchromat (Organisch gef\u00e4rbte durchgehende Holzfaserplatte), \u00f6lgewachst. Das Regal hat unten einen 8 cm hohen Sockel, um verschiedene Fu\u00dfleisten zu montieren. Die Steifigkeit wird durch die R\u00fcckw\u00e4nde in den Au\u00dfenecken aufrechterhalten. Die Au\u00dfenseiten werden mit D\u00fcbeln und Exzentern befestigt, die Innenseiten mit Gelenken.<\/p>\n","protected":false},"excerpt":{"rendered":"<p>Symmetrie hat etwas so Entspannendes, nicht wahr? GRID ist ein Regal mit nahezu perfekter Symmetrie und Ausgewogenheit. GRID ist in in verschiedenen Gr\u00f6\u00dfen erh\u00e4ltlich, wodurch es sowohl f\u00fcr kleinere R\u00e4ume als auch f\u00fcr ger\u00e4umigere Wohnungen geeignet ist. Sie k\u00f6nnen es als Raumteiler verwenden, als B\u00fccherregal, um Ihrem Wohnzimmer Gem\u00fctlichkeit zu verleihen, um Ihre Schallplatten oder&#8230;<\/p>\n","protected":false},"featured_media":16623,"comment_status":"open","ping_status":"closed","template":"","meta":{"_acf_changed":false},"product_brand":[],"product_cat":[109],"product_tag":[],"class_list":{"0":"post-15858","1":"product","2":"type-product","3":"status-publish","4":"has-post-thumbnail","6":"product_cat-riiulid","8":"first","9":"instock","10":"sale","11":"taxable","12":"shipping-taxable","13":"purchasable","14":"product-type-variable","15":"has-default-attributes"},"acf":[],"yoast_head":"<!-- This site is optimized with the Yoast SEO plugin v27.3 - https:\/\/yoast.com\/product\/yoast-seo-wordpress\/ -->\n<title>Regal GRID - Radis<\/title>\n<meta name=\"robots\" content=\"index, follow, max-snippet:-1, max-image-preview:large, max-video-preview:-1\" \/>\n<link rel=\"canonical\" href=\"https:\/\/radis.ee\/de\/regal-grid\/\" \/>\n<meta property=\"og:locale\" content=\"de_DE\" \/>\n<meta property=\"og:type\" content=\"article\" \/>\n<meta property=\"og:title\" content=\"Regal GRID - Radis\" \/>\n<meta property=\"og:description\" content=\"Symmetrie hat etwas so Entspannendes, nicht wahr? GRID ist ein Regal mit nahezu perfekter Symmetrie und Ausgewogenheit. GRID ist in in verschiedenen Gr\u00f6\u00dfen erh\u00e4ltlich, wodurch es sowohl f\u00fcr kleinere R\u00e4ume als auch f\u00fcr ger\u00e4umigere Wohnungen geeignet ist. Sie k\u00f6nnen es als Raumteiler verwenden, als B\u00fccherregal, um Ihrem Wohnzimmer Gem\u00fctlichkeit zu verleihen, um Ihre Schallplatten oder...\" \/>\n<meta property=\"og:url\" content=\"https:\/\/radis.ee\/de\/regal-grid\/\" \/>\n<meta property=\"og:site_name\" content=\"Radis\" \/>\n<meta property=\"article:publisher\" content=\"https:\/\/www.facebook.com\/radisfurniture\/\" \/>\n<meta property=\"article:modified_time\" content=\"2024-02-12T19:48:50+00:00\" \/>\n<meta property=\"og:image\" content=\"https:\/\/radis.ee\/wp-content\/uploads\/2020\/08\/RADIS_shelf_GRID_6x6_Oak_veneered_white_background-scaled.jpg\" \/>\n\t<meta property=\"og:image:width\" content=\"2560\" \/>\n\t<meta property=\"og:image:height\" content=\"2149\" \/>\n\t<meta property=\"og:image:type\" content=\"image\/jpeg\" \/>\n<meta name=\"twitter:card\" content=\"summary_large_image\" \/>\n<meta name=\"twitter:label1\" content=\"Gesch\u00e4tzte Lesezeit\" \/>\n\t<meta name=\"twitter:data1\" content=\"1\u00a0Minute\" \/>\n<script type=\"application\/ld+json\" class=\"yoast-schema-graph\">{\"@context\":\"https:\\\/\\\/schema.org\",\"@graph\":[{\"@type\":\"WebPage\",\"@id\":\"https:\\\/\\\/radis.ee\\\/de\\\/regal-grid\\\/\",\"url\":\"https:\\\/\\\/radis.ee\\\/de\\\/regal-grid\\\/\",\"name\":\"Regal GRID - Radis\",\"isPartOf\":{\"@id\":\"https:\\\/\\\/radis.ee\\\/#website\"},\"primaryImageOfPage\":{\"@id\":\"https:\\\/\\\/radis.ee\\\/de\\\/regal-grid\\\/#primaryimage\"},\"image\":{\"@id\":\"https:\\\/\\\/radis.ee\\\/de\\\/regal-grid\\\/#primaryimage\"},\"thumbnailUrl\":\"https:\\\/\\\/radis.ee\\\/wp-content\\\/uploads\\\/2020\\\/08\\\/RADIS_shelf_GRID_6x6_Oak_veneered_white_background-scaled.jpg\",\"datePublished\":\"2023-06-30T06:29:55+00:00\",\"dateModified\":\"2024-02-12T19:48:50+00:00\",\"breadcrumb\":{\"@id\":\"https:\\\/\\\/radis.ee\\\/de\\\/regal-grid\\\/#breadcrumb\"},\"inLanguage\":\"de\",\"potentialAction\":[{\"@type\":\"ReadAction\",\"target\":[\"https:\\\/\\\/radis.ee\\\/de\\\/regal-grid\\\/\"]}]},{\"@type\":\"ImageObject\",\"inLanguage\":\"de\",\"@id\":\"https:\\\/\\\/radis.ee\\\/de\\\/regal-grid\\\/#primaryimage\",\"url\":\"https:\\\/\\\/radis.ee\\\/wp-content\\\/uploads\\\/2020\\\/08\\\/RADIS_shelf_GRID_6x6_Oak_veneered_white_background-scaled.jpg\",\"contentUrl\":\"https:\\\/\\\/radis.ee\\\/wp-content\\\/uploads\\\/2020\\\/08\\\/RADIS_shelf_GRID_6x6_Oak_veneered_white_background-scaled.jpg\",\"width\":2560,\"height\":2149,\"caption\":\"Radis shelf GRID 6x6 oak veneered\"},{\"@type\":\"BreadcrumbList\",\"@id\":\"https:\\\/\\\/radis.ee\\\/de\\\/regal-grid\\\/#breadcrumb\",\"itemListElement\":[{\"@type\":\"ListItem\",\"position\":1,\"name\":\"Home\",\"item\":\"https:\\\/\\\/radis.ee\\\/\"},{\"@type\":\"ListItem\",\"position\":2,\"name\":\"Produkte\",\"item\":\"https:\\\/\\\/radis.ee\\\/de\\\/produkte\\\/\"},{\"@type\":\"ListItem\",\"position\":3,\"name\":\"Regal GRID\"}]},{\"@type\":\"WebSite\",\"@id\":\"https:\\\/\\\/radis.ee\\\/#website\",\"url\":\"https:\\\/\\\/radis.ee\\\/\",\"name\":\"Radis\",\"description\":\"Nordic design furniture, environmentally friendly and sustainable.\",\"publisher\":{\"@id\":\"https:\\\/\\\/radis.ee\\\/#organization\"},\"potentialAction\":[{\"@type\":\"SearchAction\",\"target\":{\"@type\":\"EntryPoint\",\"urlTemplate\":\"https:\\\/\\\/radis.ee\\\/?s={search_term_string}\"},\"query-input\":{\"@type\":\"PropertyValueSpecification\",\"valueRequired\":true,\"valueName\":\"search_term_string\"}}],\"inLanguage\":\"de\"},{\"@type\":\"Organization\",\"@id\":\"https:\\\/\\\/radis.ee\\\/#organization\",\"name\":\"Radis O\u00dc\",\"url\":\"https:\\\/\\\/radis.ee\\\/\",\"logo\":{\"@type\":\"ImageObject\",\"inLanguage\":\"de\",\"@id\":\"https:\\\/\\\/radis.ee\\\/#\\\/schema\\\/logo\\\/image\\\/\",\"url\":\"https:\\\/\\\/radis.ee\\\/wp-content\\\/uploads\\\/2020\\\/10\\\/Radis-logo.png\",\"contentUrl\":\"https:\\\/\\\/radis.ee\\\/wp-content\\\/uploads\\\/2020\\\/10\\\/Radis-logo.png\",\"width\":300,\"height\":63,\"caption\":\"Radis O\u00dc\"},\"image\":{\"@id\":\"https:\\\/\\\/radis.ee\\\/#\\\/schema\\\/logo\\\/image\\\/\"},\"sameAs\":[\"https:\\\/\\\/www.facebook.com\\\/radisfurniture\\\/\"]}]}<\/script>\n<!-- \/ Yoast SEO plugin. -->","yoast_head_json":{"title":"Regal GRID - Radis","robots":{"index":"index","follow":"follow","max-snippet":"max-snippet:-1","max-image-preview":"max-image-preview:large","max-video-preview":"max-video-preview:-1"},"canonical":"https:\/\/radis.ee\/de\/regal-grid\/","og_locale":"de_DE","og_type":"article","og_title":"Regal GRID - Radis","og_description":"Symmetrie hat etwas so Entspannendes, nicht wahr? GRID ist ein Regal mit nahezu perfekter Symmetrie und Ausgewogenheit. GRID ist in in verschiedenen Gr\u00f6\u00dfen erh\u00e4ltlich, wodurch es sowohl f\u00fcr kleinere R\u00e4ume als auch f\u00fcr ger\u00e4umigere Wohnungen geeignet ist. Sie k\u00f6nnen es als Raumteiler verwenden, als B\u00fccherregal, um Ihrem Wohnzimmer Gem\u00fctlichkeit zu verleihen, um Ihre Schallplatten oder...","og_url":"https:\/\/radis.ee\/de\/regal-grid\/","og_site_name":"Radis","article_publisher":"https:\/\/www.facebook.com\/radisfurniture\/","article_modified_time":"2024-02-12T19:48:50+00:00","og_image":[{"width":2560,"height":2149,"url":"https:\/\/radis.ee\/wp-content\/uploads\/2020\/08\/RADIS_shelf_GRID_6x6_Oak_veneered_white_background-scaled.jpg","type":"image\/jpeg"}],"twitter_card":"summary_large_image","twitter_misc":{"Gesch\u00e4tzte Lesezeit":"1\u00a0Minute"},"schema":{"@context":"https:\/\/schema.org","@graph":[{"@type":"WebPage","@id":"https:\/\/radis.ee\/de\/regal-grid\/","url":"https:\/\/radis.ee\/de\/regal-grid\/","name":"Regal GRID - Radis","isPartOf":{"@id":"https:\/\/radis.ee\/#website"},"primaryImageOfPage":{"@id":"https:\/\/radis.ee\/de\/regal-grid\/#primaryimage"},"image":{"@id":"https:\/\/radis.ee\/de\/regal-grid\/#primaryimage"},"thumbnailUrl":"https:\/\/radis.ee\/wp-content\/uploads\/2020\/08\/RADIS_shelf_GRID_6x6_Oak_veneered_white_background-scaled.jpg","datePublished":"2023-06-30T06:29:55+00:00","dateModified":"2024-02-12T19:48:50+00:00","breadcrumb":{"@id":"https:\/\/radis.ee\/de\/regal-grid\/#breadcrumb"},"inLanguage":"de","potentialAction":[{"@type":"ReadAction","target":["https:\/\/radis.ee\/de\/regal-grid\/"]}]},{"@type":"ImageObject","inLanguage":"de","@id":"https:\/\/radis.ee\/de\/regal-grid\/#primaryimage","url":"https:\/\/radis.ee\/wp-content\/uploads\/2020\/08\/RADIS_shelf_GRID_6x6_Oak_veneered_white_background-scaled.jpg","contentUrl":"https:\/\/radis.ee\/wp-content\/uploads\/2020\/08\/RADIS_shelf_GRID_6x6_Oak_veneered_white_background-scaled.jpg","width":2560,"height":2149,"caption":"Radis shelf GRID 6x6 oak veneered"},{"@type":"BreadcrumbList","@id":"https:\/\/radis.ee\/de\/regal-grid\/#breadcrumb","itemListElement":[{"@type":"ListItem","position":1,"name":"Home","item":"https:\/\/radis.ee\/"},{"@type":"ListItem","position":2,"name":"Produkte","item":"https:\/\/radis.ee\/de\/produkte\/"},{"@type":"ListItem","position":3,"name":"Regal GRID"}]},{"@type":"WebSite","@id":"https:\/\/radis.ee\/#website","url":"https:\/\/radis.ee\/","name":"Radis","description":"Nordic design furniture, environmentally friendly and sustainable.","publisher":{"@id":"https:\/\/radis.ee\/#organization"},"potentialAction":[{"@type":"SearchAction","target":{"@type":"EntryPoint","urlTemplate":"https:\/\/radis.ee\/?s={search_term_string}"},"query-input":{"@type":"PropertyValueSpecification","valueRequired":true,"valueName":"search_term_string"}}],"inLanguage":"de"},{"@type":"Organization","@id":"https:\/\/radis.ee\/#organization","name":"Radis O\u00dc","url":"https:\/\/radis.ee\/","logo":{"@type":"ImageObject","inLanguage":"de","@id":"https:\/\/radis.ee\/#\/schema\/logo\/image\/","url":"https:\/\/radis.ee\/wp-content\/uploads\/2020\/10\/Radis-logo.png","contentUrl":"https:\/\/radis.ee\/wp-content\/uploads\/2020\/10\/Radis-logo.png","width":300,"height":63,"caption":"Radis O\u00dc"},"image":{"@id":"https:\/\/radis.ee\/#\/schema\/logo\/image\/"},"sameAs":["https:\/\/www.facebook.com\/radisfurniture\/"]}]}},"_links":{"self":[{"href":"https:\/\/radis.ee\/de\/wp-json\/wp\/v2\/product\/15858","targetHints":{"allow":["GET"]}}],"collection":[{"href":"https:\/\/radis.ee\/de\/wp-json\/wp\/v2\/product"}],"about":[{"href":"https:\/\/radis.ee\/de\/wp-json\/wp\/v2\/types\/product"}],"replies":[{"embeddable":true,"href":"https:\/\/radis.ee\/de\/wp-json\/wp\/v2\/comments?post=15858"}],"wp:featuredmedia":[{"embeddable":true,"href":"https:\/\/radis.ee\/de\/wp-json\/wp\/v2\/media\/16623"}],"wp:attachment":[{"href":"https:\/\/radis.ee\/de\/wp-json\/wp\/v2\/media?parent=15858"}],"wp:term":[{"taxonomy":"product_brand","embeddable":true,"href":"https:\/\/radis.ee\/de\/wp-json\/wp\/v2\/product_brand?post=15858"},{"taxonomy":"product_cat","embeddable":true,"href":"https:\/\/radis.ee\/de\/wp-json\/wp\/v2\/product_cat?post=15858"},{"taxonomy":"product_tag","embeddable":true,"href":"https:\/\/radis.ee\/de\/wp-json\/wp\/v2\/product_tag?post=15858"}],"curies":[{"name":"wp","href":"https:\/\/api.w.org\/{rel}","templated":true}]}}