{"id":15898,"date":"2022-10-07T21:45:28","date_gmt":"2022-10-07T18:45:28","guid":{"rendered":"https:\/\/radis.ee\/?post_type=product&#038;p=15898"},"modified":"2022-09-30T16:25:30","modified_gmt":"2022-09-30T13:25:30","slug":"drehtisch-mit-sideboard-foldy","status":"publish","type":"product","link":"https:\/\/radis.ee\/de\/drehtisch-mit-sideboard-foldy\/","title":{"rendered":"Drehtisch mit Sideboard FOLDY"},"content":{"rendered":"<p>FOLDY ist ein Sideboard-Arbeitstisch-Hybrid, der das Wichtigste im Blick beh\u00e4lt \u2013 Ihre Bed\u00fcrfnisse. Die Tischplatte kann in die Position gedreht werden, die f\u00fcr den Raum, in dem Sie arbeiten, am besten geeignet ist. Wenn Sie sie nicht ben\u00f6tigen, k\u00f6nnen Sie die Tischplatte auf das Sideboard klappen, damit sie keinen Platz einnimmt. Das Sideboard selbst hat zwei Schiebet\u00fcren und genug Platz, um all Ihre B\u00fcroutensilien und Ordner darin aufzubewahren. FOLDY\u00a0ist eine neuartige und intelligente L\u00f6sung in Zeiten der Heimarbeit.<\/p>\n<p>Aus Birkensperrholz, auch Eiche furniert oder mit hellgrauer Forescolor (durchgef\u00e4rbte Holzfaserplatte), \u00f6lgewachst. Schiebet\u00fcren auf H\u00e4fele Laufrollen. H\u00e4fele-R\u00e4der versteckt auf einem Schwenktisch. Die Breite der inneren Zwischenb\u00f6den betr\u00e4gt 57 cm. Die Gr\u00f6\u00dfe der schwenkbaren Tischplatte betr\u00e4gt 42&#215;90 cm.<\/p>\n","protected":false},"excerpt":{"rendered":"<p>FOLDY ist ein Sideboard-Arbeitstisch-Hybrid, der das Wichtigste im Blick beh\u00e4lt \u2013 Ihre Bed\u00fcrfnisse. Die Tischplatte kann in die Position gedreht werden, die f\u00fcr den Raum, in dem Sie arbeiten, am besten geeignet ist. Wenn Sie sie nicht ben\u00f6tigen, k\u00f6nnen Sie die Tischplatte auf das Sideboard klappen, damit sie keinen Platz einnimmt. Das Sideboard selbst hat&#8230;<\/p>\n","protected":false},"featured_media":16208,"comment_status":"open","ping_status":"closed","template":"","meta":{"_acf_changed":false},"product_brand":[],"product_cat":[17,111],"product_tag":[],"class_list":{"0":"post-15898","1":"product","2":"type-product","3":"status-publish","4":"has-post-thumbnail","6":"product_cat-kummutid","7":"product_cat-lauad","9":"first","10":"instock","11":"sale","12":"taxable","13":"shipping-taxable","14":"purchasable","15":"product-type-variable","16":"has-default-attributes"},"acf":[],"yoast_head":"<!-- This site is optimized with the Yoast SEO plugin v27.4 - https:\/\/yoast.com\/product\/yoast-seo-wordpress\/ -->\n<title>Drehtisch mit Sideboard FOLDY - Radis<\/title>\n<meta name=\"robots\" content=\"index, follow, max-snippet:-1, max-image-preview:large, max-video-preview:-1\" \/>\n<link rel=\"canonical\" href=\"https:\/\/radis.ee\/pooratav-laud-kummutiga-foldy\/\" \/>\n<meta property=\"og:locale\" content=\"de_DE\" \/>\n<meta property=\"og:type\" content=\"article\" \/>\n<meta property=\"og:title\" content=\"Drehtisch mit Sideboard FOLDY - Radis\" \/>\n<meta property=\"og:description\" content=\"FOLDY ist ein Sideboard-Arbeitstisch-Hybrid, der das Wichtigste im Blick beh\u00e4lt \u2013 Ihre Bed\u00fcrfnisse. Die Tischplatte kann in die Position gedreht werden, die f\u00fcr den Raum, in dem Sie arbeiten, am besten geeignet ist. Wenn Sie sie nicht ben\u00f6tigen, k\u00f6nnen Sie die Tischplatte auf das Sideboard klappen, damit sie keinen Platz einnimmt. Das Sideboard selbst hat...\" \/>\n<meta property=\"og:url\" content=\"https:\/\/radis.ee\/pooratav-laud-kummutiga-foldy\/\" \/>\n<meta property=\"og:site_name\" content=\"Radis\" \/>\n<meta property=\"article:publisher\" content=\"https:\/\/www.facebook.com\/radisfurniture\/\" \/>\n<meta property=\"og:image\" content=\"https:\/\/radis.ee\/wp-content\/uploads\/2020\/10\/RADIS_swivel_table_with_sideboard_-FOLDY_oak_veneered_back_stain_white_background-scaled.jpg\" \/>\n\t<meta property=\"og:image:width\" content=\"2151\" \/>\n\t<meta property=\"og:image:height\" content=\"2560\" \/>\n\t<meta property=\"og:image:type\" content=\"image\/jpeg\" \/>\n<meta name=\"twitter:card\" content=\"summary_large_image\" \/>\n<meta name=\"twitter:label1\" content=\"Gesch\u00e4tzte Lesezeit\" \/>\n\t<meta name=\"twitter:data1\" content=\"1\u00a0Minute\" \/>\n<script type=\"application\/ld+json\" class=\"yoast-schema-graph\">{\"@context\":\"https:\\\/\\\/schema.org\",\"@graph\":[{\"@type\":\"WebPage\",\"@id\":\"https:\\\/\\\/radis.ee\\\/pooratav-laud-kummutiga-foldy\\\/\",\"url\":\"https:\\\/\\\/radis.ee\\\/pooratav-laud-kummutiga-foldy\\\/\",\"name\":\"Drehtisch mit Sideboard FOLDY - Radis\",\"isPartOf\":{\"@id\":\"https:\\\/\\\/radis.ee\\\/#website\"},\"primaryImageOfPage\":{\"@id\":\"https:\\\/\\\/radis.ee\\\/pooratav-laud-kummutiga-foldy\\\/#primaryimage\"},\"image\":{\"@id\":\"https:\\\/\\\/radis.ee\\\/pooratav-laud-kummutiga-foldy\\\/#primaryimage\"},\"thumbnailUrl\":\"https:\\\/\\\/radis.ee\\\/wp-content\\\/uploads\\\/2020\\\/10\\\/RADIS_swivel_table_with_sideboard_-FOLDY_oak_veneered_back_stain_white_background-scaled.jpg\",\"datePublished\":\"2022-10-07T18:45:28+00:00\",\"breadcrumb\":{\"@id\":\"https:\\\/\\\/radis.ee\\\/pooratav-laud-kummutiga-foldy\\\/#breadcrumb\"},\"inLanguage\":\"de\",\"potentialAction\":[{\"@type\":\"ReadAction\",\"target\":[\"https:\\\/\\\/radis.ee\\\/pooratav-laud-kummutiga-foldy\\\/\"]}]},{\"@type\":\"ImageObject\",\"inLanguage\":\"de\",\"@id\":\"https:\\\/\\\/radis.ee\\\/pooratav-laud-kummutiga-foldy\\\/#primaryimage\",\"url\":\"https:\\\/\\\/radis.ee\\\/wp-content\\\/uploads\\\/2020\\\/10\\\/RADIS_swivel_table_with_sideboard_-FOLDY_oak_veneered_back_stain_white_background-scaled.jpg\",\"contentUrl\":\"https:\\\/\\\/radis.ee\\\/wp-content\\\/uploads\\\/2020\\\/10\\\/RADIS_swivel_table_with_sideboard_-FOLDY_oak_veneered_back_stain_white_background-scaled.jpg\",\"width\":2151,\"height\":2560,\"caption\":\"RADIS swivel table with sideboard oak veneered black stained\"},{\"@type\":\"BreadcrumbList\",\"@id\":\"https:\\\/\\\/radis.ee\\\/pooratav-laud-kummutiga-foldy\\\/#breadcrumb\",\"itemListElement\":[{\"@type\":\"ListItem\",\"position\":1,\"name\":\"Home\",\"item\":\"https:\\\/\\\/radis.ee\\\/\"},{\"@type\":\"ListItem\",\"position\":2,\"name\":\"Produkte\",\"item\":\"https:\\\/\\\/radis.ee\\\/de\\\/produkte\\\/\"},{\"@type\":\"ListItem\",\"position\":3,\"name\":\"Drehtisch mit Sideboard FOLDY\"}]},{\"@type\":\"WebSite\",\"@id\":\"https:\\\/\\\/radis.ee\\\/#website\",\"url\":\"https:\\\/\\\/radis.ee\\\/\",\"name\":\"Radis\",\"description\":\"Nordic design furniture, environmentally friendly and sustainable.\",\"publisher\":{\"@id\":\"https:\\\/\\\/radis.ee\\\/#organization\"},\"potentialAction\":[{\"@type\":\"SearchAction\",\"target\":{\"@type\":\"EntryPoint\",\"urlTemplate\":\"https:\\\/\\\/radis.ee\\\/?s={search_term_string}\"},\"query-input\":{\"@type\":\"PropertyValueSpecification\",\"valueRequired\":true,\"valueName\":\"search_term_string\"}}],\"inLanguage\":\"de\"},{\"@type\":\"Organization\",\"@id\":\"https:\\\/\\\/radis.ee\\\/#organization\",\"name\":\"Radis O\u00dc\",\"url\":\"https:\\\/\\\/radis.ee\\\/\",\"logo\":{\"@type\":\"ImageObject\",\"inLanguage\":\"de\",\"@id\":\"https:\\\/\\\/radis.ee\\\/#\\\/schema\\\/logo\\\/image\\\/\",\"url\":\"https:\\\/\\\/radis.ee\\\/wp-content\\\/uploads\\\/2020\\\/10\\\/Radis-logo.png\",\"contentUrl\":\"https:\\\/\\\/radis.ee\\\/wp-content\\\/uploads\\\/2020\\\/10\\\/Radis-logo.png\",\"width\":300,\"height\":63,\"caption\":\"Radis O\u00dc\"},\"image\":{\"@id\":\"https:\\\/\\\/radis.ee\\\/#\\\/schema\\\/logo\\\/image\\\/\"},\"sameAs\":[\"https:\\\/\\\/www.facebook.com\\\/radisfurniture\\\/\"]}]}<\/script>\n<!-- \/ Yoast SEO plugin. -->","yoast_head_json":{"title":"Drehtisch mit Sideboard FOLDY - Radis","robots":{"index":"index","follow":"follow","max-snippet":"max-snippet:-1","max-image-preview":"max-image-preview:large","max-video-preview":"max-video-preview:-1"},"canonical":"https:\/\/radis.ee\/pooratav-laud-kummutiga-foldy\/","og_locale":"de_DE","og_type":"article","og_title":"Drehtisch mit Sideboard FOLDY - Radis","og_description":"FOLDY ist ein Sideboard-Arbeitstisch-Hybrid, der das Wichtigste im Blick beh\u00e4lt \u2013 Ihre Bed\u00fcrfnisse. Die Tischplatte kann in die Position gedreht werden, die f\u00fcr den Raum, in dem Sie arbeiten, am besten geeignet ist. Wenn Sie sie nicht ben\u00f6tigen, k\u00f6nnen Sie die Tischplatte auf das Sideboard klappen, damit sie keinen Platz einnimmt. Das Sideboard selbst hat...","og_url":"https:\/\/radis.ee\/pooratav-laud-kummutiga-foldy\/","og_site_name":"Radis","article_publisher":"https:\/\/www.facebook.com\/radisfurniture\/","og_image":[{"width":2151,"height":2560,"url":"https:\/\/radis.ee\/wp-content\/uploads\/2020\/10\/RADIS_swivel_table_with_sideboard_-FOLDY_oak_veneered_back_stain_white_background-scaled.jpg","type":"image\/jpeg"}],"twitter_card":"summary_large_image","twitter_misc":{"Gesch\u00e4tzte Lesezeit":"1\u00a0Minute"},"schema":{"@context":"https:\/\/schema.org","@graph":[{"@type":"WebPage","@id":"https:\/\/radis.ee\/pooratav-laud-kummutiga-foldy\/","url":"https:\/\/radis.ee\/pooratav-laud-kummutiga-foldy\/","name":"Drehtisch mit Sideboard FOLDY - Radis","isPartOf":{"@id":"https:\/\/radis.ee\/#website"},"primaryImageOfPage":{"@id":"https:\/\/radis.ee\/pooratav-laud-kummutiga-foldy\/#primaryimage"},"image":{"@id":"https:\/\/radis.ee\/pooratav-laud-kummutiga-foldy\/#primaryimage"},"thumbnailUrl":"https:\/\/radis.ee\/wp-content\/uploads\/2020\/10\/RADIS_swivel_table_with_sideboard_-FOLDY_oak_veneered_back_stain_white_background-scaled.jpg","datePublished":"2022-10-07T18:45:28+00:00","breadcrumb":{"@id":"https:\/\/radis.ee\/pooratav-laud-kummutiga-foldy\/#breadcrumb"},"inLanguage":"de","potentialAction":[{"@type":"ReadAction","target":["https:\/\/radis.ee\/pooratav-laud-kummutiga-foldy\/"]}]},{"@type":"ImageObject","inLanguage":"de","@id":"https:\/\/radis.ee\/pooratav-laud-kummutiga-foldy\/#primaryimage","url":"https:\/\/radis.ee\/wp-content\/uploads\/2020\/10\/RADIS_swivel_table_with_sideboard_-FOLDY_oak_veneered_back_stain_white_background-scaled.jpg","contentUrl":"https:\/\/radis.ee\/wp-content\/uploads\/2020\/10\/RADIS_swivel_table_with_sideboard_-FOLDY_oak_veneered_back_stain_white_background-scaled.jpg","width":2151,"height":2560,"caption":"RADIS swivel table with sideboard oak veneered black stained"},{"@type":"BreadcrumbList","@id":"https:\/\/radis.ee\/pooratav-laud-kummutiga-foldy\/#breadcrumb","itemListElement":[{"@type":"ListItem","position":1,"name":"Home","item":"https:\/\/radis.ee\/"},{"@type":"ListItem","position":2,"name":"Produkte","item":"https:\/\/radis.ee\/de\/produkte\/"},{"@type":"ListItem","position":3,"name":"Drehtisch mit Sideboard FOLDY"}]},{"@type":"WebSite","@id":"https:\/\/radis.ee\/#website","url":"https:\/\/radis.ee\/","name":"Radis","description":"Nordic design furniture, environmentally friendly and sustainable.","publisher":{"@id":"https:\/\/radis.ee\/#organization"},"potentialAction":[{"@type":"SearchAction","target":{"@type":"EntryPoint","urlTemplate":"https:\/\/radis.ee\/?s={search_term_string}"},"query-input":{"@type":"PropertyValueSpecification","valueRequired":true,"valueName":"search_term_string"}}],"inLanguage":"de"},{"@type":"Organization","@id":"https:\/\/radis.ee\/#organization","name":"Radis O\u00dc","url":"https:\/\/radis.ee\/","logo":{"@type":"ImageObject","inLanguage":"de","@id":"https:\/\/radis.ee\/#\/schema\/logo\/image\/","url":"https:\/\/radis.ee\/wp-content\/uploads\/2020\/10\/Radis-logo.png","contentUrl":"https:\/\/radis.ee\/wp-content\/uploads\/2020\/10\/Radis-logo.png","width":300,"height":63,"caption":"Radis O\u00dc"},"image":{"@id":"https:\/\/radis.ee\/#\/schema\/logo\/image\/"},"sameAs":["https:\/\/www.facebook.com\/radisfurniture\/"]}]}},"_links":{"self":[{"href":"https:\/\/radis.ee\/de\/wp-json\/wp\/v2\/product\/15898","targetHints":{"allow":["GET"]}}],"collection":[{"href":"https:\/\/radis.ee\/de\/wp-json\/wp\/v2\/product"}],"about":[{"href":"https:\/\/radis.ee\/de\/wp-json\/wp\/v2\/types\/product"}],"replies":[{"embeddable":true,"href":"https:\/\/radis.ee\/de\/wp-json\/wp\/v2\/comments?post=15898"}],"wp:featuredmedia":[{"embeddable":true,"href":"https:\/\/radis.ee\/de\/wp-json\/wp\/v2\/media\/16208"}],"wp:attachment":[{"href":"https:\/\/radis.ee\/de\/wp-json\/wp\/v2\/media?parent=15898"}],"wp:term":[{"taxonomy":"product_brand","embeddable":true,"href":"https:\/\/radis.ee\/de\/wp-json\/wp\/v2\/product_brand?post=15898"},{"taxonomy":"product_cat","embeddable":true,"href":"https:\/\/radis.ee\/de\/wp-json\/wp\/v2\/product_cat?post=15898"},{"taxonomy":"product_tag","embeddable":true,"href":"https:\/\/radis.ee\/de\/wp-json\/wp\/v2\/product_tag?post=15898"}],"curies":[{"name":"wp","href":"https:\/\/api.w.org\/{rel}","templated":true}]}}