{"id":16986,"date":"2020-07-12T09:52:15","date_gmt":"2022-09-05T14:52:16","guid":{"rendered":"https:\/\/radis.ee\/?post_type=product&#038;p=16986"},"modified":"2024-03-05T20:41:12","modified_gmt":"2024-03-05T18:41:12","slug":"regal-romb-m","status":"publish","type":"product","link":"https:\/\/radis.ee\/de\/regal-romb-m\/","title":{"rendered":"Regal ROMB M"},"content":{"rendered":"<p>Viele wissen das nicht, aber tats\u00e4chlich gibt es einige Einschr\u00e4nkungen f\u00fcr die Sch\u00f6nheit der Regale. Sch\u00f6ner als dieses Regal ist zum Beispiel nicht mehr erlaubt. Sie k\u00f6nnen sogar sehen! Nur Sie k\u00f6nnen hinter den mysteri\u00f6sen T\u00fcrmustern sehen.<\/p>\n<p>Die Regalinnenh\u00f6he betr\u00e4gt 33 cm und erm\u00f6glicht so die einfache Unterbringung gr\u00f6\u00dferer B\u00fccher und Ordner. Die Innenbreite der Schr\u00e4nke betr\u00e4gt 33 cm.<\/p>\n<p>Aus Birkensperrholz, \u00f6lgewachst, ebenfalls wei\u00dfe HPL, T\u00fcrscharniere mit D\u00e4mpfung. Push-T\u00fcrscharniere, die auf Druck \u00f6ffnen und schlie\u00dfen. 8 cm hoher Sockel unter dem Sideboard, passend zu verschiedenen Bodenleisten.<\/p>\n","protected":false},"excerpt":{"rendered":"<p>Viele wissen das nicht, aber tats\u00e4chlich gibt es einige Einschr\u00e4nkungen f\u00fcr die Sch\u00f6nheit der Regale. Sch\u00f6ner als dieses Regal ist zum Beispiel nicht mehr erlaubt. Sie k\u00f6nnen sogar sehen! Nur Sie k\u00f6nnen hinter den mysteri\u00f6sen T\u00fcrmustern sehen. Die Regalinnenh\u00f6he betr\u00e4gt 33 cm und erm\u00f6glicht so die einfache Unterbringung gr\u00f6\u00dferer B\u00fccher und Ordner. Die Innenbreite der&#8230;<\/p>\n","protected":false},"featured_media":17011,"comment_status":"open","ping_status":"closed","template":"","meta":{"_acf_changed":false},"product_brand":[],"product_cat":[109],"product_tag":[],"class_list":{"0":"post-16986","1":"product","2":"type-product","3":"status-publish","4":"has-post-thumbnail","6":"product_cat-riiulid","8":"first","9":"instock","10":"taxable","11":"shipping-taxable","12":"purchasable","13":"product-type-variable","14":"has-default-attributes"},"acf":[],"yoast_head":"<!-- This site is optimized with the Yoast SEO plugin v27.3 - https:\/\/yoast.com\/product\/yoast-seo-wordpress\/ -->\n<title>Regal ROMB M - Radis<\/title>\n<meta name=\"robots\" content=\"index, follow, max-snippet:-1, max-image-preview:large, max-video-preview:-1\" \/>\n<link rel=\"canonical\" href=\"https:\/\/radis.ee\/riiul-romb-m\/\" \/>\n<meta property=\"og:locale\" content=\"de_DE\" \/>\n<meta property=\"og:type\" content=\"article\" \/>\n<meta property=\"og:title\" content=\"Regal ROMB M - Radis\" \/>\n<meta property=\"og:description\" content=\"Viele wissen das nicht, aber tats\u00e4chlich gibt es einige Einschr\u00e4nkungen f\u00fcr die Sch\u00f6nheit der Regale. Sch\u00f6ner als dieses Regal ist zum Beispiel nicht mehr erlaubt. Sie k\u00f6nnen sogar sehen! Nur Sie k\u00f6nnen hinter den mysteri\u00f6sen T\u00fcrmustern sehen. Die Regalinnenh\u00f6he betr\u00e4gt 33 cm und erm\u00f6glicht so die einfache Unterbringung gr\u00f6\u00dferer B\u00fccher und Ordner. Die Innenbreite der...\" \/>\n<meta property=\"og:url\" content=\"https:\/\/radis.ee\/riiul-romb-m\/\" \/>\n<meta property=\"og:site_name\" content=\"Radis\" \/>\n<meta property=\"article:publisher\" content=\"https:\/\/www.facebook.com\/radisfurniture\/\" \/>\n<meta property=\"article:modified_time\" content=\"2024-03-05T18:41:12+00:00\" \/>\n<meta property=\"og:image\" content=\"https:\/\/radis.ee\/wp-content\/uploads\/2022\/09\/RADIS_shelf_ROMB_M_Light_Oak_doors_White_CPL_plywood-scaled.jpg\" \/>\n\t<meta property=\"og:image:width\" content=\"2560\" \/>\n\t<meta property=\"og:image:height\" content=\"2150\" \/>\n\t<meta property=\"og:image:type\" content=\"image\/jpeg\" \/>\n<meta name=\"twitter:card\" content=\"summary_large_image\" \/>\n<meta name=\"twitter:label1\" content=\"Gesch\u00e4tzte Lesezeit\" \/>\n\t<meta name=\"twitter:data1\" content=\"1\u00a0Minute\" \/>\n<script type=\"application\/ld+json\" class=\"yoast-schema-graph\">{\"@context\":\"https:\\\/\\\/schema.org\",\"@graph\":[{\"@type\":\"WebPage\",\"@id\":\"https:\\\/\\\/radis.ee\\\/riiul-romb-m\\\/\",\"url\":\"https:\\\/\\\/radis.ee\\\/riiul-romb-m\\\/\",\"name\":\"Regal ROMB M - Radis\",\"isPartOf\":{\"@id\":\"https:\\\/\\\/radis.ee\\\/#website\"},\"primaryImageOfPage\":{\"@id\":\"https:\\\/\\\/radis.ee\\\/riiul-romb-m\\\/#primaryimage\"},\"image\":{\"@id\":\"https:\\\/\\\/radis.ee\\\/riiul-romb-m\\\/#primaryimage\"},\"thumbnailUrl\":\"https:\\\/\\\/radis.ee\\\/wp-content\\\/uploads\\\/2022\\\/09\\\/RADIS_shelf_ROMB_M_Light_Oak_doors_White_CPL_plywood-scaled.jpg\",\"datePublished\":\"2022-09-05T14:52:16+00:00\",\"dateModified\":\"2024-03-05T18:41:12+00:00\",\"breadcrumb\":{\"@id\":\"https:\\\/\\\/radis.ee\\\/riiul-romb-m\\\/#breadcrumb\"},\"inLanguage\":\"de\",\"potentialAction\":[{\"@type\":\"ReadAction\",\"target\":[\"https:\\\/\\\/radis.ee\\\/riiul-romb-m\\\/\"]}]},{\"@type\":\"ImageObject\",\"inLanguage\":\"de\",\"@id\":\"https:\\\/\\\/radis.ee\\\/riiul-romb-m\\\/#primaryimage\",\"url\":\"https:\\\/\\\/radis.ee\\\/wp-content\\\/uploads\\\/2022\\\/09\\\/RADIS_shelf_ROMB_M_Light_Oak_doors_White_CPL_plywood-scaled.jpg\",\"contentUrl\":\"https:\\\/\\\/radis.ee\\\/wp-content\\\/uploads\\\/2022\\\/09\\\/RADIS_shelf_ROMB_M_Light_Oak_doors_White_CPL_plywood-scaled.jpg\",\"width\":2560,\"height\":2150,\"caption\":\"RADIS shelf ROMB M Light Oak doors white film plywood\"},{\"@type\":\"BreadcrumbList\",\"@id\":\"https:\\\/\\\/radis.ee\\\/riiul-romb-m\\\/#breadcrumb\",\"itemListElement\":[{\"@type\":\"ListItem\",\"position\":1,\"name\":\"Home\",\"item\":\"https:\\\/\\\/radis.ee\\\/\"},{\"@type\":\"ListItem\",\"position\":2,\"name\":\"Produkte\",\"item\":\"https:\\\/\\\/radis.ee\\\/de\\\/produkte\\\/\"},{\"@type\":\"ListItem\",\"position\":3,\"name\":\"Regal ROMB M\"}]},{\"@type\":\"WebSite\",\"@id\":\"https:\\\/\\\/radis.ee\\\/#website\",\"url\":\"https:\\\/\\\/radis.ee\\\/\",\"name\":\"Radis\",\"description\":\"Nordic design furniture, environmentally friendly and sustainable.\",\"publisher\":{\"@id\":\"https:\\\/\\\/radis.ee\\\/#organization\"},\"potentialAction\":[{\"@type\":\"SearchAction\",\"target\":{\"@type\":\"EntryPoint\",\"urlTemplate\":\"https:\\\/\\\/radis.ee\\\/?s={search_term_string}\"},\"query-input\":{\"@type\":\"PropertyValueSpecification\",\"valueRequired\":true,\"valueName\":\"search_term_string\"}}],\"inLanguage\":\"de\"},{\"@type\":\"Organization\",\"@id\":\"https:\\\/\\\/radis.ee\\\/#organization\",\"name\":\"Radis O\u00dc\",\"url\":\"https:\\\/\\\/radis.ee\\\/\",\"logo\":{\"@type\":\"ImageObject\",\"inLanguage\":\"de\",\"@id\":\"https:\\\/\\\/radis.ee\\\/#\\\/schema\\\/logo\\\/image\\\/\",\"url\":\"https:\\\/\\\/radis.ee\\\/wp-content\\\/uploads\\\/2020\\\/10\\\/Radis-logo.png\",\"contentUrl\":\"https:\\\/\\\/radis.ee\\\/wp-content\\\/uploads\\\/2020\\\/10\\\/Radis-logo.png\",\"width\":300,\"height\":63,\"caption\":\"Radis O\u00dc\"},\"image\":{\"@id\":\"https:\\\/\\\/radis.ee\\\/#\\\/schema\\\/logo\\\/image\\\/\"},\"sameAs\":[\"https:\\\/\\\/www.facebook.com\\\/radisfurniture\\\/\"]}]}<\/script>\n<!-- \/ Yoast SEO plugin. -->","yoast_head_json":{"title":"Regal ROMB M - Radis","robots":{"index":"index","follow":"follow","max-snippet":"max-snippet:-1","max-image-preview":"max-image-preview:large","max-video-preview":"max-video-preview:-1"},"canonical":"https:\/\/radis.ee\/riiul-romb-m\/","og_locale":"de_DE","og_type":"article","og_title":"Regal ROMB M - Radis","og_description":"Viele wissen das nicht, aber tats\u00e4chlich gibt es einige Einschr\u00e4nkungen f\u00fcr die Sch\u00f6nheit der Regale. Sch\u00f6ner als dieses Regal ist zum Beispiel nicht mehr erlaubt. Sie k\u00f6nnen sogar sehen! Nur Sie k\u00f6nnen hinter den mysteri\u00f6sen T\u00fcrmustern sehen. Die Regalinnenh\u00f6he betr\u00e4gt 33 cm und erm\u00f6glicht so die einfache Unterbringung gr\u00f6\u00dferer B\u00fccher und Ordner. Die Innenbreite der...","og_url":"https:\/\/radis.ee\/riiul-romb-m\/","og_site_name":"Radis","article_publisher":"https:\/\/www.facebook.com\/radisfurniture\/","article_modified_time":"2024-03-05T18:41:12+00:00","og_image":[{"width":2560,"height":2150,"url":"https:\/\/radis.ee\/wp-content\/uploads\/2022\/09\/RADIS_shelf_ROMB_M_Light_Oak_doors_White_CPL_plywood-scaled.jpg","type":"image\/jpeg"}],"twitter_card":"summary_large_image","twitter_misc":{"Gesch\u00e4tzte Lesezeit":"1\u00a0Minute"},"schema":{"@context":"https:\/\/schema.org","@graph":[{"@type":"WebPage","@id":"https:\/\/radis.ee\/riiul-romb-m\/","url":"https:\/\/radis.ee\/riiul-romb-m\/","name":"Regal ROMB M - Radis","isPartOf":{"@id":"https:\/\/radis.ee\/#website"},"primaryImageOfPage":{"@id":"https:\/\/radis.ee\/riiul-romb-m\/#primaryimage"},"image":{"@id":"https:\/\/radis.ee\/riiul-romb-m\/#primaryimage"},"thumbnailUrl":"https:\/\/radis.ee\/wp-content\/uploads\/2022\/09\/RADIS_shelf_ROMB_M_Light_Oak_doors_White_CPL_plywood-scaled.jpg","datePublished":"2022-09-05T14:52:16+00:00","dateModified":"2024-03-05T18:41:12+00:00","breadcrumb":{"@id":"https:\/\/radis.ee\/riiul-romb-m\/#breadcrumb"},"inLanguage":"de","potentialAction":[{"@type":"ReadAction","target":["https:\/\/radis.ee\/riiul-romb-m\/"]}]},{"@type":"ImageObject","inLanguage":"de","@id":"https:\/\/radis.ee\/riiul-romb-m\/#primaryimage","url":"https:\/\/radis.ee\/wp-content\/uploads\/2022\/09\/RADIS_shelf_ROMB_M_Light_Oak_doors_White_CPL_plywood-scaled.jpg","contentUrl":"https:\/\/radis.ee\/wp-content\/uploads\/2022\/09\/RADIS_shelf_ROMB_M_Light_Oak_doors_White_CPL_plywood-scaled.jpg","width":2560,"height":2150,"caption":"RADIS shelf ROMB M Light Oak doors white film plywood"},{"@type":"BreadcrumbList","@id":"https:\/\/radis.ee\/riiul-romb-m\/#breadcrumb","itemListElement":[{"@type":"ListItem","position":1,"name":"Home","item":"https:\/\/radis.ee\/"},{"@type":"ListItem","position":2,"name":"Produkte","item":"https:\/\/radis.ee\/de\/produkte\/"},{"@type":"ListItem","position":3,"name":"Regal ROMB M"}]},{"@type":"WebSite","@id":"https:\/\/radis.ee\/#website","url":"https:\/\/radis.ee\/","name":"Radis","description":"Nordic design furniture, environmentally friendly and sustainable.","publisher":{"@id":"https:\/\/radis.ee\/#organization"},"potentialAction":[{"@type":"SearchAction","target":{"@type":"EntryPoint","urlTemplate":"https:\/\/radis.ee\/?s={search_term_string}"},"query-input":{"@type":"PropertyValueSpecification","valueRequired":true,"valueName":"search_term_string"}}],"inLanguage":"de"},{"@type":"Organization","@id":"https:\/\/radis.ee\/#organization","name":"Radis O\u00dc","url":"https:\/\/radis.ee\/","logo":{"@type":"ImageObject","inLanguage":"de","@id":"https:\/\/radis.ee\/#\/schema\/logo\/image\/","url":"https:\/\/radis.ee\/wp-content\/uploads\/2020\/10\/Radis-logo.png","contentUrl":"https:\/\/radis.ee\/wp-content\/uploads\/2020\/10\/Radis-logo.png","width":300,"height":63,"caption":"Radis O\u00dc"},"image":{"@id":"https:\/\/radis.ee\/#\/schema\/logo\/image\/"},"sameAs":["https:\/\/www.facebook.com\/radisfurniture\/"]}]}},"_links":{"self":[{"href":"https:\/\/radis.ee\/de\/wp-json\/wp\/v2\/product\/16986","targetHints":{"allow":["GET"]}}],"collection":[{"href":"https:\/\/radis.ee\/de\/wp-json\/wp\/v2\/product"}],"about":[{"href":"https:\/\/radis.ee\/de\/wp-json\/wp\/v2\/types\/product"}],"replies":[{"embeddable":true,"href":"https:\/\/radis.ee\/de\/wp-json\/wp\/v2\/comments?post=16986"}],"wp:featuredmedia":[{"embeddable":true,"href":"https:\/\/radis.ee\/de\/wp-json\/wp\/v2\/media\/17011"}],"wp:attachment":[{"href":"https:\/\/radis.ee\/de\/wp-json\/wp\/v2\/media?parent=16986"}],"wp:term":[{"taxonomy":"product_brand","embeddable":true,"href":"https:\/\/radis.ee\/de\/wp-json\/wp\/v2\/product_brand?post=16986"},{"taxonomy":"product_cat","embeddable":true,"href":"https:\/\/radis.ee\/de\/wp-json\/wp\/v2\/product_cat?post=16986"},{"taxonomy":"product_tag","embeddable":true,"href":"https:\/\/radis.ee\/de\/wp-json\/wp\/v2\/product_tag?post=16986"}],"curies":[{"name":"wp","href":"https:\/\/api.w.org\/{rel}","templated":true}]}}