{"id":17210,"date":"2022-08-12T12:45:35","date_gmt":"2022-08-12T09:45:35","guid":{"rendered":"https:\/\/radis.ee\/?post_type=product&#038;p=17210"},"modified":"2025-11-28T20:51:33","modified_gmt":"2025-11-28T18:51:33","slug":"nachttisch-noble","status":"publish","type":"product","link":"https:\/\/radis.ee\/de\/nachttisch-noble\/","title":{"rendered":"Nachttisch NOBLE"},"content":{"rendered":"<p>NOBLE Nachttisch ist eine Sache der Magie. Es schwebt m\u00fchelos in der Luft und macht die Reinigung Ihres Schlafzimmers zum Kinderspiel. Dadurch, dass er den Boden nicht ber\u00fchrt, kann Ihr Saugroboter seine Arbeit ohne Ablenkung erledigen.<\/p>\n<p>Er verf\u00fcgt \u00fcber eine Schublade mit sanftem Schlie\u00dfen und ein Regal, sodass Sie B\u00fccher, Taschent\u00fccher und alles andere Notwendige leicht griffbereit halten k\u00f6nnen.<\/p>\n<p>Eine einfache quadratische Form macht es f\u00fcr alle Arten von Innenr\u00e4umen und Betttypen geeignet.<\/p>\n<p>Aus Birkensperrholz mit Eichenfurnier, \u00f6lgewachst. Und auch mit wei\u00dfem Hochdrucklaminat HPL auf Sperrholz. Der Nachttisch ist bereits montiert. Die Breite der Schublade aus nat\u00fcrlichem Sperrholz betr\u00e4gt 30 cm, Tiefe 29 cm, H\u00f6he 11 cm.<\/p>\n<p>Der Nachttisch muss mit einer R\u00fcckwand an der Wand befestigt werden und kann optional mit 16 cm hohen Eichenholzbeinen ausgestattet werden.<\/p>\n","protected":false},"excerpt":{"rendered":"<p>NOBLE Nachttisch ist eine Sache der Magie. Es schwebt m\u00fchelos in der Luft und macht die Reinigung Ihres Schlafzimmers zum Kinderspiel. Dadurch, dass er den Boden nicht ber\u00fchrt, kann Ihr Saugroboter seine Arbeit ohne Ablenkung erledigen. Er verf\u00fcgt \u00fcber eine Schublade mit sanftem Schlie\u00dfen und ein Regal, sodass Sie B\u00fccher, Taschent\u00fccher und alles andere Notwendige&#8230;<\/p>\n","protected":false},"featured_media":17235,"comment_status":"open","ping_status":"closed","template":"","meta":{"_acf_changed":false},"product_brand":[],"product_cat":[447,256],"product_tag":[],"class_list":{"0":"post-17210","1":"product","2":"type-product","3":"status-publish","4":"has-post-thumbnail","6":"product_cat-accessoires","7":"product_cat-betten","9":"first","10":"instock","11":"taxable","12":"shipping-taxable","13":"purchasable","14":"product-type-variable","15":"has-default-attributes"},"acf":[],"yoast_head":"<!-- This site is optimized with the Yoast SEO plugin v27.4 - https:\/\/yoast.com\/product\/yoast-seo-wordpress\/ -->\n<title>Nachttisch NOBLE - Radis<\/title>\n<meta name=\"robots\" content=\"index, follow, max-snippet:-1, max-image-preview:large, max-video-preview:-1\" \/>\n<link rel=\"canonical\" href=\"https:\/\/radis.ee\/de\/nachttisch-noble\/\" \/>\n<meta property=\"og:locale\" content=\"de_DE\" \/>\n<meta property=\"og:type\" content=\"article\" \/>\n<meta property=\"og:title\" content=\"Nachttisch NOBLE - Radis\" \/>\n<meta property=\"og:description\" content=\"NOBLE Nachttisch ist eine Sache der Magie. Es schwebt m\u00fchelos in der Luft und macht die Reinigung Ihres Schlafzimmers zum Kinderspiel. Dadurch, dass er den Boden nicht ber\u00fchrt, kann Ihr Saugroboter seine Arbeit ohne Ablenkung erledigen. Er verf\u00fcgt \u00fcber eine Schublade mit sanftem Schlie\u00dfen und ein Regal, sodass Sie B\u00fccher, Taschent\u00fccher und alles andere Notwendige...\" \/>\n<meta property=\"og:url\" content=\"https:\/\/radis.ee\/de\/nachttisch-noble\/\" \/>\n<meta property=\"og:site_name\" content=\"Radis\" \/>\n<meta property=\"article:publisher\" content=\"https:\/\/www.facebook.com\/radisfurniture\/\" \/>\n<meta property=\"article:modified_time\" content=\"2025-11-28T18:51:33+00:00\" \/>\n<meta property=\"og:image\" content=\"https:\/\/radis.ee\/wp-content\/uploads\/2022\/09\/RADIS_bedside_table_NOBLE_Oak_veneered_white_background.jpg\" \/>\n\t<meta property=\"og:image:width\" content=\"1200\" \/>\n\t<meta property=\"og:image:height\" content=\"1429\" \/>\n\t<meta property=\"og:image:type\" content=\"image\/jpeg\" \/>\n<meta name=\"twitter:card\" content=\"summary_large_image\" \/>\n<meta name=\"twitter:label1\" content=\"Gesch\u00e4tzte Lesezeit\" \/>\n\t<meta name=\"twitter:data1\" content=\"1\u00a0Minute\" \/>\n<script type=\"application\/ld+json\" class=\"yoast-schema-graph\">{\"@context\":\"https:\\\/\\\/schema.org\",\"@graph\":[{\"@type\":\"WebPage\",\"@id\":\"https:\\\/\\\/radis.ee\\\/de\\\/nachttisch-noble\\\/\",\"url\":\"https:\\\/\\\/radis.ee\\\/de\\\/nachttisch-noble\\\/\",\"name\":\"Nachttisch NOBLE - Radis\",\"isPartOf\":{\"@id\":\"https:\\\/\\\/radis.ee\\\/#website\"},\"primaryImageOfPage\":{\"@id\":\"https:\\\/\\\/radis.ee\\\/de\\\/nachttisch-noble\\\/#primaryimage\"},\"image\":{\"@id\":\"https:\\\/\\\/radis.ee\\\/de\\\/nachttisch-noble\\\/#primaryimage\"},\"thumbnailUrl\":\"https:\\\/\\\/radis.ee\\\/wp-content\\\/uploads\\\/2022\\\/09\\\/RADIS_bedside_table_NOBLE_Oak_veneered_white_background.jpg\",\"datePublished\":\"2022-08-12T09:45:35+00:00\",\"dateModified\":\"2025-11-28T18:51:33+00:00\",\"breadcrumb\":{\"@id\":\"https:\\\/\\\/radis.ee\\\/de\\\/nachttisch-noble\\\/#breadcrumb\"},\"inLanguage\":\"de\",\"potentialAction\":[{\"@type\":\"ReadAction\",\"target\":[\"https:\\\/\\\/radis.ee\\\/de\\\/nachttisch-noble\\\/\"]}]},{\"@type\":\"ImageObject\",\"inLanguage\":\"de\",\"@id\":\"https:\\\/\\\/radis.ee\\\/de\\\/nachttisch-noble\\\/#primaryimage\",\"url\":\"https:\\\/\\\/radis.ee\\\/wp-content\\\/uploads\\\/2022\\\/09\\\/RADIS_bedside_table_NOBLE_Oak_veneered_white_background.jpg\",\"contentUrl\":\"https:\\\/\\\/radis.ee\\\/wp-content\\\/uploads\\\/2022\\\/09\\\/RADIS_bedside_table_NOBLE_Oak_veneered_white_background.jpg\",\"width\":1200,\"height\":1429,\"caption\":\"Bedside table NOBLE\"},{\"@type\":\"BreadcrumbList\",\"@id\":\"https:\\\/\\\/radis.ee\\\/de\\\/nachttisch-noble\\\/#breadcrumb\",\"itemListElement\":[{\"@type\":\"ListItem\",\"position\":1,\"name\":\"Home\",\"item\":\"https:\\\/\\\/radis.ee\\\/\"},{\"@type\":\"ListItem\",\"position\":2,\"name\":\"Produkte\",\"item\":\"https:\\\/\\\/radis.ee\\\/de\\\/produkte\\\/\"},{\"@type\":\"ListItem\",\"position\":3,\"name\":\"Nachttisch NOBLE\"}]},{\"@type\":\"WebSite\",\"@id\":\"https:\\\/\\\/radis.ee\\\/#website\",\"url\":\"https:\\\/\\\/radis.ee\\\/\",\"name\":\"Radis\",\"description\":\"Nordic design furniture, environmentally friendly and sustainable.\",\"publisher\":{\"@id\":\"https:\\\/\\\/radis.ee\\\/#organization\"},\"potentialAction\":[{\"@type\":\"SearchAction\",\"target\":{\"@type\":\"EntryPoint\",\"urlTemplate\":\"https:\\\/\\\/radis.ee\\\/?s={search_term_string}\"},\"query-input\":{\"@type\":\"PropertyValueSpecification\",\"valueRequired\":true,\"valueName\":\"search_term_string\"}}],\"inLanguage\":\"de\"},{\"@type\":\"Organization\",\"@id\":\"https:\\\/\\\/radis.ee\\\/#organization\",\"name\":\"Radis O\u00dc\",\"url\":\"https:\\\/\\\/radis.ee\\\/\",\"logo\":{\"@type\":\"ImageObject\",\"inLanguage\":\"de\",\"@id\":\"https:\\\/\\\/radis.ee\\\/#\\\/schema\\\/logo\\\/image\\\/\",\"url\":\"https:\\\/\\\/radis.ee\\\/wp-content\\\/uploads\\\/2020\\\/10\\\/Radis-logo.png\",\"contentUrl\":\"https:\\\/\\\/radis.ee\\\/wp-content\\\/uploads\\\/2020\\\/10\\\/Radis-logo.png\",\"width\":300,\"height\":63,\"caption\":\"Radis O\u00dc\"},\"image\":{\"@id\":\"https:\\\/\\\/radis.ee\\\/#\\\/schema\\\/logo\\\/image\\\/\"},\"sameAs\":[\"https:\\\/\\\/www.facebook.com\\\/radisfurniture\\\/\"]}]}<\/script>\n<!-- \/ Yoast SEO plugin. -->","yoast_head_json":{"title":"Nachttisch NOBLE - Radis","robots":{"index":"index","follow":"follow","max-snippet":"max-snippet:-1","max-image-preview":"max-image-preview:large","max-video-preview":"max-video-preview:-1"},"canonical":"https:\/\/radis.ee\/de\/nachttisch-noble\/","og_locale":"de_DE","og_type":"article","og_title":"Nachttisch NOBLE - Radis","og_description":"NOBLE Nachttisch ist eine Sache der Magie. Es schwebt m\u00fchelos in der Luft und macht die Reinigung Ihres Schlafzimmers zum Kinderspiel. Dadurch, dass er den Boden nicht ber\u00fchrt, kann Ihr Saugroboter seine Arbeit ohne Ablenkung erledigen. Er verf\u00fcgt \u00fcber eine Schublade mit sanftem Schlie\u00dfen und ein Regal, sodass Sie B\u00fccher, Taschent\u00fccher und alles andere Notwendige...","og_url":"https:\/\/radis.ee\/de\/nachttisch-noble\/","og_site_name":"Radis","article_publisher":"https:\/\/www.facebook.com\/radisfurniture\/","article_modified_time":"2025-11-28T18:51:33+00:00","og_image":[{"width":1200,"height":1429,"url":"https:\/\/radis.ee\/wp-content\/uploads\/2022\/09\/RADIS_bedside_table_NOBLE_Oak_veneered_white_background.jpg","type":"image\/jpeg"}],"twitter_card":"summary_large_image","twitter_misc":{"Gesch\u00e4tzte Lesezeit":"1\u00a0Minute"},"schema":{"@context":"https:\/\/schema.org","@graph":[{"@type":"WebPage","@id":"https:\/\/radis.ee\/de\/nachttisch-noble\/","url":"https:\/\/radis.ee\/de\/nachttisch-noble\/","name":"Nachttisch NOBLE - Radis","isPartOf":{"@id":"https:\/\/radis.ee\/#website"},"primaryImageOfPage":{"@id":"https:\/\/radis.ee\/de\/nachttisch-noble\/#primaryimage"},"image":{"@id":"https:\/\/radis.ee\/de\/nachttisch-noble\/#primaryimage"},"thumbnailUrl":"https:\/\/radis.ee\/wp-content\/uploads\/2022\/09\/RADIS_bedside_table_NOBLE_Oak_veneered_white_background.jpg","datePublished":"2022-08-12T09:45:35+00:00","dateModified":"2025-11-28T18:51:33+00:00","breadcrumb":{"@id":"https:\/\/radis.ee\/de\/nachttisch-noble\/#breadcrumb"},"inLanguage":"de","potentialAction":[{"@type":"ReadAction","target":["https:\/\/radis.ee\/de\/nachttisch-noble\/"]}]},{"@type":"ImageObject","inLanguage":"de","@id":"https:\/\/radis.ee\/de\/nachttisch-noble\/#primaryimage","url":"https:\/\/radis.ee\/wp-content\/uploads\/2022\/09\/RADIS_bedside_table_NOBLE_Oak_veneered_white_background.jpg","contentUrl":"https:\/\/radis.ee\/wp-content\/uploads\/2022\/09\/RADIS_bedside_table_NOBLE_Oak_veneered_white_background.jpg","width":1200,"height":1429,"caption":"Bedside table NOBLE"},{"@type":"BreadcrumbList","@id":"https:\/\/radis.ee\/de\/nachttisch-noble\/#breadcrumb","itemListElement":[{"@type":"ListItem","position":1,"name":"Home","item":"https:\/\/radis.ee\/"},{"@type":"ListItem","position":2,"name":"Produkte","item":"https:\/\/radis.ee\/de\/produkte\/"},{"@type":"ListItem","position":3,"name":"Nachttisch NOBLE"}]},{"@type":"WebSite","@id":"https:\/\/radis.ee\/#website","url":"https:\/\/radis.ee\/","name":"Radis","description":"Nordic design furniture, environmentally friendly and sustainable.","publisher":{"@id":"https:\/\/radis.ee\/#organization"},"potentialAction":[{"@type":"SearchAction","target":{"@type":"EntryPoint","urlTemplate":"https:\/\/radis.ee\/?s={search_term_string}"},"query-input":{"@type":"PropertyValueSpecification","valueRequired":true,"valueName":"search_term_string"}}],"inLanguage":"de"},{"@type":"Organization","@id":"https:\/\/radis.ee\/#organization","name":"Radis O\u00dc","url":"https:\/\/radis.ee\/","logo":{"@type":"ImageObject","inLanguage":"de","@id":"https:\/\/radis.ee\/#\/schema\/logo\/image\/","url":"https:\/\/radis.ee\/wp-content\/uploads\/2020\/10\/Radis-logo.png","contentUrl":"https:\/\/radis.ee\/wp-content\/uploads\/2020\/10\/Radis-logo.png","width":300,"height":63,"caption":"Radis O\u00dc"},"image":{"@id":"https:\/\/radis.ee\/#\/schema\/logo\/image\/"},"sameAs":["https:\/\/www.facebook.com\/radisfurniture\/"]}]}},"_links":{"self":[{"href":"https:\/\/radis.ee\/de\/wp-json\/wp\/v2\/product\/17210","targetHints":{"allow":["GET"]}}],"collection":[{"href":"https:\/\/radis.ee\/de\/wp-json\/wp\/v2\/product"}],"about":[{"href":"https:\/\/radis.ee\/de\/wp-json\/wp\/v2\/types\/product"}],"replies":[{"embeddable":true,"href":"https:\/\/radis.ee\/de\/wp-json\/wp\/v2\/comments?post=17210"}],"wp:featuredmedia":[{"embeddable":true,"href":"https:\/\/radis.ee\/de\/wp-json\/wp\/v2\/media\/17235"}],"wp:attachment":[{"href":"https:\/\/radis.ee\/de\/wp-json\/wp\/v2\/media?parent=17210"}],"wp:term":[{"taxonomy":"product_brand","embeddable":true,"href":"https:\/\/radis.ee\/de\/wp-json\/wp\/v2\/product_brand?post=17210"},{"taxonomy":"product_cat","embeddable":true,"href":"https:\/\/radis.ee\/de\/wp-json\/wp\/v2\/product_cat?post=17210"},{"taxonomy":"product_tag","embeddable":true,"href":"https:\/\/radis.ee\/de\/wp-json\/wp\/v2\/product_tag?post=17210"}],"curies":[{"name":"wp","href":"https:\/\/api.w.org\/{rel}","templated":true}]}}