{"id":17775,"date":"2020-09-30T18:20:47","date_gmt":"2022-09-30T15:20:50","guid":{"rendered":"https:\/\/radis.ee\/?post_type=product&#038;p=17775"},"modified":"2025-09-18T21:48:56","modified_gmt":"2025-09-18T18:48:56","slug":"ovaler-couchtisch-nam","status":"publish","type":"product","link":"https:\/\/radis.ee\/de\/ovaler-couchtisch-nam\/","title":{"rendered":"Ovaler Couchtisch NAM"},"content":{"rendered":"<p>Ein Couchtisch mit einer aufregenden ovalen Form ist ein guter Begleiter f\u00fcr ein tolles Sofa.<\/p>\n<p>Die Ma\u00dfe des rechteckigen Couchtisches betragen 50&#215;120 cm, H\u00f6he 51 cm.<\/p>\n<p>Aus Birkensperrholz, \u00f6lgewachst, auch mit Eichenfurnier oder Hochdrucklaminat (HPL), Beine aus Birkenholz, gebeizt, ge\u00f6lt und gewachst oder aus schwarzem Metall.<\/p>\n","protected":false},"excerpt":{"rendered":"<p>Ein Couchtisch mit einer aufregenden ovalen Form ist ein guter Begleiter f\u00fcr ein tolles Sofa. Die Ma\u00dfe des rechteckigen Couchtisches betragen 50&#215;120 cm, H\u00f6he 51 cm. Aus Birkensperrholz, \u00f6lgewachst, auch mit Eichenfurnier oder Hochdrucklaminat (HPL), Beine aus Birkenholz, gebeizt, ge\u00f6lt und gewachst oder aus schwarzem Metall.<\/p>\n","protected":false},"featured_media":17836,"comment_status":"open","ping_status":"closed","template":"","meta":{"_acf_changed":false},"product_brand":[],"product_cat":[111],"product_tag":[],"class_list":{"0":"post-17775","1":"product","2":"type-product","3":"status-publish","4":"has-post-thumbnail","6":"product_cat-lauad","8":"first","9":"instock","10":"taxable","11":"shipping-taxable","12":"purchasable","13":"product-type-variable","14":"has-default-attributes"},"acf":[],"yoast_head":"<!-- This site is optimized with the Yoast SEO plugin v27.3 - https:\/\/yoast.com\/product\/yoast-seo-wordpress\/ -->\n<title>Ovaler Couchtisch NAM - Radis<\/title>\n<meta name=\"robots\" content=\"index, follow, max-snippet:-1, max-image-preview:large, max-video-preview:-1\" \/>\n<link rel=\"canonical\" href=\"https:\/\/radis.ee\/ovaalne-diivanilaud-nam\/\" \/>\n<meta property=\"og:locale\" content=\"de_DE\" \/>\n<meta property=\"og:type\" content=\"article\" \/>\n<meta property=\"og:title\" content=\"Ovaler Couchtisch NAM - Radis\" \/>\n<meta property=\"og:description\" content=\"Ein Couchtisch mit einer aufregenden ovalen Form ist ein guter Begleiter f\u00fcr ein tolles Sofa. Die Ma\u00dfe des rechteckigen Couchtisches betragen 50&#215;120 cm, H\u00f6he 51 cm. Aus Birkensperrholz, \u00f6lgewachst, auch mit Eichenfurnier oder Hochdrucklaminat (HPL), Beine aus Birkenholz, gebeizt, ge\u00f6lt und gewachst oder aus schwarzem Metall.\" \/>\n<meta property=\"og:url\" content=\"https:\/\/radis.ee\/ovaalne-diivanilaud-nam\/\" \/>\n<meta property=\"og:site_name\" content=\"Radis\" \/>\n<meta property=\"article:publisher\" content=\"https:\/\/www.facebook.com\/radisfurniture\/\" \/>\n<meta property=\"article:modified_time\" content=\"2025-09-18T18:48:56+00:00\" \/>\n<meta property=\"og:image\" content=\"https:\/\/radis.ee\/wp-content\/uploads\/2022\/09\/RADIS_sofatable_NAM_rectangle_Oak_veneered_white_background.jpg\" \/>\n\t<meta property=\"og:image:width\" content=\"1201\" \/>\n\t<meta property=\"og:image:height\" content=\"1430\" \/>\n\t<meta property=\"og:image:type\" content=\"image\/jpeg\" \/>\n<meta name=\"twitter:card\" content=\"summary_large_image\" \/>\n<script type=\"application\/ld+json\" class=\"yoast-schema-graph\">{\"@context\":\"https:\\\/\\\/schema.org\",\"@graph\":[{\"@type\":\"WebPage\",\"@id\":\"https:\\\/\\\/radis.ee\\\/ovaalne-diivanilaud-nam\\\/\",\"url\":\"https:\\\/\\\/radis.ee\\\/ovaalne-diivanilaud-nam\\\/\",\"name\":\"Ovaler Couchtisch NAM - Radis\",\"isPartOf\":{\"@id\":\"https:\\\/\\\/radis.ee\\\/#website\"},\"primaryImageOfPage\":{\"@id\":\"https:\\\/\\\/radis.ee\\\/ovaalne-diivanilaud-nam\\\/#primaryimage\"},\"image\":{\"@id\":\"https:\\\/\\\/radis.ee\\\/ovaalne-diivanilaud-nam\\\/#primaryimage\"},\"thumbnailUrl\":\"https:\\\/\\\/radis.ee\\\/wp-content\\\/uploads\\\/2022\\\/09\\\/RADIS_sofatable_NAM_rectangle_Oak_veneered_white_background.jpg\",\"datePublished\":\"2022-09-30T15:20:50+00:00\",\"dateModified\":\"2025-09-18T18:48:56+00:00\",\"breadcrumb\":{\"@id\":\"https:\\\/\\\/radis.ee\\\/ovaalne-diivanilaud-nam\\\/#breadcrumb\"},\"inLanguage\":\"de\",\"potentialAction\":[{\"@type\":\"ReadAction\",\"target\":[\"https:\\\/\\\/radis.ee\\\/ovaalne-diivanilaud-nam\\\/\"]}]},{\"@type\":\"ImageObject\",\"inLanguage\":\"de\",\"@id\":\"https:\\\/\\\/radis.ee\\\/ovaalne-diivanilaud-nam\\\/#primaryimage\",\"url\":\"https:\\\/\\\/radis.ee\\\/wp-content\\\/uploads\\\/2022\\\/09\\\/RADIS_sofatable_NAM_rectangle_Oak_veneered_white_background.jpg\",\"contentUrl\":\"https:\\\/\\\/radis.ee\\\/wp-content\\\/uploads\\\/2022\\\/09\\\/RADIS_sofatable_NAM_rectangle_Oak_veneered_white_background.jpg\",\"width\":1201,\"height\":1430,\"caption\":\"RADIS sofa table NAM rectangle Oak veneered legs Black stain\"},{\"@type\":\"BreadcrumbList\",\"@id\":\"https:\\\/\\\/radis.ee\\\/ovaalne-diivanilaud-nam\\\/#breadcrumb\",\"itemListElement\":[{\"@type\":\"ListItem\",\"position\":1,\"name\":\"Home\",\"item\":\"https:\\\/\\\/radis.ee\\\/\"},{\"@type\":\"ListItem\",\"position\":2,\"name\":\"Produkte\",\"item\":\"https:\\\/\\\/radis.ee\\\/de\\\/produkte\\\/\"},{\"@type\":\"ListItem\",\"position\":3,\"name\":\"Ovaler Couchtisch NAM\"}]},{\"@type\":\"WebSite\",\"@id\":\"https:\\\/\\\/radis.ee\\\/#website\",\"url\":\"https:\\\/\\\/radis.ee\\\/\",\"name\":\"Radis\",\"description\":\"Nordic design furniture, environmentally friendly and sustainable.\",\"publisher\":{\"@id\":\"https:\\\/\\\/radis.ee\\\/#organization\"},\"potentialAction\":[{\"@type\":\"SearchAction\",\"target\":{\"@type\":\"EntryPoint\",\"urlTemplate\":\"https:\\\/\\\/radis.ee\\\/?s={search_term_string}\"},\"query-input\":{\"@type\":\"PropertyValueSpecification\",\"valueRequired\":true,\"valueName\":\"search_term_string\"}}],\"inLanguage\":\"de\"},{\"@type\":\"Organization\",\"@id\":\"https:\\\/\\\/radis.ee\\\/#organization\",\"name\":\"Radis O\u00dc\",\"url\":\"https:\\\/\\\/radis.ee\\\/\",\"logo\":{\"@type\":\"ImageObject\",\"inLanguage\":\"de\",\"@id\":\"https:\\\/\\\/radis.ee\\\/#\\\/schema\\\/logo\\\/image\\\/\",\"url\":\"https:\\\/\\\/radis.ee\\\/wp-content\\\/uploads\\\/2020\\\/10\\\/Radis-logo.png\",\"contentUrl\":\"https:\\\/\\\/radis.ee\\\/wp-content\\\/uploads\\\/2020\\\/10\\\/Radis-logo.png\",\"width\":300,\"height\":63,\"caption\":\"Radis O\u00dc\"},\"image\":{\"@id\":\"https:\\\/\\\/radis.ee\\\/#\\\/schema\\\/logo\\\/image\\\/\"},\"sameAs\":[\"https:\\\/\\\/www.facebook.com\\\/radisfurniture\\\/\"]}]}<\/script>\n<!-- \/ Yoast SEO plugin. -->","yoast_head_json":{"title":"Ovaler Couchtisch NAM - Radis","robots":{"index":"index","follow":"follow","max-snippet":"max-snippet:-1","max-image-preview":"max-image-preview:large","max-video-preview":"max-video-preview:-1"},"canonical":"https:\/\/radis.ee\/ovaalne-diivanilaud-nam\/","og_locale":"de_DE","og_type":"article","og_title":"Ovaler Couchtisch NAM - Radis","og_description":"Ein Couchtisch mit einer aufregenden ovalen Form ist ein guter Begleiter f\u00fcr ein tolles Sofa. Die Ma\u00dfe des rechteckigen Couchtisches betragen 50&#215;120 cm, H\u00f6he 51 cm. Aus Birkensperrholz, \u00f6lgewachst, auch mit Eichenfurnier oder Hochdrucklaminat (HPL), Beine aus Birkenholz, gebeizt, ge\u00f6lt und gewachst oder aus schwarzem Metall.","og_url":"https:\/\/radis.ee\/ovaalne-diivanilaud-nam\/","og_site_name":"Radis","article_publisher":"https:\/\/www.facebook.com\/radisfurniture\/","article_modified_time":"2025-09-18T18:48:56+00:00","og_image":[{"width":1201,"height":1430,"url":"https:\/\/radis.ee\/wp-content\/uploads\/2022\/09\/RADIS_sofatable_NAM_rectangle_Oak_veneered_white_background.jpg","type":"image\/jpeg"}],"twitter_card":"summary_large_image","schema":{"@context":"https:\/\/schema.org","@graph":[{"@type":"WebPage","@id":"https:\/\/radis.ee\/ovaalne-diivanilaud-nam\/","url":"https:\/\/radis.ee\/ovaalne-diivanilaud-nam\/","name":"Ovaler Couchtisch NAM - Radis","isPartOf":{"@id":"https:\/\/radis.ee\/#website"},"primaryImageOfPage":{"@id":"https:\/\/radis.ee\/ovaalne-diivanilaud-nam\/#primaryimage"},"image":{"@id":"https:\/\/radis.ee\/ovaalne-diivanilaud-nam\/#primaryimage"},"thumbnailUrl":"https:\/\/radis.ee\/wp-content\/uploads\/2022\/09\/RADIS_sofatable_NAM_rectangle_Oak_veneered_white_background.jpg","datePublished":"2022-09-30T15:20:50+00:00","dateModified":"2025-09-18T18:48:56+00:00","breadcrumb":{"@id":"https:\/\/radis.ee\/ovaalne-diivanilaud-nam\/#breadcrumb"},"inLanguage":"de","potentialAction":[{"@type":"ReadAction","target":["https:\/\/radis.ee\/ovaalne-diivanilaud-nam\/"]}]},{"@type":"ImageObject","inLanguage":"de","@id":"https:\/\/radis.ee\/ovaalne-diivanilaud-nam\/#primaryimage","url":"https:\/\/radis.ee\/wp-content\/uploads\/2022\/09\/RADIS_sofatable_NAM_rectangle_Oak_veneered_white_background.jpg","contentUrl":"https:\/\/radis.ee\/wp-content\/uploads\/2022\/09\/RADIS_sofatable_NAM_rectangle_Oak_veneered_white_background.jpg","width":1201,"height":1430,"caption":"RADIS sofa table NAM rectangle Oak veneered legs Black stain"},{"@type":"BreadcrumbList","@id":"https:\/\/radis.ee\/ovaalne-diivanilaud-nam\/#breadcrumb","itemListElement":[{"@type":"ListItem","position":1,"name":"Home","item":"https:\/\/radis.ee\/"},{"@type":"ListItem","position":2,"name":"Produkte","item":"https:\/\/radis.ee\/de\/produkte\/"},{"@type":"ListItem","position":3,"name":"Ovaler Couchtisch NAM"}]},{"@type":"WebSite","@id":"https:\/\/radis.ee\/#website","url":"https:\/\/radis.ee\/","name":"Radis","description":"Nordic design furniture, environmentally friendly and sustainable.","publisher":{"@id":"https:\/\/radis.ee\/#organization"},"potentialAction":[{"@type":"SearchAction","target":{"@type":"EntryPoint","urlTemplate":"https:\/\/radis.ee\/?s={search_term_string}"},"query-input":{"@type":"PropertyValueSpecification","valueRequired":true,"valueName":"search_term_string"}}],"inLanguage":"de"},{"@type":"Organization","@id":"https:\/\/radis.ee\/#organization","name":"Radis O\u00dc","url":"https:\/\/radis.ee\/","logo":{"@type":"ImageObject","inLanguage":"de","@id":"https:\/\/radis.ee\/#\/schema\/logo\/image\/","url":"https:\/\/radis.ee\/wp-content\/uploads\/2020\/10\/Radis-logo.png","contentUrl":"https:\/\/radis.ee\/wp-content\/uploads\/2020\/10\/Radis-logo.png","width":300,"height":63,"caption":"Radis O\u00dc"},"image":{"@id":"https:\/\/radis.ee\/#\/schema\/logo\/image\/"},"sameAs":["https:\/\/www.facebook.com\/radisfurniture\/"]}]}},"_links":{"self":[{"href":"https:\/\/radis.ee\/de\/wp-json\/wp\/v2\/product\/17775","targetHints":{"allow":["GET"]}}],"collection":[{"href":"https:\/\/radis.ee\/de\/wp-json\/wp\/v2\/product"}],"about":[{"href":"https:\/\/radis.ee\/de\/wp-json\/wp\/v2\/types\/product"}],"replies":[{"embeddable":true,"href":"https:\/\/radis.ee\/de\/wp-json\/wp\/v2\/comments?post=17775"}],"wp:featuredmedia":[{"embeddable":true,"href":"https:\/\/radis.ee\/de\/wp-json\/wp\/v2\/media\/17836"}],"wp:attachment":[{"href":"https:\/\/radis.ee\/de\/wp-json\/wp\/v2\/media?parent=17775"}],"wp:term":[{"taxonomy":"product_brand","embeddable":true,"href":"https:\/\/radis.ee\/de\/wp-json\/wp\/v2\/product_brand?post=17775"},{"taxonomy":"product_cat","embeddable":true,"href":"https:\/\/radis.ee\/de\/wp-json\/wp\/v2\/product_cat?post=17775"},{"taxonomy":"product_tag","embeddable":true,"href":"https:\/\/radis.ee\/de\/wp-json\/wp\/v2\/product_tag?post=17775"}],"curies":[{"name":"wp","href":"https:\/\/api.w.org\/{rel}","templated":true}]}}