{"id":17951,"date":"2022-02-17T10:24:55","date_gmt":"2022-10-19T07:24:58","guid":{"rendered":"https:\/\/radis.ee\/?post_type=product&#038;p=17951"},"modified":"2022-11-29T12:20:25","modified_gmt":"2022-11-29T10:20:25","slug":"anrichte-pix-2x2","status":"publish","type":"product","link":"https:\/\/radis.ee\/de\/anrichte-pix-2x2\/","title":{"rendered":"Anrichte PIX 2&#215;2"},"content":{"rendered":"<p>Ger\u00e4umig und robust, nimmt diese Anrichte auf, was in Wohnzimmer, Kinderzimmer oder B\u00fcro verstaut werden muss. Mit der Anrichte PIX schaffen Sie Ordnung.<\/p>\n<p>Die innere Regalh\u00f6he betr\u00e4gt 33 cm, die Innenbreite 67 cm, also auch f\u00fcr B\u00fcroordner geeignet. Oder passend f\u00fcr Ihre Lieblingsschallplatten.<\/p>\n<p>Aus Birkensperrholz, \u00f6lgewachst, zus\u00e4tzlich Eiche furniert und CPL-beschichtet. Soft-Close-T\u00fcrscharniere. Ein 8 cm hoher Sockel, der gut zu allen Sockelleisten passt.<\/p>\n","protected":false},"excerpt":{"rendered":"<p>Ger\u00e4umig und robust, nimmt diese Anrichte auf, was in Wohnzimmer, Kinderzimmer oder B\u00fcro verstaut werden muss. Mit der Anrichte PIX schaffen Sie Ordnung. Die innere Regalh\u00f6he betr\u00e4gt 33 cm, die Innenbreite 67 cm, also auch f\u00fcr B\u00fcroordner geeignet. Oder passend f\u00fcr Ihre Lieblingsschallplatten. Aus Birkensperrholz, \u00f6lgewachst, zus\u00e4tzlich Eiche furniert und CPL-beschichtet. Soft-Close-T\u00fcrscharniere. Ein 8 cm&#8230;<\/p>\n","protected":false},"featured_media":18031,"comment_status":"open","ping_status":"closed","template":"","meta":{"_acf_changed":false},"product_brand":[],"product_cat":[17],"product_tag":[],"class_list":{"0":"post-17951","1":"product","2":"type-product","3":"status-publish","4":"has-post-thumbnail","6":"product_cat-kummutid","8":"first","9":"instock","10":"taxable","11":"shipping-taxable","12":"purchasable","13":"product-type-variable","14":"has-default-attributes"},"acf":[],"yoast_head":"<!-- This site is optimized with the Yoast SEO plugin v27.4 - https:\/\/yoast.com\/product\/yoast-seo-wordpress\/ -->\n<title>Anrichte PIX 2x2 - Radis<\/title>\n<meta name=\"robots\" content=\"index, follow, max-snippet:-1, max-image-preview:large, max-video-preview:-1\" \/>\n<link rel=\"canonical\" href=\"https:\/\/radis.ee\/kummut-pix-2x2\/\" \/>\n<meta property=\"og:locale\" content=\"de_DE\" \/>\n<meta property=\"og:type\" content=\"article\" \/>\n<meta property=\"og:title\" content=\"Anrichte PIX 2x2 - Radis\" \/>\n<meta property=\"og:description\" content=\"Ger\u00e4umig und robust, nimmt diese Anrichte auf, was in Wohnzimmer, Kinderzimmer oder B\u00fcro verstaut werden muss. Mit der Anrichte PIX schaffen Sie Ordnung. Die innere Regalh\u00f6he betr\u00e4gt 33 cm, die Innenbreite 67 cm, also auch f\u00fcr B\u00fcroordner geeignet. Oder passend f\u00fcr Ihre Lieblingsschallplatten. Aus Birkensperrholz, \u00f6lgewachst, zus\u00e4tzlich Eiche furniert und CPL-beschichtet. Soft-Close-T\u00fcrscharniere. Ein 8 cm...\" \/>\n<meta property=\"og:url\" content=\"https:\/\/radis.ee\/kummut-pix-2x2\/\" \/>\n<meta property=\"og:site_name\" content=\"Radis\" \/>\n<meta property=\"article:publisher\" content=\"https:\/\/www.facebook.com\/radisfurniture\/\" \/>\n<meta property=\"article:modified_time\" content=\"2022-11-29T10:20:25+00:00\" \/>\n<meta property=\"og:image\" content=\"https:\/\/radis.ee\/wp-content\/uploads\/2022\/10\/Radis-sideboard-PIX-2x2-pebble-grey-doors-white-osmo-oilwaxed.jpg\" \/>\n\t<meta property=\"og:image:width\" content=\"1200\" \/>\n\t<meta property=\"og:image:height\" content=\"1429\" \/>\n\t<meta property=\"og:image:type\" content=\"image\/jpeg\" \/>\n<meta name=\"twitter:card\" content=\"summary_large_image\" \/>\n<script type=\"application\/ld+json\" class=\"yoast-schema-graph\">{\"@context\":\"https:\\\/\\\/schema.org\",\"@graph\":[{\"@type\":\"WebPage\",\"@id\":\"https:\\\/\\\/radis.ee\\\/kummut-pix-2x2\\\/\",\"url\":\"https:\\\/\\\/radis.ee\\\/kummut-pix-2x2\\\/\",\"name\":\"Anrichte PIX 2x2 - Radis\",\"isPartOf\":{\"@id\":\"https:\\\/\\\/radis.ee\\\/#website\"},\"primaryImageOfPage\":{\"@id\":\"https:\\\/\\\/radis.ee\\\/kummut-pix-2x2\\\/#primaryimage\"},\"image\":{\"@id\":\"https:\\\/\\\/radis.ee\\\/kummut-pix-2x2\\\/#primaryimage\"},\"thumbnailUrl\":\"https:\\\/\\\/radis.ee\\\/wp-content\\\/uploads\\\/2022\\\/10\\\/Radis-sideboard-PIX-2x2-pebble-grey-doors-white-osmo-oilwaxed.jpg\",\"datePublished\":\"2022-10-19T07:24:58+00:00\",\"dateModified\":\"2022-11-29T10:20:25+00:00\",\"breadcrumb\":{\"@id\":\"https:\\\/\\\/radis.ee\\\/kummut-pix-2x2\\\/#breadcrumb\"},\"inLanguage\":\"de\",\"potentialAction\":[{\"@type\":\"ReadAction\",\"target\":[\"https:\\\/\\\/radis.ee\\\/kummut-pix-2x2\\\/\"]}]},{\"@type\":\"ImageObject\",\"inLanguage\":\"de\",\"@id\":\"https:\\\/\\\/radis.ee\\\/kummut-pix-2x2\\\/#primaryimage\",\"url\":\"https:\\\/\\\/radis.ee\\\/wp-content\\\/uploads\\\/2022\\\/10\\\/Radis-sideboard-PIX-2x2-pebble-grey-doors-white-osmo-oilwaxed.jpg\",\"contentUrl\":\"https:\\\/\\\/radis.ee\\\/wp-content\\\/uploads\\\/2022\\\/10\\\/Radis-sideboard-PIX-2x2-pebble-grey-doors-white-osmo-oilwaxed.jpg\",\"width\":1200,\"height\":1429,\"caption\":\"Radis sideboard PIX 2x2 Pebble Grey doors White Osmo\"},{\"@type\":\"BreadcrumbList\",\"@id\":\"https:\\\/\\\/radis.ee\\\/kummut-pix-2x2\\\/#breadcrumb\",\"itemListElement\":[{\"@type\":\"ListItem\",\"position\":1,\"name\":\"Home\",\"item\":\"https:\\\/\\\/radis.ee\\\/\"},{\"@type\":\"ListItem\",\"position\":2,\"name\":\"Produkte\",\"item\":\"https:\\\/\\\/radis.ee\\\/de\\\/produkte\\\/\"},{\"@type\":\"ListItem\",\"position\":3,\"name\":\"Anrichte PIX 2&#215;2\"}]},{\"@type\":\"WebSite\",\"@id\":\"https:\\\/\\\/radis.ee\\\/#website\",\"url\":\"https:\\\/\\\/radis.ee\\\/\",\"name\":\"Radis\",\"description\":\"Nordic design furniture, environmentally friendly and sustainable.\",\"publisher\":{\"@id\":\"https:\\\/\\\/radis.ee\\\/#organization\"},\"potentialAction\":[{\"@type\":\"SearchAction\",\"target\":{\"@type\":\"EntryPoint\",\"urlTemplate\":\"https:\\\/\\\/radis.ee\\\/?s={search_term_string}\"},\"query-input\":{\"@type\":\"PropertyValueSpecification\",\"valueRequired\":true,\"valueName\":\"search_term_string\"}}],\"inLanguage\":\"de\"},{\"@type\":\"Organization\",\"@id\":\"https:\\\/\\\/radis.ee\\\/#organization\",\"name\":\"Radis O\u00dc\",\"url\":\"https:\\\/\\\/radis.ee\\\/\",\"logo\":{\"@type\":\"ImageObject\",\"inLanguage\":\"de\",\"@id\":\"https:\\\/\\\/radis.ee\\\/#\\\/schema\\\/logo\\\/image\\\/\",\"url\":\"https:\\\/\\\/radis.ee\\\/wp-content\\\/uploads\\\/2020\\\/10\\\/Radis-logo.png\",\"contentUrl\":\"https:\\\/\\\/radis.ee\\\/wp-content\\\/uploads\\\/2020\\\/10\\\/Radis-logo.png\",\"width\":300,\"height\":63,\"caption\":\"Radis O\u00dc\"},\"image\":{\"@id\":\"https:\\\/\\\/radis.ee\\\/#\\\/schema\\\/logo\\\/image\\\/\"},\"sameAs\":[\"https:\\\/\\\/www.facebook.com\\\/radisfurniture\\\/\"]}]}<\/script>\n<!-- \/ Yoast SEO plugin. -->","yoast_head_json":{"title":"Anrichte PIX 2x2 - Radis","robots":{"index":"index","follow":"follow","max-snippet":"max-snippet:-1","max-image-preview":"max-image-preview:large","max-video-preview":"max-video-preview:-1"},"canonical":"https:\/\/radis.ee\/kummut-pix-2x2\/","og_locale":"de_DE","og_type":"article","og_title":"Anrichte PIX 2x2 - Radis","og_description":"Ger\u00e4umig und robust, nimmt diese Anrichte auf, was in Wohnzimmer, Kinderzimmer oder B\u00fcro verstaut werden muss. Mit der Anrichte PIX schaffen Sie Ordnung. Die innere Regalh\u00f6he betr\u00e4gt 33 cm, die Innenbreite 67 cm, also auch f\u00fcr B\u00fcroordner geeignet. Oder passend f\u00fcr Ihre Lieblingsschallplatten. Aus Birkensperrholz, \u00f6lgewachst, zus\u00e4tzlich Eiche furniert und CPL-beschichtet. Soft-Close-T\u00fcrscharniere. Ein 8 cm...","og_url":"https:\/\/radis.ee\/kummut-pix-2x2\/","og_site_name":"Radis","article_publisher":"https:\/\/www.facebook.com\/radisfurniture\/","article_modified_time":"2022-11-29T10:20:25+00:00","og_image":[{"width":1200,"height":1429,"url":"https:\/\/radis.ee\/wp-content\/uploads\/2022\/10\/Radis-sideboard-PIX-2x2-pebble-grey-doors-white-osmo-oilwaxed.jpg","type":"image\/jpeg"}],"twitter_card":"summary_large_image","schema":{"@context":"https:\/\/schema.org","@graph":[{"@type":"WebPage","@id":"https:\/\/radis.ee\/kummut-pix-2x2\/","url":"https:\/\/radis.ee\/kummut-pix-2x2\/","name":"Anrichte PIX 2x2 - Radis","isPartOf":{"@id":"https:\/\/radis.ee\/#website"},"primaryImageOfPage":{"@id":"https:\/\/radis.ee\/kummut-pix-2x2\/#primaryimage"},"image":{"@id":"https:\/\/radis.ee\/kummut-pix-2x2\/#primaryimage"},"thumbnailUrl":"https:\/\/radis.ee\/wp-content\/uploads\/2022\/10\/Radis-sideboard-PIX-2x2-pebble-grey-doors-white-osmo-oilwaxed.jpg","datePublished":"2022-10-19T07:24:58+00:00","dateModified":"2022-11-29T10:20:25+00:00","breadcrumb":{"@id":"https:\/\/radis.ee\/kummut-pix-2x2\/#breadcrumb"},"inLanguage":"de","potentialAction":[{"@type":"ReadAction","target":["https:\/\/radis.ee\/kummut-pix-2x2\/"]}]},{"@type":"ImageObject","inLanguage":"de","@id":"https:\/\/radis.ee\/kummut-pix-2x2\/#primaryimage","url":"https:\/\/radis.ee\/wp-content\/uploads\/2022\/10\/Radis-sideboard-PIX-2x2-pebble-grey-doors-white-osmo-oilwaxed.jpg","contentUrl":"https:\/\/radis.ee\/wp-content\/uploads\/2022\/10\/Radis-sideboard-PIX-2x2-pebble-grey-doors-white-osmo-oilwaxed.jpg","width":1200,"height":1429,"caption":"Radis sideboard PIX 2x2 Pebble Grey doors White Osmo"},{"@type":"BreadcrumbList","@id":"https:\/\/radis.ee\/kummut-pix-2x2\/#breadcrumb","itemListElement":[{"@type":"ListItem","position":1,"name":"Home","item":"https:\/\/radis.ee\/"},{"@type":"ListItem","position":2,"name":"Produkte","item":"https:\/\/radis.ee\/de\/produkte\/"},{"@type":"ListItem","position":3,"name":"Anrichte PIX 2&#215;2"}]},{"@type":"WebSite","@id":"https:\/\/radis.ee\/#website","url":"https:\/\/radis.ee\/","name":"Radis","description":"Nordic design furniture, environmentally friendly and sustainable.","publisher":{"@id":"https:\/\/radis.ee\/#organization"},"potentialAction":[{"@type":"SearchAction","target":{"@type":"EntryPoint","urlTemplate":"https:\/\/radis.ee\/?s={search_term_string}"},"query-input":{"@type":"PropertyValueSpecification","valueRequired":true,"valueName":"search_term_string"}}],"inLanguage":"de"},{"@type":"Organization","@id":"https:\/\/radis.ee\/#organization","name":"Radis O\u00dc","url":"https:\/\/radis.ee\/","logo":{"@type":"ImageObject","inLanguage":"de","@id":"https:\/\/radis.ee\/#\/schema\/logo\/image\/","url":"https:\/\/radis.ee\/wp-content\/uploads\/2020\/10\/Radis-logo.png","contentUrl":"https:\/\/radis.ee\/wp-content\/uploads\/2020\/10\/Radis-logo.png","width":300,"height":63,"caption":"Radis O\u00dc"},"image":{"@id":"https:\/\/radis.ee\/#\/schema\/logo\/image\/"},"sameAs":["https:\/\/www.facebook.com\/radisfurniture\/"]}]}},"_links":{"self":[{"href":"https:\/\/radis.ee\/de\/wp-json\/wp\/v2\/product\/17951","targetHints":{"allow":["GET"]}}],"collection":[{"href":"https:\/\/radis.ee\/de\/wp-json\/wp\/v2\/product"}],"about":[{"href":"https:\/\/radis.ee\/de\/wp-json\/wp\/v2\/types\/product"}],"replies":[{"embeddable":true,"href":"https:\/\/radis.ee\/de\/wp-json\/wp\/v2\/comments?post=17951"}],"wp:featuredmedia":[{"embeddable":true,"href":"https:\/\/radis.ee\/de\/wp-json\/wp\/v2\/media\/18031"}],"wp:attachment":[{"href":"https:\/\/radis.ee\/de\/wp-json\/wp\/v2\/media?parent=17951"}],"wp:term":[{"taxonomy":"product_brand","embeddable":true,"href":"https:\/\/radis.ee\/de\/wp-json\/wp\/v2\/product_brand?post=17951"},{"taxonomy":"product_cat","embeddable":true,"href":"https:\/\/radis.ee\/de\/wp-json\/wp\/v2\/product_cat?post=17951"},{"taxonomy":"product_tag","embeddable":true,"href":"https:\/\/radis.ee\/de\/wp-json\/wp\/v2\/product_tag?post=17951"}],"curies":[{"name":"wp","href":"https:\/\/api.w.org\/{rel}","templated":true}]}}