{"id":18110,"date":"2022-10-24T17:52:52","date_gmt":"2022-10-24T14:52:56","guid":{"rendered":"https:\/\/radis.ee\/?post_type=product&#038;p=18110"},"modified":"2026-02-09T22:46:44","modified_gmt":"2026-02-09T20:46:44","slug":"anrichte-noble-4-turen","status":"publish","type":"product","link":"https:\/\/radis.ee\/de\/anrichte-noble-4-turen\/","title":{"rendered":"Anrichte NOBLE 4 T\u00fcren"},"content":{"rendered":"<p>Das NOBLE 4-t\u00fcrige Sideboard ist eine elegante und ger\u00e4umige Aufbewahrungsl\u00f6sung aus hochwertigem, eichenfurniertem Birkensperrholz, ausgestattet mit Soft-Close-Scharnieren und eleganten schwarzen Metallbeinen, die jedem Raum eine anspruchsvolle nordische Note verleihen.<\/p>\n<p>NOBLE Sideboards sind wie gro\u00dfe Background-S\u00e4nger &#8211; bescheiden und nicht aufdringlich, aber wenn sie fehlen, ist der Gesamteindruck nicht derselbe. Sie sind die subtile Kraft in jedem Wohnzimmer, B\u00fcro oder Flur. Bietet viel Stauraum, ohne sperrig zu wirken und zu viel Stellfl\u00e4che einzunehmen. Egal, ob Sie die viert\u00fcrige Variante oder das zweit\u00fcrige Sideboard mit zwei Schubladen bevorzugen, NOBLE ist f\u00fcr Ihre Sachen da und sieht jederzeit schick aus.<\/p>\n<p>Wie andere Produkte der Noble-Serie ist es aus Birkensperrholz mit Eichenfurnier gefertigt und hat nat\u00fcrlich leise schlie\u00dfende T\u00fcrscharniere von Blum.<\/p>\n<p>Hinter den T\u00fcren befinden sich zwei t\u00fcrbreite Regale mit verstellbarer H\u00f6he, insgesamt 4 St\u00fcck. Schwarze, pulverbeschichtete, verstellbare Metallbeine mit einer H\u00f6he von 17 cm. An den Sideboards von Noble gibt es wirklich nichts auszusetzen!<\/p>\n<p>Unser Sideboard Noble k\u00f6nnen Sie auch in der ARD-Serie \u201eIn aller Freundschaft\u201c sehen.<\/p>\n","protected":false},"excerpt":{"rendered":"<p>Das NOBLE 4-t\u00fcrige Sideboard ist eine elegante und ger\u00e4umige Aufbewahrungsl\u00f6sung aus hochwertigem, eichenfurniertem Birkensperrholz, ausgestattet mit Soft-Close-Scharnieren und eleganten schwarzen Metallbeinen, die jedem Raum eine anspruchsvolle nordische Note verleihen. NOBLE Sideboards sind wie gro\u00dfe Background-S\u00e4nger &#8211; bescheiden und nicht aufdringlich, aber wenn sie fehlen, ist der Gesamteindruck nicht derselbe. Sie sind die subtile Kraft in&#8230;<\/p>\n","protected":false},"featured_media":18387,"comment_status":"open","ping_status":"closed","template":"","meta":{"_acf_changed":false},"product_brand":[],"product_cat":[17],"product_tag":[],"class_list":{"0":"post-18110","1":"product","2":"type-product","3":"status-publish","4":"has-post-thumbnail","6":"product_cat-kummutid","8":"first","9":"instock","10":"sale","11":"taxable","12":"shipping-taxable","13":"purchasable","14":"product-type-variable","15":"has-default-attributes"},"acf":[],"yoast_head":"<!-- This site is optimized with the Yoast SEO plugin v27.4 - https:\/\/yoast.com\/product\/yoast-seo-wordpress\/ -->\n<title>Anrichte NOBLE 4 T\u00fcren - Radis<\/title>\n<meta name=\"robots\" content=\"index, follow, max-snippet:-1, max-image-preview:large, max-video-preview:-1\" \/>\n<link rel=\"canonical\" href=\"https:\/\/radis.ee\/de\/anrichte-noble-4-turen\/\" \/>\n<meta property=\"og:locale\" content=\"de_DE\" \/>\n<meta property=\"og:type\" content=\"article\" \/>\n<meta property=\"og:title\" content=\"Anrichte NOBLE 4 T\u00fcren - Radis\" \/>\n<meta property=\"og:description\" content=\"Das NOBLE 4-t\u00fcrige Sideboard ist eine elegante und ger\u00e4umige Aufbewahrungsl\u00f6sung aus hochwertigem, eichenfurniertem Birkensperrholz, ausgestattet mit Soft-Close-Scharnieren und eleganten schwarzen Metallbeinen, die jedem Raum eine anspruchsvolle nordische Note verleihen. NOBLE Sideboards sind wie gro\u00dfe Background-S\u00e4nger &#8211; bescheiden und nicht aufdringlich, aber wenn sie fehlen, ist der Gesamteindruck nicht derselbe. Sie sind die subtile Kraft in...\" \/>\n<meta property=\"og:url\" content=\"https:\/\/radis.ee\/de\/anrichte-noble-4-turen\/\" \/>\n<meta property=\"og:site_name\" content=\"Radis\" \/>\n<meta property=\"article:publisher\" content=\"https:\/\/www.facebook.com\/radisfurniture\/\" \/>\n<meta property=\"article:modified_time\" content=\"2026-02-09T20:46:44+00:00\" \/>\n<meta property=\"og:image\" content=\"https:\/\/radis.ee\/wp-content\/uploads\/2022\/10\/Radis_sideboard_NOBLE_4doors_Oak_veneered_white_background.jpg\" \/>\n\t<meta property=\"og:image:width\" content=\"1360\" \/>\n\t<meta property=\"og:image:height\" content=\"1620\" \/>\n\t<meta property=\"og:image:type\" content=\"image\/jpeg\" \/>\n<meta name=\"twitter:card\" content=\"summary_large_image\" \/>\n<meta name=\"twitter:label1\" content=\"Gesch\u00e4tzte Lesezeit\" \/>\n\t<meta name=\"twitter:data1\" content=\"1\u00a0Minute\" \/>\n<script type=\"application\/ld+json\" class=\"yoast-schema-graph\">{\"@context\":\"https:\\\/\\\/schema.org\",\"@graph\":[{\"@type\":\"WebPage\",\"@id\":\"https:\\\/\\\/radis.ee\\\/de\\\/anrichte-noble-4-turen\\\/\",\"url\":\"https:\\\/\\\/radis.ee\\\/de\\\/anrichte-noble-4-turen\\\/\",\"name\":\"Anrichte NOBLE 4 T\u00fcren - Radis\",\"isPartOf\":{\"@id\":\"https:\\\/\\\/radis.ee\\\/#website\"},\"primaryImageOfPage\":{\"@id\":\"https:\\\/\\\/radis.ee\\\/de\\\/anrichte-noble-4-turen\\\/#primaryimage\"},\"image\":{\"@id\":\"https:\\\/\\\/radis.ee\\\/de\\\/anrichte-noble-4-turen\\\/#primaryimage\"},\"thumbnailUrl\":\"https:\\\/\\\/radis.ee\\\/wp-content\\\/uploads\\\/2022\\\/10\\\/Radis_sideboard_NOBLE_4doors_Oak_veneered_white_background.jpg\",\"datePublished\":\"2022-10-24T14:52:56+00:00\",\"dateModified\":\"2026-02-09T20:46:44+00:00\",\"breadcrumb\":{\"@id\":\"https:\\\/\\\/radis.ee\\\/de\\\/anrichte-noble-4-turen\\\/#breadcrumb\"},\"inLanguage\":\"de\",\"potentialAction\":[{\"@type\":\"ReadAction\",\"target\":[\"https:\\\/\\\/radis.ee\\\/de\\\/anrichte-noble-4-turen\\\/\"]}]},{\"@type\":\"ImageObject\",\"inLanguage\":\"de\",\"@id\":\"https:\\\/\\\/radis.ee\\\/de\\\/anrichte-noble-4-turen\\\/#primaryimage\",\"url\":\"https:\\\/\\\/radis.ee\\\/wp-content\\\/uploads\\\/2022\\\/10\\\/Radis_sideboard_NOBLE_4doors_Oak_veneered_white_background.jpg\",\"contentUrl\":\"https:\\\/\\\/radis.ee\\\/wp-content\\\/uploads\\\/2022\\\/10\\\/Radis_sideboard_NOBLE_4doors_Oak_veneered_white_background.jpg\",\"width\":1360,\"height\":1620,\"caption\":\"Radis sideboard NOBLE with 4 doors Oak veneered\"},{\"@type\":\"BreadcrumbList\",\"@id\":\"https:\\\/\\\/radis.ee\\\/de\\\/anrichte-noble-4-turen\\\/#breadcrumb\",\"itemListElement\":[{\"@type\":\"ListItem\",\"position\":1,\"name\":\"Home\",\"item\":\"https:\\\/\\\/radis.ee\\\/\"},{\"@type\":\"ListItem\",\"position\":2,\"name\":\"Produkte\",\"item\":\"https:\\\/\\\/radis.ee\\\/de\\\/produkte\\\/\"},{\"@type\":\"ListItem\",\"position\":3,\"name\":\"Anrichte NOBLE 4 T\u00fcren\"}]},{\"@type\":\"WebSite\",\"@id\":\"https:\\\/\\\/radis.ee\\\/#website\",\"url\":\"https:\\\/\\\/radis.ee\\\/\",\"name\":\"Radis\",\"description\":\"Nordic design furniture, environmentally friendly and sustainable.\",\"publisher\":{\"@id\":\"https:\\\/\\\/radis.ee\\\/#organization\"},\"potentialAction\":[{\"@type\":\"SearchAction\",\"target\":{\"@type\":\"EntryPoint\",\"urlTemplate\":\"https:\\\/\\\/radis.ee\\\/?s={search_term_string}\"},\"query-input\":{\"@type\":\"PropertyValueSpecification\",\"valueRequired\":true,\"valueName\":\"search_term_string\"}}],\"inLanguage\":\"de\"},{\"@type\":\"Organization\",\"@id\":\"https:\\\/\\\/radis.ee\\\/#organization\",\"name\":\"Radis O\u00dc\",\"url\":\"https:\\\/\\\/radis.ee\\\/\",\"logo\":{\"@type\":\"ImageObject\",\"inLanguage\":\"de\",\"@id\":\"https:\\\/\\\/radis.ee\\\/#\\\/schema\\\/logo\\\/image\\\/\",\"url\":\"https:\\\/\\\/radis.ee\\\/wp-content\\\/uploads\\\/2020\\\/10\\\/Radis-logo.png\",\"contentUrl\":\"https:\\\/\\\/radis.ee\\\/wp-content\\\/uploads\\\/2020\\\/10\\\/Radis-logo.png\",\"width\":300,\"height\":63,\"caption\":\"Radis O\u00dc\"},\"image\":{\"@id\":\"https:\\\/\\\/radis.ee\\\/#\\\/schema\\\/logo\\\/image\\\/\"},\"sameAs\":[\"https:\\\/\\\/www.facebook.com\\\/radisfurniture\\\/\"]}]}<\/script>\n<!-- \/ Yoast SEO plugin. -->","yoast_head_json":{"title":"Anrichte NOBLE 4 T\u00fcren - Radis","robots":{"index":"index","follow":"follow","max-snippet":"max-snippet:-1","max-image-preview":"max-image-preview:large","max-video-preview":"max-video-preview:-1"},"canonical":"https:\/\/radis.ee\/de\/anrichte-noble-4-turen\/","og_locale":"de_DE","og_type":"article","og_title":"Anrichte NOBLE 4 T\u00fcren - Radis","og_description":"Das NOBLE 4-t\u00fcrige Sideboard ist eine elegante und ger\u00e4umige Aufbewahrungsl\u00f6sung aus hochwertigem, eichenfurniertem Birkensperrholz, ausgestattet mit Soft-Close-Scharnieren und eleganten schwarzen Metallbeinen, die jedem Raum eine anspruchsvolle nordische Note verleihen. NOBLE Sideboards sind wie gro\u00dfe Background-S\u00e4nger &#8211; bescheiden und nicht aufdringlich, aber wenn sie fehlen, ist der Gesamteindruck nicht derselbe. Sie sind die subtile Kraft in...","og_url":"https:\/\/radis.ee\/de\/anrichte-noble-4-turen\/","og_site_name":"Radis","article_publisher":"https:\/\/www.facebook.com\/radisfurniture\/","article_modified_time":"2026-02-09T20:46:44+00:00","og_image":[{"width":1360,"height":1620,"url":"https:\/\/radis.ee\/wp-content\/uploads\/2022\/10\/Radis_sideboard_NOBLE_4doors_Oak_veneered_white_background.jpg","type":"image\/jpeg"}],"twitter_card":"summary_large_image","twitter_misc":{"Gesch\u00e4tzte Lesezeit":"1\u00a0Minute"},"schema":{"@context":"https:\/\/schema.org","@graph":[{"@type":"WebPage","@id":"https:\/\/radis.ee\/de\/anrichte-noble-4-turen\/","url":"https:\/\/radis.ee\/de\/anrichte-noble-4-turen\/","name":"Anrichte NOBLE 4 T\u00fcren - Radis","isPartOf":{"@id":"https:\/\/radis.ee\/#website"},"primaryImageOfPage":{"@id":"https:\/\/radis.ee\/de\/anrichte-noble-4-turen\/#primaryimage"},"image":{"@id":"https:\/\/radis.ee\/de\/anrichte-noble-4-turen\/#primaryimage"},"thumbnailUrl":"https:\/\/radis.ee\/wp-content\/uploads\/2022\/10\/Radis_sideboard_NOBLE_4doors_Oak_veneered_white_background.jpg","datePublished":"2022-10-24T14:52:56+00:00","dateModified":"2026-02-09T20:46:44+00:00","breadcrumb":{"@id":"https:\/\/radis.ee\/de\/anrichte-noble-4-turen\/#breadcrumb"},"inLanguage":"de","potentialAction":[{"@type":"ReadAction","target":["https:\/\/radis.ee\/de\/anrichte-noble-4-turen\/"]}]},{"@type":"ImageObject","inLanguage":"de","@id":"https:\/\/radis.ee\/de\/anrichte-noble-4-turen\/#primaryimage","url":"https:\/\/radis.ee\/wp-content\/uploads\/2022\/10\/Radis_sideboard_NOBLE_4doors_Oak_veneered_white_background.jpg","contentUrl":"https:\/\/radis.ee\/wp-content\/uploads\/2022\/10\/Radis_sideboard_NOBLE_4doors_Oak_veneered_white_background.jpg","width":1360,"height":1620,"caption":"Radis sideboard NOBLE with 4 doors Oak veneered"},{"@type":"BreadcrumbList","@id":"https:\/\/radis.ee\/de\/anrichte-noble-4-turen\/#breadcrumb","itemListElement":[{"@type":"ListItem","position":1,"name":"Home","item":"https:\/\/radis.ee\/"},{"@type":"ListItem","position":2,"name":"Produkte","item":"https:\/\/radis.ee\/de\/produkte\/"},{"@type":"ListItem","position":3,"name":"Anrichte NOBLE 4 T\u00fcren"}]},{"@type":"WebSite","@id":"https:\/\/radis.ee\/#website","url":"https:\/\/radis.ee\/","name":"Radis","description":"Nordic design furniture, environmentally friendly and sustainable.","publisher":{"@id":"https:\/\/radis.ee\/#organization"},"potentialAction":[{"@type":"SearchAction","target":{"@type":"EntryPoint","urlTemplate":"https:\/\/radis.ee\/?s={search_term_string}"},"query-input":{"@type":"PropertyValueSpecification","valueRequired":true,"valueName":"search_term_string"}}],"inLanguage":"de"},{"@type":"Organization","@id":"https:\/\/radis.ee\/#organization","name":"Radis O\u00dc","url":"https:\/\/radis.ee\/","logo":{"@type":"ImageObject","inLanguage":"de","@id":"https:\/\/radis.ee\/#\/schema\/logo\/image\/","url":"https:\/\/radis.ee\/wp-content\/uploads\/2020\/10\/Radis-logo.png","contentUrl":"https:\/\/radis.ee\/wp-content\/uploads\/2020\/10\/Radis-logo.png","width":300,"height":63,"caption":"Radis O\u00dc"},"image":{"@id":"https:\/\/radis.ee\/#\/schema\/logo\/image\/"},"sameAs":["https:\/\/www.facebook.com\/radisfurniture\/"]}]}},"_links":{"self":[{"href":"https:\/\/radis.ee\/de\/wp-json\/wp\/v2\/product\/18110","targetHints":{"allow":["GET"]}}],"collection":[{"href":"https:\/\/radis.ee\/de\/wp-json\/wp\/v2\/product"}],"about":[{"href":"https:\/\/radis.ee\/de\/wp-json\/wp\/v2\/types\/product"}],"replies":[{"embeddable":true,"href":"https:\/\/radis.ee\/de\/wp-json\/wp\/v2\/comments?post=18110"}],"wp:featuredmedia":[{"embeddable":true,"href":"https:\/\/radis.ee\/de\/wp-json\/wp\/v2\/media\/18387"}],"wp:attachment":[{"href":"https:\/\/radis.ee\/de\/wp-json\/wp\/v2\/media?parent=18110"}],"wp:term":[{"taxonomy":"product_brand","embeddable":true,"href":"https:\/\/radis.ee\/de\/wp-json\/wp\/v2\/product_brand?post=18110"},{"taxonomy":"product_cat","embeddable":true,"href":"https:\/\/radis.ee\/de\/wp-json\/wp\/v2\/product_cat?post=18110"},{"taxonomy":"product_tag","embeddable":true,"href":"https:\/\/radis.ee\/de\/wp-json\/wp\/v2\/product_tag?post=18110"}],"curies":[{"name":"wp","href":"https:\/\/api.w.org\/{rel}","templated":true}]}}