{"id":1826,"date":"2020-10-09T20:22:59","date_gmt":"2020-10-09T17:22:59","guid":{"rendered":"https:\/\/radis.ee\/?post_type=product&#038;p=1826"},"modified":"2024-01-30T21:57:31","modified_gmt":"2024-01-30T19:57:31","slug":"anrichte-romb-4x2","status":"publish","type":"product","link":"https:\/\/radis.ee\/de\/anrichte-romb-4x2\/","title":{"rendered":"Anrichte ROMB 4&#215;2"},"content":{"rendered":"<p>Viele wissen es nicht, aber die Sch\u00f6nheit einer Anrichte hat doch ihre Grenzen. So darf es zum Beispiel eine sch\u00f6nere Anrichte als diese nicht mehr geben. Sehen Sie selbst! Hinter die r\u00e4tselhaften Muster der T\u00fcren k\u00f6nnen nur Sie sehen.<\/p>\n<p>Die Innenh\u00f6he der Regale betr\u00e4gt 33 cm und eignet sich somit auch f\u00fcr das B\u00fcro zur Unterbringung von Ordnern. Aus hochwertigem Birkensperrholz, \u00f6lgewachst oder HPL-Sperrholz, push2open-T\u00fcrscharniere, die mit Druck \u00f6ffnen und schlie\u00dfen.<\/p>\n<p>Das Muster auf den T\u00fcren ist eingraviert. Hinter den T\u00fcren 3 Fachb\u00f6den 67 cm breit. Untergeschoss 8 cm hoch, passend f\u00fcr verschiedene Sockelleisten.<\/p>\n","protected":false},"excerpt":{"rendered":"<p>Viele wissen es nicht, aber die Sch\u00f6nheit einer Anrichte hat doch ihre Grenzen. So darf es zum Beispiel eine sch\u00f6nere Anrichte als diese nicht mehr geben. Sehen Sie selbst! Hinter die r\u00e4tselhaften Muster der T\u00fcren k\u00f6nnen nur Sie sehen. Die Innenh\u00f6he der Regale betr\u00e4gt 33 cm und eignet sich somit auch f\u00fcr das B\u00fcro zur&#8230;<\/p>\n","protected":false},"featured_media":12783,"comment_status":"open","ping_status":"closed","template":"","meta":{"_acf_changed":false},"product_brand":[],"product_cat":[17],"product_tag":[],"class_list":{"0":"post-1826","1":"product","2":"type-product","3":"status-publish","4":"has-post-thumbnail","6":"product_cat-kummutid","8":"first","9":"instock","10":"taxable","11":"shipping-taxable","12":"purchasable","13":"product-type-variable","14":"has-default-attributes"},"acf":[],"yoast_head":"<!-- This site is optimized with the Yoast SEO plugin v27.4 - https:\/\/yoast.com\/product\/yoast-seo-wordpress\/ -->\n<title>Anrichte ROMB 4x2 - Radis<\/title>\n<meta name=\"robots\" content=\"index, follow, max-snippet:-1, max-image-preview:large, max-video-preview:-1\" \/>\n<link rel=\"canonical\" href=\"https:\/\/radis.ee\/de\/anrichte-romb-4x2\/\" \/>\n<meta property=\"og:locale\" content=\"de_DE\" \/>\n<meta property=\"og:type\" content=\"article\" \/>\n<meta property=\"og:title\" content=\"Anrichte ROMB 4x2 - Radis\" \/>\n<meta property=\"og:description\" content=\"Viele wissen es nicht, aber die Sch\u00f6nheit einer Anrichte hat doch ihre Grenzen. So darf es zum Beispiel eine sch\u00f6nere Anrichte als diese nicht mehr geben. Sehen Sie selbst! Hinter die r\u00e4tselhaften Muster der T\u00fcren k\u00f6nnen nur Sie sehen. Die Innenh\u00f6he der Regale betr\u00e4gt 33 cm und eignet sich somit auch f\u00fcr das B\u00fcro zur...\" \/>\n<meta property=\"og:url\" content=\"https:\/\/radis.ee\/de\/anrichte-romb-4x2\/\" \/>\n<meta property=\"og:site_name\" content=\"Radis\" \/>\n<meta property=\"article:publisher\" content=\"https:\/\/www.facebook.com\/radisfurniture\/\" \/>\n<meta property=\"article:modified_time\" content=\"2024-01-30T19:57:31+00:00\" \/>\n<meta property=\"og:image\" content=\"https:\/\/radis.ee\/wp-content\/uploads\/2020\/10\/RADIS_sideboards_ROMB_4x2_white_CPL_plywood.jpg\" \/>\n\t<meta property=\"og:image:width\" content=\"2560\" \/>\n\t<meta property=\"og:image:height\" content=\"1920\" \/>\n\t<meta property=\"og:image:type\" content=\"image\/jpeg\" \/>\n<meta name=\"twitter:card\" content=\"summary_large_image\" \/>\n<meta name=\"twitter:label1\" content=\"Gesch\u00e4tzte Lesezeit\" \/>\n\t<meta name=\"twitter:data1\" content=\"1\u00a0Minute\" \/>\n<script type=\"application\/ld+json\" class=\"yoast-schema-graph\">{\"@context\":\"https:\\\/\\\/schema.org\",\"@graph\":[{\"@type\":\"WebPage\",\"@id\":\"https:\\\/\\\/radis.ee\\\/de\\\/anrichte-romb-4x2\\\/\",\"url\":\"https:\\\/\\\/radis.ee\\\/de\\\/anrichte-romb-4x2\\\/\",\"name\":\"Anrichte ROMB 4x2 - Radis\",\"isPartOf\":{\"@id\":\"https:\\\/\\\/radis.ee\\\/#website\"},\"primaryImageOfPage\":{\"@id\":\"https:\\\/\\\/radis.ee\\\/de\\\/anrichte-romb-4x2\\\/#primaryimage\"},\"image\":{\"@id\":\"https:\\\/\\\/radis.ee\\\/de\\\/anrichte-romb-4x2\\\/#primaryimage\"},\"thumbnailUrl\":\"https:\\\/\\\/radis.ee\\\/wp-content\\\/uploads\\\/2020\\\/10\\\/RADIS_sideboards_ROMB_4x2_white_CPL_plywood.jpg\",\"datePublished\":\"2020-10-09T17:22:59+00:00\",\"dateModified\":\"2024-01-30T19:57:31+00:00\",\"breadcrumb\":{\"@id\":\"https:\\\/\\\/radis.ee\\\/de\\\/anrichte-romb-4x2\\\/#breadcrumb\"},\"inLanguage\":\"de\",\"potentialAction\":[{\"@type\":\"ReadAction\",\"target\":[\"https:\\\/\\\/radis.ee\\\/de\\\/anrichte-romb-4x2\\\/\"]}]},{\"@type\":\"ImageObject\",\"inLanguage\":\"de\",\"@id\":\"https:\\\/\\\/radis.ee\\\/de\\\/anrichte-romb-4x2\\\/#primaryimage\",\"url\":\"https:\\\/\\\/radis.ee\\\/wp-content\\\/uploads\\\/2020\\\/10\\\/RADIS_sideboards_ROMB_4x2_white_CPL_plywood.jpg\",\"contentUrl\":\"https:\\\/\\\/radis.ee\\\/wp-content\\\/uploads\\\/2020\\\/10\\\/RADIS_sideboards_ROMB_4x2_white_CPL_plywood.jpg\",\"width\":2560,\"height\":1920,\"caption\":\"Radis sideboard ROMB 4x2 White CPL\"},{\"@type\":\"BreadcrumbList\",\"@id\":\"https:\\\/\\\/radis.ee\\\/de\\\/anrichte-romb-4x2\\\/#breadcrumb\",\"itemListElement\":[{\"@type\":\"ListItem\",\"position\":1,\"name\":\"Home\",\"item\":\"https:\\\/\\\/radis.ee\\\/\"},{\"@type\":\"ListItem\",\"position\":2,\"name\":\"Produkte\",\"item\":\"https:\\\/\\\/radis.ee\\\/de\\\/produkte\\\/\"},{\"@type\":\"ListItem\",\"position\":3,\"name\":\"Anrichte ROMB 4&#215;2\"}]},{\"@type\":\"WebSite\",\"@id\":\"https:\\\/\\\/radis.ee\\\/#website\",\"url\":\"https:\\\/\\\/radis.ee\\\/\",\"name\":\"Radis\",\"description\":\"Nordic design furniture, environmentally friendly and sustainable.\",\"publisher\":{\"@id\":\"https:\\\/\\\/radis.ee\\\/#organization\"},\"potentialAction\":[{\"@type\":\"SearchAction\",\"target\":{\"@type\":\"EntryPoint\",\"urlTemplate\":\"https:\\\/\\\/radis.ee\\\/?s={search_term_string}\"},\"query-input\":{\"@type\":\"PropertyValueSpecification\",\"valueRequired\":true,\"valueName\":\"search_term_string\"}}],\"inLanguage\":\"de\"},{\"@type\":\"Organization\",\"@id\":\"https:\\\/\\\/radis.ee\\\/#organization\",\"name\":\"Radis O\u00dc\",\"url\":\"https:\\\/\\\/radis.ee\\\/\",\"logo\":{\"@type\":\"ImageObject\",\"inLanguage\":\"de\",\"@id\":\"https:\\\/\\\/radis.ee\\\/#\\\/schema\\\/logo\\\/image\\\/\",\"url\":\"https:\\\/\\\/radis.ee\\\/wp-content\\\/uploads\\\/2020\\\/10\\\/Radis-logo.png\",\"contentUrl\":\"https:\\\/\\\/radis.ee\\\/wp-content\\\/uploads\\\/2020\\\/10\\\/Radis-logo.png\",\"width\":300,\"height\":63,\"caption\":\"Radis O\u00dc\"},\"image\":{\"@id\":\"https:\\\/\\\/radis.ee\\\/#\\\/schema\\\/logo\\\/image\\\/\"},\"sameAs\":[\"https:\\\/\\\/www.facebook.com\\\/radisfurniture\\\/\"]}]}<\/script>\n<!-- \/ Yoast SEO plugin. -->","yoast_head_json":{"title":"Anrichte ROMB 4x2 - Radis","robots":{"index":"index","follow":"follow","max-snippet":"max-snippet:-1","max-image-preview":"max-image-preview:large","max-video-preview":"max-video-preview:-1"},"canonical":"https:\/\/radis.ee\/de\/anrichte-romb-4x2\/","og_locale":"de_DE","og_type":"article","og_title":"Anrichte ROMB 4x2 - Radis","og_description":"Viele wissen es nicht, aber die Sch\u00f6nheit einer Anrichte hat doch ihre Grenzen. So darf es zum Beispiel eine sch\u00f6nere Anrichte als diese nicht mehr geben. Sehen Sie selbst! Hinter die r\u00e4tselhaften Muster der T\u00fcren k\u00f6nnen nur Sie sehen. Die Innenh\u00f6he der Regale betr\u00e4gt 33 cm und eignet sich somit auch f\u00fcr das B\u00fcro zur...","og_url":"https:\/\/radis.ee\/de\/anrichte-romb-4x2\/","og_site_name":"Radis","article_publisher":"https:\/\/www.facebook.com\/radisfurniture\/","article_modified_time":"2024-01-30T19:57:31+00:00","og_image":[{"width":2560,"height":1920,"url":"https:\/\/radis.ee\/wp-content\/uploads\/2020\/10\/RADIS_sideboards_ROMB_4x2_white_CPL_plywood.jpg","type":"image\/jpeg"}],"twitter_card":"summary_large_image","twitter_misc":{"Gesch\u00e4tzte Lesezeit":"1\u00a0Minute"},"schema":{"@context":"https:\/\/schema.org","@graph":[{"@type":"WebPage","@id":"https:\/\/radis.ee\/de\/anrichte-romb-4x2\/","url":"https:\/\/radis.ee\/de\/anrichte-romb-4x2\/","name":"Anrichte ROMB 4x2 - Radis","isPartOf":{"@id":"https:\/\/radis.ee\/#website"},"primaryImageOfPage":{"@id":"https:\/\/radis.ee\/de\/anrichte-romb-4x2\/#primaryimage"},"image":{"@id":"https:\/\/radis.ee\/de\/anrichte-romb-4x2\/#primaryimage"},"thumbnailUrl":"https:\/\/radis.ee\/wp-content\/uploads\/2020\/10\/RADIS_sideboards_ROMB_4x2_white_CPL_plywood.jpg","datePublished":"2020-10-09T17:22:59+00:00","dateModified":"2024-01-30T19:57:31+00:00","breadcrumb":{"@id":"https:\/\/radis.ee\/de\/anrichte-romb-4x2\/#breadcrumb"},"inLanguage":"de","potentialAction":[{"@type":"ReadAction","target":["https:\/\/radis.ee\/de\/anrichte-romb-4x2\/"]}]},{"@type":"ImageObject","inLanguage":"de","@id":"https:\/\/radis.ee\/de\/anrichte-romb-4x2\/#primaryimage","url":"https:\/\/radis.ee\/wp-content\/uploads\/2020\/10\/RADIS_sideboards_ROMB_4x2_white_CPL_plywood.jpg","contentUrl":"https:\/\/radis.ee\/wp-content\/uploads\/2020\/10\/RADIS_sideboards_ROMB_4x2_white_CPL_plywood.jpg","width":2560,"height":1920,"caption":"Radis sideboard ROMB 4x2 White CPL"},{"@type":"BreadcrumbList","@id":"https:\/\/radis.ee\/de\/anrichte-romb-4x2\/#breadcrumb","itemListElement":[{"@type":"ListItem","position":1,"name":"Home","item":"https:\/\/radis.ee\/"},{"@type":"ListItem","position":2,"name":"Produkte","item":"https:\/\/radis.ee\/de\/produkte\/"},{"@type":"ListItem","position":3,"name":"Anrichte ROMB 4&#215;2"}]},{"@type":"WebSite","@id":"https:\/\/radis.ee\/#website","url":"https:\/\/radis.ee\/","name":"Radis","description":"Nordic design furniture, environmentally friendly and sustainable.","publisher":{"@id":"https:\/\/radis.ee\/#organization"},"potentialAction":[{"@type":"SearchAction","target":{"@type":"EntryPoint","urlTemplate":"https:\/\/radis.ee\/?s={search_term_string}"},"query-input":{"@type":"PropertyValueSpecification","valueRequired":true,"valueName":"search_term_string"}}],"inLanguage":"de"},{"@type":"Organization","@id":"https:\/\/radis.ee\/#organization","name":"Radis O\u00dc","url":"https:\/\/radis.ee\/","logo":{"@type":"ImageObject","inLanguage":"de","@id":"https:\/\/radis.ee\/#\/schema\/logo\/image\/","url":"https:\/\/radis.ee\/wp-content\/uploads\/2020\/10\/Radis-logo.png","contentUrl":"https:\/\/radis.ee\/wp-content\/uploads\/2020\/10\/Radis-logo.png","width":300,"height":63,"caption":"Radis O\u00dc"},"image":{"@id":"https:\/\/radis.ee\/#\/schema\/logo\/image\/"},"sameAs":["https:\/\/www.facebook.com\/radisfurniture\/"]}]}},"_links":{"self":[{"href":"https:\/\/radis.ee\/de\/wp-json\/wp\/v2\/product\/1826","targetHints":{"allow":["GET"]}}],"collection":[{"href":"https:\/\/radis.ee\/de\/wp-json\/wp\/v2\/product"}],"about":[{"href":"https:\/\/radis.ee\/de\/wp-json\/wp\/v2\/types\/product"}],"replies":[{"embeddable":true,"href":"https:\/\/radis.ee\/de\/wp-json\/wp\/v2\/comments?post=1826"}],"wp:featuredmedia":[{"embeddable":true,"href":"https:\/\/radis.ee\/de\/wp-json\/wp\/v2\/media\/12783"}],"wp:attachment":[{"href":"https:\/\/radis.ee\/de\/wp-json\/wp\/v2\/media?parent=1826"}],"wp:term":[{"taxonomy":"product_brand","embeddable":true,"href":"https:\/\/radis.ee\/de\/wp-json\/wp\/v2\/product_brand?post=1826"},{"taxonomy":"product_cat","embeddable":true,"href":"https:\/\/radis.ee\/de\/wp-json\/wp\/v2\/product_cat?post=1826"},{"taxonomy":"product_tag","embeddable":true,"href":"https:\/\/radis.ee\/de\/wp-json\/wp\/v2\/product_tag?post=1826"}],"curies":[{"name":"wp","href":"https:\/\/api.w.org\/{rel}","templated":true}]}}