{"id":18709,"date":"2022-10-15T16:33:10","date_gmt":"2022-10-27T17:33:17","guid":{"rendered":"https:\/\/radis.ee\/?post_type=product&#038;p=18709"},"modified":"2024-03-05T19:39:24","modified_gmt":"2024-03-05T17:39:24","slug":"regal-step-l","status":"publish","type":"product","link":"https:\/\/radis.ee\/de\/regal-step-l\/","title":{"rendered":"Regal STEP L"},"content":{"rendered":"<p>Gehen Sie mit STEP Regal in die Zukunft. Diagonale Winkel verleihen ihm ein echtes futuristisches Gef\u00fchl. Die intermittierenden Regale und T\u00fcren bilden ein gro\u00dfartiges geometrisches Spiel und bieten Ihnen Optionen \u2013 Sie k\u00f6nnen einige Dinge zeigen, aber einige aus den Augen lassen. STEP ist in vier verschiedenen Breiten und mehreren verschiedenen H\u00f6hen erh\u00e4ltlich. Finden Sie Ihren perfekten STEP!<\/p>\n<p>Jeder Regalplatz hat auch einen Schrank mit einer T\u00fcr, deren \u00d6ffnungsrichtung Sie f\u00fcr jeden Schrank bestimmen k\u00f6nnen, wenn Sie das Regal als Raumteiler verwenden. Der Abstand der B\u00f6den betr\u00e4gt 33 cm, so dass auch h\u00f6here Ordner und B\u00fccher hineinpassen. Die innere Breite des Schranks betr\u00e4gt 33 cm. Ein 8 cm hoher Sockel, der gut zu allen Sockelleisten passt.<\/p>\n<p>Hergestellt aus 15 mm dickem Birkensperrholz oder Eiche furniert, \u00f6lgewachst, auch wei\u00df HPL-beschichtet und Forescolor-Valchromat (organisch durchgef\u00e4rbte Holzfaserplatte). T\u00fcrscharniere mit Soft-Close-Funktion.<\/p>\n","protected":false},"excerpt":{"rendered":"<p>Gehen Sie mit STEP Regal in die Zukunft. Diagonale Winkel verleihen ihm ein echtes futuristisches Gef\u00fchl. Die intermittierenden Regale und T\u00fcren bilden ein gro\u00dfartiges geometrisches Spiel und bieten Ihnen Optionen \u2013 Sie k\u00f6nnen einige Dinge zeigen, aber einige aus den Augen lassen. STEP ist in vier verschiedenen Breiten und mehreren verschiedenen H\u00f6hen erh\u00e4ltlich. Finden Sie&#8230;<\/p>\n","protected":false},"featured_media":24102,"comment_status":"open","ping_status":"closed","template":"","meta":{"_acf_changed":false},"product_brand":[],"product_cat":[109],"product_tag":[],"class_list":{"0":"post-18709","1":"product","2":"type-product","3":"status-publish","4":"has-post-thumbnail","6":"product_cat-riiulid","8":"first","9":"instock","10":"taxable","11":"shipping-taxable","12":"purchasable","13":"product-type-variable","14":"has-default-attributes"},"acf":[],"yoast_head":"<!-- This site is optimized with the Yoast SEO plugin v27.3 - https:\/\/yoast.com\/product\/yoast-seo-wordpress\/ -->\n<title>Regal STEP L - Radis<\/title>\n<meta name=\"robots\" content=\"index, follow, max-snippet:-1, max-image-preview:large, max-video-preview:-1\" \/>\n<link rel=\"canonical\" href=\"https:\/\/radis.ee\/riiul-step-l\/\" \/>\n<meta property=\"og:locale\" content=\"de_DE\" \/>\n<meta property=\"og:type\" content=\"article\" \/>\n<meta property=\"og:title\" content=\"Regal STEP L - Radis\" \/>\n<meta property=\"og:description\" content=\"Gehen Sie mit STEP Regal in die Zukunft. Diagonale Winkel verleihen ihm ein echtes futuristisches Gef\u00fchl. Die intermittierenden Regale und T\u00fcren bilden ein gro\u00dfartiges geometrisches Spiel und bieten Ihnen Optionen \u2013 Sie k\u00f6nnen einige Dinge zeigen, aber einige aus den Augen lassen. STEP ist in vier verschiedenen Breiten und mehreren verschiedenen H\u00f6hen erh\u00e4ltlich. Finden Sie...\" \/>\n<meta property=\"og:url\" content=\"https:\/\/radis.ee\/riiul-step-l\/\" \/>\n<meta property=\"og:site_name\" content=\"Radis\" \/>\n<meta property=\"article:publisher\" content=\"https:\/\/www.facebook.com\/radisfurniture\/\" \/>\n<meta property=\"article:modified_time\" content=\"2024-03-05T17:39:24+00:00\" \/>\n<meta property=\"og:image\" content=\"https:\/\/radis.ee\/wp-content\/uploads\/2022\/10\/RADIS_shelf_STEP_L_oak_veneered_white_background_2.jpg\" \/>\n\t<meta property=\"og:image:width\" content=\"741\" \/>\n\t<meta property=\"og:image:height\" content=\"882\" \/>\n\t<meta property=\"og:image:type\" content=\"image\/jpeg\" \/>\n<meta name=\"twitter:card\" content=\"summary_large_image\" \/>\n<meta name=\"twitter:label1\" content=\"Gesch\u00e4tzte Lesezeit\" \/>\n\t<meta name=\"twitter:data1\" content=\"1\u00a0Minute\" \/>\n<script type=\"application\/ld+json\" class=\"yoast-schema-graph\">{\"@context\":\"https:\\\/\\\/schema.org\",\"@graph\":[{\"@type\":\"WebPage\",\"@id\":\"https:\\\/\\\/radis.ee\\\/riiul-step-l\\\/\",\"url\":\"https:\\\/\\\/radis.ee\\\/riiul-step-l\\\/\",\"name\":\"Regal STEP L - Radis\",\"isPartOf\":{\"@id\":\"https:\\\/\\\/radis.ee\\\/#website\"},\"primaryImageOfPage\":{\"@id\":\"https:\\\/\\\/radis.ee\\\/riiul-step-l\\\/#primaryimage\"},\"image\":{\"@id\":\"https:\\\/\\\/radis.ee\\\/riiul-step-l\\\/#primaryimage\"},\"thumbnailUrl\":\"https:\\\/\\\/radis.ee\\\/wp-content\\\/uploads\\\/2022\\\/10\\\/RADIS_shelf_STEP_L_oak_veneered_white_background_2.jpg\",\"datePublished\":\"2022-10-27T17:33:17+00:00\",\"dateModified\":\"2024-03-05T17:39:24+00:00\",\"breadcrumb\":{\"@id\":\"https:\\\/\\\/radis.ee\\\/riiul-step-l\\\/#breadcrumb\"},\"inLanguage\":\"de\",\"potentialAction\":[{\"@type\":\"ReadAction\",\"target\":[\"https:\\\/\\\/radis.ee\\\/riiul-step-l\\\/\"]}]},{\"@type\":\"ImageObject\",\"inLanguage\":\"de\",\"@id\":\"https:\\\/\\\/radis.ee\\\/riiul-step-l\\\/#primaryimage\",\"url\":\"https:\\\/\\\/radis.ee\\\/wp-content\\\/uploads\\\/2022\\\/10\\\/RADIS_shelf_STEP_L_oak_veneered_white_background_2.jpg\",\"contentUrl\":\"https:\\\/\\\/radis.ee\\\/wp-content\\\/uploads\\\/2022\\\/10\\\/RADIS_shelf_STEP_L_oak_veneered_white_background_2.jpg\",\"width\":741,\"height\":882,\"caption\":\"Radis shelf STEP L Oak veneeered plywood\"},{\"@type\":\"BreadcrumbList\",\"@id\":\"https:\\\/\\\/radis.ee\\\/riiul-step-l\\\/#breadcrumb\",\"itemListElement\":[{\"@type\":\"ListItem\",\"position\":1,\"name\":\"Home\",\"item\":\"https:\\\/\\\/radis.ee\\\/\"},{\"@type\":\"ListItem\",\"position\":2,\"name\":\"Produkte\",\"item\":\"https:\\\/\\\/radis.ee\\\/de\\\/produkte\\\/\"},{\"@type\":\"ListItem\",\"position\":3,\"name\":\"Regal STEP L\"}]},{\"@type\":\"WebSite\",\"@id\":\"https:\\\/\\\/radis.ee\\\/#website\",\"url\":\"https:\\\/\\\/radis.ee\\\/\",\"name\":\"Radis\",\"description\":\"Nordic design furniture, environmentally friendly and sustainable.\",\"publisher\":{\"@id\":\"https:\\\/\\\/radis.ee\\\/#organization\"},\"potentialAction\":[{\"@type\":\"SearchAction\",\"target\":{\"@type\":\"EntryPoint\",\"urlTemplate\":\"https:\\\/\\\/radis.ee\\\/?s={search_term_string}\"},\"query-input\":{\"@type\":\"PropertyValueSpecification\",\"valueRequired\":true,\"valueName\":\"search_term_string\"}}],\"inLanguage\":\"de\"},{\"@type\":\"Organization\",\"@id\":\"https:\\\/\\\/radis.ee\\\/#organization\",\"name\":\"Radis O\u00dc\",\"url\":\"https:\\\/\\\/radis.ee\\\/\",\"logo\":{\"@type\":\"ImageObject\",\"inLanguage\":\"de\",\"@id\":\"https:\\\/\\\/radis.ee\\\/#\\\/schema\\\/logo\\\/image\\\/\",\"url\":\"https:\\\/\\\/radis.ee\\\/wp-content\\\/uploads\\\/2020\\\/10\\\/Radis-logo.png\",\"contentUrl\":\"https:\\\/\\\/radis.ee\\\/wp-content\\\/uploads\\\/2020\\\/10\\\/Radis-logo.png\",\"width\":300,\"height\":63,\"caption\":\"Radis O\u00dc\"},\"image\":{\"@id\":\"https:\\\/\\\/radis.ee\\\/#\\\/schema\\\/logo\\\/image\\\/\"},\"sameAs\":[\"https:\\\/\\\/www.facebook.com\\\/radisfurniture\\\/\"]}]}<\/script>\n<!-- \/ Yoast SEO plugin. -->","yoast_head_json":{"title":"Regal STEP L - Radis","robots":{"index":"index","follow":"follow","max-snippet":"max-snippet:-1","max-image-preview":"max-image-preview:large","max-video-preview":"max-video-preview:-1"},"canonical":"https:\/\/radis.ee\/riiul-step-l\/","og_locale":"de_DE","og_type":"article","og_title":"Regal STEP L - Radis","og_description":"Gehen Sie mit STEP Regal in die Zukunft. Diagonale Winkel verleihen ihm ein echtes futuristisches Gef\u00fchl. Die intermittierenden Regale und T\u00fcren bilden ein gro\u00dfartiges geometrisches Spiel und bieten Ihnen Optionen \u2013 Sie k\u00f6nnen einige Dinge zeigen, aber einige aus den Augen lassen. STEP ist in vier verschiedenen Breiten und mehreren verschiedenen H\u00f6hen erh\u00e4ltlich. Finden Sie...","og_url":"https:\/\/radis.ee\/riiul-step-l\/","og_site_name":"Radis","article_publisher":"https:\/\/www.facebook.com\/radisfurniture\/","article_modified_time":"2024-03-05T17:39:24+00:00","og_image":[{"width":741,"height":882,"url":"https:\/\/radis.ee\/wp-content\/uploads\/2022\/10\/RADIS_shelf_STEP_L_oak_veneered_white_background_2.jpg","type":"image\/jpeg"}],"twitter_card":"summary_large_image","twitter_misc":{"Gesch\u00e4tzte Lesezeit":"1\u00a0Minute"},"schema":{"@context":"https:\/\/schema.org","@graph":[{"@type":"WebPage","@id":"https:\/\/radis.ee\/riiul-step-l\/","url":"https:\/\/radis.ee\/riiul-step-l\/","name":"Regal STEP L - Radis","isPartOf":{"@id":"https:\/\/radis.ee\/#website"},"primaryImageOfPage":{"@id":"https:\/\/radis.ee\/riiul-step-l\/#primaryimage"},"image":{"@id":"https:\/\/radis.ee\/riiul-step-l\/#primaryimage"},"thumbnailUrl":"https:\/\/radis.ee\/wp-content\/uploads\/2022\/10\/RADIS_shelf_STEP_L_oak_veneered_white_background_2.jpg","datePublished":"2022-10-27T17:33:17+00:00","dateModified":"2024-03-05T17:39:24+00:00","breadcrumb":{"@id":"https:\/\/radis.ee\/riiul-step-l\/#breadcrumb"},"inLanguage":"de","potentialAction":[{"@type":"ReadAction","target":["https:\/\/radis.ee\/riiul-step-l\/"]}]},{"@type":"ImageObject","inLanguage":"de","@id":"https:\/\/radis.ee\/riiul-step-l\/#primaryimage","url":"https:\/\/radis.ee\/wp-content\/uploads\/2022\/10\/RADIS_shelf_STEP_L_oak_veneered_white_background_2.jpg","contentUrl":"https:\/\/radis.ee\/wp-content\/uploads\/2022\/10\/RADIS_shelf_STEP_L_oak_veneered_white_background_2.jpg","width":741,"height":882,"caption":"Radis shelf STEP L Oak veneeered plywood"},{"@type":"BreadcrumbList","@id":"https:\/\/radis.ee\/riiul-step-l\/#breadcrumb","itemListElement":[{"@type":"ListItem","position":1,"name":"Home","item":"https:\/\/radis.ee\/"},{"@type":"ListItem","position":2,"name":"Produkte","item":"https:\/\/radis.ee\/de\/produkte\/"},{"@type":"ListItem","position":3,"name":"Regal STEP L"}]},{"@type":"WebSite","@id":"https:\/\/radis.ee\/#website","url":"https:\/\/radis.ee\/","name":"Radis","description":"Nordic design furniture, environmentally friendly and sustainable.","publisher":{"@id":"https:\/\/radis.ee\/#organization"},"potentialAction":[{"@type":"SearchAction","target":{"@type":"EntryPoint","urlTemplate":"https:\/\/radis.ee\/?s={search_term_string}"},"query-input":{"@type":"PropertyValueSpecification","valueRequired":true,"valueName":"search_term_string"}}],"inLanguage":"de"},{"@type":"Organization","@id":"https:\/\/radis.ee\/#organization","name":"Radis O\u00dc","url":"https:\/\/radis.ee\/","logo":{"@type":"ImageObject","inLanguage":"de","@id":"https:\/\/radis.ee\/#\/schema\/logo\/image\/","url":"https:\/\/radis.ee\/wp-content\/uploads\/2020\/10\/Radis-logo.png","contentUrl":"https:\/\/radis.ee\/wp-content\/uploads\/2020\/10\/Radis-logo.png","width":300,"height":63,"caption":"Radis O\u00dc"},"image":{"@id":"https:\/\/radis.ee\/#\/schema\/logo\/image\/"},"sameAs":["https:\/\/www.facebook.com\/radisfurniture\/"]}]}},"_links":{"self":[{"href":"https:\/\/radis.ee\/de\/wp-json\/wp\/v2\/product\/18709","targetHints":{"allow":["GET"]}}],"collection":[{"href":"https:\/\/radis.ee\/de\/wp-json\/wp\/v2\/product"}],"about":[{"href":"https:\/\/radis.ee\/de\/wp-json\/wp\/v2\/types\/product"}],"replies":[{"embeddable":true,"href":"https:\/\/radis.ee\/de\/wp-json\/wp\/v2\/comments?post=18709"}],"wp:featuredmedia":[{"embeddable":true,"href":"https:\/\/radis.ee\/de\/wp-json\/wp\/v2\/media\/24102"}],"wp:attachment":[{"href":"https:\/\/radis.ee\/de\/wp-json\/wp\/v2\/media?parent=18709"}],"wp:term":[{"taxonomy":"product_brand","embeddable":true,"href":"https:\/\/radis.ee\/de\/wp-json\/wp\/v2\/product_brand?post=18709"},{"taxonomy":"product_cat","embeddable":true,"href":"https:\/\/radis.ee\/de\/wp-json\/wp\/v2\/product_cat?post=18709"},{"taxonomy":"product_tag","embeddable":true,"href":"https:\/\/radis.ee\/de\/wp-json\/wp\/v2\/product_tag?post=18709"}],"curies":[{"name":"wp","href":"https:\/\/api.w.org\/{rel}","templated":true}]}}