{"id":19070,"date":"2022-09-02T17:25:13","date_gmt":"2022-11-02T15:25:20","guid":{"rendered":"https:\/\/radis.ee\/?post_type=product&#038;p=19070"},"modified":"2022-11-04T14:28:51","modified_gmt":"2022-11-04T12:28:51","slug":"sessel-oslo","status":"publish","type":"product","link":"https:\/\/radis.ee\/de\/sessel-oslo\/","title":{"rendered":"Sessel OSLO"},"content":{"rendered":"<p>OSLO ist ein Sessel mit klaren Linien im minimalistischen nordischen Stil, der solide auf seinen vier Beinen steht.<\/p>\n<p>Die niedrige und tiefe Sitzfl\u00e4che l\u00e4dt zum gem\u00fctlichen Sitzen ein. Selbst ein Pr\u00e4sident h\u00e4tte nichts dagegen, ein paar Minuten warten zu m\u00fcssen, wenn er in diesem Platz sitzt.<\/p>\n<p>Die Beine des Naturleder-Sitzsessels sind aus mit Eiche furniertem Schichtholz gefertigt. Das f\u00fcr den Sessel OSLO verwendete schwarze und wei\u00dfe Challenger-Leder ist ein weiches Semianilinleder mit einheitlicher Farbe und Struktur. Cognacfarbenes Vintage ist ein stilvolles, aber klassisches M\u00f6belleder mit abgenutzter Optik.<\/p>\n<p>Designer: Raivo Prooso<\/p>\n","protected":false},"excerpt":{"rendered":"<p>OSLO ist ein Sessel mit klaren Linien im minimalistischen nordischen Stil, der solide auf seinen vier Beinen steht. Die niedrige und tiefe Sitzfl\u00e4che l\u00e4dt zum gem\u00fctlichen Sitzen ein. Selbst ein Pr\u00e4sident h\u00e4tte nichts dagegen, ein paar Minuten warten zu m\u00fcssen, wenn er in diesem Platz sitzt. Die Beine des Naturleder-Sitzsessels sind aus mit Eiche furniertem&#8230;<\/p>\n","protected":false},"featured_media":24917,"comment_status":"open","ping_status":"closed","template":"","meta":{"_acf_changed":false},"product_brand":[],"product_cat":[34],"product_tag":[],"class_list":{"0":"post-19070","1":"product","2":"type-product","3":"status-publish","4":"has-post-thumbnail","6":"product_cat-aksessuaarid","8":"first","9":"instock","10":"taxable","11":"shipping-taxable","12":"purchasable","13":"product-type-variable","14":"has-default-attributes"},"acf":[],"yoast_head":"<!-- This site is optimized with the Yoast SEO plugin v27.4 - https:\/\/yoast.com\/product\/yoast-seo-wordpress\/ -->\n<title>Sessel OSLO - Radis<\/title>\n<meta name=\"robots\" content=\"index, follow, max-snippet:-1, max-image-preview:large, max-video-preview:-1\" \/>\n<link rel=\"canonical\" href=\"https:\/\/radis.ee\/de\/sessel-oslo\/\" \/>\n<meta property=\"og:locale\" content=\"de_DE\" \/>\n<meta property=\"og:type\" content=\"article\" \/>\n<meta property=\"og:title\" content=\"Sessel OSLO - Radis\" \/>\n<meta property=\"og:description\" content=\"OSLO ist ein Sessel mit klaren Linien im minimalistischen nordischen Stil, der solide auf seinen vier Beinen steht. Die niedrige und tiefe Sitzfl\u00e4che l\u00e4dt zum gem\u00fctlichen Sitzen ein. Selbst ein Pr\u00e4sident h\u00e4tte nichts dagegen, ein paar Minuten warten zu m\u00fcssen, wenn er in diesem Platz sitzt. Die Beine des Naturleder-Sitzsessels sind aus mit Eiche furniertem...\" \/>\n<meta property=\"og:url\" content=\"https:\/\/radis.ee\/de\/sessel-oslo\/\" \/>\n<meta property=\"og:site_name\" content=\"Radis\" \/>\n<meta property=\"article:publisher\" content=\"https:\/\/www.facebook.com\/radisfurniture\/\" \/>\n<meta property=\"article:modified_time\" content=\"2022-11-04T12:28:51+00:00\" \/>\n<meta property=\"og:image\" content=\"https:\/\/radis.ee\/wp-content\/uploads\/2022\/09\/Radis_armchair_OSLO_Oak_veneered_Vintage_Cognac_leather__2-1.jpg\" \/>\n\t<meta property=\"og:image:width\" content=\"1360\" \/>\n\t<meta property=\"og:image:height\" content=\"1620\" \/>\n\t<meta property=\"og:image:type\" content=\"image\/jpeg\" \/>\n<meta name=\"twitter:card\" content=\"summary_large_image\" \/>\n<script type=\"application\/ld+json\" class=\"yoast-schema-graph\">{\"@context\":\"https:\\\/\\\/schema.org\",\"@graph\":[{\"@type\":\"WebPage\",\"@id\":\"https:\\\/\\\/radis.ee\\\/de\\\/sessel-oslo\\\/\",\"url\":\"https:\\\/\\\/radis.ee\\\/de\\\/sessel-oslo\\\/\",\"name\":\"Sessel OSLO - Radis\",\"isPartOf\":{\"@id\":\"https:\\\/\\\/radis.ee\\\/#website\"},\"primaryImageOfPage\":{\"@id\":\"https:\\\/\\\/radis.ee\\\/de\\\/sessel-oslo\\\/#primaryimage\"},\"image\":{\"@id\":\"https:\\\/\\\/radis.ee\\\/de\\\/sessel-oslo\\\/#primaryimage\"},\"thumbnailUrl\":\"https:\\\/\\\/radis.ee\\\/wp-content\\\/uploads\\\/2022\\\/09\\\/Radis_armchair_OSLO_Oak_veneered_Vintage_Cognac_leather__2-1.jpg\",\"datePublished\":\"2022-11-02T15:25:20+00:00\",\"dateModified\":\"2022-11-04T12:28:51+00:00\",\"breadcrumb\":{\"@id\":\"https:\\\/\\\/radis.ee\\\/de\\\/sessel-oslo\\\/#breadcrumb\"},\"inLanguage\":\"de\",\"potentialAction\":[{\"@type\":\"ReadAction\",\"target\":[\"https:\\\/\\\/radis.ee\\\/de\\\/sessel-oslo\\\/\"]}]},{\"@type\":\"ImageObject\",\"inLanguage\":\"de\",\"@id\":\"https:\\\/\\\/radis.ee\\\/de\\\/sessel-oslo\\\/#primaryimage\",\"url\":\"https:\\\/\\\/radis.ee\\\/wp-content\\\/uploads\\\/2022\\\/09\\\/Radis_armchair_OSLO_Oak_veneered_Vintage_Cognac_leather__2-1.jpg\",\"contentUrl\":\"https:\\\/\\\/radis.ee\\\/wp-content\\\/uploads\\\/2022\\\/09\\\/Radis_armchair_OSLO_Oak_veneered_Vintage_Cognac_leather__2-1.jpg\",\"width\":1360,\"height\":1620,\"caption\":\"Radis armchair OSLO\"},{\"@type\":\"BreadcrumbList\",\"@id\":\"https:\\\/\\\/radis.ee\\\/de\\\/sessel-oslo\\\/#breadcrumb\",\"itemListElement\":[{\"@type\":\"ListItem\",\"position\":1,\"name\":\"Home\",\"item\":\"https:\\\/\\\/radis.ee\\\/\"},{\"@type\":\"ListItem\",\"position\":2,\"name\":\"Produkte\",\"item\":\"https:\\\/\\\/radis.ee\\\/de\\\/produkte\\\/\"},{\"@type\":\"ListItem\",\"position\":3,\"name\":\"Sessel OSLO\"}]},{\"@type\":\"WebSite\",\"@id\":\"https:\\\/\\\/radis.ee\\\/#website\",\"url\":\"https:\\\/\\\/radis.ee\\\/\",\"name\":\"Radis\",\"description\":\"Nordic design furniture, environmentally friendly and sustainable.\",\"publisher\":{\"@id\":\"https:\\\/\\\/radis.ee\\\/#organization\"},\"potentialAction\":[{\"@type\":\"SearchAction\",\"target\":{\"@type\":\"EntryPoint\",\"urlTemplate\":\"https:\\\/\\\/radis.ee\\\/?s={search_term_string}\"},\"query-input\":{\"@type\":\"PropertyValueSpecification\",\"valueRequired\":true,\"valueName\":\"search_term_string\"}}],\"inLanguage\":\"de\"},{\"@type\":\"Organization\",\"@id\":\"https:\\\/\\\/radis.ee\\\/#organization\",\"name\":\"Radis O\u00dc\",\"url\":\"https:\\\/\\\/radis.ee\\\/\",\"logo\":{\"@type\":\"ImageObject\",\"inLanguage\":\"de\",\"@id\":\"https:\\\/\\\/radis.ee\\\/#\\\/schema\\\/logo\\\/image\\\/\",\"url\":\"https:\\\/\\\/radis.ee\\\/wp-content\\\/uploads\\\/2020\\\/10\\\/Radis-logo.png\",\"contentUrl\":\"https:\\\/\\\/radis.ee\\\/wp-content\\\/uploads\\\/2020\\\/10\\\/Radis-logo.png\",\"width\":300,\"height\":63,\"caption\":\"Radis O\u00dc\"},\"image\":{\"@id\":\"https:\\\/\\\/radis.ee\\\/#\\\/schema\\\/logo\\\/image\\\/\"},\"sameAs\":[\"https:\\\/\\\/www.facebook.com\\\/radisfurniture\\\/\"]}]}<\/script>\n<!-- \/ Yoast SEO plugin. -->","yoast_head_json":{"title":"Sessel OSLO - Radis","robots":{"index":"index","follow":"follow","max-snippet":"max-snippet:-1","max-image-preview":"max-image-preview:large","max-video-preview":"max-video-preview:-1"},"canonical":"https:\/\/radis.ee\/de\/sessel-oslo\/","og_locale":"de_DE","og_type":"article","og_title":"Sessel OSLO - Radis","og_description":"OSLO ist ein Sessel mit klaren Linien im minimalistischen nordischen Stil, der solide auf seinen vier Beinen steht. Die niedrige und tiefe Sitzfl\u00e4che l\u00e4dt zum gem\u00fctlichen Sitzen ein. Selbst ein Pr\u00e4sident h\u00e4tte nichts dagegen, ein paar Minuten warten zu m\u00fcssen, wenn er in diesem Platz sitzt. Die Beine des Naturleder-Sitzsessels sind aus mit Eiche furniertem...","og_url":"https:\/\/radis.ee\/de\/sessel-oslo\/","og_site_name":"Radis","article_publisher":"https:\/\/www.facebook.com\/radisfurniture\/","article_modified_time":"2022-11-04T12:28:51+00:00","og_image":[{"width":1360,"height":1620,"url":"https:\/\/radis.ee\/wp-content\/uploads\/2022\/09\/Radis_armchair_OSLO_Oak_veneered_Vintage_Cognac_leather__2-1.jpg","type":"image\/jpeg"}],"twitter_card":"summary_large_image","schema":{"@context":"https:\/\/schema.org","@graph":[{"@type":"WebPage","@id":"https:\/\/radis.ee\/de\/sessel-oslo\/","url":"https:\/\/radis.ee\/de\/sessel-oslo\/","name":"Sessel OSLO - Radis","isPartOf":{"@id":"https:\/\/radis.ee\/#website"},"primaryImageOfPage":{"@id":"https:\/\/radis.ee\/de\/sessel-oslo\/#primaryimage"},"image":{"@id":"https:\/\/radis.ee\/de\/sessel-oslo\/#primaryimage"},"thumbnailUrl":"https:\/\/radis.ee\/wp-content\/uploads\/2022\/09\/Radis_armchair_OSLO_Oak_veneered_Vintage_Cognac_leather__2-1.jpg","datePublished":"2022-11-02T15:25:20+00:00","dateModified":"2022-11-04T12:28:51+00:00","breadcrumb":{"@id":"https:\/\/radis.ee\/de\/sessel-oslo\/#breadcrumb"},"inLanguage":"de","potentialAction":[{"@type":"ReadAction","target":["https:\/\/radis.ee\/de\/sessel-oslo\/"]}]},{"@type":"ImageObject","inLanguage":"de","@id":"https:\/\/radis.ee\/de\/sessel-oslo\/#primaryimage","url":"https:\/\/radis.ee\/wp-content\/uploads\/2022\/09\/Radis_armchair_OSLO_Oak_veneered_Vintage_Cognac_leather__2-1.jpg","contentUrl":"https:\/\/radis.ee\/wp-content\/uploads\/2022\/09\/Radis_armchair_OSLO_Oak_veneered_Vintage_Cognac_leather__2-1.jpg","width":1360,"height":1620,"caption":"Radis armchair OSLO"},{"@type":"BreadcrumbList","@id":"https:\/\/radis.ee\/de\/sessel-oslo\/#breadcrumb","itemListElement":[{"@type":"ListItem","position":1,"name":"Home","item":"https:\/\/radis.ee\/"},{"@type":"ListItem","position":2,"name":"Produkte","item":"https:\/\/radis.ee\/de\/produkte\/"},{"@type":"ListItem","position":3,"name":"Sessel OSLO"}]},{"@type":"WebSite","@id":"https:\/\/radis.ee\/#website","url":"https:\/\/radis.ee\/","name":"Radis","description":"Nordic design furniture, environmentally friendly and sustainable.","publisher":{"@id":"https:\/\/radis.ee\/#organization"},"potentialAction":[{"@type":"SearchAction","target":{"@type":"EntryPoint","urlTemplate":"https:\/\/radis.ee\/?s={search_term_string}"},"query-input":{"@type":"PropertyValueSpecification","valueRequired":true,"valueName":"search_term_string"}}],"inLanguage":"de"},{"@type":"Organization","@id":"https:\/\/radis.ee\/#organization","name":"Radis O\u00dc","url":"https:\/\/radis.ee\/","logo":{"@type":"ImageObject","inLanguage":"de","@id":"https:\/\/radis.ee\/#\/schema\/logo\/image\/","url":"https:\/\/radis.ee\/wp-content\/uploads\/2020\/10\/Radis-logo.png","contentUrl":"https:\/\/radis.ee\/wp-content\/uploads\/2020\/10\/Radis-logo.png","width":300,"height":63,"caption":"Radis O\u00dc"},"image":{"@id":"https:\/\/radis.ee\/#\/schema\/logo\/image\/"},"sameAs":["https:\/\/www.facebook.com\/radisfurniture\/"]}]}},"_links":{"self":[{"href":"https:\/\/radis.ee\/de\/wp-json\/wp\/v2\/product\/19070","targetHints":{"allow":["GET"]}}],"collection":[{"href":"https:\/\/radis.ee\/de\/wp-json\/wp\/v2\/product"}],"about":[{"href":"https:\/\/radis.ee\/de\/wp-json\/wp\/v2\/types\/product"}],"replies":[{"embeddable":true,"href":"https:\/\/radis.ee\/de\/wp-json\/wp\/v2\/comments?post=19070"}],"wp:featuredmedia":[{"embeddable":true,"href":"https:\/\/radis.ee\/de\/wp-json\/wp\/v2\/media\/24917"}],"wp:attachment":[{"href":"https:\/\/radis.ee\/de\/wp-json\/wp\/v2\/media?parent=19070"}],"wp:term":[{"taxonomy":"product_brand","embeddable":true,"href":"https:\/\/radis.ee\/de\/wp-json\/wp\/v2\/product_brand?post=19070"},{"taxonomy":"product_cat","embeddable":true,"href":"https:\/\/radis.ee\/de\/wp-json\/wp\/v2\/product_cat?post=19070"},{"taxonomy":"product_tag","embeddable":true,"href":"https:\/\/radis.ee\/de\/wp-json\/wp\/v2\/product_tag?post=19070"}],"curies":[{"name":"wp","href":"https:\/\/api.w.org\/{rel}","templated":true}]}}