{"id":19326,"date":"2022-08-22T11:01:29","date_gmt":"2022-11-07T09:01:30","guid":{"rendered":"https:\/\/radis.ee\/?post_type=product&#038;p=19326"},"modified":"2022-11-08T16:57:27","modified_gmt":"2022-11-08T14:57:27","slug":"hohenverstellbarer-wandschreibtisch-wup","status":"publish","type":"product","link":"https:\/\/radis.ee\/de\/hohenverstellbarer-wandschreibtisch-wup\/","title":{"rendered":"H\u00f6henverstellbarer Wandschreibtisch WUP"},"content":{"rendered":"<p><span style=\"font-weight: 400;\">Bringen Sie Energie in Ihren Arbeitstag indem Sie den minimalistischen WUP-Schreibtisch an der Wand Ihres Hauses oder B\u00fcros installieren. Sie k\u00f6nnen die H\u00f6he bequem um bis zu 80 cm \u00e4ndern!<\/span><\/p>\n<p><span style=\"font-weight: 400;\">Langes Arbeiten im Sitzen kann gesundheitssch\u00e4dlich sein. Um dem vorzubeugen empfehlen wir die Arbeitsposition regelm\u00e4\u00dfig zu \u00e4ndern, sodass beispielsweise f\u00fcr alle 30-60 Minuten, die Sie im Sitzen verbringen, mindestens die gleiche Zeit im Stehen verbracht wird. Ihr K\u00f6rper und Geist werden es Ihnen danken!<\/span><\/p>\n<p><span style=\"font-weight: 400;\">Der wandmontierte WUP eignet sich sowohl f\u00fcr kleine Wohnungen als auch f\u00fcr kleine, ruhige Arbeitsbereiche in B\u00fcros. Mit einer Arbeitsfl\u00e4che von 46 \u00d7 68 cm bietet der WUP die perfekte Gr\u00f6\u00dfe f\u00fcr das Arbeiten mit einem Laptop. Zur Verbesserung der Ergonomie empfehlen wir au\u00dferdem die Verwendung eines verstellbaren Laptopst\u00e4nders und einer separaten Tastatur und Maus. Ausf\u00fchrliche Hinweise f\u00fcr das Arbeiten an einem Stehtisch finden Sie <\/span><a href=\"https:\/\/www.hyggedesks.ee\/post\/3-n%C3%B5uannet-seisulauaga-t%C3%B6%C3%B6tamiseks\"><span style=\"font-weight: 400;\">HIER<\/span><\/a><span style=\"font-weight: 400;\">.<\/span><\/p>\n<p><span style=\"font-weight: 400;\">Der WUP ist aus 15 mm Birkensperrholz gefertigt, mit Metalld\u00fcbeln und M\u00f6belschrauben verst\u00e4rkt und mit hochwertigen \u00d6lwachsen von Osmo behandelt. Die Oberfl\u00e4chen des Produkts sind schmutz- und wasserabweisend, robust und verschlei\u00dffest.<\/span><\/p>\n<p><span style=\"font-weight: 400;\">Bei ordnungsgem\u00e4\u00dfer Wandmontage hat das Produkt eine Tragf\u00e4higkeit von bis zu 30 kg (der Tisch ist nicht als Sitzfl\u00e4che oder zum Daraufsteigen konzipiert \u2013 wenn Sie w\u00e4hrend eines Meetings im Stehen ein wenig m\u00fcde werden, k\u00f6nnen Sie sich jedoch sicher darauf abst\u00fctzen).<\/span><\/p>\n<p><span style=\"font-weight: 400;\">Im Lieferumfang ist ein Satz Wandbefestigungen enthalten, die f\u00fcr Holz-, Beton- und Gipsw\u00e4nde geeignet sind. ACHTUNG! Das Produkt ist nicht f\u00fcr einfache Gipskartonw\u00e4nde geeignet!<\/span><\/p>\n<p><span style=\"font-weight: 400;\">Produktabmessungen:\u00a0<\/span><span style=\"font-weight: 400;\">Wandpaneel: 100 \u00d7 31 cm,\u00a0<\/span><span style=\"font-weight: 400;\">Tischplatte: 46 \u00d7 48 cm.<\/span><\/p>\n<p><span style=\"font-weight: 400;\">H\u00f6henverstellbarer Bereich der Tischplatte 80 cm.<\/span><\/p>\n","protected":false},"excerpt":{"rendered":"<p>Bringen Sie Energie in Ihren Arbeitstag indem Sie den minimalistischen WUP-Schreibtisch an der Wand Ihres Hauses oder B\u00fcros installieren. Sie k\u00f6nnen die H\u00f6he bequem um bis zu 80 cm \u00e4ndern! Langes Arbeiten im Sitzen kann gesundheitssch\u00e4dlich sein. Um dem vorzubeugen empfehlen wir die Arbeitsposition regelm\u00e4\u00dfig zu \u00e4ndern, sodass beispielsweise f\u00fcr alle 30-60 Minuten, die Sie&#8230;<\/p>\n","protected":false},"featured_media":19366,"comment_status":"open","ping_status":"closed","template":"","meta":{"_acf_changed":false},"product_brand":[],"product_cat":[111],"product_tag":[],"class_list":{"0":"post-19326","1":"product","2":"type-product","3":"status-publish","4":"has-post-thumbnail","6":"product_cat-lauad","8":"first","9":"instock","10":"taxable","11":"shipping-taxable","12":"purchasable","13":"product-type-variable","14":"has-default-attributes"},"acf":[],"yoast_head":"<!-- This site is optimized with the Yoast SEO plugin v27.4 - https:\/\/yoast.com\/product\/yoast-seo-wordpress\/ -->\n<title>H\u00f6henverstellbarer Wandschreibtisch WUP - Radis<\/title>\n<meta name=\"robots\" content=\"index, follow, max-snippet:-1, max-image-preview:large, max-video-preview:-1\" \/>\n<link rel=\"canonical\" href=\"https:\/\/radis.ee\/muudetava-korgusega-seisulaud-wup\/\" \/>\n<meta property=\"og:locale\" content=\"de_DE\" \/>\n<meta property=\"og:type\" content=\"article\" \/>\n<meta property=\"og:title\" content=\"H\u00f6henverstellbarer Wandschreibtisch WUP - Radis\" \/>\n<meta property=\"og:description\" content=\"Bringen Sie Energie in Ihren Arbeitstag indem Sie den minimalistischen WUP-Schreibtisch an der Wand Ihres Hauses oder B\u00fcros installieren. Sie k\u00f6nnen die H\u00f6he bequem um bis zu 80 cm \u00e4ndern! Langes Arbeiten im Sitzen kann gesundheitssch\u00e4dlich sein. Um dem vorzubeugen empfehlen wir die Arbeitsposition regelm\u00e4\u00dfig zu \u00e4ndern, sodass beispielsweise f\u00fcr alle 30-60 Minuten, die Sie...\" \/>\n<meta property=\"og:url\" content=\"https:\/\/radis.ee\/muudetava-korgusega-seisulaud-wup\/\" \/>\n<meta property=\"og:site_name\" content=\"Radis\" \/>\n<meta property=\"article:publisher\" content=\"https:\/\/www.facebook.com\/radisfurniture\/\" \/>\n<meta property=\"article:modified_time\" content=\"2022-11-08T14:57:27+00:00\" \/>\n<meta property=\"og:image\" content=\"https:\/\/radis.ee\/wp-content\/uploads\/2022\/11\/Radis_adjustable_height_wall_desk_WUP_Laptop_top_down_side_11.png\" \/>\n\t<meta property=\"og:image:width\" content=\"1300\" \/>\n\t<meta property=\"og:image:height\" content=\"1005\" \/>\n\t<meta property=\"og:image:type\" content=\"image\/png\" \/>\n<meta name=\"twitter:card\" content=\"summary_large_image\" \/>\n<meta name=\"twitter:label1\" content=\"Gesch\u00e4tzte Lesezeit\" \/>\n\t<meta name=\"twitter:data1\" content=\"1\u00a0Minute\" \/>\n<script type=\"application\/ld+json\" class=\"yoast-schema-graph\">{\"@context\":\"https:\\\/\\\/schema.org\",\"@graph\":[{\"@type\":\"WebPage\",\"@id\":\"https:\\\/\\\/radis.ee\\\/muudetava-korgusega-seisulaud-wup\\\/\",\"url\":\"https:\\\/\\\/radis.ee\\\/muudetava-korgusega-seisulaud-wup\\\/\",\"name\":\"H\u00f6henverstellbarer Wandschreibtisch WUP - Radis\",\"isPartOf\":{\"@id\":\"https:\\\/\\\/radis.ee\\\/#website\"},\"primaryImageOfPage\":{\"@id\":\"https:\\\/\\\/radis.ee\\\/muudetava-korgusega-seisulaud-wup\\\/#primaryimage\"},\"image\":{\"@id\":\"https:\\\/\\\/radis.ee\\\/muudetava-korgusega-seisulaud-wup\\\/#primaryimage\"},\"thumbnailUrl\":\"https:\\\/\\\/radis.ee\\\/wp-content\\\/uploads\\\/2022\\\/11\\\/Radis_adjustable_height_wall_desk_WUP_Laptop_top_down_side_11.png\",\"datePublished\":\"2022-11-07T09:01:30+00:00\",\"dateModified\":\"2022-11-08T14:57:27+00:00\",\"breadcrumb\":{\"@id\":\"https:\\\/\\\/radis.ee\\\/muudetava-korgusega-seisulaud-wup\\\/#breadcrumb\"},\"inLanguage\":\"de\",\"potentialAction\":[{\"@type\":\"ReadAction\",\"target\":[\"https:\\\/\\\/radis.ee\\\/muudetava-korgusega-seisulaud-wup\\\/\"]}]},{\"@type\":\"ImageObject\",\"inLanguage\":\"de\",\"@id\":\"https:\\\/\\\/radis.ee\\\/muudetava-korgusega-seisulaud-wup\\\/#primaryimage\",\"url\":\"https:\\\/\\\/radis.ee\\\/wp-content\\\/uploads\\\/2022\\\/11\\\/Radis_adjustable_height_wall_desk_WUP_Laptop_top_down_side_11.png\",\"contentUrl\":\"https:\\\/\\\/radis.ee\\\/wp-content\\\/uploads\\\/2022\\\/11\\\/Radis_adjustable_height_wall_desk_WUP_Laptop_top_down_side_11.png\",\"width\":1300,\"height\":1005,\"caption\":\"Radis adjustable height wall desk WUP\"},{\"@type\":\"BreadcrumbList\",\"@id\":\"https:\\\/\\\/radis.ee\\\/muudetava-korgusega-seisulaud-wup\\\/#breadcrumb\",\"itemListElement\":[{\"@type\":\"ListItem\",\"position\":1,\"name\":\"Home\",\"item\":\"https:\\\/\\\/radis.ee\\\/\"},{\"@type\":\"ListItem\",\"position\":2,\"name\":\"Produkte\",\"item\":\"https:\\\/\\\/radis.ee\\\/de\\\/produkte\\\/\"},{\"@type\":\"ListItem\",\"position\":3,\"name\":\"H\u00f6henverstellbarer Wandschreibtisch WUP\"}]},{\"@type\":\"WebSite\",\"@id\":\"https:\\\/\\\/radis.ee\\\/#website\",\"url\":\"https:\\\/\\\/radis.ee\\\/\",\"name\":\"Radis\",\"description\":\"Nordic design furniture, environmentally friendly and sustainable.\",\"publisher\":{\"@id\":\"https:\\\/\\\/radis.ee\\\/#organization\"},\"potentialAction\":[{\"@type\":\"SearchAction\",\"target\":{\"@type\":\"EntryPoint\",\"urlTemplate\":\"https:\\\/\\\/radis.ee\\\/?s={search_term_string}\"},\"query-input\":{\"@type\":\"PropertyValueSpecification\",\"valueRequired\":true,\"valueName\":\"search_term_string\"}}],\"inLanguage\":\"de\"},{\"@type\":\"Organization\",\"@id\":\"https:\\\/\\\/radis.ee\\\/#organization\",\"name\":\"Radis O\u00dc\",\"url\":\"https:\\\/\\\/radis.ee\\\/\",\"logo\":{\"@type\":\"ImageObject\",\"inLanguage\":\"de\",\"@id\":\"https:\\\/\\\/radis.ee\\\/#\\\/schema\\\/logo\\\/image\\\/\",\"url\":\"https:\\\/\\\/radis.ee\\\/wp-content\\\/uploads\\\/2020\\\/10\\\/Radis-logo.png\",\"contentUrl\":\"https:\\\/\\\/radis.ee\\\/wp-content\\\/uploads\\\/2020\\\/10\\\/Radis-logo.png\",\"width\":300,\"height\":63,\"caption\":\"Radis O\u00dc\"},\"image\":{\"@id\":\"https:\\\/\\\/radis.ee\\\/#\\\/schema\\\/logo\\\/image\\\/\"},\"sameAs\":[\"https:\\\/\\\/www.facebook.com\\\/radisfurniture\\\/\"]}]}<\/script>\n<!-- \/ Yoast SEO plugin. -->","yoast_head_json":{"title":"H\u00f6henverstellbarer Wandschreibtisch WUP - Radis","robots":{"index":"index","follow":"follow","max-snippet":"max-snippet:-1","max-image-preview":"max-image-preview:large","max-video-preview":"max-video-preview:-1"},"canonical":"https:\/\/radis.ee\/muudetava-korgusega-seisulaud-wup\/","og_locale":"de_DE","og_type":"article","og_title":"H\u00f6henverstellbarer Wandschreibtisch WUP - Radis","og_description":"Bringen Sie Energie in Ihren Arbeitstag indem Sie den minimalistischen WUP-Schreibtisch an der Wand Ihres Hauses oder B\u00fcros installieren. Sie k\u00f6nnen die H\u00f6he bequem um bis zu 80 cm \u00e4ndern! Langes Arbeiten im Sitzen kann gesundheitssch\u00e4dlich sein. Um dem vorzubeugen empfehlen wir die Arbeitsposition regelm\u00e4\u00dfig zu \u00e4ndern, sodass beispielsweise f\u00fcr alle 30-60 Minuten, die Sie...","og_url":"https:\/\/radis.ee\/muudetava-korgusega-seisulaud-wup\/","og_site_name":"Radis","article_publisher":"https:\/\/www.facebook.com\/radisfurniture\/","article_modified_time":"2022-11-08T14:57:27+00:00","og_image":[{"width":1300,"height":1005,"url":"https:\/\/radis.ee\/wp-content\/uploads\/2022\/11\/Radis_adjustable_height_wall_desk_WUP_Laptop_top_down_side_11.png","type":"image\/png"}],"twitter_card":"summary_large_image","twitter_misc":{"Gesch\u00e4tzte Lesezeit":"1\u00a0Minute"},"schema":{"@context":"https:\/\/schema.org","@graph":[{"@type":"WebPage","@id":"https:\/\/radis.ee\/muudetava-korgusega-seisulaud-wup\/","url":"https:\/\/radis.ee\/muudetava-korgusega-seisulaud-wup\/","name":"H\u00f6henverstellbarer Wandschreibtisch WUP - Radis","isPartOf":{"@id":"https:\/\/radis.ee\/#website"},"primaryImageOfPage":{"@id":"https:\/\/radis.ee\/muudetava-korgusega-seisulaud-wup\/#primaryimage"},"image":{"@id":"https:\/\/radis.ee\/muudetava-korgusega-seisulaud-wup\/#primaryimage"},"thumbnailUrl":"https:\/\/radis.ee\/wp-content\/uploads\/2022\/11\/Radis_adjustable_height_wall_desk_WUP_Laptop_top_down_side_11.png","datePublished":"2022-11-07T09:01:30+00:00","dateModified":"2022-11-08T14:57:27+00:00","breadcrumb":{"@id":"https:\/\/radis.ee\/muudetava-korgusega-seisulaud-wup\/#breadcrumb"},"inLanguage":"de","potentialAction":[{"@type":"ReadAction","target":["https:\/\/radis.ee\/muudetava-korgusega-seisulaud-wup\/"]}]},{"@type":"ImageObject","inLanguage":"de","@id":"https:\/\/radis.ee\/muudetava-korgusega-seisulaud-wup\/#primaryimage","url":"https:\/\/radis.ee\/wp-content\/uploads\/2022\/11\/Radis_adjustable_height_wall_desk_WUP_Laptop_top_down_side_11.png","contentUrl":"https:\/\/radis.ee\/wp-content\/uploads\/2022\/11\/Radis_adjustable_height_wall_desk_WUP_Laptop_top_down_side_11.png","width":1300,"height":1005,"caption":"Radis adjustable height wall desk WUP"},{"@type":"BreadcrumbList","@id":"https:\/\/radis.ee\/muudetava-korgusega-seisulaud-wup\/#breadcrumb","itemListElement":[{"@type":"ListItem","position":1,"name":"Home","item":"https:\/\/radis.ee\/"},{"@type":"ListItem","position":2,"name":"Produkte","item":"https:\/\/radis.ee\/de\/produkte\/"},{"@type":"ListItem","position":3,"name":"H\u00f6henverstellbarer Wandschreibtisch WUP"}]},{"@type":"WebSite","@id":"https:\/\/radis.ee\/#website","url":"https:\/\/radis.ee\/","name":"Radis","description":"Nordic design furniture, environmentally friendly and sustainable.","publisher":{"@id":"https:\/\/radis.ee\/#organization"},"potentialAction":[{"@type":"SearchAction","target":{"@type":"EntryPoint","urlTemplate":"https:\/\/radis.ee\/?s={search_term_string}"},"query-input":{"@type":"PropertyValueSpecification","valueRequired":true,"valueName":"search_term_string"}}],"inLanguage":"de"},{"@type":"Organization","@id":"https:\/\/radis.ee\/#organization","name":"Radis O\u00dc","url":"https:\/\/radis.ee\/","logo":{"@type":"ImageObject","inLanguage":"de","@id":"https:\/\/radis.ee\/#\/schema\/logo\/image\/","url":"https:\/\/radis.ee\/wp-content\/uploads\/2020\/10\/Radis-logo.png","contentUrl":"https:\/\/radis.ee\/wp-content\/uploads\/2020\/10\/Radis-logo.png","width":300,"height":63,"caption":"Radis O\u00dc"},"image":{"@id":"https:\/\/radis.ee\/#\/schema\/logo\/image\/"},"sameAs":["https:\/\/www.facebook.com\/radisfurniture\/"]}]}},"_links":{"self":[{"href":"https:\/\/radis.ee\/de\/wp-json\/wp\/v2\/product\/19326","targetHints":{"allow":["GET"]}}],"collection":[{"href":"https:\/\/radis.ee\/de\/wp-json\/wp\/v2\/product"}],"about":[{"href":"https:\/\/radis.ee\/de\/wp-json\/wp\/v2\/types\/product"}],"replies":[{"embeddable":true,"href":"https:\/\/radis.ee\/de\/wp-json\/wp\/v2\/comments?post=19326"}],"wp:featuredmedia":[{"embeddable":true,"href":"https:\/\/radis.ee\/de\/wp-json\/wp\/v2\/media\/19366"}],"wp:attachment":[{"href":"https:\/\/radis.ee\/de\/wp-json\/wp\/v2\/media?parent=19326"}],"wp:term":[{"taxonomy":"product_brand","embeddable":true,"href":"https:\/\/radis.ee\/de\/wp-json\/wp\/v2\/product_brand?post=19326"},{"taxonomy":"product_cat","embeddable":true,"href":"https:\/\/radis.ee\/de\/wp-json\/wp\/v2\/product_cat?post=19326"},{"taxonomy":"product_tag","embeddable":true,"href":"https:\/\/radis.ee\/de\/wp-json\/wp\/v2\/product_tag?post=19326"}],"curies":[{"name":"wp","href":"https:\/\/api.w.org\/{rel}","templated":true}]}}