{"id":19484,"date":"2022-08-30T17:11:41","date_gmt":"2022-11-07T15:11:42","guid":{"rendered":"https:\/\/radis.ee\/?post_type=product&#038;p=19484"},"modified":"2022-11-07T18:52:52","modified_gmt":"2022-11-07T16:52:52","slug":"barhocker-christo","status":"publish","type":"product","link":"https:\/\/radis.ee\/de\/barhocker-christo\/","title":{"rendered":"Barhocker CHRISTO"},"content":{"rendered":"<p>Barhocker Christo ist eine universelle Sitzgelegenheit f\u00fcr einen h\u00f6heren Esstisch oder eine Bartheke. Bei der Entwicklung dieses Produkts wurden Komfort und Ergonomie f\u00fcr langes Sitzen ber\u00fccksichtigt.<\/p>\n<p>Die H\u00f6he des Hockers ist leicht zwischen 64\u201375 cm von der Bodenfl\u00e4che einstellbar. Auch der Sitz ist frei drehbar. Die Konstruktion ist aus Stahl, pulverbeschichtet. Beine des Hockers aus hochwertigem Nussbaumholz oder Stahl, Sitz und R\u00fcckenlehne aus schwarzem Naturleder.<\/p>\n<p>Der Christo Barhocker ist mit seiner scheinbar leichten und d\u00fcnnen Beinkonstruktion f\u00fcr die Ewigkeit konzipiert. Auch als nicht drehbare Version erh\u00e4ltlich, die Sitzh\u00f6he betr\u00e4gt dann 75 cm.<\/p>\n<p>Design: Kristiina Tuulberg, Kalle Pruuden, Janno Roos<\/p>\n","protected":false},"excerpt":{"rendered":"<p>Barhocker Christo ist eine universelle Sitzgelegenheit f\u00fcr einen h\u00f6heren Esstisch oder eine Bartheke. Bei der Entwicklung dieses Produkts wurden Komfort und Ergonomie f\u00fcr langes Sitzen ber\u00fccksichtigt. Die H\u00f6he des Hockers ist leicht zwischen 64\u201375 cm von der Bodenfl\u00e4che einstellbar. Auch der Sitz ist frei drehbar. Die Konstruktion ist aus Stahl, pulverbeschichtet. Beine des Hockers aus&#8230;<\/p>\n","protected":false},"featured_media":19597,"comment_status":"open","ping_status":"closed","template":"","meta":{"_acf_changed":false},"product_brand":[],"product_cat":[34],"product_tag":[],"class_list":{"0":"post-19484","1":"product","2":"type-product","3":"status-publish","4":"has-post-thumbnail","6":"product_cat-aksessuaarid","8":"first","9":"instock","10":"taxable","11":"shipping-taxable","12":"purchasable","13":"product-type-variable","14":"has-default-attributes"},"acf":[],"yoast_head":"<!-- This site is optimized with the Yoast SEO plugin v27.4 - https:\/\/yoast.com\/product\/yoast-seo-wordpress\/ -->\n<title>Barhocker CHRISTO - Radis<\/title>\n<meta name=\"robots\" content=\"index, follow, max-snippet:-1, max-image-preview:large, max-video-preview:-1\" \/>\n<link rel=\"canonical\" href=\"https:\/\/radis.ee\/de\/barhocker-christo\/\" \/>\n<meta property=\"og:locale\" content=\"de_DE\" \/>\n<meta property=\"og:type\" content=\"article\" \/>\n<meta property=\"og:title\" content=\"Barhocker CHRISTO - Radis\" \/>\n<meta property=\"og:description\" content=\"Barhocker Christo ist eine universelle Sitzgelegenheit f\u00fcr einen h\u00f6heren Esstisch oder eine Bartheke. Bei der Entwicklung dieses Produkts wurden Komfort und Ergonomie f\u00fcr langes Sitzen ber\u00fccksichtigt. Die H\u00f6he des Hockers ist leicht zwischen 64\u201375 cm von der Bodenfl\u00e4che einstellbar. Auch der Sitz ist frei drehbar. Die Konstruktion ist aus Stahl, pulverbeschichtet. Beine des Hockers aus...\" \/>\n<meta property=\"og:url\" content=\"https:\/\/radis.ee\/de\/barhocker-christo\/\" \/>\n<meta property=\"og:site_name\" content=\"Radis\" \/>\n<meta property=\"article:publisher\" content=\"https:\/\/www.facebook.com\/radisfurniture\/\" \/>\n<meta property=\"article:modified_time\" content=\"2022-11-07T16:52:52+00:00\" \/>\n<meta property=\"og:image\" content=\"https:\/\/radis.ee\/wp-content\/uploads\/2022\/08\/Radis_barstool_CHRISTO_Walnut_legs_rotating.jpg\" \/>\n\t<meta property=\"og:image:width\" content=\"1360\" \/>\n\t<meta property=\"og:image:height\" content=\"1620\" \/>\n\t<meta property=\"og:image:type\" content=\"image\/jpeg\" \/>\n<meta name=\"twitter:card\" content=\"summary_large_image\" \/>\n<meta name=\"twitter:label1\" content=\"Gesch\u00e4tzte Lesezeit\" \/>\n\t<meta name=\"twitter:data1\" content=\"1\u00a0Minute\" \/>\n<script type=\"application\/ld+json\" class=\"yoast-schema-graph\">{\"@context\":\"https:\\\/\\\/schema.org\",\"@graph\":[{\"@type\":\"WebPage\",\"@id\":\"https:\\\/\\\/radis.ee\\\/de\\\/barhocker-christo\\\/\",\"url\":\"https:\\\/\\\/radis.ee\\\/de\\\/barhocker-christo\\\/\",\"name\":\"Barhocker CHRISTO - Radis\",\"isPartOf\":{\"@id\":\"https:\\\/\\\/radis.ee\\\/#website\"},\"primaryImageOfPage\":{\"@id\":\"https:\\\/\\\/radis.ee\\\/de\\\/barhocker-christo\\\/#primaryimage\"},\"image\":{\"@id\":\"https:\\\/\\\/radis.ee\\\/de\\\/barhocker-christo\\\/#primaryimage\"},\"thumbnailUrl\":\"https:\\\/\\\/radis.ee\\\/wp-content\\\/uploads\\\/2022\\\/08\\\/Radis_barstool_CHRISTO_Walnut_legs_rotating.jpg\",\"datePublished\":\"2022-11-07T15:11:42+00:00\",\"dateModified\":\"2022-11-07T16:52:52+00:00\",\"breadcrumb\":{\"@id\":\"https:\\\/\\\/radis.ee\\\/de\\\/barhocker-christo\\\/#breadcrumb\"},\"inLanguage\":\"de\",\"potentialAction\":[{\"@type\":\"ReadAction\",\"target\":[\"https:\\\/\\\/radis.ee\\\/de\\\/barhocker-christo\\\/\"]}]},{\"@type\":\"ImageObject\",\"inLanguage\":\"de\",\"@id\":\"https:\\\/\\\/radis.ee\\\/de\\\/barhocker-christo\\\/#primaryimage\",\"url\":\"https:\\\/\\\/radis.ee\\\/wp-content\\\/uploads\\\/2022\\\/08\\\/Radis_barstool_CHRISTO_Walnut_legs_rotating.jpg\",\"contentUrl\":\"https:\\\/\\\/radis.ee\\\/wp-content\\\/uploads\\\/2022\\\/08\\\/Radis_barstool_CHRISTO_Walnut_legs_rotating.jpg\",\"width\":1360,\"height\":1620,\"caption\":\"Radis bars tool CHRISTO walnut legs rotating\"},{\"@type\":\"BreadcrumbList\",\"@id\":\"https:\\\/\\\/radis.ee\\\/de\\\/barhocker-christo\\\/#breadcrumb\",\"itemListElement\":[{\"@type\":\"ListItem\",\"position\":1,\"name\":\"Home\",\"item\":\"https:\\\/\\\/radis.ee\\\/\"},{\"@type\":\"ListItem\",\"position\":2,\"name\":\"Produkte\",\"item\":\"https:\\\/\\\/radis.ee\\\/de\\\/produkte\\\/\"},{\"@type\":\"ListItem\",\"position\":3,\"name\":\"Barhocker CHRISTO\"}]},{\"@type\":\"WebSite\",\"@id\":\"https:\\\/\\\/radis.ee\\\/#website\",\"url\":\"https:\\\/\\\/radis.ee\\\/\",\"name\":\"Radis\",\"description\":\"Nordic design furniture, environmentally friendly and sustainable.\",\"publisher\":{\"@id\":\"https:\\\/\\\/radis.ee\\\/#organization\"},\"potentialAction\":[{\"@type\":\"SearchAction\",\"target\":{\"@type\":\"EntryPoint\",\"urlTemplate\":\"https:\\\/\\\/radis.ee\\\/?s={search_term_string}\"},\"query-input\":{\"@type\":\"PropertyValueSpecification\",\"valueRequired\":true,\"valueName\":\"search_term_string\"}}],\"inLanguage\":\"de\"},{\"@type\":\"Organization\",\"@id\":\"https:\\\/\\\/radis.ee\\\/#organization\",\"name\":\"Radis O\u00dc\",\"url\":\"https:\\\/\\\/radis.ee\\\/\",\"logo\":{\"@type\":\"ImageObject\",\"inLanguage\":\"de\",\"@id\":\"https:\\\/\\\/radis.ee\\\/#\\\/schema\\\/logo\\\/image\\\/\",\"url\":\"https:\\\/\\\/radis.ee\\\/wp-content\\\/uploads\\\/2020\\\/10\\\/Radis-logo.png\",\"contentUrl\":\"https:\\\/\\\/radis.ee\\\/wp-content\\\/uploads\\\/2020\\\/10\\\/Radis-logo.png\",\"width\":300,\"height\":63,\"caption\":\"Radis O\u00dc\"},\"image\":{\"@id\":\"https:\\\/\\\/radis.ee\\\/#\\\/schema\\\/logo\\\/image\\\/\"},\"sameAs\":[\"https:\\\/\\\/www.facebook.com\\\/radisfurniture\\\/\"]}]}<\/script>\n<!-- \/ Yoast SEO plugin. -->","yoast_head_json":{"title":"Barhocker CHRISTO - Radis","robots":{"index":"index","follow":"follow","max-snippet":"max-snippet:-1","max-image-preview":"max-image-preview:large","max-video-preview":"max-video-preview:-1"},"canonical":"https:\/\/radis.ee\/de\/barhocker-christo\/","og_locale":"de_DE","og_type":"article","og_title":"Barhocker CHRISTO - Radis","og_description":"Barhocker Christo ist eine universelle Sitzgelegenheit f\u00fcr einen h\u00f6heren Esstisch oder eine Bartheke. Bei der Entwicklung dieses Produkts wurden Komfort und Ergonomie f\u00fcr langes Sitzen ber\u00fccksichtigt. Die H\u00f6he des Hockers ist leicht zwischen 64\u201375 cm von der Bodenfl\u00e4che einstellbar. Auch der Sitz ist frei drehbar. Die Konstruktion ist aus Stahl, pulverbeschichtet. Beine des Hockers aus...","og_url":"https:\/\/radis.ee\/de\/barhocker-christo\/","og_site_name":"Radis","article_publisher":"https:\/\/www.facebook.com\/radisfurniture\/","article_modified_time":"2022-11-07T16:52:52+00:00","og_image":[{"width":1360,"height":1620,"url":"https:\/\/radis.ee\/wp-content\/uploads\/2022\/08\/Radis_barstool_CHRISTO_Walnut_legs_rotating.jpg","type":"image\/jpeg"}],"twitter_card":"summary_large_image","twitter_misc":{"Gesch\u00e4tzte Lesezeit":"1\u00a0Minute"},"schema":{"@context":"https:\/\/schema.org","@graph":[{"@type":"WebPage","@id":"https:\/\/radis.ee\/de\/barhocker-christo\/","url":"https:\/\/radis.ee\/de\/barhocker-christo\/","name":"Barhocker CHRISTO - Radis","isPartOf":{"@id":"https:\/\/radis.ee\/#website"},"primaryImageOfPage":{"@id":"https:\/\/radis.ee\/de\/barhocker-christo\/#primaryimage"},"image":{"@id":"https:\/\/radis.ee\/de\/barhocker-christo\/#primaryimage"},"thumbnailUrl":"https:\/\/radis.ee\/wp-content\/uploads\/2022\/08\/Radis_barstool_CHRISTO_Walnut_legs_rotating.jpg","datePublished":"2022-11-07T15:11:42+00:00","dateModified":"2022-11-07T16:52:52+00:00","breadcrumb":{"@id":"https:\/\/radis.ee\/de\/barhocker-christo\/#breadcrumb"},"inLanguage":"de","potentialAction":[{"@type":"ReadAction","target":["https:\/\/radis.ee\/de\/barhocker-christo\/"]}]},{"@type":"ImageObject","inLanguage":"de","@id":"https:\/\/radis.ee\/de\/barhocker-christo\/#primaryimage","url":"https:\/\/radis.ee\/wp-content\/uploads\/2022\/08\/Radis_barstool_CHRISTO_Walnut_legs_rotating.jpg","contentUrl":"https:\/\/radis.ee\/wp-content\/uploads\/2022\/08\/Radis_barstool_CHRISTO_Walnut_legs_rotating.jpg","width":1360,"height":1620,"caption":"Radis bars tool CHRISTO walnut legs rotating"},{"@type":"BreadcrumbList","@id":"https:\/\/radis.ee\/de\/barhocker-christo\/#breadcrumb","itemListElement":[{"@type":"ListItem","position":1,"name":"Home","item":"https:\/\/radis.ee\/"},{"@type":"ListItem","position":2,"name":"Produkte","item":"https:\/\/radis.ee\/de\/produkte\/"},{"@type":"ListItem","position":3,"name":"Barhocker CHRISTO"}]},{"@type":"WebSite","@id":"https:\/\/radis.ee\/#website","url":"https:\/\/radis.ee\/","name":"Radis","description":"Nordic design furniture, environmentally friendly and sustainable.","publisher":{"@id":"https:\/\/radis.ee\/#organization"},"potentialAction":[{"@type":"SearchAction","target":{"@type":"EntryPoint","urlTemplate":"https:\/\/radis.ee\/?s={search_term_string}"},"query-input":{"@type":"PropertyValueSpecification","valueRequired":true,"valueName":"search_term_string"}}],"inLanguage":"de"},{"@type":"Organization","@id":"https:\/\/radis.ee\/#organization","name":"Radis O\u00dc","url":"https:\/\/radis.ee\/","logo":{"@type":"ImageObject","inLanguage":"de","@id":"https:\/\/radis.ee\/#\/schema\/logo\/image\/","url":"https:\/\/radis.ee\/wp-content\/uploads\/2020\/10\/Radis-logo.png","contentUrl":"https:\/\/radis.ee\/wp-content\/uploads\/2020\/10\/Radis-logo.png","width":300,"height":63,"caption":"Radis O\u00dc"},"image":{"@id":"https:\/\/radis.ee\/#\/schema\/logo\/image\/"},"sameAs":["https:\/\/www.facebook.com\/radisfurniture\/"]}]}},"_links":{"self":[{"href":"https:\/\/radis.ee\/de\/wp-json\/wp\/v2\/product\/19484","targetHints":{"allow":["GET"]}}],"collection":[{"href":"https:\/\/radis.ee\/de\/wp-json\/wp\/v2\/product"}],"about":[{"href":"https:\/\/radis.ee\/de\/wp-json\/wp\/v2\/types\/product"}],"replies":[{"embeddable":true,"href":"https:\/\/radis.ee\/de\/wp-json\/wp\/v2\/comments?post=19484"}],"wp:featuredmedia":[{"embeddable":true,"href":"https:\/\/radis.ee\/de\/wp-json\/wp\/v2\/media\/19597"}],"wp:attachment":[{"href":"https:\/\/radis.ee\/de\/wp-json\/wp\/v2\/media?parent=19484"}],"wp:term":[{"taxonomy":"product_brand","embeddable":true,"href":"https:\/\/radis.ee\/de\/wp-json\/wp\/v2\/product_brand?post=19484"},{"taxonomy":"product_cat","embeddable":true,"href":"https:\/\/radis.ee\/de\/wp-json\/wp\/v2\/product_cat?post=19484"},{"taxonomy":"product_tag","embeddable":true,"href":"https:\/\/radis.ee\/de\/wp-json\/wp\/v2\/product_tag?post=19484"}],"curies":[{"name":"wp","href":"https:\/\/api.w.org\/{rel}","templated":true}]}}