{"id":20631,"date":"2022-07-12T17:53:56","date_gmt":"2023-01-12T15:53:57","guid":{"rendered":"https:\/\/radis.ee\/?post_type=product&#038;p=20631"},"modified":"2023-09-17T17:01:42","modified_gmt":"2023-09-17T14:01:42","slug":"stehlampe-moon","status":"publish","type":"product","link":"https:\/\/radis.ee\/de\/stehlampe-moon\/","title":{"rendered":"Stehlampe MOON"},"content":{"rendered":"<p>Inspiriert von der Kurve des Mondes wird diese galante Stehlampe zu vielen gro\u00dfen Taten inspirieren.<\/p>\n<p>Zeitloses Design, einzigartige technische Ausf\u00fchrung, die der Leuchte eine einzigartige Streifenlinie verleiht.<\/p>\n<p>Aus naturbelassenem Birkensperrholz, Handarbeit, ge\u00f6lt mit deutschem Qualit\u00e4ts\u00f6l Auro 108, ungiftig, nat\u00fcrliche Inhaltsstoffe. Ohne sichtbare Dr\u00e4hte und Befestigungen.<\/p>\n<p>LED-Batterielebensdauer von 50000 h oder 91 Jahren. (durchschnittliche Nutzung 1,5 h \/ Tag). Komfortable Fernbedienung mit 0-100% Dimmfunktion. Sichere 24V Niederspannung f\u00fcr Familienmitglieder jeden Alters. Garantie f\u00fcr 7\u00a0Jahre.<\/p>\n<p>LED 21W. Kelvin: 2700K-3200K.<\/p>\n<p>Designer: Erkki Kivastik<\/p>\n","protected":false},"excerpt":{"rendered":"<p>Inspiriert von der Kurve des Mondes wird diese galante Stehlampe zu vielen gro\u00dfen Taten inspirieren. Zeitloses Design, einzigartige technische Ausf\u00fchrung, die der Leuchte eine einzigartige Streifenlinie verleiht. Aus naturbelassenem Birkensperrholz, Handarbeit, ge\u00f6lt mit deutschem Qualit\u00e4ts\u00f6l Auro 108, ungiftig, nat\u00fcrliche Inhaltsstoffe. Ohne sichtbare Dr\u00e4hte und Befestigungen. LED-Batterielebensdauer von 50000 h oder 91 Jahren. (durchschnittliche Nutzung 1,5&#8230;<\/p>\n","protected":false},"featured_media":20641,"comment_status":"open","ping_status":"closed","template":"","meta":{"_acf_changed":false},"product_brand":[],"product_cat":[],"product_tag":[],"class_list":{"0":"post-20631","1":"product","2":"type-product","3":"status-publish","4":"has-post-thumbnail","7":"first","8":"instock","9":"taxable","10":"shipping-taxable","11":"purchasable","12":"product-type-simple"},"acf":[],"yoast_head":"<!-- This site is optimized with the Yoast SEO plugin v27.4 - https:\/\/yoast.com\/product\/yoast-seo-wordpress\/ -->\n<title>Stehlampe MOON - Radis<\/title>\n<meta name=\"robots\" content=\"index, follow, max-snippet:-1, max-image-preview:large, max-video-preview:-1\" \/>\n<link rel=\"canonical\" href=\"https:\/\/radis.ee\/de\/stehlampe-moon\/\" \/>\n<meta property=\"og:locale\" content=\"de_DE\" \/>\n<meta property=\"og:type\" content=\"article\" \/>\n<meta property=\"og:title\" content=\"Stehlampe MOON - Radis\" \/>\n<meta property=\"og:description\" content=\"Inspiriert von der Kurve des Mondes wird diese galante Stehlampe zu vielen gro\u00dfen Taten inspirieren. Zeitloses Design, einzigartige technische Ausf\u00fchrung, die der Leuchte eine einzigartige Streifenlinie verleiht. Aus naturbelassenem Birkensperrholz, Handarbeit, ge\u00f6lt mit deutschem Qualit\u00e4ts\u00f6l Auro 108, ungiftig, nat\u00fcrliche Inhaltsstoffe. Ohne sichtbare Dr\u00e4hte und Befestigungen. LED-Batterielebensdauer von 50000 h oder 91 Jahren. (durchschnittliche Nutzung 1,5...\" \/>\n<meta property=\"og:url\" content=\"https:\/\/radis.ee\/de\/stehlampe-moon\/\" \/>\n<meta property=\"og:site_name\" content=\"Radis\" \/>\n<meta property=\"article:publisher\" content=\"https:\/\/www.facebook.com\/radisfurniture\/\" \/>\n<meta property=\"article:modified_time\" content=\"2023-09-17T14:01:42+00:00\" \/>\n<meta property=\"og:image\" content=\"https:\/\/radis.ee\/wp-content\/uploads\/2023\/01\/Radis_floor_lamp_MOON-Handcrafted-Design-Wooden-Floor-Lamp_3-scaled.jpg\" \/>\n\t<meta property=\"og:image:width\" content=\"1600\" \/>\n\t<meta property=\"og:image:height\" content=\"2560\" \/>\n\t<meta property=\"og:image:type\" content=\"image\/jpeg\" \/>\n<meta name=\"twitter:card\" content=\"summary_large_image\" \/>\n<script type=\"application\/ld+json\" class=\"yoast-schema-graph\">{\"@context\":\"https:\\\/\\\/schema.org\",\"@graph\":[{\"@type\":\"WebPage\",\"@id\":\"https:\\\/\\\/radis.ee\\\/de\\\/stehlampe-moon\\\/\",\"url\":\"https:\\\/\\\/radis.ee\\\/de\\\/stehlampe-moon\\\/\",\"name\":\"Stehlampe MOON - Radis\",\"isPartOf\":{\"@id\":\"https:\\\/\\\/radis.ee\\\/#website\"},\"primaryImageOfPage\":{\"@id\":\"https:\\\/\\\/radis.ee\\\/de\\\/stehlampe-moon\\\/#primaryimage\"},\"image\":{\"@id\":\"https:\\\/\\\/radis.ee\\\/de\\\/stehlampe-moon\\\/#primaryimage\"},\"thumbnailUrl\":\"https:\\\/\\\/radis.ee\\\/wp-content\\\/uploads\\\/2023\\\/01\\\/Radis_floor_lamp_MOON-Handcrafted-Design-Wooden-Floor-Lamp_3-scaled.jpg\",\"datePublished\":\"2023-01-12T15:53:57+00:00\",\"dateModified\":\"2023-09-17T14:01:42+00:00\",\"breadcrumb\":{\"@id\":\"https:\\\/\\\/radis.ee\\\/de\\\/stehlampe-moon\\\/#breadcrumb\"},\"inLanguage\":\"de\",\"potentialAction\":[{\"@type\":\"ReadAction\",\"target\":[\"https:\\\/\\\/radis.ee\\\/de\\\/stehlampe-moon\\\/\"]}]},{\"@type\":\"ImageObject\",\"inLanguage\":\"de\",\"@id\":\"https:\\\/\\\/radis.ee\\\/de\\\/stehlampe-moon\\\/#primaryimage\",\"url\":\"https:\\\/\\\/radis.ee\\\/wp-content\\\/uploads\\\/2023\\\/01\\\/Radis_floor_lamp_MOON-Handcrafted-Design-Wooden-Floor-Lamp_3-scaled.jpg\",\"contentUrl\":\"https:\\\/\\\/radis.ee\\\/wp-content\\\/uploads\\\/2023\\\/01\\\/Radis_floor_lamp_MOON-Handcrafted-Design-Wooden-Floor-Lamp_3-scaled.jpg\",\"width\":1600,\"height\":2560,\"caption\":\"Radis floor lamp MOON oilwaxed plywood\"},{\"@type\":\"BreadcrumbList\",\"@id\":\"https:\\\/\\\/radis.ee\\\/de\\\/stehlampe-moon\\\/#breadcrumb\",\"itemListElement\":[{\"@type\":\"ListItem\",\"position\":1,\"name\":\"Home\",\"item\":\"https:\\\/\\\/radis.ee\\\/\"},{\"@type\":\"ListItem\",\"position\":2,\"name\":\"Produkte\",\"item\":\"https:\\\/\\\/radis.ee\\\/de\\\/produkte\\\/\"},{\"@type\":\"ListItem\",\"position\":3,\"name\":\"Stehlampe MOON\"}]},{\"@type\":\"WebSite\",\"@id\":\"https:\\\/\\\/radis.ee\\\/#website\",\"url\":\"https:\\\/\\\/radis.ee\\\/\",\"name\":\"Radis\",\"description\":\"Nordic design furniture, environmentally friendly and sustainable.\",\"publisher\":{\"@id\":\"https:\\\/\\\/radis.ee\\\/#organization\"},\"potentialAction\":[{\"@type\":\"SearchAction\",\"target\":{\"@type\":\"EntryPoint\",\"urlTemplate\":\"https:\\\/\\\/radis.ee\\\/?s={search_term_string}\"},\"query-input\":{\"@type\":\"PropertyValueSpecification\",\"valueRequired\":true,\"valueName\":\"search_term_string\"}}],\"inLanguage\":\"de\"},{\"@type\":\"Organization\",\"@id\":\"https:\\\/\\\/radis.ee\\\/#organization\",\"name\":\"Radis O\u00dc\",\"url\":\"https:\\\/\\\/radis.ee\\\/\",\"logo\":{\"@type\":\"ImageObject\",\"inLanguage\":\"de\",\"@id\":\"https:\\\/\\\/radis.ee\\\/#\\\/schema\\\/logo\\\/image\\\/\",\"url\":\"https:\\\/\\\/radis.ee\\\/wp-content\\\/uploads\\\/2020\\\/10\\\/Radis-logo.png\",\"contentUrl\":\"https:\\\/\\\/radis.ee\\\/wp-content\\\/uploads\\\/2020\\\/10\\\/Radis-logo.png\",\"width\":300,\"height\":63,\"caption\":\"Radis O\u00dc\"},\"image\":{\"@id\":\"https:\\\/\\\/radis.ee\\\/#\\\/schema\\\/logo\\\/image\\\/\"},\"sameAs\":[\"https:\\\/\\\/www.facebook.com\\\/radisfurniture\\\/\"]}]}<\/script>\n<!-- \/ Yoast SEO plugin. -->","yoast_head_json":{"title":"Stehlampe MOON - Radis","robots":{"index":"index","follow":"follow","max-snippet":"max-snippet:-1","max-image-preview":"max-image-preview:large","max-video-preview":"max-video-preview:-1"},"canonical":"https:\/\/radis.ee\/de\/stehlampe-moon\/","og_locale":"de_DE","og_type":"article","og_title":"Stehlampe MOON - Radis","og_description":"Inspiriert von der Kurve des Mondes wird diese galante Stehlampe zu vielen gro\u00dfen Taten inspirieren. Zeitloses Design, einzigartige technische Ausf\u00fchrung, die der Leuchte eine einzigartige Streifenlinie verleiht. Aus naturbelassenem Birkensperrholz, Handarbeit, ge\u00f6lt mit deutschem Qualit\u00e4ts\u00f6l Auro 108, ungiftig, nat\u00fcrliche Inhaltsstoffe. Ohne sichtbare Dr\u00e4hte und Befestigungen. LED-Batterielebensdauer von 50000 h oder 91 Jahren. (durchschnittliche Nutzung 1,5...","og_url":"https:\/\/radis.ee\/de\/stehlampe-moon\/","og_site_name":"Radis","article_publisher":"https:\/\/www.facebook.com\/radisfurniture\/","article_modified_time":"2023-09-17T14:01:42+00:00","og_image":[{"width":1600,"height":2560,"url":"https:\/\/radis.ee\/wp-content\/uploads\/2023\/01\/Radis_floor_lamp_MOON-Handcrafted-Design-Wooden-Floor-Lamp_3-scaled.jpg","type":"image\/jpeg"}],"twitter_card":"summary_large_image","schema":{"@context":"https:\/\/schema.org","@graph":[{"@type":"WebPage","@id":"https:\/\/radis.ee\/de\/stehlampe-moon\/","url":"https:\/\/radis.ee\/de\/stehlampe-moon\/","name":"Stehlampe MOON - Radis","isPartOf":{"@id":"https:\/\/radis.ee\/#website"},"primaryImageOfPage":{"@id":"https:\/\/radis.ee\/de\/stehlampe-moon\/#primaryimage"},"image":{"@id":"https:\/\/radis.ee\/de\/stehlampe-moon\/#primaryimage"},"thumbnailUrl":"https:\/\/radis.ee\/wp-content\/uploads\/2023\/01\/Radis_floor_lamp_MOON-Handcrafted-Design-Wooden-Floor-Lamp_3-scaled.jpg","datePublished":"2023-01-12T15:53:57+00:00","dateModified":"2023-09-17T14:01:42+00:00","breadcrumb":{"@id":"https:\/\/radis.ee\/de\/stehlampe-moon\/#breadcrumb"},"inLanguage":"de","potentialAction":[{"@type":"ReadAction","target":["https:\/\/radis.ee\/de\/stehlampe-moon\/"]}]},{"@type":"ImageObject","inLanguage":"de","@id":"https:\/\/radis.ee\/de\/stehlampe-moon\/#primaryimage","url":"https:\/\/radis.ee\/wp-content\/uploads\/2023\/01\/Radis_floor_lamp_MOON-Handcrafted-Design-Wooden-Floor-Lamp_3-scaled.jpg","contentUrl":"https:\/\/radis.ee\/wp-content\/uploads\/2023\/01\/Radis_floor_lamp_MOON-Handcrafted-Design-Wooden-Floor-Lamp_3-scaled.jpg","width":1600,"height":2560,"caption":"Radis floor lamp MOON oilwaxed plywood"},{"@type":"BreadcrumbList","@id":"https:\/\/radis.ee\/de\/stehlampe-moon\/#breadcrumb","itemListElement":[{"@type":"ListItem","position":1,"name":"Home","item":"https:\/\/radis.ee\/"},{"@type":"ListItem","position":2,"name":"Produkte","item":"https:\/\/radis.ee\/de\/produkte\/"},{"@type":"ListItem","position":3,"name":"Stehlampe MOON"}]},{"@type":"WebSite","@id":"https:\/\/radis.ee\/#website","url":"https:\/\/radis.ee\/","name":"Radis","description":"Nordic design furniture, environmentally friendly and sustainable.","publisher":{"@id":"https:\/\/radis.ee\/#organization"},"potentialAction":[{"@type":"SearchAction","target":{"@type":"EntryPoint","urlTemplate":"https:\/\/radis.ee\/?s={search_term_string}"},"query-input":{"@type":"PropertyValueSpecification","valueRequired":true,"valueName":"search_term_string"}}],"inLanguage":"de"},{"@type":"Organization","@id":"https:\/\/radis.ee\/#organization","name":"Radis O\u00dc","url":"https:\/\/radis.ee\/","logo":{"@type":"ImageObject","inLanguage":"de","@id":"https:\/\/radis.ee\/#\/schema\/logo\/image\/","url":"https:\/\/radis.ee\/wp-content\/uploads\/2020\/10\/Radis-logo.png","contentUrl":"https:\/\/radis.ee\/wp-content\/uploads\/2020\/10\/Radis-logo.png","width":300,"height":63,"caption":"Radis O\u00dc"},"image":{"@id":"https:\/\/radis.ee\/#\/schema\/logo\/image\/"},"sameAs":["https:\/\/www.facebook.com\/radisfurniture\/"]}]}},"_links":{"self":[{"href":"https:\/\/radis.ee\/de\/wp-json\/wp\/v2\/product\/20631","targetHints":{"allow":["GET"]}}],"collection":[{"href":"https:\/\/radis.ee\/de\/wp-json\/wp\/v2\/product"}],"about":[{"href":"https:\/\/radis.ee\/de\/wp-json\/wp\/v2\/types\/product"}],"replies":[{"embeddable":true,"href":"https:\/\/radis.ee\/de\/wp-json\/wp\/v2\/comments?post=20631"}],"wp:featuredmedia":[{"embeddable":true,"href":"https:\/\/radis.ee\/de\/wp-json\/wp\/v2\/media\/20641"}],"wp:attachment":[{"href":"https:\/\/radis.ee\/de\/wp-json\/wp\/v2\/media?parent=20631"}],"wp:term":[{"taxonomy":"product_brand","embeddable":true,"href":"https:\/\/radis.ee\/de\/wp-json\/wp\/v2\/product_brand?post=20631"},{"taxonomy":"product_cat","embeddable":true,"href":"https:\/\/radis.ee\/de\/wp-json\/wp\/v2\/product_cat?post=20631"},{"taxonomy":"product_tag","embeddable":true,"href":"https:\/\/radis.ee\/de\/wp-json\/wp\/v2\/product_tag?post=20631"}],"curies":[{"name":"wp","href":"https:\/\/api.w.org\/{rel}","templated":true}]}}