{"id":20692,"date":"2022-07-12T17:15:22","date_gmt":"2023-01-21T15:15:23","guid":{"rendered":"https:\/\/radis.ee\/?post_type=product&#038;p=20692"},"modified":"2024-06-12T23:37:23","modified_gmt":"2024-06-12T20:37:23","slug":"tischlampe-space","status":"publish","type":"product","link":"https:\/\/radis.ee\/de\/tischlampe-space\/","title":{"rendered":"Tischlampe SPACE"},"content":{"rendered":"<p>Elegant geschwungene Tischleuchte, deren sanftes Licht Ihre Tr\u00e4ume befl\u00fcgelt.<\/p>\n<p>Zeitloses Design, einzigartige technische Ausf\u00fchrung, die der Leuchte eine einzigartige Streifenlinie verleiht.<\/p>\n<p>Aus naturbelassenem Birkensperrholz oder aus massiver Eiche, Handarbeit, ge\u00f6lt mit deutschem Qualit\u00e4ts\u00f6l Auro 108, ungiftig, nat\u00fcrliche Inhaltsstoffe.<\/p>\n<p>LED-Batterielebensdauer von 50000 h oder 91 Jahren (durchschnittliche Nutzung 1,5 h \/ Tag). Einzigartiger ber\u00fchrungsempfindlicher Schalter durch das Holz, mit 0-100% Dimmfunktion. Sichere 24V Niederspannung f\u00fcr Familienmitglieder jeden Alters. Garantie f\u00fcr 7 Jahre. LED 8,65 W. Kelvin: 3000K.<\/p>\n<p>Designer: Erkki Kivastik<\/p>\n","protected":false},"excerpt":{"rendered":"<p>Elegant geschwungene Tischleuchte, deren sanftes Licht Ihre Tr\u00e4ume befl\u00fcgelt. Zeitloses Design, einzigartige technische Ausf\u00fchrung, die der Leuchte eine einzigartige Streifenlinie verleiht. Aus naturbelassenem Birkensperrholz oder aus massiver Eiche, Handarbeit, ge\u00f6lt mit deutschem Qualit\u00e4ts\u00f6l Auro 108, ungiftig, nat\u00fcrliche Inhaltsstoffe. LED-Batterielebensdauer von 50000 h oder 91 Jahren (durchschnittliche Nutzung 1,5 h \/ Tag). Einzigartiger ber\u00fchrungsempfindlicher Schalter durch&#8230;<\/p>\n","protected":false},"featured_media":20702,"comment_status":"open","ping_status":"closed","template":"","meta":{"_acf_changed":false},"product_brand":[],"product_cat":[34],"product_tag":[],"class_list":{"0":"post-20692","1":"product","2":"type-product","3":"status-publish","4":"has-post-thumbnail","6":"product_cat-aksessuaarid","8":"first","9":"instock","10":"sale","11":"taxable","12":"shipping-taxable","13":"purchasable","14":"product-type-variable","15":"has-default-attributes"},"acf":[],"yoast_head":"<!-- This site is optimized with the Yoast SEO plugin v27.4 - https:\/\/yoast.com\/product\/yoast-seo-wordpress\/ -->\n<title>Tischlampe SPACE - Radis<\/title>\n<meta name=\"robots\" content=\"index, follow, max-snippet:-1, max-image-preview:large, max-video-preview:-1\" \/>\n<link rel=\"canonical\" href=\"https:\/\/radis.ee\/de\/tischlampe-space\/\" \/>\n<meta property=\"og:locale\" content=\"de_DE\" \/>\n<meta property=\"og:type\" content=\"article\" \/>\n<meta property=\"og:title\" content=\"Tischlampe SPACE - Radis\" \/>\n<meta property=\"og:description\" content=\"Elegant geschwungene Tischleuchte, deren sanftes Licht Ihre Tr\u00e4ume befl\u00fcgelt. Zeitloses Design, einzigartige technische Ausf\u00fchrung, die der Leuchte eine einzigartige Streifenlinie verleiht. Aus naturbelassenem Birkensperrholz oder aus massiver Eiche, Handarbeit, ge\u00f6lt mit deutschem Qualit\u00e4ts\u00f6l Auro 108, ungiftig, nat\u00fcrliche Inhaltsstoffe. LED-Batterielebensdauer von 50000 h oder 91 Jahren (durchschnittliche Nutzung 1,5 h \/ Tag). Einzigartiger ber\u00fchrungsempfindlicher Schalter durch...\" \/>\n<meta property=\"og:url\" content=\"https:\/\/radis.ee\/de\/tischlampe-space\/\" \/>\n<meta property=\"og:site_name\" content=\"Radis\" \/>\n<meta property=\"article:publisher\" content=\"https:\/\/www.facebook.com\/radisfurniture\/\" \/>\n<meta property=\"article:modified_time\" content=\"2024-06-12T20:37:23+00:00\" \/>\n<meta property=\"og:image\" content=\"https:\/\/radis.ee\/wp-content\/uploads\/2023\/01\/Radis_table_lamp_-SPACE_Handcrafted-Wooden-Desing-Lamps_Handcrafted-Design.png\" \/>\n\t<meta property=\"og:image:width\" content=\"2200\" \/>\n\t<meta property=\"og:image:height\" content=\"2620\" \/>\n\t<meta property=\"og:image:type\" content=\"image\/png\" \/>\n<meta name=\"twitter:card\" content=\"summary_large_image\" \/>\n<script type=\"application\/ld+json\" class=\"yoast-schema-graph\">{\"@context\":\"https:\\\/\\\/schema.org\",\"@graph\":[{\"@type\":\"WebPage\",\"@id\":\"https:\\\/\\\/radis.ee\\\/de\\\/tischlampe-space\\\/\",\"url\":\"https:\\\/\\\/radis.ee\\\/de\\\/tischlampe-space\\\/\",\"name\":\"Tischlampe SPACE - Radis\",\"isPartOf\":{\"@id\":\"https:\\\/\\\/radis.ee\\\/#website\"},\"primaryImageOfPage\":{\"@id\":\"https:\\\/\\\/radis.ee\\\/de\\\/tischlampe-space\\\/#primaryimage\"},\"image\":{\"@id\":\"https:\\\/\\\/radis.ee\\\/de\\\/tischlampe-space\\\/#primaryimage\"},\"thumbnailUrl\":\"https:\\\/\\\/radis.ee\\\/wp-content\\\/uploads\\\/2023\\\/01\\\/Radis_table_lamp_-SPACE_Handcrafted-Wooden-Desing-Lamps_Handcrafted-Design.png\",\"datePublished\":\"2023-01-21T15:15:23+00:00\",\"dateModified\":\"2024-06-12T20:37:23+00:00\",\"breadcrumb\":{\"@id\":\"https:\\\/\\\/radis.ee\\\/de\\\/tischlampe-space\\\/#breadcrumb\"},\"inLanguage\":\"de\",\"potentialAction\":[{\"@type\":\"ReadAction\",\"target\":[\"https:\\\/\\\/radis.ee\\\/de\\\/tischlampe-space\\\/\"]}]},{\"@type\":\"ImageObject\",\"inLanguage\":\"de\",\"@id\":\"https:\\\/\\\/radis.ee\\\/de\\\/tischlampe-space\\\/#primaryimage\",\"url\":\"https:\\\/\\\/radis.ee\\\/wp-content\\\/uploads\\\/2023\\\/01\\\/Radis_table_lamp_-SPACE_Handcrafted-Wooden-Desing-Lamps_Handcrafted-Design.png\",\"contentUrl\":\"https:\\\/\\\/radis.ee\\\/wp-content\\\/uploads\\\/2023\\\/01\\\/Radis_table_lamp_-SPACE_Handcrafted-Wooden-Desing-Lamps_Handcrafted-Design.png\",\"width\":2200,\"height\":2620,\"caption\":\"Radis table lamp SPACE plywood oilwaxed\"},{\"@type\":\"BreadcrumbList\",\"@id\":\"https:\\\/\\\/radis.ee\\\/de\\\/tischlampe-space\\\/#breadcrumb\",\"itemListElement\":[{\"@type\":\"ListItem\",\"position\":1,\"name\":\"Home\",\"item\":\"https:\\\/\\\/radis.ee\\\/\"},{\"@type\":\"ListItem\",\"position\":2,\"name\":\"Produkte\",\"item\":\"https:\\\/\\\/radis.ee\\\/de\\\/produkte\\\/\"},{\"@type\":\"ListItem\",\"position\":3,\"name\":\"Tischlampe SPACE\"}]},{\"@type\":\"WebSite\",\"@id\":\"https:\\\/\\\/radis.ee\\\/#website\",\"url\":\"https:\\\/\\\/radis.ee\\\/\",\"name\":\"Radis\",\"description\":\"Nordic design furniture, environmentally friendly and sustainable.\",\"publisher\":{\"@id\":\"https:\\\/\\\/radis.ee\\\/#organization\"},\"potentialAction\":[{\"@type\":\"SearchAction\",\"target\":{\"@type\":\"EntryPoint\",\"urlTemplate\":\"https:\\\/\\\/radis.ee\\\/?s={search_term_string}\"},\"query-input\":{\"@type\":\"PropertyValueSpecification\",\"valueRequired\":true,\"valueName\":\"search_term_string\"}}],\"inLanguage\":\"de\"},{\"@type\":\"Organization\",\"@id\":\"https:\\\/\\\/radis.ee\\\/#organization\",\"name\":\"Radis O\u00dc\",\"url\":\"https:\\\/\\\/radis.ee\\\/\",\"logo\":{\"@type\":\"ImageObject\",\"inLanguage\":\"de\",\"@id\":\"https:\\\/\\\/radis.ee\\\/#\\\/schema\\\/logo\\\/image\\\/\",\"url\":\"https:\\\/\\\/radis.ee\\\/wp-content\\\/uploads\\\/2020\\\/10\\\/Radis-logo.png\",\"contentUrl\":\"https:\\\/\\\/radis.ee\\\/wp-content\\\/uploads\\\/2020\\\/10\\\/Radis-logo.png\",\"width\":300,\"height\":63,\"caption\":\"Radis O\u00dc\"},\"image\":{\"@id\":\"https:\\\/\\\/radis.ee\\\/#\\\/schema\\\/logo\\\/image\\\/\"},\"sameAs\":[\"https:\\\/\\\/www.facebook.com\\\/radisfurniture\\\/\"]}]}<\/script>\n<!-- \/ Yoast SEO plugin. -->","yoast_head_json":{"title":"Tischlampe SPACE - Radis","robots":{"index":"index","follow":"follow","max-snippet":"max-snippet:-1","max-image-preview":"max-image-preview:large","max-video-preview":"max-video-preview:-1"},"canonical":"https:\/\/radis.ee\/de\/tischlampe-space\/","og_locale":"de_DE","og_type":"article","og_title":"Tischlampe SPACE - Radis","og_description":"Elegant geschwungene Tischleuchte, deren sanftes Licht Ihre Tr\u00e4ume befl\u00fcgelt. Zeitloses Design, einzigartige technische Ausf\u00fchrung, die der Leuchte eine einzigartige Streifenlinie verleiht. Aus naturbelassenem Birkensperrholz oder aus massiver Eiche, Handarbeit, ge\u00f6lt mit deutschem Qualit\u00e4ts\u00f6l Auro 108, ungiftig, nat\u00fcrliche Inhaltsstoffe. LED-Batterielebensdauer von 50000 h oder 91 Jahren (durchschnittliche Nutzung 1,5 h \/ Tag). Einzigartiger ber\u00fchrungsempfindlicher Schalter durch...","og_url":"https:\/\/radis.ee\/de\/tischlampe-space\/","og_site_name":"Radis","article_publisher":"https:\/\/www.facebook.com\/radisfurniture\/","article_modified_time":"2024-06-12T20:37:23+00:00","og_image":[{"width":2200,"height":2620,"url":"https:\/\/radis.ee\/wp-content\/uploads\/2023\/01\/Radis_table_lamp_-SPACE_Handcrafted-Wooden-Desing-Lamps_Handcrafted-Design.png","type":"image\/png"}],"twitter_card":"summary_large_image","schema":{"@context":"https:\/\/schema.org","@graph":[{"@type":"WebPage","@id":"https:\/\/radis.ee\/de\/tischlampe-space\/","url":"https:\/\/radis.ee\/de\/tischlampe-space\/","name":"Tischlampe SPACE - Radis","isPartOf":{"@id":"https:\/\/radis.ee\/#website"},"primaryImageOfPage":{"@id":"https:\/\/radis.ee\/de\/tischlampe-space\/#primaryimage"},"image":{"@id":"https:\/\/radis.ee\/de\/tischlampe-space\/#primaryimage"},"thumbnailUrl":"https:\/\/radis.ee\/wp-content\/uploads\/2023\/01\/Radis_table_lamp_-SPACE_Handcrafted-Wooden-Desing-Lamps_Handcrafted-Design.png","datePublished":"2023-01-21T15:15:23+00:00","dateModified":"2024-06-12T20:37:23+00:00","breadcrumb":{"@id":"https:\/\/radis.ee\/de\/tischlampe-space\/#breadcrumb"},"inLanguage":"de","potentialAction":[{"@type":"ReadAction","target":["https:\/\/radis.ee\/de\/tischlampe-space\/"]}]},{"@type":"ImageObject","inLanguage":"de","@id":"https:\/\/radis.ee\/de\/tischlampe-space\/#primaryimage","url":"https:\/\/radis.ee\/wp-content\/uploads\/2023\/01\/Radis_table_lamp_-SPACE_Handcrafted-Wooden-Desing-Lamps_Handcrafted-Design.png","contentUrl":"https:\/\/radis.ee\/wp-content\/uploads\/2023\/01\/Radis_table_lamp_-SPACE_Handcrafted-Wooden-Desing-Lamps_Handcrafted-Design.png","width":2200,"height":2620,"caption":"Radis table lamp SPACE plywood oilwaxed"},{"@type":"BreadcrumbList","@id":"https:\/\/radis.ee\/de\/tischlampe-space\/#breadcrumb","itemListElement":[{"@type":"ListItem","position":1,"name":"Home","item":"https:\/\/radis.ee\/"},{"@type":"ListItem","position":2,"name":"Produkte","item":"https:\/\/radis.ee\/de\/produkte\/"},{"@type":"ListItem","position":3,"name":"Tischlampe SPACE"}]},{"@type":"WebSite","@id":"https:\/\/radis.ee\/#website","url":"https:\/\/radis.ee\/","name":"Radis","description":"Nordic design furniture, environmentally friendly and sustainable.","publisher":{"@id":"https:\/\/radis.ee\/#organization"},"potentialAction":[{"@type":"SearchAction","target":{"@type":"EntryPoint","urlTemplate":"https:\/\/radis.ee\/?s={search_term_string}"},"query-input":{"@type":"PropertyValueSpecification","valueRequired":true,"valueName":"search_term_string"}}],"inLanguage":"de"},{"@type":"Organization","@id":"https:\/\/radis.ee\/#organization","name":"Radis O\u00dc","url":"https:\/\/radis.ee\/","logo":{"@type":"ImageObject","inLanguage":"de","@id":"https:\/\/radis.ee\/#\/schema\/logo\/image\/","url":"https:\/\/radis.ee\/wp-content\/uploads\/2020\/10\/Radis-logo.png","contentUrl":"https:\/\/radis.ee\/wp-content\/uploads\/2020\/10\/Radis-logo.png","width":300,"height":63,"caption":"Radis O\u00dc"},"image":{"@id":"https:\/\/radis.ee\/#\/schema\/logo\/image\/"},"sameAs":["https:\/\/www.facebook.com\/radisfurniture\/"]}]}},"_links":{"self":[{"href":"https:\/\/radis.ee\/de\/wp-json\/wp\/v2\/product\/20692","targetHints":{"allow":["GET"]}}],"collection":[{"href":"https:\/\/radis.ee\/de\/wp-json\/wp\/v2\/product"}],"about":[{"href":"https:\/\/radis.ee\/de\/wp-json\/wp\/v2\/types\/product"}],"replies":[{"embeddable":true,"href":"https:\/\/radis.ee\/de\/wp-json\/wp\/v2\/comments?post=20692"}],"wp:featuredmedia":[{"embeddable":true,"href":"https:\/\/radis.ee\/de\/wp-json\/wp\/v2\/media\/20702"}],"wp:attachment":[{"href":"https:\/\/radis.ee\/de\/wp-json\/wp\/v2\/media?parent=20692"}],"wp:term":[{"taxonomy":"product_brand","embeddable":true,"href":"https:\/\/radis.ee\/de\/wp-json\/wp\/v2\/product_brand?post=20692"},{"taxonomy":"product_cat","embeddable":true,"href":"https:\/\/radis.ee\/de\/wp-json\/wp\/v2\/product_cat?post=20692"},{"taxonomy":"product_tag","embeddable":true,"href":"https:\/\/radis.ee\/de\/wp-json\/wp\/v2\/product_tag?post=20692"}],"curies":[{"name":"wp","href":"https:\/\/api.w.org\/{rel}","templated":true}]}}