{"id":21291,"date":"2019-04-20T23:00:32","date_gmt":"2019-04-20T20:00:32","guid":{"rendered":"https:\/\/radis.ee\/?post_type=product&#038;p=21291"},"modified":"2025-11-26T15:27:12","modified_gmt":"2025-11-26T13:27:12","slug":"wandregal-criss","status":"publish","type":"product","link":"https:\/\/radis.ee\/de\/wandregal-criss\/","title":{"rendered":"Wandregal CRISS"},"content":{"rendered":"<p>Shelf Criss ist wie eine kleine Schwester des Radis Criss-Cross Regals. Geometrisch und luftig, hat es eine atemberaubende und zeitlose Form und ist eine Hommage an minimalistische Innenr\u00e4ume. Die R\u00fcckwand f\u00fcgt einen Hauch von Robustheit hinzu, w\u00e4hrend die Regale selbst sich in die Unendlichkeit zu erstrecken scheinen und Criss angenehm f\u00fcr das Auge machen.<\/p>\n<p>Unterschiedliche Ablagefl\u00e4chen im Regal schaffen F\u00e4cher und sind eine gute M\u00f6glichkeit, Dinge zur Schau zu stellen. Aber seien wir mal ehrlich \u2013 Criss ist auch im leeren Zustand ein spektakul\u00e4rer Anblick!<\/p>\n<p>Aus Birkensperrholz, auch eichenfurniert, ge\u00f6lt und gewachst.<\/p>\n<p><strong>Bei Bestellungen \u00fcber 2000 Euro erhalten Sie das Wandregal CRISS automatisch gratis dazu! Geben Sie einfach Ihren Wunschfarbton in den Bestellhinweisen an.<\/strong><\/p>\n","protected":false},"excerpt":{"rendered":"<p>Shelf Criss ist wie eine kleine Schwester des Radis Criss-Cross Regals. Geometrisch und luftig, hat es eine atemberaubende und zeitlose Form und ist eine Hommage an minimalistische Innenr\u00e4ume. Die R\u00fcckwand f\u00fcgt einen Hauch von Robustheit hinzu, w\u00e4hrend die Regale selbst sich in die Unendlichkeit zu erstrecken scheinen und Criss angenehm f\u00fcr das Auge machen. Unterschiedliche&#8230;<\/p>\n","protected":false},"featured_media":21357,"comment_status":"open","ping_status":"closed","template":"","meta":{"_acf_changed":false},"product_brand":[],"product_cat":[109],"product_tag":[],"class_list":{"0":"post-21291","1":"product","2":"type-product","3":"status-publish","4":"has-post-thumbnail","6":"product_cat-riiulid","8":"first","9":"instock","10":"taxable","11":"shipping-taxable","12":"purchasable","13":"product-type-variable","14":"has-default-attributes"},"acf":[],"yoast_head":"<!-- This site is optimized with the Yoast SEO plugin v27.4 - https:\/\/yoast.com\/product\/yoast-seo-wordpress\/ -->\n<title>Wandregal CRISS - Radis<\/title>\n<meta name=\"robots\" content=\"index, follow, max-snippet:-1, max-image-preview:large, max-video-preview:-1\" \/>\n<link rel=\"canonical\" href=\"https:\/\/radis.ee\/de\/wandregal-criss\/\" \/>\n<meta property=\"og:locale\" content=\"de_DE\" \/>\n<meta property=\"og:type\" content=\"article\" \/>\n<meta property=\"og:title\" content=\"Wandregal CRISS - Radis\" \/>\n<meta property=\"og:description\" content=\"Shelf Criss ist wie eine kleine Schwester des Radis Criss-Cross Regals. Geometrisch und luftig, hat es eine atemberaubende und zeitlose Form und ist eine Hommage an minimalistische Innenr\u00e4ume. Die R\u00fcckwand f\u00fcgt einen Hauch von Robustheit hinzu, w\u00e4hrend die Regale selbst sich in die Unendlichkeit zu erstrecken scheinen und Criss angenehm f\u00fcr das Auge machen. Unterschiedliche...\" \/>\n<meta property=\"og:url\" content=\"https:\/\/radis.ee\/de\/wandregal-criss\/\" \/>\n<meta property=\"og:site_name\" content=\"Radis\" \/>\n<meta property=\"article:publisher\" content=\"https:\/\/www.facebook.com\/radisfurniture\/\" \/>\n<meta property=\"article:modified_time\" content=\"2025-11-26T13:27:12+00:00\" \/>\n<meta property=\"og:image\" content=\"https:\/\/radis.ee\/wp-content\/uploads\/2023\/03\/Radis_wall_shelf_CRISS_Oak_veneered_background.jpg\" \/>\n\t<meta property=\"og:image:width\" content=\"743\" \/>\n\t<meta property=\"og:image:height\" content=\"624\" \/>\n\t<meta property=\"og:image:type\" content=\"image\/jpeg\" \/>\n<meta name=\"twitter:card\" content=\"summary_large_image\" \/>\n<meta name=\"twitter:label1\" content=\"Gesch\u00e4tzte Lesezeit\" \/>\n\t<meta name=\"twitter:data1\" content=\"1\u00a0Minute\" \/>\n<script type=\"application\/ld+json\" class=\"yoast-schema-graph\">{\"@context\":\"https:\\\/\\\/schema.org\",\"@graph\":[{\"@type\":\"WebPage\",\"@id\":\"https:\\\/\\\/radis.ee\\\/de\\\/wandregal-criss\\\/\",\"url\":\"https:\\\/\\\/radis.ee\\\/de\\\/wandregal-criss\\\/\",\"name\":\"Wandregal CRISS - Radis\",\"isPartOf\":{\"@id\":\"https:\\\/\\\/radis.ee\\\/#website\"},\"primaryImageOfPage\":{\"@id\":\"https:\\\/\\\/radis.ee\\\/de\\\/wandregal-criss\\\/#primaryimage\"},\"image\":{\"@id\":\"https:\\\/\\\/radis.ee\\\/de\\\/wandregal-criss\\\/#primaryimage\"},\"thumbnailUrl\":\"https:\\\/\\\/radis.ee\\\/wp-content\\\/uploads\\\/2023\\\/03\\\/Radis_wall_shelf_CRISS_Oak_veneered_background.jpg\",\"datePublished\":\"2019-04-20T20:00:32+00:00\",\"dateModified\":\"2025-11-26T13:27:12+00:00\",\"breadcrumb\":{\"@id\":\"https:\\\/\\\/radis.ee\\\/de\\\/wandregal-criss\\\/#breadcrumb\"},\"inLanguage\":\"de\",\"potentialAction\":[{\"@type\":\"ReadAction\",\"target\":[\"https:\\\/\\\/radis.ee\\\/de\\\/wandregal-criss\\\/\"]}]},{\"@type\":\"ImageObject\",\"inLanguage\":\"de\",\"@id\":\"https:\\\/\\\/radis.ee\\\/de\\\/wandregal-criss\\\/#primaryimage\",\"url\":\"https:\\\/\\\/radis.ee\\\/wp-content\\\/uploads\\\/2023\\\/03\\\/Radis_wall_shelf_CRISS_Oak_veneered_background.jpg\",\"contentUrl\":\"https:\\\/\\\/radis.ee\\\/wp-content\\\/uploads\\\/2023\\\/03\\\/Radis_wall_shelf_CRISS_Oak_veneered_background.jpg\",\"width\":743,\"height\":624,\"caption\":\"Radis Furniture wall shelf CRISS oak veneered\"},{\"@type\":\"BreadcrumbList\",\"@id\":\"https:\\\/\\\/radis.ee\\\/de\\\/wandregal-criss\\\/#breadcrumb\",\"itemListElement\":[{\"@type\":\"ListItem\",\"position\":1,\"name\":\"Home\",\"item\":\"https:\\\/\\\/radis.ee\\\/\"},{\"@type\":\"ListItem\",\"position\":2,\"name\":\"Produkte\",\"item\":\"https:\\\/\\\/radis.ee\\\/de\\\/produkte\\\/\"},{\"@type\":\"ListItem\",\"position\":3,\"name\":\"Wandregal CRISS\"}]},{\"@type\":\"WebSite\",\"@id\":\"https:\\\/\\\/radis.ee\\\/#website\",\"url\":\"https:\\\/\\\/radis.ee\\\/\",\"name\":\"Radis\",\"description\":\"Nordic design furniture, environmentally friendly and sustainable.\",\"publisher\":{\"@id\":\"https:\\\/\\\/radis.ee\\\/#organization\"},\"potentialAction\":[{\"@type\":\"SearchAction\",\"target\":{\"@type\":\"EntryPoint\",\"urlTemplate\":\"https:\\\/\\\/radis.ee\\\/?s={search_term_string}\"},\"query-input\":{\"@type\":\"PropertyValueSpecification\",\"valueRequired\":true,\"valueName\":\"search_term_string\"}}],\"inLanguage\":\"de\"},{\"@type\":\"Organization\",\"@id\":\"https:\\\/\\\/radis.ee\\\/#organization\",\"name\":\"Radis O\u00dc\",\"url\":\"https:\\\/\\\/radis.ee\\\/\",\"logo\":{\"@type\":\"ImageObject\",\"inLanguage\":\"de\",\"@id\":\"https:\\\/\\\/radis.ee\\\/#\\\/schema\\\/logo\\\/image\\\/\",\"url\":\"https:\\\/\\\/radis.ee\\\/wp-content\\\/uploads\\\/2020\\\/10\\\/Radis-logo.png\",\"contentUrl\":\"https:\\\/\\\/radis.ee\\\/wp-content\\\/uploads\\\/2020\\\/10\\\/Radis-logo.png\",\"width\":300,\"height\":63,\"caption\":\"Radis O\u00dc\"},\"image\":{\"@id\":\"https:\\\/\\\/radis.ee\\\/#\\\/schema\\\/logo\\\/image\\\/\"},\"sameAs\":[\"https:\\\/\\\/www.facebook.com\\\/radisfurniture\\\/\"]}]}<\/script>\n<!-- \/ Yoast SEO plugin. -->","yoast_head_json":{"title":"Wandregal CRISS - Radis","robots":{"index":"index","follow":"follow","max-snippet":"max-snippet:-1","max-image-preview":"max-image-preview:large","max-video-preview":"max-video-preview:-1"},"canonical":"https:\/\/radis.ee\/de\/wandregal-criss\/","og_locale":"de_DE","og_type":"article","og_title":"Wandregal CRISS - Radis","og_description":"Shelf Criss ist wie eine kleine Schwester des Radis Criss-Cross Regals. Geometrisch und luftig, hat es eine atemberaubende und zeitlose Form und ist eine Hommage an minimalistische Innenr\u00e4ume. Die R\u00fcckwand f\u00fcgt einen Hauch von Robustheit hinzu, w\u00e4hrend die Regale selbst sich in die Unendlichkeit zu erstrecken scheinen und Criss angenehm f\u00fcr das Auge machen. Unterschiedliche...","og_url":"https:\/\/radis.ee\/de\/wandregal-criss\/","og_site_name":"Radis","article_publisher":"https:\/\/www.facebook.com\/radisfurniture\/","article_modified_time":"2025-11-26T13:27:12+00:00","og_image":[{"width":743,"height":624,"url":"https:\/\/radis.ee\/wp-content\/uploads\/2023\/03\/Radis_wall_shelf_CRISS_Oak_veneered_background.jpg","type":"image\/jpeg"}],"twitter_card":"summary_large_image","twitter_misc":{"Gesch\u00e4tzte Lesezeit":"1\u00a0Minute"},"schema":{"@context":"https:\/\/schema.org","@graph":[{"@type":"WebPage","@id":"https:\/\/radis.ee\/de\/wandregal-criss\/","url":"https:\/\/radis.ee\/de\/wandregal-criss\/","name":"Wandregal CRISS - Radis","isPartOf":{"@id":"https:\/\/radis.ee\/#website"},"primaryImageOfPage":{"@id":"https:\/\/radis.ee\/de\/wandregal-criss\/#primaryimage"},"image":{"@id":"https:\/\/radis.ee\/de\/wandregal-criss\/#primaryimage"},"thumbnailUrl":"https:\/\/radis.ee\/wp-content\/uploads\/2023\/03\/Radis_wall_shelf_CRISS_Oak_veneered_background.jpg","datePublished":"2019-04-20T20:00:32+00:00","dateModified":"2025-11-26T13:27:12+00:00","breadcrumb":{"@id":"https:\/\/radis.ee\/de\/wandregal-criss\/#breadcrumb"},"inLanguage":"de","potentialAction":[{"@type":"ReadAction","target":["https:\/\/radis.ee\/de\/wandregal-criss\/"]}]},{"@type":"ImageObject","inLanguage":"de","@id":"https:\/\/radis.ee\/de\/wandregal-criss\/#primaryimage","url":"https:\/\/radis.ee\/wp-content\/uploads\/2023\/03\/Radis_wall_shelf_CRISS_Oak_veneered_background.jpg","contentUrl":"https:\/\/radis.ee\/wp-content\/uploads\/2023\/03\/Radis_wall_shelf_CRISS_Oak_veneered_background.jpg","width":743,"height":624,"caption":"Radis Furniture wall shelf CRISS oak veneered"},{"@type":"BreadcrumbList","@id":"https:\/\/radis.ee\/de\/wandregal-criss\/#breadcrumb","itemListElement":[{"@type":"ListItem","position":1,"name":"Home","item":"https:\/\/radis.ee\/"},{"@type":"ListItem","position":2,"name":"Produkte","item":"https:\/\/radis.ee\/de\/produkte\/"},{"@type":"ListItem","position":3,"name":"Wandregal CRISS"}]},{"@type":"WebSite","@id":"https:\/\/radis.ee\/#website","url":"https:\/\/radis.ee\/","name":"Radis","description":"Nordic design furniture, environmentally friendly and sustainable.","publisher":{"@id":"https:\/\/radis.ee\/#organization"},"potentialAction":[{"@type":"SearchAction","target":{"@type":"EntryPoint","urlTemplate":"https:\/\/radis.ee\/?s={search_term_string}"},"query-input":{"@type":"PropertyValueSpecification","valueRequired":true,"valueName":"search_term_string"}}],"inLanguage":"de"},{"@type":"Organization","@id":"https:\/\/radis.ee\/#organization","name":"Radis O\u00dc","url":"https:\/\/radis.ee\/","logo":{"@type":"ImageObject","inLanguage":"de","@id":"https:\/\/radis.ee\/#\/schema\/logo\/image\/","url":"https:\/\/radis.ee\/wp-content\/uploads\/2020\/10\/Radis-logo.png","contentUrl":"https:\/\/radis.ee\/wp-content\/uploads\/2020\/10\/Radis-logo.png","width":300,"height":63,"caption":"Radis O\u00dc"},"image":{"@id":"https:\/\/radis.ee\/#\/schema\/logo\/image\/"},"sameAs":["https:\/\/www.facebook.com\/radisfurniture\/"]}]}},"_links":{"self":[{"href":"https:\/\/radis.ee\/de\/wp-json\/wp\/v2\/product\/21291","targetHints":{"allow":["GET"]}}],"collection":[{"href":"https:\/\/radis.ee\/de\/wp-json\/wp\/v2\/product"}],"about":[{"href":"https:\/\/radis.ee\/de\/wp-json\/wp\/v2\/types\/product"}],"replies":[{"embeddable":true,"href":"https:\/\/radis.ee\/de\/wp-json\/wp\/v2\/comments?post=21291"}],"wp:featuredmedia":[{"embeddable":true,"href":"https:\/\/radis.ee\/de\/wp-json\/wp\/v2\/media\/21357"}],"wp:attachment":[{"href":"https:\/\/radis.ee\/de\/wp-json\/wp\/v2\/media?parent=21291"}],"wp:term":[{"taxonomy":"product_brand","embeddable":true,"href":"https:\/\/radis.ee\/de\/wp-json\/wp\/v2\/product_brand?post=21291"},{"taxonomy":"product_cat","embeddable":true,"href":"https:\/\/radis.ee\/de\/wp-json\/wp\/v2\/product_cat?post=21291"},{"taxonomy":"product_tag","embeddable":true,"href":"https:\/\/radis.ee\/de\/wp-json\/wp\/v2\/product_tag?post=21291"}],"curies":[{"name":"wp","href":"https:\/\/api.w.org\/{rel}","templated":true}]}}