{"id":21366,"date":"2020-04-14T12:35:06","date_gmt":"2023-03-23T10:35:07","guid":{"rendered":"https:\/\/radis.ee\/?post_type=product&#038;p=21366"},"modified":"2023-04-05T09:23:16","modified_gmt":"2023-04-05T06:23:16","slug":"wandregal-step","status":"publish","type":"product","link":"https:\/\/radis.ee\/de\/wandregal-step\/","title":{"rendered":"Wandregal STEP"},"content":{"rendered":"<p>Sie k\u00f6nnen jetzt auch ein beliebtes Regal STEP f\u00fcr die Wand aufh\u00e4ngen. Gehen Sie mit STEP Regal in die Zukunft. Diagonale Winkel verleihen ihm ein echtes futuristisches Gef\u00fchl.<\/p>\n<p>Die Regalinnenh\u00f6he betr\u00e4gt 33 cm und erm\u00f6glicht so die einfache Unterbringung gr\u00f6\u00dferer B\u00fccher und Ordner. Die Innenbreite der Schr\u00e4nke betr\u00e4gt 33 cm.<\/p>\n<p>Aus Birkensperrholz, auch Eiche furniert, ge\u00f6lt. Soft-Close-T\u00fcrscharniere.<\/p>\n","protected":false},"excerpt":{"rendered":"<p>Sie k\u00f6nnen jetzt auch ein beliebtes Regal STEP f\u00fcr die Wand aufh\u00e4ngen. Gehen Sie mit STEP Regal in die Zukunft. Diagonale Winkel verleihen ihm ein echtes futuristisches Gef\u00fchl. Die Regalinnenh\u00f6he betr\u00e4gt 33 cm und erm\u00f6glicht so die einfache Unterbringung gr\u00f6\u00dferer B\u00fccher und Ordner. Die Innenbreite der Schr\u00e4nke betr\u00e4gt 33 cm. Aus Birkensperrholz, auch Eiche furniert,&#8230;<\/p>\n","protected":false},"featured_media":21427,"comment_status":"open","ping_status":"closed","template":"","meta":{"_acf_changed":false},"product_brand":[],"product_cat":[109],"product_tag":[],"class_list":{"0":"post-21366","1":"product","2":"type-product","3":"status-publish","4":"has-post-thumbnail","6":"product_cat-riiulid","8":"first","9":"instock","10":"taxable","11":"shipping-taxable","12":"purchasable","13":"product-type-variable","14":"has-default-attributes"},"acf":[],"yoast_head":"<!-- This site is optimized with the Yoast SEO plugin v27.3 - https:\/\/yoast.com\/product\/yoast-seo-wordpress\/ -->\n<title>Wandregal STEP - Radis<\/title>\n<meta name=\"robots\" content=\"index, follow, max-snippet:-1, max-image-preview:large, max-video-preview:-1\" \/>\n<link rel=\"canonical\" href=\"https:\/\/radis.ee\/seinariiul-step\/\" \/>\n<meta property=\"og:locale\" content=\"de_DE\" \/>\n<meta property=\"og:type\" content=\"article\" \/>\n<meta property=\"og:title\" content=\"Wandregal STEP - Radis\" \/>\n<meta property=\"og:description\" content=\"Sie k\u00f6nnen jetzt auch ein beliebtes Regal STEP f\u00fcr die Wand aufh\u00e4ngen. Gehen Sie mit STEP Regal in die Zukunft. Diagonale Winkel verleihen ihm ein echtes futuristisches Gef\u00fchl. Die Regalinnenh\u00f6he betr\u00e4gt 33 cm und erm\u00f6glicht so die einfache Unterbringung gr\u00f6\u00dferer B\u00fccher und Ordner. Die Innenbreite der Schr\u00e4nke betr\u00e4gt 33 cm. Aus Birkensperrholz, auch Eiche furniert,...\" \/>\n<meta property=\"og:url\" content=\"https:\/\/radis.ee\/seinariiul-step\/\" \/>\n<meta property=\"og:site_name\" content=\"Radis\" \/>\n<meta property=\"article:publisher\" content=\"https:\/\/www.facebook.com\/radisfurniture\/\" \/>\n<meta property=\"article:modified_time\" content=\"2023-04-05T06:23:16+00:00\" \/>\n<meta property=\"og:image\" content=\"https:\/\/radis.ee\/wp-content\/uploads\/2023\/03\/Radis_wall_shelf_STEP_Light_Oak-doors_White_Osmo_background.jpg\" \/>\n\t<meta property=\"og:image:width\" content=\"1620\" \/>\n\t<meta property=\"og:image:height\" content=\"1360\" \/>\n\t<meta property=\"og:image:type\" content=\"image\/jpeg\" \/>\n<meta name=\"twitter:card\" content=\"summary_large_image\" \/>\n<script type=\"application\/ld+json\" class=\"yoast-schema-graph\">{\"@context\":\"https:\\\/\\\/schema.org\",\"@graph\":[{\"@type\":\"WebPage\",\"@id\":\"https:\\\/\\\/radis.ee\\\/seinariiul-step\\\/\",\"url\":\"https:\\\/\\\/radis.ee\\\/seinariiul-step\\\/\",\"name\":\"Wandregal STEP - Radis\",\"isPartOf\":{\"@id\":\"https:\\\/\\\/radis.ee\\\/#website\"},\"primaryImageOfPage\":{\"@id\":\"https:\\\/\\\/radis.ee\\\/seinariiul-step\\\/#primaryimage\"},\"image\":{\"@id\":\"https:\\\/\\\/radis.ee\\\/seinariiul-step\\\/#primaryimage\"},\"thumbnailUrl\":\"https:\\\/\\\/radis.ee\\\/wp-content\\\/uploads\\\/2023\\\/03\\\/Radis_wall_shelf_STEP_Light_Oak-doors_White_Osmo_background.jpg\",\"datePublished\":\"2023-03-23T10:35:07+00:00\",\"dateModified\":\"2023-04-05T06:23:16+00:00\",\"breadcrumb\":{\"@id\":\"https:\\\/\\\/radis.ee\\\/seinariiul-step\\\/#breadcrumb\"},\"inLanguage\":\"de\",\"potentialAction\":[{\"@type\":\"ReadAction\",\"target\":[\"https:\\\/\\\/radis.ee\\\/seinariiul-step\\\/\"]}]},{\"@type\":\"ImageObject\",\"inLanguage\":\"de\",\"@id\":\"https:\\\/\\\/radis.ee\\\/seinariiul-step\\\/#primaryimage\",\"url\":\"https:\\\/\\\/radis.ee\\\/wp-content\\\/uploads\\\/2023\\\/03\\\/Radis_wall_shelf_STEP_Light_Oak-doors_White_Osmo_background.jpg\",\"contentUrl\":\"https:\\\/\\\/radis.ee\\\/wp-content\\\/uploads\\\/2023\\\/03\\\/Radis_wall_shelf_STEP_Light_Oak-doors_White_Osmo_background.jpg\",\"width\":1620,\"height\":1360,\"caption\":\"Radis Furniture wall shelf STEP birch plywood Light Oak doors White Osmo\"},{\"@type\":\"BreadcrumbList\",\"@id\":\"https:\\\/\\\/radis.ee\\\/seinariiul-step\\\/#breadcrumb\",\"itemListElement\":[{\"@type\":\"ListItem\",\"position\":1,\"name\":\"Home\",\"item\":\"https:\\\/\\\/radis.ee\\\/\"},{\"@type\":\"ListItem\",\"position\":2,\"name\":\"Produkte\",\"item\":\"https:\\\/\\\/radis.ee\\\/de\\\/produkte\\\/\"},{\"@type\":\"ListItem\",\"position\":3,\"name\":\"Wandregal STEP\"}]},{\"@type\":\"WebSite\",\"@id\":\"https:\\\/\\\/radis.ee\\\/#website\",\"url\":\"https:\\\/\\\/radis.ee\\\/\",\"name\":\"Radis\",\"description\":\"Nordic design furniture, environmentally friendly and sustainable.\",\"publisher\":{\"@id\":\"https:\\\/\\\/radis.ee\\\/#organization\"},\"potentialAction\":[{\"@type\":\"SearchAction\",\"target\":{\"@type\":\"EntryPoint\",\"urlTemplate\":\"https:\\\/\\\/radis.ee\\\/?s={search_term_string}\"},\"query-input\":{\"@type\":\"PropertyValueSpecification\",\"valueRequired\":true,\"valueName\":\"search_term_string\"}}],\"inLanguage\":\"de\"},{\"@type\":\"Organization\",\"@id\":\"https:\\\/\\\/radis.ee\\\/#organization\",\"name\":\"Radis O\u00dc\",\"url\":\"https:\\\/\\\/radis.ee\\\/\",\"logo\":{\"@type\":\"ImageObject\",\"inLanguage\":\"de\",\"@id\":\"https:\\\/\\\/radis.ee\\\/#\\\/schema\\\/logo\\\/image\\\/\",\"url\":\"https:\\\/\\\/radis.ee\\\/wp-content\\\/uploads\\\/2020\\\/10\\\/Radis-logo.png\",\"contentUrl\":\"https:\\\/\\\/radis.ee\\\/wp-content\\\/uploads\\\/2020\\\/10\\\/Radis-logo.png\",\"width\":300,\"height\":63,\"caption\":\"Radis O\u00dc\"},\"image\":{\"@id\":\"https:\\\/\\\/radis.ee\\\/#\\\/schema\\\/logo\\\/image\\\/\"},\"sameAs\":[\"https:\\\/\\\/www.facebook.com\\\/radisfurniture\\\/\"]}]}<\/script>\n<!-- \/ Yoast SEO plugin. -->","yoast_head_json":{"title":"Wandregal STEP - Radis","robots":{"index":"index","follow":"follow","max-snippet":"max-snippet:-1","max-image-preview":"max-image-preview:large","max-video-preview":"max-video-preview:-1"},"canonical":"https:\/\/radis.ee\/seinariiul-step\/","og_locale":"de_DE","og_type":"article","og_title":"Wandregal STEP - Radis","og_description":"Sie k\u00f6nnen jetzt auch ein beliebtes Regal STEP f\u00fcr die Wand aufh\u00e4ngen. Gehen Sie mit STEP Regal in die Zukunft. Diagonale Winkel verleihen ihm ein echtes futuristisches Gef\u00fchl. Die Regalinnenh\u00f6he betr\u00e4gt 33 cm und erm\u00f6glicht so die einfache Unterbringung gr\u00f6\u00dferer B\u00fccher und Ordner. Die Innenbreite der Schr\u00e4nke betr\u00e4gt 33 cm. Aus Birkensperrholz, auch Eiche furniert,...","og_url":"https:\/\/radis.ee\/seinariiul-step\/","og_site_name":"Radis","article_publisher":"https:\/\/www.facebook.com\/radisfurniture\/","article_modified_time":"2023-04-05T06:23:16+00:00","og_image":[{"width":1620,"height":1360,"url":"https:\/\/radis.ee\/wp-content\/uploads\/2023\/03\/Radis_wall_shelf_STEP_Light_Oak-doors_White_Osmo_background.jpg","type":"image\/jpeg"}],"twitter_card":"summary_large_image","schema":{"@context":"https:\/\/schema.org","@graph":[{"@type":"WebPage","@id":"https:\/\/radis.ee\/seinariiul-step\/","url":"https:\/\/radis.ee\/seinariiul-step\/","name":"Wandregal STEP - Radis","isPartOf":{"@id":"https:\/\/radis.ee\/#website"},"primaryImageOfPage":{"@id":"https:\/\/radis.ee\/seinariiul-step\/#primaryimage"},"image":{"@id":"https:\/\/radis.ee\/seinariiul-step\/#primaryimage"},"thumbnailUrl":"https:\/\/radis.ee\/wp-content\/uploads\/2023\/03\/Radis_wall_shelf_STEP_Light_Oak-doors_White_Osmo_background.jpg","datePublished":"2023-03-23T10:35:07+00:00","dateModified":"2023-04-05T06:23:16+00:00","breadcrumb":{"@id":"https:\/\/radis.ee\/seinariiul-step\/#breadcrumb"},"inLanguage":"de","potentialAction":[{"@type":"ReadAction","target":["https:\/\/radis.ee\/seinariiul-step\/"]}]},{"@type":"ImageObject","inLanguage":"de","@id":"https:\/\/radis.ee\/seinariiul-step\/#primaryimage","url":"https:\/\/radis.ee\/wp-content\/uploads\/2023\/03\/Radis_wall_shelf_STEP_Light_Oak-doors_White_Osmo_background.jpg","contentUrl":"https:\/\/radis.ee\/wp-content\/uploads\/2023\/03\/Radis_wall_shelf_STEP_Light_Oak-doors_White_Osmo_background.jpg","width":1620,"height":1360,"caption":"Radis Furniture wall shelf STEP birch plywood Light Oak doors White Osmo"},{"@type":"BreadcrumbList","@id":"https:\/\/radis.ee\/seinariiul-step\/#breadcrumb","itemListElement":[{"@type":"ListItem","position":1,"name":"Home","item":"https:\/\/radis.ee\/"},{"@type":"ListItem","position":2,"name":"Produkte","item":"https:\/\/radis.ee\/de\/produkte\/"},{"@type":"ListItem","position":3,"name":"Wandregal STEP"}]},{"@type":"WebSite","@id":"https:\/\/radis.ee\/#website","url":"https:\/\/radis.ee\/","name":"Radis","description":"Nordic design furniture, environmentally friendly and sustainable.","publisher":{"@id":"https:\/\/radis.ee\/#organization"},"potentialAction":[{"@type":"SearchAction","target":{"@type":"EntryPoint","urlTemplate":"https:\/\/radis.ee\/?s={search_term_string}"},"query-input":{"@type":"PropertyValueSpecification","valueRequired":true,"valueName":"search_term_string"}}],"inLanguage":"de"},{"@type":"Organization","@id":"https:\/\/radis.ee\/#organization","name":"Radis O\u00dc","url":"https:\/\/radis.ee\/","logo":{"@type":"ImageObject","inLanguage":"de","@id":"https:\/\/radis.ee\/#\/schema\/logo\/image\/","url":"https:\/\/radis.ee\/wp-content\/uploads\/2020\/10\/Radis-logo.png","contentUrl":"https:\/\/radis.ee\/wp-content\/uploads\/2020\/10\/Radis-logo.png","width":300,"height":63,"caption":"Radis O\u00dc"},"image":{"@id":"https:\/\/radis.ee\/#\/schema\/logo\/image\/"},"sameAs":["https:\/\/www.facebook.com\/radisfurniture\/"]}]}},"_links":{"self":[{"href":"https:\/\/radis.ee\/de\/wp-json\/wp\/v2\/product\/21366","targetHints":{"allow":["GET"]}}],"collection":[{"href":"https:\/\/radis.ee\/de\/wp-json\/wp\/v2\/product"}],"about":[{"href":"https:\/\/radis.ee\/de\/wp-json\/wp\/v2\/types\/product"}],"replies":[{"embeddable":true,"href":"https:\/\/radis.ee\/de\/wp-json\/wp\/v2\/comments?post=21366"}],"wp:featuredmedia":[{"embeddable":true,"href":"https:\/\/radis.ee\/de\/wp-json\/wp\/v2\/media\/21427"}],"wp:attachment":[{"href":"https:\/\/radis.ee\/de\/wp-json\/wp\/v2\/media?parent=21366"}],"wp:term":[{"taxonomy":"product_brand","embeddable":true,"href":"https:\/\/radis.ee\/de\/wp-json\/wp\/v2\/product_brand?post=21366"},{"taxonomy":"product_cat","embeddable":true,"href":"https:\/\/radis.ee\/de\/wp-json\/wp\/v2\/product_cat?post=21366"},{"taxonomy":"product_tag","embeddable":true,"href":"https:\/\/radis.ee\/de\/wp-json\/wp\/v2\/product_tag?post=21366"}],"curies":[{"name":"wp","href":"https:\/\/api.w.org\/{rel}","templated":true}]}}