{"id":21488,"date":"2022-10-08T21:15:54","date_gmt":"2022-10-08T18:15:54","guid":{"rendered":"https:\/\/radis.ee\/?post_type=product&#038;p=21488"},"modified":"2025-10-08T09:47:35","modified_gmt":"2025-10-08T06:47:35","slug":"sideboard-mit-glasturen-noble","status":"publish","type":"product","link":"https:\/\/radis.ee\/de\/sideboard-mit-glasturen-noble\/","title":{"rendered":"Sideboard mit Glast\u00fcren NOBLE"},"content":{"rendered":"<p>NOBLE Sideboards sind wie gro\u00dfe Background-S\u00e4nger &#8211; bescheiden und nicht aufdringlich, aber wenn sie fehlen, ist der Gesamteindruck nicht derselbe. Sie sind die subtile Kraft in jedem Wohnzimmer, B\u00fcro oder Flur. Bietet viel Stauraum, ohne sperrig zu wirken und zu viel Stellfl\u00e4che einzunehmen. Egal, ob Sie die viert\u00fcrige Variante oder das zweit\u00fcrige Sideboard mit zwei Schubladen bevorzugen, NOBLE ist f\u00fcr Ihre Sachen da und sieht jederzeit schick aus.<\/p>\n<p>Wie andere Produkte der Noble-Serie ist auch dieser Schrank mit Glast\u00fcren aus Birkensperrholz mit Eichenfurnier gefertigt und selbstverst\u00e4ndlich mit den sanft schlie\u00dfenden T\u00fcrscharnieren von Blum ausgestattet.<\/p>\n<p>Hinter den Glast\u00fcren befinden sich h\u00f6henverstellbare Zwischenb\u00f6den aus geh\u00e4rtetem Glas. Der 140 cm hohe Schrank verf\u00fcgt \u00fcber 2 verstellbare Einlegeb\u00f6den, die 177 cm hohe Variante hat 4 Einlegeb\u00f6den. Schwarze, pulverbeschichtete, verstellbare Metallbeine mit einer H\u00f6he von 17 cm. An der Kommode Noble gibt es wirklich nichts auszusetzen!<\/p>\n<p><strong>1 Woche Lieferzeit in ganz Europa!<\/strong><\/p>\n","protected":false},"excerpt":{"rendered":"<p>NOBLE Sideboards sind wie gro\u00dfe Background-S\u00e4nger &#8211; bescheiden und nicht aufdringlich, aber wenn sie fehlen, ist der Gesamteindruck nicht derselbe. Sie sind die subtile Kraft in jedem Wohnzimmer, B\u00fcro oder Flur. Bietet viel Stauraum, ohne sperrig zu wirken und zu viel Stellfl\u00e4che einzunehmen. Egal, ob Sie die viert\u00fcrige Variante oder das zweit\u00fcrige Sideboard mit zwei&#8230;<\/p>\n","protected":false},"featured_media":21556,"comment_status":"open","ping_status":"closed","template":"","meta":{"_acf_changed":false},"product_brand":[],"product_cat":[17],"product_tag":[],"class_list":{"0":"post-21488","1":"product","2":"type-product","3":"status-publish","4":"has-post-thumbnail","6":"product_cat-kummutid","8":"first","9":"instock","10":"taxable","11":"shipping-taxable","12":"purchasable","13":"product-type-variable","14":"has-default-attributes"},"acf":[],"yoast_head":"<!-- This site is optimized with the Yoast SEO plugin v27.3 - https:\/\/yoast.com\/product\/yoast-seo-wordpress\/ -->\n<title>Sideboard mit Glast\u00fcren NOBLE - Radis<\/title>\n<meta name=\"robots\" content=\"index, follow, max-snippet:-1, max-image-preview:large, max-video-preview:-1\" \/>\n<link rel=\"canonical\" href=\"https:\/\/radis.ee\/de\/sideboard-mit-glasturen-noble\/\" \/>\n<meta property=\"og:locale\" content=\"de_DE\" \/>\n<meta property=\"og:type\" content=\"article\" \/>\n<meta property=\"og:title\" content=\"Sideboard mit Glast\u00fcren NOBLE - Radis\" \/>\n<meta property=\"og:description\" content=\"NOBLE Sideboards sind wie gro\u00dfe Background-S\u00e4nger &#8211; bescheiden und nicht aufdringlich, aber wenn sie fehlen, ist der Gesamteindruck nicht derselbe. Sie sind die subtile Kraft in jedem Wohnzimmer, B\u00fcro oder Flur. Bietet viel Stauraum, ohne sperrig zu wirken und zu viel Stellfl\u00e4che einzunehmen. Egal, ob Sie die viert\u00fcrige Variante oder das zweit\u00fcrige Sideboard mit zwei...\" \/>\n<meta property=\"og:url\" content=\"https:\/\/radis.ee\/de\/sideboard-mit-glasturen-noble\/\" \/>\n<meta property=\"og:site_name\" content=\"Radis\" \/>\n<meta property=\"article:publisher\" content=\"https:\/\/www.facebook.com\/radisfurniture\/\" \/>\n<meta property=\"article:modified_time\" content=\"2025-10-08T06:47:35+00:00\" \/>\n<meta property=\"og:image\" content=\"https:\/\/radis.ee\/wp-content\/uploads\/2023\/04\/Radis_sideboard_with_glass_doors_NOBLE_Oak_veneered_white_background.jpg\" \/>\n\t<meta property=\"og:image:width\" content=\"1360\" \/>\n\t<meta property=\"og:image:height\" content=\"1620\" \/>\n\t<meta property=\"og:image:type\" content=\"image\/jpeg\" \/>\n<meta name=\"twitter:card\" content=\"summary_large_image\" \/>\n<meta name=\"twitter:label1\" content=\"Gesch\u00e4tzte Lesezeit\" \/>\n\t<meta name=\"twitter:data1\" content=\"1\u00a0Minute\" \/>\n<script type=\"application\/ld+json\" class=\"yoast-schema-graph\">{\"@context\":\"https:\\\/\\\/schema.org\",\"@graph\":[{\"@type\":\"WebPage\",\"@id\":\"https:\\\/\\\/radis.ee\\\/de\\\/sideboard-mit-glasturen-noble\\\/\",\"url\":\"https:\\\/\\\/radis.ee\\\/de\\\/sideboard-mit-glasturen-noble\\\/\",\"name\":\"Sideboard mit Glast\u00fcren NOBLE - Radis\",\"isPartOf\":{\"@id\":\"https:\\\/\\\/radis.ee\\\/#website\"},\"primaryImageOfPage\":{\"@id\":\"https:\\\/\\\/radis.ee\\\/de\\\/sideboard-mit-glasturen-noble\\\/#primaryimage\"},\"image\":{\"@id\":\"https:\\\/\\\/radis.ee\\\/de\\\/sideboard-mit-glasturen-noble\\\/#primaryimage\"},\"thumbnailUrl\":\"https:\\\/\\\/radis.ee\\\/wp-content\\\/uploads\\\/2023\\\/04\\\/Radis_sideboard_with_glass_doors_NOBLE_Oak_veneered_white_background.jpg\",\"datePublished\":\"2022-10-08T18:15:54+00:00\",\"dateModified\":\"2025-10-08T06:47:35+00:00\",\"breadcrumb\":{\"@id\":\"https:\\\/\\\/radis.ee\\\/de\\\/sideboard-mit-glasturen-noble\\\/#breadcrumb\"},\"inLanguage\":\"de\",\"potentialAction\":[{\"@type\":\"ReadAction\",\"target\":[\"https:\\\/\\\/radis.ee\\\/de\\\/sideboard-mit-glasturen-noble\\\/\"]}]},{\"@type\":\"ImageObject\",\"inLanguage\":\"de\",\"@id\":\"https:\\\/\\\/radis.ee\\\/de\\\/sideboard-mit-glasturen-noble\\\/#primaryimage\",\"url\":\"https:\\\/\\\/radis.ee\\\/wp-content\\\/uploads\\\/2023\\\/04\\\/Radis_sideboard_with_glass_doors_NOBLE_Oak_veneered_white_background.jpg\",\"contentUrl\":\"https:\\\/\\\/radis.ee\\\/wp-content\\\/uploads\\\/2023\\\/04\\\/Radis_sideboard_with_glass_doors_NOBLE_Oak_veneered_white_background.jpg\",\"width\":1360,\"height\":1620,\"caption\":\"Radis Furniture sideboard with glass doors NOBLE oak veneered\"},{\"@type\":\"BreadcrumbList\",\"@id\":\"https:\\\/\\\/radis.ee\\\/de\\\/sideboard-mit-glasturen-noble\\\/#breadcrumb\",\"itemListElement\":[{\"@type\":\"ListItem\",\"position\":1,\"name\":\"Home\",\"item\":\"https:\\\/\\\/radis.ee\\\/\"},{\"@type\":\"ListItem\",\"position\":2,\"name\":\"Produkte\",\"item\":\"https:\\\/\\\/radis.ee\\\/de\\\/produkte\\\/\"},{\"@type\":\"ListItem\",\"position\":3,\"name\":\"Sideboard mit Glast\u00fcren NOBLE\"}]},{\"@type\":\"WebSite\",\"@id\":\"https:\\\/\\\/radis.ee\\\/#website\",\"url\":\"https:\\\/\\\/radis.ee\\\/\",\"name\":\"Radis\",\"description\":\"Nordic design furniture, environmentally friendly and sustainable.\",\"publisher\":{\"@id\":\"https:\\\/\\\/radis.ee\\\/#organization\"},\"potentialAction\":[{\"@type\":\"SearchAction\",\"target\":{\"@type\":\"EntryPoint\",\"urlTemplate\":\"https:\\\/\\\/radis.ee\\\/?s={search_term_string}\"},\"query-input\":{\"@type\":\"PropertyValueSpecification\",\"valueRequired\":true,\"valueName\":\"search_term_string\"}}],\"inLanguage\":\"de\"},{\"@type\":\"Organization\",\"@id\":\"https:\\\/\\\/radis.ee\\\/#organization\",\"name\":\"Radis O\u00dc\",\"url\":\"https:\\\/\\\/radis.ee\\\/\",\"logo\":{\"@type\":\"ImageObject\",\"inLanguage\":\"de\",\"@id\":\"https:\\\/\\\/radis.ee\\\/#\\\/schema\\\/logo\\\/image\\\/\",\"url\":\"https:\\\/\\\/radis.ee\\\/wp-content\\\/uploads\\\/2020\\\/10\\\/Radis-logo.png\",\"contentUrl\":\"https:\\\/\\\/radis.ee\\\/wp-content\\\/uploads\\\/2020\\\/10\\\/Radis-logo.png\",\"width\":300,\"height\":63,\"caption\":\"Radis O\u00dc\"},\"image\":{\"@id\":\"https:\\\/\\\/radis.ee\\\/#\\\/schema\\\/logo\\\/image\\\/\"},\"sameAs\":[\"https:\\\/\\\/www.facebook.com\\\/radisfurniture\\\/\"]}]}<\/script>\n<!-- \/ Yoast SEO plugin. -->","yoast_head_json":{"title":"Sideboard mit Glast\u00fcren NOBLE - Radis","robots":{"index":"index","follow":"follow","max-snippet":"max-snippet:-1","max-image-preview":"max-image-preview:large","max-video-preview":"max-video-preview:-1"},"canonical":"https:\/\/radis.ee\/de\/sideboard-mit-glasturen-noble\/","og_locale":"de_DE","og_type":"article","og_title":"Sideboard mit Glast\u00fcren NOBLE - Radis","og_description":"NOBLE Sideboards sind wie gro\u00dfe Background-S\u00e4nger &#8211; bescheiden und nicht aufdringlich, aber wenn sie fehlen, ist der Gesamteindruck nicht derselbe. Sie sind die subtile Kraft in jedem Wohnzimmer, B\u00fcro oder Flur. Bietet viel Stauraum, ohne sperrig zu wirken und zu viel Stellfl\u00e4che einzunehmen. Egal, ob Sie die viert\u00fcrige Variante oder das zweit\u00fcrige Sideboard mit zwei...","og_url":"https:\/\/radis.ee\/de\/sideboard-mit-glasturen-noble\/","og_site_name":"Radis","article_publisher":"https:\/\/www.facebook.com\/radisfurniture\/","article_modified_time":"2025-10-08T06:47:35+00:00","og_image":[{"width":1360,"height":1620,"url":"https:\/\/radis.ee\/wp-content\/uploads\/2023\/04\/Radis_sideboard_with_glass_doors_NOBLE_Oak_veneered_white_background.jpg","type":"image\/jpeg"}],"twitter_card":"summary_large_image","twitter_misc":{"Gesch\u00e4tzte Lesezeit":"1\u00a0Minute"},"schema":{"@context":"https:\/\/schema.org","@graph":[{"@type":"WebPage","@id":"https:\/\/radis.ee\/de\/sideboard-mit-glasturen-noble\/","url":"https:\/\/radis.ee\/de\/sideboard-mit-glasturen-noble\/","name":"Sideboard mit Glast\u00fcren NOBLE - Radis","isPartOf":{"@id":"https:\/\/radis.ee\/#website"},"primaryImageOfPage":{"@id":"https:\/\/radis.ee\/de\/sideboard-mit-glasturen-noble\/#primaryimage"},"image":{"@id":"https:\/\/radis.ee\/de\/sideboard-mit-glasturen-noble\/#primaryimage"},"thumbnailUrl":"https:\/\/radis.ee\/wp-content\/uploads\/2023\/04\/Radis_sideboard_with_glass_doors_NOBLE_Oak_veneered_white_background.jpg","datePublished":"2022-10-08T18:15:54+00:00","dateModified":"2025-10-08T06:47:35+00:00","breadcrumb":{"@id":"https:\/\/radis.ee\/de\/sideboard-mit-glasturen-noble\/#breadcrumb"},"inLanguage":"de","potentialAction":[{"@type":"ReadAction","target":["https:\/\/radis.ee\/de\/sideboard-mit-glasturen-noble\/"]}]},{"@type":"ImageObject","inLanguage":"de","@id":"https:\/\/radis.ee\/de\/sideboard-mit-glasturen-noble\/#primaryimage","url":"https:\/\/radis.ee\/wp-content\/uploads\/2023\/04\/Radis_sideboard_with_glass_doors_NOBLE_Oak_veneered_white_background.jpg","contentUrl":"https:\/\/radis.ee\/wp-content\/uploads\/2023\/04\/Radis_sideboard_with_glass_doors_NOBLE_Oak_veneered_white_background.jpg","width":1360,"height":1620,"caption":"Radis Furniture sideboard with glass doors NOBLE oak veneered"},{"@type":"BreadcrumbList","@id":"https:\/\/radis.ee\/de\/sideboard-mit-glasturen-noble\/#breadcrumb","itemListElement":[{"@type":"ListItem","position":1,"name":"Home","item":"https:\/\/radis.ee\/"},{"@type":"ListItem","position":2,"name":"Produkte","item":"https:\/\/radis.ee\/de\/produkte\/"},{"@type":"ListItem","position":3,"name":"Sideboard mit Glast\u00fcren NOBLE"}]},{"@type":"WebSite","@id":"https:\/\/radis.ee\/#website","url":"https:\/\/radis.ee\/","name":"Radis","description":"Nordic design furniture, environmentally friendly and sustainable.","publisher":{"@id":"https:\/\/radis.ee\/#organization"},"potentialAction":[{"@type":"SearchAction","target":{"@type":"EntryPoint","urlTemplate":"https:\/\/radis.ee\/?s={search_term_string}"},"query-input":{"@type":"PropertyValueSpecification","valueRequired":true,"valueName":"search_term_string"}}],"inLanguage":"de"},{"@type":"Organization","@id":"https:\/\/radis.ee\/#organization","name":"Radis O\u00dc","url":"https:\/\/radis.ee\/","logo":{"@type":"ImageObject","inLanguage":"de","@id":"https:\/\/radis.ee\/#\/schema\/logo\/image\/","url":"https:\/\/radis.ee\/wp-content\/uploads\/2020\/10\/Radis-logo.png","contentUrl":"https:\/\/radis.ee\/wp-content\/uploads\/2020\/10\/Radis-logo.png","width":300,"height":63,"caption":"Radis O\u00dc"},"image":{"@id":"https:\/\/radis.ee\/#\/schema\/logo\/image\/"},"sameAs":["https:\/\/www.facebook.com\/radisfurniture\/"]}]}},"_links":{"self":[{"href":"https:\/\/radis.ee\/de\/wp-json\/wp\/v2\/product\/21488","targetHints":{"allow":["GET"]}}],"collection":[{"href":"https:\/\/radis.ee\/de\/wp-json\/wp\/v2\/product"}],"about":[{"href":"https:\/\/radis.ee\/de\/wp-json\/wp\/v2\/types\/product"}],"replies":[{"embeddable":true,"href":"https:\/\/radis.ee\/de\/wp-json\/wp\/v2\/comments?post=21488"}],"wp:featuredmedia":[{"embeddable":true,"href":"https:\/\/radis.ee\/de\/wp-json\/wp\/v2\/media\/21556"}],"wp:attachment":[{"href":"https:\/\/radis.ee\/de\/wp-json\/wp\/v2\/media?parent=21488"}],"wp:term":[{"taxonomy":"product_brand","embeddable":true,"href":"https:\/\/radis.ee\/de\/wp-json\/wp\/v2\/product_brand?post=21488"},{"taxonomy":"product_cat","embeddable":true,"href":"https:\/\/radis.ee\/de\/wp-json\/wp\/v2\/product_cat?post=21488"},{"taxonomy":"product_tag","embeddable":true,"href":"https:\/\/radis.ee\/de\/wp-json\/wp\/v2\/product_tag?post=21488"}],"curies":[{"name":"wp","href":"https:\/\/api.w.org\/{rel}","templated":true}]}}