{"id":21717,"date":"2023-06-28T23:04:04","date_gmt":"2023-06-28T20:04:04","guid":{"rendered":"https:\/\/radis.ee\/?post_type=product&#038;p=21717"},"modified":"2026-04-10T15:11:13","modified_gmt":"2026-04-10T12:11:13","slug":"regal-crane","status":"publish","type":"product","link":"https:\/\/radis.ee\/de\/regal-crane\/","title":{"rendered":"Regal CRANE"},"content":{"rendered":"<p>Wie ein multifunktionales Ger\u00e4t ist das CRANE-Regal schlank und dennoch robust und erf\u00fcllt seinen Zweck perfekt. Der Metallrahmen ist stabil, wirkt aber nicht klobig. Die eichenfurnierten CRANE-Regale haben formsch\u00f6ne, abgerundete Ecken, und die verstellbaren Regalb\u00f6den erm\u00f6glichen vielf\u00e4ltige Nutzungsm\u00f6glichkeiten, perfekt abgestimmt auf Ihre Bed\u00fcrfnisse. Das luftige Design des CRANE-Regals eignet sich ideal, um eine gem\u00fctliche B\u00fcroecke zu gestalten oder Ihre B\u00fccher im Wohnzimmer stilvoll zu pr\u00e4sentieren.<\/p>\n<p>Geeignete Oberfl\u00e4chen sind beispielsweise ein Computertisch oder Schr\u00e4nke mit T\u00fcren. Dank seines luftigen Designs ist das CRANE-Regal ideal f\u00fcr die Einrichtung einer gem\u00fctlichen Homeoffice-Ecke. Sie k\u00f6nnen beispielsweise sch\u00f6ne Bilder oder Fotos an der Wand hinter dem Regal aufh\u00e4ngen und kleine Zimmerpflanzen auf den Regalb\u00f6den selbst platzieren.<\/p>\n<p>Das CRANE-Regal besteht aus umweltfreundlichem Sperrholz mit Eichenfurnier, starken 20 x 20 mm gro\u00dfen schwarzen oder auch wei\u00dfen pulverbeschichteten Metallbeinen mit Wandhalterungen. Die Tiefe der Computeroberfl\u00e4chen betr\u00e4gt 46 cm. Die H\u00f6he des Sitztisches betr\u00e4gt 74 cm, die H\u00f6he des Stehtisches 105 cm. Der Abstand zwischen den Beinen betr\u00e4gt 50 und 75 cm. Das Regal CRANE ist in drei Breiten erh\u00e4ltlich: 98 cm, 150 cm und 227 cm.<\/p>\n<p>Die H\u00f6he der Ablagefl\u00e4chen betr\u00e4gt 29,5 cm. Die Innenbreite der Schr\u00e4nke betr\u00e4gt 31,5 cm. Sanft schlie\u00dfende T\u00fcrscharniere, Sie k\u00f6nnen die Schr\u00e4nke \u00f6ffnen, indem Sie an der Ober- oder Unterkante ziehen.<\/p>\n<p>Der Abstand des Metallfu\u00dfes von der Wand betr\u00e4gt 2,5 cm, dank der mitgelieferten Distanzbuchsen, so dass er f\u00fcr verschiedene Sockelleisten geeignet ist. Die Wandbefestigungspunkte befinden sich 64 und 157 cm \u00fcber dem Boden. Falls gew\u00fcnscht, kann das Regal auch ein oder zwei Stockwerke h\u00f6her angebracht werden.<\/p>\n<p>Designer: Tiina Aavik, Raul Abner<\/p>\n","protected":false},"excerpt":{"rendered":"<p>Wie ein multifunktionales Ger\u00e4t ist das CRANE-Regal schlank und dennoch robust und erf\u00fcllt seinen Zweck perfekt. Der Metallrahmen ist stabil, wirkt aber nicht klobig. Die eichenfurnierten CRANE-Regale haben formsch\u00f6ne, abgerundete Ecken, und die verstellbaren Regalb\u00f6den erm\u00f6glichen vielf\u00e4ltige Nutzungsm\u00f6glichkeiten, perfekt abgestimmt auf Ihre Bed\u00fcrfnisse. Das luftige Design des CRANE-Regals eignet sich ideal, um eine gem\u00fctliche B\u00fcroecke&#8230;<\/p>\n","protected":false},"featured_media":24263,"comment_status":"open","ping_status":"closed","template":"","meta":{"_acf_changed":false},"product_brand":[],"product_cat":[109],"product_tag":[],"class_list":{"0":"post-21717","1":"product","2":"type-product","3":"status-publish","4":"has-post-thumbnail","6":"product_cat-riiulid","8":"first","9":"instock","10":"sale","11":"taxable","12":"shipping-taxable","13":"purchasable","14":"product-type-variable","15":"has-default-attributes"},"acf":[],"yoast_head":"<!-- This site is optimized with the Yoast SEO plugin v27.4 - https:\/\/yoast.com\/product\/yoast-seo-wordpress\/ -->\n<title>Regal CRANE - Radis<\/title>\n<meta name=\"robots\" content=\"index, follow, max-snippet:-1, max-image-preview:large, max-video-preview:-1\" \/>\n<link rel=\"canonical\" href=\"https:\/\/radis.ee\/de\/regal-crane\/\" \/>\n<meta property=\"og:locale\" content=\"de_DE\" \/>\n<meta property=\"og:type\" content=\"article\" \/>\n<meta property=\"og:title\" content=\"Regal CRANE - Radis\" \/>\n<meta property=\"og:description\" content=\"Wie ein multifunktionales Ger\u00e4t ist das CRANE-Regal schlank und dennoch robust und erf\u00fcllt seinen Zweck perfekt. Der Metallrahmen ist stabil, wirkt aber nicht klobig. Die eichenfurnierten CRANE-Regale haben formsch\u00f6ne, abgerundete Ecken, und die verstellbaren Regalb\u00f6den erm\u00f6glichen vielf\u00e4ltige Nutzungsm\u00f6glichkeiten, perfekt abgestimmt auf Ihre Bed\u00fcrfnisse. Das luftige Design des CRANE-Regals eignet sich ideal, um eine gem\u00fctliche B\u00fcroecke...\" \/>\n<meta property=\"og:url\" content=\"https:\/\/radis.ee\/de\/regal-crane\/\" \/>\n<meta property=\"og:site_name\" content=\"Radis\" \/>\n<meta property=\"article:publisher\" content=\"https:\/\/www.facebook.com\/radisfurniture\/\" \/>\n<meta property=\"article:modified_time\" content=\"2026-04-10T12:11:13+00:00\" \/>\n<meta property=\"og:image\" content=\"https:\/\/radis.ee\/wp-content\/uploads\/2023\/06\/Radis_Furniture_shelf_CRANE_M_with_desks_and_boxes_oak_veneeered_plywood_white_background.jpg\" \/>\n\t<meta property=\"og:image:width\" content=\"853\" \/>\n\t<meta property=\"og:image:height\" content=\"1016\" \/>\n\t<meta property=\"og:image:type\" content=\"image\/jpeg\" \/>\n<meta name=\"twitter:card\" content=\"summary_large_image\" \/>\n<meta name=\"twitter:label1\" content=\"Gesch\u00e4tzte Lesezeit\" \/>\n\t<meta name=\"twitter:data1\" content=\"1\u00a0Minute\" \/>\n<script type=\"application\/ld+json\" class=\"yoast-schema-graph\">{\"@context\":\"https:\\\/\\\/schema.org\",\"@graph\":[{\"@type\":\"WebPage\",\"@id\":\"https:\\\/\\\/radis.ee\\\/de\\\/regal-crane\\\/\",\"url\":\"https:\\\/\\\/radis.ee\\\/de\\\/regal-crane\\\/\",\"name\":\"Regal CRANE - Radis\",\"isPartOf\":{\"@id\":\"https:\\\/\\\/radis.ee\\\/#website\"},\"primaryImageOfPage\":{\"@id\":\"https:\\\/\\\/radis.ee\\\/de\\\/regal-crane\\\/#primaryimage\"},\"image\":{\"@id\":\"https:\\\/\\\/radis.ee\\\/de\\\/regal-crane\\\/#primaryimage\"},\"thumbnailUrl\":\"https:\\\/\\\/radis.ee\\\/wp-content\\\/uploads\\\/2023\\\/06\\\/Radis_Furniture_shelf_CRANE_M_with_desks_and_boxes_oak_veneeered_plywood_white_background.jpg\",\"datePublished\":\"2023-06-28T20:04:04+00:00\",\"dateModified\":\"2026-04-10T12:11:13+00:00\",\"breadcrumb\":{\"@id\":\"https:\\\/\\\/radis.ee\\\/de\\\/regal-crane\\\/#breadcrumb\"},\"inLanguage\":\"de\",\"potentialAction\":[{\"@type\":\"ReadAction\",\"target\":[\"https:\\\/\\\/radis.ee\\\/de\\\/regal-crane\\\/\"]}]},{\"@type\":\"ImageObject\",\"inLanguage\":\"de\",\"@id\":\"https:\\\/\\\/radis.ee\\\/de\\\/regal-crane\\\/#primaryimage\",\"url\":\"https:\\\/\\\/radis.ee\\\/wp-content\\\/uploads\\\/2023\\\/06\\\/Radis_Furniture_shelf_CRANE_M_with_desks_and_boxes_oak_veneeered_plywood_white_background.jpg\",\"contentUrl\":\"https:\\\/\\\/radis.ee\\\/wp-content\\\/uploads\\\/2023\\\/06\\\/Radis_Furniture_shelf_CRANE_M_with_desks_and_boxes_oak_veneeered_plywood_white_background.jpg\",\"width\":853,\"height\":1016,\"caption\":\"RADIS shelf CRANE M oak veneered with 3 boxes and 2 desks\"},{\"@type\":\"BreadcrumbList\",\"@id\":\"https:\\\/\\\/radis.ee\\\/de\\\/regal-crane\\\/#breadcrumb\",\"itemListElement\":[{\"@type\":\"ListItem\",\"position\":1,\"name\":\"Home\",\"item\":\"https:\\\/\\\/radis.ee\\\/\"},{\"@type\":\"ListItem\",\"position\":2,\"name\":\"Produkte\",\"item\":\"https:\\\/\\\/radis.ee\\\/de\\\/produkte\\\/\"},{\"@type\":\"ListItem\",\"position\":3,\"name\":\"Regal CRANE\"}]},{\"@type\":\"WebSite\",\"@id\":\"https:\\\/\\\/radis.ee\\\/#website\",\"url\":\"https:\\\/\\\/radis.ee\\\/\",\"name\":\"Radis\",\"description\":\"Nordic design furniture, environmentally friendly and sustainable.\",\"publisher\":{\"@id\":\"https:\\\/\\\/radis.ee\\\/#organization\"},\"potentialAction\":[{\"@type\":\"SearchAction\",\"target\":{\"@type\":\"EntryPoint\",\"urlTemplate\":\"https:\\\/\\\/radis.ee\\\/?s={search_term_string}\"},\"query-input\":{\"@type\":\"PropertyValueSpecification\",\"valueRequired\":true,\"valueName\":\"search_term_string\"}}],\"inLanguage\":\"de\"},{\"@type\":\"Organization\",\"@id\":\"https:\\\/\\\/radis.ee\\\/#organization\",\"name\":\"Radis O\u00dc\",\"url\":\"https:\\\/\\\/radis.ee\\\/\",\"logo\":{\"@type\":\"ImageObject\",\"inLanguage\":\"de\",\"@id\":\"https:\\\/\\\/radis.ee\\\/#\\\/schema\\\/logo\\\/image\\\/\",\"url\":\"https:\\\/\\\/radis.ee\\\/wp-content\\\/uploads\\\/2020\\\/10\\\/Radis-logo.png\",\"contentUrl\":\"https:\\\/\\\/radis.ee\\\/wp-content\\\/uploads\\\/2020\\\/10\\\/Radis-logo.png\",\"width\":300,\"height\":63,\"caption\":\"Radis O\u00dc\"},\"image\":{\"@id\":\"https:\\\/\\\/radis.ee\\\/#\\\/schema\\\/logo\\\/image\\\/\"},\"sameAs\":[\"https:\\\/\\\/www.facebook.com\\\/radisfurniture\\\/\"]}]}<\/script>\n<!-- \/ Yoast SEO plugin. -->","yoast_head_json":{"title":"Regal CRANE - Radis","robots":{"index":"index","follow":"follow","max-snippet":"max-snippet:-1","max-image-preview":"max-image-preview:large","max-video-preview":"max-video-preview:-1"},"canonical":"https:\/\/radis.ee\/de\/regal-crane\/","og_locale":"de_DE","og_type":"article","og_title":"Regal CRANE - Radis","og_description":"Wie ein multifunktionales Ger\u00e4t ist das CRANE-Regal schlank und dennoch robust und erf\u00fcllt seinen Zweck perfekt. Der Metallrahmen ist stabil, wirkt aber nicht klobig. Die eichenfurnierten CRANE-Regale haben formsch\u00f6ne, abgerundete Ecken, und die verstellbaren Regalb\u00f6den erm\u00f6glichen vielf\u00e4ltige Nutzungsm\u00f6glichkeiten, perfekt abgestimmt auf Ihre Bed\u00fcrfnisse. Das luftige Design des CRANE-Regals eignet sich ideal, um eine gem\u00fctliche B\u00fcroecke...","og_url":"https:\/\/radis.ee\/de\/regal-crane\/","og_site_name":"Radis","article_publisher":"https:\/\/www.facebook.com\/radisfurniture\/","article_modified_time":"2026-04-10T12:11:13+00:00","og_image":[{"width":853,"height":1016,"url":"https:\/\/radis.ee\/wp-content\/uploads\/2023\/06\/Radis_Furniture_shelf_CRANE_M_with_desks_and_boxes_oak_veneeered_plywood_white_background.jpg","type":"image\/jpeg"}],"twitter_card":"summary_large_image","twitter_misc":{"Gesch\u00e4tzte Lesezeit":"1\u00a0Minute"},"schema":{"@context":"https:\/\/schema.org","@graph":[{"@type":"WebPage","@id":"https:\/\/radis.ee\/de\/regal-crane\/","url":"https:\/\/radis.ee\/de\/regal-crane\/","name":"Regal CRANE - Radis","isPartOf":{"@id":"https:\/\/radis.ee\/#website"},"primaryImageOfPage":{"@id":"https:\/\/radis.ee\/de\/regal-crane\/#primaryimage"},"image":{"@id":"https:\/\/radis.ee\/de\/regal-crane\/#primaryimage"},"thumbnailUrl":"https:\/\/radis.ee\/wp-content\/uploads\/2023\/06\/Radis_Furniture_shelf_CRANE_M_with_desks_and_boxes_oak_veneeered_plywood_white_background.jpg","datePublished":"2023-06-28T20:04:04+00:00","dateModified":"2026-04-10T12:11:13+00:00","breadcrumb":{"@id":"https:\/\/radis.ee\/de\/regal-crane\/#breadcrumb"},"inLanguage":"de","potentialAction":[{"@type":"ReadAction","target":["https:\/\/radis.ee\/de\/regal-crane\/"]}]},{"@type":"ImageObject","inLanguage":"de","@id":"https:\/\/radis.ee\/de\/regal-crane\/#primaryimage","url":"https:\/\/radis.ee\/wp-content\/uploads\/2023\/06\/Radis_Furniture_shelf_CRANE_M_with_desks_and_boxes_oak_veneeered_plywood_white_background.jpg","contentUrl":"https:\/\/radis.ee\/wp-content\/uploads\/2023\/06\/Radis_Furniture_shelf_CRANE_M_with_desks_and_boxes_oak_veneeered_plywood_white_background.jpg","width":853,"height":1016,"caption":"RADIS shelf CRANE M oak veneered with 3 boxes and 2 desks"},{"@type":"BreadcrumbList","@id":"https:\/\/radis.ee\/de\/regal-crane\/#breadcrumb","itemListElement":[{"@type":"ListItem","position":1,"name":"Home","item":"https:\/\/radis.ee\/"},{"@type":"ListItem","position":2,"name":"Produkte","item":"https:\/\/radis.ee\/de\/produkte\/"},{"@type":"ListItem","position":3,"name":"Regal CRANE"}]},{"@type":"WebSite","@id":"https:\/\/radis.ee\/#website","url":"https:\/\/radis.ee\/","name":"Radis","description":"Nordic design furniture, environmentally friendly and sustainable.","publisher":{"@id":"https:\/\/radis.ee\/#organization"},"potentialAction":[{"@type":"SearchAction","target":{"@type":"EntryPoint","urlTemplate":"https:\/\/radis.ee\/?s={search_term_string}"},"query-input":{"@type":"PropertyValueSpecification","valueRequired":true,"valueName":"search_term_string"}}],"inLanguage":"de"},{"@type":"Organization","@id":"https:\/\/radis.ee\/#organization","name":"Radis O\u00dc","url":"https:\/\/radis.ee\/","logo":{"@type":"ImageObject","inLanguage":"de","@id":"https:\/\/radis.ee\/#\/schema\/logo\/image\/","url":"https:\/\/radis.ee\/wp-content\/uploads\/2020\/10\/Radis-logo.png","contentUrl":"https:\/\/radis.ee\/wp-content\/uploads\/2020\/10\/Radis-logo.png","width":300,"height":63,"caption":"Radis O\u00dc"},"image":{"@id":"https:\/\/radis.ee\/#\/schema\/logo\/image\/"},"sameAs":["https:\/\/www.facebook.com\/radisfurniture\/"]}]}},"_links":{"self":[{"href":"https:\/\/radis.ee\/de\/wp-json\/wp\/v2\/product\/21717","targetHints":{"allow":["GET"]}}],"collection":[{"href":"https:\/\/radis.ee\/de\/wp-json\/wp\/v2\/product"}],"about":[{"href":"https:\/\/radis.ee\/de\/wp-json\/wp\/v2\/types\/product"}],"replies":[{"embeddable":true,"href":"https:\/\/radis.ee\/de\/wp-json\/wp\/v2\/comments?post=21717"}],"wp:featuredmedia":[{"embeddable":true,"href":"https:\/\/radis.ee\/de\/wp-json\/wp\/v2\/media\/24263"}],"wp:attachment":[{"href":"https:\/\/radis.ee\/de\/wp-json\/wp\/v2\/media?parent=21717"}],"wp:term":[{"taxonomy":"product_brand","embeddable":true,"href":"https:\/\/radis.ee\/de\/wp-json\/wp\/v2\/product_brand?post=21717"},{"taxonomy":"product_cat","embeddable":true,"href":"https:\/\/radis.ee\/de\/wp-json\/wp\/v2\/product_cat?post=21717"},{"taxonomy":"product_tag","embeddable":true,"href":"https:\/\/radis.ee\/de\/wp-json\/wp\/v2\/product_tag?post=21717"}],"curies":[{"name":"wp","href":"https:\/\/api.w.org\/{rel}","templated":true}]}}