{"id":22249,"date":"2020-07-13T10:26:19","date_gmt":"2023-06-25T19:26:20","guid":{"rendered":"https:\/\/radis.ee\/?post_type=product&#038;p=22249"},"modified":"2023-06-30T10:17:04","modified_gmt":"2023-06-30T07:17:04","slug":"regal-pagoda","status":"publish","type":"product","link":"https:\/\/radis.ee\/de\/regal-pagoda\/","title":{"rendered":"Regal PAGODA"},"content":{"rendered":"<p>Unser Pagode-regal ist wie eine M\u00f6belversion des ber\u00fchmten japanischen Hauses. Es sieht aus, als w\u00fcrde es seine Fl\u00fcgel ausbreiten, um zu neuen H\u00f6hen aufzusteigen. Und genau das tut es \u2013 es hebt den Standard, wie ein atemberaubendes Regal aussehen sollte, auf ein neues Niveau.<\/p>\n<p>Mit viel Ablagefl\u00e4che und einem einzigartigen Design wird es ein Kronjuwel in jedem Raum sein. Die H\u00f6hen der Ablagefl\u00e4chen betragen 14 und 34 cm.<\/p>\n<p>Sanft schlie\u00dfende, vollst\u00e4ndig \u00f6ffnende, versteckte Schubladenschienen \u00f6ffnen drei ger\u00e4umige Schubladen mit einer Breite von 66 cm, einer Tiefe von 32,5 cm und einer H\u00f6he von 10,5 cm. Auf der mittleren Schublade befindet sich au\u00dferdem eine Arbeitsfl\u00e4che, die als ausziehbarer Schreibtisch f\u00fcr das Homeoffice genutzt werden kann \u2013 H\u00f6he 78 cm. Auf Wunsch kann die abnehmbare Arbeitsfl\u00e4che auch au\u00dferhalb des Regals als Computerst\u00e4nder genutzt werden \u2013 zum Beispiel beim Sitzen auf dem Sofa etc.<\/p>\n<p>Hergestellt aus 13 mm wei\u00dfem, langlebigem Hochdrucklaminat (HPL)-Sperrholz von Koskisen und 16 mm dickem Eichenfurniersperrholz, \u00f6lgewachst.<\/p>\n<p>Designer: Funduki<\/p>\n","protected":false},"excerpt":{"rendered":"<p>Unser Pagode-regal ist wie eine M\u00f6belversion des ber\u00fchmten japanischen Hauses. Es sieht aus, als w\u00fcrde es seine Fl\u00fcgel ausbreiten, um zu neuen H\u00f6hen aufzusteigen. Und genau das tut es \u2013 es hebt den Standard, wie ein atemberaubendes Regal aussehen sollte, auf ein neues Niveau. Mit viel Ablagefl\u00e4che und einem einzigartigen Design wird es ein Kronjuwel&#8230;<\/p>\n","protected":false},"featured_media":22299,"comment_status":"open","ping_status":"closed","template":"","meta":{"_acf_changed":false},"product_brand":[],"product_cat":[109],"product_tag":[],"class_list":{"0":"post-22249","1":"product","2":"type-product","3":"status-publish","4":"has-post-thumbnail","6":"product_cat-riiulid","8":"first","9":"instock","10":"taxable","11":"shipping-taxable","12":"purchasable","13":"product-type-variable","14":"has-default-attributes"},"acf":[],"yoast_head":"<!-- This site is optimized with the Yoast SEO plugin v27.4 - https:\/\/yoast.com\/product\/yoast-seo-wordpress\/ -->\n<title>Regal PAGODA - Radis<\/title>\n<meta name=\"robots\" content=\"index, follow, max-snippet:-1, max-image-preview:large, max-video-preview:-1\" \/>\n<link rel=\"canonical\" href=\"https:\/\/radis.ee\/riiul-pagoda\/\" \/>\n<meta property=\"og:locale\" content=\"de_DE\" \/>\n<meta property=\"og:type\" content=\"article\" \/>\n<meta property=\"og:title\" content=\"Regal PAGODA - Radis\" \/>\n<meta property=\"og:description\" content=\"Unser Pagode-regal ist wie eine M\u00f6belversion des ber\u00fchmten japanischen Hauses. Es sieht aus, als w\u00fcrde es seine Fl\u00fcgel ausbreiten, um zu neuen H\u00f6hen aufzusteigen. Und genau das tut es \u2013 es hebt den Standard, wie ein atemberaubendes Regal aussehen sollte, auf ein neues Niveau. Mit viel Ablagefl\u00e4che und einem einzigartigen Design wird es ein Kronjuwel...\" \/>\n<meta property=\"og:url\" content=\"https:\/\/radis.ee\/riiul-pagoda\/\" \/>\n<meta property=\"og:site_name\" content=\"Radis\" \/>\n<meta property=\"article:publisher\" content=\"https:\/\/www.facebook.com\/radisfurniture\/\" \/>\n<meta property=\"article:modified_time\" content=\"2023-06-30T07:17:04+00:00\" \/>\n<meta property=\"og:image\" content=\"https:\/\/radis.ee\/wp-content\/uploads\/2023\/06\/Radis_shelf_workstation_PAGODA_White_HP_Plywood.jpg\" \/>\n\t<meta property=\"og:image:width\" content=\"1000\" \/>\n\t<meta property=\"og:image:height\" content=\"1000\" \/>\n\t<meta property=\"og:image:type\" content=\"image\/jpeg\" \/>\n<meta name=\"twitter:card\" content=\"summary_large_image\" \/>\n<meta name=\"twitter:label1\" content=\"Gesch\u00e4tzte Lesezeit\" \/>\n\t<meta name=\"twitter:data1\" content=\"1\u00a0Minute\" \/>\n<script type=\"application\/ld+json\" class=\"yoast-schema-graph\">{\"@context\":\"https:\\\/\\\/schema.org\",\"@graph\":[{\"@type\":\"WebPage\",\"@id\":\"https:\\\/\\\/radis.ee\\\/riiul-pagoda\\\/\",\"url\":\"https:\\\/\\\/radis.ee\\\/riiul-pagoda\\\/\",\"name\":\"Regal PAGODA - Radis\",\"isPartOf\":{\"@id\":\"https:\\\/\\\/radis.ee\\\/#website\"},\"primaryImageOfPage\":{\"@id\":\"https:\\\/\\\/radis.ee\\\/riiul-pagoda\\\/#primaryimage\"},\"image\":{\"@id\":\"https:\\\/\\\/radis.ee\\\/riiul-pagoda\\\/#primaryimage\"},\"thumbnailUrl\":\"https:\\\/\\\/radis.ee\\\/wp-content\\\/uploads\\\/2023\\\/06\\\/Radis_shelf_workstation_PAGODA_White_HP_Plywood.jpg\",\"datePublished\":\"2023-06-25T19:26:20+00:00\",\"dateModified\":\"2023-06-30T07:17:04+00:00\",\"breadcrumb\":{\"@id\":\"https:\\\/\\\/radis.ee\\\/riiul-pagoda\\\/#breadcrumb\"},\"inLanguage\":\"de\",\"potentialAction\":[{\"@type\":\"ReadAction\",\"target\":[\"https:\\\/\\\/radis.ee\\\/riiul-pagoda\\\/\"]}]},{\"@type\":\"ImageObject\",\"inLanguage\":\"de\",\"@id\":\"https:\\\/\\\/radis.ee\\\/riiul-pagoda\\\/#primaryimage\",\"url\":\"https:\\\/\\\/radis.ee\\\/wp-content\\\/uploads\\\/2023\\\/06\\\/Radis_shelf_workstation_PAGODA_White_HP_Plywood.jpg\",\"contentUrl\":\"https:\\\/\\\/radis.ee\\\/wp-content\\\/uploads\\\/2023\\\/06\\\/Radis_shelf_workstation_PAGODA_White_HP_Plywood.jpg\",\"width\":1000,\"height\":1000,\"caption\":\"Radis shelf PAGODA white HPL plywood\"},{\"@type\":\"BreadcrumbList\",\"@id\":\"https:\\\/\\\/radis.ee\\\/riiul-pagoda\\\/#breadcrumb\",\"itemListElement\":[{\"@type\":\"ListItem\",\"position\":1,\"name\":\"Home\",\"item\":\"https:\\\/\\\/radis.ee\\\/\"},{\"@type\":\"ListItem\",\"position\":2,\"name\":\"Produkte\",\"item\":\"https:\\\/\\\/radis.ee\\\/de\\\/produkte\\\/\"},{\"@type\":\"ListItem\",\"position\":3,\"name\":\"Regal PAGODA\"}]},{\"@type\":\"WebSite\",\"@id\":\"https:\\\/\\\/radis.ee\\\/#website\",\"url\":\"https:\\\/\\\/radis.ee\\\/\",\"name\":\"Radis\",\"description\":\"Nordic design furniture, environmentally friendly and sustainable.\",\"publisher\":{\"@id\":\"https:\\\/\\\/radis.ee\\\/#organization\"},\"potentialAction\":[{\"@type\":\"SearchAction\",\"target\":{\"@type\":\"EntryPoint\",\"urlTemplate\":\"https:\\\/\\\/radis.ee\\\/?s={search_term_string}\"},\"query-input\":{\"@type\":\"PropertyValueSpecification\",\"valueRequired\":true,\"valueName\":\"search_term_string\"}}],\"inLanguage\":\"de\"},{\"@type\":\"Organization\",\"@id\":\"https:\\\/\\\/radis.ee\\\/#organization\",\"name\":\"Radis O\u00dc\",\"url\":\"https:\\\/\\\/radis.ee\\\/\",\"logo\":{\"@type\":\"ImageObject\",\"inLanguage\":\"de\",\"@id\":\"https:\\\/\\\/radis.ee\\\/#\\\/schema\\\/logo\\\/image\\\/\",\"url\":\"https:\\\/\\\/radis.ee\\\/wp-content\\\/uploads\\\/2020\\\/10\\\/Radis-logo.png\",\"contentUrl\":\"https:\\\/\\\/radis.ee\\\/wp-content\\\/uploads\\\/2020\\\/10\\\/Radis-logo.png\",\"width\":300,\"height\":63,\"caption\":\"Radis O\u00dc\"},\"image\":{\"@id\":\"https:\\\/\\\/radis.ee\\\/#\\\/schema\\\/logo\\\/image\\\/\"},\"sameAs\":[\"https:\\\/\\\/www.facebook.com\\\/radisfurniture\\\/\"]}]}<\/script>\n<!-- \/ Yoast SEO plugin. -->","yoast_head_json":{"title":"Regal PAGODA - Radis","robots":{"index":"index","follow":"follow","max-snippet":"max-snippet:-1","max-image-preview":"max-image-preview:large","max-video-preview":"max-video-preview:-1"},"canonical":"https:\/\/radis.ee\/riiul-pagoda\/","og_locale":"de_DE","og_type":"article","og_title":"Regal PAGODA - Radis","og_description":"Unser Pagode-regal ist wie eine M\u00f6belversion des ber\u00fchmten japanischen Hauses. Es sieht aus, als w\u00fcrde es seine Fl\u00fcgel ausbreiten, um zu neuen H\u00f6hen aufzusteigen. Und genau das tut es \u2013 es hebt den Standard, wie ein atemberaubendes Regal aussehen sollte, auf ein neues Niveau. Mit viel Ablagefl\u00e4che und einem einzigartigen Design wird es ein Kronjuwel...","og_url":"https:\/\/radis.ee\/riiul-pagoda\/","og_site_name":"Radis","article_publisher":"https:\/\/www.facebook.com\/radisfurniture\/","article_modified_time":"2023-06-30T07:17:04+00:00","og_image":[{"width":1000,"height":1000,"url":"https:\/\/radis.ee\/wp-content\/uploads\/2023\/06\/Radis_shelf_workstation_PAGODA_White_HP_Plywood.jpg","type":"image\/jpeg"}],"twitter_card":"summary_large_image","twitter_misc":{"Gesch\u00e4tzte Lesezeit":"1\u00a0Minute"},"schema":{"@context":"https:\/\/schema.org","@graph":[{"@type":"WebPage","@id":"https:\/\/radis.ee\/riiul-pagoda\/","url":"https:\/\/radis.ee\/riiul-pagoda\/","name":"Regal PAGODA - Radis","isPartOf":{"@id":"https:\/\/radis.ee\/#website"},"primaryImageOfPage":{"@id":"https:\/\/radis.ee\/riiul-pagoda\/#primaryimage"},"image":{"@id":"https:\/\/radis.ee\/riiul-pagoda\/#primaryimage"},"thumbnailUrl":"https:\/\/radis.ee\/wp-content\/uploads\/2023\/06\/Radis_shelf_workstation_PAGODA_White_HP_Plywood.jpg","datePublished":"2023-06-25T19:26:20+00:00","dateModified":"2023-06-30T07:17:04+00:00","breadcrumb":{"@id":"https:\/\/radis.ee\/riiul-pagoda\/#breadcrumb"},"inLanguage":"de","potentialAction":[{"@type":"ReadAction","target":["https:\/\/radis.ee\/riiul-pagoda\/"]}]},{"@type":"ImageObject","inLanguage":"de","@id":"https:\/\/radis.ee\/riiul-pagoda\/#primaryimage","url":"https:\/\/radis.ee\/wp-content\/uploads\/2023\/06\/Radis_shelf_workstation_PAGODA_White_HP_Plywood.jpg","contentUrl":"https:\/\/radis.ee\/wp-content\/uploads\/2023\/06\/Radis_shelf_workstation_PAGODA_White_HP_Plywood.jpg","width":1000,"height":1000,"caption":"Radis shelf PAGODA white HPL plywood"},{"@type":"BreadcrumbList","@id":"https:\/\/radis.ee\/riiul-pagoda\/#breadcrumb","itemListElement":[{"@type":"ListItem","position":1,"name":"Home","item":"https:\/\/radis.ee\/"},{"@type":"ListItem","position":2,"name":"Produkte","item":"https:\/\/radis.ee\/de\/produkte\/"},{"@type":"ListItem","position":3,"name":"Regal PAGODA"}]},{"@type":"WebSite","@id":"https:\/\/radis.ee\/#website","url":"https:\/\/radis.ee\/","name":"Radis","description":"Nordic design furniture, environmentally friendly and sustainable.","publisher":{"@id":"https:\/\/radis.ee\/#organization"},"potentialAction":[{"@type":"SearchAction","target":{"@type":"EntryPoint","urlTemplate":"https:\/\/radis.ee\/?s={search_term_string}"},"query-input":{"@type":"PropertyValueSpecification","valueRequired":true,"valueName":"search_term_string"}}],"inLanguage":"de"},{"@type":"Organization","@id":"https:\/\/radis.ee\/#organization","name":"Radis O\u00dc","url":"https:\/\/radis.ee\/","logo":{"@type":"ImageObject","inLanguage":"de","@id":"https:\/\/radis.ee\/#\/schema\/logo\/image\/","url":"https:\/\/radis.ee\/wp-content\/uploads\/2020\/10\/Radis-logo.png","contentUrl":"https:\/\/radis.ee\/wp-content\/uploads\/2020\/10\/Radis-logo.png","width":300,"height":63,"caption":"Radis O\u00dc"},"image":{"@id":"https:\/\/radis.ee\/#\/schema\/logo\/image\/"},"sameAs":["https:\/\/www.facebook.com\/radisfurniture\/"]}]}},"_links":{"self":[{"href":"https:\/\/radis.ee\/de\/wp-json\/wp\/v2\/product\/22249","targetHints":{"allow":["GET"]}}],"collection":[{"href":"https:\/\/radis.ee\/de\/wp-json\/wp\/v2\/product"}],"about":[{"href":"https:\/\/radis.ee\/de\/wp-json\/wp\/v2\/types\/product"}],"replies":[{"embeddable":true,"href":"https:\/\/radis.ee\/de\/wp-json\/wp\/v2\/comments?post=22249"}],"wp:featuredmedia":[{"embeddable":true,"href":"https:\/\/radis.ee\/de\/wp-json\/wp\/v2\/media\/22299"}],"wp:attachment":[{"href":"https:\/\/radis.ee\/de\/wp-json\/wp\/v2\/media?parent=22249"}],"wp:term":[{"taxonomy":"product_brand","embeddable":true,"href":"https:\/\/radis.ee\/de\/wp-json\/wp\/v2\/product_brand?post=22249"},{"taxonomy":"product_cat","embeddable":true,"href":"https:\/\/radis.ee\/de\/wp-json\/wp\/v2\/product_cat?post=22249"},{"taxonomy":"product_tag","embeddable":true,"href":"https:\/\/radis.ee\/de\/wp-json\/wp\/v2\/product_tag?post=22249"}],"curies":[{"name":"wp","href":"https:\/\/api.w.org\/{rel}","templated":true}]}}