{"id":24291,"date":"2020-08-08T16:42:26","date_gmt":"2023-10-18T13:42:37","guid":{"rendered":"https:\/\/radis.ee\/?post_type=product&#038;p=24291"},"modified":"2024-06-05T15:50:54","modified_gmt":"2024-06-05T12:50:54","slug":"kleiderschrank-huh-mit-einem-regal-und-zusatzlicher-hohe","status":"publish","type":"product","link":"https:\/\/radis.ee\/de\/kleiderschrank-huh-mit-einem-regal-und-zusatzlicher-hohe\/","title":{"rendered":"Kleiderschrank HUH mit einem Regal und zus\u00e4tzlicher H\u00f6he"},"content":{"rendered":"<p>Dieser Kleiderschrank organisiert Ihre gesamte Kleidung und bietet Platz f\u00fcr Ihre Kleider, Jacken und M\u00e4ntel sowie Schubladen f\u00fcr Unterw\u00e4sche, Socken und Krawatten.<\/p>\n<p>Beim zweit\u00fcrigen Kleiderschrank befindet sich hinter der linken T\u00fcr eine 41 cm breite Kleiderstange, beim dreit\u00fcrigen eine 86 cm breite Kleiderstange in einer H\u00f6he von 120 cm vom Boden des Kleiderschranks. Hinter der rechten T\u00fcr befinden sich 3 Zwischenb\u00f6den mit variabler H\u00f6he und darunter 2 ger\u00e4umige Schubladen. Auf einer zus\u00e4tzlichen Ebene gibt es au\u00dferdem verstellbare Einlegeb\u00f6den.<\/p>\n<p>Hergestellt aus Birkensperrholz, ge\u00f6lt gewachst oder Koskisen-wei\u00dfem HPL auf Sperrholz. Soft-Close-T\u00fcrscharniere von H\u00e4fele und versteckte Schubladenschienen. T\u00fcren aus wei\u00dfem Koskisen-HPL auf Sperrholz, innen H\u00e4fele-Metallstangen, um lange T\u00fcren gerade zu halten. Ein 8 cm hoher Sockel, der gut zu allen Sockelleisten passt.<\/p>\n<p>Auf der rechten Seite des Kleiderschranks befindet sich ein 24 cm tiefes Regal aus wei\u00dfem HPL. Auf Wunsch kann das Regal auch auf der linken Seite montiert werden, bitte teilen Sie uns dies bei der Bestellung in den Notizen mit.<\/p>\n<p>Die Kollektion HUH wurde f\u00fcr den estnischen Designpreis Bruno 2014 nominiert.<\/p>\n","protected":false},"excerpt":{"rendered":"<p>Dieser Kleiderschrank organisiert Ihre gesamte Kleidung und bietet Platz f\u00fcr Ihre Kleider, Jacken und M\u00e4ntel sowie Schubladen f\u00fcr Unterw\u00e4sche, Socken und Krawatten. Beim zweit\u00fcrigen Kleiderschrank befindet sich hinter der linken T\u00fcr eine 41 cm breite Kleiderstange, beim dreit\u00fcrigen eine 86 cm breite Kleiderstange in einer H\u00f6he von 120 cm vom Boden des Kleiderschranks. Hinter der&#8230;<\/p>\n","protected":false},"featured_media":24401,"comment_status":"open","ping_status":"closed","template":"","meta":{"_acf_changed":false},"product_brand":[],"product_cat":[110],"product_tag":[],"class_list":{"0":"post-24291","1":"product","2":"type-product","3":"status-publish","4":"has-post-thumbnail","6":"product_cat-riidekapid","8":"first","9":"instock","10":"sale","11":"taxable","12":"shipping-taxable","13":"purchasable","14":"product-type-variable","15":"has-default-attributes"},"acf":[],"yoast_head":"<!-- This site is optimized with the Yoast SEO plugin v27.3 - https:\/\/yoast.com\/product\/yoast-seo-wordpress\/ -->\n<title>Kleiderschrank HUH mit einem Regal und zus\u00e4tzlicher H\u00f6he - Radis<\/title>\n<meta name=\"robots\" content=\"index, follow, max-snippet:-1, max-image-preview:large, max-video-preview:-1\" \/>\n<link rel=\"canonical\" href=\"https:\/\/radis.ee\/riidekapp-huh-riiuliga-lisakorrusega\/\" \/>\n<meta property=\"og:locale\" content=\"de_DE\" \/>\n<meta property=\"og:type\" content=\"article\" \/>\n<meta property=\"og:title\" content=\"Kleiderschrank HUH mit einem Regal und zus\u00e4tzlicher H\u00f6he - Radis\" \/>\n<meta property=\"og:description\" content=\"Dieser Kleiderschrank organisiert Ihre gesamte Kleidung und bietet Platz f\u00fcr Ihre Kleider, Jacken und M\u00e4ntel sowie Schubladen f\u00fcr Unterw\u00e4sche, Socken und Krawatten. Beim zweit\u00fcrigen Kleiderschrank befindet sich hinter der linken T\u00fcr eine 41 cm breite Kleiderstange, beim dreit\u00fcrigen eine 86 cm breite Kleiderstange in einer H\u00f6he von 120 cm vom Boden des Kleiderschranks. Hinter der...\" \/>\n<meta property=\"og:url\" content=\"https:\/\/radis.ee\/riidekapp-huh-riiuliga-lisakorrusega\/\" \/>\n<meta property=\"og:site_name\" content=\"Radis\" \/>\n<meta property=\"article:publisher\" content=\"https:\/\/www.facebook.com\/radisfurniture\/\" \/>\n<meta property=\"article:modified_time\" content=\"2024-06-05T12:50:54+00:00\" \/>\n<meta property=\"og:image\" content=\"https:\/\/radis.ee\/wp-content\/uploads\/2023\/10\/RADIS_wardrobe_HUH_3_doors_extra_level_vertical_handles_white_CPL_with_shelf_white_background.jpg\" \/>\n\t<meta property=\"og:image:width\" content=\"721\" \/>\n\t<meta property=\"og:image:height\" content=\"859\" \/>\n\t<meta property=\"og:image:type\" content=\"image\/jpeg\" \/>\n<meta name=\"twitter:card\" content=\"summary_large_image\" \/>\n<meta name=\"twitter:label1\" content=\"Gesch\u00e4tzte Lesezeit\" \/>\n\t<meta name=\"twitter:data1\" content=\"1\u00a0Minute\" \/>\n<script type=\"application\/ld+json\" class=\"yoast-schema-graph\">{\"@context\":\"https:\\\/\\\/schema.org\",\"@graph\":[{\"@type\":\"WebPage\",\"@id\":\"https:\\\/\\\/radis.ee\\\/riidekapp-huh-riiuliga-lisakorrusega\\\/\",\"url\":\"https:\\\/\\\/radis.ee\\\/riidekapp-huh-riiuliga-lisakorrusega\\\/\",\"name\":\"Kleiderschrank HUH mit einem Regal und zus\u00e4tzlicher H\u00f6he - Radis\",\"isPartOf\":{\"@id\":\"https:\\\/\\\/radis.ee\\\/#website\"},\"primaryImageOfPage\":{\"@id\":\"https:\\\/\\\/radis.ee\\\/riidekapp-huh-riiuliga-lisakorrusega\\\/#primaryimage\"},\"image\":{\"@id\":\"https:\\\/\\\/radis.ee\\\/riidekapp-huh-riiuliga-lisakorrusega\\\/#primaryimage\"},\"thumbnailUrl\":\"https:\\\/\\\/radis.ee\\\/wp-content\\\/uploads\\\/2023\\\/10\\\/RADIS_wardrobe_HUH_3_doors_extra_level_vertical_handles_white_CPL_with_shelf_white_background.jpg\",\"datePublished\":\"2023-10-18T13:42:37+00:00\",\"dateModified\":\"2024-06-05T12:50:54+00:00\",\"breadcrumb\":{\"@id\":\"https:\\\/\\\/radis.ee\\\/riidekapp-huh-riiuliga-lisakorrusega\\\/#breadcrumb\"},\"inLanguage\":\"de\",\"potentialAction\":[{\"@type\":\"ReadAction\",\"target\":[\"https:\\\/\\\/radis.ee\\\/riidekapp-huh-riiuliga-lisakorrusega\\\/\"]}]},{\"@type\":\"ImageObject\",\"inLanguage\":\"de\",\"@id\":\"https:\\\/\\\/radis.ee\\\/riidekapp-huh-riiuliga-lisakorrusega\\\/#primaryimage\",\"url\":\"https:\\\/\\\/radis.ee\\\/wp-content\\\/uploads\\\/2023\\\/10\\\/RADIS_wardrobe_HUH_3_doors_extra_level_vertical_handles_white_CPL_with_shelf_white_background.jpg\",\"contentUrl\":\"https:\\\/\\\/radis.ee\\\/wp-content\\\/uploads\\\/2023\\\/10\\\/RADIS_wardrobe_HUH_3_doors_extra_level_vertical_handles_white_CPL_with_shelf_white_background.jpg\",\"width\":721,\"height\":859,\"caption\":\"RADIS wardrobe HUH with shelf\"},{\"@type\":\"BreadcrumbList\",\"@id\":\"https:\\\/\\\/radis.ee\\\/riidekapp-huh-riiuliga-lisakorrusega\\\/#breadcrumb\",\"itemListElement\":[{\"@type\":\"ListItem\",\"position\":1,\"name\":\"Home\",\"item\":\"https:\\\/\\\/radis.ee\\\/\"},{\"@type\":\"ListItem\",\"position\":2,\"name\":\"Produkte\",\"item\":\"https:\\\/\\\/radis.ee\\\/de\\\/produkte\\\/\"},{\"@type\":\"ListItem\",\"position\":3,\"name\":\"Kleiderschrank HUH mit einem Regal und zus\u00e4tzlicher H\u00f6he\"}]},{\"@type\":\"WebSite\",\"@id\":\"https:\\\/\\\/radis.ee\\\/#website\",\"url\":\"https:\\\/\\\/radis.ee\\\/\",\"name\":\"Radis\",\"description\":\"Nordic design furniture, environmentally friendly and sustainable.\",\"publisher\":{\"@id\":\"https:\\\/\\\/radis.ee\\\/#organization\"},\"potentialAction\":[{\"@type\":\"SearchAction\",\"target\":{\"@type\":\"EntryPoint\",\"urlTemplate\":\"https:\\\/\\\/radis.ee\\\/?s={search_term_string}\"},\"query-input\":{\"@type\":\"PropertyValueSpecification\",\"valueRequired\":true,\"valueName\":\"search_term_string\"}}],\"inLanguage\":\"de\"},{\"@type\":\"Organization\",\"@id\":\"https:\\\/\\\/radis.ee\\\/#organization\",\"name\":\"Radis O\u00dc\",\"url\":\"https:\\\/\\\/radis.ee\\\/\",\"logo\":{\"@type\":\"ImageObject\",\"inLanguage\":\"de\",\"@id\":\"https:\\\/\\\/radis.ee\\\/#\\\/schema\\\/logo\\\/image\\\/\",\"url\":\"https:\\\/\\\/radis.ee\\\/wp-content\\\/uploads\\\/2020\\\/10\\\/Radis-logo.png\",\"contentUrl\":\"https:\\\/\\\/radis.ee\\\/wp-content\\\/uploads\\\/2020\\\/10\\\/Radis-logo.png\",\"width\":300,\"height\":63,\"caption\":\"Radis O\u00dc\"},\"image\":{\"@id\":\"https:\\\/\\\/radis.ee\\\/#\\\/schema\\\/logo\\\/image\\\/\"},\"sameAs\":[\"https:\\\/\\\/www.facebook.com\\\/radisfurniture\\\/\"]}]}<\/script>\n<!-- \/ Yoast SEO plugin. -->","yoast_head_json":{"title":"Kleiderschrank HUH mit einem Regal und zus\u00e4tzlicher H\u00f6he - Radis","robots":{"index":"index","follow":"follow","max-snippet":"max-snippet:-1","max-image-preview":"max-image-preview:large","max-video-preview":"max-video-preview:-1"},"canonical":"https:\/\/radis.ee\/riidekapp-huh-riiuliga-lisakorrusega\/","og_locale":"de_DE","og_type":"article","og_title":"Kleiderschrank HUH mit einem Regal und zus\u00e4tzlicher H\u00f6he - Radis","og_description":"Dieser Kleiderschrank organisiert Ihre gesamte Kleidung und bietet Platz f\u00fcr Ihre Kleider, Jacken und M\u00e4ntel sowie Schubladen f\u00fcr Unterw\u00e4sche, Socken und Krawatten. Beim zweit\u00fcrigen Kleiderschrank befindet sich hinter der linken T\u00fcr eine 41 cm breite Kleiderstange, beim dreit\u00fcrigen eine 86 cm breite Kleiderstange in einer H\u00f6he von 120 cm vom Boden des Kleiderschranks. Hinter der...","og_url":"https:\/\/radis.ee\/riidekapp-huh-riiuliga-lisakorrusega\/","og_site_name":"Radis","article_publisher":"https:\/\/www.facebook.com\/radisfurniture\/","article_modified_time":"2024-06-05T12:50:54+00:00","og_image":[{"width":721,"height":859,"url":"https:\/\/radis.ee\/wp-content\/uploads\/2023\/10\/RADIS_wardrobe_HUH_3_doors_extra_level_vertical_handles_white_CPL_with_shelf_white_background.jpg","type":"image\/jpeg"}],"twitter_card":"summary_large_image","twitter_misc":{"Gesch\u00e4tzte Lesezeit":"1\u00a0Minute"},"schema":{"@context":"https:\/\/schema.org","@graph":[{"@type":"WebPage","@id":"https:\/\/radis.ee\/riidekapp-huh-riiuliga-lisakorrusega\/","url":"https:\/\/radis.ee\/riidekapp-huh-riiuliga-lisakorrusega\/","name":"Kleiderschrank HUH mit einem Regal und zus\u00e4tzlicher H\u00f6he - Radis","isPartOf":{"@id":"https:\/\/radis.ee\/#website"},"primaryImageOfPage":{"@id":"https:\/\/radis.ee\/riidekapp-huh-riiuliga-lisakorrusega\/#primaryimage"},"image":{"@id":"https:\/\/radis.ee\/riidekapp-huh-riiuliga-lisakorrusega\/#primaryimage"},"thumbnailUrl":"https:\/\/radis.ee\/wp-content\/uploads\/2023\/10\/RADIS_wardrobe_HUH_3_doors_extra_level_vertical_handles_white_CPL_with_shelf_white_background.jpg","datePublished":"2023-10-18T13:42:37+00:00","dateModified":"2024-06-05T12:50:54+00:00","breadcrumb":{"@id":"https:\/\/radis.ee\/riidekapp-huh-riiuliga-lisakorrusega\/#breadcrumb"},"inLanguage":"de","potentialAction":[{"@type":"ReadAction","target":["https:\/\/radis.ee\/riidekapp-huh-riiuliga-lisakorrusega\/"]}]},{"@type":"ImageObject","inLanguage":"de","@id":"https:\/\/radis.ee\/riidekapp-huh-riiuliga-lisakorrusega\/#primaryimage","url":"https:\/\/radis.ee\/wp-content\/uploads\/2023\/10\/RADIS_wardrobe_HUH_3_doors_extra_level_vertical_handles_white_CPL_with_shelf_white_background.jpg","contentUrl":"https:\/\/radis.ee\/wp-content\/uploads\/2023\/10\/RADIS_wardrobe_HUH_3_doors_extra_level_vertical_handles_white_CPL_with_shelf_white_background.jpg","width":721,"height":859,"caption":"RADIS wardrobe HUH with shelf"},{"@type":"BreadcrumbList","@id":"https:\/\/radis.ee\/riidekapp-huh-riiuliga-lisakorrusega\/#breadcrumb","itemListElement":[{"@type":"ListItem","position":1,"name":"Home","item":"https:\/\/radis.ee\/"},{"@type":"ListItem","position":2,"name":"Produkte","item":"https:\/\/radis.ee\/de\/produkte\/"},{"@type":"ListItem","position":3,"name":"Kleiderschrank HUH mit einem Regal und zus\u00e4tzlicher H\u00f6he"}]},{"@type":"WebSite","@id":"https:\/\/radis.ee\/#website","url":"https:\/\/radis.ee\/","name":"Radis","description":"Nordic design furniture, environmentally friendly and sustainable.","publisher":{"@id":"https:\/\/radis.ee\/#organization"},"potentialAction":[{"@type":"SearchAction","target":{"@type":"EntryPoint","urlTemplate":"https:\/\/radis.ee\/?s={search_term_string}"},"query-input":{"@type":"PropertyValueSpecification","valueRequired":true,"valueName":"search_term_string"}}],"inLanguage":"de"},{"@type":"Organization","@id":"https:\/\/radis.ee\/#organization","name":"Radis O\u00dc","url":"https:\/\/radis.ee\/","logo":{"@type":"ImageObject","inLanguage":"de","@id":"https:\/\/radis.ee\/#\/schema\/logo\/image\/","url":"https:\/\/radis.ee\/wp-content\/uploads\/2020\/10\/Radis-logo.png","contentUrl":"https:\/\/radis.ee\/wp-content\/uploads\/2020\/10\/Radis-logo.png","width":300,"height":63,"caption":"Radis O\u00dc"},"image":{"@id":"https:\/\/radis.ee\/#\/schema\/logo\/image\/"},"sameAs":["https:\/\/www.facebook.com\/radisfurniture\/"]}]}},"_links":{"self":[{"href":"https:\/\/radis.ee\/de\/wp-json\/wp\/v2\/product\/24291","targetHints":{"allow":["GET"]}}],"collection":[{"href":"https:\/\/radis.ee\/de\/wp-json\/wp\/v2\/product"}],"about":[{"href":"https:\/\/radis.ee\/de\/wp-json\/wp\/v2\/types\/product"}],"replies":[{"embeddable":true,"href":"https:\/\/radis.ee\/de\/wp-json\/wp\/v2\/comments?post=24291"}],"wp:featuredmedia":[{"embeddable":true,"href":"https:\/\/radis.ee\/de\/wp-json\/wp\/v2\/media\/24401"}],"wp:attachment":[{"href":"https:\/\/radis.ee\/de\/wp-json\/wp\/v2\/media?parent=24291"}],"wp:term":[{"taxonomy":"product_brand","embeddable":true,"href":"https:\/\/radis.ee\/de\/wp-json\/wp\/v2\/product_brand?post=24291"},{"taxonomy":"product_cat","embeddable":true,"href":"https:\/\/radis.ee\/de\/wp-json\/wp\/v2\/product_cat?post=24291"},{"taxonomy":"product_tag","embeddable":true,"href":"https:\/\/radis.ee\/de\/wp-json\/wp\/v2\/product_tag?post=24291"}],"curies":[{"name":"wp","href":"https:\/\/api.w.org\/{rel}","templated":true}]}}