{"id":2435,"date":"2022-10-08T20:10:19","date_gmt":"2020-09-27T17:08:19","guid":{"rendered":"https:\/\/radis.ee\/unkategorisiert\/schreibtisch-man\/"},"modified":"2020-11-15T22:17:56","modified_gmt":"2020-11-15T20:17:56","slug":"schreibtisch-man","status":"publish","type":"product","link":"https:\/\/radis.ee\/de\/schreibtisch-man\/","title":{"rendered":"Schreibtisch MAN"},"content":{"rendered":"<p>Dieser kr\u00e4ftige Schreibtisch passt in die Wohnung wie ins B\u00fcro. In den beiden gro\u00dfen Schubladen lassen sich S\u00fc\u00dfigkeiten oder Hefte verstecken.<\/p>\n<p>Hergestellt aus Birkensperrholz, ebenfalls Eichenfurnier, \u00d6l gewachst. Schubladenkreis in verschiedenen T\u00f6nen von Koskisen CPL auf Sperrholz. Lautlos schlie\u00dfende Schubladenschienen. Die Innenma\u00dfe beider Schubladen betragen 50&#215;50 cm, die Innenh\u00f6he 7 cm.<\/p>\n<p>Kollektion MAN wurde f\u00fcr den estnischen Designpreis Bruno 2016 nominiert.<\/p>\n","protected":false},"excerpt":{"rendered":"<p>Dieser kr\u00e4ftige Schreibtisch passt in die Wohnung wie ins B\u00fcro. In den beiden gro\u00dfen Schubladen lassen sich S\u00fc\u00dfigkeiten oder Hefte verstecken. Hergestellt aus Birkensperrholz, ebenfalls Eichenfurnier, \u00d6l gewachst. Schubladenkreis in verschiedenen T\u00f6nen von Koskisen CPL auf Sperrholz. Lautlos schlie\u00dfende Schubladenschienen. Die Innenma\u00dfe beider Schubladen betragen 50&#215;50 cm, die Innenh\u00f6he 7 cm. Kollektion MAN wurde f\u00fcr&#8230;<\/p>\n","protected":false},"featured_media":4576,"comment_status":"open","ping_status":"closed","template":"","meta":{"_acf_changed":false},"product_brand":[],"product_cat":[218],"product_tag":[],"class_list":{"0":"post-2435","1":"product","2":"type-product","3":"status-publish","4":"has-post-thumbnail","6":"product_cat-tables","8":"first","9":"instock","10":"sale","11":"taxable","12":"shipping-taxable","13":"purchasable","14":"product-type-variable","15":"has-default-attributes"},"acf":[],"yoast_head":"<!-- This site is optimized with the Yoast SEO plugin v27.4 - https:\/\/yoast.com\/product\/yoast-seo-wordpress\/ -->\n<title>Schreibtisch MAN - Radis<\/title>\n<meta name=\"robots\" content=\"index, follow, max-snippet:-1, max-image-preview:large, max-video-preview:-1\" \/>\n<link rel=\"canonical\" href=\"https:\/\/radis.ee\/de\/schreibtisch-man\/\" \/>\n<meta property=\"og:locale\" content=\"de_DE\" \/>\n<meta property=\"og:type\" content=\"article\" \/>\n<meta property=\"og:title\" content=\"Schreibtisch MAN - Radis\" \/>\n<meta property=\"og:description\" content=\"Dieser kr\u00e4ftige Schreibtisch passt in die Wohnung wie ins B\u00fcro. In den beiden gro\u00dfen Schubladen lassen sich S\u00fc\u00dfigkeiten oder Hefte verstecken. Hergestellt aus Birkensperrholz, ebenfalls Eichenfurnier, \u00d6l gewachst. Schubladenkreis in verschiedenen T\u00f6nen von Koskisen CPL auf Sperrholz. Lautlos schlie\u00dfende Schubladenschienen. Die Innenma\u00dfe beider Schubladen betragen 50&#215;50 cm, die Innenh\u00f6he 7 cm. Kollektion MAN wurde f\u00fcr...\" \/>\n<meta property=\"og:url\" content=\"https:\/\/radis.ee\/de\/schreibtisch-man\/\" \/>\n<meta property=\"og:site_name\" content=\"Radis\" \/>\n<meta property=\"article:publisher\" content=\"https:\/\/www.facebook.com\/radisfurniture\/\" \/>\n<meta property=\"article:modified_time\" content=\"2020-11-15T20:17:56+00:00\" \/>\n<meta property=\"og:image\" content=\"https:\/\/radis.ee\/wp-content\/uploads\/2020\/09\/RA0479-Radis-desk-MAN-with-2-white-drawers.jpg\" \/>\n\t<meta property=\"og:image:width\" content=\"2500\" \/>\n\t<meta property=\"og:image:height\" content=\"2500\" \/>\n\t<meta property=\"og:image:type\" content=\"image\/jpeg\" \/>\n<meta name=\"twitter:card\" content=\"summary_large_image\" \/>\n<script type=\"application\/ld+json\" class=\"yoast-schema-graph\">{\"@context\":\"https:\\\/\\\/schema.org\",\"@graph\":[{\"@type\":\"WebPage\",\"@id\":\"https:\\\/\\\/radis.ee\\\/de\\\/schreibtisch-man\\\/\",\"url\":\"https:\\\/\\\/radis.ee\\\/de\\\/schreibtisch-man\\\/\",\"name\":\"Schreibtisch MAN - Radis\",\"isPartOf\":{\"@id\":\"https:\\\/\\\/radis.ee\\\/#website\"},\"primaryImageOfPage\":{\"@id\":\"https:\\\/\\\/radis.ee\\\/de\\\/schreibtisch-man\\\/#primaryimage\"},\"image\":{\"@id\":\"https:\\\/\\\/radis.ee\\\/de\\\/schreibtisch-man\\\/#primaryimage\"},\"thumbnailUrl\":\"https:\\\/\\\/radis.ee\\\/wp-content\\\/uploads\\\/2020\\\/09\\\/RA0479-Radis-desk-MAN-with-2-white-drawers.jpg\",\"datePublished\":\"2020-09-27T17:08:19+00:00\",\"dateModified\":\"2020-11-15T20:17:56+00:00\",\"breadcrumb\":{\"@id\":\"https:\\\/\\\/radis.ee\\\/de\\\/schreibtisch-man\\\/#breadcrumb\"},\"inLanguage\":\"de\",\"potentialAction\":[{\"@type\":\"ReadAction\",\"target\":[\"https:\\\/\\\/radis.ee\\\/de\\\/schreibtisch-man\\\/\"]}]},{\"@type\":\"ImageObject\",\"inLanguage\":\"de\",\"@id\":\"https:\\\/\\\/radis.ee\\\/de\\\/schreibtisch-man\\\/#primaryimage\",\"url\":\"https:\\\/\\\/radis.ee\\\/wp-content\\\/uploads\\\/2020\\\/09\\\/RA0479-Radis-desk-MAN-with-2-white-drawers.jpg\",\"contentUrl\":\"https:\\\/\\\/radis.ee\\\/wp-content\\\/uploads\\\/2020\\\/09\\\/RA0479-Radis-desk-MAN-with-2-white-drawers.jpg\",\"width\":2500,\"height\":2500},{\"@type\":\"BreadcrumbList\",\"@id\":\"https:\\\/\\\/radis.ee\\\/de\\\/schreibtisch-man\\\/#breadcrumb\",\"itemListElement\":[{\"@type\":\"ListItem\",\"position\":1,\"name\":\"Home\",\"item\":\"https:\\\/\\\/radis.ee\\\/\"},{\"@type\":\"ListItem\",\"position\":2,\"name\":\"Produkte\",\"item\":\"https:\\\/\\\/radis.ee\\\/de\\\/produkte\\\/\"},{\"@type\":\"ListItem\",\"position\":3,\"name\":\"Schreibtisch MAN\"}]},{\"@type\":\"WebSite\",\"@id\":\"https:\\\/\\\/radis.ee\\\/#website\",\"url\":\"https:\\\/\\\/radis.ee\\\/\",\"name\":\"Radis\",\"description\":\"Nordic design furniture, environmentally friendly and sustainable.\",\"publisher\":{\"@id\":\"https:\\\/\\\/radis.ee\\\/#organization\"},\"potentialAction\":[{\"@type\":\"SearchAction\",\"target\":{\"@type\":\"EntryPoint\",\"urlTemplate\":\"https:\\\/\\\/radis.ee\\\/?s={search_term_string}\"},\"query-input\":{\"@type\":\"PropertyValueSpecification\",\"valueRequired\":true,\"valueName\":\"search_term_string\"}}],\"inLanguage\":\"de\"},{\"@type\":\"Organization\",\"@id\":\"https:\\\/\\\/radis.ee\\\/#organization\",\"name\":\"Radis O\u00dc\",\"url\":\"https:\\\/\\\/radis.ee\\\/\",\"logo\":{\"@type\":\"ImageObject\",\"inLanguage\":\"de\",\"@id\":\"https:\\\/\\\/radis.ee\\\/#\\\/schema\\\/logo\\\/image\\\/\",\"url\":\"https:\\\/\\\/radis.ee\\\/wp-content\\\/uploads\\\/2020\\\/10\\\/Radis-logo.png\",\"contentUrl\":\"https:\\\/\\\/radis.ee\\\/wp-content\\\/uploads\\\/2020\\\/10\\\/Radis-logo.png\",\"width\":300,\"height\":63,\"caption\":\"Radis O\u00dc\"},\"image\":{\"@id\":\"https:\\\/\\\/radis.ee\\\/#\\\/schema\\\/logo\\\/image\\\/\"},\"sameAs\":[\"https:\\\/\\\/www.facebook.com\\\/radisfurniture\\\/\"]}]}<\/script>\n<!-- \/ Yoast SEO plugin. -->","yoast_head_json":{"title":"Schreibtisch MAN - Radis","robots":{"index":"index","follow":"follow","max-snippet":"max-snippet:-1","max-image-preview":"max-image-preview:large","max-video-preview":"max-video-preview:-1"},"canonical":"https:\/\/radis.ee\/de\/schreibtisch-man\/","og_locale":"de_DE","og_type":"article","og_title":"Schreibtisch MAN - Radis","og_description":"Dieser kr\u00e4ftige Schreibtisch passt in die Wohnung wie ins B\u00fcro. In den beiden gro\u00dfen Schubladen lassen sich S\u00fc\u00dfigkeiten oder Hefte verstecken. Hergestellt aus Birkensperrholz, ebenfalls Eichenfurnier, \u00d6l gewachst. Schubladenkreis in verschiedenen T\u00f6nen von Koskisen CPL auf Sperrholz. Lautlos schlie\u00dfende Schubladenschienen. Die Innenma\u00dfe beider Schubladen betragen 50&#215;50 cm, die Innenh\u00f6he 7 cm. Kollektion MAN wurde f\u00fcr...","og_url":"https:\/\/radis.ee\/de\/schreibtisch-man\/","og_site_name":"Radis","article_publisher":"https:\/\/www.facebook.com\/radisfurniture\/","article_modified_time":"2020-11-15T20:17:56+00:00","og_image":[{"width":2500,"height":2500,"url":"https:\/\/radis.ee\/wp-content\/uploads\/2020\/09\/RA0479-Radis-desk-MAN-with-2-white-drawers.jpg","type":"image\/jpeg"}],"twitter_card":"summary_large_image","schema":{"@context":"https:\/\/schema.org","@graph":[{"@type":"WebPage","@id":"https:\/\/radis.ee\/de\/schreibtisch-man\/","url":"https:\/\/radis.ee\/de\/schreibtisch-man\/","name":"Schreibtisch MAN - Radis","isPartOf":{"@id":"https:\/\/radis.ee\/#website"},"primaryImageOfPage":{"@id":"https:\/\/radis.ee\/de\/schreibtisch-man\/#primaryimage"},"image":{"@id":"https:\/\/radis.ee\/de\/schreibtisch-man\/#primaryimage"},"thumbnailUrl":"https:\/\/radis.ee\/wp-content\/uploads\/2020\/09\/RA0479-Radis-desk-MAN-with-2-white-drawers.jpg","datePublished":"2020-09-27T17:08:19+00:00","dateModified":"2020-11-15T20:17:56+00:00","breadcrumb":{"@id":"https:\/\/radis.ee\/de\/schreibtisch-man\/#breadcrumb"},"inLanguage":"de","potentialAction":[{"@type":"ReadAction","target":["https:\/\/radis.ee\/de\/schreibtisch-man\/"]}]},{"@type":"ImageObject","inLanguage":"de","@id":"https:\/\/radis.ee\/de\/schreibtisch-man\/#primaryimage","url":"https:\/\/radis.ee\/wp-content\/uploads\/2020\/09\/RA0479-Radis-desk-MAN-with-2-white-drawers.jpg","contentUrl":"https:\/\/radis.ee\/wp-content\/uploads\/2020\/09\/RA0479-Radis-desk-MAN-with-2-white-drawers.jpg","width":2500,"height":2500},{"@type":"BreadcrumbList","@id":"https:\/\/radis.ee\/de\/schreibtisch-man\/#breadcrumb","itemListElement":[{"@type":"ListItem","position":1,"name":"Home","item":"https:\/\/radis.ee\/"},{"@type":"ListItem","position":2,"name":"Produkte","item":"https:\/\/radis.ee\/de\/produkte\/"},{"@type":"ListItem","position":3,"name":"Schreibtisch MAN"}]},{"@type":"WebSite","@id":"https:\/\/radis.ee\/#website","url":"https:\/\/radis.ee\/","name":"Radis","description":"Nordic design furniture, environmentally friendly and sustainable.","publisher":{"@id":"https:\/\/radis.ee\/#organization"},"potentialAction":[{"@type":"SearchAction","target":{"@type":"EntryPoint","urlTemplate":"https:\/\/radis.ee\/?s={search_term_string}"},"query-input":{"@type":"PropertyValueSpecification","valueRequired":true,"valueName":"search_term_string"}}],"inLanguage":"de"},{"@type":"Organization","@id":"https:\/\/radis.ee\/#organization","name":"Radis O\u00dc","url":"https:\/\/radis.ee\/","logo":{"@type":"ImageObject","inLanguage":"de","@id":"https:\/\/radis.ee\/#\/schema\/logo\/image\/","url":"https:\/\/radis.ee\/wp-content\/uploads\/2020\/10\/Radis-logo.png","contentUrl":"https:\/\/radis.ee\/wp-content\/uploads\/2020\/10\/Radis-logo.png","width":300,"height":63,"caption":"Radis O\u00dc"},"image":{"@id":"https:\/\/radis.ee\/#\/schema\/logo\/image\/"},"sameAs":["https:\/\/www.facebook.com\/radisfurniture\/"]}]}},"_links":{"self":[{"href":"https:\/\/radis.ee\/de\/wp-json\/wp\/v2\/product\/2435","targetHints":{"allow":["GET"]}}],"collection":[{"href":"https:\/\/radis.ee\/de\/wp-json\/wp\/v2\/product"}],"about":[{"href":"https:\/\/radis.ee\/de\/wp-json\/wp\/v2\/types\/product"}],"replies":[{"embeddable":true,"href":"https:\/\/radis.ee\/de\/wp-json\/wp\/v2\/comments?post=2435"}],"wp:featuredmedia":[{"embeddable":true,"href":"https:\/\/radis.ee\/de\/wp-json\/wp\/v2\/media\/4576"}],"wp:attachment":[{"href":"https:\/\/radis.ee\/de\/wp-json\/wp\/v2\/media?parent=2435"}],"wp:term":[{"taxonomy":"product_brand","embeddable":true,"href":"https:\/\/radis.ee\/de\/wp-json\/wp\/v2\/product_brand?post=2435"},{"taxonomy":"product_cat","embeddable":true,"href":"https:\/\/radis.ee\/de\/wp-json\/wp\/v2\/product_cat?post=2435"},{"taxonomy":"product_tag","embeddable":true,"href":"https:\/\/radis.ee\/de\/wp-json\/wp\/v2\/product_tag?post=2435"}],"curies":[{"name":"wp","href":"https:\/\/api.w.org\/{rel}","templated":true}]}}