{"id":24584,"date":"2020-02-08T22:14:04","date_gmt":"2023-11-27T20:14:09","guid":{"rendered":"https:\/\/radis.ee\/?post_type=product&#038;p=24584"},"modified":"2023-11-27T22:59:42","modified_gmt":"2023-11-27T20:59:42","slug":"wand-kleiderstander-drift","status":"publish","type":"product","link":"https:\/\/radis.ee\/de\/wand-kleiderstander-drift\/","title":{"rendered":"Wand-Kleiderst\u00e4nder DRIFT"},"content":{"rendered":"<p>Kennen Sie das entspannende Gef\u00fchl, das Sie an einem hei\u00dfen Sommertag versp\u00fcren, wenn Sie sich von den Wellen treiben lassen? Mit der gleichen Leichtigkeit k\u00f6nnen Sie jetzt Ihre Jacke, Ihren Schal oder Ihren Mantel auf dem Drift-Kleiderst\u00e4nder durchsuchen.<\/p>\n<p>In seiner Form \u00e4hnelt er k\u00fchlen Wellen in Bewegung und ist ein sch\u00f6ner und schlichter Kleiderst\u00e4nder, der in jedem Flur gut aussieht.<\/p>\n<p>Einfache Montage mit zwei Schrauben. Erh\u00e4ltlich in Eichenfurnier und wei\u00dfem oder hellgrauem HPL-Sperrholz.<\/p>\n","protected":false},"excerpt":{"rendered":"<p>Kennen Sie das entspannende Gef\u00fchl, das Sie an einem hei\u00dfen Sommertag versp\u00fcren, wenn Sie sich von den Wellen treiben lassen? Mit der gleichen Leichtigkeit k\u00f6nnen Sie jetzt Ihre Jacke, Ihren Schal oder Ihren Mantel auf dem Drift-Kleiderst\u00e4nder durchsuchen. In seiner Form \u00e4hnelt er k\u00fchlen Wellen in Bewegung und ist ein sch\u00f6ner und schlichter Kleiderst\u00e4nder, der&#8230;<\/p>\n","protected":false},"featured_media":24667,"comment_status":"open","ping_status":"closed","template":"","meta":{"_acf_changed":false},"product_brand":[],"product_cat":[34],"product_tag":[],"class_list":{"0":"post-24584","1":"product","2":"type-product","3":"status-publish","4":"has-post-thumbnail","6":"product_cat-aksessuaarid","8":"first","9":"instock","10":"taxable","11":"shipping-taxable","12":"purchasable","13":"product-type-variable","14":"has-default-attributes"},"acf":[],"yoast_head":"<!-- This site is optimized with the Yoast SEO plugin v27.4 - https:\/\/yoast.com\/product\/yoast-seo-wordpress\/ -->\n<title>Wand-Kleiderst\u00e4nder DRIFT - Radis<\/title>\n<meta name=\"robots\" content=\"index, follow, max-snippet:-1, max-image-preview:large, max-video-preview:-1\" \/>\n<link rel=\"canonical\" href=\"https:\/\/radis.ee\/nagi-drift\/\" \/>\n<meta property=\"og:locale\" content=\"de_DE\" \/>\n<meta property=\"og:type\" content=\"article\" \/>\n<meta property=\"og:title\" content=\"Wand-Kleiderst\u00e4nder DRIFT - Radis\" \/>\n<meta property=\"og:description\" content=\"Kennen Sie das entspannende Gef\u00fchl, das Sie an einem hei\u00dfen Sommertag versp\u00fcren, wenn Sie sich von den Wellen treiben lassen? Mit der gleichen Leichtigkeit k\u00f6nnen Sie jetzt Ihre Jacke, Ihren Schal oder Ihren Mantel auf dem Drift-Kleiderst\u00e4nder durchsuchen. In seiner Form \u00e4hnelt er k\u00fchlen Wellen in Bewegung und ist ein sch\u00f6ner und schlichter Kleiderst\u00e4nder, der...\" \/>\n<meta property=\"og:url\" content=\"https:\/\/radis.ee\/nagi-drift\/\" \/>\n<meta property=\"og:site_name\" content=\"Radis\" \/>\n<meta property=\"article:publisher\" content=\"https:\/\/www.facebook.com\/radisfurniture\/\" \/>\n<meta property=\"article:modified_time\" content=\"2023-11-27T20:59:42+00:00\" \/>\n<meta property=\"og:image\" content=\"https:\/\/radis.ee\/wp-content\/uploads\/2020\/02\/RADIS-rack-DRIFT-oak-veneered-plywood_white_background.jpg\" \/>\n\t<meta property=\"og:image:width\" content=\"484\" \/>\n\t<meta property=\"og:image:height\" content=\"584\" \/>\n\t<meta property=\"og:image:type\" content=\"image\/jpeg\" \/>\n<meta name=\"twitter:card\" content=\"summary_large_image\" \/>\n<script type=\"application\/ld+json\" class=\"yoast-schema-graph\">{\"@context\":\"https:\\\/\\\/schema.org\",\"@graph\":[{\"@type\":\"WebPage\",\"@id\":\"https:\\\/\\\/radis.ee\\\/nagi-drift\\\/\",\"url\":\"https:\\\/\\\/radis.ee\\\/nagi-drift\\\/\",\"name\":\"Wand-Kleiderst\u00e4nder DRIFT - Radis\",\"isPartOf\":{\"@id\":\"https:\\\/\\\/radis.ee\\\/#website\"},\"primaryImageOfPage\":{\"@id\":\"https:\\\/\\\/radis.ee\\\/nagi-drift\\\/#primaryimage\"},\"image\":{\"@id\":\"https:\\\/\\\/radis.ee\\\/nagi-drift\\\/#primaryimage\"},\"thumbnailUrl\":\"https:\\\/\\\/radis.ee\\\/wp-content\\\/uploads\\\/2020\\\/02\\\/RADIS-rack-DRIFT-oak-veneered-plywood_white_background.jpg\",\"datePublished\":\"2023-11-27T20:14:09+00:00\",\"dateModified\":\"2023-11-27T20:59:42+00:00\",\"breadcrumb\":{\"@id\":\"https:\\\/\\\/radis.ee\\\/nagi-drift\\\/#breadcrumb\"},\"inLanguage\":\"de\",\"potentialAction\":[{\"@type\":\"ReadAction\",\"target\":[\"https:\\\/\\\/radis.ee\\\/nagi-drift\\\/\"]}]},{\"@type\":\"ImageObject\",\"inLanguage\":\"de\",\"@id\":\"https:\\\/\\\/radis.ee\\\/nagi-drift\\\/#primaryimage\",\"url\":\"https:\\\/\\\/radis.ee\\\/wp-content\\\/uploads\\\/2020\\\/02\\\/RADIS-rack-DRIFT-oak-veneered-plywood_white_background.jpg\",\"contentUrl\":\"https:\\\/\\\/radis.ee\\\/wp-content\\\/uploads\\\/2020\\\/02\\\/RADIS-rack-DRIFT-oak-veneered-plywood_white_background.jpg\",\"width\":484,\"height\":584,\"caption\":\"Radis wall rack DRIFT Oak veneered\"},{\"@type\":\"BreadcrumbList\",\"@id\":\"https:\\\/\\\/radis.ee\\\/nagi-drift\\\/#breadcrumb\",\"itemListElement\":[{\"@type\":\"ListItem\",\"position\":1,\"name\":\"Home\",\"item\":\"https:\\\/\\\/radis.ee\\\/\"},{\"@type\":\"ListItem\",\"position\":2,\"name\":\"Produkte\",\"item\":\"https:\\\/\\\/radis.ee\\\/de\\\/produkte\\\/\"},{\"@type\":\"ListItem\",\"position\":3,\"name\":\"Wand-Kleiderst\u00e4nder DRIFT\"}]},{\"@type\":\"WebSite\",\"@id\":\"https:\\\/\\\/radis.ee\\\/#website\",\"url\":\"https:\\\/\\\/radis.ee\\\/\",\"name\":\"Radis\",\"description\":\"Nordic design furniture, environmentally friendly and sustainable.\",\"publisher\":{\"@id\":\"https:\\\/\\\/radis.ee\\\/#organization\"},\"potentialAction\":[{\"@type\":\"SearchAction\",\"target\":{\"@type\":\"EntryPoint\",\"urlTemplate\":\"https:\\\/\\\/radis.ee\\\/?s={search_term_string}\"},\"query-input\":{\"@type\":\"PropertyValueSpecification\",\"valueRequired\":true,\"valueName\":\"search_term_string\"}}],\"inLanguage\":\"de\"},{\"@type\":\"Organization\",\"@id\":\"https:\\\/\\\/radis.ee\\\/#organization\",\"name\":\"Radis O\u00dc\",\"url\":\"https:\\\/\\\/radis.ee\\\/\",\"logo\":{\"@type\":\"ImageObject\",\"inLanguage\":\"de\",\"@id\":\"https:\\\/\\\/radis.ee\\\/#\\\/schema\\\/logo\\\/image\\\/\",\"url\":\"https:\\\/\\\/radis.ee\\\/wp-content\\\/uploads\\\/2020\\\/10\\\/Radis-logo.png\",\"contentUrl\":\"https:\\\/\\\/radis.ee\\\/wp-content\\\/uploads\\\/2020\\\/10\\\/Radis-logo.png\",\"width\":300,\"height\":63,\"caption\":\"Radis O\u00dc\"},\"image\":{\"@id\":\"https:\\\/\\\/radis.ee\\\/#\\\/schema\\\/logo\\\/image\\\/\"},\"sameAs\":[\"https:\\\/\\\/www.facebook.com\\\/radisfurniture\\\/\"]}]}<\/script>\n<!-- \/ Yoast SEO plugin. -->","yoast_head_json":{"title":"Wand-Kleiderst\u00e4nder DRIFT - Radis","robots":{"index":"index","follow":"follow","max-snippet":"max-snippet:-1","max-image-preview":"max-image-preview:large","max-video-preview":"max-video-preview:-1"},"canonical":"https:\/\/radis.ee\/nagi-drift\/","og_locale":"de_DE","og_type":"article","og_title":"Wand-Kleiderst\u00e4nder DRIFT - Radis","og_description":"Kennen Sie das entspannende Gef\u00fchl, das Sie an einem hei\u00dfen Sommertag versp\u00fcren, wenn Sie sich von den Wellen treiben lassen? Mit der gleichen Leichtigkeit k\u00f6nnen Sie jetzt Ihre Jacke, Ihren Schal oder Ihren Mantel auf dem Drift-Kleiderst\u00e4nder durchsuchen. In seiner Form \u00e4hnelt er k\u00fchlen Wellen in Bewegung und ist ein sch\u00f6ner und schlichter Kleiderst\u00e4nder, der...","og_url":"https:\/\/radis.ee\/nagi-drift\/","og_site_name":"Radis","article_publisher":"https:\/\/www.facebook.com\/radisfurniture\/","article_modified_time":"2023-11-27T20:59:42+00:00","og_image":[{"width":484,"height":584,"url":"https:\/\/radis.ee\/wp-content\/uploads\/2020\/02\/RADIS-rack-DRIFT-oak-veneered-plywood_white_background.jpg","type":"image\/jpeg"}],"twitter_card":"summary_large_image","schema":{"@context":"https:\/\/schema.org","@graph":[{"@type":"WebPage","@id":"https:\/\/radis.ee\/nagi-drift\/","url":"https:\/\/radis.ee\/nagi-drift\/","name":"Wand-Kleiderst\u00e4nder DRIFT - Radis","isPartOf":{"@id":"https:\/\/radis.ee\/#website"},"primaryImageOfPage":{"@id":"https:\/\/radis.ee\/nagi-drift\/#primaryimage"},"image":{"@id":"https:\/\/radis.ee\/nagi-drift\/#primaryimage"},"thumbnailUrl":"https:\/\/radis.ee\/wp-content\/uploads\/2020\/02\/RADIS-rack-DRIFT-oak-veneered-plywood_white_background.jpg","datePublished":"2023-11-27T20:14:09+00:00","dateModified":"2023-11-27T20:59:42+00:00","breadcrumb":{"@id":"https:\/\/radis.ee\/nagi-drift\/#breadcrumb"},"inLanguage":"de","potentialAction":[{"@type":"ReadAction","target":["https:\/\/radis.ee\/nagi-drift\/"]}]},{"@type":"ImageObject","inLanguage":"de","@id":"https:\/\/radis.ee\/nagi-drift\/#primaryimage","url":"https:\/\/radis.ee\/wp-content\/uploads\/2020\/02\/RADIS-rack-DRIFT-oak-veneered-plywood_white_background.jpg","contentUrl":"https:\/\/radis.ee\/wp-content\/uploads\/2020\/02\/RADIS-rack-DRIFT-oak-veneered-plywood_white_background.jpg","width":484,"height":584,"caption":"Radis wall rack DRIFT Oak veneered"},{"@type":"BreadcrumbList","@id":"https:\/\/radis.ee\/nagi-drift\/#breadcrumb","itemListElement":[{"@type":"ListItem","position":1,"name":"Home","item":"https:\/\/radis.ee\/"},{"@type":"ListItem","position":2,"name":"Produkte","item":"https:\/\/radis.ee\/de\/produkte\/"},{"@type":"ListItem","position":3,"name":"Wand-Kleiderst\u00e4nder DRIFT"}]},{"@type":"WebSite","@id":"https:\/\/radis.ee\/#website","url":"https:\/\/radis.ee\/","name":"Radis","description":"Nordic design furniture, environmentally friendly and sustainable.","publisher":{"@id":"https:\/\/radis.ee\/#organization"},"potentialAction":[{"@type":"SearchAction","target":{"@type":"EntryPoint","urlTemplate":"https:\/\/radis.ee\/?s={search_term_string}"},"query-input":{"@type":"PropertyValueSpecification","valueRequired":true,"valueName":"search_term_string"}}],"inLanguage":"de"},{"@type":"Organization","@id":"https:\/\/radis.ee\/#organization","name":"Radis O\u00dc","url":"https:\/\/radis.ee\/","logo":{"@type":"ImageObject","inLanguage":"de","@id":"https:\/\/radis.ee\/#\/schema\/logo\/image\/","url":"https:\/\/radis.ee\/wp-content\/uploads\/2020\/10\/Radis-logo.png","contentUrl":"https:\/\/radis.ee\/wp-content\/uploads\/2020\/10\/Radis-logo.png","width":300,"height":63,"caption":"Radis O\u00dc"},"image":{"@id":"https:\/\/radis.ee\/#\/schema\/logo\/image\/"},"sameAs":["https:\/\/www.facebook.com\/radisfurniture\/"]}]}},"_links":{"self":[{"href":"https:\/\/radis.ee\/de\/wp-json\/wp\/v2\/product\/24584","targetHints":{"allow":["GET"]}}],"collection":[{"href":"https:\/\/radis.ee\/de\/wp-json\/wp\/v2\/product"}],"about":[{"href":"https:\/\/radis.ee\/de\/wp-json\/wp\/v2\/types\/product"}],"replies":[{"embeddable":true,"href":"https:\/\/radis.ee\/de\/wp-json\/wp\/v2\/comments?post=24584"}],"wp:featuredmedia":[{"embeddable":true,"href":"https:\/\/radis.ee\/de\/wp-json\/wp\/v2\/media\/24667"}],"wp:attachment":[{"href":"https:\/\/radis.ee\/de\/wp-json\/wp\/v2\/media?parent=24584"}],"wp:term":[{"taxonomy":"product_brand","embeddable":true,"href":"https:\/\/radis.ee\/de\/wp-json\/wp\/v2\/product_brand?post=24584"},{"taxonomy":"product_cat","embeddable":true,"href":"https:\/\/radis.ee\/de\/wp-json\/wp\/v2\/product_cat?post=24584"},{"taxonomy":"product_tag","embeddable":true,"href":"https:\/\/radis.ee\/de\/wp-json\/wp\/v2\/product_tag?post=24584"}],"curies":[{"name":"wp","href":"https:\/\/api.w.org\/{rel}","templated":true}]}}