{"id":24679,"date":"2023-11-28T11:47:09","date_gmt":"2023-11-28T09:47:16","guid":{"rendered":"https:\/\/radis.ee\/?post_type=product&#038;p=24679"},"modified":"2025-01-24T19:15:56","modified_gmt":"2025-01-24T17:15:56","slug":"anrichte-noble-mit-1-tur-und-3-schubladen","status":"publish","type":"product","link":"https:\/\/radis.ee\/de\/anrichte-noble-mit-1-tur-und-3-schubladen\/","title":{"rendered":"Anrichte NOBLE mit 1 T\u00fcr und 3 Schubladen"},"content":{"rendered":"<p>Schubladen sind das neue Schwarz! Sie werden sich nicht vorstellen k\u00f6nnen, wie Sie ohne ein Ger\u00e4t gelebt haben, bis Sie selbst ausprobiert haben, wie es ist, mit einem Ger\u00e4t zu leben. In der Schublade der Noble-Serie k\u00f6nnen Sie alles verstauen und Ihr Zuhause m\u00fchelos aufr\u00e4umen. Gleichzeitig sehen Sie stilvoll aus und verbessern die visuelle \u00c4sthetik Ihres Zuhauses.<\/p>\n<p>Wie andere Produkte der Noble-Serie ist es aus Eichenfurnier oder Birkensperrholz gefertigt und verf\u00fcgt \u00fcber eine leise Schiebet\u00fcr. Was gibt es an Noble Drawer nicht zu m\u00f6gen?<\/p>\n<p>Links neben den Schubladen, hinter der Schiebet\u00fcr, befindet sich ein h\u00f6henverstellbarer Zwischenboden, 64 cm breit, 36 cm tief. Innenh\u00f6he 41 cm. Verdeckte Schubladen mit Soft-Close-Funktion, Schiebet\u00fcr auf H\u00e4fele-Rollen. Schwarze, pulverbeschichtete, verstellbare Metallbeine mit einer H\u00f6he von 17 cm.<\/p>\n<p>Die NOBLE-Serie hat es in die zweite Runde des Estnischen Designpreises Bruno 2020 geschafft.<\/p>\n","protected":false},"excerpt":{"rendered":"<p>Schubladen sind das neue Schwarz! Sie werden sich nicht vorstellen k\u00f6nnen, wie Sie ohne ein Ger\u00e4t gelebt haben, bis Sie selbst ausprobiert haben, wie es ist, mit einem Ger\u00e4t zu leben. In der Schublade der Noble-Serie k\u00f6nnen Sie alles verstauen und Ihr Zuhause m\u00fchelos aufr\u00e4umen. Gleichzeitig sehen Sie stilvoll aus und verbessern die visuelle \u00c4sthetik&#8230;<\/p>\n","protected":false},"featured_media":24739,"comment_status":"open","ping_status":"closed","template":"","meta":{"_acf_changed":false},"product_brand":[],"product_cat":[17],"product_tag":[],"class_list":{"0":"post-24679","1":"product","2":"type-product","3":"status-publish","4":"has-post-thumbnail","6":"product_cat-kummutid","8":"first","9":"instock","10":"taxable","11":"shipping-taxable","12":"purchasable","13":"product-type-variable","14":"has-default-attributes"},"acf":[],"yoast_head":"<!-- This site is optimized with the Yoast SEO plugin v27.4 - https:\/\/yoast.com\/product\/yoast-seo-wordpress\/ -->\n<title>Anrichte NOBLE mit 1 T\u00fcr und 3 Schubladen - Radis<\/title>\n<meta name=\"robots\" content=\"index, follow, max-snippet:-1, max-image-preview:large, max-video-preview:-1\" \/>\n<link rel=\"canonical\" href=\"https:\/\/radis.ee\/kummut-noble-1-ukse-ja-3-sahtliga\/\" \/>\n<meta property=\"og:locale\" content=\"de_DE\" \/>\n<meta property=\"og:type\" content=\"article\" \/>\n<meta property=\"og:title\" content=\"Anrichte NOBLE mit 1 T\u00fcr und 3 Schubladen - Radis\" \/>\n<meta property=\"og:description\" content=\"Schubladen sind das neue Schwarz! Sie werden sich nicht vorstellen k\u00f6nnen, wie Sie ohne ein Ger\u00e4t gelebt haben, bis Sie selbst ausprobiert haben, wie es ist, mit einem Ger\u00e4t zu leben. In der Schublade der Noble-Serie k\u00f6nnen Sie alles verstauen und Ihr Zuhause m\u00fchelos aufr\u00e4umen. Gleichzeitig sehen Sie stilvoll aus und verbessern die visuelle \u00c4sthetik...\" \/>\n<meta property=\"og:url\" content=\"https:\/\/radis.ee\/kummut-noble-1-ukse-ja-3-sahtliga\/\" \/>\n<meta property=\"og:site_name\" content=\"Radis\" \/>\n<meta property=\"article:publisher\" content=\"https:\/\/www.facebook.com\/radisfurniture\/\" \/>\n<meta property=\"article:modified_time\" content=\"2025-01-24T17:15:56+00:00\" \/>\n<meta property=\"og:image\" content=\"https:\/\/radis.ee\/wp-content\/uploads\/2023\/11\/RADIS_sideboard_NOBLE_with_1_door_Oak_veneered_plywood_white_background.jpg\" \/>\n\t<meta property=\"og:image:width\" content=\"1658\" \/>\n\t<meta property=\"og:image:height\" content=\"1997\" \/>\n\t<meta property=\"og:image:type\" content=\"image\/jpeg\" \/>\n<meta name=\"twitter:card\" content=\"summary_large_image\" \/>\n<meta name=\"twitter:label1\" content=\"Gesch\u00e4tzte Lesezeit\" \/>\n\t<meta name=\"twitter:data1\" content=\"1\u00a0Minute\" \/>\n<script type=\"application\/ld+json\" class=\"yoast-schema-graph\">{\"@context\":\"https:\\\/\\\/schema.org\",\"@graph\":[{\"@type\":\"WebPage\",\"@id\":\"https:\\\/\\\/radis.ee\\\/kummut-noble-1-ukse-ja-3-sahtliga\\\/\",\"url\":\"https:\\\/\\\/radis.ee\\\/kummut-noble-1-ukse-ja-3-sahtliga\\\/\",\"name\":\"Anrichte NOBLE mit 1 T\u00fcr und 3 Schubladen - Radis\",\"isPartOf\":{\"@id\":\"https:\\\/\\\/radis.ee\\\/#website\"},\"primaryImageOfPage\":{\"@id\":\"https:\\\/\\\/radis.ee\\\/kummut-noble-1-ukse-ja-3-sahtliga\\\/#primaryimage\"},\"image\":{\"@id\":\"https:\\\/\\\/radis.ee\\\/kummut-noble-1-ukse-ja-3-sahtliga\\\/#primaryimage\"},\"thumbnailUrl\":\"https:\\\/\\\/radis.ee\\\/wp-content\\\/uploads\\\/2023\\\/11\\\/RADIS_sideboard_NOBLE_with_1_door_Oak_veneered_plywood_white_background.jpg\",\"datePublished\":\"2023-11-28T09:47:16+00:00\",\"dateModified\":\"2025-01-24T17:15:56+00:00\",\"breadcrumb\":{\"@id\":\"https:\\\/\\\/radis.ee\\\/kummut-noble-1-ukse-ja-3-sahtliga\\\/#breadcrumb\"},\"inLanguage\":\"de\",\"potentialAction\":[{\"@type\":\"ReadAction\",\"target\":[\"https:\\\/\\\/radis.ee\\\/kummut-noble-1-ukse-ja-3-sahtliga\\\/\"]}]},{\"@type\":\"ImageObject\",\"inLanguage\":\"de\",\"@id\":\"https:\\\/\\\/radis.ee\\\/kummut-noble-1-ukse-ja-3-sahtliga\\\/#primaryimage\",\"url\":\"https:\\\/\\\/radis.ee\\\/wp-content\\\/uploads\\\/2023\\\/11\\\/RADIS_sideboard_NOBLE_with_1_door_Oak_veneered_plywood_white_background.jpg\",\"contentUrl\":\"https:\\\/\\\/radis.ee\\\/wp-content\\\/uploads\\\/2023\\\/11\\\/RADIS_sideboard_NOBLE_with_1_door_Oak_veneered_plywood_white_background.jpg\",\"width\":1658,\"height\":1997,\"caption\":\"Radis sideboard NOBLE with 1 door and 3 drawers\"},{\"@type\":\"BreadcrumbList\",\"@id\":\"https:\\\/\\\/radis.ee\\\/kummut-noble-1-ukse-ja-3-sahtliga\\\/#breadcrumb\",\"itemListElement\":[{\"@type\":\"ListItem\",\"position\":1,\"name\":\"Home\",\"item\":\"https:\\\/\\\/radis.ee\\\/\"},{\"@type\":\"ListItem\",\"position\":2,\"name\":\"Produkte\",\"item\":\"https:\\\/\\\/radis.ee\\\/de\\\/produkte\\\/\"},{\"@type\":\"ListItem\",\"position\":3,\"name\":\"Anrichte NOBLE mit 1 T\u00fcr und 3 Schubladen\"}]},{\"@type\":\"WebSite\",\"@id\":\"https:\\\/\\\/radis.ee\\\/#website\",\"url\":\"https:\\\/\\\/radis.ee\\\/\",\"name\":\"Radis\",\"description\":\"Nordic design furniture, environmentally friendly and sustainable.\",\"publisher\":{\"@id\":\"https:\\\/\\\/radis.ee\\\/#organization\"},\"potentialAction\":[{\"@type\":\"SearchAction\",\"target\":{\"@type\":\"EntryPoint\",\"urlTemplate\":\"https:\\\/\\\/radis.ee\\\/?s={search_term_string}\"},\"query-input\":{\"@type\":\"PropertyValueSpecification\",\"valueRequired\":true,\"valueName\":\"search_term_string\"}}],\"inLanguage\":\"de\"},{\"@type\":\"Organization\",\"@id\":\"https:\\\/\\\/radis.ee\\\/#organization\",\"name\":\"Radis O\u00dc\",\"url\":\"https:\\\/\\\/radis.ee\\\/\",\"logo\":{\"@type\":\"ImageObject\",\"inLanguage\":\"de\",\"@id\":\"https:\\\/\\\/radis.ee\\\/#\\\/schema\\\/logo\\\/image\\\/\",\"url\":\"https:\\\/\\\/radis.ee\\\/wp-content\\\/uploads\\\/2020\\\/10\\\/Radis-logo.png\",\"contentUrl\":\"https:\\\/\\\/radis.ee\\\/wp-content\\\/uploads\\\/2020\\\/10\\\/Radis-logo.png\",\"width\":300,\"height\":63,\"caption\":\"Radis O\u00dc\"},\"image\":{\"@id\":\"https:\\\/\\\/radis.ee\\\/#\\\/schema\\\/logo\\\/image\\\/\"},\"sameAs\":[\"https:\\\/\\\/www.facebook.com\\\/radisfurniture\\\/\"]}]}<\/script>\n<!-- \/ Yoast SEO plugin. -->","yoast_head_json":{"title":"Anrichte NOBLE mit 1 T\u00fcr und 3 Schubladen - Radis","robots":{"index":"index","follow":"follow","max-snippet":"max-snippet:-1","max-image-preview":"max-image-preview:large","max-video-preview":"max-video-preview:-1"},"canonical":"https:\/\/radis.ee\/kummut-noble-1-ukse-ja-3-sahtliga\/","og_locale":"de_DE","og_type":"article","og_title":"Anrichte NOBLE mit 1 T\u00fcr und 3 Schubladen - Radis","og_description":"Schubladen sind das neue Schwarz! Sie werden sich nicht vorstellen k\u00f6nnen, wie Sie ohne ein Ger\u00e4t gelebt haben, bis Sie selbst ausprobiert haben, wie es ist, mit einem Ger\u00e4t zu leben. In der Schublade der Noble-Serie k\u00f6nnen Sie alles verstauen und Ihr Zuhause m\u00fchelos aufr\u00e4umen. Gleichzeitig sehen Sie stilvoll aus und verbessern die visuelle \u00c4sthetik...","og_url":"https:\/\/radis.ee\/kummut-noble-1-ukse-ja-3-sahtliga\/","og_site_name":"Radis","article_publisher":"https:\/\/www.facebook.com\/radisfurniture\/","article_modified_time":"2025-01-24T17:15:56+00:00","og_image":[{"width":1658,"height":1997,"url":"https:\/\/radis.ee\/wp-content\/uploads\/2023\/11\/RADIS_sideboard_NOBLE_with_1_door_Oak_veneered_plywood_white_background.jpg","type":"image\/jpeg"}],"twitter_card":"summary_large_image","twitter_misc":{"Gesch\u00e4tzte Lesezeit":"1\u00a0Minute"},"schema":{"@context":"https:\/\/schema.org","@graph":[{"@type":"WebPage","@id":"https:\/\/radis.ee\/kummut-noble-1-ukse-ja-3-sahtliga\/","url":"https:\/\/radis.ee\/kummut-noble-1-ukse-ja-3-sahtliga\/","name":"Anrichte NOBLE mit 1 T\u00fcr und 3 Schubladen - Radis","isPartOf":{"@id":"https:\/\/radis.ee\/#website"},"primaryImageOfPage":{"@id":"https:\/\/radis.ee\/kummut-noble-1-ukse-ja-3-sahtliga\/#primaryimage"},"image":{"@id":"https:\/\/radis.ee\/kummut-noble-1-ukse-ja-3-sahtliga\/#primaryimage"},"thumbnailUrl":"https:\/\/radis.ee\/wp-content\/uploads\/2023\/11\/RADIS_sideboard_NOBLE_with_1_door_Oak_veneered_plywood_white_background.jpg","datePublished":"2023-11-28T09:47:16+00:00","dateModified":"2025-01-24T17:15:56+00:00","breadcrumb":{"@id":"https:\/\/radis.ee\/kummut-noble-1-ukse-ja-3-sahtliga\/#breadcrumb"},"inLanguage":"de","potentialAction":[{"@type":"ReadAction","target":["https:\/\/radis.ee\/kummut-noble-1-ukse-ja-3-sahtliga\/"]}]},{"@type":"ImageObject","inLanguage":"de","@id":"https:\/\/radis.ee\/kummut-noble-1-ukse-ja-3-sahtliga\/#primaryimage","url":"https:\/\/radis.ee\/wp-content\/uploads\/2023\/11\/RADIS_sideboard_NOBLE_with_1_door_Oak_veneered_plywood_white_background.jpg","contentUrl":"https:\/\/radis.ee\/wp-content\/uploads\/2023\/11\/RADIS_sideboard_NOBLE_with_1_door_Oak_veneered_plywood_white_background.jpg","width":1658,"height":1997,"caption":"Radis sideboard NOBLE with 1 door and 3 drawers"},{"@type":"BreadcrumbList","@id":"https:\/\/radis.ee\/kummut-noble-1-ukse-ja-3-sahtliga\/#breadcrumb","itemListElement":[{"@type":"ListItem","position":1,"name":"Home","item":"https:\/\/radis.ee\/"},{"@type":"ListItem","position":2,"name":"Produkte","item":"https:\/\/radis.ee\/de\/produkte\/"},{"@type":"ListItem","position":3,"name":"Anrichte NOBLE mit 1 T\u00fcr und 3 Schubladen"}]},{"@type":"WebSite","@id":"https:\/\/radis.ee\/#website","url":"https:\/\/radis.ee\/","name":"Radis","description":"Nordic design furniture, environmentally friendly and sustainable.","publisher":{"@id":"https:\/\/radis.ee\/#organization"},"potentialAction":[{"@type":"SearchAction","target":{"@type":"EntryPoint","urlTemplate":"https:\/\/radis.ee\/?s={search_term_string}"},"query-input":{"@type":"PropertyValueSpecification","valueRequired":true,"valueName":"search_term_string"}}],"inLanguage":"de"},{"@type":"Organization","@id":"https:\/\/radis.ee\/#organization","name":"Radis O\u00dc","url":"https:\/\/radis.ee\/","logo":{"@type":"ImageObject","inLanguage":"de","@id":"https:\/\/radis.ee\/#\/schema\/logo\/image\/","url":"https:\/\/radis.ee\/wp-content\/uploads\/2020\/10\/Radis-logo.png","contentUrl":"https:\/\/radis.ee\/wp-content\/uploads\/2020\/10\/Radis-logo.png","width":300,"height":63,"caption":"Radis O\u00dc"},"image":{"@id":"https:\/\/radis.ee\/#\/schema\/logo\/image\/"},"sameAs":["https:\/\/www.facebook.com\/radisfurniture\/"]}]}},"_links":{"self":[{"href":"https:\/\/radis.ee\/de\/wp-json\/wp\/v2\/product\/24679","targetHints":{"allow":["GET"]}}],"collection":[{"href":"https:\/\/radis.ee\/de\/wp-json\/wp\/v2\/product"}],"about":[{"href":"https:\/\/radis.ee\/de\/wp-json\/wp\/v2\/types\/product"}],"replies":[{"embeddable":true,"href":"https:\/\/radis.ee\/de\/wp-json\/wp\/v2\/comments?post=24679"}],"wp:featuredmedia":[{"embeddable":true,"href":"https:\/\/radis.ee\/de\/wp-json\/wp\/v2\/media\/24739"}],"wp:attachment":[{"href":"https:\/\/radis.ee\/de\/wp-json\/wp\/v2\/media?parent=24679"}],"wp:term":[{"taxonomy":"product_brand","embeddable":true,"href":"https:\/\/radis.ee\/de\/wp-json\/wp\/v2\/product_brand?post=24679"},{"taxonomy":"product_cat","embeddable":true,"href":"https:\/\/radis.ee\/de\/wp-json\/wp\/v2\/product_cat?post=24679"},{"taxonomy":"product_tag","embeddable":true,"href":"https:\/\/radis.ee\/de\/wp-json\/wp\/v2\/product_tag?post=24679"}],"curies":[{"name":"wp","href":"https:\/\/api.w.org\/{rel}","templated":true}]}}