{"id":25954,"date":"2022-09-10T13:19:44","date_gmt":"2024-03-14T11:19:46","guid":{"rendered":"https:\/\/radis.ee\/?post_type=product&#038;p=25954"},"modified":"2025-02-19T18:21:13","modified_gmt":"2025-02-19T16:21:13","slug":"vertikales-schrankbett-pix-mit-regal-und-tisch","status":"publish","type":"product","link":"https:\/\/radis.ee\/de\/vertikales-schrankbett-pix-mit-regal-und-tisch\/","title":{"rendered":"Vertikales Schrankbett PIX mit Regal und Tisch"},"content":{"rendered":"<p>Die beliebte PIX-Serie wurde um ein Vertikales Schrankbett erweitert, zu dem wir auch ein Regal mit 8 T\u00fcren und einen Tisch anbieten. Das Schrankbett ist eine ideale L\u00f6sung, wenn wenig Platz vorhanden ist, Sie aber nicht auf Komfort und Qualit\u00e4t des Bettes verzichten m\u00f6chten.<\/p>\n<p>Intelligente und platzsparende L\u00f6sungen, die Ihr Wohnen funktionaler und lebendiger machen. Mit einer leichten Bewegung k\u00f6nnen Sie den Tisch verstecken und gleichzeitig das Bett \u00f6ffnen. Durch die konstante Wahrung der Horizontalit\u00e4t der Tischplatte kann der Benutzer das Bett \u00f6ffnen und schlie\u00dfen, ohne Gegenst\u00e4nde von der Tischplatte zu entfernen.<\/p>\n<p>Wir verwenden langlebige Mechanismen aus Italien, dank derer sich das Bett einfach und sicher \u00f6ffnen l\u00e4sst. Das \u00d6ffnen und Schlie\u00dfen wird durch Sto\u00dfd\u00e4mpfer unterst\u00fctzt, mit einer garantierten Funktion von 10.000 Zyklen. Das Murphy-Bett ist mit Befestigungsgurten ausgestattet, die das Bettzeug und die Matratze an Ort und Stelle halten. Die Matratze ist nicht im Set enthalten, die Ma\u00dfe der passenden Matratze betragen 90-120-140x200x18 cm, bei einem maximalen Gewicht von 28 kg. Die H\u00f6he der Matratzenbasis des Bettes betr\u00e4gt 34 cm \u00fcber dem Boden. Orthop\u00e4discher Hobel mit Latten aus Birkensperrholz, die mittels spezieller ger\u00e4uscharmer H\u00fcllen in das Bettrahmenrohr eingelegt werden.<\/p>\n<p>Hergestellt aus starkem 18 mm starkem Koskisen-Hochdrucklaminat-HPL-Birkensperrholz, Seiten mit Natursperrholz, T\u00fcren mit \u00d6lwachs aus heller Eiche oder komplett mit Eichenfurnier. Tischbeine und Bettmechanismen aus grau pulverbeschichtetem Metall.<\/p>\n<p>\u00dcber 10.000 Zyklen getestete Gasfedern mit \u00fcbergro\u00dfem Schaft und Zamak-Verbindung f\u00fcr eine einfache Montage. Wie einfach die Bedienung des Bettmechanismus ist, sehen Sie in <a href=\"https:\/\/youtu.be\/6x-7ctNKj9g?si=-6Fgsy77YWqyb_pm\" target=\"_blank\" rel=\"noopener\">diesem Video<\/a>.<\/p>\n<p>Die H\u00f6he der Tischplatte betr\u00e4gt 75 cm, Gr\u00f6\u00dfe 80 x 145 cm, um sie herum kann man schreiben oder mit 5 St\u00fchlen sitzen. Das Schrankbett ist auch ohne Tisch erh\u00e4ltlich.<\/p>\n<p>Regalschranktiefe 40 cm. Auf beiden Seiten des Bettes befinden sich 37 cm breite Regale. Die Gesamtbreite betr\u00e4gt die Breite der Matratze + 90 cm.<\/p>\n","protected":false},"excerpt":{"rendered":"<p>Die beliebte PIX-Serie wurde um ein Vertikales Schrankbett erweitert, zu dem wir auch ein Regal mit 8 T\u00fcren und einen Tisch anbieten. Das Schrankbett ist eine ideale L\u00f6sung, wenn wenig Platz vorhanden ist, Sie aber nicht auf Komfort und Qualit\u00e4t des Bettes verzichten m\u00f6chten. Intelligente und platzsparende L\u00f6sungen, die Ihr Wohnen funktionaler und lebendiger machen&#8230;.<\/p>\n","protected":false},"featured_media":26195,"comment_status":"open","ping_status":"closed","template":"","meta":{"_acf_changed":false},"product_brand":[],"product_cat":[113],"product_tag":[],"class_list":{"0":"post-25954","1":"product","2":"type-product","3":"status-publish","4":"has-post-thumbnail","6":"product_cat-voodid","8":"first","9":"instock","10":"taxable","11":"shipping-taxable","12":"purchasable","13":"product-type-variable","14":"has-default-attributes"},"acf":[],"yoast_head":"<!-- This site is optimized with the Yoast SEO plugin v27.3 - https:\/\/yoast.com\/product\/yoast-seo-wordpress\/ -->\n<title>Vertikales Schrankbett PIX mit Regal und Tisch - Radis<\/title>\n<meta name=\"robots\" content=\"index, follow, max-snippet:-1, max-image-preview:large, max-video-preview:-1\" \/>\n<link rel=\"canonical\" href=\"https:\/\/radis.ee\/de\/vertikales-schrankbett-pix-mit-regal-und-tisch\/\" \/>\n<meta property=\"og:locale\" content=\"de_DE\" \/>\n<meta property=\"og:type\" content=\"article\" \/>\n<meta property=\"og:title\" content=\"Vertikales Schrankbett PIX mit Regal und Tisch - Radis\" \/>\n<meta property=\"og:description\" content=\"Die beliebte PIX-Serie wurde um ein Vertikales Schrankbett erweitert, zu dem wir auch ein Regal mit 8 T\u00fcren und einen Tisch anbieten. Das Schrankbett ist eine ideale L\u00f6sung, wenn wenig Platz vorhanden ist, Sie aber nicht auf Komfort und Qualit\u00e4t des Bettes verzichten m\u00f6chten. Intelligente und platzsparende L\u00f6sungen, die Ihr Wohnen funktionaler und lebendiger machen....\" \/>\n<meta property=\"og:url\" content=\"https:\/\/radis.ee\/de\/vertikales-schrankbett-pix-mit-regal-und-tisch\/\" \/>\n<meta property=\"og:site_name\" content=\"Radis\" \/>\n<meta property=\"article:publisher\" content=\"https:\/\/www.facebook.com\/radisfurniture\/\" \/>\n<meta property=\"article:modified_time\" content=\"2025-02-19T16:21:13+00:00\" \/>\n<meta property=\"og:image\" content=\"https:\/\/radis.ee\/wp-content\/uploads\/2024\/03\/RADIS_hideaway_bed_with_shelf_with_table_white_HPL_doors_Light_Oak_plywood_white_3.jpg\" \/>\n\t<meta property=\"og:image:width\" content=\"1348\" \/>\n\t<meta property=\"og:image:height\" content=\"1573\" \/>\n\t<meta property=\"og:image:type\" content=\"image\/jpeg\" \/>\n<meta name=\"twitter:card\" content=\"summary_large_image\" \/>\n<meta name=\"twitter:label1\" content=\"Gesch\u00e4tzte Lesezeit\" \/>\n\t<meta name=\"twitter:data1\" content=\"2\u00a0Minuten\" \/>\n<script type=\"application\/ld+json\" class=\"yoast-schema-graph\">{\"@context\":\"https:\\\/\\\/schema.org\",\"@graph\":[{\"@type\":\"WebPage\",\"@id\":\"https:\\\/\\\/radis.ee\\\/de\\\/vertikales-schrankbett-pix-mit-regal-und-tisch\\\/\",\"url\":\"https:\\\/\\\/radis.ee\\\/de\\\/vertikales-schrankbett-pix-mit-regal-und-tisch\\\/\",\"name\":\"Vertikales Schrankbett PIX mit Regal und Tisch - Radis\",\"isPartOf\":{\"@id\":\"https:\\\/\\\/radis.ee\\\/#website\"},\"primaryImageOfPage\":{\"@id\":\"https:\\\/\\\/radis.ee\\\/de\\\/vertikales-schrankbett-pix-mit-regal-und-tisch\\\/#primaryimage\"},\"image\":{\"@id\":\"https:\\\/\\\/radis.ee\\\/de\\\/vertikales-schrankbett-pix-mit-regal-und-tisch\\\/#primaryimage\"},\"thumbnailUrl\":\"https:\\\/\\\/radis.ee\\\/wp-content\\\/uploads\\\/2024\\\/03\\\/RADIS_hideaway_bed_with_shelf_with_table_white_HPL_doors_Light_Oak_plywood_white_3.jpg\",\"datePublished\":\"2024-03-14T11:19:46+00:00\",\"dateModified\":\"2025-02-19T16:21:13+00:00\",\"breadcrumb\":{\"@id\":\"https:\\\/\\\/radis.ee\\\/de\\\/vertikales-schrankbett-pix-mit-regal-und-tisch\\\/#breadcrumb\"},\"inLanguage\":\"de\",\"potentialAction\":[{\"@type\":\"ReadAction\",\"target\":[\"https:\\\/\\\/radis.ee\\\/de\\\/vertikales-schrankbett-pix-mit-regal-und-tisch\\\/\"]}]},{\"@type\":\"ImageObject\",\"inLanguage\":\"de\",\"@id\":\"https:\\\/\\\/radis.ee\\\/de\\\/vertikales-schrankbett-pix-mit-regal-und-tisch\\\/#primaryimage\",\"url\":\"https:\\\/\\\/radis.ee\\\/wp-content\\\/uploads\\\/2024\\\/03\\\/RADIS_hideaway_bed_with_shelf_with_table_white_HPL_doors_Light_Oak_plywood_white_3.jpg\",\"contentUrl\":\"https:\\\/\\\/radis.ee\\\/wp-content\\\/uploads\\\/2024\\\/03\\\/RADIS_hideaway_bed_with_shelf_with_table_white_HPL_doors_Light_Oak_plywood_white_3.jpg\",\"width\":1348,\"height\":1573,\"caption\":\"Radis hide-away bed PIX with shelf and table white HPL plywood doors Light Oak\"},{\"@type\":\"BreadcrumbList\",\"@id\":\"https:\\\/\\\/radis.ee\\\/de\\\/vertikales-schrankbett-pix-mit-regal-und-tisch\\\/#breadcrumb\",\"itemListElement\":[{\"@type\":\"ListItem\",\"position\":1,\"name\":\"Home\",\"item\":\"https:\\\/\\\/radis.ee\\\/\"},{\"@type\":\"ListItem\",\"position\":2,\"name\":\"Produkte\",\"item\":\"https:\\\/\\\/radis.ee\\\/de\\\/produkte\\\/\"},{\"@type\":\"ListItem\",\"position\":3,\"name\":\"Vertikales Schrankbett PIX mit Regal und Tisch\"}]},{\"@type\":\"WebSite\",\"@id\":\"https:\\\/\\\/radis.ee\\\/#website\",\"url\":\"https:\\\/\\\/radis.ee\\\/\",\"name\":\"Radis\",\"description\":\"Nordic design furniture, environmentally friendly and sustainable.\",\"publisher\":{\"@id\":\"https:\\\/\\\/radis.ee\\\/#organization\"},\"potentialAction\":[{\"@type\":\"SearchAction\",\"target\":{\"@type\":\"EntryPoint\",\"urlTemplate\":\"https:\\\/\\\/radis.ee\\\/?s={search_term_string}\"},\"query-input\":{\"@type\":\"PropertyValueSpecification\",\"valueRequired\":true,\"valueName\":\"search_term_string\"}}],\"inLanguage\":\"de\"},{\"@type\":\"Organization\",\"@id\":\"https:\\\/\\\/radis.ee\\\/#organization\",\"name\":\"Radis O\u00dc\",\"url\":\"https:\\\/\\\/radis.ee\\\/\",\"logo\":{\"@type\":\"ImageObject\",\"inLanguage\":\"de\",\"@id\":\"https:\\\/\\\/radis.ee\\\/#\\\/schema\\\/logo\\\/image\\\/\",\"url\":\"https:\\\/\\\/radis.ee\\\/wp-content\\\/uploads\\\/2020\\\/10\\\/Radis-logo.png\",\"contentUrl\":\"https:\\\/\\\/radis.ee\\\/wp-content\\\/uploads\\\/2020\\\/10\\\/Radis-logo.png\",\"width\":300,\"height\":63,\"caption\":\"Radis O\u00dc\"},\"image\":{\"@id\":\"https:\\\/\\\/radis.ee\\\/#\\\/schema\\\/logo\\\/image\\\/\"},\"sameAs\":[\"https:\\\/\\\/www.facebook.com\\\/radisfurniture\\\/\"]}]}<\/script>\n<!-- \/ Yoast SEO plugin. -->","yoast_head_json":{"title":"Vertikales Schrankbett PIX mit Regal und Tisch - Radis","robots":{"index":"index","follow":"follow","max-snippet":"max-snippet:-1","max-image-preview":"max-image-preview:large","max-video-preview":"max-video-preview:-1"},"canonical":"https:\/\/radis.ee\/de\/vertikales-schrankbett-pix-mit-regal-und-tisch\/","og_locale":"de_DE","og_type":"article","og_title":"Vertikales Schrankbett PIX mit Regal und Tisch - Radis","og_description":"Die beliebte PIX-Serie wurde um ein Vertikales Schrankbett erweitert, zu dem wir auch ein Regal mit 8 T\u00fcren und einen Tisch anbieten. Das Schrankbett ist eine ideale L\u00f6sung, wenn wenig Platz vorhanden ist, Sie aber nicht auf Komfort und Qualit\u00e4t des Bettes verzichten m\u00f6chten. Intelligente und platzsparende L\u00f6sungen, die Ihr Wohnen funktionaler und lebendiger machen....","og_url":"https:\/\/radis.ee\/de\/vertikales-schrankbett-pix-mit-regal-und-tisch\/","og_site_name":"Radis","article_publisher":"https:\/\/www.facebook.com\/radisfurniture\/","article_modified_time":"2025-02-19T16:21:13+00:00","og_image":[{"width":1348,"height":1573,"url":"https:\/\/radis.ee\/wp-content\/uploads\/2024\/03\/RADIS_hideaway_bed_with_shelf_with_table_white_HPL_doors_Light_Oak_plywood_white_3.jpg","type":"image\/jpeg"}],"twitter_card":"summary_large_image","twitter_misc":{"Gesch\u00e4tzte Lesezeit":"2\u00a0Minuten"},"schema":{"@context":"https:\/\/schema.org","@graph":[{"@type":"WebPage","@id":"https:\/\/radis.ee\/de\/vertikales-schrankbett-pix-mit-regal-und-tisch\/","url":"https:\/\/radis.ee\/de\/vertikales-schrankbett-pix-mit-regal-und-tisch\/","name":"Vertikales Schrankbett PIX mit Regal und Tisch - Radis","isPartOf":{"@id":"https:\/\/radis.ee\/#website"},"primaryImageOfPage":{"@id":"https:\/\/radis.ee\/de\/vertikales-schrankbett-pix-mit-regal-und-tisch\/#primaryimage"},"image":{"@id":"https:\/\/radis.ee\/de\/vertikales-schrankbett-pix-mit-regal-und-tisch\/#primaryimage"},"thumbnailUrl":"https:\/\/radis.ee\/wp-content\/uploads\/2024\/03\/RADIS_hideaway_bed_with_shelf_with_table_white_HPL_doors_Light_Oak_plywood_white_3.jpg","datePublished":"2024-03-14T11:19:46+00:00","dateModified":"2025-02-19T16:21:13+00:00","breadcrumb":{"@id":"https:\/\/radis.ee\/de\/vertikales-schrankbett-pix-mit-regal-und-tisch\/#breadcrumb"},"inLanguage":"de","potentialAction":[{"@type":"ReadAction","target":["https:\/\/radis.ee\/de\/vertikales-schrankbett-pix-mit-regal-und-tisch\/"]}]},{"@type":"ImageObject","inLanguage":"de","@id":"https:\/\/radis.ee\/de\/vertikales-schrankbett-pix-mit-regal-und-tisch\/#primaryimage","url":"https:\/\/radis.ee\/wp-content\/uploads\/2024\/03\/RADIS_hideaway_bed_with_shelf_with_table_white_HPL_doors_Light_Oak_plywood_white_3.jpg","contentUrl":"https:\/\/radis.ee\/wp-content\/uploads\/2024\/03\/RADIS_hideaway_bed_with_shelf_with_table_white_HPL_doors_Light_Oak_plywood_white_3.jpg","width":1348,"height":1573,"caption":"Radis hide-away bed PIX with shelf and table white HPL plywood doors Light Oak"},{"@type":"BreadcrumbList","@id":"https:\/\/radis.ee\/de\/vertikales-schrankbett-pix-mit-regal-und-tisch\/#breadcrumb","itemListElement":[{"@type":"ListItem","position":1,"name":"Home","item":"https:\/\/radis.ee\/"},{"@type":"ListItem","position":2,"name":"Produkte","item":"https:\/\/radis.ee\/de\/produkte\/"},{"@type":"ListItem","position":3,"name":"Vertikales Schrankbett PIX mit Regal und Tisch"}]},{"@type":"WebSite","@id":"https:\/\/radis.ee\/#website","url":"https:\/\/radis.ee\/","name":"Radis","description":"Nordic design furniture, environmentally friendly and sustainable.","publisher":{"@id":"https:\/\/radis.ee\/#organization"},"potentialAction":[{"@type":"SearchAction","target":{"@type":"EntryPoint","urlTemplate":"https:\/\/radis.ee\/?s={search_term_string}"},"query-input":{"@type":"PropertyValueSpecification","valueRequired":true,"valueName":"search_term_string"}}],"inLanguage":"de"},{"@type":"Organization","@id":"https:\/\/radis.ee\/#organization","name":"Radis O\u00dc","url":"https:\/\/radis.ee\/","logo":{"@type":"ImageObject","inLanguage":"de","@id":"https:\/\/radis.ee\/#\/schema\/logo\/image\/","url":"https:\/\/radis.ee\/wp-content\/uploads\/2020\/10\/Radis-logo.png","contentUrl":"https:\/\/radis.ee\/wp-content\/uploads\/2020\/10\/Radis-logo.png","width":300,"height":63,"caption":"Radis O\u00dc"},"image":{"@id":"https:\/\/radis.ee\/#\/schema\/logo\/image\/"},"sameAs":["https:\/\/www.facebook.com\/radisfurniture\/"]}]}},"_links":{"self":[{"href":"https:\/\/radis.ee\/de\/wp-json\/wp\/v2\/product\/25954","targetHints":{"allow":["GET"]}}],"collection":[{"href":"https:\/\/radis.ee\/de\/wp-json\/wp\/v2\/product"}],"about":[{"href":"https:\/\/radis.ee\/de\/wp-json\/wp\/v2\/types\/product"}],"replies":[{"embeddable":true,"href":"https:\/\/radis.ee\/de\/wp-json\/wp\/v2\/comments?post=25954"}],"wp:featuredmedia":[{"embeddable":true,"href":"https:\/\/radis.ee\/de\/wp-json\/wp\/v2\/media\/26195"}],"wp:attachment":[{"href":"https:\/\/radis.ee\/de\/wp-json\/wp\/v2\/media?parent=25954"}],"wp:term":[{"taxonomy":"product_brand","embeddable":true,"href":"https:\/\/radis.ee\/de\/wp-json\/wp\/v2\/product_brand?post=25954"},{"taxonomy":"product_cat","embeddable":true,"href":"https:\/\/radis.ee\/de\/wp-json\/wp\/v2\/product_cat?post=25954"},{"taxonomy":"product_tag","embeddable":true,"href":"https:\/\/radis.ee\/de\/wp-json\/wp\/v2\/product_tag?post=25954"}],"curies":[{"name":"wp","href":"https:\/\/api.w.org\/{rel}","templated":true}]}}