{"id":26223,"date":"2022-09-10T16:28:20","date_gmt":"2024-03-20T14:28:21","guid":{"rendered":"https:\/\/radis.ee\/?post_type=product&#038;p=26223"},"modified":"2024-03-22T18:57:45","modified_gmt":"2024-03-22T16:57:45","slug":"horizontales-schrankbett-grid-mit-regal","status":"publish","type":"product","link":"https:\/\/radis.ee\/de\/horizontales-schrankbett-grid-mit-regal\/","title":{"rendered":"Horizontales Schrankbett GRID mit Regal"},"content":{"rendered":"<p>Die GRID-Regalserie wurde um ein horizontales Schrankbett erweitert, zu dem wir auch ein Regal mit 4 T\u00fcren anbieten. Das horizontale Schrankbett ist eine ideale L\u00f6sung, wenn wenig Platz vorhanden ist, Sie aber nicht auf Komfort und Qualit\u00e4t des Bettes verzichten m\u00f6chten.<\/p>\n<p>Intelligente und platzsparende L\u00f6sungen, die Ihr Wohnen funktionaler und lebendiger machen. Mit einer leichten Bewegung k\u00f6nnen Sie das Bett verstecken und \u00f6ffnen.<\/p>\n<p>Wir verwenden langlebige Mechanismen aus Italien, dank derer sich das Bett einfach und sicher \u00f6ffnen l\u00e4sst. Das \u00d6ffnen und Schlie\u00dfen wird durch Sto\u00dfd\u00e4mpfer unterst\u00fctzt, mit einer garantierten Funktion von 10.000 Zyklen. Das Murphy-Bett ist mit Befestigungsgurten ausgestattet, die das Bettzeug und die Matratze an Ort und Stelle halten. Die Matratze ist nicht im Set enthalten, die Ma\u00dfe der passenden Matratze betragen 90-120x200x18 cm, bei einem maximalen Gewicht von 28 kg. Die H\u00f6he der Matratzenbasis des Bettes betr\u00e4gt 27 cm \u00fcber dem Boden. Orthop\u00e4discher Hobel mit Latten aus Birkensperrholz, die mittels spezieller ger\u00e4uscharmer H\u00fcllen in das Bettrahmenrohr eingelegt werden.<\/p>\n<p>Hergestellt aus starkem 18-mm-Koskisen-Hochdrucklaminat-HPL-Birkensperrholz, Seiten mit Natursperrholz, T\u00fcren mit \u00d6lwachs aus heller Eiche oder vollst\u00e4ndig mit Eichenfurnier. Bettmechanismus aus grau pulverbeschichtetem Metall.<\/p>\n<p>\u00dcber 10.000 Zyklen getestete Gasfedern mit \u00fcbergro\u00dfem Schaft und Zamak-Verbindung f\u00fcr eine einfache Montage. Wie einfach die Bedienung des Bettmechanismus ist, sehen Sie in <a href=\"https:\/\/www.youtube.com\/watch?v=6x-7ctNKj9g\" target=\"_blank\" rel=\"noopener\">diesem Video.<\/a><\/p>\n<p>Regalschranktiefe 40 cm. Wenn sich das horizontale Bett \u00f6ffnet, betr\u00e4gt die Gesamttiefe von Regal und Bett 125 cm f\u00fcr eine 90 cm breite Matratze und 155 cm f\u00fcr eine 120 cm breite Matratze. Bei einer 120 cm breiten Matratze verf\u00fcgt das Regal \u00fcber keinen unteren offenen Regalteil.<\/p>\n","protected":false},"excerpt":{"rendered":"<p>Die GRID-Regalserie wurde um ein horizontales Schrankbett erweitert, zu dem wir auch ein Regal mit 4 T\u00fcren anbieten. Das horizontale Schrankbett ist eine ideale L\u00f6sung, wenn wenig Platz vorhanden ist, Sie aber nicht auf Komfort und Qualit\u00e4t des Bettes verzichten m\u00f6chten. Intelligente und platzsparende L\u00f6sungen, die Ihr Wohnen funktionaler und lebendiger machen. Mit einer leichten&#8230;<\/p>\n","protected":false},"featured_media":26312,"comment_status":"open","ping_status":"closed","template":"","meta":{"_acf_changed":false},"product_brand":[],"product_cat":[113],"product_tag":[],"class_list":{"0":"post-26223","1":"product","2":"type-product","3":"status-publish","4":"has-post-thumbnail","6":"product_cat-voodid","8":"first","9":"instock","10":"taxable","11":"shipping-taxable","12":"purchasable","13":"product-type-variable","14":"has-default-attributes"},"acf":[],"yoast_head":"<!-- This site is optimized with the Yoast SEO plugin v27.3 - https:\/\/yoast.com\/product\/yoast-seo-wordpress\/ -->\n<title>Horizontales Schrankbett GRID mit Regal - Radis<\/title>\n<meta name=\"robots\" content=\"index, follow, max-snippet:-1, max-image-preview:large, max-video-preview:-1\" \/>\n<link rel=\"canonical\" href=\"https:\/\/radis.ee\/horisontaalne-kappvoodi-grid-riiuliga\/\" \/>\n<meta property=\"og:locale\" content=\"de_DE\" \/>\n<meta property=\"og:type\" content=\"article\" \/>\n<meta property=\"og:title\" content=\"Horizontales Schrankbett GRID mit Regal - Radis\" \/>\n<meta property=\"og:description\" content=\"Die GRID-Regalserie wurde um ein horizontales Schrankbett erweitert, zu dem wir auch ein Regal mit 4 T\u00fcren anbieten. Das horizontale Schrankbett ist eine ideale L\u00f6sung, wenn wenig Platz vorhanden ist, Sie aber nicht auf Komfort und Qualit\u00e4t des Bettes verzichten m\u00f6chten. Intelligente und platzsparende L\u00f6sungen, die Ihr Wohnen funktionaler und lebendiger machen. Mit einer leichten...\" \/>\n<meta property=\"og:url\" content=\"https:\/\/radis.ee\/horisontaalne-kappvoodi-grid-riiuliga\/\" \/>\n<meta property=\"og:site_name\" content=\"Radis\" \/>\n<meta property=\"article:publisher\" content=\"https:\/\/www.facebook.com\/radisfurniture\/\" \/>\n<meta property=\"article:modified_time\" content=\"2024-03-22T16:57:45+00:00\" \/>\n<meta property=\"og:image\" content=\"https:\/\/radis.ee\/wp-content\/uploads\/2024\/03\/Radis_horizontal_hideaway_bed_GRID_with_shelf_White_HPL_doors_Light_Oak-Birch_plywood_3.jpg\" \/>\n\t<meta property=\"og:image:width\" content=\"1360\" \/>\n\t<meta property=\"og:image:height\" content=\"1620\" \/>\n\t<meta property=\"og:image:type\" content=\"image\/jpeg\" \/>\n<meta name=\"twitter:card\" content=\"summary_large_image\" \/>\n<meta name=\"twitter:label1\" content=\"Gesch\u00e4tzte Lesezeit\" \/>\n\t<meta name=\"twitter:data1\" content=\"2\u00a0Minuten\" \/>\n<script type=\"application\/ld+json\" class=\"yoast-schema-graph\">{\"@context\":\"https:\\\/\\\/schema.org\",\"@graph\":[{\"@type\":\"WebPage\",\"@id\":\"https:\\\/\\\/radis.ee\\\/horisontaalne-kappvoodi-grid-riiuliga\\\/\",\"url\":\"https:\\\/\\\/radis.ee\\\/horisontaalne-kappvoodi-grid-riiuliga\\\/\",\"name\":\"Horizontales Schrankbett GRID mit Regal - Radis\",\"isPartOf\":{\"@id\":\"https:\\\/\\\/radis.ee\\\/#website\"},\"primaryImageOfPage\":{\"@id\":\"https:\\\/\\\/radis.ee\\\/horisontaalne-kappvoodi-grid-riiuliga\\\/#primaryimage\"},\"image\":{\"@id\":\"https:\\\/\\\/radis.ee\\\/horisontaalne-kappvoodi-grid-riiuliga\\\/#primaryimage\"},\"thumbnailUrl\":\"https:\\\/\\\/radis.ee\\\/wp-content\\\/uploads\\\/2024\\\/03\\\/Radis_horizontal_hideaway_bed_GRID_with_shelf_White_HPL_doors_Light_Oak-Birch_plywood_3.jpg\",\"datePublished\":\"2024-03-20T14:28:21+00:00\",\"dateModified\":\"2024-03-22T16:57:45+00:00\",\"breadcrumb\":{\"@id\":\"https:\\\/\\\/radis.ee\\\/horisontaalne-kappvoodi-grid-riiuliga\\\/#breadcrumb\"},\"inLanguage\":\"de\",\"potentialAction\":[{\"@type\":\"ReadAction\",\"target\":[\"https:\\\/\\\/radis.ee\\\/horisontaalne-kappvoodi-grid-riiuliga\\\/\"]}]},{\"@type\":\"ImageObject\",\"inLanguage\":\"de\",\"@id\":\"https:\\\/\\\/radis.ee\\\/horisontaalne-kappvoodi-grid-riiuliga\\\/#primaryimage\",\"url\":\"https:\\\/\\\/radis.ee\\\/wp-content\\\/uploads\\\/2024\\\/03\\\/Radis_horizontal_hideaway_bed_GRID_with_shelf_White_HPL_doors_Light_Oak-Birch_plywood_3.jpg\",\"contentUrl\":\"https:\\\/\\\/radis.ee\\\/wp-content\\\/uploads\\\/2024\\\/03\\\/Radis_horizontal_hideaway_bed_GRID_with_shelf_White_HPL_doors_Light_Oak-Birch_plywood_3.jpg\",\"width\":1360,\"height\":1620,\"caption\":\"Radis horizontal hideaway bed GRID with shelf white HPL doors Light Oak birch plywood\"},{\"@type\":\"BreadcrumbList\",\"@id\":\"https:\\\/\\\/radis.ee\\\/horisontaalne-kappvoodi-grid-riiuliga\\\/#breadcrumb\",\"itemListElement\":[{\"@type\":\"ListItem\",\"position\":1,\"name\":\"Home\",\"item\":\"https:\\\/\\\/radis.ee\\\/\"},{\"@type\":\"ListItem\",\"position\":2,\"name\":\"Produkte\",\"item\":\"https:\\\/\\\/radis.ee\\\/de\\\/produkte\\\/\"},{\"@type\":\"ListItem\",\"position\":3,\"name\":\"Horizontales Schrankbett GRID mit Regal\"}]},{\"@type\":\"WebSite\",\"@id\":\"https:\\\/\\\/radis.ee\\\/#website\",\"url\":\"https:\\\/\\\/radis.ee\\\/\",\"name\":\"Radis\",\"description\":\"Nordic design furniture, environmentally friendly and sustainable.\",\"publisher\":{\"@id\":\"https:\\\/\\\/radis.ee\\\/#organization\"},\"potentialAction\":[{\"@type\":\"SearchAction\",\"target\":{\"@type\":\"EntryPoint\",\"urlTemplate\":\"https:\\\/\\\/radis.ee\\\/?s={search_term_string}\"},\"query-input\":{\"@type\":\"PropertyValueSpecification\",\"valueRequired\":true,\"valueName\":\"search_term_string\"}}],\"inLanguage\":\"de\"},{\"@type\":\"Organization\",\"@id\":\"https:\\\/\\\/radis.ee\\\/#organization\",\"name\":\"Radis O\u00dc\",\"url\":\"https:\\\/\\\/radis.ee\\\/\",\"logo\":{\"@type\":\"ImageObject\",\"inLanguage\":\"de\",\"@id\":\"https:\\\/\\\/radis.ee\\\/#\\\/schema\\\/logo\\\/image\\\/\",\"url\":\"https:\\\/\\\/radis.ee\\\/wp-content\\\/uploads\\\/2020\\\/10\\\/Radis-logo.png\",\"contentUrl\":\"https:\\\/\\\/radis.ee\\\/wp-content\\\/uploads\\\/2020\\\/10\\\/Radis-logo.png\",\"width\":300,\"height\":63,\"caption\":\"Radis O\u00dc\"},\"image\":{\"@id\":\"https:\\\/\\\/radis.ee\\\/#\\\/schema\\\/logo\\\/image\\\/\"},\"sameAs\":[\"https:\\\/\\\/www.facebook.com\\\/radisfurniture\\\/\"]}]}<\/script>\n<!-- \/ Yoast SEO plugin. -->","yoast_head_json":{"title":"Horizontales Schrankbett GRID mit Regal - Radis","robots":{"index":"index","follow":"follow","max-snippet":"max-snippet:-1","max-image-preview":"max-image-preview:large","max-video-preview":"max-video-preview:-1"},"canonical":"https:\/\/radis.ee\/horisontaalne-kappvoodi-grid-riiuliga\/","og_locale":"de_DE","og_type":"article","og_title":"Horizontales Schrankbett GRID mit Regal - Radis","og_description":"Die GRID-Regalserie wurde um ein horizontales Schrankbett erweitert, zu dem wir auch ein Regal mit 4 T\u00fcren anbieten. Das horizontale Schrankbett ist eine ideale L\u00f6sung, wenn wenig Platz vorhanden ist, Sie aber nicht auf Komfort und Qualit\u00e4t des Bettes verzichten m\u00f6chten. Intelligente und platzsparende L\u00f6sungen, die Ihr Wohnen funktionaler und lebendiger machen. Mit einer leichten...","og_url":"https:\/\/radis.ee\/horisontaalne-kappvoodi-grid-riiuliga\/","og_site_name":"Radis","article_publisher":"https:\/\/www.facebook.com\/radisfurniture\/","article_modified_time":"2024-03-22T16:57:45+00:00","og_image":[{"width":1360,"height":1620,"url":"https:\/\/radis.ee\/wp-content\/uploads\/2024\/03\/Radis_horizontal_hideaway_bed_GRID_with_shelf_White_HPL_doors_Light_Oak-Birch_plywood_3.jpg","type":"image\/jpeg"}],"twitter_card":"summary_large_image","twitter_misc":{"Gesch\u00e4tzte Lesezeit":"2\u00a0Minuten"},"schema":{"@context":"https:\/\/schema.org","@graph":[{"@type":"WebPage","@id":"https:\/\/radis.ee\/horisontaalne-kappvoodi-grid-riiuliga\/","url":"https:\/\/radis.ee\/horisontaalne-kappvoodi-grid-riiuliga\/","name":"Horizontales Schrankbett GRID mit Regal - Radis","isPartOf":{"@id":"https:\/\/radis.ee\/#website"},"primaryImageOfPage":{"@id":"https:\/\/radis.ee\/horisontaalne-kappvoodi-grid-riiuliga\/#primaryimage"},"image":{"@id":"https:\/\/radis.ee\/horisontaalne-kappvoodi-grid-riiuliga\/#primaryimage"},"thumbnailUrl":"https:\/\/radis.ee\/wp-content\/uploads\/2024\/03\/Radis_horizontal_hideaway_bed_GRID_with_shelf_White_HPL_doors_Light_Oak-Birch_plywood_3.jpg","datePublished":"2024-03-20T14:28:21+00:00","dateModified":"2024-03-22T16:57:45+00:00","breadcrumb":{"@id":"https:\/\/radis.ee\/horisontaalne-kappvoodi-grid-riiuliga\/#breadcrumb"},"inLanguage":"de","potentialAction":[{"@type":"ReadAction","target":["https:\/\/radis.ee\/horisontaalne-kappvoodi-grid-riiuliga\/"]}]},{"@type":"ImageObject","inLanguage":"de","@id":"https:\/\/radis.ee\/horisontaalne-kappvoodi-grid-riiuliga\/#primaryimage","url":"https:\/\/radis.ee\/wp-content\/uploads\/2024\/03\/Radis_horizontal_hideaway_bed_GRID_with_shelf_White_HPL_doors_Light_Oak-Birch_plywood_3.jpg","contentUrl":"https:\/\/radis.ee\/wp-content\/uploads\/2024\/03\/Radis_horizontal_hideaway_bed_GRID_with_shelf_White_HPL_doors_Light_Oak-Birch_plywood_3.jpg","width":1360,"height":1620,"caption":"Radis horizontal hideaway bed GRID with shelf white HPL doors Light Oak birch plywood"},{"@type":"BreadcrumbList","@id":"https:\/\/radis.ee\/horisontaalne-kappvoodi-grid-riiuliga\/#breadcrumb","itemListElement":[{"@type":"ListItem","position":1,"name":"Home","item":"https:\/\/radis.ee\/"},{"@type":"ListItem","position":2,"name":"Produkte","item":"https:\/\/radis.ee\/de\/produkte\/"},{"@type":"ListItem","position":3,"name":"Horizontales Schrankbett GRID mit Regal"}]},{"@type":"WebSite","@id":"https:\/\/radis.ee\/#website","url":"https:\/\/radis.ee\/","name":"Radis","description":"Nordic design furniture, environmentally friendly and sustainable.","publisher":{"@id":"https:\/\/radis.ee\/#organization"},"potentialAction":[{"@type":"SearchAction","target":{"@type":"EntryPoint","urlTemplate":"https:\/\/radis.ee\/?s={search_term_string}"},"query-input":{"@type":"PropertyValueSpecification","valueRequired":true,"valueName":"search_term_string"}}],"inLanguage":"de"},{"@type":"Organization","@id":"https:\/\/radis.ee\/#organization","name":"Radis O\u00dc","url":"https:\/\/radis.ee\/","logo":{"@type":"ImageObject","inLanguage":"de","@id":"https:\/\/radis.ee\/#\/schema\/logo\/image\/","url":"https:\/\/radis.ee\/wp-content\/uploads\/2020\/10\/Radis-logo.png","contentUrl":"https:\/\/radis.ee\/wp-content\/uploads\/2020\/10\/Radis-logo.png","width":300,"height":63,"caption":"Radis O\u00dc"},"image":{"@id":"https:\/\/radis.ee\/#\/schema\/logo\/image\/"},"sameAs":["https:\/\/www.facebook.com\/radisfurniture\/"]}]}},"_links":{"self":[{"href":"https:\/\/radis.ee\/de\/wp-json\/wp\/v2\/product\/26223","targetHints":{"allow":["GET"]}}],"collection":[{"href":"https:\/\/radis.ee\/de\/wp-json\/wp\/v2\/product"}],"about":[{"href":"https:\/\/radis.ee\/de\/wp-json\/wp\/v2\/types\/product"}],"replies":[{"embeddable":true,"href":"https:\/\/radis.ee\/de\/wp-json\/wp\/v2\/comments?post=26223"}],"wp:featuredmedia":[{"embeddable":true,"href":"https:\/\/radis.ee\/de\/wp-json\/wp\/v2\/media\/26312"}],"wp:attachment":[{"href":"https:\/\/radis.ee\/de\/wp-json\/wp\/v2\/media?parent=26223"}],"wp:term":[{"taxonomy":"product_brand","embeddable":true,"href":"https:\/\/radis.ee\/de\/wp-json\/wp\/v2\/product_brand?post=26223"},{"taxonomy":"product_cat","embeddable":true,"href":"https:\/\/radis.ee\/de\/wp-json\/wp\/v2\/product_cat?post=26223"},{"taxonomy":"product_tag","embeddable":true,"href":"https:\/\/radis.ee\/de\/wp-json\/wp\/v2\/product_tag?post=26223"}],"curies":[{"name":"wp","href":"https:\/\/api.w.org\/{rel}","templated":true}]}}