{"id":26511,"date":"2020-04-17T22:56:49","date_gmt":"2024-04-04T19:56:50","guid":{"rendered":"https:\/\/radis.ee\/?post_type=product&#038;p=26511"},"modified":"2024-04-10T12:13:37","modified_gmt":"2024-04-10T09:13:37","slug":"regal-ove","status":"publish","type":"product","link":"https:\/\/radis.ee\/de\/regal-ove\/","title":{"rendered":"Regal OVE"},"content":{"rendered":"<p>Das OVE-Regal erinnert mit seinen weichen runden Ecken, vielf\u00e4ltigen Nutzungsm\u00f6glichkeiten und geometrischen Formen an die kultigsten skandinavischen M\u00f6bel. Das OVE-Regal ist in drei verschiedenen H\u00f6hen und Formen erh\u00e4ltlich, sodass Sie es sowohl als Sideboard als auch als Couchtisch verwenden k\u00f6nnen. Das h\u00f6chste Regal ist mit seiner gewaltigen H\u00f6he von 148 cm ein echter Hingucker.<\/p>\n<p>Die Innenh\u00f6he der Regale von OVE betr\u00e4gt 33 cm, was sie zu einem idealen Aufbewahrungsort f\u00fcr Schallplatten macht. Das Eichenfurnier-Finish ist neutral und zeitlos und sieht in jedem Interieur gut aus. Unabh\u00e4ngig von der Gr\u00f6\u00dfe ist OVE eine Investition in ein zeitloses und klassisches M\u00f6belst\u00fcck.<\/p>\n<p>In mehreren H\u00f6hen erh\u00e4ltlich:<\/p>\n<ul>\n<li>2-st\u00f6ckig, 50 cm<\/li>\n<li>3-st\u00f6ckig, 79 cm<\/li>\n<li>5-st\u00f6ckig, 148 cm<\/li>\n<\/ul>\n<p>Hergestellt aus eichenfurniertem Birkensperrholz, \u00f6lgewachst.<\/p>\n","protected":false},"excerpt":{"rendered":"<p>Das OVE-Regal erinnert mit seinen weichen runden Ecken, vielf\u00e4ltigen Nutzungsm\u00f6glichkeiten und geometrischen Formen an die kultigsten skandinavischen M\u00f6bel. Das OVE-Regal ist in drei verschiedenen H\u00f6hen und Formen erh\u00e4ltlich, sodass Sie es sowohl als Sideboard als auch als Couchtisch verwenden k\u00f6nnen. Das h\u00f6chste Regal ist mit seiner gewaltigen H\u00f6he von 148 cm ein echter Hingucker. Die&#8230;<\/p>\n","protected":false},"featured_media":26664,"comment_status":"open","ping_status":"closed","template":"","meta":{"_acf_changed":false},"product_brand":[],"product_cat":[109],"product_tag":[],"class_list":{"0":"post-26511","1":"product","2":"type-product","3":"status-publish","4":"has-post-thumbnail","6":"product_cat-riiulid","8":"first","9":"instock","10":"taxable","11":"shipping-taxable","12":"purchasable","13":"product-type-variable","14":"has-default-attributes"},"acf":[],"yoast_head":"<!-- This site is optimized with the Yoast SEO plugin v27.4 - https:\/\/yoast.com\/product\/yoast-seo-wordpress\/ -->\n<title>Regal OVE - Radis<\/title>\n<meta name=\"robots\" content=\"index, follow, max-snippet:-1, max-image-preview:large, max-video-preview:-1\" \/>\n<link rel=\"canonical\" href=\"https:\/\/radis.ee\/riiul-ove\/\" \/>\n<meta property=\"og:locale\" content=\"de_DE\" \/>\n<meta property=\"og:type\" content=\"article\" \/>\n<meta property=\"og:title\" content=\"Regal OVE - Radis\" \/>\n<meta property=\"og:description\" content=\"Das OVE-Regal erinnert mit seinen weichen runden Ecken, vielf\u00e4ltigen Nutzungsm\u00f6glichkeiten und geometrischen Formen an die kultigsten skandinavischen M\u00f6bel. Das OVE-Regal ist in drei verschiedenen H\u00f6hen und Formen erh\u00e4ltlich, sodass Sie es sowohl als Sideboard als auch als Couchtisch verwenden k\u00f6nnen. Das h\u00f6chste Regal ist mit seiner gewaltigen H\u00f6he von 148 cm ein echter Hingucker. Die...\" \/>\n<meta property=\"og:url\" content=\"https:\/\/radis.ee\/riiul-ove\/\" \/>\n<meta property=\"og:site_name\" content=\"Radis\" \/>\n<meta property=\"article:publisher\" content=\"https:\/\/www.facebook.com\/radisfurniture\/\" \/>\n<meta property=\"article:modified_time\" content=\"2024-04-10T09:13:37+00:00\" \/>\n<meta property=\"og:image\" content=\"https:\/\/radis.ee\/wp-content\/uploads\/2024\/04\/RADIS_shelf_OVE_5_levels_Oak_veneered_plywood_4.jpg\" \/>\n\t<meta property=\"og:image:width\" content=\"1060\" \/>\n\t<meta property=\"og:image:height\" content=\"1263\" \/>\n\t<meta property=\"og:image:type\" content=\"image\/jpeg\" \/>\n<meta name=\"twitter:card\" content=\"summary_large_image\" \/>\n<meta name=\"twitter:label1\" content=\"Gesch\u00e4tzte Lesezeit\" \/>\n\t<meta name=\"twitter:data1\" content=\"1\u00a0Minute\" \/>\n<script type=\"application\/ld+json\" class=\"yoast-schema-graph\">{\"@context\":\"https:\\\/\\\/schema.org\",\"@graph\":[{\"@type\":\"WebPage\",\"@id\":\"https:\\\/\\\/radis.ee\\\/riiul-ove\\\/\",\"url\":\"https:\\\/\\\/radis.ee\\\/riiul-ove\\\/\",\"name\":\"Regal OVE - Radis\",\"isPartOf\":{\"@id\":\"https:\\\/\\\/radis.ee\\\/#website\"},\"primaryImageOfPage\":{\"@id\":\"https:\\\/\\\/radis.ee\\\/riiul-ove\\\/#primaryimage\"},\"image\":{\"@id\":\"https:\\\/\\\/radis.ee\\\/riiul-ove\\\/#primaryimage\"},\"thumbnailUrl\":\"https:\\\/\\\/radis.ee\\\/wp-content\\\/uploads\\\/2024\\\/04\\\/RADIS_shelf_OVE_5_levels_Oak_veneered_plywood_4.jpg\",\"datePublished\":\"2024-04-04T19:56:50+00:00\",\"dateModified\":\"2024-04-10T09:13:37+00:00\",\"breadcrumb\":{\"@id\":\"https:\\\/\\\/radis.ee\\\/riiul-ove\\\/#breadcrumb\"},\"inLanguage\":\"de\",\"potentialAction\":[{\"@type\":\"ReadAction\",\"target\":[\"https:\\\/\\\/radis.ee\\\/riiul-ove\\\/\"]}]},{\"@type\":\"ImageObject\",\"inLanguage\":\"de\",\"@id\":\"https:\\\/\\\/radis.ee\\\/riiul-ove\\\/#primaryimage\",\"url\":\"https:\\\/\\\/radis.ee\\\/wp-content\\\/uploads\\\/2024\\\/04\\\/RADIS_shelf_OVE_5_levels_Oak_veneered_plywood_4.jpg\",\"contentUrl\":\"https:\\\/\\\/radis.ee\\\/wp-content\\\/uploads\\\/2024\\\/04\\\/RADIS_shelf_OVE_5_levels_Oak_veneered_plywood_4.jpg\",\"width\":1060,\"height\":1263,\"caption\":\"Radis shelf OVE 5 story Oak veneered plywood\"},{\"@type\":\"BreadcrumbList\",\"@id\":\"https:\\\/\\\/radis.ee\\\/riiul-ove\\\/#breadcrumb\",\"itemListElement\":[{\"@type\":\"ListItem\",\"position\":1,\"name\":\"Home\",\"item\":\"https:\\\/\\\/radis.ee\\\/\"},{\"@type\":\"ListItem\",\"position\":2,\"name\":\"Produkte\",\"item\":\"https:\\\/\\\/radis.ee\\\/de\\\/produkte\\\/\"},{\"@type\":\"ListItem\",\"position\":3,\"name\":\"Regal OVE\"}]},{\"@type\":\"WebSite\",\"@id\":\"https:\\\/\\\/radis.ee\\\/#website\",\"url\":\"https:\\\/\\\/radis.ee\\\/\",\"name\":\"Radis\",\"description\":\"Nordic design furniture, environmentally friendly and sustainable.\",\"publisher\":{\"@id\":\"https:\\\/\\\/radis.ee\\\/#organization\"},\"potentialAction\":[{\"@type\":\"SearchAction\",\"target\":{\"@type\":\"EntryPoint\",\"urlTemplate\":\"https:\\\/\\\/radis.ee\\\/?s={search_term_string}\"},\"query-input\":{\"@type\":\"PropertyValueSpecification\",\"valueRequired\":true,\"valueName\":\"search_term_string\"}}],\"inLanguage\":\"de\"},{\"@type\":\"Organization\",\"@id\":\"https:\\\/\\\/radis.ee\\\/#organization\",\"name\":\"Radis O\u00dc\",\"url\":\"https:\\\/\\\/radis.ee\\\/\",\"logo\":{\"@type\":\"ImageObject\",\"inLanguage\":\"de\",\"@id\":\"https:\\\/\\\/radis.ee\\\/#\\\/schema\\\/logo\\\/image\\\/\",\"url\":\"https:\\\/\\\/radis.ee\\\/wp-content\\\/uploads\\\/2020\\\/10\\\/Radis-logo.png\",\"contentUrl\":\"https:\\\/\\\/radis.ee\\\/wp-content\\\/uploads\\\/2020\\\/10\\\/Radis-logo.png\",\"width\":300,\"height\":63,\"caption\":\"Radis O\u00dc\"},\"image\":{\"@id\":\"https:\\\/\\\/radis.ee\\\/#\\\/schema\\\/logo\\\/image\\\/\"},\"sameAs\":[\"https:\\\/\\\/www.facebook.com\\\/radisfurniture\\\/\"]}]}<\/script>\n<!-- \/ Yoast SEO plugin. -->","yoast_head_json":{"title":"Regal OVE - Radis","robots":{"index":"index","follow":"follow","max-snippet":"max-snippet:-1","max-image-preview":"max-image-preview:large","max-video-preview":"max-video-preview:-1"},"canonical":"https:\/\/radis.ee\/riiul-ove\/","og_locale":"de_DE","og_type":"article","og_title":"Regal OVE - Radis","og_description":"Das OVE-Regal erinnert mit seinen weichen runden Ecken, vielf\u00e4ltigen Nutzungsm\u00f6glichkeiten und geometrischen Formen an die kultigsten skandinavischen M\u00f6bel. Das OVE-Regal ist in drei verschiedenen H\u00f6hen und Formen erh\u00e4ltlich, sodass Sie es sowohl als Sideboard als auch als Couchtisch verwenden k\u00f6nnen. Das h\u00f6chste Regal ist mit seiner gewaltigen H\u00f6he von 148 cm ein echter Hingucker. Die...","og_url":"https:\/\/radis.ee\/riiul-ove\/","og_site_name":"Radis","article_publisher":"https:\/\/www.facebook.com\/radisfurniture\/","article_modified_time":"2024-04-10T09:13:37+00:00","og_image":[{"width":1060,"height":1263,"url":"https:\/\/radis.ee\/wp-content\/uploads\/2024\/04\/RADIS_shelf_OVE_5_levels_Oak_veneered_plywood_4.jpg","type":"image\/jpeg"}],"twitter_card":"summary_large_image","twitter_misc":{"Gesch\u00e4tzte Lesezeit":"1\u00a0Minute"},"schema":{"@context":"https:\/\/schema.org","@graph":[{"@type":"WebPage","@id":"https:\/\/radis.ee\/riiul-ove\/","url":"https:\/\/radis.ee\/riiul-ove\/","name":"Regal OVE - Radis","isPartOf":{"@id":"https:\/\/radis.ee\/#website"},"primaryImageOfPage":{"@id":"https:\/\/radis.ee\/riiul-ove\/#primaryimage"},"image":{"@id":"https:\/\/radis.ee\/riiul-ove\/#primaryimage"},"thumbnailUrl":"https:\/\/radis.ee\/wp-content\/uploads\/2024\/04\/RADIS_shelf_OVE_5_levels_Oak_veneered_plywood_4.jpg","datePublished":"2024-04-04T19:56:50+00:00","dateModified":"2024-04-10T09:13:37+00:00","breadcrumb":{"@id":"https:\/\/radis.ee\/riiul-ove\/#breadcrumb"},"inLanguage":"de","potentialAction":[{"@type":"ReadAction","target":["https:\/\/radis.ee\/riiul-ove\/"]}]},{"@type":"ImageObject","inLanguage":"de","@id":"https:\/\/radis.ee\/riiul-ove\/#primaryimage","url":"https:\/\/radis.ee\/wp-content\/uploads\/2024\/04\/RADIS_shelf_OVE_5_levels_Oak_veneered_plywood_4.jpg","contentUrl":"https:\/\/radis.ee\/wp-content\/uploads\/2024\/04\/RADIS_shelf_OVE_5_levels_Oak_veneered_plywood_4.jpg","width":1060,"height":1263,"caption":"Radis shelf OVE 5 story Oak veneered plywood"},{"@type":"BreadcrumbList","@id":"https:\/\/radis.ee\/riiul-ove\/#breadcrumb","itemListElement":[{"@type":"ListItem","position":1,"name":"Home","item":"https:\/\/radis.ee\/"},{"@type":"ListItem","position":2,"name":"Produkte","item":"https:\/\/radis.ee\/de\/produkte\/"},{"@type":"ListItem","position":3,"name":"Regal OVE"}]},{"@type":"WebSite","@id":"https:\/\/radis.ee\/#website","url":"https:\/\/radis.ee\/","name":"Radis","description":"Nordic design furniture, environmentally friendly and sustainable.","publisher":{"@id":"https:\/\/radis.ee\/#organization"},"potentialAction":[{"@type":"SearchAction","target":{"@type":"EntryPoint","urlTemplate":"https:\/\/radis.ee\/?s={search_term_string}"},"query-input":{"@type":"PropertyValueSpecification","valueRequired":true,"valueName":"search_term_string"}}],"inLanguage":"de"},{"@type":"Organization","@id":"https:\/\/radis.ee\/#organization","name":"Radis O\u00dc","url":"https:\/\/radis.ee\/","logo":{"@type":"ImageObject","inLanguage":"de","@id":"https:\/\/radis.ee\/#\/schema\/logo\/image\/","url":"https:\/\/radis.ee\/wp-content\/uploads\/2020\/10\/Radis-logo.png","contentUrl":"https:\/\/radis.ee\/wp-content\/uploads\/2020\/10\/Radis-logo.png","width":300,"height":63,"caption":"Radis O\u00dc"},"image":{"@id":"https:\/\/radis.ee\/#\/schema\/logo\/image\/"},"sameAs":["https:\/\/www.facebook.com\/radisfurniture\/"]}]}},"_links":{"self":[{"href":"https:\/\/radis.ee\/de\/wp-json\/wp\/v2\/product\/26511","targetHints":{"allow":["GET"]}}],"collection":[{"href":"https:\/\/radis.ee\/de\/wp-json\/wp\/v2\/product"}],"about":[{"href":"https:\/\/radis.ee\/de\/wp-json\/wp\/v2\/types\/product"}],"replies":[{"embeddable":true,"href":"https:\/\/radis.ee\/de\/wp-json\/wp\/v2\/comments?post=26511"}],"wp:featuredmedia":[{"embeddable":true,"href":"https:\/\/radis.ee\/de\/wp-json\/wp\/v2\/media\/26664"}],"wp:attachment":[{"href":"https:\/\/radis.ee\/de\/wp-json\/wp\/v2\/media?parent=26511"}],"wp:term":[{"taxonomy":"product_brand","embeddable":true,"href":"https:\/\/radis.ee\/de\/wp-json\/wp\/v2\/product_brand?post=26511"},{"taxonomy":"product_cat","embeddable":true,"href":"https:\/\/radis.ee\/de\/wp-json\/wp\/v2\/product_cat?post=26511"},{"taxonomy":"product_tag","embeddable":true,"href":"https:\/\/radis.ee\/de\/wp-json\/wp\/v2\/product_tag?post=26511"}],"curies":[{"name":"wp","href":"https:\/\/api.w.org\/{rel}","templated":true}]}}