{"id":26745,"date":"2020-04-17T10:31:19","date_gmt":"2024-04-20T08:31:19","guid":{"rendered":"https:\/\/radis.ee\/?post_type=product&#038;p=26745"},"modified":"2024-04-20T11:50:24","modified_gmt":"2024-04-20T08:50:24","slug":"eckregal-ove","status":"publish","type":"product","link":"https:\/\/radis.ee\/de\/eckregal-ove\/","title":{"rendered":"Eckregal OVE"},"content":{"rendered":"<p>Das OVE-Eckregal erinnert mit seinen weichen runden Ecken, vielf\u00e4ltigen Verwendungsm\u00f6glichkeiten und geometrischen Formen an die kultigsten skandinavischen M\u00f6bel. Mit seiner gewaltigen H\u00f6he von 150 cm ist es ein echter Hingucker.<\/p>\n<p>Die Innenh\u00f6he der OVE-Regale betr\u00e4gt 38 cm, was sie zu einem idealen Aufbewahrungsort f\u00fcr Schallplatten macht. Das Eichenfurnier-Finish ist neutral und zeitlos und sieht in jedem Interieur gut aus. Cornershelf OVE ist eine Investition in ein zeitloses und klassisches M\u00f6belst\u00fcck.<\/p>\n<p>Hergestellt aus eichenfurniertem Birkensperrholz, \u00f6lgewachst.<\/p>\n","protected":false},"excerpt":{"rendered":"<p>Das OVE-Eckregal erinnert mit seinen weichen runden Ecken, vielf\u00e4ltigen Verwendungsm\u00f6glichkeiten und geometrischen Formen an die kultigsten skandinavischen M\u00f6bel. Mit seiner gewaltigen H\u00f6he von 150 cm ist es ein echter Hingucker. Die Innenh\u00f6he der OVE-Regale betr\u00e4gt 38 cm, was sie zu einem idealen Aufbewahrungsort f\u00fcr Schallplatten macht. Das Eichenfurnier-Finish ist neutral und zeitlos und sieht in&#8230;<\/p>\n","protected":false},"featured_media":26776,"comment_status":"open","ping_status":"closed","template":"","meta":{"_acf_changed":false},"product_brand":[],"product_cat":[109],"product_tag":[],"class_list":{"0":"post-26745","1":"product","2":"type-product","3":"status-publish","4":"has-post-thumbnail","6":"product_cat-riiulid","8":"first","9":"instock","10":"taxable","11":"shipping-taxable","12":"purchasable","13":"product-type-simple"},"acf":[],"yoast_head":"<!-- This site is optimized with the Yoast SEO plugin v27.4 - https:\/\/yoast.com\/product\/yoast-seo-wordpress\/ -->\n<title>Eckregal OVE - Radis<\/title>\n<meta name=\"robots\" content=\"index, follow, max-snippet:-1, max-image-preview:large, max-video-preview:-1\" \/>\n<link rel=\"canonical\" href=\"https:\/\/radis.ee\/nurgariiul-ove\/\" \/>\n<meta property=\"og:locale\" content=\"de_DE\" \/>\n<meta property=\"og:type\" content=\"article\" \/>\n<meta property=\"og:title\" content=\"Eckregal OVE - Radis\" \/>\n<meta property=\"og:description\" content=\"Das OVE-Eckregal erinnert mit seinen weichen runden Ecken, vielf\u00e4ltigen Verwendungsm\u00f6glichkeiten und geometrischen Formen an die kultigsten skandinavischen M\u00f6bel. Mit seiner gewaltigen H\u00f6he von 150 cm ist es ein echter Hingucker. Die Innenh\u00f6he der OVE-Regale betr\u00e4gt 38 cm, was sie zu einem idealen Aufbewahrungsort f\u00fcr Schallplatten macht. Das Eichenfurnier-Finish ist neutral und zeitlos und sieht in...\" \/>\n<meta property=\"og:url\" content=\"https:\/\/radis.ee\/nurgariiul-ove\/\" \/>\n<meta property=\"og:site_name\" content=\"Radis\" \/>\n<meta property=\"article:publisher\" content=\"https:\/\/www.facebook.com\/radisfurniture\/\" \/>\n<meta property=\"article:modified_time\" content=\"2024-04-20T08:50:24+00:00\" \/>\n<meta property=\"og:image\" content=\"https:\/\/radis.ee\/wp-content\/uploads\/2024\/04\/Radis_cornershelf_OVE_Oak_veneered_plywood_white.jpg\" \/>\n\t<meta property=\"og:image:width\" content=\"1360\" \/>\n\t<meta property=\"og:image:height\" content=\"1620\" \/>\n\t<meta property=\"og:image:type\" content=\"image\/jpeg\" \/>\n<meta name=\"twitter:card\" content=\"summary_large_image\" \/>\n<meta name=\"twitter:label1\" content=\"Gesch\u00e4tzte Lesezeit\" \/>\n\t<meta name=\"twitter:data1\" content=\"1\u00a0Minute\" \/>\n<script type=\"application\/ld+json\" class=\"yoast-schema-graph\">{\"@context\":\"https:\\\/\\\/schema.org\",\"@graph\":[{\"@type\":\"WebPage\",\"@id\":\"https:\\\/\\\/radis.ee\\\/nurgariiul-ove\\\/\",\"url\":\"https:\\\/\\\/radis.ee\\\/nurgariiul-ove\\\/\",\"name\":\"Eckregal OVE - Radis\",\"isPartOf\":{\"@id\":\"https:\\\/\\\/radis.ee\\\/#website\"},\"primaryImageOfPage\":{\"@id\":\"https:\\\/\\\/radis.ee\\\/nurgariiul-ove\\\/#primaryimage\"},\"image\":{\"@id\":\"https:\\\/\\\/radis.ee\\\/nurgariiul-ove\\\/#primaryimage\"},\"thumbnailUrl\":\"https:\\\/\\\/radis.ee\\\/wp-content\\\/uploads\\\/2024\\\/04\\\/Radis_cornershelf_OVE_Oak_veneered_plywood_white.jpg\",\"datePublished\":\"2024-04-20T08:31:19+00:00\",\"dateModified\":\"2024-04-20T08:50:24+00:00\",\"breadcrumb\":{\"@id\":\"https:\\\/\\\/radis.ee\\\/nurgariiul-ove\\\/#breadcrumb\"},\"inLanguage\":\"de\",\"potentialAction\":[{\"@type\":\"ReadAction\",\"target\":[\"https:\\\/\\\/radis.ee\\\/nurgariiul-ove\\\/\"]}]},{\"@type\":\"ImageObject\",\"inLanguage\":\"de\",\"@id\":\"https:\\\/\\\/radis.ee\\\/nurgariiul-ove\\\/#primaryimage\",\"url\":\"https:\\\/\\\/radis.ee\\\/wp-content\\\/uploads\\\/2024\\\/04\\\/Radis_cornershelf_OVE_Oak_veneered_plywood_white.jpg\",\"contentUrl\":\"https:\\\/\\\/radis.ee\\\/wp-content\\\/uploads\\\/2024\\\/04\\\/Radis_cornershelf_OVE_Oak_veneered_plywood_white.jpg\",\"width\":1360,\"height\":1620,\"caption\":\"Radis cornershelf OVE Oak veneered plywood\"},{\"@type\":\"BreadcrumbList\",\"@id\":\"https:\\\/\\\/radis.ee\\\/nurgariiul-ove\\\/#breadcrumb\",\"itemListElement\":[{\"@type\":\"ListItem\",\"position\":1,\"name\":\"Home\",\"item\":\"https:\\\/\\\/radis.ee\\\/\"},{\"@type\":\"ListItem\",\"position\":2,\"name\":\"Produkte\",\"item\":\"https:\\\/\\\/radis.ee\\\/de\\\/produkte\\\/\"},{\"@type\":\"ListItem\",\"position\":3,\"name\":\"Eckregal OVE\"}]},{\"@type\":\"WebSite\",\"@id\":\"https:\\\/\\\/radis.ee\\\/#website\",\"url\":\"https:\\\/\\\/radis.ee\\\/\",\"name\":\"Radis\",\"description\":\"Nordic design furniture, environmentally friendly and sustainable.\",\"publisher\":{\"@id\":\"https:\\\/\\\/radis.ee\\\/#organization\"},\"potentialAction\":[{\"@type\":\"SearchAction\",\"target\":{\"@type\":\"EntryPoint\",\"urlTemplate\":\"https:\\\/\\\/radis.ee\\\/?s={search_term_string}\"},\"query-input\":{\"@type\":\"PropertyValueSpecification\",\"valueRequired\":true,\"valueName\":\"search_term_string\"}}],\"inLanguage\":\"de\"},{\"@type\":\"Organization\",\"@id\":\"https:\\\/\\\/radis.ee\\\/#organization\",\"name\":\"Radis O\u00dc\",\"url\":\"https:\\\/\\\/radis.ee\\\/\",\"logo\":{\"@type\":\"ImageObject\",\"inLanguage\":\"de\",\"@id\":\"https:\\\/\\\/radis.ee\\\/#\\\/schema\\\/logo\\\/image\\\/\",\"url\":\"https:\\\/\\\/radis.ee\\\/wp-content\\\/uploads\\\/2020\\\/10\\\/Radis-logo.png\",\"contentUrl\":\"https:\\\/\\\/radis.ee\\\/wp-content\\\/uploads\\\/2020\\\/10\\\/Radis-logo.png\",\"width\":300,\"height\":63,\"caption\":\"Radis O\u00dc\"},\"image\":{\"@id\":\"https:\\\/\\\/radis.ee\\\/#\\\/schema\\\/logo\\\/image\\\/\"},\"sameAs\":[\"https:\\\/\\\/www.facebook.com\\\/radisfurniture\\\/\"]}]}<\/script>\n<!-- \/ Yoast SEO plugin. -->","yoast_head_json":{"title":"Eckregal OVE - Radis","robots":{"index":"index","follow":"follow","max-snippet":"max-snippet:-1","max-image-preview":"max-image-preview:large","max-video-preview":"max-video-preview:-1"},"canonical":"https:\/\/radis.ee\/nurgariiul-ove\/","og_locale":"de_DE","og_type":"article","og_title":"Eckregal OVE - Radis","og_description":"Das OVE-Eckregal erinnert mit seinen weichen runden Ecken, vielf\u00e4ltigen Verwendungsm\u00f6glichkeiten und geometrischen Formen an die kultigsten skandinavischen M\u00f6bel. Mit seiner gewaltigen H\u00f6he von 150 cm ist es ein echter Hingucker. Die Innenh\u00f6he der OVE-Regale betr\u00e4gt 38 cm, was sie zu einem idealen Aufbewahrungsort f\u00fcr Schallplatten macht. Das Eichenfurnier-Finish ist neutral und zeitlos und sieht in...","og_url":"https:\/\/radis.ee\/nurgariiul-ove\/","og_site_name":"Radis","article_publisher":"https:\/\/www.facebook.com\/radisfurniture\/","article_modified_time":"2024-04-20T08:50:24+00:00","og_image":[{"width":1360,"height":1620,"url":"https:\/\/radis.ee\/wp-content\/uploads\/2024\/04\/Radis_cornershelf_OVE_Oak_veneered_plywood_white.jpg","type":"image\/jpeg"}],"twitter_card":"summary_large_image","twitter_misc":{"Gesch\u00e4tzte Lesezeit":"1\u00a0Minute"},"schema":{"@context":"https:\/\/schema.org","@graph":[{"@type":"WebPage","@id":"https:\/\/radis.ee\/nurgariiul-ove\/","url":"https:\/\/radis.ee\/nurgariiul-ove\/","name":"Eckregal OVE - Radis","isPartOf":{"@id":"https:\/\/radis.ee\/#website"},"primaryImageOfPage":{"@id":"https:\/\/radis.ee\/nurgariiul-ove\/#primaryimage"},"image":{"@id":"https:\/\/radis.ee\/nurgariiul-ove\/#primaryimage"},"thumbnailUrl":"https:\/\/radis.ee\/wp-content\/uploads\/2024\/04\/Radis_cornershelf_OVE_Oak_veneered_plywood_white.jpg","datePublished":"2024-04-20T08:31:19+00:00","dateModified":"2024-04-20T08:50:24+00:00","breadcrumb":{"@id":"https:\/\/radis.ee\/nurgariiul-ove\/#breadcrumb"},"inLanguage":"de","potentialAction":[{"@type":"ReadAction","target":["https:\/\/radis.ee\/nurgariiul-ove\/"]}]},{"@type":"ImageObject","inLanguage":"de","@id":"https:\/\/radis.ee\/nurgariiul-ove\/#primaryimage","url":"https:\/\/radis.ee\/wp-content\/uploads\/2024\/04\/Radis_cornershelf_OVE_Oak_veneered_plywood_white.jpg","contentUrl":"https:\/\/radis.ee\/wp-content\/uploads\/2024\/04\/Radis_cornershelf_OVE_Oak_veneered_plywood_white.jpg","width":1360,"height":1620,"caption":"Radis cornershelf OVE Oak veneered plywood"},{"@type":"BreadcrumbList","@id":"https:\/\/radis.ee\/nurgariiul-ove\/#breadcrumb","itemListElement":[{"@type":"ListItem","position":1,"name":"Home","item":"https:\/\/radis.ee\/"},{"@type":"ListItem","position":2,"name":"Produkte","item":"https:\/\/radis.ee\/de\/produkte\/"},{"@type":"ListItem","position":3,"name":"Eckregal OVE"}]},{"@type":"WebSite","@id":"https:\/\/radis.ee\/#website","url":"https:\/\/radis.ee\/","name":"Radis","description":"Nordic design furniture, environmentally friendly and sustainable.","publisher":{"@id":"https:\/\/radis.ee\/#organization"},"potentialAction":[{"@type":"SearchAction","target":{"@type":"EntryPoint","urlTemplate":"https:\/\/radis.ee\/?s={search_term_string}"},"query-input":{"@type":"PropertyValueSpecification","valueRequired":true,"valueName":"search_term_string"}}],"inLanguage":"de"},{"@type":"Organization","@id":"https:\/\/radis.ee\/#organization","name":"Radis O\u00dc","url":"https:\/\/radis.ee\/","logo":{"@type":"ImageObject","inLanguage":"de","@id":"https:\/\/radis.ee\/#\/schema\/logo\/image\/","url":"https:\/\/radis.ee\/wp-content\/uploads\/2020\/10\/Radis-logo.png","contentUrl":"https:\/\/radis.ee\/wp-content\/uploads\/2020\/10\/Radis-logo.png","width":300,"height":63,"caption":"Radis O\u00dc"},"image":{"@id":"https:\/\/radis.ee\/#\/schema\/logo\/image\/"},"sameAs":["https:\/\/www.facebook.com\/radisfurniture\/"]}]}},"_links":{"self":[{"href":"https:\/\/radis.ee\/de\/wp-json\/wp\/v2\/product\/26745","targetHints":{"allow":["GET"]}}],"collection":[{"href":"https:\/\/radis.ee\/de\/wp-json\/wp\/v2\/product"}],"about":[{"href":"https:\/\/radis.ee\/de\/wp-json\/wp\/v2\/types\/product"}],"replies":[{"embeddable":true,"href":"https:\/\/radis.ee\/de\/wp-json\/wp\/v2\/comments?post=26745"}],"wp:featuredmedia":[{"embeddable":true,"href":"https:\/\/radis.ee\/de\/wp-json\/wp\/v2\/media\/26776"}],"wp:attachment":[{"href":"https:\/\/radis.ee\/de\/wp-json\/wp\/v2\/media?parent=26745"}],"wp:term":[{"taxonomy":"product_brand","embeddable":true,"href":"https:\/\/radis.ee\/de\/wp-json\/wp\/v2\/product_brand?post=26745"},{"taxonomy":"product_cat","embeddable":true,"href":"https:\/\/radis.ee\/de\/wp-json\/wp\/v2\/product_cat?post=26745"},{"taxonomy":"product_tag","embeddable":true,"href":"https:\/\/radis.ee\/de\/wp-json\/wp\/v2\/product_tag?post=26745"}],"curies":[{"name":"wp","href":"https:\/\/api.w.org\/{rel}","templated":true}]}}