{"id":2683,"date":"2022-08-23T11:22:30","date_gmt":"2022-08-23T08:22:30","guid":{"rendered":"https:\/\/radis.ee\/unkategorisiert\/esstisch-huh\/"},"modified":"2024-03-12T11:17:58","modified_gmt":"2024-03-12T09:17:58","slug":"esstisch-huh","status":"publish","type":"product","link":"https:\/\/radis.ee\/de\/esstisch-huh\/","title":{"rendered":"Esstisch HUH"},"content":{"rendered":"<p>Eine gro\u00dfe Runde bringt gro\u00dfe Freude, zu Hause wie im B\u00fcro. Setzen Sie G\u00e4ste an den Tisch wie in eine Sardinenb\u00fcchse? Nein! Setzen Sie sie an den HUH.<\/p>\n<p>Hergestellt aus Birkensperrholz, \u00f6lgewachst, Tischplatte Eiche furniert\u00a0oder HPL (Hochdrucklaminat) &#8211; wei\u00df (RAL 9003) und hellgrau (RAL 7042).<\/p>\n<p>Kollektion HUH wurde f\u00fcr den estnischen Designpreis Bruno 2014 nominiert.<\/p>\n","protected":false},"excerpt":{"rendered":"<p>Eine gro\u00dfe Runde bringt gro\u00dfe Freude, zu Hause wie im B\u00fcro. Setzen Sie G\u00e4ste an den Tisch wie in eine Sardinenb\u00fcchse? Nein! Setzen Sie sie an den HUH. Hergestellt aus Birkensperrholz, \u00f6lgewachst, Tischplatte Eiche furniert\u00a0oder HPL (Hochdrucklaminat) &#8211; wei\u00df (RAL 9003) und hellgrau (RAL 7042). Kollektion HUH wurde f\u00fcr den estnischen Designpreis Bruno 2014 nominiert.<\/p>\n","protected":false},"featured_media":25039,"comment_status":"open","ping_status":"closed","template":"","meta":{"_acf_changed":false},"product_brand":[],"product_cat":[111],"product_tag":[],"class_list":{"0":"post-2683","1":"product","2":"type-product","3":"status-publish","4":"has-post-thumbnail","6":"product_cat-lauad","8":"first","9":"instock","10":"taxable","11":"shipping-taxable","12":"purchasable","13":"product-type-variable","14":"has-default-attributes"},"acf":[],"yoast_head":"<!-- This site is optimized with the Yoast SEO plugin v27.4 - https:\/\/yoast.com\/product\/yoast-seo-wordpress\/ -->\n<title>Esstisch HUH - Radis<\/title>\n<meta name=\"robots\" content=\"index, follow, max-snippet:-1, max-image-preview:large, max-video-preview:-1\" \/>\n<link rel=\"canonical\" href=\"https:\/\/radis.ee\/de\/esstisch-huh\/\" \/>\n<meta property=\"og:locale\" content=\"de_DE\" \/>\n<meta property=\"og:type\" content=\"article\" \/>\n<meta property=\"og:title\" content=\"Esstisch HUH - Radis\" \/>\n<meta property=\"og:description\" content=\"Eine gro\u00dfe Runde bringt gro\u00dfe Freude, zu Hause wie im B\u00fcro. Setzen Sie G\u00e4ste an den Tisch wie in eine Sardinenb\u00fcchse? Nein! Setzen Sie sie an den HUH. Hergestellt aus Birkensperrholz, \u00f6lgewachst, Tischplatte Eiche furniert\u00a0oder HPL (Hochdrucklaminat) &#8211; wei\u00df (RAL 9003) und hellgrau (RAL 7042). Kollektion HUH wurde f\u00fcr den estnischen Designpreis Bruno 2014 nominiert.\" \/>\n<meta property=\"og:url\" content=\"https:\/\/radis.ee\/de\/esstisch-huh\/\" \/>\n<meta property=\"og:site_name\" content=\"Radis\" \/>\n<meta property=\"article:publisher\" content=\"https:\/\/www.facebook.com\/radisfurniture\/\" \/>\n<meta property=\"article:modified_time\" content=\"2024-03-12T09:17:58+00:00\" \/>\n<meta property=\"og:image\" content=\"https:\/\/radis.ee\/wp-content\/uploads\/2022\/08\/Radis_diningtable_HUH_oak_veneered_legs_black_stain.jpg\" \/>\n\t<meta property=\"og:image:width\" content=\"1323\" \/>\n\t<meta property=\"og:image:height\" content=\"1594\" \/>\n\t<meta property=\"og:image:type\" content=\"image\/jpeg\" \/>\n<meta name=\"twitter:card\" content=\"summary_large_image\" \/>\n<script type=\"application\/ld+json\" class=\"yoast-schema-graph\">{\"@context\":\"https:\\\/\\\/schema.org\",\"@graph\":[{\"@type\":\"WebPage\",\"@id\":\"https:\\\/\\\/radis.ee\\\/de\\\/esstisch-huh\\\/\",\"url\":\"https:\\\/\\\/radis.ee\\\/de\\\/esstisch-huh\\\/\",\"name\":\"Esstisch HUH - Radis\",\"isPartOf\":{\"@id\":\"https:\\\/\\\/radis.ee\\\/#website\"},\"primaryImageOfPage\":{\"@id\":\"https:\\\/\\\/radis.ee\\\/de\\\/esstisch-huh\\\/#primaryimage\"},\"image\":{\"@id\":\"https:\\\/\\\/radis.ee\\\/de\\\/esstisch-huh\\\/#primaryimage\"},\"thumbnailUrl\":\"https:\\\/\\\/radis.ee\\\/wp-content\\\/uploads\\\/2022\\\/08\\\/Radis_diningtable_HUH_oak_veneered_legs_black_stain.jpg\",\"datePublished\":\"2022-08-23T08:22:30+00:00\",\"dateModified\":\"2024-03-12T09:17:58+00:00\",\"breadcrumb\":{\"@id\":\"https:\\\/\\\/radis.ee\\\/de\\\/esstisch-huh\\\/#breadcrumb\"},\"inLanguage\":\"de\",\"potentialAction\":[{\"@type\":\"ReadAction\",\"target\":[\"https:\\\/\\\/radis.ee\\\/de\\\/esstisch-huh\\\/\"]}]},{\"@type\":\"ImageObject\",\"inLanguage\":\"de\",\"@id\":\"https:\\\/\\\/radis.ee\\\/de\\\/esstisch-huh\\\/#primaryimage\",\"url\":\"https:\\\/\\\/radis.ee\\\/wp-content\\\/uploads\\\/2022\\\/08\\\/Radis_diningtable_HUH_oak_veneered_legs_black_stain.jpg\",\"contentUrl\":\"https:\\\/\\\/radis.ee\\\/wp-content\\\/uploads\\\/2022\\\/08\\\/Radis_diningtable_HUH_oak_veneered_legs_black_stain.jpg\",\"width\":1323,\"height\":1594,\"caption\":\"RADIS dining table HUH\"},{\"@type\":\"BreadcrumbList\",\"@id\":\"https:\\\/\\\/radis.ee\\\/de\\\/esstisch-huh\\\/#breadcrumb\",\"itemListElement\":[{\"@type\":\"ListItem\",\"position\":1,\"name\":\"Home\",\"item\":\"https:\\\/\\\/radis.ee\\\/\"},{\"@type\":\"ListItem\",\"position\":2,\"name\":\"Produkte\",\"item\":\"https:\\\/\\\/radis.ee\\\/de\\\/produkte\\\/\"},{\"@type\":\"ListItem\",\"position\":3,\"name\":\"Esstisch HUH\"}]},{\"@type\":\"WebSite\",\"@id\":\"https:\\\/\\\/radis.ee\\\/#website\",\"url\":\"https:\\\/\\\/radis.ee\\\/\",\"name\":\"Radis\",\"description\":\"Nordic design furniture, environmentally friendly and sustainable.\",\"publisher\":{\"@id\":\"https:\\\/\\\/radis.ee\\\/#organization\"},\"potentialAction\":[{\"@type\":\"SearchAction\",\"target\":{\"@type\":\"EntryPoint\",\"urlTemplate\":\"https:\\\/\\\/radis.ee\\\/?s={search_term_string}\"},\"query-input\":{\"@type\":\"PropertyValueSpecification\",\"valueRequired\":true,\"valueName\":\"search_term_string\"}}],\"inLanguage\":\"de\"},{\"@type\":\"Organization\",\"@id\":\"https:\\\/\\\/radis.ee\\\/#organization\",\"name\":\"Radis O\u00dc\",\"url\":\"https:\\\/\\\/radis.ee\\\/\",\"logo\":{\"@type\":\"ImageObject\",\"inLanguage\":\"de\",\"@id\":\"https:\\\/\\\/radis.ee\\\/#\\\/schema\\\/logo\\\/image\\\/\",\"url\":\"https:\\\/\\\/radis.ee\\\/wp-content\\\/uploads\\\/2020\\\/10\\\/Radis-logo.png\",\"contentUrl\":\"https:\\\/\\\/radis.ee\\\/wp-content\\\/uploads\\\/2020\\\/10\\\/Radis-logo.png\",\"width\":300,\"height\":63,\"caption\":\"Radis O\u00dc\"},\"image\":{\"@id\":\"https:\\\/\\\/radis.ee\\\/#\\\/schema\\\/logo\\\/image\\\/\"},\"sameAs\":[\"https:\\\/\\\/www.facebook.com\\\/radisfurniture\\\/\"]}]}<\/script>\n<!-- \/ Yoast SEO plugin. -->","yoast_head_json":{"title":"Esstisch HUH - Radis","robots":{"index":"index","follow":"follow","max-snippet":"max-snippet:-1","max-image-preview":"max-image-preview:large","max-video-preview":"max-video-preview:-1"},"canonical":"https:\/\/radis.ee\/de\/esstisch-huh\/","og_locale":"de_DE","og_type":"article","og_title":"Esstisch HUH - Radis","og_description":"Eine gro\u00dfe Runde bringt gro\u00dfe Freude, zu Hause wie im B\u00fcro. Setzen Sie G\u00e4ste an den Tisch wie in eine Sardinenb\u00fcchse? Nein! Setzen Sie sie an den HUH. Hergestellt aus Birkensperrholz, \u00f6lgewachst, Tischplatte Eiche furniert\u00a0oder HPL (Hochdrucklaminat) &#8211; wei\u00df (RAL 9003) und hellgrau (RAL 7042). Kollektion HUH wurde f\u00fcr den estnischen Designpreis Bruno 2014 nominiert.","og_url":"https:\/\/radis.ee\/de\/esstisch-huh\/","og_site_name":"Radis","article_publisher":"https:\/\/www.facebook.com\/radisfurniture\/","article_modified_time":"2024-03-12T09:17:58+00:00","og_image":[{"width":1323,"height":1594,"url":"https:\/\/radis.ee\/wp-content\/uploads\/2022\/08\/Radis_diningtable_HUH_oak_veneered_legs_black_stain.jpg","type":"image\/jpeg"}],"twitter_card":"summary_large_image","schema":{"@context":"https:\/\/schema.org","@graph":[{"@type":"WebPage","@id":"https:\/\/radis.ee\/de\/esstisch-huh\/","url":"https:\/\/radis.ee\/de\/esstisch-huh\/","name":"Esstisch HUH - Radis","isPartOf":{"@id":"https:\/\/radis.ee\/#website"},"primaryImageOfPage":{"@id":"https:\/\/radis.ee\/de\/esstisch-huh\/#primaryimage"},"image":{"@id":"https:\/\/radis.ee\/de\/esstisch-huh\/#primaryimage"},"thumbnailUrl":"https:\/\/radis.ee\/wp-content\/uploads\/2022\/08\/Radis_diningtable_HUH_oak_veneered_legs_black_stain.jpg","datePublished":"2022-08-23T08:22:30+00:00","dateModified":"2024-03-12T09:17:58+00:00","breadcrumb":{"@id":"https:\/\/radis.ee\/de\/esstisch-huh\/#breadcrumb"},"inLanguage":"de","potentialAction":[{"@type":"ReadAction","target":["https:\/\/radis.ee\/de\/esstisch-huh\/"]}]},{"@type":"ImageObject","inLanguage":"de","@id":"https:\/\/radis.ee\/de\/esstisch-huh\/#primaryimage","url":"https:\/\/radis.ee\/wp-content\/uploads\/2022\/08\/Radis_diningtable_HUH_oak_veneered_legs_black_stain.jpg","contentUrl":"https:\/\/radis.ee\/wp-content\/uploads\/2022\/08\/Radis_diningtable_HUH_oak_veneered_legs_black_stain.jpg","width":1323,"height":1594,"caption":"RADIS dining table HUH"},{"@type":"BreadcrumbList","@id":"https:\/\/radis.ee\/de\/esstisch-huh\/#breadcrumb","itemListElement":[{"@type":"ListItem","position":1,"name":"Home","item":"https:\/\/radis.ee\/"},{"@type":"ListItem","position":2,"name":"Produkte","item":"https:\/\/radis.ee\/de\/produkte\/"},{"@type":"ListItem","position":3,"name":"Esstisch HUH"}]},{"@type":"WebSite","@id":"https:\/\/radis.ee\/#website","url":"https:\/\/radis.ee\/","name":"Radis","description":"Nordic design furniture, environmentally friendly and sustainable.","publisher":{"@id":"https:\/\/radis.ee\/#organization"},"potentialAction":[{"@type":"SearchAction","target":{"@type":"EntryPoint","urlTemplate":"https:\/\/radis.ee\/?s={search_term_string}"},"query-input":{"@type":"PropertyValueSpecification","valueRequired":true,"valueName":"search_term_string"}}],"inLanguage":"de"},{"@type":"Organization","@id":"https:\/\/radis.ee\/#organization","name":"Radis O\u00dc","url":"https:\/\/radis.ee\/","logo":{"@type":"ImageObject","inLanguage":"de","@id":"https:\/\/radis.ee\/#\/schema\/logo\/image\/","url":"https:\/\/radis.ee\/wp-content\/uploads\/2020\/10\/Radis-logo.png","contentUrl":"https:\/\/radis.ee\/wp-content\/uploads\/2020\/10\/Radis-logo.png","width":300,"height":63,"caption":"Radis O\u00dc"},"image":{"@id":"https:\/\/radis.ee\/#\/schema\/logo\/image\/"},"sameAs":["https:\/\/www.facebook.com\/radisfurniture\/"]}]}},"_links":{"self":[{"href":"https:\/\/radis.ee\/de\/wp-json\/wp\/v2\/product\/2683","targetHints":{"allow":["GET"]}}],"collection":[{"href":"https:\/\/radis.ee\/de\/wp-json\/wp\/v2\/product"}],"about":[{"href":"https:\/\/radis.ee\/de\/wp-json\/wp\/v2\/types\/product"}],"replies":[{"embeddable":true,"href":"https:\/\/radis.ee\/de\/wp-json\/wp\/v2\/comments?post=2683"}],"wp:featuredmedia":[{"embeddable":true,"href":"https:\/\/radis.ee\/de\/wp-json\/wp\/v2\/media\/25039"}],"wp:attachment":[{"href":"https:\/\/radis.ee\/de\/wp-json\/wp\/v2\/media?parent=2683"}],"wp:term":[{"taxonomy":"product_brand","embeddable":true,"href":"https:\/\/radis.ee\/de\/wp-json\/wp\/v2\/product_brand?post=2683"},{"taxonomy":"product_cat","embeddable":true,"href":"https:\/\/radis.ee\/de\/wp-json\/wp\/v2\/product_cat?post=2683"},{"taxonomy":"product_tag","embeddable":true,"href":"https:\/\/radis.ee\/de\/wp-json\/wp\/v2\/product_tag?post=2683"}],"curies":[{"name":"wp","href":"https:\/\/api.w.org\/{rel}","templated":true}]}}