{"id":26859,"date":"2022-08-23T10:34:27","date_gmt":"2024-05-10T15:34:28","guid":{"rendered":"https:\/\/radis.ee\/?post_type=product&#038;p=26859"},"modified":"2024-05-10T19:01:46","modified_gmt":"2024-05-10T16:01:46","slug":"sofa-tisch-ove","status":"publish","type":"product","link":"https:\/\/radis.ee\/de\/sofa-tisch-ove\/","title":{"rendered":"Sofa Tisch OVE"},"content":{"rendered":"<p>Der Sofatisch OVE erinnert mit seinen weichen runden Ecken, vielf\u00e4ltigen Nutzungsm\u00f6glichkeiten und geometrischen Formen an die kultigsten skandinavischen M\u00f6bel. Es ist ein echter Hingucker.<\/p>\n<p>Die Innenh\u00f6he des Sofatischregals von OVE betr\u00e4gt 24 cm, was es zu einem idealen Stauraum macht. Das Eichenfurnier-Finish ist neutral und zeitlos und sieht in jedem Interieur gut aus. Der Sofatisch OVE ist eine Investition in ein zeitloses und klassisches M\u00f6belst\u00fcck.<\/p>\n<p>Hergestellt aus eichenfurniertem Birkensperrholz, \u00f6lgewachst.<\/p>\n","protected":false},"excerpt":{"rendered":"<p>Der Sofatisch OVE erinnert mit seinen weichen runden Ecken, vielf\u00e4ltigen Nutzungsm\u00f6glichkeiten und geometrischen Formen an die kultigsten skandinavischen M\u00f6bel. Es ist ein echter Hingucker. Die Innenh\u00f6he des Sofatischregals von OVE betr\u00e4gt 24 cm, was es zu einem idealen Stauraum macht. Das Eichenfurnier-Finish ist neutral und zeitlos und sieht in jedem Interieur gut aus. Der Sofatisch&#8230;<\/p>\n","protected":false},"featured_media":26869,"comment_status":"open","ping_status":"closed","template":"","meta":{"_acf_changed":false},"product_brand":[],"product_cat":[111],"product_tag":[],"class_list":{"0":"post-26859","1":"product","2":"type-product","3":"status-publish","4":"has-post-thumbnail","6":"product_cat-lauad","8":"first","9":"instock","10":"taxable","11":"shipping-taxable","12":"purchasable","13":"product-type-simple"},"acf":[],"yoast_head":"<!-- This site is optimized with the Yoast SEO plugin v27.3 - https:\/\/yoast.com\/product\/yoast-seo-wordpress\/ -->\n<title>Sofa Tisch OVE - Radis<\/title>\n<meta name=\"robots\" content=\"index, follow, max-snippet:-1, max-image-preview:large, max-video-preview:-1\" \/>\n<link rel=\"canonical\" href=\"https:\/\/radis.ee\/diivanilaud-ove\/\" \/>\n<meta property=\"og:locale\" content=\"de_DE\" \/>\n<meta property=\"og:type\" content=\"article\" \/>\n<meta property=\"og:title\" content=\"Sofa Tisch OVE - Radis\" \/>\n<meta property=\"og:description\" content=\"Der Sofatisch OVE erinnert mit seinen weichen runden Ecken, vielf\u00e4ltigen Nutzungsm\u00f6glichkeiten und geometrischen Formen an die kultigsten skandinavischen M\u00f6bel. Es ist ein echter Hingucker. Die Innenh\u00f6he des Sofatischregals von OVE betr\u00e4gt 24 cm, was es zu einem idealen Stauraum macht. Das Eichenfurnier-Finish ist neutral und zeitlos und sieht in jedem Interieur gut aus. Der Sofatisch...\" \/>\n<meta property=\"og:url\" content=\"https:\/\/radis.ee\/diivanilaud-ove\/\" \/>\n<meta property=\"og:site_name\" content=\"Radis\" \/>\n<meta property=\"article:publisher\" content=\"https:\/\/www.facebook.com\/radisfurniture\/\" \/>\n<meta property=\"article:modified_time\" content=\"2024-05-10T16:01:46+00:00\" \/>\n<meta property=\"og:image\" content=\"https:\/\/radis.ee\/wp-content\/uploads\/2024\/05\/Radis_sofa_table_OVE_oak_veneered.jpg\" \/>\n\t<meta property=\"og:image:width\" content=\"1360\" \/>\n\t<meta property=\"og:image:height\" content=\"1620\" \/>\n\t<meta property=\"og:image:type\" content=\"image\/jpeg\" \/>\n<meta name=\"twitter:card\" content=\"summary_large_image\" \/>\n<meta name=\"twitter:label1\" content=\"Gesch\u00e4tzte Lesezeit\" \/>\n\t<meta name=\"twitter:data1\" content=\"1\u00a0Minute\" \/>\n<script type=\"application\/ld+json\" class=\"yoast-schema-graph\">{\"@context\":\"https:\\\/\\\/schema.org\",\"@graph\":[{\"@type\":\"WebPage\",\"@id\":\"https:\\\/\\\/radis.ee\\\/diivanilaud-ove\\\/\",\"url\":\"https:\\\/\\\/radis.ee\\\/diivanilaud-ove\\\/\",\"name\":\"Sofa Tisch OVE - Radis\",\"isPartOf\":{\"@id\":\"https:\\\/\\\/radis.ee\\\/#website\"},\"primaryImageOfPage\":{\"@id\":\"https:\\\/\\\/radis.ee\\\/diivanilaud-ove\\\/#primaryimage\"},\"image\":{\"@id\":\"https:\\\/\\\/radis.ee\\\/diivanilaud-ove\\\/#primaryimage\"},\"thumbnailUrl\":\"https:\\\/\\\/radis.ee\\\/wp-content\\\/uploads\\\/2024\\\/05\\\/Radis_sofa_table_OVE_oak_veneered.jpg\",\"datePublished\":\"2024-05-10T15:34:28+00:00\",\"dateModified\":\"2024-05-10T16:01:46+00:00\",\"breadcrumb\":{\"@id\":\"https:\\\/\\\/radis.ee\\\/diivanilaud-ove\\\/#breadcrumb\"},\"inLanguage\":\"de\",\"potentialAction\":[{\"@type\":\"ReadAction\",\"target\":[\"https:\\\/\\\/radis.ee\\\/diivanilaud-ove\\\/\"]}]},{\"@type\":\"ImageObject\",\"inLanguage\":\"de\",\"@id\":\"https:\\\/\\\/radis.ee\\\/diivanilaud-ove\\\/#primaryimage\",\"url\":\"https:\\\/\\\/radis.ee\\\/wp-content\\\/uploads\\\/2024\\\/05\\\/Radis_sofa_table_OVE_oak_veneered.jpg\",\"contentUrl\":\"https:\\\/\\\/radis.ee\\\/wp-content\\\/uploads\\\/2024\\\/05\\\/Radis_sofa_table_OVE_oak_veneered.jpg\",\"width\":1360,\"height\":1620,\"caption\":\"Radis round shaped sofa table OVE oak veneered plywood\"},{\"@type\":\"BreadcrumbList\",\"@id\":\"https:\\\/\\\/radis.ee\\\/diivanilaud-ove\\\/#breadcrumb\",\"itemListElement\":[{\"@type\":\"ListItem\",\"position\":1,\"name\":\"Home\",\"item\":\"https:\\\/\\\/radis.ee\\\/\"},{\"@type\":\"ListItem\",\"position\":2,\"name\":\"Produkte\",\"item\":\"https:\\\/\\\/radis.ee\\\/de\\\/produkte\\\/\"},{\"@type\":\"ListItem\",\"position\":3,\"name\":\"Sofa Tisch OVE\"}]},{\"@type\":\"WebSite\",\"@id\":\"https:\\\/\\\/radis.ee\\\/#website\",\"url\":\"https:\\\/\\\/radis.ee\\\/\",\"name\":\"Radis\",\"description\":\"Nordic design furniture, environmentally friendly and sustainable.\",\"publisher\":{\"@id\":\"https:\\\/\\\/radis.ee\\\/#organization\"},\"potentialAction\":[{\"@type\":\"SearchAction\",\"target\":{\"@type\":\"EntryPoint\",\"urlTemplate\":\"https:\\\/\\\/radis.ee\\\/?s={search_term_string}\"},\"query-input\":{\"@type\":\"PropertyValueSpecification\",\"valueRequired\":true,\"valueName\":\"search_term_string\"}}],\"inLanguage\":\"de\"},{\"@type\":\"Organization\",\"@id\":\"https:\\\/\\\/radis.ee\\\/#organization\",\"name\":\"Radis O\u00dc\",\"url\":\"https:\\\/\\\/radis.ee\\\/\",\"logo\":{\"@type\":\"ImageObject\",\"inLanguage\":\"de\",\"@id\":\"https:\\\/\\\/radis.ee\\\/#\\\/schema\\\/logo\\\/image\\\/\",\"url\":\"https:\\\/\\\/radis.ee\\\/wp-content\\\/uploads\\\/2020\\\/10\\\/Radis-logo.png\",\"contentUrl\":\"https:\\\/\\\/radis.ee\\\/wp-content\\\/uploads\\\/2020\\\/10\\\/Radis-logo.png\",\"width\":300,\"height\":63,\"caption\":\"Radis O\u00dc\"},\"image\":{\"@id\":\"https:\\\/\\\/radis.ee\\\/#\\\/schema\\\/logo\\\/image\\\/\"},\"sameAs\":[\"https:\\\/\\\/www.facebook.com\\\/radisfurniture\\\/\"]}]}<\/script>\n<!-- \/ Yoast SEO plugin. -->","yoast_head_json":{"title":"Sofa Tisch OVE - Radis","robots":{"index":"index","follow":"follow","max-snippet":"max-snippet:-1","max-image-preview":"max-image-preview:large","max-video-preview":"max-video-preview:-1"},"canonical":"https:\/\/radis.ee\/diivanilaud-ove\/","og_locale":"de_DE","og_type":"article","og_title":"Sofa Tisch OVE - Radis","og_description":"Der Sofatisch OVE erinnert mit seinen weichen runden Ecken, vielf\u00e4ltigen Nutzungsm\u00f6glichkeiten und geometrischen Formen an die kultigsten skandinavischen M\u00f6bel. Es ist ein echter Hingucker. Die Innenh\u00f6he des Sofatischregals von OVE betr\u00e4gt 24 cm, was es zu einem idealen Stauraum macht. Das Eichenfurnier-Finish ist neutral und zeitlos und sieht in jedem Interieur gut aus. Der Sofatisch...","og_url":"https:\/\/radis.ee\/diivanilaud-ove\/","og_site_name":"Radis","article_publisher":"https:\/\/www.facebook.com\/radisfurniture\/","article_modified_time":"2024-05-10T16:01:46+00:00","og_image":[{"width":1360,"height":1620,"url":"https:\/\/radis.ee\/wp-content\/uploads\/2024\/05\/Radis_sofa_table_OVE_oak_veneered.jpg","type":"image\/jpeg"}],"twitter_card":"summary_large_image","twitter_misc":{"Gesch\u00e4tzte Lesezeit":"1\u00a0Minute"},"schema":{"@context":"https:\/\/schema.org","@graph":[{"@type":"WebPage","@id":"https:\/\/radis.ee\/diivanilaud-ove\/","url":"https:\/\/radis.ee\/diivanilaud-ove\/","name":"Sofa Tisch OVE - Radis","isPartOf":{"@id":"https:\/\/radis.ee\/#website"},"primaryImageOfPage":{"@id":"https:\/\/radis.ee\/diivanilaud-ove\/#primaryimage"},"image":{"@id":"https:\/\/radis.ee\/diivanilaud-ove\/#primaryimage"},"thumbnailUrl":"https:\/\/radis.ee\/wp-content\/uploads\/2024\/05\/Radis_sofa_table_OVE_oak_veneered.jpg","datePublished":"2024-05-10T15:34:28+00:00","dateModified":"2024-05-10T16:01:46+00:00","breadcrumb":{"@id":"https:\/\/radis.ee\/diivanilaud-ove\/#breadcrumb"},"inLanguage":"de","potentialAction":[{"@type":"ReadAction","target":["https:\/\/radis.ee\/diivanilaud-ove\/"]}]},{"@type":"ImageObject","inLanguage":"de","@id":"https:\/\/radis.ee\/diivanilaud-ove\/#primaryimage","url":"https:\/\/radis.ee\/wp-content\/uploads\/2024\/05\/Radis_sofa_table_OVE_oak_veneered.jpg","contentUrl":"https:\/\/radis.ee\/wp-content\/uploads\/2024\/05\/Radis_sofa_table_OVE_oak_veneered.jpg","width":1360,"height":1620,"caption":"Radis round shaped sofa table OVE oak veneered plywood"},{"@type":"BreadcrumbList","@id":"https:\/\/radis.ee\/diivanilaud-ove\/#breadcrumb","itemListElement":[{"@type":"ListItem","position":1,"name":"Home","item":"https:\/\/radis.ee\/"},{"@type":"ListItem","position":2,"name":"Produkte","item":"https:\/\/radis.ee\/de\/produkte\/"},{"@type":"ListItem","position":3,"name":"Sofa Tisch OVE"}]},{"@type":"WebSite","@id":"https:\/\/radis.ee\/#website","url":"https:\/\/radis.ee\/","name":"Radis","description":"Nordic design furniture, environmentally friendly and sustainable.","publisher":{"@id":"https:\/\/radis.ee\/#organization"},"potentialAction":[{"@type":"SearchAction","target":{"@type":"EntryPoint","urlTemplate":"https:\/\/radis.ee\/?s={search_term_string}"},"query-input":{"@type":"PropertyValueSpecification","valueRequired":true,"valueName":"search_term_string"}}],"inLanguage":"de"},{"@type":"Organization","@id":"https:\/\/radis.ee\/#organization","name":"Radis O\u00dc","url":"https:\/\/radis.ee\/","logo":{"@type":"ImageObject","inLanguage":"de","@id":"https:\/\/radis.ee\/#\/schema\/logo\/image\/","url":"https:\/\/radis.ee\/wp-content\/uploads\/2020\/10\/Radis-logo.png","contentUrl":"https:\/\/radis.ee\/wp-content\/uploads\/2020\/10\/Radis-logo.png","width":300,"height":63,"caption":"Radis O\u00dc"},"image":{"@id":"https:\/\/radis.ee\/#\/schema\/logo\/image\/"},"sameAs":["https:\/\/www.facebook.com\/radisfurniture\/"]}]}},"_links":{"self":[{"href":"https:\/\/radis.ee\/de\/wp-json\/wp\/v2\/product\/26859","targetHints":{"allow":["GET"]}}],"collection":[{"href":"https:\/\/radis.ee\/de\/wp-json\/wp\/v2\/product"}],"about":[{"href":"https:\/\/radis.ee\/de\/wp-json\/wp\/v2\/types\/product"}],"replies":[{"embeddable":true,"href":"https:\/\/radis.ee\/de\/wp-json\/wp\/v2\/comments?post=26859"}],"wp:featuredmedia":[{"embeddable":true,"href":"https:\/\/radis.ee\/de\/wp-json\/wp\/v2\/media\/26869"}],"wp:attachment":[{"href":"https:\/\/radis.ee\/de\/wp-json\/wp\/v2\/media?parent=26859"}],"wp:term":[{"taxonomy":"product_brand","embeddable":true,"href":"https:\/\/radis.ee\/de\/wp-json\/wp\/v2\/product_brand?post=26859"},{"taxonomy":"product_cat","embeddable":true,"href":"https:\/\/radis.ee\/de\/wp-json\/wp\/v2\/product_cat?post=26859"},{"taxonomy":"product_tag","embeddable":true,"href":"https:\/\/radis.ee\/de\/wp-json\/wp\/v2\/product_tag?post=26859"}],"curies":[{"name":"wp","href":"https:\/\/api.w.org\/{rel}","templated":true}]}}