{"id":2688,"date":"2022-09-13T10:00:22","date_gmt":"2022-09-13T07:00:22","guid":{"rendered":"https:\/\/radis.ee\/unkategorisiert\/bett-musterung-mit-nachttischen\/"},"modified":"2025-12-08T20:30:15","modified_gmt":"2025-12-08T18:30:15","slug":"bett-master-mit-integrierten-nachttischen","status":"publish","type":"product","link":"https:\/\/radis.ee\/de\/bett-master-mit-integrierten-nachttischen\/","title":{"rendered":"Bett MASTER mit integrierten Nachttischen"},"content":{"rendered":"<p>Das Bett MASTER vereint die W\u00e4rme von Naturholz mit einem intelligenten und modernen Design und bietet so eine perfekte Schlafl\u00f6sung f\u00fcr das moderne Zuhause.<\/p>\n<p>Gefertigt aus hochwertigem Birken-Sperrholz, optional auch mit Eichenfurnier erh\u00e4ltlich, betont das Bett MASTER die sch\u00f6ne und nat\u00fcrliche Maserung des Holzes. Diese Materialwahl garantiert neben einer atemberaubenden und warmen \u00c4sthetik au\u00dfergew\u00f6hnliche Langlebigkeit und Stabilit\u00e4t. Die \u00d6l-Wachs-Oberfl\u00e4che sch\u00fctzt das Holz und sorgt gleichzeitig f\u00fcr ein nat\u00fcrliches und seidiges Gef\u00fchl.<\/p>\n<p>Die nahtlos in das verl\u00e4ngerte Kopfteil integrierten Nachttische schaffen ein aufger\u00e4umtes und sauberes Erscheinungsbild, erleichtern das Staubsaugen und maximieren die Bodenfl\u00e4che.<\/p>\n<p>Mit seinem breiten, architektonisch anmutenden Kopfteil und dem robusten Rahmen wird das Bett zum zentralen Blickfang in jedem Schlafzimmer. Die klaren Linien f\u00fcgen sich perfekt in skandinavische, minimalistische oder industrielle Einrichtungen ein.<\/p>\n<p>Stabile Konstruktion \u2013 der Sperrholzkern garantiert langfristige Stabilit\u00e4t und sorgt daf\u00fcr, dass Ihr Bett \u00fcber Jahre hinweg knarrfrei und stabil bleibt.<\/p>\n<p>L\u00e4nge 206 cm, H\u00f6he der R\u00fcckenlehne 87 cm, H\u00f6he der Bettkante 40 cm, H\u00f6he des Nachttischs 42 cm. Die H\u00f6he der Unterseite der Matratze vom Boden betr\u00e4gt 26 cm. Breite Matratzenbreite + 80 cm.<\/p>\n<p>Hergestellt aus Birkensperrholz, \u00f6lgewachst mit hellem Eichenton, Kopf-Fu\u00df- und Schubladenplatten aus laminiertem Birkensperrholz mit eingemahlenem Muster. Schubladenschienen schlie\u00dfen leise an Schr\u00e4nke. Beinhaltet die Bettplatten aus Sperrholz.<\/p>\n","protected":false},"excerpt":{"rendered":"<p>Das Bett MASTER vereint die W\u00e4rme von Naturholz mit einem intelligenten und modernen Design und bietet so eine perfekte Schlafl\u00f6sung f\u00fcr das moderne Zuhause. Gefertigt aus hochwertigem Birken-Sperrholz, optional auch mit Eichenfurnier erh\u00e4ltlich, betont das Bett MASTER die sch\u00f6ne und nat\u00fcrliche Maserung des Holzes. Diese Materialwahl garantiert neben einer atemberaubenden und warmen \u00c4sthetik au\u00dfergew\u00f6hnliche Langlebigkeit&#8230;<\/p>\n","protected":false},"featured_media":30736,"comment_status":"open","ping_status":"closed","template":"","meta":{"_acf_changed":false},"product_brand":[],"product_cat":[113],"product_tag":[],"class_list":{"0":"post-2688","1":"product","2":"type-product","3":"status-publish","4":"has-post-thumbnail","6":"product_cat-voodid","8":"first","9":"instock","10":"sale","11":"taxable","12":"shipping-taxable","13":"purchasable","14":"product-type-variable"},"acf":[],"yoast_head":"<!-- This site is optimized with the Yoast SEO plugin v27.4 - https:\/\/yoast.com\/product\/yoast-seo-wordpress\/ -->\n<title>Bett MASTER mit integrierten Nachttischen - Radis<\/title>\n<meta name=\"robots\" content=\"index, follow, max-snippet:-1, max-image-preview:large, max-video-preview:-1\" \/>\n<link rel=\"canonical\" href=\"https:\/\/radis.ee\/de\/bett-master-mit-integrierten-nachttischen\/\" \/>\n<meta property=\"og:locale\" content=\"de_DE\" \/>\n<meta property=\"og:type\" content=\"article\" \/>\n<meta property=\"og:title\" content=\"Bett MASTER mit integrierten Nachttischen - Radis\" \/>\n<meta property=\"og:description\" content=\"Das Bett MASTER vereint die W\u00e4rme von Naturholz mit einem intelligenten und modernen Design und bietet so eine perfekte Schlafl\u00f6sung f\u00fcr das moderne Zuhause. Gefertigt aus hochwertigem Birken-Sperrholz, optional auch mit Eichenfurnier erh\u00e4ltlich, betont das Bett MASTER die sch\u00f6ne und nat\u00fcrliche Maserung des Holzes. Diese Materialwahl garantiert neben einer atemberaubenden und warmen \u00c4sthetik au\u00dfergew\u00f6hnliche Langlebigkeit...\" \/>\n<meta property=\"og:url\" content=\"https:\/\/radis.ee\/de\/bett-master-mit-integrierten-nachttischen\/\" \/>\n<meta property=\"og:site_name\" content=\"Radis\" \/>\n<meta property=\"article:publisher\" content=\"https:\/\/www.facebook.com\/radisfurniture\/\" \/>\n<meta property=\"article:modified_time\" content=\"2025-12-08T18:30:15+00:00\" \/>\n<meta property=\"og:image\" content=\"https:\/\/radis.ee\/wp-content\/uploads\/2020\/09\/RA0579-Radis-bed-Muster-light-oak-and-Koskisen-white-with-pattern-2-1-scaled.jpg\" \/>\n\t<meta property=\"og:image:width\" content=\"3754\" \/>\n\t<meta property=\"og:image:height\" content=\"3754\" \/>\n\t<meta property=\"og:image:type\" content=\"image\/jpeg\" \/>\n<meta name=\"twitter:card\" content=\"summary_large_image\" \/>\n<meta name=\"twitter:label1\" content=\"Gesch\u00e4tzte Lesezeit\" \/>\n\t<meta name=\"twitter:data1\" content=\"2\u00a0Minuten\" \/>\n<script type=\"application\/ld+json\" class=\"yoast-schema-graph\">{\"@context\":\"https:\\\/\\\/schema.org\",\"@graph\":[{\"@type\":\"WebPage\",\"@id\":\"https:\\\/\\\/radis.ee\\\/de\\\/bett-master-mit-integrierten-nachttischen\\\/\",\"url\":\"https:\\\/\\\/radis.ee\\\/de\\\/bett-master-mit-integrierten-nachttischen\\\/\",\"name\":\"Bett MASTER mit integrierten Nachttischen - Radis\",\"isPartOf\":{\"@id\":\"https:\\\/\\\/radis.ee\\\/#website\"},\"primaryImageOfPage\":{\"@id\":\"https:\\\/\\\/radis.ee\\\/de\\\/bett-master-mit-integrierten-nachttischen\\\/#primaryimage\"},\"image\":{\"@id\":\"https:\\\/\\\/radis.ee\\\/de\\\/bett-master-mit-integrierten-nachttischen\\\/#primaryimage\"},\"thumbnailUrl\":\"https:\\\/\\\/radis.ee\\\/wp-content\\\/uploads\\\/2022\\\/09\\\/Radis_Furniture_bed-MASTER_Oak_veneered_plywood_interior_white_background_4.webp\",\"datePublished\":\"2022-09-13T07:00:22+00:00\",\"dateModified\":\"2025-12-08T18:30:15+00:00\",\"breadcrumb\":{\"@id\":\"https:\\\/\\\/radis.ee\\\/de\\\/bett-master-mit-integrierten-nachttischen\\\/#breadcrumb\"},\"inLanguage\":\"de\",\"potentialAction\":[{\"@type\":\"ReadAction\",\"target\":[\"https:\\\/\\\/radis.ee\\\/de\\\/bett-master-mit-integrierten-nachttischen\\\/\"]}]},{\"@type\":\"ImageObject\",\"inLanguage\":\"de\",\"@id\":\"https:\\\/\\\/radis.ee\\\/de\\\/bett-master-mit-integrierten-nachttischen\\\/#primaryimage\",\"url\":\"https:\\\/\\\/radis.ee\\\/wp-content\\\/uploads\\\/2022\\\/09\\\/Radis_Furniture_bed-MASTER_Oak_veneered_plywood_interior_white_background_4.webp\",\"contentUrl\":\"https:\\\/\\\/radis.ee\\\/wp-content\\\/uploads\\\/2022\\\/09\\\/Radis_Furniture_bed-MASTER_Oak_veneered_plywood_interior_white_background_4.webp\",\"width\":1050,\"height\":1814,\"caption\":\"Radis Furniture bed MASTER Oak veneered plywood\"},{\"@type\":\"BreadcrumbList\",\"@id\":\"https:\\\/\\\/radis.ee\\\/de\\\/bett-master-mit-integrierten-nachttischen\\\/#breadcrumb\",\"itemListElement\":[{\"@type\":\"ListItem\",\"position\":1,\"name\":\"Home\",\"item\":\"https:\\\/\\\/radis.ee\\\/\"},{\"@type\":\"ListItem\",\"position\":2,\"name\":\"Produkte\",\"item\":\"https:\\\/\\\/radis.ee\\\/de\\\/produkte\\\/\"},{\"@type\":\"ListItem\",\"position\":3,\"name\":\"Bett MASTER mit integrierten Nachttischen\"}]},{\"@type\":\"WebSite\",\"@id\":\"https:\\\/\\\/radis.ee\\\/#website\",\"url\":\"https:\\\/\\\/radis.ee\\\/\",\"name\":\"Radis\",\"description\":\"Nordic design furniture, environmentally friendly and sustainable.\",\"publisher\":{\"@id\":\"https:\\\/\\\/radis.ee\\\/#organization\"},\"potentialAction\":[{\"@type\":\"SearchAction\",\"target\":{\"@type\":\"EntryPoint\",\"urlTemplate\":\"https:\\\/\\\/radis.ee\\\/?s={search_term_string}\"},\"query-input\":{\"@type\":\"PropertyValueSpecification\",\"valueRequired\":true,\"valueName\":\"search_term_string\"}}],\"inLanguage\":\"de\"},{\"@type\":\"Organization\",\"@id\":\"https:\\\/\\\/radis.ee\\\/#organization\",\"name\":\"Radis O\u00dc\",\"url\":\"https:\\\/\\\/radis.ee\\\/\",\"logo\":{\"@type\":\"ImageObject\",\"inLanguage\":\"de\",\"@id\":\"https:\\\/\\\/radis.ee\\\/#\\\/schema\\\/logo\\\/image\\\/\",\"url\":\"https:\\\/\\\/radis.ee\\\/wp-content\\\/uploads\\\/2020\\\/10\\\/Radis-logo.png\",\"contentUrl\":\"https:\\\/\\\/radis.ee\\\/wp-content\\\/uploads\\\/2020\\\/10\\\/Radis-logo.png\",\"width\":300,\"height\":63,\"caption\":\"Radis O\u00dc\"},\"image\":{\"@id\":\"https:\\\/\\\/radis.ee\\\/#\\\/schema\\\/logo\\\/image\\\/\"},\"sameAs\":[\"https:\\\/\\\/www.facebook.com\\\/radisfurniture\\\/\"]}]}<\/script>\n<!-- \/ Yoast SEO plugin. -->","yoast_head_json":{"title":"Bett MASTER mit integrierten Nachttischen - Radis","robots":{"index":"index","follow":"follow","max-snippet":"max-snippet:-1","max-image-preview":"max-image-preview:large","max-video-preview":"max-video-preview:-1"},"canonical":"https:\/\/radis.ee\/de\/bett-master-mit-integrierten-nachttischen\/","og_locale":"de_DE","og_type":"article","og_title":"Bett MASTER mit integrierten Nachttischen - Radis","og_description":"Das Bett MASTER vereint die W\u00e4rme von Naturholz mit einem intelligenten und modernen Design und bietet so eine perfekte Schlafl\u00f6sung f\u00fcr das moderne Zuhause. Gefertigt aus hochwertigem Birken-Sperrholz, optional auch mit Eichenfurnier erh\u00e4ltlich, betont das Bett MASTER die sch\u00f6ne und nat\u00fcrliche Maserung des Holzes. Diese Materialwahl garantiert neben einer atemberaubenden und warmen \u00c4sthetik au\u00dfergew\u00f6hnliche Langlebigkeit...","og_url":"https:\/\/radis.ee\/de\/bett-master-mit-integrierten-nachttischen\/","og_site_name":"Radis","article_publisher":"https:\/\/www.facebook.com\/radisfurniture\/","article_modified_time":"2025-12-08T18:30:15+00:00","og_image":[{"width":3754,"height":3754,"url":"https:\/\/radis.ee\/wp-content\/uploads\/2020\/09\/RA0579-Radis-bed-Muster-light-oak-and-Koskisen-white-with-pattern-2-1-scaled.jpg","type":"image\/jpeg"}],"twitter_card":"summary_large_image","twitter_misc":{"Gesch\u00e4tzte Lesezeit":"2\u00a0Minuten"},"schema":{"@context":"https:\/\/schema.org","@graph":[{"@type":"WebPage","@id":"https:\/\/radis.ee\/de\/bett-master-mit-integrierten-nachttischen\/","url":"https:\/\/radis.ee\/de\/bett-master-mit-integrierten-nachttischen\/","name":"Bett MASTER mit integrierten Nachttischen - Radis","isPartOf":{"@id":"https:\/\/radis.ee\/#website"},"primaryImageOfPage":{"@id":"https:\/\/radis.ee\/de\/bett-master-mit-integrierten-nachttischen\/#primaryimage"},"image":{"@id":"https:\/\/radis.ee\/de\/bett-master-mit-integrierten-nachttischen\/#primaryimage"},"thumbnailUrl":"https:\/\/radis.ee\/wp-content\/uploads\/2022\/09\/Radis_Furniture_bed-MASTER_Oak_veneered_plywood_interior_white_background_4.webp","datePublished":"2022-09-13T07:00:22+00:00","dateModified":"2025-12-08T18:30:15+00:00","breadcrumb":{"@id":"https:\/\/radis.ee\/de\/bett-master-mit-integrierten-nachttischen\/#breadcrumb"},"inLanguage":"de","potentialAction":[{"@type":"ReadAction","target":["https:\/\/radis.ee\/de\/bett-master-mit-integrierten-nachttischen\/"]}]},{"@type":"ImageObject","inLanguage":"de","@id":"https:\/\/radis.ee\/de\/bett-master-mit-integrierten-nachttischen\/#primaryimage","url":"https:\/\/radis.ee\/wp-content\/uploads\/2022\/09\/Radis_Furniture_bed-MASTER_Oak_veneered_plywood_interior_white_background_4.webp","contentUrl":"https:\/\/radis.ee\/wp-content\/uploads\/2022\/09\/Radis_Furniture_bed-MASTER_Oak_veneered_plywood_interior_white_background_4.webp","width":1050,"height":1814,"caption":"Radis Furniture bed MASTER Oak veneered plywood"},{"@type":"BreadcrumbList","@id":"https:\/\/radis.ee\/de\/bett-master-mit-integrierten-nachttischen\/#breadcrumb","itemListElement":[{"@type":"ListItem","position":1,"name":"Home","item":"https:\/\/radis.ee\/"},{"@type":"ListItem","position":2,"name":"Produkte","item":"https:\/\/radis.ee\/de\/produkte\/"},{"@type":"ListItem","position":3,"name":"Bett MASTER mit integrierten Nachttischen"}]},{"@type":"WebSite","@id":"https:\/\/radis.ee\/#website","url":"https:\/\/radis.ee\/","name":"Radis","description":"Nordic design furniture, environmentally friendly and sustainable.","publisher":{"@id":"https:\/\/radis.ee\/#organization"},"potentialAction":[{"@type":"SearchAction","target":{"@type":"EntryPoint","urlTemplate":"https:\/\/radis.ee\/?s={search_term_string}"},"query-input":{"@type":"PropertyValueSpecification","valueRequired":true,"valueName":"search_term_string"}}],"inLanguage":"de"},{"@type":"Organization","@id":"https:\/\/radis.ee\/#organization","name":"Radis O\u00dc","url":"https:\/\/radis.ee\/","logo":{"@type":"ImageObject","inLanguage":"de","@id":"https:\/\/radis.ee\/#\/schema\/logo\/image\/","url":"https:\/\/radis.ee\/wp-content\/uploads\/2020\/10\/Radis-logo.png","contentUrl":"https:\/\/radis.ee\/wp-content\/uploads\/2020\/10\/Radis-logo.png","width":300,"height":63,"caption":"Radis O\u00dc"},"image":{"@id":"https:\/\/radis.ee\/#\/schema\/logo\/image\/"},"sameAs":["https:\/\/www.facebook.com\/radisfurniture\/"]}]}},"_links":{"self":[{"href":"https:\/\/radis.ee\/de\/wp-json\/wp\/v2\/product\/2688","targetHints":{"allow":["GET"]}}],"collection":[{"href":"https:\/\/radis.ee\/de\/wp-json\/wp\/v2\/product"}],"about":[{"href":"https:\/\/radis.ee\/de\/wp-json\/wp\/v2\/types\/product"}],"replies":[{"embeddable":true,"href":"https:\/\/radis.ee\/de\/wp-json\/wp\/v2\/comments?post=2688"}],"wp:featuredmedia":[{"embeddable":true,"href":"https:\/\/radis.ee\/de\/wp-json\/wp\/v2\/media\/30736"}],"wp:attachment":[{"href":"https:\/\/radis.ee\/de\/wp-json\/wp\/v2\/media?parent=2688"}],"wp:term":[{"taxonomy":"product_brand","embeddable":true,"href":"https:\/\/radis.ee\/de\/wp-json\/wp\/v2\/product_brand?post=2688"},{"taxonomy":"product_cat","embeddable":true,"href":"https:\/\/radis.ee\/de\/wp-json\/wp\/v2\/product_cat?post=2688"},{"taxonomy":"product_tag","embeddable":true,"href":"https:\/\/radis.ee\/de\/wp-json\/wp\/v2\/product_tag?post=2688"}],"curies":[{"name":"wp","href":"https:\/\/api.w.org\/{rel}","templated":true}]}}