{"id":26882,"date":"2022-09-10T11:01:09","date_gmt":"2022-09-10T08:01:09","guid":{"rendered":"https:\/\/radis.ee\/?post_type=product&#038;p=26882"},"modified":"2025-05-30T11:08:32","modified_gmt":"2025-05-30T08:08:32","slug":"vertikales-schrankbett-grid-mit-regal-und-sofa","status":"publish","type":"product","link":"https:\/\/radis.ee\/de\/vertikales-schrankbett-grid-mit-regal-und-sofa\/","title":{"rendered":"Vertikales Schrankbett GRID mit Regal und Sofa"},"content":{"rendered":"<p>Die beliebte GRID-Serie wurde um ein vertikales Versteckbett erweitert, zu dem wir auch ein Regal mit T\u00fcren und ein Sofa anbieten. Ein Schrankbett ist eine ideale L\u00f6sung, wenn wenig Platz vorhanden ist, Sie aber nicht auf Komfort und Qualit\u00e4t des Bettes verzichten m\u00f6chten.<\/p>\n<p>Intelligente und platzsparende L\u00f6sungen, die Ihr Wohnen funktionaler und lebendiger machen. Mit einer leichten Bewegung k\u00f6nnen Sie das umwandelbare Klappsofa verstecken und gleichzeitig das Bett \u00f6ffnen. Vor dem \u00d6ffnen des Bettes einfach die R\u00fcckenpolster abnehmen und die Sitzfl\u00e4che in den Rahmen schieben.<\/p>\n<p>Wir verwenden langlebige Mechanismen aus Italien, dank derer sich das Bett einfach und sicher \u00f6ffnen l\u00e4sst. Das \u00d6ffnen und Schlie\u00dfen wird durch Sto\u00dfd\u00e4mpfer unterst\u00fctzt, mit einer garantierten Funktion von 10.000 Zyklen. Das Murphy-Bett ist mit Befestigungsgurten ausgestattet, die das Bettzeug und die Matratze an Ort und Stelle halten. Die Matratze ist nicht im Set enthalten, die Ma\u00dfe der passenden Matratze betragen 120-140-160x200x18 cm, bei einem maximalen Gewicht von 28 kg. Die H\u00f6he der Matratzenbasis des Bettes betr\u00e4gt 34 cm \u00fcber dem Boden. Orthop\u00e4discher Hobel mit Latten aus Birkensperrholz, die mittels spezieller ger\u00e4uscharmer H\u00fcllen in das Bettrahmenrohr eingelegt werden.<\/p>\n<p>Hergestellt aus starkem 18-mm-Koskisen-Hochdrucklaminat-HPL-Birkensperrholz oder vollst\u00e4ndig aus \u00f6lgewachstem Eichenfurniersperrholz. Bettmechanismen aus grau pulverbeschichtetem Metall.<\/p>\n<p>\u00dcber 10.000 Zyklen getestete Gasfedern mit \u00fcbergro\u00dfem Schaft und Zamak-Verbindung f\u00fcr eine einfache Montage. Wie einfach die Bedienung des Bettmechanismus ist, sehen Sie in <a href=\"https:\/\/www.youtube.com\/watch?v=6x-7ctNKj9g\"><strong>diesem Video.<\/strong><\/a><\/p>\n<p>Der Sofastoff ist der hochwertige und langlebige Nevoso Lido \/Lido Trend (martindale 115000), erh\u00e4ltlich in mehreren Farben. Der Stoff ist mit Fleece beschichtet, was f\u00fcr ein besonders weiches und angenehmes Tragegef\u00fchl sowie eine sehr gute Verarbeitung der N\u00e4hte sorgt. Das Sofagestell besteht aus Birkensperrholz und hochwertigem Holz. Zick-Zack-Federn am Sitzrahmen. Sitzkissen aus HR-35 kg Schaumstoff und R\u00fcckenkissen HR-25 kg Schaumstoff (HR ist langlebiger und feuerfester Schaumstoff). Sitzkissen sind geschlossen, R\u00fcckenkissen sind offen. Die Beine des Sofas sind aus Kunststoff, 35 mm hoch.<\/p>\n<p>Kontaktieren Sie uns gerne f\u00fcr Ihre Sonderanfertigungsw\u00fcnsche!<\/p>\n<p>Die Sitzh\u00f6he des Sofas betr\u00e4gt 46 cm, die H\u00f6he der R\u00fcckenlehne vom Boden betr\u00e4gt 88 cm, die Gesamttiefe des Sofas betr\u00e4gt 84 cm, die Sitzbreite betr\u00e4gt 176 cm bei einem 160 cm breiten Bett. Auf beiden Seiten des Bettes befinden sich 37 cm breite Regale. Die Gesamtbreite der Matratze betr\u00e4gt 160 cm + 88 cm.<\/p>\n<p>Sollten Sie eine schmalere Matratze als 160 cm w\u00fcnschen, geben Sie dies bitte bei der Bestellung an. Sie k\u00f6nnen Ihrer Bestellung auch die entsprechende Stoffnummer von Linoso Lido\/Lido Trend hinzuf\u00fcgen. F\u00fcr das Schlafsofa mit Eichenfurnier kommt der Stoffschirm Lido Trend 102 Pacific 1017521 zum Einsatz. Auf dem Schlafsofa aus wei\u00dfem HPL-Sperrholz kommt der Stoffschirm Lido Trend 98 Glass 1017512 zum Einsatz.<\/p>\n<p>Regalschranktiefe 40 cm. Auf beiden Seiten des Bettes befinden sich 37 cm breite Regale.<\/p>\n<p>Kontaktieren Sie uns gerne f\u00fcr Ihre Sonderanfertigungsw\u00fcnsche!<\/p>\n","protected":false},"excerpt":{"rendered":"<p>Die beliebte GRID-Serie wurde um ein vertikales Versteckbett erweitert, zu dem wir auch ein Regal mit T\u00fcren und ein Sofa anbieten. Ein Schrankbett ist eine ideale L\u00f6sung, wenn wenig Platz vorhanden ist, Sie aber nicht auf Komfort und Qualit\u00e4t des Bettes verzichten m\u00f6chten. Intelligente und platzsparende L\u00f6sungen, die Ihr Wohnen funktionaler und lebendiger machen. Mit&#8230;<\/p>\n","protected":false},"featured_media":26993,"comment_status":"open","ping_status":"closed","template":"","meta":{"_acf_changed":false},"product_brand":[],"product_cat":[113],"product_tag":[],"class_list":{"0":"post-26882","1":"product","2":"type-product","3":"status-publish","4":"has-post-thumbnail","6":"product_cat-voodid","8":"first","9":"instock","10":"taxable","11":"shipping-taxable","12":"purchasable","13":"product-type-variable","14":"has-default-attributes"},"acf":[],"yoast_head":"<!-- This site is optimized with the Yoast SEO plugin v27.4 - https:\/\/yoast.com\/product\/yoast-seo-wordpress\/ -->\n<title>Vertikales Schrankbett GRID mit Regal und Sofa - Radis<\/title>\n<meta name=\"robots\" content=\"index, follow, max-snippet:-1, max-image-preview:large, max-video-preview:-1\" \/>\n<link rel=\"canonical\" href=\"https:\/\/radis.ee\/vertikaalne-kappvoodi-grid-riiuli-ja-diivaniga\/\" \/>\n<meta property=\"og:locale\" content=\"de_DE\" \/>\n<meta property=\"og:type\" content=\"article\" \/>\n<meta property=\"og:title\" content=\"Vertikales Schrankbett GRID mit Regal und Sofa - Radis\" \/>\n<meta property=\"og:description\" content=\"Die beliebte GRID-Serie wurde um ein vertikales Versteckbett erweitert, zu dem wir auch ein Regal mit T\u00fcren und ein Sofa anbieten. Ein Schrankbett ist eine ideale L\u00f6sung, wenn wenig Platz vorhanden ist, Sie aber nicht auf Komfort und Qualit\u00e4t des Bettes verzichten m\u00f6chten. Intelligente und platzsparende L\u00f6sungen, die Ihr Wohnen funktionaler und lebendiger machen. Mit...\" \/>\n<meta property=\"og:url\" content=\"https:\/\/radis.ee\/vertikaalne-kappvoodi-grid-riiuli-ja-diivaniga\/\" \/>\n<meta property=\"og:site_name\" content=\"Radis\" \/>\n<meta property=\"article:publisher\" content=\"https:\/\/www.facebook.com\/radisfurniture\/\" \/>\n<meta property=\"article:modified_time\" content=\"2025-05-30T08:08:32+00:00\" \/>\n<meta property=\"og:image\" content=\"https:\/\/radis.ee\/wp-content\/uploads\/2024\/05\/RADIS_vertical_hideaway_bed_with_shelf_and-sofra_Oak_veneered_plywood_white_background.jpg\" \/>\n\t<meta property=\"og:image:width\" content=\"940\" \/>\n\t<meta property=\"og:image:height\" content=\"1120\" \/>\n\t<meta property=\"og:image:type\" content=\"image\/jpeg\" \/>\n<meta name=\"twitter:card\" content=\"summary_large_image\" \/>\n<meta name=\"twitter:label1\" content=\"Gesch\u00e4tzte Lesezeit\" \/>\n\t<meta name=\"twitter:data1\" content=\"2\u00a0Minuten\" \/>\n<script type=\"application\/ld+json\" class=\"yoast-schema-graph\">{\"@context\":\"https:\\\/\\\/schema.org\",\"@graph\":[{\"@type\":\"WebPage\",\"@id\":\"https:\\\/\\\/radis.ee\\\/vertikaalne-kappvoodi-grid-riiuli-ja-diivaniga\\\/\",\"url\":\"https:\\\/\\\/radis.ee\\\/vertikaalne-kappvoodi-grid-riiuli-ja-diivaniga\\\/\",\"name\":\"Vertikales Schrankbett GRID mit Regal und Sofa - Radis\",\"isPartOf\":{\"@id\":\"https:\\\/\\\/radis.ee\\\/#website\"},\"primaryImageOfPage\":{\"@id\":\"https:\\\/\\\/radis.ee\\\/vertikaalne-kappvoodi-grid-riiuli-ja-diivaniga\\\/#primaryimage\"},\"image\":{\"@id\":\"https:\\\/\\\/radis.ee\\\/vertikaalne-kappvoodi-grid-riiuli-ja-diivaniga\\\/#primaryimage\"},\"thumbnailUrl\":\"https:\\\/\\\/radis.ee\\\/wp-content\\\/uploads\\\/2024\\\/05\\\/RADIS_vertical_hideaway_bed_with_shelf_and-sofra_Oak_veneered_plywood_white_background.jpg\",\"datePublished\":\"2022-09-10T08:01:09+00:00\",\"dateModified\":\"2025-05-30T08:08:32+00:00\",\"breadcrumb\":{\"@id\":\"https:\\\/\\\/radis.ee\\\/vertikaalne-kappvoodi-grid-riiuli-ja-diivaniga\\\/#breadcrumb\"},\"inLanguage\":\"de\",\"potentialAction\":[{\"@type\":\"ReadAction\",\"target\":[\"https:\\\/\\\/radis.ee\\\/vertikaalne-kappvoodi-grid-riiuli-ja-diivaniga\\\/\"]}]},{\"@type\":\"ImageObject\",\"inLanguage\":\"de\",\"@id\":\"https:\\\/\\\/radis.ee\\\/vertikaalne-kappvoodi-grid-riiuli-ja-diivaniga\\\/#primaryimage\",\"url\":\"https:\\\/\\\/radis.ee\\\/wp-content\\\/uploads\\\/2024\\\/05\\\/RADIS_vertical_hideaway_bed_with_shelf_and-sofra_Oak_veneered_plywood_white_background.jpg\",\"contentUrl\":\"https:\\\/\\\/radis.ee\\\/wp-content\\\/uploads\\\/2024\\\/05\\\/RADIS_vertical_hideaway_bed_with_shelf_and-sofra_Oak_veneered_plywood_white_background.jpg\",\"width\":940,\"height\":1120,\"caption\":\"Radis vertical hideaway bed with shelf and sofa Oak veneered plywood\"},{\"@type\":\"BreadcrumbList\",\"@id\":\"https:\\\/\\\/radis.ee\\\/vertikaalne-kappvoodi-grid-riiuli-ja-diivaniga\\\/#breadcrumb\",\"itemListElement\":[{\"@type\":\"ListItem\",\"position\":1,\"name\":\"Home\",\"item\":\"https:\\\/\\\/radis.ee\\\/\"},{\"@type\":\"ListItem\",\"position\":2,\"name\":\"Produkte\",\"item\":\"https:\\\/\\\/radis.ee\\\/de\\\/produkte\\\/\"},{\"@type\":\"ListItem\",\"position\":3,\"name\":\"Vertikales Schrankbett GRID mit Regal und Sofa\"}]},{\"@type\":\"WebSite\",\"@id\":\"https:\\\/\\\/radis.ee\\\/#website\",\"url\":\"https:\\\/\\\/radis.ee\\\/\",\"name\":\"Radis\",\"description\":\"Nordic design furniture, environmentally friendly and sustainable.\",\"publisher\":{\"@id\":\"https:\\\/\\\/radis.ee\\\/#organization\"},\"potentialAction\":[{\"@type\":\"SearchAction\",\"target\":{\"@type\":\"EntryPoint\",\"urlTemplate\":\"https:\\\/\\\/radis.ee\\\/?s={search_term_string}\"},\"query-input\":{\"@type\":\"PropertyValueSpecification\",\"valueRequired\":true,\"valueName\":\"search_term_string\"}}],\"inLanguage\":\"de\"},{\"@type\":\"Organization\",\"@id\":\"https:\\\/\\\/radis.ee\\\/#organization\",\"name\":\"Radis O\u00dc\",\"url\":\"https:\\\/\\\/radis.ee\\\/\",\"logo\":{\"@type\":\"ImageObject\",\"inLanguage\":\"de\",\"@id\":\"https:\\\/\\\/radis.ee\\\/#\\\/schema\\\/logo\\\/image\\\/\",\"url\":\"https:\\\/\\\/radis.ee\\\/wp-content\\\/uploads\\\/2020\\\/10\\\/Radis-logo.png\",\"contentUrl\":\"https:\\\/\\\/radis.ee\\\/wp-content\\\/uploads\\\/2020\\\/10\\\/Radis-logo.png\",\"width\":300,\"height\":63,\"caption\":\"Radis O\u00dc\"},\"image\":{\"@id\":\"https:\\\/\\\/radis.ee\\\/#\\\/schema\\\/logo\\\/image\\\/\"},\"sameAs\":[\"https:\\\/\\\/www.facebook.com\\\/radisfurniture\\\/\"]}]}<\/script>\n<!-- \/ Yoast SEO plugin. -->","yoast_head_json":{"title":"Vertikales Schrankbett GRID mit Regal und Sofa - Radis","robots":{"index":"index","follow":"follow","max-snippet":"max-snippet:-1","max-image-preview":"max-image-preview:large","max-video-preview":"max-video-preview:-1"},"canonical":"https:\/\/radis.ee\/vertikaalne-kappvoodi-grid-riiuli-ja-diivaniga\/","og_locale":"de_DE","og_type":"article","og_title":"Vertikales Schrankbett GRID mit Regal und Sofa - Radis","og_description":"Die beliebte GRID-Serie wurde um ein vertikales Versteckbett erweitert, zu dem wir auch ein Regal mit T\u00fcren und ein Sofa anbieten. Ein Schrankbett ist eine ideale L\u00f6sung, wenn wenig Platz vorhanden ist, Sie aber nicht auf Komfort und Qualit\u00e4t des Bettes verzichten m\u00f6chten. Intelligente und platzsparende L\u00f6sungen, die Ihr Wohnen funktionaler und lebendiger machen. Mit...","og_url":"https:\/\/radis.ee\/vertikaalne-kappvoodi-grid-riiuli-ja-diivaniga\/","og_site_name":"Radis","article_publisher":"https:\/\/www.facebook.com\/radisfurniture\/","article_modified_time":"2025-05-30T08:08:32+00:00","og_image":[{"width":940,"height":1120,"url":"https:\/\/radis.ee\/wp-content\/uploads\/2024\/05\/RADIS_vertical_hideaway_bed_with_shelf_and-sofra_Oak_veneered_plywood_white_background.jpg","type":"image\/jpeg"}],"twitter_card":"summary_large_image","twitter_misc":{"Gesch\u00e4tzte Lesezeit":"2\u00a0Minuten"},"schema":{"@context":"https:\/\/schema.org","@graph":[{"@type":"WebPage","@id":"https:\/\/radis.ee\/vertikaalne-kappvoodi-grid-riiuli-ja-diivaniga\/","url":"https:\/\/radis.ee\/vertikaalne-kappvoodi-grid-riiuli-ja-diivaniga\/","name":"Vertikales Schrankbett GRID mit Regal und Sofa - Radis","isPartOf":{"@id":"https:\/\/radis.ee\/#website"},"primaryImageOfPage":{"@id":"https:\/\/radis.ee\/vertikaalne-kappvoodi-grid-riiuli-ja-diivaniga\/#primaryimage"},"image":{"@id":"https:\/\/radis.ee\/vertikaalne-kappvoodi-grid-riiuli-ja-diivaniga\/#primaryimage"},"thumbnailUrl":"https:\/\/radis.ee\/wp-content\/uploads\/2024\/05\/RADIS_vertical_hideaway_bed_with_shelf_and-sofra_Oak_veneered_plywood_white_background.jpg","datePublished":"2022-09-10T08:01:09+00:00","dateModified":"2025-05-30T08:08:32+00:00","breadcrumb":{"@id":"https:\/\/radis.ee\/vertikaalne-kappvoodi-grid-riiuli-ja-diivaniga\/#breadcrumb"},"inLanguage":"de","potentialAction":[{"@type":"ReadAction","target":["https:\/\/radis.ee\/vertikaalne-kappvoodi-grid-riiuli-ja-diivaniga\/"]}]},{"@type":"ImageObject","inLanguage":"de","@id":"https:\/\/radis.ee\/vertikaalne-kappvoodi-grid-riiuli-ja-diivaniga\/#primaryimage","url":"https:\/\/radis.ee\/wp-content\/uploads\/2024\/05\/RADIS_vertical_hideaway_bed_with_shelf_and-sofra_Oak_veneered_plywood_white_background.jpg","contentUrl":"https:\/\/radis.ee\/wp-content\/uploads\/2024\/05\/RADIS_vertical_hideaway_bed_with_shelf_and-sofra_Oak_veneered_plywood_white_background.jpg","width":940,"height":1120,"caption":"Radis vertical hideaway bed with shelf and sofa Oak veneered plywood"},{"@type":"BreadcrumbList","@id":"https:\/\/radis.ee\/vertikaalne-kappvoodi-grid-riiuli-ja-diivaniga\/#breadcrumb","itemListElement":[{"@type":"ListItem","position":1,"name":"Home","item":"https:\/\/radis.ee\/"},{"@type":"ListItem","position":2,"name":"Produkte","item":"https:\/\/radis.ee\/de\/produkte\/"},{"@type":"ListItem","position":3,"name":"Vertikales Schrankbett GRID mit Regal und Sofa"}]},{"@type":"WebSite","@id":"https:\/\/radis.ee\/#website","url":"https:\/\/radis.ee\/","name":"Radis","description":"Nordic design furniture, environmentally friendly and sustainable.","publisher":{"@id":"https:\/\/radis.ee\/#organization"},"potentialAction":[{"@type":"SearchAction","target":{"@type":"EntryPoint","urlTemplate":"https:\/\/radis.ee\/?s={search_term_string}"},"query-input":{"@type":"PropertyValueSpecification","valueRequired":true,"valueName":"search_term_string"}}],"inLanguage":"de"},{"@type":"Organization","@id":"https:\/\/radis.ee\/#organization","name":"Radis O\u00dc","url":"https:\/\/radis.ee\/","logo":{"@type":"ImageObject","inLanguage":"de","@id":"https:\/\/radis.ee\/#\/schema\/logo\/image\/","url":"https:\/\/radis.ee\/wp-content\/uploads\/2020\/10\/Radis-logo.png","contentUrl":"https:\/\/radis.ee\/wp-content\/uploads\/2020\/10\/Radis-logo.png","width":300,"height":63,"caption":"Radis O\u00dc"},"image":{"@id":"https:\/\/radis.ee\/#\/schema\/logo\/image\/"},"sameAs":["https:\/\/www.facebook.com\/radisfurniture\/"]}]}},"_links":{"self":[{"href":"https:\/\/radis.ee\/de\/wp-json\/wp\/v2\/product\/26882","targetHints":{"allow":["GET"]}}],"collection":[{"href":"https:\/\/radis.ee\/de\/wp-json\/wp\/v2\/product"}],"about":[{"href":"https:\/\/radis.ee\/de\/wp-json\/wp\/v2\/types\/product"}],"replies":[{"embeddable":true,"href":"https:\/\/radis.ee\/de\/wp-json\/wp\/v2\/comments?post=26882"}],"wp:featuredmedia":[{"embeddable":true,"href":"https:\/\/radis.ee\/de\/wp-json\/wp\/v2\/media\/26993"}],"wp:attachment":[{"href":"https:\/\/radis.ee\/de\/wp-json\/wp\/v2\/media?parent=26882"}],"wp:term":[{"taxonomy":"product_brand","embeddable":true,"href":"https:\/\/radis.ee\/de\/wp-json\/wp\/v2\/product_brand?post=26882"},{"taxonomy":"product_cat","embeddable":true,"href":"https:\/\/radis.ee\/de\/wp-json\/wp\/v2\/product_cat?post=26882"},{"taxonomy":"product_tag","embeddable":true,"href":"https:\/\/radis.ee\/de\/wp-json\/wp\/v2\/product_tag?post=26882"}],"curies":[{"name":"wp","href":"https:\/\/api.w.org\/{rel}","templated":true}]}}