{"id":2702,"date":"2020-07-27T23:27:06","date_gmt":"2020-09-27T20:27:06","guid":{"rendered":"https:\/\/radis.ee\/unkategorisiert\/schubladenbett\/"},"modified":"2020-10-16T23:22:01","modified_gmt":"2020-10-16T20:22:01","slug":"schubladenbett","status":"publish","type":"product","link":"https:\/\/radis.ee\/de\/schubladenbett\/","title":{"rendered":"Schubladenbett"},"content":{"rendered":"<p>Ein lustiges Multibett, wo sich sogar die Kinder freudig zum Mittagsschlaf hinlegen. Das Schubladenbett bringt farbenfrohe Tr\u00e4ume in Familien oder Kinderg\u00e4rten. Die Betten lassen sich auf den hinteren M\u00f6belr\u00e4dern ausziehen.<\/p>\n<p>3 Bett Version die passenden Matratzen sind 70&#215;140 \/ 145\/150 cm, Bett Gesamth\u00f6he 94 cm. Sie k\u00f6nnen auch 2 Bett-Boxen unter dem unteren Bett bestellen.<\/p>\n<p>Alle Produkte sind aus Birkensperrholz hergestellt und \u00f6lgewachst.\u00a0Inklusive Bettw\u00e4sche.<\/p>\n","protected":false},"excerpt":{"rendered":"<p>Ein lustiges Multibett, wo sich sogar die Kinder freudig zum Mittagsschlaf hinlegen. Das Schubladenbett bringt farbenfrohe Tr\u00e4ume in Familien oder Kinderg\u00e4rten. Die Betten lassen sich auf den hinteren M\u00f6belr\u00e4dern ausziehen. 3 Bett Version die passenden Matratzen sind 70&#215;140 \/ 145\/150 cm, Bett Gesamth\u00f6he 94 cm. Sie k\u00f6nnen auch 2 Bett-Boxen unter dem unteren Bett bestellen&#8230;.<\/p>\n","protected":false},"featured_media":4633,"comment_status":"open","ping_status":"closed","template":"","meta":{"_acf_changed":false},"product_brand":[],"product_cat":[113],"product_tag":[],"class_list":{"0":"post-2702","1":"product","2":"type-product","3":"status-publish","4":"has-post-thumbnail","6":"product_cat-voodid","8":"first","9":"instock","10":"taxable","11":"shipping-taxable","12":"purchasable","13":"product-type-simple"},"acf":[],"yoast_head":"<!-- This site is optimized with the Yoast SEO plugin v27.4 - https:\/\/yoast.com\/product\/yoast-seo-wordpress\/ -->\n<title>Schubladenbett - Radis<\/title>\n<meta name=\"robots\" content=\"index, follow, max-snippet:-1, max-image-preview:large, max-video-preview:-1\" \/>\n<link rel=\"canonical\" href=\"https:\/\/radis.ee\/sahtelvoodi\/\" \/>\n<meta property=\"og:locale\" content=\"de_DE\" \/>\n<meta property=\"og:type\" content=\"article\" \/>\n<meta property=\"og:title\" content=\"Schubladenbett - Radis\" \/>\n<meta property=\"og:description\" content=\"Ein lustiges Multibett, wo sich sogar die Kinder freudig zum Mittagsschlaf hinlegen. Das Schubladenbett bringt farbenfrohe Tr\u00e4ume in Familien oder Kinderg\u00e4rten. Die Betten lassen sich auf den hinteren M\u00f6belr\u00e4dern ausziehen. 3 Bett Version die passenden Matratzen sind 70&#215;140 \/ 145\/150 cm, Bett Gesamth\u00f6he 94 cm. Sie k\u00f6nnen auch 2 Bett-Boxen unter dem unteren Bett bestellen....\" \/>\n<meta property=\"og:url\" content=\"https:\/\/radis.ee\/sahtelvoodi\/\" \/>\n<meta property=\"og:site_name\" content=\"Radis\" \/>\n<meta property=\"article:publisher\" content=\"https:\/\/www.facebook.com\/radisfurniture\/\" \/>\n<meta property=\"article:modified_time\" content=\"2020-10-16T20:22:01+00:00\" \/>\n<meta property=\"og:image\" content=\"https:\/\/radis.ee\/wp-content\/uploads\/2020\/09\/PULL-OUT_BED_NATURAL-1.jpg\" \/>\n\t<meta property=\"og:image:width\" content=\"1868\" \/>\n\t<meta property=\"og:image:height\" content=\"1868\" \/>\n\t<meta property=\"og:image:type\" content=\"image\/jpeg\" \/>\n<meta name=\"twitter:card\" content=\"summary_large_image\" \/>\n<script type=\"application\/ld+json\" class=\"yoast-schema-graph\">{\"@context\":\"https:\\\/\\\/schema.org\",\"@graph\":[{\"@type\":\"WebPage\",\"@id\":\"https:\\\/\\\/radis.ee\\\/sahtelvoodi\\\/\",\"url\":\"https:\\\/\\\/radis.ee\\\/sahtelvoodi\\\/\",\"name\":\"Schubladenbett - Radis\",\"isPartOf\":{\"@id\":\"https:\\\/\\\/radis.ee\\\/#website\"},\"primaryImageOfPage\":{\"@id\":\"https:\\\/\\\/radis.ee\\\/sahtelvoodi\\\/#primaryimage\"},\"image\":{\"@id\":\"https:\\\/\\\/radis.ee\\\/sahtelvoodi\\\/#primaryimage\"},\"thumbnailUrl\":\"https:\\\/\\\/radis.ee\\\/wp-content\\\/uploads\\\/2020\\\/09\\\/PULL-OUT_BED_NATURAL-1.jpg\",\"datePublished\":\"2020-09-27T20:27:06+00:00\",\"dateModified\":\"2020-10-16T20:22:01+00:00\",\"breadcrumb\":{\"@id\":\"https:\\\/\\\/radis.ee\\\/sahtelvoodi\\\/#breadcrumb\"},\"inLanguage\":\"de\",\"potentialAction\":[{\"@type\":\"ReadAction\",\"target\":[\"https:\\\/\\\/radis.ee\\\/sahtelvoodi\\\/\"]}]},{\"@type\":\"ImageObject\",\"inLanguage\":\"de\",\"@id\":\"https:\\\/\\\/radis.ee\\\/sahtelvoodi\\\/#primaryimage\",\"url\":\"https:\\\/\\\/radis.ee\\\/wp-content\\\/uploads\\\/2020\\\/09\\\/PULL-OUT_BED_NATURAL-1.jpg\",\"contentUrl\":\"https:\\\/\\\/radis.ee\\\/wp-content\\\/uploads\\\/2020\\\/09\\\/PULL-OUT_BED_NATURAL-1.jpg\",\"width\":1868,\"height\":1868},{\"@type\":\"BreadcrumbList\",\"@id\":\"https:\\\/\\\/radis.ee\\\/sahtelvoodi\\\/#breadcrumb\",\"itemListElement\":[{\"@type\":\"ListItem\",\"position\":1,\"name\":\"Home\",\"item\":\"https:\\\/\\\/radis.ee\\\/\"},{\"@type\":\"ListItem\",\"position\":2,\"name\":\"Produkte\",\"item\":\"https:\\\/\\\/radis.ee\\\/de\\\/produkte\\\/\"},{\"@type\":\"ListItem\",\"position\":3,\"name\":\"Schubladenbett\"}]},{\"@type\":\"WebSite\",\"@id\":\"https:\\\/\\\/radis.ee\\\/#website\",\"url\":\"https:\\\/\\\/radis.ee\\\/\",\"name\":\"Radis\",\"description\":\"Nordic design furniture, environmentally friendly and sustainable.\",\"publisher\":{\"@id\":\"https:\\\/\\\/radis.ee\\\/#organization\"},\"potentialAction\":[{\"@type\":\"SearchAction\",\"target\":{\"@type\":\"EntryPoint\",\"urlTemplate\":\"https:\\\/\\\/radis.ee\\\/?s={search_term_string}\"},\"query-input\":{\"@type\":\"PropertyValueSpecification\",\"valueRequired\":true,\"valueName\":\"search_term_string\"}}],\"inLanguage\":\"de\"},{\"@type\":\"Organization\",\"@id\":\"https:\\\/\\\/radis.ee\\\/#organization\",\"name\":\"Radis O\u00dc\",\"url\":\"https:\\\/\\\/radis.ee\\\/\",\"logo\":{\"@type\":\"ImageObject\",\"inLanguage\":\"de\",\"@id\":\"https:\\\/\\\/radis.ee\\\/#\\\/schema\\\/logo\\\/image\\\/\",\"url\":\"https:\\\/\\\/radis.ee\\\/wp-content\\\/uploads\\\/2020\\\/10\\\/Radis-logo.png\",\"contentUrl\":\"https:\\\/\\\/radis.ee\\\/wp-content\\\/uploads\\\/2020\\\/10\\\/Radis-logo.png\",\"width\":300,\"height\":63,\"caption\":\"Radis O\u00dc\"},\"image\":{\"@id\":\"https:\\\/\\\/radis.ee\\\/#\\\/schema\\\/logo\\\/image\\\/\"},\"sameAs\":[\"https:\\\/\\\/www.facebook.com\\\/radisfurniture\\\/\"]}]}<\/script>\n<!-- \/ Yoast SEO plugin. -->","yoast_head_json":{"title":"Schubladenbett - Radis","robots":{"index":"index","follow":"follow","max-snippet":"max-snippet:-1","max-image-preview":"max-image-preview:large","max-video-preview":"max-video-preview:-1"},"canonical":"https:\/\/radis.ee\/sahtelvoodi\/","og_locale":"de_DE","og_type":"article","og_title":"Schubladenbett - Radis","og_description":"Ein lustiges Multibett, wo sich sogar die Kinder freudig zum Mittagsschlaf hinlegen. Das Schubladenbett bringt farbenfrohe Tr\u00e4ume in Familien oder Kinderg\u00e4rten. Die Betten lassen sich auf den hinteren M\u00f6belr\u00e4dern ausziehen. 3 Bett Version die passenden Matratzen sind 70&#215;140 \/ 145\/150 cm, Bett Gesamth\u00f6he 94 cm. Sie k\u00f6nnen auch 2 Bett-Boxen unter dem unteren Bett bestellen....","og_url":"https:\/\/radis.ee\/sahtelvoodi\/","og_site_name":"Radis","article_publisher":"https:\/\/www.facebook.com\/radisfurniture\/","article_modified_time":"2020-10-16T20:22:01+00:00","og_image":[{"width":1868,"height":1868,"url":"https:\/\/radis.ee\/wp-content\/uploads\/2020\/09\/PULL-OUT_BED_NATURAL-1.jpg","type":"image\/jpeg"}],"twitter_card":"summary_large_image","schema":{"@context":"https:\/\/schema.org","@graph":[{"@type":"WebPage","@id":"https:\/\/radis.ee\/sahtelvoodi\/","url":"https:\/\/radis.ee\/sahtelvoodi\/","name":"Schubladenbett - Radis","isPartOf":{"@id":"https:\/\/radis.ee\/#website"},"primaryImageOfPage":{"@id":"https:\/\/radis.ee\/sahtelvoodi\/#primaryimage"},"image":{"@id":"https:\/\/radis.ee\/sahtelvoodi\/#primaryimage"},"thumbnailUrl":"https:\/\/radis.ee\/wp-content\/uploads\/2020\/09\/PULL-OUT_BED_NATURAL-1.jpg","datePublished":"2020-09-27T20:27:06+00:00","dateModified":"2020-10-16T20:22:01+00:00","breadcrumb":{"@id":"https:\/\/radis.ee\/sahtelvoodi\/#breadcrumb"},"inLanguage":"de","potentialAction":[{"@type":"ReadAction","target":["https:\/\/radis.ee\/sahtelvoodi\/"]}]},{"@type":"ImageObject","inLanguage":"de","@id":"https:\/\/radis.ee\/sahtelvoodi\/#primaryimage","url":"https:\/\/radis.ee\/wp-content\/uploads\/2020\/09\/PULL-OUT_BED_NATURAL-1.jpg","contentUrl":"https:\/\/radis.ee\/wp-content\/uploads\/2020\/09\/PULL-OUT_BED_NATURAL-1.jpg","width":1868,"height":1868},{"@type":"BreadcrumbList","@id":"https:\/\/radis.ee\/sahtelvoodi\/#breadcrumb","itemListElement":[{"@type":"ListItem","position":1,"name":"Home","item":"https:\/\/radis.ee\/"},{"@type":"ListItem","position":2,"name":"Produkte","item":"https:\/\/radis.ee\/de\/produkte\/"},{"@type":"ListItem","position":3,"name":"Schubladenbett"}]},{"@type":"WebSite","@id":"https:\/\/radis.ee\/#website","url":"https:\/\/radis.ee\/","name":"Radis","description":"Nordic design furniture, environmentally friendly and sustainable.","publisher":{"@id":"https:\/\/radis.ee\/#organization"},"potentialAction":[{"@type":"SearchAction","target":{"@type":"EntryPoint","urlTemplate":"https:\/\/radis.ee\/?s={search_term_string}"},"query-input":{"@type":"PropertyValueSpecification","valueRequired":true,"valueName":"search_term_string"}}],"inLanguage":"de"},{"@type":"Organization","@id":"https:\/\/radis.ee\/#organization","name":"Radis O\u00dc","url":"https:\/\/radis.ee\/","logo":{"@type":"ImageObject","inLanguage":"de","@id":"https:\/\/radis.ee\/#\/schema\/logo\/image\/","url":"https:\/\/radis.ee\/wp-content\/uploads\/2020\/10\/Radis-logo.png","contentUrl":"https:\/\/radis.ee\/wp-content\/uploads\/2020\/10\/Radis-logo.png","width":300,"height":63,"caption":"Radis O\u00dc"},"image":{"@id":"https:\/\/radis.ee\/#\/schema\/logo\/image\/"},"sameAs":["https:\/\/www.facebook.com\/radisfurniture\/"]}]}},"_links":{"self":[{"href":"https:\/\/radis.ee\/de\/wp-json\/wp\/v2\/product\/2702","targetHints":{"allow":["GET"]}}],"collection":[{"href":"https:\/\/radis.ee\/de\/wp-json\/wp\/v2\/product"}],"about":[{"href":"https:\/\/radis.ee\/de\/wp-json\/wp\/v2\/types\/product"}],"replies":[{"embeddable":true,"href":"https:\/\/radis.ee\/de\/wp-json\/wp\/v2\/comments?post=2702"}],"wp:featuredmedia":[{"embeddable":true,"href":"https:\/\/radis.ee\/de\/wp-json\/wp\/v2\/media\/4633"}],"wp:attachment":[{"href":"https:\/\/radis.ee\/de\/wp-json\/wp\/v2\/media?parent=2702"}],"wp:term":[{"taxonomy":"product_brand","embeddable":true,"href":"https:\/\/radis.ee\/de\/wp-json\/wp\/v2\/product_brand?post=2702"},{"taxonomy":"product_cat","embeddable":true,"href":"https:\/\/radis.ee\/de\/wp-json\/wp\/v2\/product_cat?post=2702"},{"taxonomy":"product_tag","embeddable":true,"href":"https:\/\/radis.ee\/de\/wp-json\/wp\/v2\/product_tag?post=2702"}],"curies":[{"name":"wp","href":"https:\/\/api.w.org\/{rel}","templated":true}]}}