{"id":2703,"date":"2022-09-12T23:08:22","date_gmt":"2022-09-12T20:08:22","guid":{"rendered":"https:\/\/radis.ee\/unkategorisiert\/bett-musterung-mit-schubladen\/"},"modified":"2024-01-31T22:17:55","modified_gmt":"2024-01-31T20:17:55","slug":"bett-dreamy-mit-bettkasten","status":"publish","type":"product","link":"https:\/\/radis.ee\/de\/bett-dreamy-mit-bettkasten\/","title":{"rendered":"Bett DREAMY mit Bettk\u00e4sten"},"content":{"rendered":"<p>Im Bett DREAMY werden Sie die sch\u00f6nsten, stimmungsvollsten und farbenfrohsten Tr\u00e4ume erleben. Ein stabiler und sicherer Rahmen f\u00fcr Ihre weichste Matratze, ein Statement in jedem Schlafzimmer.<\/p>\n<p>Die Breite des Bettes ist die Breite der gew\u00e4hlten Matratze + 4 cm. Die H\u00f6he der Bettkante betr\u00e4gt 40 cm. Die H\u00f6he der Unterseite der Matratze vom Boden betr\u00e4gt 25 cm.<\/p>\n<p>Hergestellt aus starkem 18-mm-Koskisen-Hochdrucklaminat-HPL-Birkensperrholz, auf Wunsch Seiten mit Natursperrholz, \u00f6lgewachstem Light Oak-\u00d6lwachs oder komplett mit Eichenfurnier.<\/p>\n<p>Unter dem Bett befinden sich drei Schubladenk\u00e4sten auf stabilen R\u00e4dern, Innentiefe 70 cm, H\u00f6he 17 cm und Breite 60 cm. Der Bettkasten kann auf beiden Seiten des Bettes verwendet werden. Enth\u00e4lt auch Lattenroste aus Sperrholz. Zwischen den Basen befindet sich ein starker Sperrholzkern, der die Seiten des Bettes sowie die unteren Schubladen in einer Linie h\u00e4lt.<\/p>\n","protected":false},"excerpt":{"rendered":"<p>Im Bett DREAMY werden Sie die sch\u00f6nsten, stimmungsvollsten und farbenfrohsten Tr\u00e4ume erleben. Ein stabiler und sicherer Rahmen f\u00fcr Ihre weichste Matratze, ein Statement in jedem Schlafzimmer. Die Breite des Bettes ist die Breite der gew\u00e4hlten Matratze + 4 cm. Die H\u00f6he der Bettkante betr\u00e4gt 40 cm. Die H\u00f6he der Unterseite der Matratze vom Boden betr\u00e4gt&#8230;<\/p>\n","protected":false},"featured_media":21103,"comment_status":"open","ping_status":"closed","template":"","meta":{"_acf_changed":false},"product_brand":[],"product_cat":[113],"product_tag":[],"class_list":{"0":"post-2703","1":"product","2":"type-product","3":"status-publish","4":"has-post-thumbnail","6":"product_cat-voodid","8":"first","9":"instock","10":"taxable","11":"shipping-taxable","12":"purchasable","13":"product-type-variable","14":"has-default-attributes"},"acf":[],"yoast_head":"<!-- This site is optimized with the Yoast SEO plugin v27.4 - https:\/\/yoast.com\/product\/yoast-seo-wordpress\/ -->\n<title>Bett DREAMY mit Bettk\u00e4sten - Radis<\/title>\n<meta name=\"robots\" content=\"index, follow, max-snippet:-1, max-image-preview:large, max-video-preview:-1\" \/>\n<link rel=\"canonical\" href=\"https:\/\/radis.ee\/de\/bett-dreamy-mit-bettkasten\/\" \/>\n<meta property=\"og:locale\" content=\"de_DE\" \/>\n<meta property=\"og:type\" content=\"article\" \/>\n<meta property=\"og:title\" content=\"Bett DREAMY mit Bettk\u00e4sten - Radis\" \/>\n<meta property=\"og:description\" content=\"Im Bett DREAMY werden Sie die sch\u00f6nsten, stimmungsvollsten und farbenfrohsten Tr\u00e4ume erleben. Ein stabiler und sicherer Rahmen f\u00fcr Ihre weichste Matratze, ein Statement in jedem Schlafzimmer. Die Breite des Bettes ist die Breite der gew\u00e4hlten Matratze + 4 cm. Die H\u00f6he der Bettkante betr\u00e4gt 40 cm. Die H\u00f6he der Unterseite der Matratze vom Boden betr\u00e4gt...\" \/>\n<meta property=\"og:url\" content=\"https:\/\/radis.ee\/de\/bett-dreamy-mit-bettkasten\/\" \/>\n<meta property=\"og:site_name\" content=\"Radis\" \/>\n<meta property=\"article:publisher\" content=\"https:\/\/www.facebook.com\/radisfurniture\/\" \/>\n<meta property=\"article:modified_time\" content=\"2024-01-31T20:17:55+00:00\" \/>\n<meta property=\"og:image\" content=\"https:\/\/radis.ee\/wp-content\/uploads\/2022\/09\/RADIS_bed_DREAMY_Oak_veneered_White_background.jpg\" \/>\n\t<meta property=\"og:image:width\" content=\"521\" \/>\n\t<meta property=\"og:image:height\" content=\"620\" \/>\n\t<meta property=\"og:image:type\" content=\"image\/jpeg\" \/>\n<meta name=\"twitter:card\" content=\"summary_large_image\" \/>\n<meta name=\"twitter:label1\" content=\"Gesch\u00e4tzte Lesezeit\" \/>\n\t<meta name=\"twitter:data1\" content=\"1\u00a0Minute\" \/>\n<script type=\"application\/ld+json\" class=\"yoast-schema-graph\">{\"@context\":\"https:\\\/\\\/schema.org\",\"@graph\":[{\"@type\":\"WebPage\",\"@id\":\"https:\\\/\\\/radis.ee\\\/de\\\/bett-dreamy-mit-bettkasten\\\/\",\"url\":\"https:\\\/\\\/radis.ee\\\/de\\\/bett-dreamy-mit-bettkasten\\\/\",\"name\":\"Bett DREAMY mit Bettk\u00e4sten - Radis\",\"isPartOf\":{\"@id\":\"https:\\\/\\\/radis.ee\\\/#website\"},\"primaryImageOfPage\":{\"@id\":\"https:\\\/\\\/radis.ee\\\/de\\\/bett-dreamy-mit-bettkasten\\\/#primaryimage\"},\"image\":{\"@id\":\"https:\\\/\\\/radis.ee\\\/de\\\/bett-dreamy-mit-bettkasten\\\/#primaryimage\"},\"thumbnailUrl\":\"https:\\\/\\\/radis.ee\\\/wp-content\\\/uploads\\\/2022\\\/09\\\/RADIS_bed_DREAMY_Oak_veneered_White_background.jpg\",\"datePublished\":\"2022-09-12T20:08:22+00:00\",\"dateModified\":\"2024-01-31T20:17:55+00:00\",\"breadcrumb\":{\"@id\":\"https:\\\/\\\/radis.ee\\\/de\\\/bett-dreamy-mit-bettkasten\\\/#breadcrumb\"},\"inLanguage\":\"de\",\"potentialAction\":[{\"@type\":\"ReadAction\",\"target\":[\"https:\\\/\\\/radis.ee\\\/de\\\/bett-dreamy-mit-bettkasten\\\/\"]}]},{\"@type\":\"ImageObject\",\"inLanguage\":\"de\",\"@id\":\"https:\\\/\\\/radis.ee\\\/de\\\/bett-dreamy-mit-bettkasten\\\/#primaryimage\",\"url\":\"https:\\\/\\\/radis.ee\\\/wp-content\\\/uploads\\\/2022\\\/09\\\/RADIS_bed_DREAMY_Oak_veneered_White_background.jpg\",\"contentUrl\":\"https:\\\/\\\/radis.ee\\\/wp-content\\\/uploads\\\/2022\\\/09\\\/RADIS_bed_DREAMY_Oak_veneered_White_background.jpg\",\"width\":521,\"height\":620,\"caption\":\"Radis bed DREAMY Oak veneered\"},{\"@type\":\"BreadcrumbList\",\"@id\":\"https:\\\/\\\/radis.ee\\\/de\\\/bett-dreamy-mit-bettkasten\\\/#breadcrumb\",\"itemListElement\":[{\"@type\":\"ListItem\",\"position\":1,\"name\":\"Home\",\"item\":\"https:\\\/\\\/radis.ee\\\/\"},{\"@type\":\"ListItem\",\"position\":2,\"name\":\"Produkte\",\"item\":\"https:\\\/\\\/radis.ee\\\/de\\\/produkte\\\/\"},{\"@type\":\"ListItem\",\"position\":3,\"name\":\"Bett DREAMY mit Bettk\u00e4sten\"}]},{\"@type\":\"WebSite\",\"@id\":\"https:\\\/\\\/radis.ee\\\/#website\",\"url\":\"https:\\\/\\\/radis.ee\\\/\",\"name\":\"Radis\",\"description\":\"Nordic design furniture, environmentally friendly and sustainable.\",\"publisher\":{\"@id\":\"https:\\\/\\\/radis.ee\\\/#organization\"},\"potentialAction\":[{\"@type\":\"SearchAction\",\"target\":{\"@type\":\"EntryPoint\",\"urlTemplate\":\"https:\\\/\\\/radis.ee\\\/?s={search_term_string}\"},\"query-input\":{\"@type\":\"PropertyValueSpecification\",\"valueRequired\":true,\"valueName\":\"search_term_string\"}}],\"inLanguage\":\"de\"},{\"@type\":\"Organization\",\"@id\":\"https:\\\/\\\/radis.ee\\\/#organization\",\"name\":\"Radis O\u00dc\",\"url\":\"https:\\\/\\\/radis.ee\\\/\",\"logo\":{\"@type\":\"ImageObject\",\"inLanguage\":\"de\",\"@id\":\"https:\\\/\\\/radis.ee\\\/#\\\/schema\\\/logo\\\/image\\\/\",\"url\":\"https:\\\/\\\/radis.ee\\\/wp-content\\\/uploads\\\/2020\\\/10\\\/Radis-logo.png\",\"contentUrl\":\"https:\\\/\\\/radis.ee\\\/wp-content\\\/uploads\\\/2020\\\/10\\\/Radis-logo.png\",\"width\":300,\"height\":63,\"caption\":\"Radis O\u00dc\"},\"image\":{\"@id\":\"https:\\\/\\\/radis.ee\\\/#\\\/schema\\\/logo\\\/image\\\/\"},\"sameAs\":[\"https:\\\/\\\/www.facebook.com\\\/radisfurniture\\\/\"]}]}<\/script>\n<!-- \/ Yoast SEO plugin. -->","yoast_head_json":{"title":"Bett DREAMY mit Bettk\u00e4sten - Radis","robots":{"index":"index","follow":"follow","max-snippet":"max-snippet:-1","max-image-preview":"max-image-preview:large","max-video-preview":"max-video-preview:-1"},"canonical":"https:\/\/radis.ee\/de\/bett-dreamy-mit-bettkasten\/","og_locale":"de_DE","og_type":"article","og_title":"Bett DREAMY mit Bettk\u00e4sten - Radis","og_description":"Im Bett DREAMY werden Sie die sch\u00f6nsten, stimmungsvollsten und farbenfrohsten Tr\u00e4ume erleben. Ein stabiler und sicherer Rahmen f\u00fcr Ihre weichste Matratze, ein Statement in jedem Schlafzimmer. Die Breite des Bettes ist die Breite der gew\u00e4hlten Matratze + 4 cm. Die H\u00f6he der Bettkante betr\u00e4gt 40 cm. Die H\u00f6he der Unterseite der Matratze vom Boden betr\u00e4gt...","og_url":"https:\/\/radis.ee\/de\/bett-dreamy-mit-bettkasten\/","og_site_name":"Radis","article_publisher":"https:\/\/www.facebook.com\/radisfurniture\/","article_modified_time":"2024-01-31T20:17:55+00:00","og_image":[{"width":521,"height":620,"url":"https:\/\/radis.ee\/wp-content\/uploads\/2022\/09\/RADIS_bed_DREAMY_Oak_veneered_White_background.jpg","type":"image\/jpeg"}],"twitter_card":"summary_large_image","twitter_misc":{"Gesch\u00e4tzte Lesezeit":"1\u00a0Minute"},"schema":{"@context":"https:\/\/schema.org","@graph":[{"@type":"WebPage","@id":"https:\/\/radis.ee\/de\/bett-dreamy-mit-bettkasten\/","url":"https:\/\/radis.ee\/de\/bett-dreamy-mit-bettkasten\/","name":"Bett DREAMY mit Bettk\u00e4sten - Radis","isPartOf":{"@id":"https:\/\/radis.ee\/#website"},"primaryImageOfPage":{"@id":"https:\/\/radis.ee\/de\/bett-dreamy-mit-bettkasten\/#primaryimage"},"image":{"@id":"https:\/\/radis.ee\/de\/bett-dreamy-mit-bettkasten\/#primaryimage"},"thumbnailUrl":"https:\/\/radis.ee\/wp-content\/uploads\/2022\/09\/RADIS_bed_DREAMY_Oak_veneered_White_background.jpg","datePublished":"2022-09-12T20:08:22+00:00","dateModified":"2024-01-31T20:17:55+00:00","breadcrumb":{"@id":"https:\/\/radis.ee\/de\/bett-dreamy-mit-bettkasten\/#breadcrumb"},"inLanguage":"de","potentialAction":[{"@type":"ReadAction","target":["https:\/\/radis.ee\/de\/bett-dreamy-mit-bettkasten\/"]}]},{"@type":"ImageObject","inLanguage":"de","@id":"https:\/\/radis.ee\/de\/bett-dreamy-mit-bettkasten\/#primaryimage","url":"https:\/\/radis.ee\/wp-content\/uploads\/2022\/09\/RADIS_bed_DREAMY_Oak_veneered_White_background.jpg","contentUrl":"https:\/\/radis.ee\/wp-content\/uploads\/2022\/09\/RADIS_bed_DREAMY_Oak_veneered_White_background.jpg","width":521,"height":620,"caption":"Radis bed DREAMY Oak veneered"},{"@type":"BreadcrumbList","@id":"https:\/\/radis.ee\/de\/bett-dreamy-mit-bettkasten\/#breadcrumb","itemListElement":[{"@type":"ListItem","position":1,"name":"Home","item":"https:\/\/radis.ee\/"},{"@type":"ListItem","position":2,"name":"Produkte","item":"https:\/\/radis.ee\/de\/produkte\/"},{"@type":"ListItem","position":3,"name":"Bett DREAMY mit Bettk\u00e4sten"}]},{"@type":"WebSite","@id":"https:\/\/radis.ee\/#website","url":"https:\/\/radis.ee\/","name":"Radis","description":"Nordic design furniture, environmentally friendly and sustainable.","publisher":{"@id":"https:\/\/radis.ee\/#organization"},"potentialAction":[{"@type":"SearchAction","target":{"@type":"EntryPoint","urlTemplate":"https:\/\/radis.ee\/?s={search_term_string}"},"query-input":{"@type":"PropertyValueSpecification","valueRequired":true,"valueName":"search_term_string"}}],"inLanguage":"de"},{"@type":"Organization","@id":"https:\/\/radis.ee\/#organization","name":"Radis O\u00dc","url":"https:\/\/radis.ee\/","logo":{"@type":"ImageObject","inLanguage":"de","@id":"https:\/\/radis.ee\/#\/schema\/logo\/image\/","url":"https:\/\/radis.ee\/wp-content\/uploads\/2020\/10\/Radis-logo.png","contentUrl":"https:\/\/radis.ee\/wp-content\/uploads\/2020\/10\/Radis-logo.png","width":300,"height":63,"caption":"Radis O\u00dc"},"image":{"@id":"https:\/\/radis.ee\/#\/schema\/logo\/image\/"},"sameAs":["https:\/\/www.facebook.com\/radisfurniture\/"]}]}},"_links":{"self":[{"href":"https:\/\/radis.ee\/de\/wp-json\/wp\/v2\/product\/2703","targetHints":{"allow":["GET"]}}],"collection":[{"href":"https:\/\/radis.ee\/de\/wp-json\/wp\/v2\/product"}],"about":[{"href":"https:\/\/radis.ee\/de\/wp-json\/wp\/v2\/types\/product"}],"replies":[{"embeddable":true,"href":"https:\/\/radis.ee\/de\/wp-json\/wp\/v2\/comments?post=2703"}],"wp:featuredmedia":[{"embeddable":true,"href":"https:\/\/radis.ee\/de\/wp-json\/wp\/v2\/media\/21103"}],"wp:attachment":[{"href":"https:\/\/radis.ee\/de\/wp-json\/wp\/v2\/media?parent=2703"}],"wp:term":[{"taxonomy":"product_brand","embeddable":true,"href":"https:\/\/radis.ee\/de\/wp-json\/wp\/v2\/product_brand?post=2703"},{"taxonomy":"product_cat","embeddable":true,"href":"https:\/\/radis.ee\/de\/wp-json\/wp\/v2\/product_cat?post=2703"},{"taxonomy":"product_tag","embeddable":true,"href":"https:\/\/radis.ee\/de\/wp-json\/wp\/v2\/product_tag?post=2703"}],"curies":[{"name":"wp","href":"https:\/\/api.w.org\/{rel}","templated":true}]}}