{"id":2747,"date":"2022-09-12T21:50:09","date_gmt":"2020-09-27T19:50:09","guid":{"rendered":"https:\/\/radis.ee\/unkategorisiert\/cornerbed\/"},"modified":"2024-02-23T14:56:50","modified_gmt":"2024-02-23T12:56:50","slug":"eckbett","status":"publish","type":"product","link":"https:\/\/radis.ee\/de\/eckbett\/","title":{"rendered":"ECKBETT"},"content":{"rendered":"<p>Das Eckbett vom deutschen M\u00f6beldesigner Michael Hilgers verwandelt eine ungenutzte Raumecke in eine gem\u00fctliche Kuschelzone. Das charakteristische asymmetrisches Design bietet durch seine nestartige Form auch ohne traditionelles Kopfteil die M\u00f6glichkeit, im Bett sitzen und lesen zu k\u00f6nnen.<\/p>\n<p>Gleichzeitig schl\u00e4ft man nicht wie bei einem herk\u00f6mmlichen Bett an der kalten Wand.<\/p>\n<p>Hergestellt aus Birkensperrholz, \u00f6lgewachst, auch mit Eichenfurnier oder Koskisen HPL-Hochdrucklaminat. Das Bett ist eine frische, platzsparende Interpretation eines traditionellen M\u00f6belst\u00fccks.<\/p>\n<p>In 3 Ecken befinden sich starke Metallbeine, um das Bett flie\u00dfend zu halten. Die h\u00f6chste Bettecke ist 69 cm vom Boden entfernt, die niedrigste 35 cm. Die Bettma\u00dfe sind ab der gew\u00e4hlten Matratzengr\u00f6\u00dfe 4 cm breiter. Das Bett hat auch ein St\u00fctzbein in der Mitte.<\/p>\n<p>Die Bettkantenh\u00f6he vom Bettboden betr\u00e4gt 15 cm. Die H\u00f6he des Bettbodens vom Boden betr\u00e4gt 28 cm. Inklusive Lattenrost aus Sperrholz. Erh\u00e4ltlich auch mit Spiegelposition.<\/p>\n","protected":false},"excerpt":{"rendered":"<p>Das Eckbett vom deutschen M\u00f6beldesigner Michael Hilgers verwandelt eine ungenutzte Raumecke in eine gem\u00fctliche Kuschelzone. Das charakteristische asymmetrisches Design bietet durch seine nestartige Form auch ohne traditionelles Kopfteil die M\u00f6glichkeit, im Bett sitzen und lesen zu k\u00f6nnen. Gleichzeitig schl\u00e4ft man nicht wie bei einem herk\u00f6mmlichen Bett an der kalten Wand. Hergestellt aus Birkensperrholz, \u00f6lgewachst, auch&#8230;<\/p>\n","protected":false},"featured_media":4629,"comment_status":"open","ping_status":"closed","template":"","meta":{"_acf_changed":false},"product_brand":[],"product_cat":[260],"product_tag":[],"class_list":{"0":"post-2747","1":"product","2":"type-product","3":"status-publish","4":"has-post-thumbnail","6":"product_cat-beds","8":"first","9":"instock","10":"taxable","11":"shipping-taxable","12":"purchasable","13":"product-type-variable","14":"has-default-attributes"},"acf":[],"yoast_head":"<!-- This site is optimized with the Yoast SEO plugin v27.4 - https:\/\/yoast.com\/product\/yoast-seo-wordpress\/ -->\n<title>ECKBETT - Radis<\/title>\n<meta name=\"robots\" content=\"index, follow, max-snippet:-1, max-image-preview:large, max-video-preview:-1\" \/>\n<link rel=\"canonical\" href=\"https:\/\/radis.ee\/de\/eckbett\/\" \/>\n<meta property=\"og:locale\" content=\"de_DE\" \/>\n<meta property=\"og:type\" content=\"article\" \/>\n<meta property=\"og:title\" content=\"ECKBETT - Radis\" \/>\n<meta property=\"og:description\" content=\"Das Eckbett vom deutschen M\u00f6beldesigner Michael Hilgers verwandelt eine ungenutzte Raumecke in eine gem\u00fctliche Kuschelzone. Das charakteristische asymmetrisches Design bietet durch seine nestartige Form auch ohne traditionelles Kopfteil die M\u00f6glichkeit, im Bett sitzen und lesen zu k\u00f6nnen. Gleichzeitig schl\u00e4ft man nicht wie bei einem herk\u00f6mmlichen Bett an der kalten Wand. Hergestellt aus Birkensperrholz, \u00f6lgewachst, auch...\" \/>\n<meta property=\"og:url\" content=\"https:\/\/radis.ee\/de\/eckbett\/\" \/>\n<meta property=\"og:site_name\" content=\"Radis\" \/>\n<meta property=\"article:publisher\" content=\"https:\/\/www.facebook.com\/radisfurniture\/\" \/>\n<meta property=\"article:modified_time\" content=\"2024-02-23T12:56:50+00:00\" \/>\n<meta property=\"og:image\" content=\"https:\/\/radis.ee\/wp-content\/uploads\/2020\/09\/RADIS_CORNERBED_WHITE-1.jpg\" \/>\n\t<meta property=\"og:image:width\" content=\"2500\" \/>\n\t<meta property=\"og:image:height\" content=\"2500\" \/>\n\t<meta property=\"og:image:type\" content=\"image\/jpeg\" \/>\n<meta name=\"twitter:card\" content=\"summary_large_image\" \/>\n<meta name=\"twitter:label1\" content=\"Gesch\u00e4tzte Lesezeit\" \/>\n\t<meta name=\"twitter:data1\" content=\"1\u00a0Minute\" \/>\n<script type=\"application\/ld+json\" class=\"yoast-schema-graph\">{\"@context\":\"https:\\\/\\\/schema.org\",\"@graph\":[{\"@type\":\"WebPage\",\"@id\":\"https:\\\/\\\/radis.ee\\\/de\\\/eckbett\\\/\",\"url\":\"https:\\\/\\\/radis.ee\\\/de\\\/eckbett\\\/\",\"name\":\"ECKBETT - Radis\",\"isPartOf\":{\"@id\":\"https:\\\/\\\/radis.ee\\\/#website\"},\"primaryImageOfPage\":{\"@id\":\"https:\\\/\\\/radis.ee\\\/de\\\/eckbett\\\/#primaryimage\"},\"image\":{\"@id\":\"https:\\\/\\\/radis.ee\\\/de\\\/eckbett\\\/#primaryimage\"},\"thumbnailUrl\":\"https:\\\/\\\/radis.ee\\\/wp-content\\\/uploads\\\/2020\\\/09\\\/RADIS_CORNERBED_WHITE-1.jpg\",\"datePublished\":\"2020-09-27T19:50:09+00:00\",\"dateModified\":\"2024-02-23T12:56:50+00:00\",\"breadcrumb\":{\"@id\":\"https:\\\/\\\/radis.ee\\\/de\\\/eckbett\\\/#breadcrumb\"},\"inLanguage\":\"de\",\"potentialAction\":[{\"@type\":\"ReadAction\",\"target\":[\"https:\\\/\\\/radis.ee\\\/de\\\/eckbett\\\/\"]}]},{\"@type\":\"ImageObject\",\"inLanguage\":\"de\",\"@id\":\"https:\\\/\\\/radis.ee\\\/de\\\/eckbett\\\/#primaryimage\",\"url\":\"https:\\\/\\\/radis.ee\\\/wp-content\\\/uploads\\\/2020\\\/09\\\/RADIS_CORNERBED_WHITE-1.jpg\",\"contentUrl\":\"https:\\\/\\\/radis.ee\\\/wp-content\\\/uploads\\\/2020\\\/09\\\/RADIS_CORNERBED_WHITE-1.jpg\",\"width\":2500,\"height\":2500},{\"@type\":\"BreadcrumbList\",\"@id\":\"https:\\\/\\\/radis.ee\\\/de\\\/eckbett\\\/#breadcrumb\",\"itemListElement\":[{\"@type\":\"ListItem\",\"position\":1,\"name\":\"Home\",\"item\":\"https:\\\/\\\/radis.ee\\\/\"},{\"@type\":\"ListItem\",\"position\":2,\"name\":\"Produkte\",\"item\":\"https:\\\/\\\/radis.ee\\\/de\\\/produkte\\\/\"},{\"@type\":\"ListItem\",\"position\":3,\"name\":\"ECKBETT\"}]},{\"@type\":\"WebSite\",\"@id\":\"https:\\\/\\\/radis.ee\\\/#website\",\"url\":\"https:\\\/\\\/radis.ee\\\/\",\"name\":\"Radis\",\"description\":\"Nordic design furniture, environmentally friendly and sustainable.\",\"publisher\":{\"@id\":\"https:\\\/\\\/radis.ee\\\/#organization\"},\"potentialAction\":[{\"@type\":\"SearchAction\",\"target\":{\"@type\":\"EntryPoint\",\"urlTemplate\":\"https:\\\/\\\/radis.ee\\\/?s={search_term_string}\"},\"query-input\":{\"@type\":\"PropertyValueSpecification\",\"valueRequired\":true,\"valueName\":\"search_term_string\"}}],\"inLanguage\":\"de\"},{\"@type\":\"Organization\",\"@id\":\"https:\\\/\\\/radis.ee\\\/#organization\",\"name\":\"Radis O\u00dc\",\"url\":\"https:\\\/\\\/radis.ee\\\/\",\"logo\":{\"@type\":\"ImageObject\",\"inLanguage\":\"de\",\"@id\":\"https:\\\/\\\/radis.ee\\\/#\\\/schema\\\/logo\\\/image\\\/\",\"url\":\"https:\\\/\\\/radis.ee\\\/wp-content\\\/uploads\\\/2020\\\/10\\\/Radis-logo.png\",\"contentUrl\":\"https:\\\/\\\/radis.ee\\\/wp-content\\\/uploads\\\/2020\\\/10\\\/Radis-logo.png\",\"width\":300,\"height\":63,\"caption\":\"Radis O\u00dc\"},\"image\":{\"@id\":\"https:\\\/\\\/radis.ee\\\/#\\\/schema\\\/logo\\\/image\\\/\"},\"sameAs\":[\"https:\\\/\\\/www.facebook.com\\\/radisfurniture\\\/\"]}]}<\/script>\n<!-- \/ Yoast SEO plugin. -->","yoast_head_json":{"title":"ECKBETT - Radis","robots":{"index":"index","follow":"follow","max-snippet":"max-snippet:-1","max-image-preview":"max-image-preview:large","max-video-preview":"max-video-preview:-1"},"canonical":"https:\/\/radis.ee\/de\/eckbett\/","og_locale":"de_DE","og_type":"article","og_title":"ECKBETT - Radis","og_description":"Das Eckbett vom deutschen M\u00f6beldesigner Michael Hilgers verwandelt eine ungenutzte Raumecke in eine gem\u00fctliche Kuschelzone. Das charakteristische asymmetrisches Design bietet durch seine nestartige Form auch ohne traditionelles Kopfteil die M\u00f6glichkeit, im Bett sitzen und lesen zu k\u00f6nnen. Gleichzeitig schl\u00e4ft man nicht wie bei einem herk\u00f6mmlichen Bett an der kalten Wand. Hergestellt aus Birkensperrholz, \u00f6lgewachst, auch...","og_url":"https:\/\/radis.ee\/de\/eckbett\/","og_site_name":"Radis","article_publisher":"https:\/\/www.facebook.com\/radisfurniture\/","article_modified_time":"2024-02-23T12:56:50+00:00","og_image":[{"width":2500,"height":2500,"url":"https:\/\/radis.ee\/wp-content\/uploads\/2020\/09\/RADIS_CORNERBED_WHITE-1.jpg","type":"image\/jpeg"}],"twitter_card":"summary_large_image","twitter_misc":{"Gesch\u00e4tzte Lesezeit":"1\u00a0Minute"},"schema":{"@context":"https:\/\/schema.org","@graph":[{"@type":"WebPage","@id":"https:\/\/radis.ee\/de\/eckbett\/","url":"https:\/\/radis.ee\/de\/eckbett\/","name":"ECKBETT - Radis","isPartOf":{"@id":"https:\/\/radis.ee\/#website"},"primaryImageOfPage":{"@id":"https:\/\/radis.ee\/de\/eckbett\/#primaryimage"},"image":{"@id":"https:\/\/radis.ee\/de\/eckbett\/#primaryimage"},"thumbnailUrl":"https:\/\/radis.ee\/wp-content\/uploads\/2020\/09\/RADIS_CORNERBED_WHITE-1.jpg","datePublished":"2020-09-27T19:50:09+00:00","dateModified":"2024-02-23T12:56:50+00:00","breadcrumb":{"@id":"https:\/\/radis.ee\/de\/eckbett\/#breadcrumb"},"inLanguage":"de","potentialAction":[{"@type":"ReadAction","target":["https:\/\/radis.ee\/de\/eckbett\/"]}]},{"@type":"ImageObject","inLanguage":"de","@id":"https:\/\/radis.ee\/de\/eckbett\/#primaryimage","url":"https:\/\/radis.ee\/wp-content\/uploads\/2020\/09\/RADIS_CORNERBED_WHITE-1.jpg","contentUrl":"https:\/\/radis.ee\/wp-content\/uploads\/2020\/09\/RADIS_CORNERBED_WHITE-1.jpg","width":2500,"height":2500},{"@type":"BreadcrumbList","@id":"https:\/\/radis.ee\/de\/eckbett\/#breadcrumb","itemListElement":[{"@type":"ListItem","position":1,"name":"Home","item":"https:\/\/radis.ee\/"},{"@type":"ListItem","position":2,"name":"Produkte","item":"https:\/\/radis.ee\/de\/produkte\/"},{"@type":"ListItem","position":3,"name":"ECKBETT"}]},{"@type":"WebSite","@id":"https:\/\/radis.ee\/#website","url":"https:\/\/radis.ee\/","name":"Radis","description":"Nordic design furniture, environmentally friendly and sustainable.","publisher":{"@id":"https:\/\/radis.ee\/#organization"},"potentialAction":[{"@type":"SearchAction","target":{"@type":"EntryPoint","urlTemplate":"https:\/\/radis.ee\/?s={search_term_string}"},"query-input":{"@type":"PropertyValueSpecification","valueRequired":true,"valueName":"search_term_string"}}],"inLanguage":"de"},{"@type":"Organization","@id":"https:\/\/radis.ee\/#organization","name":"Radis O\u00dc","url":"https:\/\/radis.ee\/","logo":{"@type":"ImageObject","inLanguage":"de","@id":"https:\/\/radis.ee\/#\/schema\/logo\/image\/","url":"https:\/\/radis.ee\/wp-content\/uploads\/2020\/10\/Radis-logo.png","contentUrl":"https:\/\/radis.ee\/wp-content\/uploads\/2020\/10\/Radis-logo.png","width":300,"height":63,"caption":"Radis O\u00dc"},"image":{"@id":"https:\/\/radis.ee\/#\/schema\/logo\/image\/"},"sameAs":["https:\/\/www.facebook.com\/radisfurniture\/"]}]}},"_links":{"self":[{"href":"https:\/\/radis.ee\/de\/wp-json\/wp\/v2\/product\/2747","targetHints":{"allow":["GET"]}}],"collection":[{"href":"https:\/\/radis.ee\/de\/wp-json\/wp\/v2\/product"}],"about":[{"href":"https:\/\/radis.ee\/de\/wp-json\/wp\/v2\/types\/product"}],"replies":[{"embeddable":true,"href":"https:\/\/radis.ee\/de\/wp-json\/wp\/v2\/comments?post=2747"}],"wp:featuredmedia":[{"embeddable":true,"href":"https:\/\/radis.ee\/de\/wp-json\/wp\/v2\/media\/4629"}],"wp:attachment":[{"href":"https:\/\/radis.ee\/de\/wp-json\/wp\/v2\/media?parent=2747"}],"wp:term":[{"taxonomy":"product_brand","embeddable":true,"href":"https:\/\/radis.ee\/de\/wp-json\/wp\/v2\/product_brand?post=2747"},{"taxonomy":"product_cat","embeddable":true,"href":"https:\/\/radis.ee\/de\/wp-json\/wp\/v2\/product_cat?post=2747"},{"taxonomy":"product_tag","embeddable":true,"href":"https:\/\/radis.ee\/de\/wp-json\/wp\/v2\/product_tag?post=2747"}],"curies":[{"name":"wp","href":"https:\/\/api.w.org\/{rel}","templated":true}]}}