{"id":27475,"date":"2022-08-10T12:43:12","date_gmt":"2024-09-27T14:43:14","guid":{"rendered":"https:\/\/radis.ee\/?post_type=product&#038;p=27475"},"modified":"2024-10-04T18:32:51","modified_gmt":"2024-10-04T15:32:51","slug":"anrichte-rubi","status":"publish","type":"product","link":"https:\/\/radis.ee\/de\/anrichte-rubi\/","title":{"rendered":"Anrichte RUBI"},"content":{"rendered":"<p>Die geschwungenen Kanten des Sideboards RUBI verleihen jedem Raum mehr Dynamik. T\u00fcren mit bronzefarbenem Spiegelglas lassen die Umgebung ger\u00e4umiger und gr\u00f6\u00dfer wirken. Die spielerisch umsetzbaren T\u00fcren erm\u00f6glichen es dem Benutzer, das Erscheinungsbild der Kommode mitzugestalten und Teil ihres Designprozesses zu sein.<\/p>\n<p>Die Kommode RUBI besteht aus umweltfreundlichem Sperrholz mit Eichenfurnier, darunter ein starker 20x20mm schwarzer pulverbeschichteter Metallbeinrahmen mit einer H\u00f6he von 35 cm. T\u00fcrscharniere mit sanftem Schlie\u00dfmechanismus, T\u00fcren \u00f6ffnen und schlie\u00dfen durch Dr\u00fccken, push2open. Die Breite der T\u00fcren betr\u00e4gt 36 cm. Hinter den beiden gro\u00dfen T\u00fcren befinden sich zus\u00e4tzlich zwei h\u00f6henverstellbare Zwischenb\u00f6den mit einer Breite von 70 cm.<\/p>\n<p>Sie k\u00f6nnen zwischen mehreren H\u00f6hen und T\u00fcren w\u00e4hlen \u2013 mit bronzefarbenem Spiegelglas oder Eichenfurnier mit schwarzer Beize.<\/p>\n<p>Designer: Martin Soome, Raul Abner<\/p>\n","protected":false},"excerpt":{"rendered":"<p>Die geschwungenen Kanten des Sideboards RUBI verleihen jedem Raum mehr Dynamik. T\u00fcren mit bronzefarbenem Spiegelglas lassen die Umgebung ger\u00e4umiger und gr\u00f6\u00dfer wirken. Die spielerisch umsetzbaren T\u00fcren erm\u00f6glichen es dem Benutzer, das Erscheinungsbild der Kommode mitzugestalten und Teil ihres Designprozesses zu sein. Die Kommode RUBI besteht aus umweltfreundlichem Sperrholz mit Eichenfurnier, darunter ein starker 20x20mm schwarzer&#8230;<\/p>\n","protected":false},"featured_media":27734,"comment_status":"open","ping_status":"closed","template":"","meta":{"_acf_changed":false},"product_brand":[],"product_cat":[17],"product_tag":[],"class_list":{"0":"post-27475","1":"product","2":"type-product","3":"status-publish","4":"has-post-thumbnail","6":"product_cat-kummutid","8":"first","9":"instock","10":"taxable","11":"shipping-taxable","12":"purchasable","13":"product-type-variable","14":"has-default-attributes"},"acf":[],"yoast_head":"<!-- This site is optimized with the Yoast SEO plugin v27.3 - https:\/\/yoast.com\/product\/yoast-seo-wordpress\/ -->\n<title>Anrichte RUBI - Radis<\/title>\n<meta name=\"robots\" content=\"index, follow, max-snippet:-1, max-image-preview:large, max-video-preview:-1\" \/>\n<link rel=\"canonical\" href=\"https:\/\/radis.ee\/de\/anrichte-rubi\/\" \/>\n<meta property=\"og:locale\" content=\"de_DE\" \/>\n<meta property=\"og:type\" content=\"article\" \/>\n<meta property=\"og:title\" content=\"Anrichte RUBI - Radis\" \/>\n<meta property=\"og:description\" content=\"Die geschwungenen Kanten des Sideboards RUBI verleihen jedem Raum mehr Dynamik. T\u00fcren mit bronzefarbenem Spiegelglas lassen die Umgebung ger\u00e4umiger und gr\u00f6\u00dfer wirken. Die spielerisch umsetzbaren T\u00fcren erm\u00f6glichen es dem Benutzer, das Erscheinungsbild der Kommode mitzugestalten und Teil ihres Designprozesses zu sein. Die Kommode RUBI besteht aus umweltfreundlichem Sperrholz mit Eichenfurnier, darunter ein starker 20x20mm schwarzer...\" \/>\n<meta property=\"og:url\" content=\"https:\/\/radis.ee\/de\/anrichte-rubi\/\" \/>\n<meta property=\"og:site_name\" content=\"Radis\" \/>\n<meta property=\"article:publisher\" content=\"https:\/\/www.facebook.com\/radisfurniture\/\" \/>\n<meta property=\"article:modified_time\" content=\"2024-10-04T15:32:51+00:00\" \/>\n<meta property=\"og:image\" content=\"https:\/\/radis.ee\/wp-content\/uploads\/2024\/09\/Radis_sideboard_RUBI_3_levels_Oak_veneered_doors_Bronze_mirror_white_background.jpg\" \/>\n\t<meta property=\"og:image:width\" content=\"356\" \/>\n\t<meta property=\"og:image:height\" content=\"425\" \/>\n\t<meta property=\"og:image:type\" content=\"image\/jpeg\" \/>\n<meta name=\"twitter:card\" content=\"summary_large_image\" \/>\n<meta name=\"twitter:label1\" content=\"Gesch\u00e4tzte Lesezeit\" \/>\n\t<meta name=\"twitter:data1\" content=\"1\u00a0Minute\" \/>\n<script type=\"application\/ld+json\" class=\"yoast-schema-graph\">{\"@context\":\"https:\\\/\\\/schema.org\",\"@graph\":[{\"@type\":\"WebPage\",\"@id\":\"https:\\\/\\\/radis.ee\\\/de\\\/anrichte-rubi\\\/\",\"url\":\"https:\\\/\\\/radis.ee\\\/de\\\/anrichte-rubi\\\/\",\"name\":\"Anrichte RUBI - Radis\",\"isPartOf\":{\"@id\":\"https:\\\/\\\/radis.ee\\\/#website\"},\"primaryImageOfPage\":{\"@id\":\"https:\\\/\\\/radis.ee\\\/de\\\/anrichte-rubi\\\/#primaryimage\"},\"image\":{\"@id\":\"https:\\\/\\\/radis.ee\\\/de\\\/anrichte-rubi\\\/#primaryimage\"},\"thumbnailUrl\":\"https:\\\/\\\/radis.ee\\\/wp-content\\\/uploads\\\/2024\\\/09\\\/Radis_sideboard_RUBI_3_levels_Oak_veneered_doors_Bronze_mirror_white_background.jpg\",\"datePublished\":\"2024-09-27T14:43:14+00:00\",\"dateModified\":\"2024-10-04T15:32:51+00:00\",\"breadcrumb\":{\"@id\":\"https:\\\/\\\/radis.ee\\\/de\\\/anrichte-rubi\\\/#breadcrumb\"},\"inLanguage\":\"de\",\"potentialAction\":[{\"@type\":\"ReadAction\",\"target\":[\"https:\\\/\\\/radis.ee\\\/de\\\/anrichte-rubi\\\/\"]}]},{\"@type\":\"ImageObject\",\"inLanguage\":\"de\",\"@id\":\"https:\\\/\\\/radis.ee\\\/de\\\/anrichte-rubi\\\/#primaryimage\",\"url\":\"https:\\\/\\\/radis.ee\\\/wp-content\\\/uploads\\\/2024\\\/09\\\/Radis_sideboard_RUBI_3_levels_Oak_veneered_doors_Bronze_mirror_white_background.jpg\",\"contentUrl\":\"https:\\\/\\\/radis.ee\\\/wp-content\\\/uploads\\\/2024\\\/09\\\/Radis_sideboard_RUBI_3_levels_Oak_veneered_doors_Bronze_mirror_white_background.jpg\",\"width\":356,\"height\":425,\"caption\":\"Radis sideboard RUBI 3 levels Oak veneered plywood doors Bronze mirror\"},{\"@type\":\"BreadcrumbList\",\"@id\":\"https:\\\/\\\/radis.ee\\\/de\\\/anrichte-rubi\\\/#breadcrumb\",\"itemListElement\":[{\"@type\":\"ListItem\",\"position\":1,\"name\":\"Home\",\"item\":\"https:\\\/\\\/radis.ee\\\/\"},{\"@type\":\"ListItem\",\"position\":2,\"name\":\"Produkte\",\"item\":\"https:\\\/\\\/radis.ee\\\/de\\\/produkte\\\/\"},{\"@type\":\"ListItem\",\"position\":3,\"name\":\"Anrichte RUBI\"}]},{\"@type\":\"WebSite\",\"@id\":\"https:\\\/\\\/radis.ee\\\/#website\",\"url\":\"https:\\\/\\\/radis.ee\\\/\",\"name\":\"Radis\",\"description\":\"Nordic design furniture, environmentally friendly and sustainable.\",\"publisher\":{\"@id\":\"https:\\\/\\\/radis.ee\\\/#organization\"},\"potentialAction\":[{\"@type\":\"SearchAction\",\"target\":{\"@type\":\"EntryPoint\",\"urlTemplate\":\"https:\\\/\\\/radis.ee\\\/?s={search_term_string}\"},\"query-input\":{\"@type\":\"PropertyValueSpecification\",\"valueRequired\":true,\"valueName\":\"search_term_string\"}}],\"inLanguage\":\"de\"},{\"@type\":\"Organization\",\"@id\":\"https:\\\/\\\/radis.ee\\\/#organization\",\"name\":\"Radis O\u00dc\",\"url\":\"https:\\\/\\\/radis.ee\\\/\",\"logo\":{\"@type\":\"ImageObject\",\"inLanguage\":\"de\",\"@id\":\"https:\\\/\\\/radis.ee\\\/#\\\/schema\\\/logo\\\/image\\\/\",\"url\":\"https:\\\/\\\/radis.ee\\\/wp-content\\\/uploads\\\/2020\\\/10\\\/Radis-logo.png\",\"contentUrl\":\"https:\\\/\\\/radis.ee\\\/wp-content\\\/uploads\\\/2020\\\/10\\\/Radis-logo.png\",\"width\":300,\"height\":63,\"caption\":\"Radis O\u00dc\"},\"image\":{\"@id\":\"https:\\\/\\\/radis.ee\\\/#\\\/schema\\\/logo\\\/image\\\/\"},\"sameAs\":[\"https:\\\/\\\/www.facebook.com\\\/radisfurniture\\\/\"]}]}<\/script>\n<!-- \/ Yoast SEO plugin. -->","yoast_head_json":{"title":"Anrichte RUBI - Radis","robots":{"index":"index","follow":"follow","max-snippet":"max-snippet:-1","max-image-preview":"max-image-preview:large","max-video-preview":"max-video-preview:-1"},"canonical":"https:\/\/radis.ee\/de\/anrichte-rubi\/","og_locale":"de_DE","og_type":"article","og_title":"Anrichte RUBI - Radis","og_description":"Die geschwungenen Kanten des Sideboards RUBI verleihen jedem Raum mehr Dynamik. T\u00fcren mit bronzefarbenem Spiegelglas lassen die Umgebung ger\u00e4umiger und gr\u00f6\u00dfer wirken. Die spielerisch umsetzbaren T\u00fcren erm\u00f6glichen es dem Benutzer, das Erscheinungsbild der Kommode mitzugestalten und Teil ihres Designprozesses zu sein. Die Kommode RUBI besteht aus umweltfreundlichem Sperrholz mit Eichenfurnier, darunter ein starker 20x20mm schwarzer...","og_url":"https:\/\/radis.ee\/de\/anrichte-rubi\/","og_site_name":"Radis","article_publisher":"https:\/\/www.facebook.com\/radisfurniture\/","article_modified_time":"2024-10-04T15:32:51+00:00","og_image":[{"width":356,"height":425,"url":"https:\/\/radis.ee\/wp-content\/uploads\/2024\/09\/Radis_sideboard_RUBI_3_levels_Oak_veneered_doors_Bronze_mirror_white_background.jpg","type":"image\/jpeg"}],"twitter_card":"summary_large_image","twitter_misc":{"Gesch\u00e4tzte Lesezeit":"1\u00a0Minute"},"schema":{"@context":"https:\/\/schema.org","@graph":[{"@type":"WebPage","@id":"https:\/\/radis.ee\/de\/anrichte-rubi\/","url":"https:\/\/radis.ee\/de\/anrichte-rubi\/","name":"Anrichte RUBI - Radis","isPartOf":{"@id":"https:\/\/radis.ee\/#website"},"primaryImageOfPage":{"@id":"https:\/\/radis.ee\/de\/anrichte-rubi\/#primaryimage"},"image":{"@id":"https:\/\/radis.ee\/de\/anrichte-rubi\/#primaryimage"},"thumbnailUrl":"https:\/\/radis.ee\/wp-content\/uploads\/2024\/09\/Radis_sideboard_RUBI_3_levels_Oak_veneered_doors_Bronze_mirror_white_background.jpg","datePublished":"2024-09-27T14:43:14+00:00","dateModified":"2024-10-04T15:32:51+00:00","breadcrumb":{"@id":"https:\/\/radis.ee\/de\/anrichte-rubi\/#breadcrumb"},"inLanguage":"de","potentialAction":[{"@type":"ReadAction","target":["https:\/\/radis.ee\/de\/anrichte-rubi\/"]}]},{"@type":"ImageObject","inLanguage":"de","@id":"https:\/\/radis.ee\/de\/anrichte-rubi\/#primaryimage","url":"https:\/\/radis.ee\/wp-content\/uploads\/2024\/09\/Radis_sideboard_RUBI_3_levels_Oak_veneered_doors_Bronze_mirror_white_background.jpg","contentUrl":"https:\/\/radis.ee\/wp-content\/uploads\/2024\/09\/Radis_sideboard_RUBI_3_levels_Oak_veneered_doors_Bronze_mirror_white_background.jpg","width":356,"height":425,"caption":"Radis sideboard RUBI 3 levels Oak veneered plywood doors Bronze mirror"},{"@type":"BreadcrumbList","@id":"https:\/\/radis.ee\/de\/anrichte-rubi\/#breadcrumb","itemListElement":[{"@type":"ListItem","position":1,"name":"Home","item":"https:\/\/radis.ee\/"},{"@type":"ListItem","position":2,"name":"Produkte","item":"https:\/\/radis.ee\/de\/produkte\/"},{"@type":"ListItem","position":3,"name":"Anrichte RUBI"}]},{"@type":"WebSite","@id":"https:\/\/radis.ee\/#website","url":"https:\/\/radis.ee\/","name":"Radis","description":"Nordic design furniture, environmentally friendly and sustainable.","publisher":{"@id":"https:\/\/radis.ee\/#organization"},"potentialAction":[{"@type":"SearchAction","target":{"@type":"EntryPoint","urlTemplate":"https:\/\/radis.ee\/?s={search_term_string}"},"query-input":{"@type":"PropertyValueSpecification","valueRequired":true,"valueName":"search_term_string"}}],"inLanguage":"de"},{"@type":"Organization","@id":"https:\/\/radis.ee\/#organization","name":"Radis O\u00dc","url":"https:\/\/radis.ee\/","logo":{"@type":"ImageObject","inLanguage":"de","@id":"https:\/\/radis.ee\/#\/schema\/logo\/image\/","url":"https:\/\/radis.ee\/wp-content\/uploads\/2020\/10\/Radis-logo.png","contentUrl":"https:\/\/radis.ee\/wp-content\/uploads\/2020\/10\/Radis-logo.png","width":300,"height":63,"caption":"Radis O\u00dc"},"image":{"@id":"https:\/\/radis.ee\/#\/schema\/logo\/image\/"},"sameAs":["https:\/\/www.facebook.com\/radisfurniture\/"]}]}},"_links":{"self":[{"href":"https:\/\/radis.ee\/de\/wp-json\/wp\/v2\/product\/27475","targetHints":{"allow":["GET"]}}],"collection":[{"href":"https:\/\/radis.ee\/de\/wp-json\/wp\/v2\/product"}],"about":[{"href":"https:\/\/radis.ee\/de\/wp-json\/wp\/v2\/types\/product"}],"replies":[{"embeddable":true,"href":"https:\/\/radis.ee\/de\/wp-json\/wp\/v2\/comments?post=27475"}],"wp:featuredmedia":[{"embeddable":true,"href":"https:\/\/radis.ee\/de\/wp-json\/wp\/v2\/media\/27734"}],"wp:attachment":[{"href":"https:\/\/radis.ee\/de\/wp-json\/wp\/v2\/media?parent=27475"}],"wp:term":[{"taxonomy":"product_brand","embeddable":true,"href":"https:\/\/radis.ee\/de\/wp-json\/wp\/v2\/product_brand?post=27475"},{"taxonomy":"product_cat","embeddable":true,"href":"https:\/\/radis.ee\/de\/wp-json\/wp\/v2\/product_cat?post=27475"},{"taxonomy":"product_tag","embeddable":true,"href":"https:\/\/radis.ee\/de\/wp-json\/wp\/v2\/product_tag?post=27475"}],"curies":[{"name":"wp","href":"https:\/\/api.w.org\/{rel}","templated":true}]}}