{"id":2762,"date":"2020-10-01T23:25:40","date_gmt":"2020-09-27T19:25:40","guid":{"rendered":"https:\/\/radis.ee\/unkategorisiert\/bett-soffi\/"},"modified":"2024-01-31T22:25:24","modified_gmt":"2024-01-31T20:25:24","slug":"bett-soffi","status":"publish","type":"product","link":"https:\/\/radis.ee\/de\/bett-soffi\/","title":{"rendered":"Bett SOFFI"},"content":{"rendered":"<p>Der Hund ist der beste Freund des Menschen? Nein, nat\u00fcrlich der Schlaf! Das Bett Soffi mit seinen schwingenden Linien ist f\u00fcr erstklassigen Schlaf wie geschaffen. Keine Sorge \u2013 es ist so breit, dass Sie den Hund mit ins Bett nehmen k\u00f6nnen. Oder einen Partner, den es nach entspannendem Schlaf d\u00fcrstet.<\/p>\n<p>Unter dem Bett auf starken R\u00e4dern zwei Bettboxen mit einer Tiefe von 60 cm.<\/p>\n<p>Hergestellt aus 18 mm wei\u00dfem HPL Birkensperrholz, Matratzengr\u00f6\u00dfe 90&#215;200 cm. Inklusive Lattenrost aus Sperrholz. Die H\u00f6he der Vorderkante des Bettes Soffi betr\u00e4gt 40 cm, die H\u00f6he des Bettkastens 31 cm, die H\u00f6he der R\u00fcckwand 70 cm. Eine geeignete Matratze ist 15-20 cm hoch.<\/p>\n","protected":false},"excerpt":{"rendered":"<p>Der Hund ist der beste Freund des Menschen? Nein, nat\u00fcrlich der Schlaf! Das Bett Soffi mit seinen schwingenden Linien ist f\u00fcr erstklassigen Schlaf wie geschaffen. Keine Sorge \u2013 es ist so breit, dass Sie den Hund mit ins Bett nehmen k\u00f6nnen. Oder einen Partner, den es nach entspannendem Schlaf d\u00fcrstet. Unter dem Bett auf starken&#8230;<\/p>\n","protected":false},"featured_media":4924,"comment_status":"open","ping_status":"closed","template":"","meta":{"_acf_changed":false},"product_brand":[],"product_cat":[113],"product_tag":[],"class_list":{"0":"post-2762","1":"product","2":"type-product","3":"status-publish","4":"has-post-thumbnail","6":"product_cat-voodid","8":"first","9":"instock","10":"sale","11":"taxable","12":"shipping-taxable","13":"purchasable","14":"product-type-variable","15":"has-default-attributes"},"acf":[],"yoast_head":"<!-- This site is optimized with the Yoast SEO plugin v27.3 - https:\/\/yoast.com\/product\/yoast-seo-wordpress\/ -->\n<title>Bett SOFFI - Radis<\/title>\n<meta name=\"robots\" content=\"index, follow, max-snippet:-1, max-image-preview:large, max-video-preview:-1\" \/>\n<link rel=\"canonical\" href=\"https:\/\/radis.ee\/voodi-soffi\/\" \/>\n<meta property=\"og:locale\" content=\"de_DE\" \/>\n<meta property=\"og:type\" content=\"article\" \/>\n<meta property=\"og:title\" content=\"Bett SOFFI - Radis\" \/>\n<meta property=\"og:description\" content=\"Der Hund ist der beste Freund des Menschen? Nein, nat\u00fcrlich der Schlaf! Das Bett Soffi mit seinen schwingenden Linien ist f\u00fcr erstklassigen Schlaf wie geschaffen. Keine Sorge \u2013 es ist so breit, dass Sie den Hund mit ins Bett nehmen k\u00f6nnen. Oder einen Partner, den es nach entspannendem Schlaf d\u00fcrstet. Unter dem Bett auf starken...\" \/>\n<meta property=\"og:url\" content=\"https:\/\/radis.ee\/voodi-soffi\/\" \/>\n<meta property=\"og:site_name\" content=\"Radis\" \/>\n<meta property=\"article:publisher\" content=\"https:\/\/www.facebook.com\/radisfurniture\/\" \/>\n<meta property=\"article:modified_time\" content=\"2024-01-31T20:25:24+00:00\" \/>\n<meta property=\"og:image\" content=\"https:\/\/radis.ee\/wp-content\/uploads\/2020\/09\/RA0599-Radis-bed-Soffi-with-2-bedboxes.jpg\" \/>\n\t<meta property=\"og:image:width\" content=\"2500\" \/>\n\t<meta property=\"og:image:height\" content=\"2500\" \/>\n\t<meta property=\"og:image:type\" content=\"image\/jpeg\" \/>\n<meta name=\"twitter:card\" content=\"summary_large_image\" \/>\n<meta name=\"twitter:label1\" content=\"Gesch\u00e4tzte Lesezeit\" \/>\n\t<meta name=\"twitter:data1\" content=\"1\u00a0Minute\" \/>\n<script type=\"application\/ld+json\" class=\"yoast-schema-graph\">{\"@context\":\"https:\\\/\\\/schema.org\",\"@graph\":[{\"@type\":\"WebPage\",\"@id\":\"https:\\\/\\\/radis.ee\\\/voodi-soffi\\\/\",\"url\":\"https:\\\/\\\/radis.ee\\\/voodi-soffi\\\/\",\"name\":\"Bett SOFFI - Radis\",\"isPartOf\":{\"@id\":\"https:\\\/\\\/radis.ee\\\/#website\"},\"primaryImageOfPage\":{\"@id\":\"https:\\\/\\\/radis.ee\\\/voodi-soffi\\\/#primaryimage\"},\"image\":{\"@id\":\"https:\\\/\\\/radis.ee\\\/voodi-soffi\\\/#primaryimage\"},\"thumbnailUrl\":\"https:\\\/\\\/radis.ee\\\/wp-content\\\/uploads\\\/2020\\\/09\\\/RA0599-Radis-bed-Soffi-with-2-bedboxes.jpg\",\"datePublished\":\"2020-09-27T19:25:40+00:00\",\"dateModified\":\"2024-01-31T20:25:24+00:00\",\"breadcrumb\":{\"@id\":\"https:\\\/\\\/radis.ee\\\/voodi-soffi\\\/#breadcrumb\"},\"inLanguage\":\"de\",\"potentialAction\":[{\"@type\":\"ReadAction\",\"target\":[\"https:\\\/\\\/radis.ee\\\/voodi-soffi\\\/\"]}]},{\"@type\":\"ImageObject\",\"inLanguage\":\"de\",\"@id\":\"https:\\\/\\\/radis.ee\\\/voodi-soffi\\\/#primaryimage\",\"url\":\"https:\\\/\\\/radis.ee\\\/wp-content\\\/uploads\\\/2020\\\/09\\\/RA0599-Radis-bed-Soffi-with-2-bedboxes.jpg\",\"contentUrl\":\"https:\\\/\\\/radis.ee\\\/wp-content\\\/uploads\\\/2020\\\/09\\\/RA0599-Radis-bed-Soffi-with-2-bedboxes.jpg\",\"width\":2500,\"height\":2500},{\"@type\":\"BreadcrumbList\",\"@id\":\"https:\\\/\\\/radis.ee\\\/voodi-soffi\\\/#breadcrumb\",\"itemListElement\":[{\"@type\":\"ListItem\",\"position\":1,\"name\":\"Home\",\"item\":\"https:\\\/\\\/radis.ee\\\/\"},{\"@type\":\"ListItem\",\"position\":2,\"name\":\"Produkte\",\"item\":\"https:\\\/\\\/radis.ee\\\/de\\\/produkte\\\/\"},{\"@type\":\"ListItem\",\"position\":3,\"name\":\"Bett SOFFI\"}]},{\"@type\":\"WebSite\",\"@id\":\"https:\\\/\\\/radis.ee\\\/#website\",\"url\":\"https:\\\/\\\/radis.ee\\\/\",\"name\":\"Radis\",\"description\":\"Nordic design furniture, environmentally friendly and sustainable.\",\"publisher\":{\"@id\":\"https:\\\/\\\/radis.ee\\\/#organization\"},\"potentialAction\":[{\"@type\":\"SearchAction\",\"target\":{\"@type\":\"EntryPoint\",\"urlTemplate\":\"https:\\\/\\\/radis.ee\\\/?s={search_term_string}\"},\"query-input\":{\"@type\":\"PropertyValueSpecification\",\"valueRequired\":true,\"valueName\":\"search_term_string\"}}],\"inLanguage\":\"de\"},{\"@type\":\"Organization\",\"@id\":\"https:\\\/\\\/radis.ee\\\/#organization\",\"name\":\"Radis O\u00dc\",\"url\":\"https:\\\/\\\/radis.ee\\\/\",\"logo\":{\"@type\":\"ImageObject\",\"inLanguage\":\"de\",\"@id\":\"https:\\\/\\\/radis.ee\\\/#\\\/schema\\\/logo\\\/image\\\/\",\"url\":\"https:\\\/\\\/radis.ee\\\/wp-content\\\/uploads\\\/2020\\\/10\\\/Radis-logo.png\",\"contentUrl\":\"https:\\\/\\\/radis.ee\\\/wp-content\\\/uploads\\\/2020\\\/10\\\/Radis-logo.png\",\"width\":300,\"height\":63,\"caption\":\"Radis O\u00dc\"},\"image\":{\"@id\":\"https:\\\/\\\/radis.ee\\\/#\\\/schema\\\/logo\\\/image\\\/\"},\"sameAs\":[\"https:\\\/\\\/www.facebook.com\\\/radisfurniture\\\/\"]}]}<\/script>\n<!-- \/ Yoast SEO plugin. -->","yoast_head_json":{"title":"Bett SOFFI - Radis","robots":{"index":"index","follow":"follow","max-snippet":"max-snippet:-1","max-image-preview":"max-image-preview:large","max-video-preview":"max-video-preview:-1"},"canonical":"https:\/\/radis.ee\/voodi-soffi\/","og_locale":"de_DE","og_type":"article","og_title":"Bett SOFFI - Radis","og_description":"Der Hund ist der beste Freund des Menschen? Nein, nat\u00fcrlich der Schlaf! Das Bett Soffi mit seinen schwingenden Linien ist f\u00fcr erstklassigen Schlaf wie geschaffen. Keine Sorge \u2013 es ist so breit, dass Sie den Hund mit ins Bett nehmen k\u00f6nnen. Oder einen Partner, den es nach entspannendem Schlaf d\u00fcrstet. Unter dem Bett auf starken...","og_url":"https:\/\/radis.ee\/voodi-soffi\/","og_site_name":"Radis","article_publisher":"https:\/\/www.facebook.com\/radisfurniture\/","article_modified_time":"2024-01-31T20:25:24+00:00","og_image":[{"width":2500,"height":2500,"url":"https:\/\/radis.ee\/wp-content\/uploads\/2020\/09\/RA0599-Radis-bed-Soffi-with-2-bedboxes.jpg","type":"image\/jpeg"}],"twitter_card":"summary_large_image","twitter_misc":{"Gesch\u00e4tzte Lesezeit":"1\u00a0Minute"},"schema":{"@context":"https:\/\/schema.org","@graph":[{"@type":"WebPage","@id":"https:\/\/radis.ee\/voodi-soffi\/","url":"https:\/\/radis.ee\/voodi-soffi\/","name":"Bett SOFFI - Radis","isPartOf":{"@id":"https:\/\/radis.ee\/#website"},"primaryImageOfPage":{"@id":"https:\/\/radis.ee\/voodi-soffi\/#primaryimage"},"image":{"@id":"https:\/\/radis.ee\/voodi-soffi\/#primaryimage"},"thumbnailUrl":"https:\/\/radis.ee\/wp-content\/uploads\/2020\/09\/RA0599-Radis-bed-Soffi-with-2-bedboxes.jpg","datePublished":"2020-09-27T19:25:40+00:00","dateModified":"2024-01-31T20:25:24+00:00","breadcrumb":{"@id":"https:\/\/radis.ee\/voodi-soffi\/#breadcrumb"},"inLanguage":"de","potentialAction":[{"@type":"ReadAction","target":["https:\/\/radis.ee\/voodi-soffi\/"]}]},{"@type":"ImageObject","inLanguage":"de","@id":"https:\/\/radis.ee\/voodi-soffi\/#primaryimage","url":"https:\/\/radis.ee\/wp-content\/uploads\/2020\/09\/RA0599-Radis-bed-Soffi-with-2-bedboxes.jpg","contentUrl":"https:\/\/radis.ee\/wp-content\/uploads\/2020\/09\/RA0599-Radis-bed-Soffi-with-2-bedboxes.jpg","width":2500,"height":2500},{"@type":"BreadcrumbList","@id":"https:\/\/radis.ee\/voodi-soffi\/#breadcrumb","itemListElement":[{"@type":"ListItem","position":1,"name":"Home","item":"https:\/\/radis.ee\/"},{"@type":"ListItem","position":2,"name":"Produkte","item":"https:\/\/radis.ee\/de\/produkte\/"},{"@type":"ListItem","position":3,"name":"Bett SOFFI"}]},{"@type":"WebSite","@id":"https:\/\/radis.ee\/#website","url":"https:\/\/radis.ee\/","name":"Radis","description":"Nordic design furniture, environmentally friendly and sustainable.","publisher":{"@id":"https:\/\/radis.ee\/#organization"},"potentialAction":[{"@type":"SearchAction","target":{"@type":"EntryPoint","urlTemplate":"https:\/\/radis.ee\/?s={search_term_string}"},"query-input":{"@type":"PropertyValueSpecification","valueRequired":true,"valueName":"search_term_string"}}],"inLanguage":"de"},{"@type":"Organization","@id":"https:\/\/radis.ee\/#organization","name":"Radis O\u00dc","url":"https:\/\/radis.ee\/","logo":{"@type":"ImageObject","inLanguage":"de","@id":"https:\/\/radis.ee\/#\/schema\/logo\/image\/","url":"https:\/\/radis.ee\/wp-content\/uploads\/2020\/10\/Radis-logo.png","contentUrl":"https:\/\/radis.ee\/wp-content\/uploads\/2020\/10\/Radis-logo.png","width":300,"height":63,"caption":"Radis O\u00dc"},"image":{"@id":"https:\/\/radis.ee\/#\/schema\/logo\/image\/"},"sameAs":["https:\/\/www.facebook.com\/radisfurniture\/"]}]}},"_links":{"self":[{"href":"https:\/\/radis.ee\/de\/wp-json\/wp\/v2\/product\/2762","targetHints":{"allow":["GET"]}}],"collection":[{"href":"https:\/\/radis.ee\/de\/wp-json\/wp\/v2\/product"}],"about":[{"href":"https:\/\/radis.ee\/de\/wp-json\/wp\/v2\/types\/product"}],"replies":[{"embeddable":true,"href":"https:\/\/radis.ee\/de\/wp-json\/wp\/v2\/comments?post=2762"}],"wp:featuredmedia":[{"embeddable":true,"href":"https:\/\/radis.ee\/de\/wp-json\/wp\/v2\/media\/4924"}],"wp:attachment":[{"href":"https:\/\/radis.ee\/de\/wp-json\/wp\/v2\/media?parent=2762"}],"wp:term":[{"taxonomy":"product_brand","embeddable":true,"href":"https:\/\/radis.ee\/de\/wp-json\/wp\/v2\/product_brand?post=2762"},{"taxonomy":"product_cat","embeddable":true,"href":"https:\/\/radis.ee\/de\/wp-json\/wp\/v2\/product_cat?post=2762"},{"taxonomy":"product_tag","embeddable":true,"href":"https:\/\/radis.ee\/de\/wp-json\/wp\/v2\/product_tag?post=2762"}],"curies":[{"name":"wp","href":"https:\/\/api.w.org\/{rel}","templated":true}]}}